{"id":82154,"date":"2024-08-15T11:17:58","date_gmt":"2024-08-15T09:17:58","guid":{"rendered":"https:\/\/fit360.ee\/pood\/uncategorized\/maca-90caps\/"},"modified":"2026-04-10T16:26:16","modified_gmt":"2026-04-10T14:26:16","slug":"maca-90caps","status":"publish","type":"product","link":"https:\/\/fit360.ee\/en\/pood\/product-groups\/superfoods-health-foods-en\/maca-en\/maca-90caps\/","title":{"rendered":"Maca (90caps)"},"content":{"rendered":"<h2><strong>ICONFIT Maca<\/strong><\/h2>\n<p>ICONFIT Maca on looduslik supertoit kapslis, mille juured ulatuvad sajandite taha, kui seda kasutasid esmakordselt Peruu kohalikud elanikud. See taim on tuntud oma v\u00f5ime poolest tasakaalustada hormoone, muutes selle oluliseks toeks nii meeste kui naiste hormonaalsele tervisele. Kapslid pakuvad mitmeid kasutegureid, alustades positiivsest m\u00f5just libiidole, mis aitab toetada tervislikku seksuaalelu ja m\u00f5jub positiivset viljakusele. Lisaks on Maca tuntud v\u00f5ime poolest suurendada \u00fcldist f\u00fc\u00fcsilist vastupidavust, andes kehale j\u00f5udu ja energiat nii igap\u00e4evaste toimingute kui ka intensiivsete treeningute jaoks. ICONFIT Maca kapslite regulaarne tarbimine v\u00f5imaldab nautida loodusliku supertoidu kasulikke omadusi, aidates tasakaalustada keha, suurendada energiataset ning toetada \u00fcldist f\u00fc\u00fcsilist ja hormonaalset tervist.<\/p>\n<p style=\"text-align: justify;\"><span style=\"font-weight: 400;\">Maca on looduslik supertoit kapslis, mida Peruu rahvas on kasutanud juba sajandeid. See taim toimib loodusliku hormonaalse tasakaalustajana, pakkudes olulist kasu nii meestele kui ka naistele. Kapslid m\u00f5juvad positiivselt libiidole ja viljakusele, suurendavad f\u00fc\u00fcsilist vastupidavust ning annavad kehale j\u00f5udu ja energiat. Toote valmistamisel kasutatakse ainult k\u00f5rgeima kvaliteediga taimseid kapsleid.<\/span><\/p>\n<ul>\n<li style=\"font-weight: 400;\"><span style=\"font-weight: 400;\"><strong>Puhas ekstrakt<\/strong>: ilma lisaaineteta<\/span><\/li>\n<li style=\"font-weight: 400;\"><span style=\"font-weight: 400;\"><strong>Toetus menopausi ajal:<\/strong>\u00a0Maca tagab luude tugevuse ja tervise menopausi ajal.<\/span><\/li>\n<li style=\"font-weight: 400;\"><span style=\"font-weight: 400;\"><strong>Positiivne m\u00f5ju libiidole:<\/strong>\u00a0Kapslid m\u00f5jutavad positiivselt libiidole, edendades seksuaalset heaolu ja m\u00f5judes soodsalt viljakusele.<\/span><\/li>\n<li style=\"font-weight: 400;\"><span style=\"font-weight: 400;\"><strong>F\u00fc\u00fcsilise ja vaimse v\u00f5imekuse toetamine:<\/strong>\u00a0Maca aitab s\u00e4ilitada optimaalset vastupidavust ja eluj\u00f5udu.<\/span><\/li>\n<li style=\"font-weight: 400;\"><span style=\"font-weight: 400;\"><strong>J\u00f5u- ja energia andmine:<\/strong>: Toode annab kehale t\u00e4iendavat j\u00f5udu ja energiat, aidates teil saavutada oma igap\u00e4evaseid eesm\u00e4rke.<\/span><\/li>\n<li style=\"font-weight: 400;\"><span style=\"font-weight: 400;\"><strong>K\u00f5rge kvaliteet:<\/strong>\u00a0Valmistatud ainult k\u00f5rgeima kvaliteediga taimseid kapsleid kasutades, mis tagab ohutuse ja t\u00f5hususe.<\/span><\/li>\n<\/ul>\n<p><strong>KOOSTISOSAD:<\/strong>\u00a0<span style=\"font-weight: 400;\">Maca (Lepidium Meyenii) juure ekstrakt, taimne kapsel (glaseeraine pullulaan).<\/span><\/p>\n<table width=\"503\">\n<thead>\n<tr style=\"height: 38px;\">\n<th style=\"height: 38px; width: 424.688px;\" align=\"left\"><strong>P\u00c4EVANE ANNUS:<\/strong><\/th>\n<th style=\"height: 38px; width: 64.3125px;\" align=\"left\">1 kapsel<\/th>\n<\/tr>\n<\/thead>\n<tbody>\n<tr style=\"height: 19px;\">\n<td style=\"height: 19px; width: 424.688px;\" align=\"left\">Maca (Lepidium Meyenii) juure ekstrakt<\/td>\n<td style=\"height: 19px; width: 64.3125px;\" align=\"left\">500 mg<\/td>\n<\/tr>\n<\/tbody>\n<\/table>\n<p><strong>Kasutamine<\/strong>: <span style=\"font-size: 14.4px;\">V\u00f5tke 1 kapsel p\u00e4evas koos veega! \u00dcks purk kestab 90 p\u00e4eva.<\/span><\/p>\n<div id=\"shopify-section-template--21427915227470__main\" class=\"shopify-section product--section section--canonical\">\n<section class=\" product__container product__container--two-columns \" data-product-wrapper=\"\">\n<div class=\"product-readmore rte\" data-product-readmore=\"\">\n<div class=\" grouped-content grouped-content-layout-tabs\">\n<p><b>HOIATUSED:<\/b><span style=\"font-weight: 400;\">\u00a0\u00c4rge kasutage toidulisandit mitmekesise toitumise asendajana. Oluline on mitmekesine ja tasakaalustatud toitumine koos tervisliku eluviisiga. \u00c4rge \u00fcletage soovitatud p\u00e4evast annust. Hoida lastele k\u00e4ttesaamatus kohas. Ei sobi lastele, rasedatele ega imetavatele naistele.<\/span><\/p>\n<p><b>S\u00c4ILITAMINE:<\/b>\u00a0Hoida originaalpakendis temperatuuril 5-25\u00b0C, niiskuse ja otsese p\u00e4ikesevalguse eest kaitstult. 90 taimset kapslit, 600 mg kapsel, netokaal 54 g.<\/p>\n<\/div>\n<\/div>\n<\/section>\n<\/div>\n<div id=\"shopify-section-template--21427915227470__17012460319c803470\" class=\"shopify-section\">\n<div class=\"product-section--container\">\n<div id=\"shopify-block-a11f8574-f0d1-409d-beff-299d2497dd08\" class=\"shopify-block shopify-app-block\">\n<div>Vaata ka meie teisi Supertoite <a href=\"https:\/\/fit360.ee\/en\/product-category\/product-groups\/vitamins-and-minerals-en\/\"><strong>SIIT<\/strong><\/a> v\u00f5i Maca tooteid <a href=\"https:\/\/fit360.ee\/en\/product-category\/product-groups\/superfoods-health-foods-en\/maca-en\/\"><strong>SIIT<\/strong><\/a>!<\/div>\n<\/div>\n<div><\/div>\n<div>Soovid kaupa osta suuremas koguses? Vaata antud toodet ka meie HULGI poest\u00a0<a href=\"https:\/\/toidulisandidhulgi.ee\/tooted\/maca-90caps\/\"><strong>SIIT<\/strong><\/a>!<\/div>\n<\/div>\n<\/div>\n","protected":false},"excerpt":{"rendered":"<ul>\n<li style=\"font-weight: 400;\"><span style=\"font-weight: 400;\">Puhas ekstrakt<\/span><\/li>\n<li style=\"font-weight: 400;\"><span style=\"font-weight: 400;\">Toetus menopausi ajal<\/span><\/li>\n<li style=\"font-weight: 400;\"><span style=\"font-weight: 400;\">Positiivne m\u00f5ju libiidole<\/span><\/li>\n<li style=\"font-weight: 400;\"><span style=\"font-weight: 400;\">F\u00fc\u00fcsilise ja vaimse v\u00f5imekuse toetamine<\/span><\/li>\n<li style=\"font-weight: 400;\"><span style=\"font-weight: 400;\">J\u00f5u- ja energia andmine<\/span><\/li>\n<li style=\"font-weight: 400;\"><span style=\"font-weight: 400;\">K\u00f5rge kvaliteet<\/span><\/li>\n<\/ul>\n","protected":false},"featured_media":82153,"comment_status":"open","ping_status":"closed","template":"","meta":[],"product_brand":[],"product_cat":[1318,2358,1454,532,536],"product_tag":[1681,5167,2057,5168],"giftcard-category":[],"class_list":{"0":"post-82154","1":"product","2":"type-product","3":"status-publish","4":"has-post-thumbnail","6":"product_cat-iconfit-en","7":"product_cat-maca-en","8":"product_cat-superfoods-health-foods-en","9":"product_cat-testosterone-boosters-en","10":"product_cat-vitamins-and-minerals-en","11":"product_tag-iconfit-en","12":"product_tag-iconfit-maca-en","13":"product_tag-maca-en","14":"product_tag-maca-juur-en","15":"pa_kogus-90-capsules","16":"pa_toidulisand-branddd-iconfit","17":"pa_tootegruppp-maca-en","18":"pa_tootegruppp-supertoit-tervisetoit-en","19":"pa_tootegruppp-testosterone-enhancers","20":"pa_tootegruppp-vitamins-and-minerals","22":"first","23":"instock","24":"sale","25":"taxable","26":"shipping-taxable","27":"purchasable","28":"product-type-simple"},"yoast_head":"<!-- This site is optimized with the Yoast SEO plugin v27.3 - https:\/\/yoast.com\/product\/yoast-seo-wordpress\/ -->\n<title>Maca (90caps) - Puhas toode Maca juurest - Kiire Tarne - Parim Hind - Fit360<\/title>\n<meta name=\"description\" content=\"ICONFIT Maca on looduslik supertoit kapslis, mille juured ulatuvad sajandite taha, kui seda kasutasid esmakordselt Peruu kohalikud elanikud. See taim...\" \/>\n<meta name=\"robots\" content=\"index, follow, max-snippet:-1, max-image-preview:large, max-video-preview:-1\" \/>\n<link rel=\"canonical\" href=\"https:\/\/fit360.ee\/en\/pood\/product-groups\/superfoods-health-foods-en\/maca-en\/maca-90caps\/\" \/>\n<meta property=\"og:locale\" content=\"en_US\" \/>\n<meta property=\"og:type\" content=\"article\" \/>\n<meta property=\"og:title\" content=\"Maca (90caps) - Puhas toode Maca juurest - Kiire Tarne - Parim Hind - Fit360\" \/>\n<meta property=\"og:description\" content=\"ICONFIT Maca on looduslik supertoit kapslis, mille juured ulatuvad sajandite taha, kui seda kasutasid esmakordselt Peruu kohalikud elanikud. See taim...\" \/>\n<meta property=\"og:url\" content=\"https:\/\/fit360.ee\/en\/pood\/product-groups\/superfoods-health-foods-en\/maca-en\/maca-90caps\/\" \/>\n<meta property=\"og:site_name\" content=\"Fit360\" \/>\n<meta property=\"article:modified_time\" content=\"2026-04-10T14:26:16+00:00\" \/>\n<meta property=\"og:image\" content=\"https:\/\/fit360.ee\/wp-content\/uploads\/2024\/08\/iconfit-maca-fit360.ee_.jpg\" \/>\n\t<meta property=\"og:image:width\" content=\"695\" \/>\n\t<meta property=\"og:image:height\" content=\"695\" \/>\n\t<meta property=\"og:image:type\" content=\"image\/jpeg\" \/>\n<meta name=\"twitter:card\" content=\"summary_large_image\" \/>\n<meta name=\"twitter:label1\" content=\"Est. reading time\" \/>\n\t<meta name=\"twitter:data1\" content=\"2 minutes\" \/>\n<script type=\"application\/ld+json\" class=\"yoast-schema-graph\">{\"@context\":\"https:\\\/\\\/schema.org\",\"@graph\":[{\"@type\":\"WebPage\",\"@id\":\"https:\\\/\\\/fit360.ee\\\/en\\\/pood\\\/product-groups\\\/superfoods-health-foods-en\\\/maca-en\\\/maca-90caps\\\/\",\"url\":\"https:\\\/\\\/fit360.ee\\\/en\\\/pood\\\/product-groups\\\/superfoods-health-foods-en\\\/maca-en\\\/maca-90caps\\\/\",\"name\":\"Maca (90caps) - Puhas toode Maca juurest - Kiire Tarne - Parim Hind - Fit360\",\"isPartOf\":{\"@id\":\"https:\\\/\\\/fit360.ee\\\/en\\\/#website\"},\"primaryImageOfPage\":{\"@id\":\"https:\\\/\\\/fit360.ee\\\/en\\\/pood\\\/product-groups\\\/superfoods-health-foods-en\\\/maca-en\\\/maca-90caps\\\/#primaryimage\"},\"image\":{\"@id\":\"https:\\\/\\\/fit360.ee\\\/en\\\/pood\\\/product-groups\\\/superfoods-health-foods-en\\\/maca-en\\\/maca-90caps\\\/#primaryimage\"},\"thumbnailUrl\":\"https:\\\/\\\/fit360.ee\\\/wp-content\\\/uploads\\\/2024\\\/08\\\/iconfit-maca-fit360.ee_.jpg\",\"datePublished\":\"2024-08-15T09:17:58+00:00\",\"dateModified\":\"2026-04-10T14:26:16+00:00\",\"description\":\"ICONFIT Maca on looduslik supertoit kapslis, mille juured ulatuvad sajandite taha, kui seda kasutasid esmakordselt Peruu kohalikud elanikud. See taim...\",\"breadcrumb\":{\"@id\":\"https:\\\/\\\/fit360.ee\\\/en\\\/pood\\\/product-groups\\\/superfoods-health-foods-en\\\/maca-en\\\/maca-90caps\\\/#breadcrumb\"},\"inLanguage\":\"en-US\",\"potentialAction\":[{\"@type\":\"ReadAction\",\"target\":[\"https:\\\/\\\/fit360.ee\\\/en\\\/pood\\\/product-groups\\\/superfoods-health-foods-en\\\/maca-en\\\/maca-90caps\\\/\"]}]},{\"@type\":\"ImageObject\",\"inLanguage\":\"en-US\",\"@id\":\"https:\\\/\\\/fit360.ee\\\/en\\\/pood\\\/product-groups\\\/superfoods-health-foods-en\\\/maca-en\\\/maca-90caps\\\/#primaryimage\",\"url\":\"https:\\\/\\\/fit360.ee\\\/wp-content\\\/uploads\\\/2024\\\/08\\\/iconfit-maca-fit360.ee_.jpg\",\"contentUrl\":\"https:\\\/\\\/fit360.ee\\\/wp-content\\\/uploads\\\/2024\\\/08\\\/iconfit-maca-fit360.ee_.jpg\",\"width\":695,\"height\":695,\"caption\":\"iconfit maca - fit360.ee\"},{\"@type\":\"BreadcrumbList\",\"@id\":\"https:\\\/\\\/fit360.ee\\\/en\\\/pood\\\/product-groups\\\/superfoods-health-foods-en\\\/maca-en\\\/maca-90caps\\\/#breadcrumb\",\"itemListElement\":[{\"@type\":\"ListItem\",\"position\":1,\"name\":\"Home\",\"item\":\"https:\\\/\\\/fit360.ee\\\/en\\\/\"},{\"@type\":\"ListItem\",\"position\":2,\"name\":\"Shop\",\"item\":\"https:\\\/\\\/fit360.ee\\\/en\\\/shop\\\/\"},{\"@type\":\"ListItem\",\"position\":3,\"name\":\"Maca (90caps)\"}]},{\"@type\":\"WebSite\",\"@id\":\"https:\\\/\\\/fit360.ee\\\/en\\\/#website\",\"url\":\"https:\\\/\\\/fit360.ee\\\/en\\\/\",\"name\":\"Fit360\",\"description\":\"\",\"publisher\":{\"@id\":\"https:\\\/\\\/fit360.ee\\\/en\\\/#organization\"},\"potentialAction\":[{\"@type\":\"SearchAction\",\"target\":{\"@type\":\"EntryPoint\",\"urlTemplate\":\"https:\\\/\\\/fit360.ee\\\/en\\\/?s={search_term_string}\"},\"query-input\":{\"@type\":\"PropertyValueSpecification\",\"valueRequired\":true,\"valueName\":\"search_term_string\"}}],\"inLanguage\":\"en-US\"},{\"@type\":\"Organization\",\"@id\":\"https:\\\/\\\/fit360.ee\\\/en\\\/#organization\",\"name\":\"Fit360\",\"url\":\"https:\\\/\\\/fit360.ee\\\/en\\\/\",\"logo\":{\"@type\":\"ImageObject\",\"inLanguage\":\"en-US\",\"@id\":\"https:\\\/\\\/fit360.ee\\\/en\\\/#\\\/schema\\\/logo\\\/image\\\/\",\"url\":\"https:\\\/\\\/fit360.ee\\\/wp-content\\\/uploads\\\/2017\\\/01\\\/logo-fit360.png\",\"contentUrl\":\"https:\\\/\\\/fit360.ee\\\/wp-content\\\/uploads\\\/2017\\\/01\\\/logo-fit360.png\",\"width\":180,\"height\":66,\"caption\":\"Fit360\"},\"image\":{\"@id\":\"https:\\\/\\\/fit360.ee\\\/en\\\/#\\\/schema\\\/logo\\\/image\\\/\"}}]}<\/script>\n<!-- \/ Yoast SEO plugin. -->","yoast_head_json":{"title":"Maca (90caps) - Puhas toode Maca juurest - Kiire Tarne - Parim Hind - Fit360","description":"ICONFIT Maca on looduslik supertoit kapslis, mille juured ulatuvad sajandite taha, kui seda kasutasid esmakordselt Peruu kohalikud elanikud. See taim...","robots":{"index":"index","follow":"follow","max-snippet":"max-snippet:-1","max-image-preview":"max-image-preview:large","max-video-preview":"max-video-preview:-1"},"canonical":"https:\/\/fit360.ee\/en\/pood\/product-groups\/superfoods-health-foods-en\/maca-en\/maca-90caps\/","og_locale":"en_US","og_type":"article","og_title":"Maca (90caps) - Puhas toode Maca juurest - Kiire Tarne - Parim Hind - Fit360","og_description":"ICONFIT Maca on looduslik supertoit kapslis, mille juured ulatuvad sajandite taha, kui seda kasutasid esmakordselt Peruu kohalikud elanikud. See taim...","og_url":"https:\/\/fit360.ee\/en\/pood\/product-groups\/superfoods-health-foods-en\/maca-en\/maca-90caps\/","og_site_name":"Fit360","article_modified_time":"2026-04-10T14:26:16+00:00","og_image":[{"width":695,"height":695,"url":"https:\/\/fit360.ee\/wp-content\/uploads\/2024\/08\/iconfit-maca-fit360.ee_.jpg","type":"image\/jpeg"}],"twitter_card":"summary_large_image","twitter_misc":{"Est. reading time":"2 minutes"},"schema":{"@context":"https:\/\/schema.org","@graph":[{"@type":"WebPage","@id":"https:\/\/fit360.ee\/en\/pood\/product-groups\/superfoods-health-foods-en\/maca-en\/maca-90caps\/","url":"https:\/\/fit360.ee\/en\/pood\/product-groups\/superfoods-health-foods-en\/maca-en\/maca-90caps\/","name":"Maca (90caps) - Puhas toode Maca juurest - Kiire Tarne - Parim Hind - Fit360","isPartOf":{"@id":"https:\/\/fit360.ee\/en\/#website"},"primaryImageOfPage":{"@id":"https:\/\/fit360.ee\/en\/pood\/product-groups\/superfoods-health-foods-en\/maca-en\/maca-90caps\/#primaryimage"},"image":{"@id":"https:\/\/fit360.ee\/en\/pood\/product-groups\/superfoods-health-foods-en\/maca-en\/maca-90caps\/#primaryimage"},"thumbnailUrl":"https:\/\/fit360.ee\/wp-content\/uploads\/2024\/08\/iconfit-maca-fit360.ee_.jpg","datePublished":"2024-08-15T09:17:58+00:00","dateModified":"2026-04-10T14:26:16+00:00","description":"ICONFIT Maca on looduslik supertoit kapslis, mille juured ulatuvad sajandite taha, kui seda kasutasid esmakordselt Peruu kohalikud elanikud. See taim...","breadcrumb":{"@id":"https:\/\/fit360.ee\/en\/pood\/product-groups\/superfoods-health-foods-en\/maca-en\/maca-90caps\/#breadcrumb"},"inLanguage":"en-US","potentialAction":[{"@type":"ReadAction","target":["https:\/\/fit360.ee\/en\/pood\/product-groups\/superfoods-health-foods-en\/maca-en\/maca-90caps\/"]}]},{"@type":"ImageObject","inLanguage":"en-US","@id":"https:\/\/fit360.ee\/en\/pood\/product-groups\/superfoods-health-foods-en\/maca-en\/maca-90caps\/#primaryimage","url":"https:\/\/fit360.ee\/wp-content\/uploads\/2024\/08\/iconfit-maca-fit360.ee_.jpg","contentUrl":"https:\/\/fit360.ee\/wp-content\/uploads\/2024\/08\/iconfit-maca-fit360.ee_.jpg","width":695,"height":695,"caption":"iconfit maca - fit360.ee"},{"@type":"BreadcrumbList","@id":"https:\/\/fit360.ee\/en\/pood\/product-groups\/superfoods-health-foods-en\/maca-en\/maca-90caps\/#breadcrumb","itemListElement":[{"@type":"ListItem","position":1,"name":"Home","item":"https:\/\/fit360.ee\/en\/"},{"@type":"ListItem","position":2,"name":"Shop","item":"https:\/\/fit360.ee\/en\/shop\/"},{"@type":"ListItem","position":3,"name":"Maca (90caps)"}]},{"@type":"WebSite","@id":"https:\/\/fit360.ee\/en\/#website","url":"https:\/\/fit360.ee\/en\/","name":"Fit360","description":"","publisher":{"@id":"https:\/\/fit360.ee\/en\/#organization"},"potentialAction":[{"@type":"SearchAction","target":{"@type":"EntryPoint","urlTemplate":"https:\/\/fit360.ee\/en\/?s={search_term_string}"},"query-input":{"@type":"PropertyValueSpecification","valueRequired":true,"valueName":"search_term_string"}}],"inLanguage":"en-US"},{"@type":"Organization","@id":"https:\/\/fit360.ee\/en\/#organization","name":"Fit360","url":"https:\/\/fit360.ee\/en\/","logo":{"@type":"ImageObject","inLanguage":"en-US","@id":"https:\/\/fit360.ee\/en\/#\/schema\/logo\/image\/","url":"https:\/\/fit360.ee\/wp-content\/uploads\/2017\/01\/logo-fit360.png","contentUrl":"https:\/\/fit360.ee\/wp-content\/uploads\/2017\/01\/logo-fit360.png","width":180,"height":66,"caption":"Fit360"},"image":{"@id":"https:\/\/fit360.ee\/en\/#\/schema\/logo\/image\/"}}]}},"_links":{"self":[{"href":"https:\/\/fit360.ee\/en\/wp-json\/wp\/v2\/product\/82154","targetHints":{"allow":["GET"]}}],"collection":[{"href":"https:\/\/fit360.ee\/en\/wp-json\/wp\/v2\/product"}],"about":[{"href":"https:\/\/fit360.ee\/en\/wp-json\/wp\/v2\/types\/product"}],"replies":[{"embeddable":true,"href":"https:\/\/fit360.ee\/en\/wp-json\/wp\/v2\/comments?post=82154"}],"wp:featuredmedia":[{"embeddable":true,"href":"https:\/\/fit360.ee\/en\/wp-json\/wp\/v2\/media\/82153"}],"wp:attachment":[{"href":"https:\/\/fit360.ee\/en\/wp-json\/wp\/v2\/media?parent=82154"}],"wp:term":[{"taxonomy":"product_brand","embeddable":true,"href":"https:\/\/fit360.ee\/en\/wp-json\/wp\/v2\/product_brand?post=82154"},{"taxonomy":"product_cat","embeddable":true,"href":"https:\/\/fit360.ee\/en\/wp-json\/wp\/v2\/product_cat?post=82154"},{"taxonomy":"product_tag","embeddable":true,"href":"https:\/\/fit360.ee\/en\/wp-json\/wp\/v2\/product_tag?post=82154"},{"taxonomy":"giftcard-category","embeddable":true,"href":"https:\/\/fit360.ee\/en\/wp-json\/wp\/v2\/giftcard-category?post=82154"}],"curies":[{"name":"wp","href":"https:\/\/api.w.org\/{rel}","templated":true}]}}