{"id":82232,"date":"2024-08-21T10:33:02","date_gmt":"2024-08-21T08:33:02","guid":{"rendered":"https:\/\/fit360.ee\/pood\/uncategorized\/black-garlic-vege-90vcaps\/"},"modified":"2025-08-19T08:32:33","modified_gmt":"2025-08-19T06:32:33","slug":"black-garlic-vege-90vcaps","status":"publish","type":"product","link":"https:\/\/fit360.ee\/en\/pood\/product-groups\/%d0%b2%d0%b5%d0%b3%d0%b0%d0%bd\/vegan-capsules-en\/black-garlic-vege-90vcaps\/","title":{"rendered":"Black Garlic VEGE (90vcaps)"},"content":{"rendered":"<h2><strong>Must k\u00fc\u00fcslauk<\/strong><\/h2>\n<p>OstroVit Black Garlic VEGE ehk Must K\u00fc\u00fcslauk on kvaliteetne toidulisand, mis sisaldab musta fermenteeritud k\u00fc\u00fcslaugu ekstrakti, mis on standarditud 0,1% S-all\u00fc\u00fclts\u00fcsteiini (SAC) tasemele. See on vegan preparaat, mis on saadaval kergesti neelatavate kapslitena, mis on loodud inimestele, kes soovivad toetada kogu organismi talitlust.<\/p>\n<section class=\"cm__section\">\n<ul class=\"cm__list\">\n<li><strong>Sisaldab musta fermenteeritud k\u00fc\u00fcslaugu ekstrakti, standardiseeritud 0,1% S-all\u00fc\u00fclts\u00fcsteiinini (SAC)<\/strong>\u00a0\u2013 \u00dcks toidulisandi portsjon annab kehale 400 mg ekstrakti.<\/li>\n<li><strong>Sobib taimetoitlastele ja veganitele<\/strong>\u00a0\u2013 Toode ei sisalda loomset p\u00e4ritolu koostisosi.<\/li>\n<li><strong>1 portsjon = 1 kapsel<\/strong>\u00a0.<\/li>\n<li><strong>T\u00f5husus<\/strong>\u00a0\u2013 Toote pakendis on 90 portsjonit preparaati, millest piisab kolmeks kuuks regulaarseks toidulisandiks.<\/li>\n<li><strong>Mugav vorm<\/strong>\u00a0\u2013 preparaat on saadaval kergesti neelatavate kapslitena ja tagab toidulisandi t\u00f5rgeteta tarnimise.<\/li>\n<\/ul>\n<h4 class=\"cm__heading\"><strong>OstroVit Black Garlic VEGE \u2013 v\u00e4\u00e4rtuslik toidulisand<\/strong><\/h4>\n<p><strong>Must k\u00fc\u00fcslauk<\/strong>\u00a0\u2013 klassikaline valge k\u00fc\u00fcslauk, mis on k\u00e4\u00e4ritatud kindlates tingimustes \u2013 k\u00f5rgel temperatuuril ja k\u00f5rgel niiskusel. Taime pruunistumine sellistes tingimustes on loomulik n\u00e4htus ning selle p\u00f5hjuseks on aminohapete ja suhkrute \u00fcmberkorraldamine. K\u00fc\u00fcslaugus toimuvad protsessid m\u00f5jutavad oluliselt mugula sensoorset kvaliteeti ja f\u00fc\u00fcsikalis-keemilisi omadusi \u2013 muutub mitte ainult k\u00fc\u00fcslaugu v\u00e4rvus, vaid ka maitse, l\u00f5hn ja konsistents. K\u00e4\u00e4rimise k\u00e4igus muudetakse ka v\u00e4\u00e4rtuslike ainete sisaldust taimes &#8211; valges k\u00fc\u00fcslaugus leiduv populaarne \u00fchend allitsiin, mis vastutab mugula spetsiifilise maitse ja l\u00f5hna eest, muundub teisteks vees lahustuvateks komponentideks, sh. S-all\u00fc\u00fclts\u00fcsteiin (SAC), millel on positiivne m\u00f5ju musta k\u00fc\u00fcslaugu tervist edendavatele omadustele.<\/p>\n<\/section>\n<section class=\"cm__section\">\n<h4 class=\"cm__heading\"><strong>Laboratoorselt kinnitatud kvaliteet<\/strong><\/h4>\n<p class=\"cm__text --bold\">Klientide tervise huvides testitakse meie toodetud tooteid regulaarselt s\u00f5ltumatus akrediteeritud laboris, et tagada ja s\u00e4ilitada k\u00f5rgeim kvaliteet.<\/p>\n<p><strong>Koostisosad<\/strong>: Musta fermenteeritud k\u00fc\u00fcslaugu ekstrakt (Allium Sativum L.), standardiseeritud 0,1% S-all\u00fc\u00fclts\u00fcsteiini (SAC), kapsli kest (t\u00e4iteaine: h\u00fcdroks\u00fcprop\u00fc\u00fclmet\u00fc\u00fcltselluloos).<\/p>\n<p><strong>Kasutamine<\/strong>: Tarbi 1 portsjon (1 kapsel) p\u00e4evas koos toiduga.<\/p>\n<p><strong>Suurus<\/strong>: 90 kapslit <a href=\"https:\/\/fit360.ee\/tootekategooria\/tootegrupid\/vegan\/vcaps-vegan-kapslid\/\"><strong>vCaps &#8211; Vegan kapslit\u00a0<\/strong><\/a><\/p>\n<section class=\"projector__description--nutritional row\" data-selector=\".--nutritional\">\n<div class=\"col-12 col-md-10 col-lg-8\">\n<div class=\"--nutrit\">\n<div class=\"nutrition_table_wrapper\">\n<div class=\"table_wrapper\">\n<table>\n<tbody>\n<tr>\n<th>Aktiivsed koostisosad<\/th>\n<th>Portsjoni kohta<\/th>\n<\/tr>\n<tr>\n<td>Musta fermenteeritud k\u00fc\u00fcslaugu ekstrakt:<\/td>\n<td>400 mg<\/td>\n<\/tr>\n<tr class=\"sub\">\n<td>&#8211; sealhulgas S-all\u00fc\u00fclts\u00fcsteiini SAC (0,1%)<\/td>\n<td>0,4 mg<\/td>\n<\/tr>\n<\/tbody>\n<\/table>\n<\/div>\n<\/div>\n<\/div>\n<\/div>\n<\/section>\n<section class=\"projector__comments comments row\" data-selector=\".--comments\">\n<div class=\"--label col-12\"><\/div>\n<\/section>\n<p>Vaata ka meie teisi Supertoite <a href=\"https:\/\/fit360.ee\/tootekategooria\/tootegrupid\/supertoit-tervisetoit\/\"><strong>SIIT<\/strong><\/a>!<\/p>\n<p>Soovid kaupa osta suuremas koguses? Vaata antud toodet ka meie HULGI poest\u00a0<a href=\"https:\/\/toidulisandidhulgi.ee\/tooted\/black-garlic-vege-90vcaps\/\"><strong>SIIT<\/strong><\/a>!<\/p>\n<\/section>\n","protected":false},"excerpt":{"rendered":"<ul class=\"cm__list\">\n<li>Sisaldab musta fermenteeritud k\u00fc\u00fcslaugu ekstrakti, standardiseeritud 0,1% S-all\u00fc\u00fclts\u00fcsteiinini (SAC)<\/li>\n<li>Sobib taimetoitlastele ja veganitele \u2013<\/li>\n<li>T\u00f5husus<\/li>\n<li>Mugav vorm<\/li>\n<\/ul>\n","protected":false},"featured_media":82231,"comment_status":"open","ping_status":"closed","template":"","meta":[],"product_brand":[],"product_cat":[5311,5320,1329,1454,2664,536,1201],"product_tag":[5174,5175,1924],"giftcard-category":[],"class_list":{"0":"post-82232","1":"product","2":"type-product","3":"status-publish","4":"has-post-thumbnail","6":"product_cat-antioxidants-en","7":"product_cat-for-immunity-en","8":"product_cat-ostrovit-en","9":"product_cat-superfoods-health-foods-en","10":"product_cat-vegan-capsules-en","11":"product_cat-vitamins-and-minerals-en","12":"product_cat-1201","13":"product_tag-black-garlic-en","14":"product_tag-must-kuuslauk-en","15":"product_tag-ostrovit-en","16":"pa_kogus-90-capsules","17":"pa_toidulisand-branddd-ostrovit","18":"pa_tootegruppp-antioksudandid-en","19":"pa_tootegruppp-immuunsusteem-en","20":"pa_tootegruppp-supertoit-tervisetoit-en","21":"pa_tootegruppp-vcaps-vegan-kapslid-en","22":"pa_tootegruppp-vegan-en","23":"pa_tootegruppp-vitamins-and-minerals","25":"first","26":"instock","27":"sale","28":"taxable","29":"shipping-taxable","30":"purchasable","31":"product-type-simple"},"yoast_head":"<!-- This site is optimized with the Yoast SEO plugin v27.3 - https:\/\/yoast.com\/product\/yoast-seo-wordpress\/ -->\n<title>Black Garlic VEGE (90vcaps) - Must K\u00fc\u00fcslauk - Kiire Tarne - Fit360<\/title>\n<meta name=\"description\" content=\"Must K\u00fc\u00fcslauk on kvaliteetne toidulisand, mis sisaldab musta fermenteeritud k\u00fc\u00fcslaugu ekstrakti, mis on standarditud 0,1% S-all\u00fc\u00fclts\u00fcsteiini (SAC) tasemele.\" \/>\n<meta name=\"robots\" content=\"index, follow, max-snippet:-1, max-image-preview:large, max-video-preview:-1\" \/>\n<link rel=\"canonical\" href=\"https:\/\/fit360.ee\/en\/pood\/product-groups\/\u0432\u0435\u0433\u0430\u043d\/vegan-capsules-en\/black-garlic-vege-90vcaps\/\" \/>\n<meta property=\"og:locale\" content=\"en_US\" \/>\n<meta property=\"og:type\" content=\"article\" \/>\n<meta property=\"og:title\" content=\"Black Garlic VEGE (90vcaps) - Must K\u00fc\u00fcslauk - Kiire Tarne - Fit360\" \/>\n<meta property=\"og:description\" content=\"Must K\u00fc\u00fcslauk on kvaliteetne toidulisand, mis sisaldab musta fermenteeritud k\u00fc\u00fcslaugu ekstrakti, mis on standarditud 0,1% S-all\u00fc\u00fclts\u00fcsteiini (SAC) tasemele.\" \/>\n<meta property=\"og:url\" content=\"https:\/\/fit360.ee\/en\/pood\/product-groups\/\u0432\u0435\u0433\u0430\u043d\/vegan-capsules-en\/black-garlic-vege-90vcaps\/\" \/>\n<meta property=\"og:site_name\" content=\"Fit360\" \/>\n<meta property=\"article:modified_time\" content=\"2025-08-19T06:32:33+00:00\" \/>\n<meta property=\"og:image\" content=\"https:\/\/fit360.ee\/wp-content\/uploads\/2024\/08\/must-kuuslauk-fit360.ee-1.png\" \/>\n\t<meta property=\"og:image:width\" content=\"450\" \/>\n\t<meta property=\"og:image:height\" content=\"450\" \/>\n\t<meta property=\"og:image:type\" content=\"image\/png\" \/>\n<meta name=\"twitter:card\" content=\"summary_large_image\" \/>\n<meta name=\"twitter:label1\" content=\"Est. reading time\" \/>\n\t<meta name=\"twitter:data1\" content=\"2 minutes\" \/>\n<script type=\"application\/ld+json\" class=\"yoast-schema-graph\">{\"@context\":\"https:\\\/\\\/schema.org\",\"@graph\":[{\"@type\":\"WebPage\",\"@id\":\"https:\\\/\\\/fit360.ee\\\/en\\\/pood\\\/product-groups\\\/%d0%b2%d0%b5%d0%b3%d0%b0%d0%bd\\\/vegan-capsules-en\\\/black-garlic-vege-90vcaps\\\/\",\"url\":\"https:\\\/\\\/fit360.ee\\\/en\\\/pood\\\/product-groups\\\/%d0%b2%d0%b5%d0%b3%d0%b0%d0%bd\\\/vegan-capsules-en\\\/black-garlic-vege-90vcaps\\\/\",\"name\":\"Black Garlic VEGE (90vcaps) - Must K\u00fc\u00fcslauk - Kiire Tarne - Fit360\",\"isPartOf\":{\"@id\":\"https:\\\/\\\/fit360.ee\\\/en\\\/#website\"},\"primaryImageOfPage\":{\"@id\":\"https:\\\/\\\/fit360.ee\\\/en\\\/pood\\\/product-groups\\\/%d0%b2%d0%b5%d0%b3%d0%b0%d0%bd\\\/vegan-capsules-en\\\/black-garlic-vege-90vcaps\\\/#primaryimage\"},\"image\":{\"@id\":\"https:\\\/\\\/fit360.ee\\\/en\\\/pood\\\/product-groups\\\/%d0%b2%d0%b5%d0%b3%d0%b0%d0%bd\\\/vegan-capsules-en\\\/black-garlic-vege-90vcaps\\\/#primaryimage\"},\"thumbnailUrl\":\"https:\\\/\\\/fit360.ee\\\/wp-content\\\/uploads\\\/2024\\\/08\\\/must-kuuslauk-fit360.ee-1.png\",\"datePublished\":\"2024-08-21T08:33:02+00:00\",\"dateModified\":\"2025-08-19T06:32:33+00:00\",\"description\":\"Must K\u00fc\u00fcslauk on kvaliteetne toidulisand, mis sisaldab musta fermenteeritud k\u00fc\u00fcslaugu ekstrakti, mis on standarditud 0,1% S-all\u00fc\u00fclts\u00fcsteiini (SAC) tasemele.\",\"breadcrumb\":{\"@id\":\"https:\\\/\\\/fit360.ee\\\/en\\\/pood\\\/product-groups\\\/%d0%b2%d0%b5%d0%b3%d0%b0%d0%bd\\\/vegan-capsules-en\\\/black-garlic-vege-90vcaps\\\/#breadcrumb\"},\"inLanguage\":\"en-US\",\"potentialAction\":[{\"@type\":\"ReadAction\",\"target\":[\"https:\\\/\\\/fit360.ee\\\/en\\\/pood\\\/product-groups\\\/%d0%b2%d0%b5%d0%b3%d0%b0%d0%bd\\\/vegan-capsules-en\\\/black-garlic-vege-90vcaps\\\/\"]}]},{\"@type\":\"ImageObject\",\"inLanguage\":\"en-US\",\"@id\":\"https:\\\/\\\/fit360.ee\\\/en\\\/pood\\\/product-groups\\\/%d0%b2%d0%b5%d0%b3%d0%b0%d0%bd\\\/vegan-capsules-en\\\/black-garlic-vege-90vcaps\\\/#primaryimage\",\"url\":\"https:\\\/\\\/fit360.ee\\\/wp-content\\\/uploads\\\/2024\\\/08\\\/must-kuuslauk-fit360.ee-1.png\",\"contentUrl\":\"https:\\\/\\\/fit360.ee\\\/wp-content\\\/uploads\\\/2024\\\/08\\\/must-kuuslauk-fit360.ee-1.png\",\"width\":450,\"height\":450,\"caption\":\"must k\u00fc\u00fcslauk - fit360.ee\"},{\"@type\":\"BreadcrumbList\",\"@id\":\"https:\\\/\\\/fit360.ee\\\/en\\\/pood\\\/product-groups\\\/%d0%b2%d0%b5%d0%b3%d0%b0%d0%bd\\\/vegan-capsules-en\\\/black-garlic-vege-90vcaps\\\/#breadcrumb\",\"itemListElement\":[{\"@type\":\"ListItem\",\"position\":1,\"name\":\"Home\",\"item\":\"https:\\\/\\\/fit360.ee\\\/en\\\/\"},{\"@type\":\"ListItem\",\"position\":2,\"name\":\"Shop\",\"item\":\"https:\\\/\\\/fit360.ee\\\/en\\\/shop\\\/\"},{\"@type\":\"ListItem\",\"position\":3,\"name\":\"Black Garlic VEGE (90vcaps)\"}]},{\"@type\":\"WebSite\",\"@id\":\"https:\\\/\\\/fit360.ee\\\/en\\\/#website\",\"url\":\"https:\\\/\\\/fit360.ee\\\/en\\\/\",\"name\":\"Fit360\",\"description\":\"\",\"publisher\":{\"@id\":\"https:\\\/\\\/fit360.ee\\\/en\\\/#organization\"},\"potentialAction\":[{\"@type\":\"SearchAction\",\"target\":{\"@type\":\"EntryPoint\",\"urlTemplate\":\"https:\\\/\\\/fit360.ee\\\/en\\\/?s={search_term_string}\"},\"query-input\":{\"@type\":\"PropertyValueSpecification\",\"valueRequired\":true,\"valueName\":\"search_term_string\"}}],\"inLanguage\":\"en-US\"},{\"@type\":\"Organization\",\"@id\":\"https:\\\/\\\/fit360.ee\\\/en\\\/#organization\",\"name\":\"Fit360\",\"url\":\"https:\\\/\\\/fit360.ee\\\/en\\\/\",\"logo\":{\"@type\":\"ImageObject\",\"inLanguage\":\"en-US\",\"@id\":\"https:\\\/\\\/fit360.ee\\\/en\\\/#\\\/schema\\\/logo\\\/image\\\/\",\"url\":\"https:\\\/\\\/fit360.ee\\\/wp-content\\\/uploads\\\/2017\\\/01\\\/logo-fit360.png\",\"contentUrl\":\"https:\\\/\\\/fit360.ee\\\/wp-content\\\/uploads\\\/2017\\\/01\\\/logo-fit360.png\",\"width\":180,\"height\":66,\"caption\":\"Fit360\"},\"image\":{\"@id\":\"https:\\\/\\\/fit360.ee\\\/en\\\/#\\\/schema\\\/logo\\\/image\\\/\"}}]}<\/script>\n<!-- \/ Yoast SEO plugin. -->","yoast_head_json":{"title":"Black Garlic VEGE (90vcaps) - Must K\u00fc\u00fcslauk - Kiire Tarne - Fit360","description":"Must K\u00fc\u00fcslauk on kvaliteetne toidulisand, mis sisaldab musta fermenteeritud k\u00fc\u00fcslaugu ekstrakti, mis on standarditud 0,1% S-all\u00fc\u00fclts\u00fcsteiini (SAC) tasemele.","robots":{"index":"index","follow":"follow","max-snippet":"max-snippet:-1","max-image-preview":"max-image-preview:large","max-video-preview":"max-video-preview:-1"},"canonical":"https:\/\/fit360.ee\/en\/pood\/product-groups\/\u0432\u0435\u0433\u0430\u043d\/vegan-capsules-en\/black-garlic-vege-90vcaps\/","og_locale":"en_US","og_type":"article","og_title":"Black Garlic VEGE (90vcaps) - Must K\u00fc\u00fcslauk - Kiire Tarne - Fit360","og_description":"Must K\u00fc\u00fcslauk on kvaliteetne toidulisand, mis sisaldab musta fermenteeritud k\u00fc\u00fcslaugu ekstrakti, mis on standarditud 0,1% S-all\u00fc\u00fclts\u00fcsteiini (SAC) tasemele.","og_url":"https:\/\/fit360.ee\/en\/pood\/product-groups\/\u0432\u0435\u0433\u0430\u043d\/vegan-capsules-en\/black-garlic-vege-90vcaps\/","og_site_name":"Fit360","article_modified_time":"2025-08-19T06:32:33+00:00","og_image":[{"width":450,"height":450,"url":"https:\/\/fit360.ee\/wp-content\/uploads\/2024\/08\/must-kuuslauk-fit360.ee-1.png","type":"image\/png"}],"twitter_card":"summary_large_image","twitter_misc":{"Est. reading time":"2 minutes"},"schema":{"@context":"https:\/\/schema.org","@graph":[{"@type":"WebPage","@id":"https:\/\/fit360.ee\/en\/pood\/product-groups\/%d0%b2%d0%b5%d0%b3%d0%b0%d0%bd\/vegan-capsules-en\/black-garlic-vege-90vcaps\/","url":"https:\/\/fit360.ee\/en\/pood\/product-groups\/%d0%b2%d0%b5%d0%b3%d0%b0%d0%bd\/vegan-capsules-en\/black-garlic-vege-90vcaps\/","name":"Black Garlic VEGE (90vcaps) - Must K\u00fc\u00fcslauk - Kiire Tarne - Fit360","isPartOf":{"@id":"https:\/\/fit360.ee\/en\/#website"},"primaryImageOfPage":{"@id":"https:\/\/fit360.ee\/en\/pood\/product-groups\/%d0%b2%d0%b5%d0%b3%d0%b0%d0%bd\/vegan-capsules-en\/black-garlic-vege-90vcaps\/#primaryimage"},"image":{"@id":"https:\/\/fit360.ee\/en\/pood\/product-groups\/%d0%b2%d0%b5%d0%b3%d0%b0%d0%bd\/vegan-capsules-en\/black-garlic-vege-90vcaps\/#primaryimage"},"thumbnailUrl":"https:\/\/fit360.ee\/wp-content\/uploads\/2024\/08\/must-kuuslauk-fit360.ee-1.png","datePublished":"2024-08-21T08:33:02+00:00","dateModified":"2025-08-19T06:32:33+00:00","description":"Must K\u00fc\u00fcslauk on kvaliteetne toidulisand, mis sisaldab musta fermenteeritud k\u00fc\u00fcslaugu ekstrakti, mis on standarditud 0,1% S-all\u00fc\u00fclts\u00fcsteiini (SAC) tasemele.","breadcrumb":{"@id":"https:\/\/fit360.ee\/en\/pood\/product-groups\/%d0%b2%d0%b5%d0%b3%d0%b0%d0%bd\/vegan-capsules-en\/black-garlic-vege-90vcaps\/#breadcrumb"},"inLanguage":"en-US","potentialAction":[{"@type":"ReadAction","target":["https:\/\/fit360.ee\/en\/pood\/product-groups\/%d0%b2%d0%b5%d0%b3%d0%b0%d0%bd\/vegan-capsules-en\/black-garlic-vege-90vcaps\/"]}]},{"@type":"ImageObject","inLanguage":"en-US","@id":"https:\/\/fit360.ee\/en\/pood\/product-groups\/%d0%b2%d0%b5%d0%b3%d0%b0%d0%bd\/vegan-capsules-en\/black-garlic-vege-90vcaps\/#primaryimage","url":"https:\/\/fit360.ee\/wp-content\/uploads\/2024\/08\/must-kuuslauk-fit360.ee-1.png","contentUrl":"https:\/\/fit360.ee\/wp-content\/uploads\/2024\/08\/must-kuuslauk-fit360.ee-1.png","width":450,"height":450,"caption":"must k\u00fc\u00fcslauk - fit360.ee"},{"@type":"BreadcrumbList","@id":"https:\/\/fit360.ee\/en\/pood\/product-groups\/%d0%b2%d0%b5%d0%b3%d0%b0%d0%bd\/vegan-capsules-en\/black-garlic-vege-90vcaps\/#breadcrumb","itemListElement":[{"@type":"ListItem","position":1,"name":"Home","item":"https:\/\/fit360.ee\/en\/"},{"@type":"ListItem","position":2,"name":"Shop","item":"https:\/\/fit360.ee\/en\/shop\/"},{"@type":"ListItem","position":3,"name":"Black Garlic VEGE (90vcaps)"}]},{"@type":"WebSite","@id":"https:\/\/fit360.ee\/en\/#website","url":"https:\/\/fit360.ee\/en\/","name":"Fit360","description":"","publisher":{"@id":"https:\/\/fit360.ee\/en\/#organization"},"potentialAction":[{"@type":"SearchAction","target":{"@type":"EntryPoint","urlTemplate":"https:\/\/fit360.ee\/en\/?s={search_term_string}"},"query-input":{"@type":"PropertyValueSpecification","valueRequired":true,"valueName":"search_term_string"}}],"inLanguage":"en-US"},{"@type":"Organization","@id":"https:\/\/fit360.ee\/en\/#organization","name":"Fit360","url":"https:\/\/fit360.ee\/en\/","logo":{"@type":"ImageObject","inLanguage":"en-US","@id":"https:\/\/fit360.ee\/en\/#\/schema\/logo\/image\/","url":"https:\/\/fit360.ee\/wp-content\/uploads\/2017\/01\/logo-fit360.png","contentUrl":"https:\/\/fit360.ee\/wp-content\/uploads\/2017\/01\/logo-fit360.png","width":180,"height":66,"caption":"Fit360"},"image":{"@id":"https:\/\/fit360.ee\/en\/#\/schema\/logo\/image\/"}}]}},"_links":{"self":[{"href":"https:\/\/fit360.ee\/en\/wp-json\/wp\/v2\/product\/82232","targetHints":{"allow":["GET"]}}],"collection":[{"href":"https:\/\/fit360.ee\/en\/wp-json\/wp\/v2\/product"}],"about":[{"href":"https:\/\/fit360.ee\/en\/wp-json\/wp\/v2\/types\/product"}],"replies":[{"embeddable":true,"href":"https:\/\/fit360.ee\/en\/wp-json\/wp\/v2\/comments?post=82232"}],"wp:featuredmedia":[{"embeddable":true,"href":"https:\/\/fit360.ee\/en\/wp-json\/wp\/v2\/media\/82231"}],"wp:attachment":[{"href":"https:\/\/fit360.ee\/en\/wp-json\/wp\/v2\/media?parent=82232"}],"wp:term":[{"taxonomy":"product_brand","embeddable":true,"href":"https:\/\/fit360.ee\/en\/wp-json\/wp\/v2\/product_brand?post=82232"},{"taxonomy":"product_cat","embeddable":true,"href":"https:\/\/fit360.ee\/en\/wp-json\/wp\/v2\/product_cat?post=82232"},{"taxonomy":"product_tag","embeddable":true,"href":"https:\/\/fit360.ee\/en\/wp-json\/wp\/v2\/product_tag?post=82232"},{"taxonomy":"giftcard-category","embeddable":true,"href":"https:\/\/fit360.ee\/en\/wp-json\/wp\/v2\/giftcard-category?post=82232"}],"curies":[{"name":"wp","href":"https:\/\/api.w.org\/{rel}","templated":true}]}}