{"id":82317,"date":"2024-04-30T14:54:36","date_gmt":"2024-04-30T12:54:36","guid":{"rendered":"https:\/\/fit360.ee\/pood\/uncategorized\/applied-nutrition-clear-whey-protein-875g\/"},"modified":"2026-04-10T14:56:41","modified_gmt":"2026-04-10T12:56:41","slug":"applied-nutrition-clear-whey-protein-875g","status":"publish","type":"product","link":"https:\/\/fit360.ee\/en\/pood\/product-groups\/protein-poweders-en\/whey-protein-en\/applied-nutrition-clear-whey-protein-875g\/","title":{"rendered":"Hydrolized Clear Whey Protein Isolate (875g)"},"content":{"rendered":"<h2><strong>Clear Whey Protein<\/strong><\/h2>\n<p><strong>Applied Nutrition Hydrolized Clear Whey Protein Isolate (875g)<\/strong> on nagu k\u00f5rge proteiinisisaldusega mahl. Applied Nutrition\u2019i Clear Whey pole tavaline valgukokteil.<\/p>\n<p>APPLIED NUTRITION Clear Whey Protein on j\u00f5hvikamaitselise vadakuvalgu h\u00fcdrol\u00fcsaadi baasil valmistatud valgulisand. WPH on puhtaim ja kontsentreeritum valk, kuna peaaegu 100% selle koostisest on valk. Vadakuvalgu h\u00fcdrol\u00fcsaadi eeliseks on ka see, et see on eelnevalt seeditav, mis t\u00e4hendab, et see imendub palju kiiremini ja paremini kui muud vadakuvalgu vormid. Toode on eriti soovitatav aktiivsetele sportlastele, kes soovivad arendada lahja lihasmassi. Valk toetab ka treeninguj\u00e4rgset taastumisprotsessi, p\u00e4rssides katabolismi ja suurendades anabolismi. Luude p\u00f5hilise ehitusmaterjalina aitab see s\u00e4ilitada tervet lihasluukonna ja v\u00e4hendab vigastuste tekkeriski.<\/p>\n<p>Clear Whey Protein on hea lahendus ka eakatele, imikutele ja haigetele inimestele. WPH valk pakub t\u00e4ielikku profiili eksogeensetest aminohapetest, mis m\u00f5jutavad keha n\u00f5uetekohast toimimist. Vadakuvalgu h\u00fcdrol\u00fcsaati saab kasutada keharasva v\u00e4hendamiseks. Valk p\u00e4rsib t\u00f5husalt s\u00f6\u00f6giisu ja hoiab t\u00e4isk\u00f5hutunde pikemaks ajaks. See kiirendab ainevahetust ning koos sobiva toitumise ja treeninguga v\u00f5ib aidata teil saavutada valitud eesm\u00e4rki.<\/p>\n<p>Kasutades ultrah\u00fcdrol\u00fc\u00fcsitud vadakuvalgu isolaati, oleme loonud maitsva, kerge ja v\u00e4rskendava valgujoogi, mis meenutab rohkem puuviljamahla kui piimakokteili.<\/p>\n<p>T\u00e4nu k\u00f5ikidele tavalise valgukokteili p\u00f5hilistele eelistele imendub Clear Whey kiiresti ja sisaldab vaid 90 kalorit 25 g portsjoni kohta. See sisaldab \u00fcle 21 g valku, ainult 1 g s\u00fcsivesikuid ning v\u00e4hem kui 0,25 g suhkrut ja rasva.<\/p>\n<p>Clear Whey on ideaalne makros\u00f5bralik toode, mis aitab kasvatada ja s\u00e4ilitada lihaseid, olenemata teie treeningueesm\u00e4rgist.<\/p>\n<h4><strong>Peamised Clear Whey eelised<\/strong><\/h4>\n<ul>\n<li>21 g valku koos 5 g BCAA-ga<\/li>\n<li>Ainult 1 g s\u00fcsivesikuid portsjoni kohta<\/li>\n<li>Ainult 90 kalorit ja madala suhkrusisaldusega<\/li>\n<li>Maitsvad puuviljamahla stiilis maitsed<\/li>\n<li>Testitud sportlastele<\/li>\n<li>Halal sertifikaadiga toode<\/li>\n<\/ul>\n<p><strong>Koostisosad: <\/strong>H\u00fcdrol\u00fc\u00fcsitud vadakuvalk (piim) (95%), happed (sidrunhape, \u00f5unhape), looduslikud l\u00f5hna- ja maitseained, magusained (sukraloos, stevia), vahutamisvastane aine (r\u00e4nidioksiid), naatriumkloriid, looduslik v\u00e4rv.<\/p>\n<p><strong>Kasutamine<\/strong>: Sega 1 lusikas (25 g) 400 ml j\u00e4\u00e4k\u00fclma veega ja loksuta korralikult. Lase 1 minut seista.<\/p>\n<p><strong>Suurus<\/strong>: 875g &#8211; 35 serveeringut<\/p>\n<p><strong>TESTITUD SPORTLASTE KOHTA.<\/strong><br \/>\nK\u00f5ik selle partii koostisosad l\u00e4bivad enne tootmist j\u00e4lgitava programmi raames range kontrolli ja keelatud ainete testimist. L\u00f5pptooted toodetakse ja pakendatakse seej\u00e4rel ISO 22000, BRC, GMP ja Halali akrediteeritud laboris, et tagada sportlastele k\u00f5rgeim kasutuskindlus.<\/p>\n<table id=\"table6\">\n<tbody>\n<tr>\n<th>Aktiivsed koostisosad<\/th>\n<th>P\u00e4evases portsjonis (25g)<\/th>\n<\/tr>\n<tr>\n<td>Energia<\/td>\n<td>377 kJ \/ 90 kcal<\/td>\n<\/tr>\n<tr>\n<td>Rasvad<\/td>\n<td>0,12 g<\/td>\n<\/tr>\n<tr>\n<td><em>millest<\/em>\u00a0 k\u00fcllastunud rasvhapped<\/td>\n<td>0,05 g<\/td>\n<\/tr>\n<tr>\n<td>S\u00fcsivesikud<\/td>\n<td>1,01 g<\/td>\n<\/tr>\n<tr>\n<td><em>millest<\/em> suhkur<\/td>\n<td>0,24 g<\/td>\n<\/tr>\n<tr>\n<td>Kiudained<\/td>\n<td>0 g<\/td>\n<\/tr>\n<tr>\n<td><strong>Valgud<\/strong><\/td>\n<td>21,27 g<\/td>\n<\/tr>\n<tr>\n<td>Sool<\/td>\n<td>0,07 g<\/td>\n<\/tr>\n<tr>\n<td>Hargnenud ahelaga aminohapped (BCAA)<\/td>\n<td>4874 mg<\/td>\n<\/tr>\n<\/tbody>\n<\/table>\n<p>Vaata ka meie Teisi Vadakuvalgu Isolaate <a href=\"https:\/\/fit360.ee\/en\/product-category\/product-groups\/protein-poweders-en\/whey-isolate-protein-en\/\"><strong>SIIT<\/strong><\/a> v\u00f5i k\u00f5iki Valgupulbreid <a href=\"https:\/\/fit360.ee\/en\/product-category\/product-groups\/protein-poweders-en\/\"><strong>SIIT<\/strong><\/a>!<\/p>\n<p>Soovid kaupa osta suuremas koguses? Vaata antud toodet ka meie HULGI poest\u00a0<a href=\"https:\/\/toidulisandidhulgi.ee\/tooted\/hydrolized-clear-whey-protein-isolate-875g\/\"><strong>SIIT<\/strong><\/a>!<\/p>\n","protected":false},"excerpt":{"rendered":"<ul>\n<li>21 g valku koos 5 g BCAA-ga<\/li>\n<li>Ainult 1 g s\u00fcsivesikuid portsjoni kohta<\/li>\n<li>Ainult 90 kalorit ja madala suhkrusisaldusega<\/li>\n<li>Maitsvad puuviljamahla stiilis maitsed<\/li>\n<li>Testitud sportlastele<\/li>\n<li>Halal sertifikaadiga toode<\/li>\n<\/ul>\n","protected":false},"featured_media":79489,"comment_status":"open","ping_status":"closed","template":"","meta":[],"product_brand":[],"product_cat":[3727,535,531,2420,2424],"product_tag":[],"giftcard-category":[],"class_list":{"0":"post-82317","1":"product","2":"type-product","3":"status-publish","4":"has-post-thumbnail","6":"product_cat-applied-nutrition-en","7":"product_cat-protein-poweders-en","8":"product_cat-recovery-post-workout-en","9":"product_cat-whey-protein-en","10":"product_cat-whey-isolate-protein-en","11":"pa_maitse-grape","12":"pa_maitse-maasika-vaarika-en","13":"pa_maitse-orange-squash-en","14":"pa_maitse-watermelon-splash-en","16":"first","17":"instock","18":"sale","19":"taxable","20":"shipping-taxable","21":"purchasable","22":"product-type-variable"},"yoast_head":"<!-- This site is optimized with the Yoast SEO plugin v27.3 - https:\/\/yoast.com\/product\/yoast-seo-wordpress\/ -->\n<title>Hydrolized Clear Whey Protein Isolate (875g) - 90% Proteiinimahl - Fit360<\/title>\n<meta name=\"description\" content=\"Hydrolized Clear Whey Protein Isolate (875g) on nagu k\u00f5rge proteiinisisaldusega mahl. Applied Nutrition\u2019i Clear Whey pole tavaline valgukokteil. Kiire Tarne\" \/>\n<meta name=\"robots\" content=\"index, follow, max-snippet:-1, max-image-preview:large, max-video-preview:-1\" \/>\n<link rel=\"canonical\" href=\"https:\/\/fit360.ee\/en\/pood\/product-groups\/protein-poweders-en\/whey-protein-en\/applied-nutrition-clear-whey-protein-875g\/\" \/>\n<meta property=\"og:locale\" content=\"en_US\" \/>\n<meta property=\"og:type\" content=\"article\" \/>\n<meta property=\"og:title\" content=\"Hydrolized Clear Whey Protein Isolate (875g) - 90% Proteiinimahl - Fit360\" \/>\n<meta property=\"og:description\" content=\"Hydrolized Clear Whey Protein Isolate (875g) on nagu k\u00f5rge proteiinisisaldusega mahl. Applied Nutrition\u2019i Clear Whey pole tavaline valgukokteil. Kiire Tarne\" \/>\n<meta property=\"og:url\" content=\"https:\/\/fit360.ee\/en\/pood\/product-groups\/protein-poweders-en\/whey-protein-en\/applied-nutrition-clear-whey-protein-875g\/\" \/>\n<meta property=\"og:site_name\" content=\"Fit360\" \/>\n<meta property=\"article:modified_time\" content=\"2026-04-10T12:56:41+00:00\" \/>\n<meta property=\"og:image\" content=\"https:\/\/fit360.ee\/wp-content\/uploads\/2024\/04\/hydrolized-clear-whey-protein-isolate-fit360.ee-1.jpg\" \/>\n\t<meta property=\"og:image:width\" content=\"1000\" \/>\n\t<meta property=\"og:image:height\" content=\"1000\" \/>\n\t<meta property=\"og:image:type\" content=\"image\/jpeg\" \/>\n<meta name=\"twitter:card\" content=\"summary_large_image\" \/>\n<meta name=\"twitter:label1\" content=\"Est. reading time\" \/>\n\t<meta name=\"twitter:data1\" content=\"3 minutes\" \/>\n<script type=\"application\/ld+json\" class=\"yoast-schema-graph\">{\"@context\":\"https:\\\/\\\/schema.org\",\"@graph\":[{\"@type\":\"WebPage\",\"@id\":\"https:\\\/\\\/fit360.ee\\\/en\\\/pood\\\/product-groups\\\/protein-poweders-en\\\/whey-protein-en\\\/applied-nutrition-clear-whey-protein-875g\\\/\",\"url\":\"https:\\\/\\\/fit360.ee\\\/en\\\/pood\\\/product-groups\\\/protein-poweders-en\\\/whey-protein-en\\\/applied-nutrition-clear-whey-protein-875g\\\/\",\"name\":\"Hydrolized Clear Whey Protein Isolate (875g) - 90% Proteiinimahl - Fit360\",\"isPartOf\":{\"@id\":\"https:\\\/\\\/fit360.ee\\\/en\\\/#website\"},\"primaryImageOfPage\":{\"@id\":\"https:\\\/\\\/fit360.ee\\\/en\\\/pood\\\/product-groups\\\/protein-poweders-en\\\/whey-protein-en\\\/applied-nutrition-clear-whey-protein-875g\\\/#primaryimage\"},\"image\":{\"@id\":\"https:\\\/\\\/fit360.ee\\\/en\\\/pood\\\/product-groups\\\/protein-poweders-en\\\/whey-protein-en\\\/applied-nutrition-clear-whey-protein-875g\\\/#primaryimage\"},\"thumbnailUrl\":\"https:\\\/\\\/fit360.ee\\\/wp-content\\\/uploads\\\/2024\\\/04\\\/hydrolized-clear-whey-protein-isolate-fit360.ee-1.jpg\",\"datePublished\":\"2024-04-30T12:54:36+00:00\",\"dateModified\":\"2026-04-10T12:56:41+00:00\",\"description\":\"Hydrolized Clear Whey Protein Isolate (875g) on nagu k\u00f5rge proteiinisisaldusega mahl. Applied Nutrition\u2019i Clear Whey pole tavaline valgukokteil. Kiire Tarne\",\"breadcrumb\":{\"@id\":\"https:\\\/\\\/fit360.ee\\\/en\\\/pood\\\/product-groups\\\/protein-poweders-en\\\/whey-protein-en\\\/applied-nutrition-clear-whey-protein-875g\\\/#breadcrumb\"},\"inLanguage\":\"en-US\",\"potentialAction\":[{\"@type\":\"ReadAction\",\"target\":[\"https:\\\/\\\/fit360.ee\\\/en\\\/pood\\\/product-groups\\\/protein-poweders-en\\\/whey-protein-en\\\/applied-nutrition-clear-whey-protein-875g\\\/\"]}]},{\"@type\":\"ImageObject\",\"inLanguage\":\"en-US\",\"@id\":\"https:\\\/\\\/fit360.ee\\\/en\\\/pood\\\/product-groups\\\/protein-poweders-en\\\/whey-protein-en\\\/applied-nutrition-clear-whey-protein-875g\\\/#primaryimage\",\"url\":\"https:\\\/\\\/fit360.ee\\\/wp-content\\\/uploads\\\/2024\\\/04\\\/hydrolized-clear-whey-protein-isolate-fit360.ee-1.jpg\",\"contentUrl\":\"https:\\\/\\\/fit360.ee\\\/wp-content\\\/uploads\\\/2024\\\/04\\\/hydrolized-clear-whey-protein-isolate-fit360.ee-1.jpg\",\"width\":1000,\"height\":1000,\"caption\":\"hydrolized clear whey protein isolate - fit360.ee\"},{\"@type\":\"BreadcrumbList\",\"@id\":\"https:\\\/\\\/fit360.ee\\\/en\\\/pood\\\/product-groups\\\/protein-poweders-en\\\/whey-protein-en\\\/applied-nutrition-clear-whey-protein-875g\\\/#breadcrumb\",\"itemListElement\":[{\"@type\":\"ListItem\",\"position\":1,\"name\":\"Home\",\"item\":\"https:\\\/\\\/fit360.ee\\\/en\\\/\"},{\"@type\":\"ListItem\",\"position\":2,\"name\":\"Shop\",\"item\":\"https:\\\/\\\/fit360.ee\\\/en\\\/shop\\\/\"},{\"@type\":\"ListItem\",\"position\":3,\"name\":\"Hydrolized Clear Whey Protein Isolate (875g)\"}]},{\"@type\":\"WebSite\",\"@id\":\"https:\\\/\\\/fit360.ee\\\/en\\\/#website\",\"url\":\"https:\\\/\\\/fit360.ee\\\/en\\\/\",\"name\":\"Fit360\",\"description\":\"\",\"publisher\":{\"@id\":\"https:\\\/\\\/fit360.ee\\\/en\\\/#organization\"},\"potentialAction\":[{\"@type\":\"SearchAction\",\"target\":{\"@type\":\"EntryPoint\",\"urlTemplate\":\"https:\\\/\\\/fit360.ee\\\/en\\\/?s={search_term_string}\"},\"query-input\":{\"@type\":\"PropertyValueSpecification\",\"valueRequired\":true,\"valueName\":\"search_term_string\"}}],\"inLanguage\":\"en-US\"},{\"@type\":\"Organization\",\"@id\":\"https:\\\/\\\/fit360.ee\\\/en\\\/#organization\",\"name\":\"Fit360\",\"url\":\"https:\\\/\\\/fit360.ee\\\/en\\\/\",\"logo\":{\"@type\":\"ImageObject\",\"inLanguage\":\"en-US\",\"@id\":\"https:\\\/\\\/fit360.ee\\\/en\\\/#\\\/schema\\\/logo\\\/image\\\/\",\"url\":\"https:\\\/\\\/fit360.ee\\\/wp-content\\\/uploads\\\/2017\\\/01\\\/logo-fit360.png\",\"contentUrl\":\"https:\\\/\\\/fit360.ee\\\/wp-content\\\/uploads\\\/2017\\\/01\\\/logo-fit360.png\",\"width\":180,\"height\":66,\"caption\":\"Fit360\"},\"image\":{\"@id\":\"https:\\\/\\\/fit360.ee\\\/en\\\/#\\\/schema\\\/logo\\\/image\\\/\"}}]}<\/script>\n<!-- \/ Yoast SEO plugin. -->","yoast_head_json":{"title":"Hydrolized Clear Whey Protein Isolate (875g) - 90% Proteiinimahl - Fit360","description":"Hydrolized Clear Whey Protein Isolate (875g) on nagu k\u00f5rge proteiinisisaldusega mahl. Applied Nutrition\u2019i Clear Whey pole tavaline valgukokteil. Kiire Tarne","robots":{"index":"index","follow":"follow","max-snippet":"max-snippet:-1","max-image-preview":"max-image-preview:large","max-video-preview":"max-video-preview:-1"},"canonical":"https:\/\/fit360.ee\/en\/pood\/product-groups\/protein-poweders-en\/whey-protein-en\/applied-nutrition-clear-whey-protein-875g\/","og_locale":"en_US","og_type":"article","og_title":"Hydrolized Clear Whey Protein Isolate (875g) - 90% Proteiinimahl - Fit360","og_description":"Hydrolized Clear Whey Protein Isolate (875g) on nagu k\u00f5rge proteiinisisaldusega mahl. Applied Nutrition\u2019i Clear Whey pole tavaline valgukokteil. Kiire Tarne","og_url":"https:\/\/fit360.ee\/en\/pood\/product-groups\/protein-poweders-en\/whey-protein-en\/applied-nutrition-clear-whey-protein-875g\/","og_site_name":"Fit360","article_modified_time":"2026-04-10T12:56:41+00:00","og_image":[{"width":1000,"height":1000,"url":"https:\/\/fit360.ee\/wp-content\/uploads\/2024\/04\/hydrolized-clear-whey-protein-isolate-fit360.ee-1.jpg","type":"image\/jpeg"}],"twitter_card":"summary_large_image","twitter_misc":{"Est. reading time":"3 minutes"},"schema":{"@context":"https:\/\/schema.org","@graph":[{"@type":"WebPage","@id":"https:\/\/fit360.ee\/en\/pood\/product-groups\/protein-poweders-en\/whey-protein-en\/applied-nutrition-clear-whey-protein-875g\/","url":"https:\/\/fit360.ee\/en\/pood\/product-groups\/protein-poweders-en\/whey-protein-en\/applied-nutrition-clear-whey-protein-875g\/","name":"Hydrolized Clear Whey Protein Isolate (875g) - 90% Proteiinimahl - Fit360","isPartOf":{"@id":"https:\/\/fit360.ee\/en\/#website"},"primaryImageOfPage":{"@id":"https:\/\/fit360.ee\/en\/pood\/product-groups\/protein-poweders-en\/whey-protein-en\/applied-nutrition-clear-whey-protein-875g\/#primaryimage"},"image":{"@id":"https:\/\/fit360.ee\/en\/pood\/product-groups\/protein-poweders-en\/whey-protein-en\/applied-nutrition-clear-whey-protein-875g\/#primaryimage"},"thumbnailUrl":"https:\/\/fit360.ee\/wp-content\/uploads\/2024\/04\/hydrolized-clear-whey-protein-isolate-fit360.ee-1.jpg","datePublished":"2024-04-30T12:54:36+00:00","dateModified":"2026-04-10T12:56:41+00:00","description":"Hydrolized Clear Whey Protein Isolate (875g) on nagu k\u00f5rge proteiinisisaldusega mahl. Applied Nutrition\u2019i Clear Whey pole tavaline valgukokteil. Kiire Tarne","breadcrumb":{"@id":"https:\/\/fit360.ee\/en\/pood\/product-groups\/protein-poweders-en\/whey-protein-en\/applied-nutrition-clear-whey-protein-875g\/#breadcrumb"},"inLanguage":"en-US","potentialAction":[{"@type":"ReadAction","target":["https:\/\/fit360.ee\/en\/pood\/product-groups\/protein-poweders-en\/whey-protein-en\/applied-nutrition-clear-whey-protein-875g\/"]}]},{"@type":"ImageObject","inLanguage":"en-US","@id":"https:\/\/fit360.ee\/en\/pood\/product-groups\/protein-poweders-en\/whey-protein-en\/applied-nutrition-clear-whey-protein-875g\/#primaryimage","url":"https:\/\/fit360.ee\/wp-content\/uploads\/2024\/04\/hydrolized-clear-whey-protein-isolate-fit360.ee-1.jpg","contentUrl":"https:\/\/fit360.ee\/wp-content\/uploads\/2024\/04\/hydrolized-clear-whey-protein-isolate-fit360.ee-1.jpg","width":1000,"height":1000,"caption":"hydrolized clear whey protein isolate - fit360.ee"},{"@type":"BreadcrumbList","@id":"https:\/\/fit360.ee\/en\/pood\/product-groups\/protein-poweders-en\/whey-protein-en\/applied-nutrition-clear-whey-protein-875g\/#breadcrumb","itemListElement":[{"@type":"ListItem","position":1,"name":"Home","item":"https:\/\/fit360.ee\/en\/"},{"@type":"ListItem","position":2,"name":"Shop","item":"https:\/\/fit360.ee\/en\/shop\/"},{"@type":"ListItem","position":3,"name":"Hydrolized Clear Whey Protein Isolate (875g)"}]},{"@type":"WebSite","@id":"https:\/\/fit360.ee\/en\/#website","url":"https:\/\/fit360.ee\/en\/","name":"Fit360","description":"","publisher":{"@id":"https:\/\/fit360.ee\/en\/#organization"},"potentialAction":[{"@type":"SearchAction","target":{"@type":"EntryPoint","urlTemplate":"https:\/\/fit360.ee\/en\/?s={search_term_string}"},"query-input":{"@type":"PropertyValueSpecification","valueRequired":true,"valueName":"search_term_string"}}],"inLanguage":"en-US"},{"@type":"Organization","@id":"https:\/\/fit360.ee\/en\/#organization","name":"Fit360","url":"https:\/\/fit360.ee\/en\/","logo":{"@type":"ImageObject","inLanguage":"en-US","@id":"https:\/\/fit360.ee\/en\/#\/schema\/logo\/image\/","url":"https:\/\/fit360.ee\/wp-content\/uploads\/2017\/01\/logo-fit360.png","contentUrl":"https:\/\/fit360.ee\/wp-content\/uploads\/2017\/01\/logo-fit360.png","width":180,"height":66,"caption":"Fit360"},"image":{"@id":"https:\/\/fit360.ee\/en\/#\/schema\/logo\/image\/"}}]}},"_links":{"self":[{"href":"https:\/\/fit360.ee\/en\/wp-json\/wp\/v2\/product\/82317","targetHints":{"allow":["GET"]}}],"collection":[{"href":"https:\/\/fit360.ee\/en\/wp-json\/wp\/v2\/product"}],"about":[{"href":"https:\/\/fit360.ee\/en\/wp-json\/wp\/v2\/types\/product"}],"replies":[{"embeddable":true,"href":"https:\/\/fit360.ee\/en\/wp-json\/wp\/v2\/comments?post=82317"}],"wp:featuredmedia":[{"embeddable":true,"href":"https:\/\/fit360.ee\/en\/wp-json\/wp\/v2\/media\/79489"}],"wp:attachment":[{"href":"https:\/\/fit360.ee\/en\/wp-json\/wp\/v2\/media?parent=82317"}],"wp:term":[{"taxonomy":"product_brand","embeddable":true,"href":"https:\/\/fit360.ee\/en\/wp-json\/wp\/v2\/product_brand?post=82317"},{"taxonomy":"product_cat","embeddable":true,"href":"https:\/\/fit360.ee\/en\/wp-json\/wp\/v2\/product_cat?post=82317"},{"taxonomy":"product_tag","embeddable":true,"href":"https:\/\/fit360.ee\/en\/wp-json\/wp\/v2\/product_tag?post=82317"},{"taxonomy":"giftcard-category","embeddable":true,"href":"https:\/\/fit360.ee\/en\/wp-json\/wp\/v2\/giftcard-category?post=82317"}],"curies":[{"name":"wp","href":"https:\/\/api.w.org\/{rel}","templated":true}]}}