{"id":82464,"date":"2024-08-30T12:46:29","date_gmt":"2024-08-30T10:46:29","guid":{"rendered":"https:\/\/fit360.ee\/pood\/uncategorized\/ghost-legend-v3-30-servings\/"},"modified":"2026-04-08T11:56:23","modified_gmt":"2026-04-08T09:56:23","slug":"ghost-legend-v3-30-servings","status":"publish","type":"product","link":"https:\/\/fit360.ee\/en\/pood\/product-groups\/amino-acids-bcaa\/beta-alanine-en\/ghost-legend-v3-30-servings\/","title":{"rendered":"Ghost Legend V3 30 servings"},"content":{"rendered":"<h2><strong>Ghost Legend<\/strong><\/h2>\n<p class=\"descsnippet\"><strong>GHOST\u00ae Legend Pre-Workout\u00a0<\/strong><strong>V3 on saabunud!<\/strong>\u00a0\u00a0Ghosti vinge Legend Pre-Workouti uusim iteratsioon, uus valem ja paar lisaportsjonit, inimesed! Legend on t\u00f5esti toidulisand nagu \u00fckski teine, pakkudes kogu\u00a0<strong> energiat, keskendumist ja PUMP efekti!!<\/strong>\u00a0\u00a0Ainult head asjad Ghosti meestelt koos teaduslikult kinnitatud annustega, t\u00e4ieliku avalikustamise valem, mis on loodud ainult parimate kvaliteetsete koostisosade abil. Ghost teeb alati ainult lisatasu ja me oleme selle nimel siin. J\u00e4tkame Legendi parimaid treeninguid ja oleme p\u00f5nevil, et saame sama teha ka V3-ga!<\/p>\n<p><span lang=\"ET\">V3 pakub\u00a0\u00a0oma fookusomaduste jaoks\u00a0 lisatud\u00a0<strong>\u00a0VitaCholine\u00ae-i , mis aitab luua k\u00f5ik olulised\u00a0<\/strong><strong>&#8220;meele-lihaste \u00fchendused&#8221;,<\/strong>\u00a0\u00a0aga ka\u00a0<strong>\u00a0NeuroFactor\u00ae-i, millel on nootroopsed omadused ja ajufunktsiooni tugi!\u00a0<\/strong>\u00a0Sama annuse beeta-alaniini ja patenteeritud\u00a0\u00a0<strong>AstraGin\u00ae-iga\u00a0<\/strong>\u00a0, mis on tuntud toitainete imendumise soodustamise poolest, aitab meie kehal kasutada olulisi aminohappeid, valke ja gl\u00fckoosi ning\u00a0\u00a0<strong>L-t\u00fcrosiini,<\/strong>\u00a0\u00a0et parandada meeleolu ja suurendada keskendumist! Nii palju rohkem koostisosi, mida saaksime kasutada, on vaid m\u00f5ned meie lemmikud ja see, mis teeb legendist legendaarseks!<\/span><\/p>\n<h4><strong>Miks Ghost Legend Lifestyle Pre Workout V3?<\/strong><\/h4>\n<ul>\n<li>T\u00e4ieliku avalikustamise valem\/silt<\/li>\n<li>T\u00e4ielikud ja vastupidavad pumbad<\/li>\n<li>Tugev, produktiivne energia<\/li>\n<li>Keskendumist suurendav Fookus<\/li>\n<li>Legendaarsed maitsed, sealhulgas autentsed kooslused<\/li>\n<\/ul>\n<div>\n<p>Suurendage oma treeninguid erakordse treeningeelse toidulisandiga, mis annab l\u00f6\u00f6gi vaid kolmes olulises piirkonnas. Esiteks on see teie energia ja keskendumisv\u00f5ime suurendaja. \u00d6elge v\u00e4simuse ja segajatega h\u00fcvasti, kuna see valem suurendab teie energiavarusid ja teravdab vaimset keskendumist. Astute j\u00f5usaali v\u00f5rratu sihikindlusega.<\/p>\n<p>Legend V3 maksimeerib l\u00e4mmastikoksiidi tootmist. L\u00e4mmastikoksiid on parema vastupidavuse ja sportliku soorituse saladus. Laiendades teie veresooni, parandab see verevoolu, pakkudes rohkem hapnikku ja toitaineid teie raskelt t\u00f6\u00f6tavatele lihastele.<\/p>\n<p>Legend V3 on energia-, fookus- ja j\u00f5udlusv\u00f5imendi \u2013 k\u00f5ik \u00fches mugavas lisandis. Muutke see oma rutiini osaks ja kogege oma treeningute erinevust. Vabastage oma t\u00f5eline potentsiaal.<\/p>\n<\/div>\n<div><\/div>\n<div class=\"pdf-page\">\n<div class=\"textLayer\">\n<div><strong>Ghost Legend Kasutamine:<\/strong>\u00a0Soovitatav igap\u00e4evane kasutus: 1-2 portsjonit, segage kuni 2 kulbit\u00e4it (portsjonit) 300-400 ml vee v\u00f5i valitud joogiga. Tolerantsuse hindamiseks alustage 1 kulbiga v\u00f5i v\u00e4hemaga. Tarbi enne treeningut treeningp\u00e4evadel.<\/div>\n<div><\/div>\n<div><span style=\"color: #555555; font-size: 14.4px;\"><strong>GHOST Legend Lifestyle Pre-Workout (V3) | Koostisosad ja toitumisalane teave<\/strong>:<\/span><\/div>\n<\/div>\n<\/div>\n<div id=\"stocker-nutritionals\" class=\"stocker-placeholder\">\n<div id=\"stocker-nutritional-panel\" class=\"nutritional-panel\">\n<p><em>(Sinise vaarika maitse p\u00f5hjal)<\/em><\/p>\n<p><strong>Juhised:<\/strong>\u00a0Segage 1 lusikas (1 portsjon) GHOST LEGEND\u00ae-i 8\u201310 untsi vee v\u00f5i valitud joogiga. Muuda vedeliku kogust maitse j\u00e4rgi. Alustage oma taluvuse hindamiseks v\u00e4hem kui 1 kulbiga. Tarbi enne treeningut treeningp\u00e4evadel.<\/p>\n<p><strong>Portsjoni suurus:<\/strong>\u00a014 g \/ 1 lusikas<br \/>\n<strong>Portsjonid konteineri kohta:<\/strong>\u00a030<\/p>\n<div class=\"nutritional-table-wrapper table-scroller\">\n<table class=\"table nutritional-table table-hover\">\n<thead>\n<tr>\n<th><\/th>\n<th>14 g kohta (1 lusikas)<\/th>\n<\/tr>\n<\/thead>\n<tbody>\n<tr>\n<td>Energia (kcal)<\/td>\n<td>5 kcal<\/td>\n<\/tr>\n<tr>\n<td colspan=\"3\">\n<hr \/>\n<\/td>\n<\/tr>\n<tr>\n<td>S\u00fcsivesikuid<\/td>\n<td>1 g<\/td>\n<\/tr>\n<tr>\n<td>Koliin (VitaCholine\u00ae bitartraadist<\/td>\n<td>200 mg<\/td>\n<\/tr>\n<tr>\n<td colspan=\" 2 \"><b>GHOST Legend<\/b><\/td>\n<\/tr>\n<tr>\n<td>L-tsitrulliin (vegan fermenteeritud)<\/td>\n<td>4000 mg<\/td>\n<\/tr>\n<tr>\n<td>Beeta-alaniin<\/td>\n<td>3200 mg<\/td>\n<\/tr>\n<tr>\n<td>Nitrosigine\u00ae (inositooliga stabiliseeritud arginiini silikaat)<\/td>\n<td>1500 mg<\/td>\n<\/tr>\n<tr>\n<td>Koliin (VitaCholine\u00ae Choline Bitartrate&#8217;ist<\/td>\n<td>500 mg<\/td>\n<\/tr>\n<tr>\n<td>Looduslik kofeiin (kohviubast)<\/td>\n<td>250 mg<\/td>\n<\/tr>\n<tr>\n<td>teobromiin<\/td>\n<td>100 mg<\/td>\n<\/tr>\n<tr>\n<td>Neurofactor\u2122 kohvipuuviljaekstrakt<\/td>\n<td>100 mg<\/td>\n<\/tr>\n<tr>\n<td colspan=\" 2 \"><b>AstraGin\u00ae<\/b><\/td>\n<\/tr>\n<tr>\n<td colspan=\" 2 \">Astragalus Membranaceus juureekstrakt, Panax Notginseng juureekstrakt<\/td>\n<\/tr>\n<\/tbody>\n<\/table>\n<\/div>\n<div class=\"nutritional-ingredients\">\n<p><strong>Koostisosad*: <\/strong><em>(Sinise vaarika maitse p\u00f5hjal)<\/em>\u00a0looduslikud ja kunstlikud l\u00f5hna- ja maitseained, sidrunhape, r\u00e4nidioksiid, kaltsiumsilikaat, viinhape, sukraloos, FD&amp;C sinine #1<\/p>\n<p>*Teiste maitsete koostisosade saamiseks kirjutage: info@fit360.ee<\/p>\n<\/div>\n<div class=\"nutritional-ingredients\">\n<p><strong>HOIATUSED:<\/strong>\u00a0\u00c4rge v\u00f5tke, kui olete rase v\u00f5i imetate.<\/p>\n<p>Vaata ka meie teisi Pre-Workoute <a href=\"https:\/\/fit360.ee\/en\/product-category\/product-groups\/pre-workout-en\/\"><strong>SIIT<\/strong><\/a>!<\/p>\n<p>Soovid kaupa osta suuremas koguses? Vaata antud toodet ka meie HULGI poest\u00a0<a href=\"https:\/\/toidulisandidhulgi.ee\/tooted\/ghost-legend-v3-30-servings\/\"><strong>SIIT<\/strong><\/a>!<\/p>\n<\/div>\n<\/div>\n<\/div>\n","protected":false},"excerpt":{"rendered":"<ul>\n<li>T\u00f5stab energiat<\/li>\n<li>Parandab keskendumist<\/li>\n<li>Parandab j\u00f5udlust<\/li>\n<li>Rahva lemmik Pre-Workout 2023<\/li>\n<\/ul>\n","protected":false},"featured_media":82463,"comment_status":"open","ping_status":"closed","template":"","meta":[],"product_brand":[],"product_cat":[520,2303,2485,5324,2314,5195,533],"product_tag":[5196,5197,5198,5199],"giftcard-category":[],"class_list":{"0":"post-82464","1":"product","2":"type-product","3":"status-publish","4":"has-post-thumbnail","6":"product_cat-amino-acids-bcaa","7":"product_cat-beta-alanine-en","8":"product_cat-brain-support-nootropics-en","9":"product_cat-caffeine-en","10":"product_cat-citrulline-en","11":"product_cat-ghost-en","12":"product_cat-pre-workout-en","13":"product_tag-ghost-en","14":"product_tag-ghost-legend-en","15":"product_tag-ghost-legend-v3-en","16":"product_tag-ghost-pre-workout-en","17":"pa_kogus-420g-en","18":"pa_maitse-blue-raz-en","19":"pa_maitse-lemon-crush-en","20":"pa_maitse-orange-cream-en","21":"pa_maitse-sour-strips-rainbow-candy-en","22":"pa_maitse-warheads-sour-black-cherry-en","23":"pa_maitse-warheads-sour-watermelon-en","24":"pa_toidulisand-branddd-ghost","25":"pa_tootegruppp-aju-tegevus-nootropics-en","26":"pa_tootegruppp-amino-acidsbcaa","27":"pa_tootegruppp-beeta-alaniin-en","28":"pa_tootegruppp-kofeiin-en","29":"pa_tootegruppp-pre-workout","30":"pa_tootegruppp-turosiin-en","32":"first","33":"instock","34":"sale","35":"taxable","36":"shipping-taxable","37":"purchasable","38":"product-type-variable"},"yoast_head":"<!-- This site is optimized with the Yoast SEO plugin v27.3 - https:\/\/yoast.com\/product\/yoast-seo-wordpress\/ -->\n<title>Ghost Legend V3 30 servings - Kange Pre-Workout - Parim Hind - Fit360<\/title>\n<meta name=\"description\" content=\"GHOST Legend Pre-Workout\u00a0V3 on saabunud!\u00a0\u00a0Ghosti vinge Legend Pre-Workouti uusim iteratsioon, uus valem, parem keskendumineja PUMP efekt. Kiire Tarne!\" \/>\n<meta name=\"robots\" content=\"index, follow, max-snippet:-1, max-image-preview:large, max-video-preview:-1\" \/>\n<link rel=\"canonical\" href=\"https:\/\/fit360.ee\/en\/pood\/product-groups\/amino-acids-bcaa\/beta-alanine-en\/ghost-legend-v3-30-servings\/\" \/>\n<meta property=\"og:locale\" content=\"en_US\" \/>\n<meta property=\"og:type\" content=\"article\" \/>\n<meta property=\"og:title\" content=\"Ghost Legend V3 30 servings - Kange Pre-Workout - Parim Hind - Fit360\" \/>\n<meta property=\"og:description\" content=\"GHOST Legend Pre-Workout\u00a0V3 on saabunud!\u00a0\u00a0Ghosti vinge Legend Pre-Workouti uusim iteratsioon, uus valem, parem keskendumineja PUMP efekt. Kiire Tarne!\" \/>\n<meta property=\"og:url\" content=\"https:\/\/fit360.ee\/en\/pood\/product-groups\/amino-acids-bcaa\/beta-alanine-en\/ghost-legend-v3-30-servings\/\" \/>\n<meta property=\"og:site_name\" content=\"Fit360\" \/>\n<meta property=\"article:modified_time\" content=\"2026-04-08T09:56:23+00:00\" \/>\n<meta property=\"og:image\" content=\"https:\/\/fit360.ee\/wp-content\/uploads\/2024\/08\/ghost-legend-fit360.ee-1.png\" \/>\n\t<meta property=\"og:image:width\" content=\"1100\" \/>\n\t<meta property=\"og:image:height\" content=\"1100\" \/>\n\t<meta property=\"og:image:type\" content=\"image\/png\" \/>\n<meta name=\"twitter:card\" content=\"summary_large_image\" \/>\n<meta name=\"twitter:label1\" content=\"Est. reading time\" \/>\n\t<meta name=\"twitter:data1\" content=\"3 minutes\" \/>\n<script type=\"application\/ld+json\" class=\"yoast-schema-graph\">{\"@context\":\"https:\\\/\\\/schema.org\",\"@graph\":[{\"@type\":\"WebPage\",\"@id\":\"https:\\\/\\\/fit360.ee\\\/en\\\/pood\\\/product-groups\\\/amino-acids-bcaa\\\/beta-alanine-en\\\/ghost-legend-v3-30-servings\\\/\",\"url\":\"https:\\\/\\\/fit360.ee\\\/en\\\/pood\\\/product-groups\\\/amino-acids-bcaa\\\/beta-alanine-en\\\/ghost-legend-v3-30-servings\\\/\",\"name\":\"Ghost Legend V3 30 servings - Kange Pre-Workout - Parim Hind - Fit360\",\"isPartOf\":{\"@id\":\"https:\\\/\\\/fit360.ee\\\/en\\\/#website\"},\"primaryImageOfPage\":{\"@id\":\"https:\\\/\\\/fit360.ee\\\/en\\\/pood\\\/product-groups\\\/amino-acids-bcaa\\\/beta-alanine-en\\\/ghost-legend-v3-30-servings\\\/#primaryimage\"},\"image\":{\"@id\":\"https:\\\/\\\/fit360.ee\\\/en\\\/pood\\\/product-groups\\\/amino-acids-bcaa\\\/beta-alanine-en\\\/ghost-legend-v3-30-servings\\\/#primaryimage\"},\"thumbnailUrl\":\"https:\\\/\\\/fit360.ee\\\/wp-content\\\/uploads\\\/2024\\\/08\\\/ghost-legend-fit360.ee-1.png\",\"datePublished\":\"2024-08-30T10:46:29+00:00\",\"dateModified\":\"2026-04-08T09:56:23+00:00\",\"description\":\"GHOST Legend Pre-Workout\u00a0V3 on saabunud!\u00a0\u00a0Ghosti vinge Legend Pre-Workouti uusim iteratsioon, uus valem, parem keskendumineja PUMP efekt. Kiire Tarne!\",\"breadcrumb\":{\"@id\":\"https:\\\/\\\/fit360.ee\\\/en\\\/pood\\\/product-groups\\\/amino-acids-bcaa\\\/beta-alanine-en\\\/ghost-legend-v3-30-servings\\\/#breadcrumb\"},\"inLanguage\":\"en-US\",\"potentialAction\":[{\"@type\":\"ReadAction\",\"target\":[\"https:\\\/\\\/fit360.ee\\\/en\\\/pood\\\/product-groups\\\/amino-acids-bcaa\\\/beta-alanine-en\\\/ghost-legend-v3-30-servings\\\/\"]}]},{\"@type\":\"ImageObject\",\"inLanguage\":\"en-US\",\"@id\":\"https:\\\/\\\/fit360.ee\\\/en\\\/pood\\\/product-groups\\\/amino-acids-bcaa\\\/beta-alanine-en\\\/ghost-legend-v3-30-servings\\\/#primaryimage\",\"url\":\"https:\\\/\\\/fit360.ee\\\/wp-content\\\/uploads\\\/2024\\\/08\\\/ghost-legend-fit360.ee-1.png\",\"contentUrl\":\"https:\\\/\\\/fit360.ee\\\/wp-content\\\/uploads\\\/2024\\\/08\\\/ghost-legend-fit360.ee-1.png\",\"width\":1100,\"height\":1100,\"caption\":\"ghost legend - fit360.ee\"},{\"@type\":\"BreadcrumbList\",\"@id\":\"https:\\\/\\\/fit360.ee\\\/en\\\/pood\\\/product-groups\\\/amino-acids-bcaa\\\/beta-alanine-en\\\/ghost-legend-v3-30-servings\\\/#breadcrumb\",\"itemListElement\":[{\"@type\":\"ListItem\",\"position\":1,\"name\":\"Home\",\"item\":\"https:\\\/\\\/fit360.ee\\\/en\\\/\"},{\"@type\":\"ListItem\",\"position\":2,\"name\":\"Shop\",\"item\":\"https:\\\/\\\/fit360.ee\\\/en\\\/shop\\\/\"},{\"@type\":\"ListItem\",\"position\":3,\"name\":\"Ghost Legend V3 30 servings\"}]},{\"@type\":\"WebSite\",\"@id\":\"https:\\\/\\\/fit360.ee\\\/en\\\/#website\",\"url\":\"https:\\\/\\\/fit360.ee\\\/en\\\/\",\"name\":\"Fit360\",\"description\":\"\",\"publisher\":{\"@id\":\"https:\\\/\\\/fit360.ee\\\/en\\\/#organization\"},\"potentialAction\":[{\"@type\":\"SearchAction\",\"target\":{\"@type\":\"EntryPoint\",\"urlTemplate\":\"https:\\\/\\\/fit360.ee\\\/en\\\/?s={search_term_string}\"},\"query-input\":{\"@type\":\"PropertyValueSpecification\",\"valueRequired\":true,\"valueName\":\"search_term_string\"}}],\"inLanguage\":\"en-US\"},{\"@type\":\"Organization\",\"@id\":\"https:\\\/\\\/fit360.ee\\\/en\\\/#organization\",\"name\":\"Fit360\",\"url\":\"https:\\\/\\\/fit360.ee\\\/en\\\/\",\"logo\":{\"@type\":\"ImageObject\",\"inLanguage\":\"en-US\",\"@id\":\"https:\\\/\\\/fit360.ee\\\/en\\\/#\\\/schema\\\/logo\\\/image\\\/\",\"url\":\"https:\\\/\\\/fit360.ee\\\/wp-content\\\/uploads\\\/2017\\\/01\\\/logo-fit360.png\",\"contentUrl\":\"https:\\\/\\\/fit360.ee\\\/wp-content\\\/uploads\\\/2017\\\/01\\\/logo-fit360.png\",\"width\":180,\"height\":66,\"caption\":\"Fit360\"},\"image\":{\"@id\":\"https:\\\/\\\/fit360.ee\\\/en\\\/#\\\/schema\\\/logo\\\/image\\\/\"}}]}<\/script>\n<!-- \/ Yoast SEO plugin. -->","yoast_head_json":{"title":"Ghost Legend V3 30 servings - Kange Pre-Workout - Parim Hind - Fit360","description":"GHOST Legend Pre-Workout\u00a0V3 on saabunud!\u00a0\u00a0Ghosti vinge Legend Pre-Workouti uusim iteratsioon, uus valem, parem keskendumineja PUMP efekt. Kiire Tarne!","robots":{"index":"index","follow":"follow","max-snippet":"max-snippet:-1","max-image-preview":"max-image-preview:large","max-video-preview":"max-video-preview:-1"},"canonical":"https:\/\/fit360.ee\/en\/pood\/product-groups\/amino-acids-bcaa\/beta-alanine-en\/ghost-legend-v3-30-servings\/","og_locale":"en_US","og_type":"article","og_title":"Ghost Legend V3 30 servings - Kange Pre-Workout - Parim Hind - Fit360","og_description":"GHOST Legend Pre-Workout\u00a0V3 on saabunud!\u00a0\u00a0Ghosti vinge Legend Pre-Workouti uusim iteratsioon, uus valem, parem keskendumineja PUMP efekt. Kiire Tarne!","og_url":"https:\/\/fit360.ee\/en\/pood\/product-groups\/amino-acids-bcaa\/beta-alanine-en\/ghost-legend-v3-30-servings\/","og_site_name":"Fit360","article_modified_time":"2026-04-08T09:56:23+00:00","og_image":[{"width":1100,"height":1100,"url":"https:\/\/fit360.ee\/wp-content\/uploads\/2024\/08\/ghost-legend-fit360.ee-1.png","type":"image\/png"}],"twitter_card":"summary_large_image","twitter_misc":{"Est. reading time":"3 minutes"},"schema":{"@context":"https:\/\/schema.org","@graph":[{"@type":"WebPage","@id":"https:\/\/fit360.ee\/en\/pood\/product-groups\/amino-acids-bcaa\/beta-alanine-en\/ghost-legend-v3-30-servings\/","url":"https:\/\/fit360.ee\/en\/pood\/product-groups\/amino-acids-bcaa\/beta-alanine-en\/ghost-legend-v3-30-servings\/","name":"Ghost Legend V3 30 servings - Kange Pre-Workout - Parim Hind - Fit360","isPartOf":{"@id":"https:\/\/fit360.ee\/en\/#website"},"primaryImageOfPage":{"@id":"https:\/\/fit360.ee\/en\/pood\/product-groups\/amino-acids-bcaa\/beta-alanine-en\/ghost-legend-v3-30-servings\/#primaryimage"},"image":{"@id":"https:\/\/fit360.ee\/en\/pood\/product-groups\/amino-acids-bcaa\/beta-alanine-en\/ghost-legend-v3-30-servings\/#primaryimage"},"thumbnailUrl":"https:\/\/fit360.ee\/wp-content\/uploads\/2024\/08\/ghost-legend-fit360.ee-1.png","datePublished":"2024-08-30T10:46:29+00:00","dateModified":"2026-04-08T09:56:23+00:00","description":"GHOST Legend Pre-Workout\u00a0V3 on saabunud!\u00a0\u00a0Ghosti vinge Legend Pre-Workouti uusim iteratsioon, uus valem, parem keskendumineja PUMP efekt. Kiire Tarne!","breadcrumb":{"@id":"https:\/\/fit360.ee\/en\/pood\/product-groups\/amino-acids-bcaa\/beta-alanine-en\/ghost-legend-v3-30-servings\/#breadcrumb"},"inLanguage":"en-US","potentialAction":[{"@type":"ReadAction","target":["https:\/\/fit360.ee\/en\/pood\/product-groups\/amino-acids-bcaa\/beta-alanine-en\/ghost-legend-v3-30-servings\/"]}]},{"@type":"ImageObject","inLanguage":"en-US","@id":"https:\/\/fit360.ee\/en\/pood\/product-groups\/amino-acids-bcaa\/beta-alanine-en\/ghost-legend-v3-30-servings\/#primaryimage","url":"https:\/\/fit360.ee\/wp-content\/uploads\/2024\/08\/ghost-legend-fit360.ee-1.png","contentUrl":"https:\/\/fit360.ee\/wp-content\/uploads\/2024\/08\/ghost-legend-fit360.ee-1.png","width":1100,"height":1100,"caption":"ghost legend - fit360.ee"},{"@type":"BreadcrumbList","@id":"https:\/\/fit360.ee\/en\/pood\/product-groups\/amino-acids-bcaa\/beta-alanine-en\/ghost-legend-v3-30-servings\/#breadcrumb","itemListElement":[{"@type":"ListItem","position":1,"name":"Home","item":"https:\/\/fit360.ee\/en\/"},{"@type":"ListItem","position":2,"name":"Shop","item":"https:\/\/fit360.ee\/en\/shop\/"},{"@type":"ListItem","position":3,"name":"Ghost Legend V3 30 servings"}]},{"@type":"WebSite","@id":"https:\/\/fit360.ee\/en\/#website","url":"https:\/\/fit360.ee\/en\/","name":"Fit360","description":"","publisher":{"@id":"https:\/\/fit360.ee\/en\/#organization"},"potentialAction":[{"@type":"SearchAction","target":{"@type":"EntryPoint","urlTemplate":"https:\/\/fit360.ee\/en\/?s={search_term_string}"},"query-input":{"@type":"PropertyValueSpecification","valueRequired":true,"valueName":"search_term_string"}}],"inLanguage":"en-US"},{"@type":"Organization","@id":"https:\/\/fit360.ee\/en\/#organization","name":"Fit360","url":"https:\/\/fit360.ee\/en\/","logo":{"@type":"ImageObject","inLanguage":"en-US","@id":"https:\/\/fit360.ee\/en\/#\/schema\/logo\/image\/","url":"https:\/\/fit360.ee\/wp-content\/uploads\/2017\/01\/logo-fit360.png","contentUrl":"https:\/\/fit360.ee\/wp-content\/uploads\/2017\/01\/logo-fit360.png","width":180,"height":66,"caption":"Fit360"},"image":{"@id":"https:\/\/fit360.ee\/en\/#\/schema\/logo\/image\/"}}]}},"_links":{"self":[{"href":"https:\/\/fit360.ee\/en\/wp-json\/wp\/v2\/product\/82464","targetHints":{"allow":["GET"]}}],"collection":[{"href":"https:\/\/fit360.ee\/en\/wp-json\/wp\/v2\/product"}],"about":[{"href":"https:\/\/fit360.ee\/en\/wp-json\/wp\/v2\/types\/product"}],"replies":[{"embeddable":true,"href":"https:\/\/fit360.ee\/en\/wp-json\/wp\/v2\/comments?post=82464"}],"wp:featuredmedia":[{"embeddable":true,"href":"https:\/\/fit360.ee\/en\/wp-json\/wp\/v2\/media\/82463"}],"wp:attachment":[{"href":"https:\/\/fit360.ee\/en\/wp-json\/wp\/v2\/media?parent=82464"}],"wp:term":[{"taxonomy":"product_brand","embeddable":true,"href":"https:\/\/fit360.ee\/en\/wp-json\/wp\/v2\/product_brand?post=82464"},{"taxonomy":"product_cat","embeddable":true,"href":"https:\/\/fit360.ee\/en\/wp-json\/wp\/v2\/product_cat?post=82464"},{"taxonomy":"product_tag","embeddable":true,"href":"https:\/\/fit360.ee\/en\/wp-json\/wp\/v2\/product_tag?post=82464"},{"taxonomy":"giftcard-category","embeddable":true,"href":"https:\/\/fit360.ee\/en\/wp-json\/wp\/v2\/giftcard-category?post=82464"}],"curies":[{"name":"wp","href":"https:\/\/api.w.org\/{rel}","templated":true}]}}