{"id":82481,"date":"2024-08-30T12:31:34","date_gmt":"2024-08-30T10:31:34","guid":{"rendered":"https:\/\/fit360.ee\/pood\/uncategorized\/monster-energy-ultra-peachy-keen-500ml\/"},"modified":"2026-03-16T16:50:45","modified_gmt":"2026-03-16T14:50:45","slug":"monster-energy-ultra-peachy-keen-500ml","status":"publish","type":"product","link":"https:\/\/fit360.ee\/en\/pood\/product-groups\/drinks-shots\/monster-energy-ultra-peachy-keen-500ml\/","title":{"rendered":"Monster Energy Ultra Peachy (Keen 500ml)"},"content":{"rendered":"<h1>Monster Energy <span style=\"font-size: 25.92px;\">Ultra Peachy Keen Zero Sugar 500ml<\/span><\/h1>\n<p>Monster Energy Ultra Peachy Keen on nullkaloraa\u017e toode.<\/p>\n<p class=\"itemHeader\"><strong>Koositisosad<\/strong>: Karboniseeritud vesi, Hape (sidrunhape), Tauriin (0,4%), Happesuse regulaator (naatriumtsitraat), L\u00f5hna- ja maitseained, Panaxi \u017een\u0161enni juureekstrakt (0,08%), Kofeiin (0,03%), S\u00e4ilitusained (sorbiinhape, bensoehape), <strong>Magusained<\/strong> (sukraloos, atsesulfaam K), v\u00e4rvaine (e150d)<br \/>\nL-karnitiin-L-tartraat (0,015%), Vitamiinid (B3, B5, B6, B12), Naatriumkloriid, Inositool (0,002%). <strong>Energia<\/strong> (100ml): 10kj (2kcal), s\u00fcsivesikud 0,9g, sh suhkrut 0g, sool 0,2g. Vitamiinid (100ml): Niatsiin (B3) 8,5mg, pantoteenhape (B5): 4,2 mg, Vitamiin B6 0,8mg, Vitamiin B12 2,5 ng.<\/p>\n<p class=\"itemHeader\"><strong>NB:<\/strong> sisaldab kofeiini, ei soovitata lastele, rasedatele v\u00f5i imetavatele emadele. Juua vastutustundlikult! Hoida jahedas kohas<\/p>\n<p><strong>Suurus<\/strong>: 500ml<\/p>\n<p><strong>Maitse<\/strong>: Virsik<\/p>\n<p>Vaata ka meie teisi Suhkuruvabasi Energiajooke <a href=\"https:\/\/fit360.ee\/en\/product-category\/product-groups\/sugar-free-energy-drinks-en\/\"><strong>SIIT<\/strong><\/a>!<\/p>\n","protected":false},"excerpt":{"rendered":"<p><strong>MONSTER ENERGY ULTRA Peachy Keen<\/strong>:<\/p>\n<ul>\n<li>Null suhkrut ja kalorit<\/li>\n<li>GMO-vaba<\/li>\n<li>gluteenivaba<\/li>\n<li>Allergeenivaba<\/li>\n<\/ul>\n<p>Gaseeritud energiajook koos tauriini, kofeiini, L-karnitiini ja magusainetega B-vitamiinidega.<\/p>\n","protected":false},"featured_media":82480,"comment_status":"open","ping_status":"closed","template":"","meta":[],"product_brand":[],"product_cat":[523,2013,2043],"product_tag":[2014,5209],"giftcard-category":[],"class_list":{"0":"post-82481","1":"product","2":"type-product","3":"status-publish","4":"has-post-thumbnail","6":"product_cat-drinks-shots","7":"product_cat-monster-energy-en","8":"product_cat-sugar-free-energy-drinks-en","9":"product_tag-monster-energy-en","10":"product_tag-monster-energy-ultra-peachy-keen-en","11":"pa_kogus-500ml-en","12":"pa_toidulisand-branddd-monster-energy","13":"pa_tootegruppp-drinksshots","14":"pa_tootegruppp-suhkruvabad-energiajoogid-en","16":"first","17":"instock","18":"sale","19":"taxable","20":"shipping-taxable","21":"purchasable","22":"product-type-simple"},"yoast_head":"<!-- This site is optimized with the Yoast SEO plugin v27.3 - https:\/\/yoast.com\/product\/yoast-seo-wordpress\/ -->\n<title>Monster Energy Ultra Peachy Peach (500ml)- 0g Suhkrut - 0 kaloraa\u017e<\/title>\n<meta name=\"description\" content=\"Monster Energy Ultra Peachy Keen - Gaseeritud energiajook koos tauriini, kofeiini, L-karnitiini ja magusainetega B-vitamiinidega.\u00a0Kiire tarne\" \/>\n<meta name=\"robots\" content=\"index, follow, max-snippet:-1, max-image-preview:large, max-video-preview:-1\" \/>\n<link rel=\"canonical\" href=\"https:\/\/fit360.ee\/en\/pood\/product-groups\/drinks-shots\/monster-energy-ultra-peachy-keen-500ml\/\" \/>\n<meta property=\"og:locale\" content=\"en_US\" \/>\n<meta property=\"og:type\" content=\"article\" \/>\n<meta property=\"og:title\" content=\"Monster Energy Ultra Peachy Peach (500ml)- 0g Suhkrut - 0 kaloraa\u017e\" \/>\n<meta property=\"og:description\" content=\"Monster Energy Ultra Peachy Keen - Gaseeritud energiajook koos tauriini, kofeiini, L-karnitiini ja magusainetega B-vitamiinidega.\u00a0Kiire tarne\" \/>\n<meta property=\"og:url\" content=\"https:\/\/fit360.ee\/en\/pood\/product-groups\/drinks-shots\/monster-energy-ultra-peachy-keen-500ml\/\" \/>\n<meta property=\"og:site_name\" content=\"Fit360\" \/>\n<meta property=\"article:modified_time\" content=\"2026-03-16T14:50:45+00:00\" \/>\n<meta property=\"og:image\" content=\"https:\/\/fit360.ee\/wp-content\/uploads\/2024\/08\/monster-energy-ultra-peachy-keen-suhkruvaba-fit360.ee_.jpg\" \/>\n\t<meta property=\"og:image:width\" content=\"640\" \/>\n\t<meta property=\"og:image:height\" content=\"640\" \/>\n\t<meta property=\"og:image:type\" content=\"image\/jpeg\" \/>\n<meta name=\"twitter:card\" content=\"summary_large_image\" \/>\n<meta name=\"twitter:label1\" content=\"Est. reading time\" \/>\n\t<meta name=\"twitter:data1\" content=\"1 minute\" \/>\n<script type=\"application\/ld+json\" class=\"yoast-schema-graph\">{\"@context\":\"https:\\\/\\\/schema.org\",\"@graph\":[{\"@type\":\"WebPage\",\"@id\":\"https:\\\/\\\/fit360.ee\\\/en\\\/pood\\\/product-groups\\\/drinks-shots\\\/monster-energy-ultra-peachy-keen-500ml\\\/\",\"url\":\"https:\\\/\\\/fit360.ee\\\/en\\\/pood\\\/product-groups\\\/drinks-shots\\\/monster-energy-ultra-peachy-keen-500ml\\\/\",\"name\":\"Monster Energy Ultra Peachy Peach (500ml)- 0g Suhkrut - 0 kaloraa\u017e\",\"isPartOf\":{\"@id\":\"https:\\\/\\\/fit360.ee\\\/en\\\/#website\"},\"primaryImageOfPage\":{\"@id\":\"https:\\\/\\\/fit360.ee\\\/en\\\/pood\\\/product-groups\\\/drinks-shots\\\/monster-energy-ultra-peachy-keen-500ml\\\/#primaryimage\"},\"image\":{\"@id\":\"https:\\\/\\\/fit360.ee\\\/en\\\/pood\\\/product-groups\\\/drinks-shots\\\/monster-energy-ultra-peachy-keen-500ml\\\/#primaryimage\"},\"thumbnailUrl\":\"https:\\\/\\\/fit360.ee\\\/wp-content\\\/uploads\\\/2024\\\/08\\\/monster-energy-ultra-peachy-keen-suhkruvaba-fit360.ee_.jpg\",\"datePublished\":\"2024-08-30T10:31:34+00:00\",\"dateModified\":\"2026-03-16T14:50:45+00:00\",\"description\":\"Monster Energy Ultra Peachy Keen - Gaseeritud energiajook koos tauriini, kofeiini, L-karnitiini ja magusainetega B-vitamiinidega.\u00a0Kiire tarne\",\"breadcrumb\":{\"@id\":\"https:\\\/\\\/fit360.ee\\\/en\\\/pood\\\/product-groups\\\/drinks-shots\\\/monster-energy-ultra-peachy-keen-500ml\\\/#breadcrumb\"},\"inLanguage\":\"en-US\",\"potentialAction\":[{\"@type\":\"ReadAction\",\"target\":[\"https:\\\/\\\/fit360.ee\\\/en\\\/pood\\\/product-groups\\\/drinks-shots\\\/monster-energy-ultra-peachy-keen-500ml\\\/\"]}]},{\"@type\":\"ImageObject\",\"inLanguage\":\"en-US\",\"@id\":\"https:\\\/\\\/fit360.ee\\\/en\\\/pood\\\/product-groups\\\/drinks-shots\\\/monster-energy-ultra-peachy-keen-500ml\\\/#primaryimage\",\"url\":\"https:\\\/\\\/fit360.ee\\\/wp-content\\\/uploads\\\/2024\\\/08\\\/monster-energy-ultra-peachy-keen-suhkruvaba-fit360.ee_.jpg\",\"contentUrl\":\"https:\\\/\\\/fit360.ee\\\/wp-content\\\/uploads\\\/2024\\\/08\\\/monster-energy-ultra-peachy-keen-suhkruvaba-fit360.ee_.jpg\",\"width\":640,\"height\":640,\"caption\":\"monster energy ultra peachy keen suhkruvaba - fit360.ee\"},{\"@type\":\"BreadcrumbList\",\"@id\":\"https:\\\/\\\/fit360.ee\\\/en\\\/pood\\\/product-groups\\\/drinks-shots\\\/monster-energy-ultra-peachy-keen-500ml\\\/#breadcrumb\",\"itemListElement\":[{\"@type\":\"ListItem\",\"position\":1,\"name\":\"Home\",\"item\":\"https:\\\/\\\/fit360.ee\\\/en\\\/\"},{\"@type\":\"ListItem\",\"position\":2,\"name\":\"Shop\",\"item\":\"https:\\\/\\\/fit360.ee\\\/en\\\/shop\\\/\"},{\"@type\":\"ListItem\",\"position\":3,\"name\":\"Monster Energy Ultra Peachy (Keen 500ml)\"}]},{\"@type\":\"WebSite\",\"@id\":\"https:\\\/\\\/fit360.ee\\\/en\\\/#website\",\"url\":\"https:\\\/\\\/fit360.ee\\\/en\\\/\",\"name\":\"Fit360\",\"description\":\"\",\"publisher\":{\"@id\":\"https:\\\/\\\/fit360.ee\\\/en\\\/#organization\"},\"potentialAction\":[{\"@type\":\"SearchAction\",\"target\":{\"@type\":\"EntryPoint\",\"urlTemplate\":\"https:\\\/\\\/fit360.ee\\\/en\\\/?s={search_term_string}\"},\"query-input\":{\"@type\":\"PropertyValueSpecification\",\"valueRequired\":true,\"valueName\":\"search_term_string\"}}],\"inLanguage\":\"en-US\"},{\"@type\":\"Organization\",\"@id\":\"https:\\\/\\\/fit360.ee\\\/en\\\/#organization\",\"name\":\"Fit360\",\"url\":\"https:\\\/\\\/fit360.ee\\\/en\\\/\",\"logo\":{\"@type\":\"ImageObject\",\"inLanguage\":\"en-US\",\"@id\":\"https:\\\/\\\/fit360.ee\\\/en\\\/#\\\/schema\\\/logo\\\/image\\\/\",\"url\":\"https:\\\/\\\/fit360.ee\\\/wp-content\\\/uploads\\\/2017\\\/01\\\/logo-fit360.png\",\"contentUrl\":\"https:\\\/\\\/fit360.ee\\\/wp-content\\\/uploads\\\/2017\\\/01\\\/logo-fit360.png\",\"width\":180,\"height\":66,\"caption\":\"Fit360\"},\"image\":{\"@id\":\"https:\\\/\\\/fit360.ee\\\/en\\\/#\\\/schema\\\/logo\\\/image\\\/\"}}]}<\/script>\n<!-- \/ Yoast SEO plugin. -->","yoast_head_json":{"title":"Monster Energy Ultra Peachy Peach (500ml)- 0g Suhkrut - 0 kaloraa\u017e","description":"Monster Energy Ultra Peachy Keen - Gaseeritud energiajook koos tauriini, kofeiini, L-karnitiini ja magusainetega B-vitamiinidega.\u00a0Kiire tarne","robots":{"index":"index","follow":"follow","max-snippet":"max-snippet:-1","max-image-preview":"max-image-preview:large","max-video-preview":"max-video-preview:-1"},"canonical":"https:\/\/fit360.ee\/en\/pood\/product-groups\/drinks-shots\/monster-energy-ultra-peachy-keen-500ml\/","og_locale":"en_US","og_type":"article","og_title":"Monster Energy Ultra Peachy Peach (500ml)- 0g Suhkrut - 0 kaloraa\u017e","og_description":"Monster Energy Ultra Peachy Keen - Gaseeritud energiajook koos tauriini, kofeiini, L-karnitiini ja magusainetega B-vitamiinidega.\u00a0Kiire tarne","og_url":"https:\/\/fit360.ee\/en\/pood\/product-groups\/drinks-shots\/monster-energy-ultra-peachy-keen-500ml\/","og_site_name":"Fit360","article_modified_time":"2026-03-16T14:50:45+00:00","og_image":[{"width":640,"height":640,"url":"https:\/\/fit360.ee\/wp-content\/uploads\/2024\/08\/monster-energy-ultra-peachy-keen-suhkruvaba-fit360.ee_.jpg","type":"image\/jpeg"}],"twitter_card":"summary_large_image","twitter_misc":{"Est. reading time":"1 minute"},"schema":{"@context":"https:\/\/schema.org","@graph":[{"@type":"WebPage","@id":"https:\/\/fit360.ee\/en\/pood\/product-groups\/drinks-shots\/monster-energy-ultra-peachy-keen-500ml\/","url":"https:\/\/fit360.ee\/en\/pood\/product-groups\/drinks-shots\/monster-energy-ultra-peachy-keen-500ml\/","name":"Monster Energy Ultra Peachy Peach (500ml)- 0g Suhkrut - 0 kaloraa\u017e","isPartOf":{"@id":"https:\/\/fit360.ee\/en\/#website"},"primaryImageOfPage":{"@id":"https:\/\/fit360.ee\/en\/pood\/product-groups\/drinks-shots\/monster-energy-ultra-peachy-keen-500ml\/#primaryimage"},"image":{"@id":"https:\/\/fit360.ee\/en\/pood\/product-groups\/drinks-shots\/monster-energy-ultra-peachy-keen-500ml\/#primaryimage"},"thumbnailUrl":"https:\/\/fit360.ee\/wp-content\/uploads\/2024\/08\/monster-energy-ultra-peachy-keen-suhkruvaba-fit360.ee_.jpg","datePublished":"2024-08-30T10:31:34+00:00","dateModified":"2026-03-16T14:50:45+00:00","description":"Monster Energy Ultra Peachy Keen - Gaseeritud energiajook koos tauriini, kofeiini, L-karnitiini ja magusainetega B-vitamiinidega.\u00a0Kiire tarne","breadcrumb":{"@id":"https:\/\/fit360.ee\/en\/pood\/product-groups\/drinks-shots\/monster-energy-ultra-peachy-keen-500ml\/#breadcrumb"},"inLanguage":"en-US","potentialAction":[{"@type":"ReadAction","target":["https:\/\/fit360.ee\/en\/pood\/product-groups\/drinks-shots\/monster-energy-ultra-peachy-keen-500ml\/"]}]},{"@type":"ImageObject","inLanguage":"en-US","@id":"https:\/\/fit360.ee\/en\/pood\/product-groups\/drinks-shots\/monster-energy-ultra-peachy-keen-500ml\/#primaryimage","url":"https:\/\/fit360.ee\/wp-content\/uploads\/2024\/08\/monster-energy-ultra-peachy-keen-suhkruvaba-fit360.ee_.jpg","contentUrl":"https:\/\/fit360.ee\/wp-content\/uploads\/2024\/08\/monster-energy-ultra-peachy-keen-suhkruvaba-fit360.ee_.jpg","width":640,"height":640,"caption":"monster energy ultra peachy keen suhkruvaba - fit360.ee"},{"@type":"BreadcrumbList","@id":"https:\/\/fit360.ee\/en\/pood\/product-groups\/drinks-shots\/monster-energy-ultra-peachy-keen-500ml\/#breadcrumb","itemListElement":[{"@type":"ListItem","position":1,"name":"Home","item":"https:\/\/fit360.ee\/en\/"},{"@type":"ListItem","position":2,"name":"Shop","item":"https:\/\/fit360.ee\/en\/shop\/"},{"@type":"ListItem","position":3,"name":"Monster Energy Ultra Peachy (Keen 500ml)"}]},{"@type":"WebSite","@id":"https:\/\/fit360.ee\/en\/#website","url":"https:\/\/fit360.ee\/en\/","name":"Fit360","description":"","publisher":{"@id":"https:\/\/fit360.ee\/en\/#organization"},"potentialAction":[{"@type":"SearchAction","target":{"@type":"EntryPoint","urlTemplate":"https:\/\/fit360.ee\/en\/?s={search_term_string}"},"query-input":{"@type":"PropertyValueSpecification","valueRequired":true,"valueName":"search_term_string"}}],"inLanguage":"en-US"},{"@type":"Organization","@id":"https:\/\/fit360.ee\/en\/#organization","name":"Fit360","url":"https:\/\/fit360.ee\/en\/","logo":{"@type":"ImageObject","inLanguage":"en-US","@id":"https:\/\/fit360.ee\/en\/#\/schema\/logo\/image\/","url":"https:\/\/fit360.ee\/wp-content\/uploads\/2017\/01\/logo-fit360.png","contentUrl":"https:\/\/fit360.ee\/wp-content\/uploads\/2017\/01\/logo-fit360.png","width":180,"height":66,"caption":"Fit360"},"image":{"@id":"https:\/\/fit360.ee\/en\/#\/schema\/logo\/image\/"}}]}},"_links":{"self":[{"href":"https:\/\/fit360.ee\/en\/wp-json\/wp\/v2\/product\/82481","targetHints":{"allow":["GET"]}}],"collection":[{"href":"https:\/\/fit360.ee\/en\/wp-json\/wp\/v2\/product"}],"about":[{"href":"https:\/\/fit360.ee\/en\/wp-json\/wp\/v2\/types\/product"}],"replies":[{"embeddable":true,"href":"https:\/\/fit360.ee\/en\/wp-json\/wp\/v2\/comments?post=82481"}],"wp:featuredmedia":[{"embeddable":true,"href":"https:\/\/fit360.ee\/en\/wp-json\/wp\/v2\/media\/82480"}],"wp:attachment":[{"href":"https:\/\/fit360.ee\/en\/wp-json\/wp\/v2\/media?parent=82481"}],"wp:term":[{"taxonomy":"product_brand","embeddable":true,"href":"https:\/\/fit360.ee\/en\/wp-json\/wp\/v2\/product_brand?post=82481"},{"taxonomy":"product_cat","embeddable":true,"href":"https:\/\/fit360.ee\/en\/wp-json\/wp\/v2\/product_cat?post=82481"},{"taxonomy":"product_tag","embeddable":true,"href":"https:\/\/fit360.ee\/en\/wp-json\/wp\/v2\/product_tag?post=82481"},{"taxonomy":"giftcard-category","embeddable":true,"href":"https:\/\/fit360.ee\/en\/wp-json\/wp\/v2\/giftcard-category?post=82481"}],"curies":[{"name":"wp","href":"https:\/\/api.w.org\/{rel}","templated":true}]}}