{"id":82534,"date":"2024-09-03T15:32:30","date_gmt":"2024-09-03T13:32:30","guid":{"rendered":"https:\/\/fit360.ee\/pood\/uncategorized\/gasp-tactical-backpack\/"},"modified":"2026-04-10T13:41:36","modified_gmt":"2026-04-10T11:41:36","slug":"gasp-tactical-backpack","status":"publish","type":"product","link":"https:\/\/fit360.ee\/en\/pood\/training-equipment-en\/sports-bags-en\/gasp-tactical-backpack\/","title":{"rendered":"Gasp Tactical backpack"},"content":{"rendered":"<h2><strong>Tactical Backpack<\/strong><\/h2>\n<p>Tactical backpack ehk Taktikaline seljakott on loodud mahutama k\u00f5ike, mida igap\u00e4evaselt vajate. Sellel on 5 peamist sektsiooni ja mitu v\u00e4iksemat taskut, mis aitavad teil organiseeritud olla. Kaasas on 3 plaastrit esik\u00fcljel ja 2 plaastrit \u00f5larihmadel. Plaastrid on eemaldatavad ning konksu ja silmuse ruum v\u00f5imaldab teil seda isikup\u00e4rastada. Kaks s\u00fclearvutitaskut on polsterdatud ja pudelihoidjatel on pingutusn\u00f6\u00f6rid, mis sobivad erineva suurusega pudelitele. K\u00f5ik rihmad ja pandlad on reguleeritavad, et tagada teile ideaalne sobivus. Ees ja k\u00fclgedel olevad pol\u00fcesterrihma aasad v\u00f5imaldavad kinnitada selliseid asju nagu konksud ja v\u00f5tmehoidjad.<\/p>\n<p><strong><span>Suurus:<\/span><\/strong><span>\u00a045 L<\/span><br \/>\n<strong><span>Materjal:<\/span><\/strong><span>\u00a0100% pol\u00fcester<\/span><br \/>\n<strong><span>Omadused<\/span><\/strong><span>\u00a0: 5 peamist sahtlit, v\u00e4iksemad taskud sees, pudelihoidjad, reguleeritavad rihmad, polsterdatud arvutitaskud, konksu ja aasa paigad<\/span><\/p>\n<p>Vaata ka meie teisi Spordikotte <a href=\"https:\/\/fit360.ee\/en\/product-category\/training-equipment-en\/sports-bags-en\/\"><strong>SIIT<\/strong><\/a>!<\/p>\n","protected":false},"excerpt":{"rendered":"<p><strong><span>Suurus:<\/span><\/strong><span>\u00a045 L<\/span><br \/>\n<strong><span>Materjal:<\/span><\/strong><span>\u00a0100% pol\u00fcester<\/span><br \/>\n<strong><span>Omadused<\/span><\/strong><span>\u00a0: 5 peamist sahtlit, v\u00e4iksemad taskud sees, pudelihoidjad, reguleeritavad rihmad, polsterdatud arvutitaskud, konksu ja aasa paigad<\/span><\/p>\n","protected":false},"featured_media":82521,"comment_status":"open","ping_status":"closed","template":"","meta":[],"product_brand":[],"product_cat":[947,538],"product_tag":[5213],"giftcard-category":[],"class_list":{"0":"post-82534","1":"product","2":"type-product","3":"status-publish","4":"has-post-thumbnail","6":"product_cat-sports-bags-en","7":"product_cat-training-equipment-en","8":"product_tag-tactical-backpack-en","9":"pa_varvus-black","10":"pa_varvus-dark-camo-en","11":"pa_varvus-red","13":"first","14":"instock","15":"sale","16":"taxable","17":"shipping-taxable","18":"purchasable","19":"product-type-variable"},"yoast_head":"<!-- This site is optimized with the Yoast SEO plugin v27.3 - https:\/\/yoast.com\/product\/yoast-seo-wordpress\/ -->\n<title>Gasp Tactical backpack - Mahukas spordikott - Kvaliteet Materjal - Fit360<\/title>\n<meta name=\"description\" content=\"Tactical backpack ehk Taktikaline seljakott on loodud mahutama k\u00f5ike, mida igap\u00e4evaselt vajate. Sellel on 5 peamist sektsiooni ja mitu v\u00e4iksemat taskut, m..\" \/>\n<meta name=\"robots\" content=\"index, follow, max-snippet:-1, max-image-preview:large, max-video-preview:-1\" \/>\n<link rel=\"canonical\" href=\"https:\/\/fit360.ee\/en\/pood\/training-equipment-en\/sports-bags-en\/gasp-tactical-backpack\/\" \/>\n<meta property=\"og:locale\" content=\"en_US\" \/>\n<meta property=\"og:type\" content=\"article\" \/>\n<meta property=\"og:title\" content=\"Gasp Tactical backpack - Mahukas spordikott - Kvaliteet Materjal - Fit360\" \/>\n<meta property=\"og:description\" content=\"Tactical backpack ehk Taktikaline seljakott on loodud mahutama k\u00f5ike, mida igap\u00e4evaselt vajate. Sellel on 5 peamist sektsiooni ja mitu v\u00e4iksemat taskut, m..\" \/>\n<meta property=\"og:url\" content=\"https:\/\/fit360.ee\/en\/pood\/training-equipment-en\/sports-bags-en\/gasp-tactical-backpack\/\" \/>\n<meta property=\"og:site_name\" content=\"Fit360\" \/>\n<meta property=\"article:modified_time\" content=\"2026-04-10T11:41:36+00:00\" \/>\n<meta property=\"og:image\" content=\"https:\/\/fit360.ee\/wp-content\/uploads\/2024\/09\/tactical-backpack-fit360.ee_.jpg\" \/>\n\t<meta property=\"og:image:width\" content=\"1000\" \/>\n\t<meta property=\"og:image:height\" content=\"1000\" \/>\n\t<meta property=\"og:image:type\" content=\"image\/jpeg\" \/>\n<meta name=\"twitter:card\" content=\"summary_large_image\" \/>\n<meta name=\"twitter:label1\" content=\"Est. reading time\" \/>\n\t<meta name=\"twitter:data1\" content=\"1 minute\" \/>\n<script type=\"application\/ld+json\" class=\"yoast-schema-graph\">{\"@context\":\"https:\\\/\\\/schema.org\",\"@graph\":[{\"@type\":\"WebPage\",\"@id\":\"https:\\\/\\\/fit360.ee\\\/en\\\/pood\\\/training-equipment-en\\\/sports-bags-en\\\/gasp-tactical-backpack\\\/\",\"url\":\"https:\\\/\\\/fit360.ee\\\/en\\\/pood\\\/training-equipment-en\\\/sports-bags-en\\\/gasp-tactical-backpack\\\/\",\"name\":\"Gasp Tactical backpack - Mahukas spordikott - Kvaliteet Materjal - Fit360\",\"isPartOf\":{\"@id\":\"https:\\\/\\\/fit360.ee\\\/en\\\/#website\"},\"primaryImageOfPage\":{\"@id\":\"https:\\\/\\\/fit360.ee\\\/en\\\/pood\\\/training-equipment-en\\\/sports-bags-en\\\/gasp-tactical-backpack\\\/#primaryimage\"},\"image\":{\"@id\":\"https:\\\/\\\/fit360.ee\\\/en\\\/pood\\\/training-equipment-en\\\/sports-bags-en\\\/gasp-tactical-backpack\\\/#primaryimage\"},\"thumbnailUrl\":\"https:\\\/\\\/fit360.ee\\\/wp-content\\\/uploads\\\/2024\\\/09\\\/tactical-backpack-fit360.ee_.jpg\",\"datePublished\":\"2024-09-03T13:32:30+00:00\",\"dateModified\":\"2026-04-10T11:41:36+00:00\",\"description\":\"Tactical backpack ehk Taktikaline seljakott on loodud mahutama k\u00f5ike, mida igap\u00e4evaselt vajate. Sellel on 5 peamist sektsiooni ja mitu v\u00e4iksemat taskut, m..\",\"breadcrumb\":{\"@id\":\"https:\\\/\\\/fit360.ee\\\/en\\\/pood\\\/training-equipment-en\\\/sports-bags-en\\\/gasp-tactical-backpack\\\/#breadcrumb\"},\"inLanguage\":\"en-US\",\"potentialAction\":[{\"@type\":\"ReadAction\",\"target\":[\"https:\\\/\\\/fit360.ee\\\/en\\\/pood\\\/training-equipment-en\\\/sports-bags-en\\\/gasp-tactical-backpack\\\/\"]}]},{\"@type\":\"ImageObject\",\"inLanguage\":\"en-US\",\"@id\":\"https:\\\/\\\/fit360.ee\\\/en\\\/pood\\\/training-equipment-en\\\/sports-bags-en\\\/gasp-tactical-backpack\\\/#primaryimage\",\"url\":\"https:\\\/\\\/fit360.ee\\\/wp-content\\\/uploads\\\/2024\\\/09\\\/tactical-backpack-fit360.ee_.jpg\",\"contentUrl\":\"https:\\\/\\\/fit360.ee\\\/wp-content\\\/uploads\\\/2024\\\/09\\\/tactical-backpack-fit360.ee_.jpg\",\"width\":1000,\"height\":1000,\"caption\":\"tactical backpack - fit360.ee\"},{\"@type\":\"BreadcrumbList\",\"@id\":\"https:\\\/\\\/fit360.ee\\\/en\\\/pood\\\/training-equipment-en\\\/sports-bags-en\\\/gasp-tactical-backpack\\\/#breadcrumb\",\"itemListElement\":[{\"@type\":\"ListItem\",\"position\":1,\"name\":\"Home\",\"item\":\"https:\\\/\\\/fit360.ee\\\/en\\\/\"},{\"@type\":\"ListItem\",\"position\":2,\"name\":\"Shop\",\"item\":\"https:\\\/\\\/fit360.ee\\\/en\\\/shop\\\/\"},{\"@type\":\"ListItem\",\"position\":3,\"name\":\"Gasp Tactical backpack\"}]},{\"@type\":\"WebSite\",\"@id\":\"https:\\\/\\\/fit360.ee\\\/en\\\/#website\",\"url\":\"https:\\\/\\\/fit360.ee\\\/en\\\/\",\"name\":\"Fit360\",\"description\":\"\",\"publisher\":{\"@id\":\"https:\\\/\\\/fit360.ee\\\/en\\\/#organization\"},\"potentialAction\":[{\"@type\":\"SearchAction\",\"target\":{\"@type\":\"EntryPoint\",\"urlTemplate\":\"https:\\\/\\\/fit360.ee\\\/en\\\/?s={search_term_string}\"},\"query-input\":{\"@type\":\"PropertyValueSpecification\",\"valueRequired\":true,\"valueName\":\"search_term_string\"}}],\"inLanguage\":\"en-US\"},{\"@type\":\"Organization\",\"@id\":\"https:\\\/\\\/fit360.ee\\\/en\\\/#organization\",\"name\":\"Fit360\",\"url\":\"https:\\\/\\\/fit360.ee\\\/en\\\/\",\"logo\":{\"@type\":\"ImageObject\",\"inLanguage\":\"en-US\",\"@id\":\"https:\\\/\\\/fit360.ee\\\/en\\\/#\\\/schema\\\/logo\\\/image\\\/\",\"url\":\"https:\\\/\\\/fit360.ee\\\/wp-content\\\/uploads\\\/2017\\\/01\\\/logo-fit360.png\",\"contentUrl\":\"https:\\\/\\\/fit360.ee\\\/wp-content\\\/uploads\\\/2017\\\/01\\\/logo-fit360.png\",\"width\":180,\"height\":66,\"caption\":\"Fit360\"},\"image\":{\"@id\":\"https:\\\/\\\/fit360.ee\\\/en\\\/#\\\/schema\\\/logo\\\/image\\\/\"}}]}<\/script>\n<!-- \/ Yoast SEO plugin. -->","yoast_head_json":{"title":"Gasp Tactical backpack - Mahukas spordikott - Kvaliteet Materjal - Fit360","description":"Tactical backpack ehk Taktikaline seljakott on loodud mahutama k\u00f5ike, mida igap\u00e4evaselt vajate. Sellel on 5 peamist sektsiooni ja mitu v\u00e4iksemat taskut, m..","robots":{"index":"index","follow":"follow","max-snippet":"max-snippet:-1","max-image-preview":"max-image-preview:large","max-video-preview":"max-video-preview:-1"},"canonical":"https:\/\/fit360.ee\/en\/pood\/training-equipment-en\/sports-bags-en\/gasp-tactical-backpack\/","og_locale":"en_US","og_type":"article","og_title":"Gasp Tactical backpack - Mahukas spordikott - Kvaliteet Materjal - Fit360","og_description":"Tactical backpack ehk Taktikaline seljakott on loodud mahutama k\u00f5ike, mida igap\u00e4evaselt vajate. Sellel on 5 peamist sektsiooni ja mitu v\u00e4iksemat taskut, m..","og_url":"https:\/\/fit360.ee\/en\/pood\/training-equipment-en\/sports-bags-en\/gasp-tactical-backpack\/","og_site_name":"Fit360","article_modified_time":"2026-04-10T11:41:36+00:00","og_image":[{"width":1000,"height":1000,"url":"https:\/\/fit360.ee\/wp-content\/uploads\/2024\/09\/tactical-backpack-fit360.ee_.jpg","type":"image\/jpeg"}],"twitter_card":"summary_large_image","twitter_misc":{"Est. reading time":"1 minute"},"schema":{"@context":"https:\/\/schema.org","@graph":[{"@type":"WebPage","@id":"https:\/\/fit360.ee\/en\/pood\/training-equipment-en\/sports-bags-en\/gasp-tactical-backpack\/","url":"https:\/\/fit360.ee\/en\/pood\/training-equipment-en\/sports-bags-en\/gasp-tactical-backpack\/","name":"Gasp Tactical backpack - Mahukas spordikott - Kvaliteet Materjal - Fit360","isPartOf":{"@id":"https:\/\/fit360.ee\/en\/#website"},"primaryImageOfPage":{"@id":"https:\/\/fit360.ee\/en\/pood\/training-equipment-en\/sports-bags-en\/gasp-tactical-backpack\/#primaryimage"},"image":{"@id":"https:\/\/fit360.ee\/en\/pood\/training-equipment-en\/sports-bags-en\/gasp-tactical-backpack\/#primaryimage"},"thumbnailUrl":"https:\/\/fit360.ee\/wp-content\/uploads\/2024\/09\/tactical-backpack-fit360.ee_.jpg","datePublished":"2024-09-03T13:32:30+00:00","dateModified":"2026-04-10T11:41:36+00:00","description":"Tactical backpack ehk Taktikaline seljakott on loodud mahutama k\u00f5ike, mida igap\u00e4evaselt vajate. Sellel on 5 peamist sektsiooni ja mitu v\u00e4iksemat taskut, m..","breadcrumb":{"@id":"https:\/\/fit360.ee\/en\/pood\/training-equipment-en\/sports-bags-en\/gasp-tactical-backpack\/#breadcrumb"},"inLanguage":"en-US","potentialAction":[{"@type":"ReadAction","target":["https:\/\/fit360.ee\/en\/pood\/training-equipment-en\/sports-bags-en\/gasp-tactical-backpack\/"]}]},{"@type":"ImageObject","inLanguage":"en-US","@id":"https:\/\/fit360.ee\/en\/pood\/training-equipment-en\/sports-bags-en\/gasp-tactical-backpack\/#primaryimage","url":"https:\/\/fit360.ee\/wp-content\/uploads\/2024\/09\/tactical-backpack-fit360.ee_.jpg","contentUrl":"https:\/\/fit360.ee\/wp-content\/uploads\/2024\/09\/tactical-backpack-fit360.ee_.jpg","width":1000,"height":1000,"caption":"tactical backpack - fit360.ee"},{"@type":"BreadcrumbList","@id":"https:\/\/fit360.ee\/en\/pood\/training-equipment-en\/sports-bags-en\/gasp-tactical-backpack\/#breadcrumb","itemListElement":[{"@type":"ListItem","position":1,"name":"Home","item":"https:\/\/fit360.ee\/en\/"},{"@type":"ListItem","position":2,"name":"Shop","item":"https:\/\/fit360.ee\/en\/shop\/"},{"@type":"ListItem","position":3,"name":"Gasp Tactical backpack"}]},{"@type":"WebSite","@id":"https:\/\/fit360.ee\/en\/#website","url":"https:\/\/fit360.ee\/en\/","name":"Fit360","description":"","publisher":{"@id":"https:\/\/fit360.ee\/en\/#organization"},"potentialAction":[{"@type":"SearchAction","target":{"@type":"EntryPoint","urlTemplate":"https:\/\/fit360.ee\/en\/?s={search_term_string}"},"query-input":{"@type":"PropertyValueSpecification","valueRequired":true,"valueName":"search_term_string"}}],"inLanguage":"en-US"},{"@type":"Organization","@id":"https:\/\/fit360.ee\/en\/#organization","name":"Fit360","url":"https:\/\/fit360.ee\/en\/","logo":{"@type":"ImageObject","inLanguage":"en-US","@id":"https:\/\/fit360.ee\/en\/#\/schema\/logo\/image\/","url":"https:\/\/fit360.ee\/wp-content\/uploads\/2017\/01\/logo-fit360.png","contentUrl":"https:\/\/fit360.ee\/wp-content\/uploads\/2017\/01\/logo-fit360.png","width":180,"height":66,"caption":"Fit360"},"image":{"@id":"https:\/\/fit360.ee\/en\/#\/schema\/logo\/image\/"}}]}},"_links":{"self":[{"href":"https:\/\/fit360.ee\/en\/wp-json\/wp\/v2\/product\/82534","targetHints":{"allow":["GET"]}}],"collection":[{"href":"https:\/\/fit360.ee\/en\/wp-json\/wp\/v2\/product"}],"about":[{"href":"https:\/\/fit360.ee\/en\/wp-json\/wp\/v2\/types\/product"}],"replies":[{"embeddable":true,"href":"https:\/\/fit360.ee\/en\/wp-json\/wp\/v2\/comments?post=82534"}],"wp:featuredmedia":[{"embeddable":true,"href":"https:\/\/fit360.ee\/en\/wp-json\/wp\/v2\/media\/82521"}],"wp:attachment":[{"href":"https:\/\/fit360.ee\/en\/wp-json\/wp\/v2\/media?parent=82534"}],"wp:term":[{"taxonomy":"product_brand","embeddable":true,"href":"https:\/\/fit360.ee\/en\/wp-json\/wp\/v2\/product_brand?post=82534"},{"taxonomy":"product_cat","embeddable":true,"href":"https:\/\/fit360.ee\/en\/wp-json\/wp\/v2\/product_cat?post=82534"},{"taxonomy":"product_tag","embeddable":true,"href":"https:\/\/fit360.ee\/en\/wp-json\/wp\/v2\/product_tag?post=82534"},{"taxonomy":"giftcard-category","embeddable":true,"href":"https:\/\/fit360.ee\/en\/wp-json\/wp\/v2\/giftcard-category?post=82534"}],"curies":[{"name":"wp","href":"https:\/\/api.w.org\/{rel}","templated":true}]}}