{"id":82586,"date":"2024-09-06T13:43:47","date_gmt":"2024-09-06T11:43:47","guid":{"rendered":"https:\/\/fit360.ee\/pood\/uncategorized\/magnesium-glycinate-90caps\/"},"modified":"2026-04-10T16:41:25","modified_gmt":"2026-04-10T14:41:25","slug":"magnesium-glycinate-90caps","status":"publish","type":"product","link":"https:\/\/fit360.ee\/en\/pood\/product-groups\/vitamins-and-minerals-en\/magnesium-en\/magnesium-glycinate-90caps\/","title":{"rendered":"Magnesium Glycinate (90caps)"},"content":{"rendered":"<h2><strong>Magneesiumgl\u00fctsinaat<\/strong><\/h2>\n<section class=\"cm__section\">\n<p class=\"cm__text --bold\">OstroVit Magneesiumgl\u00fctsinaat (Magnesium Glycinate) on kvaliteetne toidulisand, mis on magneesiumi allikas magneesiumbisgl\u00fctsinaadi kujul. See preparaat on saadaval kergesti neelatavate kapslite kujul, mis on loodud inimestele, kes soovivad t\u00e4iendada oma igap\u00e4evast toitumist v\u00e4\u00e4rtusliku koostisosaga.<\/p>\n<ul class=\"cm__list\">\n<li><strong>Magneesiumiallikas<\/strong>\u00a0\u2013 \u00fcks toidulisandi portsjon annab kehale 400 mg magneesiumbisgl\u00fctsinaadi kujul olevat elementi.<\/li>\n<li><strong>1 portsjon = 3 kapslit<\/strong>\u00a0.<\/li>\n<li><strong>T\u00f5husus<\/strong>\u00a0\u2013 tootepakendis on 30 portsjonit preparaati, millest piisab kuuks regulaarseks toidulisandiks.<\/li>\n<li><strong>Mugav vorm<\/strong>\u00a0&#8211; preparaat on saadaval kergesti neelatavate kapslitena, tagades toidulisandi t\u00f5rgeteta manustamise.<\/li>\n<\/ul>\n<h4 class=\"cm__heading\"><strong>OstroVit Magnesium Glycinate \u2013 v\u00e4\u00e4rtusliku makroelemendi allikas<\/strong><\/h4>\n<p><strong>Magneesium<\/strong>\u00a0\u2013 keemiline element s\u00fcmboliga Mg. Mineraal, mis on klassifitseeritud makroelemendiks, kuna seda esineb inimkehas m\u00e4rkimisv\u00e4\u00e4rses koguses. Inimorganismis ladestub\u00a0<a href=\"https:\/\/fit360.ee\/en\/product-category\/product-groups\/vitamins-and-minerals-en\/magnesium-en\/\" target=\"_blank\" rel=\"noopener\">magneesium<\/a>\u00a0peamiselt luudesse ja lihastesse ning veres leidub vaid 1% elementi. See on toidus laialt levinud \u00fchend, mida leidub nii loomsetes kui ka taimsetes saadustes. Magneesiumi toiduallikate hulka kuuluvad: t\u00e4isteratooted, kuivad kaunviljad, aga ka p\u00e4hklid ja rohelised lehtk\u00f6\u00f6giviljad. OstroVit preparaadis kasutatakse magneesiumbisgl\u00fctsinaati \u2013 magneesiumkelaati, \u00fchendit, mis \u00fchendab magneesiumi kahe valgu aminohappe gl\u00fctsiini molekuliga. Magneesiumbisgl\u00fctsinaat on aine, mida iseloomustab k\u00f5rge biosaadavus ja biosaadavus ning mis lisaks ei aita kaasa seedes\u00fcsteemi probleemidele, mis m\u00f5jutab positiivselt toote kvaliteeti ja toidulisandite t\u00f5husust.<\/p>\n<h4 class=\"cm__heading\"><strong>OstroVit magneesiumgl\u00fctsinaadis sisalduvate koostisosade omadused<\/strong><\/h4>\n<p><strong>Magneesium<\/strong> aitab v\u00e4hendada v\u00e4simus- ja kurnatustunnet ning aitab s\u00e4ilitada elektrol\u00fc\u00fctide tasakaalu. Lisaks toetab see n\u00e4rvis\u00fcsteemi n\u00f5uetekohast talitlust ja aitab s\u00e4ilitada \u00f5iget energiavahetust. Magneesiumgl\u00fctsinaat toetab ka \u00f5iget lihaste funktsiooni ning aitab s\u00e4ilitada terveid luid ja hambaid. Lisaks m\u00e4ngib see rolli rakkude jagunemise protsessis ja toetab optimaalsete ps\u00fchholoogiliste funktsioonide s\u00e4ilimist.<\/p>\n<\/section>\n<section class=\"cm__section\">\n<h4 class=\"cm__heading\"><strong>Laboratoorselt kinnitatud kvaliteet<\/strong><\/h4>\n<p class=\"cm__text --bold\">Klientide tervise p\u00e4rast muretsedes testitakse meie toodetud tooteid regulaarselt s\u00f5ltumatus akrediteeritud laboris, et tagada ja s\u00e4ilitada k\u00f5rgeim kvaliteet.<\/p>\n<p><strong>Koostisosad<\/strong>: Magneesiumbisgl\u00fctsinaat (magneesium), kapsli kest (t\u00e4iteaine: h\u00fcdroks\u00fcprop\u00fc\u00fclmet\u00fc\u00fcltselluloos), paakumisvastane aine: rasvhapete magneesiumisoolad.<\/p>\n<p><strong>Kasutamine<\/strong>: V\u00f5tke 1 portsjon (3 kapslit) p\u00e4evas.<\/p>\n<p>\u00c4rge \u00fcletage soovitatavat \u00f6\u00f6p\u00e4evast kogust. Toidulisandit ei saa kasutada mitmek\u00fclgse toitumise asendajana. Soovitatav on tasakaalustatud toitumine ja tervislik eluviis. \u00c4rge tarbige, kui olete m\u00f5ne toote koostisosa suhtes allergiline. Toodet ei tohi kasutada lapsed, rasedad ja imetavad emad. Hoida v\u00e4ikelastele k\u00e4ttesaamatus kohas.<\/p>\n<table>\n<tbody>\n<tr>\n<th>Aktiivsed koostisained<\/th>\n<th>Portsjoni kohta<\/th>\n<th>% SPK*<\/th>\n<\/tr>\n<tr>\n<td>Magneesium<\/td>\n<td>400 mg<\/td>\n<td>107%<\/td>\n<\/tr>\n<\/tbody>\n<\/table>\n<p>*SPK \u2013 Soovitatud p\u00e4evane kogus.<\/p>\n<p>Vaata ka meie teisi Magneesiume <a href=\"https:\/\/fit360.ee\/en\/product-category\/product-groups\/vitamins-and-minerals-en\/magnesium-en\/\"><strong>SIIT<\/strong><\/a> v\u00f5i teisi Vitamiine\/Mineraale <a href=\"https:\/\/fit360.ee\/en\/product-category\/product-groups\/vitamins-and-minerals-en\/\"><strong>SIIT<\/strong><\/a>!<\/p>\n<p>Soovid kaupa osta suuremas koguses? Vaata antud toodet ka meie HULGI poest\u00a0<a href=\"https:\/\/toidulisandidhulgi.ee\/tooted\/magnesium-glycinate-90caps\/\"><strong>SIIT<\/strong><\/a>!<\/p>\n<\/section>\n","protected":false},"excerpt":{"rendered":"<ul class=\"cm__list\">\n<li>Magneesiumiallikas\u00a0\u2013 \u00fcks toidulisandi portsjon annab kehale 400 mg magneesiumbisgl\u00fctsinaadi kujul olevat elementi.<\/li>\n<li>1 portsjon<\/li>\n<li>T\u00f5husus<\/li>\n<li>Mugav vorm<\/li>\n<\/ul>\n","protected":false},"featured_media":82585,"comment_status":"open","ping_status":"closed","template":"","meta":[],"product_brand":[],"product_cat":[1915,1329,536],"product_tag":[2190,5215,1924],"giftcard-category":[],"class_list":{"0":"post-82586","1":"product","2":"type-product","3":"status-publish","4":"has-post-thumbnail","6":"product_cat-magnesium-en","7":"product_cat-ostrovit-en","8":"product_cat-vitamins-and-minerals-en","9":"product_tag-magneesium-en","10":"product_tag-magneesiumglutsinaat-en","11":"product_tag-ostrovit-en","12":"pa_kogus-90-capsules","13":"pa_toidulisand-branddd-ostrovit","14":"pa_tootegruppp-magneesium-en","15":"pa_tootegruppp-vitamins-and-minerals","17":"first","18":"instock","19":"sale","20":"taxable","21":"shipping-taxable","22":"purchasable","23":"product-type-simple"},"yoast_head":"<!-- This site is optimized with the Yoast SEO plugin v27.3 - https:\/\/yoast.com\/product\/yoast-seo-wordpress\/ -->\n<title>Magnesium Glycinate (90caps) - Magneesiumgl\u00fctsinaat - Parim Hind - Fit360<\/title>\n<meta name=\"description\" content=\"Magneesiumgl\u00fctsinaat on kvaliteetne toidulisand, mis on magneesiumi allikas magneesiumbisgl\u00fctsinaadi kujul. See preparaat on saadaval kergesti n...\" \/>\n<meta name=\"robots\" content=\"index, follow, max-snippet:-1, max-image-preview:large, max-video-preview:-1\" \/>\n<link rel=\"canonical\" href=\"https:\/\/fit360.ee\/en\/pood\/product-groups\/vitamins-and-minerals-en\/magnesium-en\/magnesium-glycinate-90caps\/\" \/>\n<meta property=\"og:locale\" content=\"en_US\" \/>\n<meta property=\"og:type\" content=\"article\" \/>\n<meta property=\"og:title\" content=\"Magnesium Glycinate (90caps) - Magneesiumgl\u00fctsinaat - Parim Hind - Fit360\" \/>\n<meta property=\"og:description\" content=\"Magneesiumgl\u00fctsinaat on kvaliteetne toidulisand, mis on magneesiumi allikas magneesiumbisgl\u00fctsinaadi kujul. See preparaat on saadaval kergesti n...\" \/>\n<meta property=\"og:url\" content=\"https:\/\/fit360.ee\/en\/pood\/product-groups\/vitamins-and-minerals-en\/magnesium-en\/magnesium-glycinate-90caps\/\" \/>\n<meta property=\"og:site_name\" content=\"Fit360\" \/>\n<meta property=\"article:modified_time\" content=\"2026-04-10T14:41:25+00:00\" \/>\n<meta property=\"og:image\" content=\"https:\/\/fit360.ee\/wp-content\/uploads\/2024\/09\/magneesiumglutsinaat-fit360.ee-1.png\" \/>\n\t<meta property=\"og:image:width\" content=\"450\" \/>\n\t<meta property=\"og:image:height\" content=\"450\" \/>\n\t<meta property=\"og:image:type\" content=\"image\/png\" \/>\n<meta name=\"twitter:card\" content=\"summary_large_image\" \/>\n<meta name=\"twitter:label1\" content=\"Est. reading time\" \/>\n\t<meta name=\"twitter:data1\" content=\"3 minutes\" \/>\n<script type=\"application\/ld+json\" class=\"yoast-schema-graph\">{\"@context\":\"https:\\\/\\\/schema.org\",\"@graph\":[{\"@type\":\"WebPage\",\"@id\":\"https:\\\/\\\/fit360.ee\\\/en\\\/pood\\\/product-groups\\\/vitamins-and-minerals-en\\\/magnesium-en\\\/magnesium-glycinate-90caps\\\/\",\"url\":\"https:\\\/\\\/fit360.ee\\\/en\\\/pood\\\/product-groups\\\/vitamins-and-minerals-en\\\/magnesium-en\\\/magnesium-glycinate-90caps\\\/\",\"name\":\"Magnesium Glycinate (90caps) - Magneesiumgl\u00fctsinaat - Parim Hind - Fit360\",\"isPartOf\":{\"@id\":\"https:\\\/\\\/fit360.ee\\\/en\\\/#website\"},\"primaryImageOfPage\":{\"@id\":\"https:\\\/\\\/fit360.ee\\\/en\\\/pood\\\/product-groups\\\/vitamins-and-minerals-en\\\/magnesium-en\\\/magnesium-glycinate-90caps\\\/#primaryimage\"},\"image\":{\"@id\":\"https:\\\/\\\/fit360.ee\\\/en\\\/pood\\\/product-groups\\\/vitamins-and-minerals-en\\\/magnesium-en\\\/magnesium-glycinate-90caps\\\/#primaryimage\"},\"thumbnailUrl\":\"https:\\\/\\\/fit360.ee\\\/wp-content\\\/uploads\\\/2024\\\/09\\\/magneesiumglutsinaat-fit360.ee-1.png\",\"datePublished\":\"2024-09-06T11:43:47+00:00\",\"dateModified\":\"2026-04-10T14:41:25+00:00\",\"description\":\"Magneesiumgl\u00fctsinaat on kvaliteetne toidulisand, mis on magneesiumi allikas magneesiumbisgl\u00fctsinaadi kujul. See preparaat on saadaval kergesti n...\",\"breadcrumb\":{\"@id\":\"https:\\\/\\\/fit360.ee\\\/en\\\/pood\\\/product-groups\\\/vitamins-and-minerals-en\\\/magnesium-en\\\/magnesium-glycinate-90caps\\\/#breadcrumb\"},\"inLanguage\":\"en-US\",\"potentialAction\":[{\"@type\":\"ReadAction\",\"target\":[\"https:\\\/\\\/fit360.ee\\\/en\\\/pood\\\/product-groups\\\/vitamins-and-minerals-en\\\/magnesium-en\\\/magnesium-glycinate-90caps\\\/\"]}]},{\"@type\":\"ImageObject\",\"inLanguage\":\"en-US\",\"@id\":\"https:\\\/\\\/fit360.ee\\\/en\\\/pood\\\/product-groups\\\/vitamins-and-minerals-en\\\/magnesium-en\\\/magnesium-glycinate-90caps\\\/#primaryimage\",\"url\":\"https:\\\/\\\/fit360.ee\\\/wp-content\\\/uploads\\\/2024\\\/09\\\/magneesiumglutsinaat-fit360.ee-1.png\",\"contentUrl\":\"https:\\\/\\\/fit360.ee\\\/wp-content\\\/uploads\\\/2024\\\/09\\\/magneesiumglutsinaat-fit360.ee-1.png\",\"width\":450,\"height\":450,\"caption\":\"magneesiumgl\u00fctsinaat - fit360.ee\"},{\"@type\":\"BreadcrumbList\",\"@id\":\"https:\\\/\\\/fit360.ee\\\/en\\\/pood\\\/product-groups\\\/vitamins-and-minerals-en\\\/magnesium-en\\\/magnesium-glycinate-90caps\\\/#breadcrumb\",\"itemListElement\":[{\"@type\":\"ListItem\",\"position\":1,\"name\":\"Home\",\"item\":\"https:\\\/\\\/fit360.ee\\\/en\\\/\"},{\"@type\":\"ListItem\",\"position\":2,\"name\":\"Shop\",\"item\":\"https:\\\/\\\/fit360.ee\\\/en\\\/shop\\\/\"},{\"@type\":\"ListItem\",\"position\":3,\"name\":\"Magnesium Glycinate (90caps)\"}]},{\"@type\":\"WebSite\",\"@id\":\"https:\\\/\\\/fit360.ee\\\/en\\\/#website\",\"url\":\"https:\\\/\\\/fit360.ee\\\/en\\\/\",\"name\":\"Fit360\",\"description\":\"\",\"publisher\":{\"@id\":\"https:\\\/\\\/fit360.ee\\\/en\\\/#organization\"},\"potentialAction\":[{\"@type\":\"SearchAction\",\"target\":{\"@type\":\"EntryPoint\",\"urlTemplate\":\"https:\\\/\\\/fit360.ee\\\/en\\\/?s={search_term_string}\"},\"query-input\":{\"@type\":\"PropertyValueSpecification\",\"valueRequired\":true,\"valueName\":\"search_term_string\"}}],\"inLanguage\":\"en-US\"},{\"@type\":\"Organization\",\"@id\":\"https:\\\/\\\/fit360.ee\\\/en\\\/#organization\",\"name\":\"Fit360\",\"url\":\"https:\\\/\\\/fit360.ee\\\/en\\\/\",\"logo\":{\"@type\":\"ImageObject\",\"inLanguage\":\"en-US\",\"@id\":\"https:\\\/\\\/fit360.ee\\\/en\\\/#\\\/schema\\\/logo\\\/image\\\/\",\"url\":\"https:\\\/\\\/fit360.ee\\\/wp-content\\\/uploads\\\/2017\\\/01\\\/logo-fit360.png\",\"contentUrl\":\"https:\\\/\\\/fit360.ee\\\/wp-content\\\/uploads\\\/2017\\\/01\\\/logo-fit360.png\",\"width\":180,\"height\":66,\"caption\":\"Fit360\"},\"image\":{\"@id\":\"https:\\\/\\\/fit360.ee\\\/en\\\/#\\\/schema\\\/logo\\\/image\\\/\"}}]}<\/script>\n<!-- \/ Yoast SEO plugin. -->","yoast_head_json":{"title":"Magnesium Glycinate (90caps) - Magneesiumgl\u00fctsinaat - Parim Hind - Fit360","description":"Magneesiumgl\u00fctsinaat on kvaliteetne toidulisand, mis on magneesiumi allikas magneesiumbisgl\u00fctsinaadi kujul. See preparaat on saadaval kergesti n...","robots":{"index":"index","follow":"follow","max-snippet":"max-snippet:-1","max-image-preview":"max-image-preview:large","max-video-preview":"max-video-preview:-1"},"canonical":"https:\/\/fit360.ee\/en\/pood\/product-groups\/vitamins-and-minerals-en\/magnesium-en\/magnesium-glycinate-90caps\/","og_locale":"en_US","og_type":"article","og_title":"Magnesium Glycinate (90caps) - Magneesiumgl\u00fctsinaat - Parim Hind - Fit360","og_description":"Magneesiumgl\u00fctsinaat on kvaliteetne toidulisand, mis on magneesiumi allikas magneesiumbisgl\u00fctsinaadi kujul. See preparaat on saadaval kergesti n...","og_url":"https:\/\/fit360.ee\/en\/pood\/product-groups\/vitamins-and-minerals-en\/magnesium-en\/magnesium-glycinate-90caps\/","og_site_name":"Fit360","article_modified_time":"2026-04-10T14:41:25+00:00","og_image":[{"width":450,"height":450,"url":"https:\/\/fit360.ee\/wp-content\/uploads\/2024\/09\/magneesiumglutsinaat-fit360.ee-1.png","type":"image\/png"}],"twitter_card":"summary_large_image","twitter_misc":{"Est. reading time":"3 minutes"},"schema":{"@context":"https:\/\/schema.org","@graph":[{"@type":"WebPage","@id":"https:\/\/fit360.ee\/en\/pood\/product-groups\/vitamins-and-minerals-en\/magnesium-en\/magnesium-glycinate-90caps\/","url":"https:\/\/fit360.ee\/en\/pood\/product-groups\/vitamins-and-minerals-en\/magnesium-en\/magnesium-glycinate-90caps\/","name":"Magnesium Glycinate (90caps) - Magneesiumgl\u00fctsinaat - Parim Hind - Fit360","isPartOf":{"@id":"https:\/\/fit360.ee\/en\/#website"},"primaryImageOfPage":{"@id":"https:\/\/fit360.ee\/en\/pood\/product-groups\/vitamins-and-minerals-en\/magnesium-en\/magnesium-glycinate-90caps\/#primaryimage"},"image":{"@id":"https:\/\/fit360.ee\/en\/pood\/product-groups\/vitamins-and-minerals-en\/magnesium-en\/magnesium-glycinate-90caps\/#primaryimage"},"thumbnailUrl":"https:\/\/fit360.ee\/wp-content\/uploads\/2024\/09\/magneesiumglutsinaat-fit360.ee-1.png","datePublished":"2024-09-06T11:43:47+00:00","dateModified":"2026-04-10T14:41:25+00:00","description":"Magneesiumgl\u00fctsinaat on kvaliteetne toidulisand, mis on magneesiumi allikas magneesiumbisgl\u00fctsinaadi kujul. See preparaat on saadaval kergesti n...","breadcrumb":{"@id":"https:\/\/fit360.ee\/en\/pood\/product-groups\/vitamins-and-minerals-en\/magnesium-en\/magnesium-glycinate-90caps\/#breadcrumb"},"inLanguage":"en-US","potentialAction":[{"@type":"ReadAction","target":["https:\/\/fit360.ee\/en\/pood\/product-groups\/vitamins-and-minerals-en\/magnesium-en\/magnesium-glycinate-90caps\/"]}]},{"@type":"ImageObject","inLanguage":"en-US","@id":"https:\/\/fit360.ee\/en\/pood\/product-groups\/vitamins-and-minerals-en\/magnesium-en\/magnesium-glycinate-90caps\/#primaryimage","url":"https:\/\/fit360.ee\/wp-content\/uploads\/2024\/09\/magneesiumglutsinaat-fit360.ee-1.png","contentUrl":"https:\/\/fit360.ee\/wp-content\/uploads\/2024\/09\/magneesiumglutsinaat-fit360.ee-1.png","width":450,"height":450,"caption":"magneesiumgl\u00fctsinaat - fit360.ee"},{"@type":"BreadcrumbList","@id":"https:\/\/fit360.ee\/en\/pood\/product-groups\/vitamins-and-minerals-en\/magnesium-en\/magnesium-glycinate-90caps\/#breadcrumb","itemListElement":[{"@type":"ListItem","position":1,"name":"Home","item":"https:\/\/fit360.ee\/en\/"},{"@type":"ListItem","position":2,"name":"Shop","item":"https:\/\/fit360.ee\/en\/shop\/"},{"@type":"ListItem","position":3,"name":"Magnesium Glycinate (90caps)"}]},{"@type":"WebSite","@id":"https:\/\/fit360.ee\/en\/#website","url":"https:\/\/fit360.ee\/en\/","name":"Fit360","description":"","publisher":{"@id":"https:\/\/fit360.ee\/en\/#organization"},"potentialAction":[{"@type":"SearchAction","target":{"@type":"EntryPoint","urlTemplate":"https:\/\/fit360.ee\/en\/?s={search_term_string}"},"query-input":{"@type":"PropertyValueSpecification","valueRequired":true,"valueName":"search_term_string"}}],"inLanguage":"en-US"},{"@type":"Organization","@id":"https:\/\/fit360.ee\/en\/#organization","name":"Fit360","url":"https:\/\/fit360.ee\/en\/","logo":{"@type":"ImageObject","inLanguage":"en-US","@id":"https:\/\/fit360.ee\/en\/#\/schema\/logo\/image\/","url":"https:\/\/fit360.ee\/wp-content\/uploads\/2017\/01\/logo-fit360.png","contentUrl":"https:\/\/fit360.ee\/wp-content\/uploads\/2017\/01\/logo-fit360.png","width":180,"height":66,"caption":"Fit360"},"image":{"@id":"https:\/\/fit360.ee\/en\/#\/schema\/logo\/image\/"}}]}},"_links":{"self":[{"href":"https:\/\/fit360.ee\/en\/wp-json\/wp\/v2\/product\/82586","targetHints":{"allow":["GET"]}}],"collection":[{"href":"https:\/\/fit360.ee\/en\/wp-json\/wp\/v2\/product"}],"about":[{"href":"https:\/\/fit360.ee\/en\/wp-json\/wp\/v2\/types\/product"}],"replies":[{"embeddable":true,"href":"https:\/\/fit360.ee\/en\/wp-json\/wp\/v2\/comments?post=82586"}],"wp:featuredmedia":[{"embeddable":true,"href":"https:\/\/fit360.ee\/en\/wp-json\/wp\/v2\/media\/82585"}],"wp:attachment":[{"href":"https:\/\/fit360.ee\/en\/wp-json\/wp\/v2\/media?parent=82586"}],"wp:term":[{"taxonomy":"product_brand","embeddable":true,"href":"https:\/\/fit360.ee\/en\/wp-json\/wp\/v2\/product_brand?post=82586"},{"taxonomy":"product_cat","embeddable":true,"href":"https:\/\/fit360.ee\/en\/wp-json\/wp\/v2\/product_cat?post=82586"},{"taxonomy":"product_tag","embeddable":true,"href":"https:\/\/fit360.ee\/en\/wp-json\/wp\/v2\/product_tag?post=82586"},{"taxonomy":"giftcard-category","embeddable":true,"href":"https:\/\/fit360.ee\/en\/wp-json\/wp\/v2\/giftcard-category?post=82586"}],"curies":[{"name":"wp","href":"https:\/\/api.w.org\/{rel}","templated":true}]}}