{"id":82590,"date":"2024-09-06T13:43:47","date_gmt":"2024-09-06T11:43:47","guid":{"rendered":"https:\/\/fit360.ee\/pood\/uncategorized\/endurance-pre-workout-210g\/"},"modified":"2026-04-11T09:57:09","modified_gmt":"2026-04-11T07:57:09","slug":"endurance-pre-workout-210g","status":"publish","type":"product","link":"https:\/\/fit360.ee\/en\/pood\/product-groups\/energy-carbohydrates\/isotonic-en\/endurance-pre-workout-210g\/","title":{"rendered":"Endurance Pre-Workout (210g)"},"content":{"rendered":"<h2 class=\"cm__heading\"><strong>Endurance Pre-Workout<\/strong><\/h2>\n<p class=\"cm__text --bold\">OstroVit Endurance Pre-Workout on kvaliteetne toidulisand, mis sisaldab koguni \u00fcheksat v\u00e4\u00e4rtuslikku koostisosa, sealhulgas: tsitrulliinmalaat, beeta-alaniin ja kofeiin. See on v\u00e4rskendava greibimaitsega preparaat, mis on saadaval pulbrina. See on sportlastele ja intensiivse f\u00fc\u00fcsilise tegevusega inimestele loodud toode, mis sobib suurep\u00e4raselt treeningeelseks lisandiks.<\/p>\n<ul class=\"cm__list\">\n<li><strong>V\u00e4\u00e4rtuslike \u00fchendite allikas<\/strong>\u00a0\u2013 \u00fcks portsjon toidulisandit annab organismile 1500 mg L-tsitrulliinmalaati, 1020 mg L-arginiini alfa-ketoglutaraati, 800 mg beeta-alaniini. Preparaat sisaldab ka 300 mg tauriini, 200 mg kofeiini, 100 mg Siberi \u017een\u0161enni juure ekstrakti, mis on standardiseeritud 1,2% eleuterosiidideks, samuti 100 mg gl\u00fctseroolmonostearaati ja 10 mg niatsiini.<\/li>\n<li><strong>Maitsev greibimaitse, mis r\u00f5\u00f5mustab maitsemeeli.<\/strong><\/li>\n<li><strong>1 portsjon = 1 m\u00f5\u00f5tetops = 7 g.<\/strong><\/li>\n<li><strong>T\u00f5husus<\/strong>\u00a0\u2013 \u00fcks toote pakend sisaldab 30 portsjonit preparaati.<\/li>\n<li><strong>Mugav vorm<\/strong>\u00a0&#8211; pulbrina saadaval olev treeningueelne vorm v\u00f5imaldab toidulisandi t\u00f5rgeteta manustamist ja sobib suurep\u00e4raselt inimestele, kellel on raskusi tablettide neelamisega &#8211; lihtsalt segage osa toodet vees ja k\u00f5ik!<\/li>\n<\/ul>\n<h4 class=\"cm__heading\"><strong>OstroVit Endurance Pre-Workout \u2013 v\u00e4\u00e4rtuslike koostisosade p\u00f5hjalik allikas<\/strong><\/h4>\n<p><strong><a href=\"https:\/\/fit360.ee\/en\/product-category\/product-groups\/amino-acids-bcaa\/citrulline-en\/\">L-tsitrulliinmalaat<\/a> \u2013\u00a0<\/strong>tsitrulliini\u00a0, aminohapete r\u00fchma orgaanilise keemilise \u00fchendi\u00a0kombinatsioon \u00f5unhappega \u00fcheks molekuliks.\u00a0See on \u00fchend, mida iseloomustab k\u00f5rge keemiline stabiilsus ja suurep\u00e4rane lahustuvus.<\/p>\n<p><a href=\"https:\/\/fit360.ee\/en\/product-category\/product-groups\/amino-acids-bcaa\/l-arginine-en\/\"><strong>L-arginiini alfa-ketoglutaraat<\/strong><\/a>\u00a0\u2013 AAKG \u2013 orgaaniline keemiline \u00fchend, mis on kombinatsioon glutaarhappe soolast, mis on Krebsi ts\u00fckli produkt, ja valgu aminohappest, arginiinist. Nende molekulide kombinatsioon annab s\u00fcnergilise toimega \u00fchendi.<\/p>\n<p><a href=\"https:\/\/fit360.ee\/en\/product-category\/product-groups\/amino-acids-bcaa\/beta-alanine-en\/\"><strong>Beeta-alaniin<\/strong><\/a>\u00a0\u2013 alfa-alaniini derivaat, orgaaniline keemiline \u00fchend, mis on karnosiini s\u00fcnteesi eelk\u00e4ija.<\/p>\n<p><strong>Tauriin<\/strong>\u00a0\u2013 orgaaniline keemiline \u00fchend, mis on mittevalguline aminohape. Ainet saab organismis toota v\u00e4\u00e4vli aminohapetest ja organismile tarnida ka igap\u00e4evase toiduga \u2013 \u00fchendit v\u00f5ib muuhulgas leida: kalas, mereandides, kuivatatud merevetikates ja lihas.<\/p>\n<p><strong>Kofeiin<\/strong>\u00a0\u2013 orgaaniline keemiline \u00fchend puriini alkaloidide r\u00fchmast. OstroVit preparaadis kasutatakse veevaba kofeiini, mis on kontsentreeritud \u00fchend, mis m\u00f5jutab positiivselt toidulisandite t\u00f5husust ja kvaliteeti.<\/p>\n<p><strong>Siberi \u017een\u0161enni juure ekstrakt<\/strong>\u00a0\u2013 ekstrakt taime juurtest, mida tuntakse ka kui Eleutherococcus spiny ja mis looduslikult esineb Siberis ja Kirde-Hiinas. Tegemist on palju v\u00e4\u00e4rtuslikke \u00fchendeid sisaldava toorainega \u2013 ihaldusv\u00e4\u00e4rseim Siberi \u017een\u0161ennis leiduv aine on eleuterosiidid, mille sisaldus on OstroVit preparaadis kasutatava taimeekstrakti jaoks standardiseeritud.<\/p>\n<p><strong>Gl\u00fctseroolmonostearaat<\/strong>\u00a0\u2013 orgaaniline keemiline \u00fchend, gl\u00fctserooli ja steariinhappe ester. See on h\u00fcgroskoopsete omadustega aine, mida kasutatakse emulgaatorina.<\/p>\n<p><strong>Niatsiin<\/strong>\u00a0&#8211; vitamiin PP ehk B3 &#8211; vees lahustuv vitamiin, mis kuulub B r\u00fchma See on \u00fchend, mis esineb eelk\u00f5ige loomse p\u00e4ritoluga toodetes &#8211; lihas, kalas, munas, kuid niatsiini leidub ka taimsetes toiduainetes, nt. kuivatatud kaunviljade seemned, pruun riis, maap\u00e4hklid v\u00f5i p\u00e4evalilleseemned.<\/p>\n<h4 class=\"cm__heading\"><strong>OstroVit Endurance Pre-Workout&#8217;is sisalduvate koostisosade omadused<\/strong><\/h4>\n<p><strong>Niatsiin<\/strong>\u00a0aitab v\u00e4hendada v\u00e4simus- ja kurnatustunnet ning aitab s\u00e4ilitada optimaalseid ps\u00fchholoogilisi funktsioone. See on \u00fchend, mis aitab s\u00e4ilitada \u00f5iget energiavahetust ja toetab n\u00e4rvis\u00fcsteemi n\u00f5uetekohast talitlust.<\/p>\n<p><strong>Koostisosad<\/strong>: Dekstroos, L-tsitrulliinmalaat, L-arginiini alfa-ketoglutaraat, beeta-alaniin, tauriin, happesuse regulaator: sidrunhape; veevaba kofeiin, Siberi \u017een\u0161enni juure ekstrakt (Eleutherococcus senticosus (Rupr. et Maxim.) Maxim) standardiseeritud 1,2% eleuterosiide, gl\u00fctser\u00fc\u00fclmonostearaat, paakumisvastane aine: r\u00e4nidioksiid; aroomid, magusaine: sukraloos; peedimahla kontsentraadi pulber, inositoolheksanikotinaat (niatsiin).<\/p>\n<p>Toode v\u00f5ib sisaldada piima (sh laktoosi), soja, maap\u00e4hkleid, muid p\u00e4hkleid, seesamiseemneid, gluteeni sisaldavaid teravilju, mune, v\u00e4hilaadseid, kala.<\/p>\n<p>Pulbriline toidulisand. Sisaldab suhkrut ja magusainet.<\/p>\n<p><strong>Kasutamine<\/strong>: Segage 7 g portsjonit (1 lusikas) 150\u2013200 ml vees. Tarbi 1 portsjon p\u00e4evas. Palun kasutage pakendis olevat m\u00f5\u00f5tetopsi (10 ml).<\/p>\n<p><strong>Suurus<\/strong>: 210g &#8211; 30 serveeringut.<\/p>\n<table>\n<tbody>\n<tr>\n<th>Aktiivsed koostisained<\/th>\n<th>Portsjoni kohta<\/th>\n<th>% SPK*<\/th>\n<\/tr>\n<tr>\n<td>Tsitrulliinmalaat:<\/td>\n<td>1500 mg<\/td>\n<td>&#8211;<\/td>\n<\/tr>\n<tr class=\"sub\">\n<td>&#8211; sealhulgas tsitrulliin<\/td>\n<td>975 mg<\/td>\n<td>&#8211;<\/td>\n<\/tr>\n<tr>\n<td>L-arginiini alfa-ketoglutaraat:<\/td>\n<td>1020 mg<\/td>\n<td>&#8211;<\/td>\n<\/tr>\n<tr class=\"sub\">\n<td>&#8211; sealhulgas L-arginiin<\/td>\n<td>673 mg<\/td>\n<td>&#8211;<\/td>\n<\/tr>\n<tr>\n<td>Beeta-alaniin<\/td>\n<td>800 mg<\/td>\n<td>&#8211;<\/td>\n<\/tr>\n<tr>\n<td>Tauriin<\/td>\n<td>300 mg<\/td>\n<td>&#8211;<\/td>\n<\/tr>\n<tr>\n<td>Kofeiin<\/td>\n<td>200 mg<\/td>\n<td>&#8211;<\/td>\n<\/tr>\n<tr>\n<td>Siberi \u017een\u0161enni juure ekstrakt:<\/td>\n<td>100 mg<\/td>\n<td>&#8211;<\/td>\n<\/tr>\n<tr class=\"sub\">\n<td>&#8211; sealhulgas eleuterosiidid (1,2%)<\/td>\n<td>1,2 mg<\/td>\n<td>&#8211;<\/td>\n<\/tr>\n<tr>\n<td>Gl\u00fctseroolmonostearaat<\/td>\n<td>100 mg<\/td>\n<td>&#8211;<\/td>\n<\/tr>\n<tr>\n<td>Niatsiin<\/td>\n<td>10 mg<\/td>\n<td>63%<\/td>\n<\/tr>\n<\/tbody>\n<\/table>\n<p>* SPK \u2013 Soovitatud p\u00e4evane kogus.<\/p>\n<p>Vaata ka meie teisi Pre-Workoute <a href=\"https:\/\/fit360.ee\/en\/product-category\/product-groups\/pre-workout-en\/\"><strong>SIIT<\/strong><\/a> v\u00f5i isotoonilisi tooteid <a href=\"https:\/\/fit360.ee\/en\/product-category\/product-groups\/energy-carbohydrates\/isotonic-en\/\"><strong>SIIT<\/strong><\/a>!<\/p>\n<p>Soovid kaupa osta suuremas koguses? Vaata antud toodet ka meie HULGI poest\u00a0<a href=\"https:\/\/toidulisandidhulgi.ee\/tooted\/endurance-pre-workout-210g\/\"><strong>SIIT<\/strong><\/a>!<\/p>\n","protected":false},"excerpt":{"rendered":"<ul class=\"cm__list\">\n<li>V\u00e4\u00e4rtuslike \u00fchendite allikas\u00a0\u2013 \u00fcks portsjon toidulisandit annab organismile 1500 mg L-tsitrulliinmalaati, 1020 mg L-arginiini alfa-ketoglutaraati, 800 mg beeta-alaniini. Preparaat sisaldab ka 300 mg tauriini, 200 mg kofeiini, 100 mg Siberi \u017een\u0161enni juure ekstrakti, mis on standardiseeritud 1,2% eleuterosiidideks, samuti 100 mg gl\u00fctseroolmonostearaati ja 10 mg niatsiini.<\/li>\n<li>Maitsev greibimaitse, mis r\u00f5\u00f5mustab maitsemeeli.<\/li>\n<li>1 portsjon = 1 m\u00f5\u00f5tetops = 7 g.<\/li>\n<li>T\u00f5husus\u00a0\u2013 \u00fcks toote pakend sisaldab 30 portsjonit preparaati.<\/li>\n<li>Mugav vorm<\/li>\n<\/ul>\n","protected":false},"featured_media":82589,"comment_status":"open","ping_status":"closed","template":"","meta":[],"product_brand":[],"product_cat":[520,2303,5324,2314,522,2460,2311,1329,533],"product_tag":[5219,5220,1924,5221],"giftcard-category":[],"class_list":{"0":"post-82590","1":"product","2":"type-product","3":"status-publish","4":"has-post-thumbnail","6":"product_cat-amino-acids-bcaa","7":"product_cat-beta-alanine-en","8":"product_cat-caffeine-en","9":"product_cat-citrulline-en","10":"product_cat-energy-carbohydrates","11":"product_cat-isotonic-en","12":"product_cat-l-arginine-en","13":"product_cat-ostrovit-en","14":"product_cat-pre-workout-en","15":"product_tag-endurance-en","16":"product_tag-endurance-pre-workout-en","17":"product_tag-ostrovit-en","18":"product_tag-pre-workout-en","19":"pa_kogus-210g-en","20":"pa_maitse-grape","21":"pa_toidulisand-branddd-ostrovit","22":"pa_tootegruppp-amino-acidsbcaa","23":"pa_tootegruppp-beeta-alaniin-en","24":"pa_tootegruppp-energycarbs","25":"pa_tootegruppp-isotooniline-en","26":"pa_tootegruppp-kofeiin-en","27":"pa_tootegruppp-l-arginiin-en","28":"pa_tootegruppp-pre-workout","29":"pa_tootegruppp-tsitrulliin-en","31":"first","32":"instock","33":"sale","34":"taxable","35":"shipping-taxable","36":"purchasable","37":"product-type-variable"},"yoast_head":"<!-- This site is optimized with the Yoast SEO plugin v27.3 - https:\/\/yoast.com\/product\/yoast-seo-wordpress\/ -->\n<title>Endurance Pre-Workout (210g) - Kestvusalade Pre-Workout - Fit360<\/title>\n<meta name=\"description\" content=\"Endurance Pre-Workout on kvaliteetne toidulisand, mis sisaldab koguni \u00fcheksat v\u00e4\u00e4rtuslikku koostisosa, sealhulgas: tsitrulliinmalaat, beeta-alaniin ja kof..\" \/>\n<meta name=\"robots\" content=\"index, follow, max-snippet:-1, max-image-preview:large, max-video-preview:-1\" \/>\n<link rel=\"canonical\" href=\"https:\/\/fit360.ee\/en\/pood\/product-groups\/energy-carbohydrates\/isotonic-en\/endurance-pre-workout-210g\/\" \/>\n<meta property=\"og:locale\" content=\"en_US\" \/>\n<meta property=\"og:type\" content=\"article\" \/>\n<meta property=\"og:title\" content=\"Endurance Pre-Workout (210g) - Kestvusalade Pre-Workout - Fit360\" \/>\n<meta property=\"og:description\" content=\"Endurance Pre-Workout on kvaliteetne toidulisand, mis sisaldab koguni \u00fcheksat v\u00e4\u00e4rtuslikku koostisosa, sealhulgas: tsitrulliinmalaat, beeta-alaniin ja kof..\" \/>\n<meta property=\"og:url\" content=\"https:\/\/fit360.ee\/en\/pood\/product-groups\/energy-carbohydrates\/isotonic-en\/endurance-pre-workout-210g\/\" \/>\n<meta property=\"og:site_name\" content=\"Fit360\" \/>\n<meta property=\"article:modified_time\" content=\"2026-04-11T07:57:09+00:00\" \/>\n<meta property=\"og:image\" content=\"https:\/\/fit360.ee\/wp-content\/uploads\/2024\/09\/endurance-pre-workout-fit360.ee-1.png\" \/>\n\t<meta property=\"og:image:width\" content=\"450\" \/>\n\t<meta property=\"og:image:height\" content=\"450\" \/>\n\t<meta property=\"og:image:type\" content=\"image\/png\" \/>\n<meta name=\"twitter:card\" content=\"summary_large_image\" \/>\n<meta name=\"twitter:label1\" content=\"Est. reading time\" \/>\n\t<meta name=\"twitter:data1\" content=\"4 minutes\" \/>\n<script type=\"application\/ld+json\" class=\"yoast-schema-graph\">{\"@context\":\"https:\\\/\\\/schema.org\",\"@graph\":[{\"@type\":\"WebPage\",\"@id\":\"https:\\\/\\\/fit360.ee\\\/en\\\/pood\\\/product-groups\\\/energy-carbohydrates\\\/isotonic-en\\\/endurance-pre-workout-210g\\\/\",\"url\":\"https:\\\/\\\/fit360.ee\\\/en\\\/pood\\\/product-groups\\\/energy-carbohydrates\\\/isotonic-en\\\/endurance-pre-workout-210g\\\/\",\"name\":\"Endurance Pre-Workout (210g) - Kestvusalade Pre-Workout - Fit360\",\"isPartOf\":{\"@id\":\"https:\\\/\\\/fit360.ee\\\/en\\\/#website\"},\"primaryImageOfPage\":{\"@id\":\"https:\\\/\\\/fit360.ee\\\/en\\\/pood\\\/product-groups\\\/energy-carbohydrates\\\/isotonic-en\\\/endurance-pre-workout-210g\\\/#primaryimage\"},\"image\":{\"@id\":\"https:\\\/\\\/fit360.ee\\\/en\\\/pood\\\/product-groups\\\/energy-carbohydrates\\\/isotonic-en\\\/endurance-pre-workout-210g\\\/#primaryimage\"},\"thumbnailUrl\":\"https:\\\/\\\/fit360.ee\\\/wp-content\\\/uploads\\\/2024\\\/09\\\/endurance-pre-workout-fit360.ee-1.png\",\"datePublished\":\"2024-09-06T11:43:47+00:00\",\"dateModified\":\"2026-04-11T07:57:09+00:00\",\"description\":\"Endurance Pre-Workout on kvaliteetne toidulisand, mis sisaldab koguni \u00fcheksat v\u00e4\u00e4rtuslikku koostisosa, sealhulgas: tsitrulliinmalaat, beeta-alaniin ja kof..\",\"breadcrumb\":{\"@id\":\"https:\\\/\\\/fit360.ee\\\/en\\\/pood\\\/product-groups\\\/energy-carbohydrates\\\/isotonic-en\\\/endurance-pre-workout-210g\\\/#breadcrumb\"},\"inLanguage\":\"en-US\",\"potentialAction\":[{\"@type\":\"ReadAction\",\"target\":[\"https:\\\/\\\/fit360.ee\\\/en\\\/pood\\\/product-groups\\\/energy-carbohydrates\\\/isotonic-en\\\/endurance-pre-workout-210g\\\/\"]}]},{\"@type\":\"ImageObject\",\"inLanguage\":\"en-US\",\"@id\":\"https:\\\/\\\/fit360.ee\\\/en\\\/pood\\\/product-groups\\\/energy-carbohydrates\\\/isotonic-en\\\/endurance-pre-workout-210g\\\/#primaryimage\",\"url\":\"https:\\\/\\\/fit360.ee\\\/wp-content\\\/uploads\\\/2024\\\/09\\\/endurance-pre-workout-fit360.ee-1.png\",\"contentUrl\":\"https:\\\/\\\/fit360.ee\\\/wp-content\\\/uploads\\\/2024\\\/09\\\/endurance-pre-workout-fit360.ee-1.png\",\"width\":450,\"height\":450,\"caption\":\"endurance pre-workout - fit360.ee\"},{\"@type\":\"BreadcrumbList\",\"@id\":\"https:\\\/\\\/fit360.ee\\\/en\\\/pood\\\/product-groups\\\/energy-carbohydrates\\\/isotonic-en\\\/endurance-pre-workout-210g\\\/#breadcrumb\",\"itemListElement\":[{\"@type\":\"ListItem\",\"position\":1,\"name\":\"Home\",\"item\":\"https:\\\/\\\/fit360.ee\\\/en\\\/\"},{\"@type\":\"ListItem\",\"position\":2,\"name\":\"Shop\",\"item\":\"https:\\\/\\\/fit360.ee\\\/en\\\/shop\\\/\"},{\"@type\":\"ListItem\",\"position\":3,\"name\":\"Endurance Pre-Workout (210g)\"}]},{\"@type\":\"WebSite\",\"@id\":\"https:\\\/\\\/fit360.ee\\\/en\\\/#website\",\"url\":\"https:\\\/\\\/fit360.ee\\\/en\\\/\",\"name\":\"Fit360\",\"description\":\"\",\"publisher\":{\"@id\":\"https:\\\/\\\/fit360.ee\\\/en\\\/#organization\"},\"potentialAction\":[{\"@type\":\"SearchAction\",\"target\":{\"@type\":\"EntryPoint\",\"urlTemplate\":\"https:\\\/\\\/fit360.ee\\\/en\\\/?s={search_term_string}\"},\"query-input\":{\"@type\":\"PropertyValueSpecification\",\"valueRequired\":true,\"valueName\":\"search_term_string\"}}],\"inLanguage\":\"en-US\"},{\"@type\":\"Organization\",\"@id\":\"https:\\\/\\\/fit360.ee\\\/en\\\/#organization\",\"name\":\"Fit360\",\"url\":\"https:\\\/\\\/fit360.ee\\\/en\\\/\",\"logo\":{\"@type\":\"ImageObject\",\"inLanguage\":\"en-US\",\"@id\":\"https:\\\/\\\/fit360.ee\\\/en\\\/#\\\/schema\\\/logo\\\/image\\\/\",\"url\":\"https:\\\/\\\/fit360.ee\\\/wp-content\\\/uploads\\\/2017\\\/01\\\/logo-fit360.png\",\"contentUrl\":\"https:\\\/\\\/fit360.ee\\\/wp-content\\\/uploads\\\/2017\\\/01\\\/logo-fit360.png\",\"width\":180,\"height\":66,\"caption\":\"Fit360\"},\"image\":{\"@id\":\"https:\\\/\\\/fit360.ee\\\/en\\\/#\\\/schema\\\/logo\\\/image\\\/\"}}]}<\/script>\n<!-- \/ Yoast SEO plugin. -->","yoast_head_json":{"title":"Endurance Pre-Workout (210g) - Kestvusalade Pre-Workout - Fit360","description":"Endurance Pre-Workout on kvaliteetne toidulisand, mis sisaldab koguni \u00fcheksat v\u00e4\u00e4rtuslikku koostisosa, sealhulgas: tsitrulliinmalaat, beeta-alaniin ja kof..","robots":{"index":"index","follow":"follow","max-snippet":"max-snippet:-1","max-image-preview":"max-image-preview:large","max-video-preview":"max-video-preview:-1"},"canonical":"https:\/\/fit360.ee\/en\/pood\/product-groups\/energy-carbohydrates\/isotonic-en\/endurance-pre-workout-210g\/","og_locale":"en_US","og_type":"article","og_title":"Endurance Pre-Workout (210g) - Kestvusalade Pre-Workout - Fit360","og_description":"Endurance Pre-Workout on kvaliteetne toidulisand, mis sisaldab koguni \u00fcheksat v\u00e4\u00e4rtuslikku koostisosa, sealhulgas: tsitrulliinmalaat, beeta-alaniin ja kof..","og_url":"https:\/\/fit360.ee\/en\/pood\/product-groups\/energy-carbohydrates\/isotonic-en\/endurance-pre-workout-210g\/","og_site_name":"Fit360","article_modified_time":"2026-04-11T07:57:09+00:00","og_image":[{"width":450,"height":450,"url":"https:\/\/fit360.ee\/wp-content\/uploads\/2024\/09\/endurance-pre-workout-fit360.ee-1.png","type":"image\/png"}],"twitter_card":"summary_large_image","twitter_misc":{"Est. reading time":"4 minutes"},"schema":{"@context":"https:\/\/schema.org","@graph":[{"@type":"WebPage","@id":"https:\/\/fit360.ee\/en\/pood\/product-groups\/energy-carbohydrates\/isotonic-en\/endurance-pre-workout-210g\/","url":"https:\/\/fit360.ee\/en\/pood\/product-groups\/energy-carbohydrates\/isotonic-en\/endurance-pre-workout-210g\/","name":"Endurance Pre-Workout (210g) - Kestvusalade Pre-Workout - Fit360","isPartOf":{"@id":"https:\/\/fit360.ee\/en\/#website"},"primaryImageOfPage":{"@id":"https:\/\/fit360.ee\/en\/pood\/product-groups\/energy-carbohydrates\/isotonic-en\/endurance-pre-workout-210g\/#primaryimage"},"image":{"@id":"https:\/\/fit360.ee\/en\/pood\/product-groups\/energy-carbohydrates\/isotonic-en\/endurance-pre-workout-210g\/#primaryimage"},"thumbnailUrl":"https:\/\/fit360.ee\/wp-content\/uploads\/2024\/09\/endurance-pre-workout-fit360.ee-1.png","datePublished":"2024-09-06T11:43:47+00:00","dateModified":"2026-04-11T07:57:09+00:00","description":"Endurance Pre-Workout on kvaliteetne toidulisand, mis sisaldab koguni \u00fcheksat v\u00e4\u00e4rtuslikku koostisosa, sealhulgas: tsitrulliinmalaat, beeta-alaniin ja kof..","breadcrumb":{"@id":"https:\/\/fit360.ee\/en\/pood\/product-groups\/energy-carbohydrates\/isotonic-en\/endurance-pre-workout-210g\/#breadcrumb"},"inLanguage":"en-US","potentialAction":[{"@type":"ReadAction","target":["https:\/\/fit360.ee\/en\/pood\/product-groups\/energy-carbohydrates\/isotonic-en\/endurance-pre-workout-210g\/"]}]},{"@type":"ImageObject","inLanguage":"en-US","@id":"https:\/\/fit360.ee\/en\/pood\/product-groups\/energy-carbohydrates\/isotonic-en\/endurance-pre-workout-210g\/#primaryimage","url":"https:\/\/fit360.ee\/wp-content\/uploads\/2024\/09\/endurance-pre-workout-fit360.ee-1.png","contentUrl":"https:\/\/fit360.ee\/wp-content\/uploads\/2024\/09\/endurance-pre-workout-fit360.ee-1.png","width":450,"height":450,"caption":"endurance pre-workout - fit360.ee"},{"@type":"BreadcrumbList","@id":"https:\/\/fit360.ee\/en\/pood\/product-groups\/energy-carbohydrates\/isotonic-en\/endurance-pre-workout-210g\/#breadcrumb","itemListElement":[{"@type":"ListItem","position":1,"name":"Home","item":"https:\/\/fit360.ee\/en\/"},{"@type":"ListItem","position":2,"name":"Shop","item":"https:\/\/fit360.ee\/en\/shop\/"},{"@type":"ListItem","position":3,"name":"Endurance Pre-Workout (210g)"}]},{"@type":"WebSite","@id":"https:\/\/fit360.ee\/en\/#website","url":"https:\/\/fit360.ee\/en\/","name":"Fit360","description":"","publisher":{"@id":"https:\/\/fit360.ee\/en\/#organization"},"potentialAction":[{"@type":"SearchAction","target":{"@type":"EntryPoint","urlTemplate":"https:\/\/fit360.ee\/en\/?s={search_term_string}"},"query-input":{"@type":"PropertyValueSpecification","valueRequired":true,"valueName":"search_term_string"}}],"inLanguage":"en-US"},{"@type":"Organization","@id":"https:\/\/fit360.ee\/en\/#organization","name":"Fit360","url":"https:\/\/fit360.ee\/en\/","logo":{"@type":"ImageObject","inLanguage":"en-US","@id":"https:\/\/fit360.ee\/en\/#\/schema\/logo\/image\/","url":"https:\/\/fit360.ee\/wp-content\/uploads\/2017\/01\/logo-fit360.png","contentUrl":"https:\/\/fit360.ee\/wp-content\/uploads\/2017\/01\/logo-fit360.png","width":180,"height":66,"caption":"Fit360"},"image":{"@id":"https:\/\/fit360.ee\/en\/#\/schema\/logo\/image\/"}}]}},"_links":{"self":[{"href":"https:\/\/fit360.ee\/en\/wp-json\/wp\/v2\/product\/82590","targetHints":{"allow":["GET"]}}],"collection":[{"href":"https:\/\/fit360.ee\/en\/wp-json\/wp\/v2\/product"}],"about":[{"href":"https:\/\/fit360.ee\/en\/wp-json\/wp\/v2\/types\/product"}],"replies":[{"embeddable":true,"href":"https:\/\/fit360.ee\/en\/wp-json\/wp\/v2\/comments?post=82590"}],"wp:featuredmedia":[{"embeddable":true,"href":"https:\/\/fit360.ee\/en\/wp-json\/wp\/v2\/media\/82589"}],"wp:attachment":[{"href":"https:\/\/fit360.ee\/en\/wp-json\/wp\/v2\/media?parent=82590"}],"wp:term":[{"taxonomy":"product_brand","embeddable":true,"href":"https:\/\/fit360.ee\/en\/wp-json\/wp\/v2\/product_brand?post=82590"},{"taxonomy":"product_cat","embeddable":true,"href":"https:\/\/fit360.ee\/en\/wp-json\/wp\/v2\/product_cat?post=82590"},{"taxonomy":"product_tag","embeddable":true,"href":"https:\/\/fit360.ee\/en\/wp-json\/wp\/v2\/product_tag?post=82590"},{"taxonomy":"giftcard-category","embeddable":true,"href":"https:\/\/fit360.ee\/en\/wp-json\/wp\/v2\/giftcard-category?post=82590"}],"curies":[{"name":"wp","href":"https:\/\/api.w.org\/{rel}","templated":true}]}}