{"id":82595,"date":"2024-09-06T13:58:56","date_gmt":"2024-09-06T11:58:56","guid":{"rendered":"https:\/\/fit360.ee\/pood\/uncategorized\/pharma-vitamin-c-drops-kids-30ml\/"},"modified":"2025-08-13T07:35:08","modified_gmt":"2025-08-13T05:35:08","slug":"pharma-vitamin-c-drops-kids-30ml","status":"publish","type":"product","link":"https:\/\/fit360.ee\/en\/pood\/product-groups\/vitamins-and-minerals-en\/c-vitamin-en\/pharma-vitamin-c-drops-kids-30ml\/","title":{"rendered":"Pharma Vitamin C drops kids (30ml)"},"content":{"rendered":"<h2><strong>Vitamiin C tilgad lastele<\/strong><\/h2>\n<p>OstroVit Pharma Vitamiin C tilgad lastele on k\u00f5ige pisematele loodud toidulisand, mis on v\u00e4\u00e4rtuslik L-askorbiinhappe allikas. Preparaat on saadaval lihtsalt manustataval kujul, mis v\u00f5imaldab kohandada sobivat tooteportsjonit vastavalt lapse vanusele ja vajadustele, tagades samas h\u00e4ireteta manustamise.<\/p>\n<ul class=\"cm__list\">\n<li><strong>C-vitamiini allikas L-askorbiinhappe kujul<\/strong>\u00a0.<\/li>\n<li><strong>Loodud silmas pidades k\u00f5ige nooremat<\/strong>\u00a0\u2013 toode, mis sobib lastele alates 1. eluaastast.<\/li>\n<li><strong>V\u00f5imalus kohandada<\/strong>\u00a0ettevalmistuse osa vastavalt lapse vanusele ja vajadustele.<\/li>\n<li><strong>Efektiivsus<\/strong>\u00a0\u2013 toote pakendist piisab pikemaks regulaarseks toidulisandiks.<\/li>\n<li><strong>Mugav vorm<\/strong>\u00a0\u2013 tilkade kujul olev toidulisand v\u00f5imaldab kiiret, lihtsat ja t\u00f5rgeteta C-vitamiini tarnimist.<\/li>\n<li><strong>Alati k\u00e4ep\u00e4rast<\/strong>\u00a0\u2013 preparaadi pakend ei v\u00f5ta palju ruumi, nii et saad toote alati kaasas olla.<\/li>\n<\/ul>\n<h4 class=\"cm__heading\"><strong>OstroVit Pharma C-vitamiin lastele &#8211; L-askorbiinhappe allikas k\u00f5ige v\u00e4iksematele<\/strong><\/h4>\n<p><a href=\"https:\/\/fit360.ee\/en\/product-category\/product-groups\/vitamins-and-minerals-en\/c-vitamin-en\/\"><strong>C-vitamiin<\/strong><\/a>\u00a0on orgaaniline keemiline \u00fchend, mis kuulub pol\u00fch\u00fcdroks\u00fcalkoholide r\u00fchma. See on vees lahustuv aine, mille liig eritub organismist uriini ja higiga. Inimkeha ei ole v\u00f5imeline C-vitamiini ise s\u00fcnteesima, seet\u00f5ttu peetakse \u00fchendit eksogeenseks koostisosaks, mida tuleb organismi varustada koos igap\u00e4evase toiduga v\u00f5i toidulisanditena. C-vitamiini leidub loomulikult toidus, peamiselt v\u00e4rsketes k\u00f6\u00f6giviljades ja puuviljades. Askorbiinhapet v\u00f5ib leida muu hulgas acerolas, musts\u00f5stras, apelsinides ja maasikates, aga ka lehtkapsas, rooskapsas, paprikas ja nuikapsas.<\/p>\n<h4 class=\"cm__heading\"><strong>OstroVit Pharma C-vitamiini koostises sisalduvate koostisainete omadused lastele<\/strong><\/h4>\n<p><strong>C-vitamiin<\/strong>\u00a0on \u00fchend, mis aitab kaasa kollageeni \u00f5igele tootmisele, et tagada luude, k\u00f5hrede ja naha, aga ka hammaste ja igemete n\u00f5uetekohane toimimine. Lisaks toetab aine n\u00e4rvis\u00fcsteemi optimaalset talitlust ja aitab s\u00e4ilitada \u00f5igeid ps\u00fchholoogilisi funktsioone. See on ka vitamiin, mis toetab immuuns\u00fcsteemi n\u00f5uetekohast toimimist ja suurendab raua imendumist. Koostisaine aitab ka kaitsta rakke oks\u00fcdatiivse stressi eest ning aitab v\u00e4hendada v\u00e4simus- ja kurnatustunnet.<\/p>\n<p><strong>Vitamiin C tilgad lastele KOOSTISOSAD<\/strong>: T\u00e4iteaine: gl\u00fctserool; puhastatud vesi, L-askorbiinhape (C-vitamiin).<\/p>\n<p>Toode v\u00f5ib sisaldada piima (sh laktoosi), soja, maap\u00e4hkleid, muid p\u00e4hkleid, seesamiseemneid, gluteeni sisaldavaid teravilju, mune, v\u00e4hilaadseid, kala.<\/p>\n<p><strong>Kasutamine<\/strong>: Lapsed vanuses 1 kuni 3 aastat &#8211; 4 tilka p\u00e4evas; 4-12-aastased lapsed &#8211; 8 tilka p\u00e4evas; lapsed alates 13. eluaastast &#8211; 12 tilka p\u00e4evas. Enne kasutamist loksutada. M\u00f5\u00f5tke tilkade arv teelusikat\u00e4ie kohta v\u00f5i lahustage toatemperatuuril vedelikus (vesi, tee, mahl).<\/p>\n<p><strong>Mitte kasutada inimestel, kellel on eelsoodumus neerukivide tekkeks v\u00f5i kellel on neerukivid.<\/strong><\/p>\n<div class=\"top_info\">Toote netokaal: 38 g<\/div>\n<div class=\"top_info\"><label>Portsjonite arv pakendis: 200 \/ 100 \/ 66<\/label><\/div>\n<div class=\"top_info\"><label>Portsjoni suurus: 4\/8\/12 tilka<\/label><\/div>\n<div class=\"table_wrapper\">\n<table>\n<tbody>\n<tr>\n<th>Aktiivsed koostisained<\/th>\n<th>4 tilka portsjoni kohta<\/th>\n<th>8 tilka portsjoni kohta<\/th>\n<th>12 tilka portsjoni kohta<\/th>\n<\/tr>\n<tr>\n<td>C-vitamiin<\/td>\n<td>20 mg (25%*)<\/td>\n<td>40 mg (50%*)<\/td>\n<td>60 mg (75%*)<\/td>\n<\/tr>\n<\/tbody>\n<\/table>\n<p>*SPK \u2013 Soovitatud p\u00e4evane kogus<\/p>\n<p>Vaata ka meie teisi C Vitamiine <a href=\"https:\/\/fit360.ee\/en\/product-category\/product-groups\/vitamins-and-minerals-en\/c-vitamin-en\/\"><strong>SIIT<\/strong><\/a> v\u00f5i teisi Vitamiine <a href=\"https:\/\/fit360.ee\/en\/product-category\/product-groups\/vitamins-and-minerals-en\/\"><strong>SIIT<\/strong><\/a>!<\/p>\n<p>Soovid kaupa osta suuremas koguses? Vaata antud toodet ka meie HULGI poest\u00a0<a href=\"https:\/\/toidulisandidhulgi.ee\/tooted\/pharma-vitamin-c-drops-kids-30ml\/\"><strong>SIIT<\/strong><\/a>!<\/p>\n<\/div>\n","protected":false},"excerpt":{"rendered":"<ul class=\"cm__list\">\n<li>C-vitamiini allikas L-askorbiinhappe kujul\u00a0.<\/li>\n<li>Loodud silmas pidades k\u00f5ige nooremat\u00a0\u2013 toode, mis sobib lastele alates 1. eluaastast.<\/li>\n<li>V\u00f5imalus kohandada\u00a0ettevalmistuse osa vastavalt lapse vanusele ja vajadustele.<\/li>\n<li>Efektiivsus\u00a0\u2013 toote pakendist piisab pikemaks regulaarseks toidulisandiks.<\/li>\n<li>Mugav vorm\u00a0\u2013 tilkade kujul olev toidulisand v\u00f5imaldab kiiret, lihtsat ja t\u00f5rgeteta C-vitamiini tarnimist.<\/li>\n<li>Alati k\u00e4ep\u00e4rast\u00a0\u2013 preparaadi pakend ei v\u00f5ta palju ruumi, nii et saad toote alati kaasas olla.<\/li>\n<\/ul>\n","protected":false},"featured_media":82594,"comment_status":"open","ping_status":"closed","template":"","meta":[],"product_brand":[],"product_cat":[5311,1911,5320,1329,536],"product_tag":[2177,1924,2178,5223],"giftcard-category":[],"class_list":{"0":"post-82595","1":"product","2":"type-product","3":"status-publish","4":"has-post-thumbnail","6":"product_cat-antioxidants-en","7":"product_cat-c-vitamin-en","8":"product_cat-for-immunity-en","9":"product_cat-ostrovit-en","10":"product_cat-vitamins-and-minerals-en","11":"product_tag-c-vitamiin-en","12":"product_tag-ostrovit-en","13":"product_tag-vitamiin-c-en","14":"product_tag-vitamiin-c-tilgad-en","15":"pa_kogus-30ml-en","16":"pa_toidulisand-branddd-ostrovit","17":"pa_tootegruppp-antioksudandid-en","18":"pa_tootegruppp-c-vitamiin-en","19":"pa_tootegruppp-immuunsusteem-en","20":"pa_tootegruppp-vitamins-and-minerals","22":"first","23":"outofstock","24":"sale","25":"taxable","26":"shipping-taxable","27":"purchasable","28":"product-type-simple"},"yoast_head":"<!-- This site is optimized with the Yoast SEO plugin v27.3 - https:\/\/yoast.com\/product\/yoast-seo-wordpress\/ -->\n<title>Pharma Vitamin C drops kids (30ml) - Vitamiin C tilgad lastele - Fit360<\/title>\n<meta name=\"description\" content=\"Vitamiin C tilgad lastele on k\u00f5ige pisematele loodud toidulisand, mis on v\u00e4\u00e4rtuslik L-askorbiinhappe allikas. Preparaat on saadaval lihtsalt manustataval...\" \/>\n<meta name=\"robots\" content=\"index, follow, max-snippet:-1, max-image-preview:large, max-video-preview:-1\" \/>\n<link rel=\"canonical\" href=\"https:\/\/fit360.ee\/en\/pood\/product-groups\/vitamins-and-minerals-en\/c-vitamin-en\/pharma-vitamin-c-drops-kids-30ml\/\" \/>\n<meta property=\"og:locale\" content=\"en_US\" \/>\n<meta property=\"og:type\" content=\"article\" \/>\n<meta property=\"og:title\" content=\"Pharma Vitamin C drops kids (30ml) - Vitamiin C tilgad lastele - Fit360\" \/>\n<meta property=\"og:description\" content=\"Vitamiin C tilgad lastele on k\u00f5ige pisematele loodud toidulisand, mis on v\u00e4\u00e4rtuslik L-askorbiinhappe allikas. Preparaat on saadaval lihtsalt manustataval...\" \/>\n<meta property=\"og:url\" content=\"https:\/\/fit360.ee\/en\/pood\/product-groups\/vitamins-and-minerals-en\/c-vitamin-en\/pharma-vitamin-c-drops-kids-30ml\/\" \/>\n<meta property=\"og:site_name\" content=\"Fit360\" \/>\n<meta property=\"article:modified_time\" content=\"2025-08-13T05:35:08+00:00\" \/>\n<meta property=\"og:image\" content=\"https:\/\/fit360.ee\/wp-content\/uploads\/2024\/09\/c-vitamiini-tilgad-lastele-fit360.ee_.png\" \/>\n\t<meta property=\"og:image:width\" content=\"450\" \/>\n\t<meta property=\"og:image:height\" content=\"450\" \/>\n\t<meta property=\"og:image:type\" content=\"image\/png\" \/>\n<meta name=\"twitter:card\" content=\"summary_large_image\" \/>\n<meta name=\"twitter:label1\" content=\"Est. reading time\" \/>\n\t<meta name=\"twitter:data1\" content=\"3 minutes\" \/>\n<script type=\"application\/ld+json\" class=\"yoast-schema-graph\">{\"@context\":\"https:\\\/\\\/schema.org\",\"@graph\":[{\"@type\":\"WebPage\",\"@id\":\"https:\\\/\\\/fit360.ee\\\/en\\\/pood\\\/product-groups\\\/vitamins-and-minerals-en\\\/c-vitamin-en\\\/pharma-vitamin-c-drops-kids-30ml\\\/\",\"url\":\"https:\\\/\\\/fit360.ee\\\/en\\\/pood\\\/product-groups\\\/vitamins-and-minerals-en\\\/c-vitamin-en\\\/pharma-vitamin-c-drops-kids-30ml\\\/\",\"name\":\"Pharma Vitamin C drops kids (30ml) - Vitamiin C tilgad lastele - Fit360\",\"isPartOf\":{\"@id\":\"https:\\\/\\\/fit360.ee\\\/en\\\/#website\"},\"primaryImageOfPage\":{\"@id\":\"https:\\\/\\\/fit360.ee\\\/en\\\/pood\\\/product-groups\\\/vitamins-and-minerals-en\\\/c-vitamin-en\\\/pharma-vitamin-c-drops-kids-30ml\\\/#primaryimage\"},\"image\":{\"@id\":\"https:\\\/\\\/fit360.ee\\\/en\\\/pood\\\/product-groups\\\/vitamins-and-minerals-en\\\/c-vitamin-en\\\/pharma-vitamin-c-drops-kids-30ml\\\/#primaryimage\"},\"thumbnailUrl\":\"https:\\\/\\\/fit360.ee\\\/wp-content\\\/uploads\\\/2024\\\/09\\\/c-vitamiini-tilgad-lastele-fit360.ee_.png\",\"datePublished\":\"2024-09-06T11:58:56+00:00\",\"dateModified\":\"2025-08-13T05:35:08+00:00\",\"description\":\"Vitamiin C tilgad lastele on k\u00f5ige pisematele loodud toidulisand, mis on v\u00e4\u00e4rtuslik L-askorbiinhappe allikas. Preparaat on saadaval lihtsalt manustataval...\",\"breadcrumb\":{\"@id\":\"https:\\\/\\\/fit360.ee\\\/en\\\/pood\\\/product-groups\\\/vitamins-and-minerals-en\\\/c-vitamin-en\\\/pharma-vitamin-c-drops-kids-30ml\\\/#breadcrumb\"},\"inLanguage\":\"en-US\",\"potentialAction\":[{\"@type\":\"ReadAction\",\"target\":[\"https:\\\/\\\/fit360.ee\\\/en\\\/pood\\\/product-groups\\\/vitamins-and-minerals-en\\\/c-vitamin-en\\\/pharma-vitamin-c-drops-kids-30ml\\\/\"]}]},{\"@type\":\"ImageObject\",\"inLanguage\":\"en-US\",\"@id\":\"https:\\\/\\\/fit360.ee\\\/en\\\/pood\\\/product-groups\\\/vitamins-and-minerals-en\\\/c-vitamin-en\\\/pharma-vitamin-c-drops-kids-30ml\\\/#primaryimage\",\"url\":\"https:\\\/\\\/fit360.ee\\\/wp-content\\\/uploads\\\/2024\\\/09\\\/c-vitamiini-tilgad-lastele-fit360.ee_.png\",\"contentUrl\":\"https:\\\/\\\/fit360.ee\\\/wp-content\\\/uploads\\\/2024\\\/09\\\/c-vitamiini-tilgad-lastele-fit360.ee_.png\",\"width\":450,\"height\":450,\"caption\":\"c vitamiini tilgad lastele - fit360.ee\"},{\"@type\":\"BreadcrumbList\",\"@id\":\"https:\\\/\\\/fit360.ee\\\/en\\\/pood\\\/product-groups\\\/vitamins-and-minerals-en\\\/c-vitamin-en\\\/pharma-vitamin-c-drops-kids-30ml\\\/#breadcrumb\",\"itemListElement\":[{\"@type\":\"ListItem\",\"position\":1,\"name\":\"Home\",\"item\":\"https:\\\/\\\/fit360.ee\\\/en\\\/\"},{\"@type\":\"ListItem\",\"position\":2,\"name\":\"Shop\",\"item\":\"https:\\\/\\\/fit360.ee\\\/en\\\/shop\\\/\"},{\"@type\":\"ListItem\",\"position\":3,\"name\":\"Pharma Vitamin C drops kids (30ml)\"}]},{\"@type\":\"WebSite\",\"@id\":\"https:\\\/\\\/fit360.ee\\\/en\\\/#website\",\"url\":\"https:\\\/\\\/fit360.ee\\\/en\\\/\",\"name\":\"Fit360\",\"description\":\"\",\"publisher\":{\"@id\":\"https:\\\/\\\/fit360.ee\\\/en\\\/#organization\"},\"potentialAction\":[{\"@type\":\"SearchAction\",\"target\":{\"@type\":\"EntryPoint\",\"urlTemplate\":\"https:\\\/\\\/fit360.ee\\\/en\\\/?s={search_term_string}\"},\"query-input\":{\"@type\":\"PropertyValueSpecification\",\"valueRequired\":true,\"valueName\":\"search_term_string\"}}],\"inLanguage\":\"en-US\"},{\"@type\":\"Organization\",\"@id\":\"https:\\\/\\\/fit360.ee\\\/en\\\/#organization\",\"name\":\"Fit360\",\"url\":\"https:\\\/\\\/fit360.ee\\\/en\\\/\",\"logo\":{\"@type\":\"ImageObject\",\"inLanguage\":\"en-US\",\"@id\":\"https:\\\/\\\/fit360.ee\\\/en\\\/#\\\/schema\\\/logo\\\/image\\\/\",\"url\":\"https:\\\/\\\/fit360.ee\\\/wp-content\\\/uploads\\\/2017\\\/01\\\/logo-fit360.png\",\"contentUrl\":\"https:\\\/\\\/fit360.ee\\\/wp-content\\\/uploads\\\/2017\\\/01\\\/logo-fit360.png\",\"width\":180,\"height\":66,\"caption\":\"Fit360\"},\"image\":{\"@id\":\"https:\\\/\\\/fit360.ee\\\/en\\\/#\\\/schema\\\/logo\\\/image\\\/\"}}]}<\/script>\n<!-- \/ Yoast SEO plugin. -->","yoast_head_json":{"title":"Pharma Vitamin C drops kids (30ml) - Vitamiin C tilgad lastele - Fit360","description":"Vitamiin C tilgad lastele on k\u00f5ige pisematele loodud toidulisand, mis on v\u00e4\u00e4rtuslik L-askorbiinhappe allikas. Preparaat on saadaval lihtsalt manustataval...","robots":{"index":"index","follow":"follow","max-snippet":"max-snippet:-1","max-image-preview":"max-image-preview:large","max-video-preview":"max-video-preview:-1"},"canonical":"https:\/\/fit360.ee\/en\/pood\/product-groups\/vitamins-and-minerals-en\/c-vitamin-en\/pharma-vitamin-c-drops-kids-30ml\/","og_locale":"en_US","og_type":"article","og_title":"Pharma Vitamin C drops kids (30ml) - Vitamiin C tilgad lastele - Fit360","og_description":"Vitamiin C tilgad lastele on k\u00f5ige pisematele loodud toidulisand, mis on v\u00e4\u00e4rtuslik L-askorbiinhappe allikas. Preparaat on saadaval lihtsalt manustataval...","og_url":"https:\/\/fit360.ee\/en\/pood\/product-groups\/vitamins-and-minerals-en\/c-vitamin-en\/pharma-vitamin-c-drops-kids-30ml\/","og_site_name":"Fit360","article_modified_time":"2025-08-13T05:35:08+00:00","og_image":[{"width":450,"height":450,"url":"https:\/\/fit360.ee\/wp-content\/uploads\/2024\/09\/c-vitamiini-tilgad-lastele-fit360.ee_.png","type":"image\/png"}],"twitter_card":"summary_large_image","twitter_misc":{"Est. reading time":"3 minutes"},"schema":{"@context":"https:\/\/schema.org","@graph":[{"@type":"WebPage","@id":"https:\/\/fit360.ee\/en\/pood\/product-groups\/vitamins-and-minerals-en\/c-vitamin-en\/pharma-vitamin-c-drops-kids-30ml\/","url":"https:\/\/fit360.ee\/en\/pood\/product-groups\/vitamins-and-minerals-en\/c-vitamin-en\/pharma-vitamin-c-drops-kids-30ml\/","name":"Pharma Vitamin C drops kids (30ml) - Vitamiin C tilgad lastele - Fit360","isPartOf":{"@id":"https:\/\/fit360.ee\/en\/#website"},"primaryImageOfPage":{"@id":"https:\/\/fit360.ee\/en\/pood\/product-groups\/vitamins-and-minerals-en\/c-vitamin-en\/pharma-vitamin-c-drops-kids-30ml\/#primaryimage"},"image":{"@id":"https:\/\/fit360.ee\/en\/pood\/product-groups\/vitamins-and-minerals-en\/c-vitamin-en\/pharma-vitamin-c-drops-kids-30ml\/#primaryimage"},"thumbnailUrl":"https:\/\/fit360.ee\/wp-content\/uploads\/2024\/09\/c-vitamiini-tilgad-lastele-fit360.ee_.png","datePublished":"2024-09-06T11:58:56+00:00","dateModified":"2025-08-13T05:35:08+00:00","description":"Vitamiin C tilgad lastele on k\u00f5ige pisematele loodud toidulisand, mis on v\u00e4\u00e4rtuslik L-askorbiinhappe allikas. Preparaat on saadaval lihtsalt manustataval...","breadcrumb":{"@id":"https:\/\/fit360.ee\/en\/pood\/product-groups\/vitamins-and-minerals-en\/c-vitamin-en\/pharma-vitamin-c-drops-kids-30ml\/#breadcrumb"},"inLanguage":"en-US","potentialAction":[{"@type":"ReadAction","target":["https:\/\/fit360.ee\/en\/pood\/product-groups\/vitamins-and-minerals-en\/c-vitamin-en\/pharma-vitamin-c-drops-kids-30ml\/"]}]},{"@type":"ImageObject","inLanguage":"en-US","@id":"https:\/\/fit360.ee\/en\/pood\/product-groups\/vitamins-and-minerals-en\/c-vitamin-en\/pharma-vitamin-c-drops-kids-30ml\/#primaryimage","url":"https:\/\/fit360.ee\/wp-content\/uploads\/2024\/09\/c-vitamiini-tilgad-lastele-fit360.ee_.png","contentUrl":"https:\/\/fit360.ee\/wp-content\/uploads\/2024\/09\/c-vitamiini-tilgad-lastele-fit360.ee_.png","width":450,"height":450,"caption":"c vitamiini tilgad lastele - fit360.ee"},{"@type":"BreadcrumbList","@id":"https:\/\/fit360.ee\/en\/pood\/product-groups\/vitamins-and-minerals-en\/c-vitamin-en\/pharma-vitamin-c-drops-kids-30ml\/#breadcrumb","itemListElement":[{"@type":"ListItem","position":1,"name":"Home","item":"https:\/\/fit360.ee\/en\/"},{"@type":"ListItem","position":2,"name":"Shop","item":"https:\/\/fit360.ee\/en\/shop\/"},{"@type":"ListItem","position":3,"name":"Pharma Vitamin C drops kids (30ml)"}]},{"@type":"WebSite","@id":"https:\/\/fit360.ee\/en\/#website","url":"https:\/\/fit360.ee\/en\/","name":"Fit360","description":"","publisher":{"@id":"https:\/\/fit360.ee\/en\/#organization"},"potentialAction":[{"@type":"SearchAction","target":{"@type":"EntryPoint","urlTemplate":"https:\/\/fit360.ee\/en\/?s={search_term_string}"},"query-input":{"@type":"PropertyValueSpecification","valueRequired":true,"valueName":"search_term_string"}}],"inLanguage":"en-US"},{"@type":"Organization","@id":"https:\/\/fit360.ee\/en\/#organization","name":"Fit360","url":"https:\/\/fit360.ee\/en\/","logo":{"@type":"ImageObject","inLanguage":"en-US","@id":"https:\/\/fit360.ee\/en\/#\/schema\/logo\/image\/","url":"https:\/\/fit360.ee\/wp-content\/uploads\/2017\/01\/logo-fit360.png","contentUrl":"https:\/\/fit360.ee\/wp-content\/uploads\/2017\/01\/logo-fit360.png","width":180,"height":66,"caption":"Fit360"},"image":{"@id":"https:\/\/fit360.ee\/en\/#\/schema\/logo\/image\/"}}]}},"_links":{"self":[{"href":"https:\/\/fit360.ee\/en\/wp-json\/wp\/v2\/product\/82595","targetHints":{"allow":["GET"]}}],"collection":[{"href":"https:\/\/fit360.ee\/en\/wp-json\/wp\/v2\/product"}],"about":[{"href":"https:\/\/fit360.ee\/en\/wp-json\/wp\/v2\/types\/product"}],"replies":[{"embeddable":true,"href":"https:\/\/fit360.ee\/en\/wp-json\/wp\/v2\/comments?post=82595"}],"wp:featuredmedia":[{"embeddable":true,"href":"https:\/\/fit360.ee\/en\/wp-json\/wp\/v2\/media\/82594"}],"wp:attachment":[{"href":"https:\/\/fit360.ee\/en\/wp-json\/wp\/v2\/media?parent=82595"}],"wp:term":[{"taxonomy":"product_brand","embeddable":true,"href":"https:\/\/fit360.ee\/en\/wp-json\/wp\/v2\/product_brand?post=82595"},{"taxonomy":"product_cat","embeddable":true,"href":"https:\/\/fit360.ee\/en\/wp-json\/wp\/v2\/product_cat?post=82595"},{"taxonomy":"product_tag","embeddable":true,"href":"https:\/\/fit360.ee\/en\/wp-json\/wp\/v2\/product_tag?post=82595"},{"taxonomy":"giftcard-category","embeddable":true,"href":"https:\/\/fit360.ee\/en\/wp-json\/wp\/v2\/giftcard-category?post=82595"}],"curies":[{"name":"wp","href":"https:\/\/api.w.org\/{rel}","templated":true}]}}