{"id":82904,"date":"2024-09-19T14:18:49","date_gmt":"2024-09-19T12:18:49","guid":{"rendered":"https:\/\/fit360.ee\/pood\/uncategorized\/qnt-eroxa-90-vcaps\/"},"modified":"2025-12-08T17:09:20","modified_gmt":"2025-12-08T15:09:20","slug":"qnt-eroxa-90-vcaps","status":"publish","type":"product","link":"https:\/\/fit360.ee\/en\/pood\/product-groups\/superfoods-health-foods-en\/maca-en\/qnt-eroxa-90-vcaps\/","title":{"rendered":"QNT Eroxa (90 vcaps)"},"content":{"rendered":"<div class=\"pdct-p-collapse-section pdcp-p-description-section\">\n<div class=\"container\">\n<div id=\"description_section_collapse_1\" class=\"pdct-p-collapse-section__content-wrapper wepi-collapse show\" aria-labelledby=\"description_section_heading_1\">\n<div class=\"pdct-p-collapse-section__content wepi-collapse-inner\">\n<h2><strong>Miks v\u00f5tta Eroxa toidulisandit?<\/strong><\/h2>\n<p>Eroxa on toidulisand, mis sisaldab k\u00f5iki looduslikke koostisosi seksuaaliha stimuleerimiseks. Nii meestel kui naistel aitab see tagada loomuliku\u00a0<strong>testosterooni<\/strong>\u00a0optimaalse taseme vereringes. Kuigi naised toodavad 20\u201330 korda v\u00e4hem testosterooni kui mehed, on sellel hormoonil oluline roll, kuna seda nimetatakse sageli &#8220;iha hormooniks&#8221;. T\u00e4nu oma keerulisele valemile, mis sisaldab koostisosi just \u00f5iges segus, aitab see toidulisand teil oluliselt stimuleerida seksuaalset isu.<\/p>\n<p>T\u00e4nu stimuleerivale ja kasulikule m\u00f5jule teie\u00a0<strong>libiidole<\/strong>\u00a0aitab see toidulisand teil s\u00e4ilitada vastupidavust ja f\u00fc\u00fcsilist j\u00f5udlust. Testosterooni stimulaatorina toimides peaks selle tarbimine olema piiratud m\u00f5ne n\u00e4dala v\u00f5i kuuga. Eroxa on ideaalne partner, kes aitab teil luua oma terasest enesekindlust.<\/p>\n<h3><strong>Eroxa testosterooni taseme t\u00f5stmiseks<\/strong><\/h3>\n<p>See toidulisand sisaldab koostisosi, mis on teie kehale kasulikud, et s\u00e4ilitada optimaalne testosterooni tase vereringes. Selle taseme pidev hoidmine aitab stimuleerida teie soovi, parandades samal ajal teie vastupidavust ja v\u00e4hendades v\u00e4simust. Meestes ja naistes eritaval\u00a0testosteroonil on meie kehale palju kasu\u00a0<strong>,<\/strong>\u00a0mis kajastub v\u00e4liselt. See hormoon m\u00f5jutab oluliselt n\u00e4rvis\u00fcsteemi, aidates teil v\u00e4hendada stressi ja \u00e4revuse taset.<\/p>\n<p>S\u00e4ilitades optimaalset\u00a0<strong>testosterooni<\/strong>\u00a0taset veres, stimuleerib toidulisand Eroxa ka teie seksuaalset iha. Vererakkude tootmise kiirendamine ainevahetuses suurendab teie f\u00fc\u00fcsilist energiat k\u00fcmnekordselt. T\u00e4nu Eroxas sisalduvatele koostisosadele saad juurde vastupidavust, j\u00f5udu ja eluj\u00f5udu. Selle toidulisandi asjatundlikult segatud kompleks v\u00f5ib m\u00f5jutada ka teie meelt, aidates teil saavutada ka enesekindlust. Eroxa on ideaalne partner, et tulla toime seksuaalsoovi langusega, aga ka v\u00f5idelda hormonaalse tasakaalutuse tagaj\u00e4rgedega.<\/p>\n<p>Lisaks v\u00f5ib Eroxa m\u00f5juda ka teie lihastele. Tegelikult on\u00a0kehas leiduva\u00a0<strong>testosterooni<\/strong>\u00a0taseme ja lihaste kasvu vahel vaieldamatu seos. Mida rohkem on teie vere testosterooni tase optimeeritud, seda parem on keskkond teie lihaste arendamiseks. Just see suhe aitab teil ka oma sooritust parandada.<\/p>\n<h4><strong>Koostisosad optimaalseks sooviks<\/strong><\/h4>\n<p>Eroxa on rikas Peruu Andidest p\u00e4rit maca ekstraktide poolest, kus seda on paljude vooruste t\u00f5ttu kasutatud tuhandeid aastaid. Selle keerulises keskkonnas elava taime peamine eelis on selle looduslik afrodisiaakum. See taim m\u00e4ngib t\u00f5epoolest rolli nii meeste kui naiste hormonaals\u00fcsteemis. Eroxa sisaldab looduslikult p\u00e4ikese k\u00e4es kuivatatud maca ekstrakte, mis v\u00f5imaldab teil selle eelistest parimal v\u00f5imalikul viisil kasu saada. Kuna maca ei m\u00f5juta ainult teie\u00a0<strong>libiidot<\/strong>\u00a0, annab see ka energiat, mis aitab teil suurendada vastupidavust ja j\u00f5udlust. Lisaks v\u00f5ib maca parandada ka viljakust ja aitab v\u00f5idelda menopausi negatiivsete m\u00f5judega.<\/p>\n<p>Teine Eroxa tugev koostisosa on damiana. Ka see afrodisiaakumi omadustega taim on p\u00e4rit L\u00f5una-Ameerikast. Maiade soovitatud kasutamine on sellel taimel seksuaalsele soovile palju kasu. See on selle taime aktiivne koostisosa, mis parandab seksuaaltervist, stimuleerides testosterooni tootmist ja vereringet. Optimaalsel tasemel hoitud testosterooni tase toetab iha ja\u00a0<strong>libiido<\/strong>\u00a0suurenenud taset . Damianal on ka roll hormonaalsete h\u00e4irete tasakaalustamisel, et parandada seksuaalv\u00f5imet. Teine selle tegevus kehale on pideva energia s\u00e4ilitamine, mis v\u00f5imaldab paremini taastuda.<\/p>\n<p>L\u00f5puks sisaldab Eroxa ka tsinki ja B3-vitamiini. Tsink on oluline mineraal, mis m\u00e4ngib rolli hormoonide, sealhulgas testosterooni s\u00fcnteesis. See mineraal aitab parandada ka viljakust. Eroxas sisalduv B3-vitamiin osaleb ka suguhormoonide, n\u00e4iteks testosterooni, aga ka \u00f6strogeeni s\u00fcnteesis. Lisaks muuhulgas immuuns\u00fcsteemile m\u00f5juvale toimele on tsink ja B3-vitamiin suurep\u00e4rased liitlased seksuaalse v\u00f5imekuse stimuleerimisel.<\/p>\n<p>Eroxa toidulisand toob seet\u00f5ttu palju kasu seksuaalsetele v\u00f5imetele. Lisaks seksuaalse iha ning meeste ja naiste\u00a0<strong>libiido<\/strong> stimuleerimisele tugevdab see t\u00e4nu oma energiavarustusele toonust ja eluj\u00f5udu. Lisaks sellele, et see aitab s\u00e4ilitada seksuaalset v\u00f5imekust naiste ja meeste hormonaalse tasakaalu edendamise kaudu, on sellel kasulik m\u00f5ju ka vaimsele heaolule. Eroxa on ideaalne, kui soovite selle eeliseid oma seksuaaliha stimuleerimiseks \u00e4ra kasutada.<\/p>\n<\/div>\n<\/div>\n<\/div>\n<\/div>\n<div class=\"pdct-p-collapse-section pdcp-p-description-section\">\n<div class=\"container\">\n<div id=\"description_section_collapse_2\" class=\"pdct-p-collapse-section__content-wrapper wepi-collapse show\" aria-labelledby=\"description_section_heading_2\">\n<div class=\"pdct-p-collapse-section__content wepi-collapse-inner\">\n<p><strong>Kasutamine: 2 kapslit<\/strong> p\u00e4evas koos veega. Mitte \u00fcletada. Diabeediravi samaaegsel kasutamisel pidage n\u00f5u oma arsti v\u00f5i apteekriga. Tarbimine peaks piirduma m\u00f5ne n\u00e4dala\/kuuga.<\/p>\n<\/div>\n<\/div>\n<\/div>\n<\/div>\n<div class=\"pdct-p-collapse-section pdcp-p-description-section\">\n<div class=\"container\">\n<div id=\"description_section_collapse_3\" class=\"pdct-p-collapse-section__content-wrapper wepi-collapse show\" aria-labelledby=\"description_section_heading_3\">\n<div class=\"pdct-p-collapse-section__content wepi-collapse-inner\">\n<table>\n<tbody>\n<tr>\n<td><strong>Toimeained<\/strong><\/td>\n<td><strong>2 kapslit<\/strong><\/td>\n<\/tr>\n<tr>\n<td>Maca kuiv ekstrakt<\/td>\n<td>500 mg<\/td>\n<\/tr>\n<tr>\n<td>Damiana lehtede kuiv ekstrakt<\/td>\n<td>200 mg<\/td>\n<\/tr>\n<tr>\n<td>Vit. B3 (nikotiinamiid)<\/td>\n<td>(*300%) 48 mg<\/td>\n<\/tr>\n<tr>\n<td>Tsink<\/td>\n<td>(*150%) 15 mg<\/td>\n<\/tr>\n<tr>\n<td>*Toitumise kontrollv\u00e4\u00e4rtused<\/td>\n<td><\/td>\n<\/tr>\n<\/tbody>\n<\/table>\n<\/div>\n<\/div>\n<\/div>\n<\/div>\n<div class=\"pdct-p-collapse-section pdcp-p-description-section\">\n<div class=\"container\">\n<div id=\"description_section_collapse_4\" class=\"pdct-p-collapse-section__content-wrapper wepi-collapse show\" aria-labelledby=\"description_section_heading_4\">\n<div class=\"pdct-p-collapse-section__content wepi-collapse-inner\">\n<p><strong>Koostisosad<\/strong>: Maca kuiv ekstrakt (Lepidium meyenii), kapsel: E464\/E407\/E508, damiani lehtede kuivekstrakt (Turnera di?usa), maltodekstriin, vit. B3, paakumisvastased ained: E470b\/E551, tsinktsitraat, vesi.<\/p>\n<p>Seda toidulisandit ei tohiks kasutada tasakaalustatud ja mitmek\u00fclgse toitumise ning tervisliku eluviisi asendamiseks. Hoida v\u00e4ikelastest eemal.<\/p>\n<p>Vaata ka meie teisi Testosterooni T\u00f5stjaid <a href=\"https:\/\/fit360.ee\/en\/product-category\/product-groups\/testosterone-boosters-en\/\"><strong>SIIT<\/strong><\/a> v\u00f5i Vitamiine\/Mineraale <a href=\"https:\/\/fit360.ee\/en\/product-category\/product-groups\/vitamins-and-minerals-en\/\"><strong>SIIT<\/strong><\/a>!<\/p>\n<p>Soovid kaupa osta suuremas koguses? Vaata antud toodet ka meie HULGI poest\u00a0<a href=\"https:\/\/toidulisandidhulgi.ee\/tooted\/qnt-eroxa-90-vcaps\/\"><strong>SIIT<\/strong><\/a>!<\/p>\n<\/div>\n<\/div>\n<\/div>\n<\/div>\n","protected":false},"excerpt":{"rendered":"<ul>\n<li>Aitab stimuleerida\u00a0<strong>seksuaalset iha<\/strong><\/li>\n<li><strong>Aitab s\u00e4ilitada k\u00f5rget testosterooni<\/strong>\u00a0taset\u00a0veres<\/li>\n<li>Aitab s\u00e4ilitada\u00a0<strong>vastupidavust<\/strong><\/li>\n<\/ul>\n","protected":false},"featured_media":82903,"comment_status":"open","ping_status":"closed","template":"","meta":[],"product_brand":[],"product_cat":[2358,1274,532,2664,536,2275,1201],"product_tag":[5229,5230,5231],"giftcard-category":[],"class_list":{"0":"post-82904","1":"product","2":"type-product","3":"status-publish","4":"has-post-thumbnail","6":"product_cat-maca-en","7":"product_cat-qnt-en","8":"product_cat-testosterone-boosters-en","9":"product_cat-vegan-capsules-en","10":"product_cat-vitamins-and-minerals-en","11":"product_cat-zinc-en","12":"product_cat-1201","13":"product_tag-eroxa-en","14":"product_tag-qnt-eroxa-en","15":"product_tag-qnt-sports-en","16":"pa_kogus-90-vcaps-en","17":"pa_toidulisand-branddd-qnt","18":"pa_tootegruppp-maca-en","19":"pa_tootegruppp-testosterone-enhancers","20":"pa_tootegruppp-tsink-en","21":"pa_tootegruppp-vcaps-vegan-kapslid-en","22":"pa_tootegruppp-vegan-en","23":"pa_tootegruppp-vitamins-and-minerals","25":"first","26":"outofstock","27":"sale","28":"taxable","29":"shipping-taxable","30":"purchasable","31":"product-type-simple"},"yoast_head":"<!-- This site is optimized with the Yoast SEO plugin v27.3 - https:\/\/yoast.com\/product\/yoast-seo-wordpress\/ -->\n<title>QNT Eroxa (90 vcaps) - Toidlisand seksuaalelu parandamiseks - Fit360<\/title>\n<meta name=\"description\" content=\"Eroxa on toidulisand, mis sisaldab k\u00f5iki looduslikke koostisosi seksuaaliha stimuleerimiseks. Nii meestel kui naistel aitab see tagada loomuliku\u00a0testoste..\" \/>\n<meta name=\"robots\" content=\"index, follow, max-snippet:-1, max-image-preview:large, max-video-preview:-1\" \/>\n<link rel=\"canonical\" href=\"https:\/\/fit360.ee\/en\/pood\/product-groups\/superfoods-health-foods-en\/maca-en\/qnt-eroxa-90-vcaps\/\" \/>\n<meta property=\"og:locale\" content=\"en_US\" \/>\n<meta property=\"og:type\" content=\"article\" \/>\n<meta property=\"og:title\" content=\"QNT Eroxa (90 vcaps) - Toidlisand seksuaalelu parandamiseks - Fit360\" \/>\n<meta property=\"og:description\" content=\"Eroxa on toidulisand, mis sisaldab k\u00f5iki looduslikke koostisosi seksuaaliha stimuleerimiseks. Nii meestel kui naistel aitab see tagada loomuliku\u00a0testoste..\" \/>\n<meta property=\"og:url\" content=\"https:\/\/fit360.ee\/en\/pood\/product-groups\/superfoods-health-foods-en\/maca-en\/qnt-eroxa-90-vcaps\/\" \/>\n<meta property=\"og:site_name\" content=\"Fit360\" \/>\n<meta property=\"article:modified_time\" content=\"2025-12-08T15:09:20+00:00\" \/>\n<meta property=\"og:image\" content=\"https:\/\/fit360.ee\/wp-content\/uploads\/2024\/09\/qnt-eroxa-fit360.ee_.png\" \/>\n\t<meta property=\"og:image:width\" content=\"1500\" \/>\n\t<meta property=\"og:image:height\" content=\"1500\" \/>\n\t<meta property=\"og:image:type\" content=\"image\/png\" \/>\n<meta name=\"twitter:card\" content=\"summary_large_image\" \/>\n<meta name=\"twitter:label1\" content=\"Est. reading time\" \/>\n\t<meta name=\"twitter:data1\" content=\"4 minutes\" \/>\n<script type=\"application\/ld+json\" class=\"yoast-schema-graph\">{\"@context\":\"https:\\\/\\\/schema.org\",\"@graph\":[{\"@type\":\"WebPage\",\"@id\":\"https:\\\/\\\/fit360.ee\\\/en\\\/pood\\\/product-groups\\\/superfoods-health-foods-en\\\/maca-en\\\/qnt-eroxa-90-vcaps\\\/\",\"url\":\"https:\\\/\\\/fit360.ee\\\/en\\\/pood\\\/product-groups\\\/superfoods-health-foods-en\\\/maca-en\\\/qnt-eroxa-90-vcaps\\\/\",\"name\":\"QNT Eroxa (90 vcaps) - Toidlisand seksuaalelu parandamiseks - Fit360\",\"isPartOf\":{\"@id\":\"https:\\\/\\\/fit360.ee\\\/en\\\/#website\"},\"primaryImageOfPage\":{\"@id\":\"https:\\\/\\\/fit360.ee\\\/en\\\/pood\\\/product-groups\\\/superfoods-health-foods-en\\\/maca-en\\\/qnt-eroxa-90-vcaps\\\/#primaryimage\"},\"image\":{\"@id\":\"https:\\\/\\\/fit360.ee\\\/en\\\/pood\\\/product-groups\\\/superfoods-health-foods-en\\\/maca-en\\\/qnt-eroxa-90-vcaps\\\/#primaryimage\"},\"thumbnailUrl\":\"https:\\\/\\\/fit360.ee\\\/wp-content\\\/uploads\\\/2024\\\/09\\\/qnt-eroxa-fit360.ee_.png\",\"datePublished\":\"2024-09-19T12:18:49+00:00\",\"dateModified\":\"2025-12-08T15:09:20+00:00\",\"description\":\"Eroxa on toidulisand, mis sisaldab k\u00f5iki looduslikke koostisosi seksuaaliha stimuleerimiseks. Nii meestel kui naistel aitab see tagada loomuliku\u00a0testoste..\",\"breadcrumb\":{\"@id\":\"https:\\\/\\\/fit360.ee\\\/en\\\/pood\\\/product-groups\\\/superfoods-health-foods-en\\\/maca-en\\\/qnt-eroxa-90-vcaps\\\/#breadcrumb\"},\"inLanguage\":\"en-US\",\"potentialAction\":[{\"@type\":\"ReadAction\",\"target\":[\"https:\\\/\\\/fit360.ee\\\/en\\\/pood\\\/product-groups\\\/superfoods-health-foods-en\\\/maca-en\\\/qnt-eroxa-90-vcaps\\\/\"]}]},{\"@type\":\"ImageObject\",\"inLanguage\":\"en-US\",\"@id\":\"https:\\\/\\\/fit360.ee\\\/en\\\/pood\\\/product-groups\\\/superfoods-health-foods-en\\\/maca-en\\\/qnt-eroxa-90-vcaps\\\/#primaryimage\",\"url\":\"https:\\\/\\\/fit360.ee\\\/wp-content\\\/uploads\\\/2024\\\/09\\\/qnt-eroxa-fit360.ee_.png\",\"contentUrl\":\"https:\\\/\\\/fit360.ee\\\/wp-content\\\/uploads\\\/2024\\\/09\\\/qnt-eroxa-fit360.ee_.png\",\"width\":1500,\"height\":1500,\"caption\":\"qnt eroxa - fit360.ee\"},{\"@type\":\"BreadcrumbList\",\"@id\":\"https:\\\/\\\/fit360.ee\\\/en\\\/pood\\\/product-groups\\\/superfoods-health-foods-en\\\/maca-en\\\/qnt-eroxa-90-vcaps\\\/#breadcrumb\",\"itemListElement\":[{\"@type\":\"ListItem\",\"position\":1,\"name\":\"Home\",\"item\":\"https:\\\/\\\/fit360.ee\\\/en\\\/\"},{\"@type\":\"ListItem\",\"position\":2,\"name\":\"Shop\",\"item\":\"https:\\\/\\\/fit360.ee\\\/en\\\/shop\\\/\"},{\"@type\":\"ListItem\",\"position\":3,\"name\":\"QNT Eroxa (90 vcaps)\"}]},{\"@type\":\"WebSite\",\"@id\":\"https:\\\/\\\/fit360.ee\\\/en\\\/#website\",\"url\":\"https:\\\/\\\/fit360.ee\\\/en\\\/\",\"name\":\"Fit360\",\"description\":\"\",\"publisher\":{\"@id\":\"https:\\\/\\\/fit360.ee\\\/en\\\/#organization\"},\"potentialAction\":[{\"@type\":\"SearchAction\",\"target\":{\"@type\":\"EntryPoint\",\"urlTemplate\":\"https:\\\/\\\/fit360.ee\\\/en\\\/?s={search_term_string}\"},\"query-input\":{\"@type\":\"PropertyValueSpecification\",\"valueRequired\":true,\"valueName\":\"search_term_string\"}}],\"inLanguage\":\"en-US\"},{\"@type\":\"Organization\",\"@id\":\"https:\\\/\\\/fit360.ee\\\/en\\\/#organization\",\"name\":\"Fit360\",\"url\":\"https:\\\/\\\/fit360.ee\\\/en\\\/\",\"logo\":{\"@type\":\"ImageObject\",\"inLanguage\":\"en-US\",\"@id\":\"https:\\\/\\\/fit360.ee\\\/en\\\/#\\\/schema\\\/logo\\\/image\\\/\",\"url\":\"https:\\\/\\\/fit360.ee\\\/wp-content\\\/uploads\\\/2017\\\/01\\\/logo-fit360.png\",\"contentUrl\":\"https:\\\/\\\/fit360.ee\\\/wp-content\\\/uploads\\\/2017\\\/01\\\/logo-fit360.png\",\"width\":180,\"height\":66,\"caption\":\"Fit360\"},\"image\":{\"@id\":\"https:\\\/\\\/fit360.ee\\\/en\\\/#\\\/schema\\\/logo\\\/image\\\/\"}}]}<\/script>\n<!-- \/ Yoast SEO plugin. -->","yoast_head_json":{"title":"QNT Eroxa (90 vcaps) - Toidlisand seksuaalelu parandamiseks - Fit360","description":"Eroxa on toidulisand, mis sisaldab k\u00f5iki looduslikke koostisosi seksuaaliha stimuleerimiseks. Nii meestel kui naistel aitab see tagada loomuliku\u00a0testoste..","robots":{"index":"index","follow":"follow","max-snippet":"max-snippet:-1","max-image-preview":"max-image-preview:large","max-video-preview":"max-video-preview:-1"},"canonical":"https:\/\/fit360.ee\/en\/pood\/product-groups\/superfoods-health-foods-en\/maca-en\/qnt-eroxa-90-vcaps\/","og_locale":"en_US","og_type":"article","og_title":"QNT Eroxa (90 vcaps) - Toidlisand seksuaalelu parandamiseks - Fit360","og_description":"Eroxa on toidulisand, mis sisaldab k\u00f5iki looduslikke koostisosi seksuaaliha stimuleerimiseks. Nii meestel kui naistel aitab see tagada loomuliku\u00a0testoste..","og_url":"https:\/\/fit360.ee\/en\/pood\/product-groups\/superfoods-health-foods-en\/maca-en\/qnt-eroxa-90-vcaps\/","og_site_name":"Fit360","article_modified_time":"2025-12-08T15:09:20+00:00","og_image":[{"width":1500,"height":1500,"url":"https:\/\/fit360.ee\/wp-content\/uploads\/2024\/09\/qnt-eroxa-fit360.ee_.png","type":"image\/png"}],"twitter_card":"summary_large_image","twitter_misc":{"Est. reading time":"4 minutes"},"schema":{"@context":"https:\/\/schema.org","@graph":[{"@type":"WebPage","@id":"https:\/\/fit360.ee\/en\/pood\/product-groups\/superfoods-health-foods-en\/maca-en\/qnt-eroxa-90-vcaps\/","url":"https:\/\/fit360.ee\/en\/pood\/product-groups\/superfoods-health-foods-en\/maca-en\/qnt-eroxa-90-vcaps\/","name":"QNT Eroxa (90 vcaps) - Toidlisand seksuaalelu parandamiseks - Fit360","isPartOf":{"@id":"https:\/\/fit360.ee\/en\/#website"},"primaryImageOfPage":{"@id":"https:\/\/fit360.ee\/en\/pood\/product-groups\/superfoods-health-foods-en\/maca-en\/qnt-eroxa-90-vcaps\/#primaryimage"},"image":{"@id":"https:\/\/fit360.ee\/en\/pood\/product-groups\/superfoods-health-foods-en\/maca-en\/qnt-eroxa-90-vcaps\/#primaryimage"},"thumbnailUrl":"https:\/\/fit360.ee\/wp-content\/uploads\/2024\/09\/qnt-eroxa-fit360.ee_.png","datePublished":"2024-09-19T12:18:49+00:00","dateModified":"2025-12-08T15:09:20+00:00","description":"Eroxa on toidulisand, mis sisaldab k\u00f5iki looduslikke koostisosi seksuaaliha stimuleerimiseks. Nii meestel kui naistel aitab see tagada loomuliku\u00a0testoste..","breadcrumb":{"@id":"https:\/\/fit360.ee\/en\/pood\/product-groups\/superfoods-health-foods-en\/maca-en\/qnt-eroxa-90-vcaps\/#breadcrumb"},"inLanguage":"en-US","potentialAction":[{"@type":"ReadAction","target":["https:\/\/fit360.ee\/en\/pood\/product-groups\/superfoods-health-foods-en\/maca-en\/qnt-eroxa-90-vcaps\/"]}]},{"@type":"ImageObject","inLanguage":"en-US","@id":"https:\/\/fit360.ee\/en\/pood\/product-groups\/superfoods-health-foods-en\/maca-en\/qnt-eroxa-90-vcaps\/#primaryimage","url":"https:\/\/fit360.ee\/wp-content\/uploads\/2024\/09\/qnt-eroxa-fit360.ee_.png","contentUrl":"https:\/\/fit360.ee\/wp-content\/uploads\/2024\/09\/qnt-eroxa-fit360.ee_.png","width":1500,"height":1500,"caption":"qnt eroxa - fit360.ee"},{"@type":"BreadcrumbList","@id":"https:\/\/fit360.ee\/en\/pood\/product-groups\/superfoods-health-foods-en\/maca-en\/qnt-eroxa-90-vcaps\/#breadcrumb","itemListElement":[{"@type":"ListItem","position":1,"name":"Home","item":"https:\/\/fit360.ee\/en\/"},{"@type":"ListItem","position":2,"name":"Shop","item":"https:\/\/fit360.ee\/en\/shop\/"},{"@type":"ListItem","position":3,"name":"QNT Eroxa (90 vcaps)"}]},{"@type":"WebSite","@id":"https:\/\/fit360.ee\/en\/#website","url":"https:\/\/fit360.ee\/en\/","name":"Fit360","description":"","publisher":{"@id":"https:\/\/fit360.ee\/en\/#organization"},"potentialAction":[{"@type":"SearchAction","target":{"@type":"EntryPoint","urlTemplate":"https:\/\/fit360.ee\/en\/?s={search_term_string}"},"query-input":{"@type":"PropertyValueSpecification","valueRequired":true,"valueName":"search_term_string"}}],"inLanguage":"en-US"},{"@type":"Organization","@id":"https:\/\/fit360.ee\/en\/#organization","name":"Fit360","url":"https:\/\/fit360.ee\/en\/","logo":{"@type":"ImageObject","inLanguage":"en-US","@id":"https:\/\/fit360.ee\/en\/#\/schema\/logo\/image\/","url":"https:\/\/fit360.ee\/wp-content\/uploads\/2017\/01\/logo-fit360.png","contentUrl":"https:\/\/fit360.ee\/wp-content\/uploads\/2017\/01\/logo-fit360.png","width":180,"height":66,"caption":"Fit360"},"image":{"@id":"https:\/\/fit360.ee\/en\/#\/schema\/logo\/image\/"}}]}},"_links":{"self":[{"href":"https:\/\/fit360.ee\/en\/wp-json\/wp\/v2\/product\/82904","targetHints":{"allow":["GET"]}}],"collection":[{"href":"https:\/\/fit360.ee\/en\/wp-json\/wp\/v2\/product"}],"about":[{"href":"https:\/\/fit360.ee\/en\/wp-json\/wp\/v2\/types\/product"}],"replies":[{"embeddable":true,"href":"https:\/\/fit360.ee\/en\/wp-json\/wp\/v2\/comments?post=82904"}],"wp:featuredmedia":[{"embeddable":true,"href":"https:\/\/fit360.ee\/en\/wp-json\/wp\/v2\/media\/82903"}],"wp:attachment":[{"href":"https:\/\/fit360.ee\/en\/wp-json\/wp\/v2\/media?parent=82904"}],"wp:term":[{"taxonomy":"product_brand","embeddable":true,"href":"https:\/\/fit360.ee\/en\/wp-json\/wp\/v2\/product_brand?post=82904"},{"taxonomy":"product_cat","embeddable":true,"href":"https:\/\/fit360.ee\/en\/wp-json\/wp\/v2\/product_cat?post=82904"},{"taxonomy":"product_tag","embeddable":true,"href":"https:\/\/fit360.ee\/en\/wp-json\/wp\/v2\/product_tag?post=82904"},{"taxonomy":"giftcard-category","embeddable":true,"href":"https:\/\/fit360.ee\/en\/wp-json\/wp\/v2\/giftcard-category?post=82904"}],"curies":[{"name":"wp","href":"https:\/\/api.w.org\/{rel}","templated":true}]}}