{"id":82911,"date":"2024-09-19T15:03:39","date_gmt":"2024-09-19T13:03:39","guid":{"rendered":"https:\/\/fit360.ee\/pood\/uncategorized\/qnt-curcuma-90-vcaps\/"},"modified":"2025-08-13T07:37:28","modified_gmt":"2025-08-13T05:37:28","slug":"qnt-curcuma-90-vcaps","status":"publish","type":"product","link":"https:\/\/fit360.ee\/en\/pood\/product-groups\/%d0%b2%d0%b5%d0%b3%d0%b0%d0%bd\/vegan-capsules-en\/qnt-curcuma-90-vcaps\/","title":{"rendered":"QNT Curcuma+ (90 vcaps)"},"content":{"rendered":"<h2><strong><span style=\"font-size: 20.16px; color: #333333;\">Miks v\u00f5tta Curcuma + ?<\/span><\/strong><\/h2>\n<div class=\"pdct-p-collapse-section pdcp-p-description-section\">\n<div class=\"container\">\n<div id=\"description_section_collapse_1\" class=\"pdct-p-collapse-section__content-wrapper wepi-collapse show\" aria-labelledby=\"description_section_heading_1\">\n<div class=\"pdct-p-collapse-section__content wepi-collapse-inner\">\n<p><strong>Curcuma + ehk Kurkumil<\/strong>\u00a0on uskumatud omadused, millel on m\u00e4rkimisv\u00e4\u00e4rne kasu tervisele. Seda on Indias aastatuhandeid kasutatud ravimtaimena, kus seda on kasutatud eelk\u00f5ige liigese-, k\u00f5\u00f5luste-, k\u00f5hrevalu ja seedeh\u00e4irete vastu v\u00f5itlemiseks. Meie kurkumiallikas p\u00e4rineb otse India p\u00f5llumeestelt. Seda koristatakse traditsioonilisel viisil, et s\u00e4ilitada k\u00f5ik olulised toitained.<\/p>\n<h2><strong>Kurkum: vaidlamatu loodusj\u00f5ud\u00a0<\/strong><\/h2>\n<p>Meie toidulisand\u00a0<strong>Curcuma<\/strong>\u00a0+ saadakse curcuma longa juure ekstraktist. Oleme selle sordi spetsiaalselt valinud selleks, et saaksite kasu saada parimatest v\u00f5imalikest tulemustest. Sellel on k\u00f5rge biosaadavus kurkumiinis, mis on oluline selle antioks\u00fcdantse ja p\u00f5letikuvastase toime jaoks. Nagu te ehk aru saite, on curcuma longa vaieldamatult k\u00f5ige t\u00f5husam kurkumiliik.<\/p>\n<p><strong>Kurkumi<\/strong>\u00a0\u00fcks komponente\u00a0on kurkumiin. See on kurkumis sisalduv toimeaine, mis osutub selle taime t\u00f5eliseks tugevuseks. Selle toime t\u00f5husus on kaks-\u00fches: lisaks ennetamisele ravib see erinevaid vaevusi. Kurkumit peetakse Aasias p\u00fchaks taimeks ja m\u00f5nikord peetakse seda imetoiduks, kuna selles sisalduvad aktiivsed koostisosad kurkumiin on selle raviomaduste aluseks. QNT Curcuma+ koosneb tugevast 1200 mg kurkumiini kontsentratsioonist. See k\u00f5rge kurkumiinisisaldus suurendab selle kasulikkust k\u00fcmme korda, olles samas kergesti seeditav.<\/p>\n<h4><strong>Kurkumi positiivsed m\u00f5jud<\/strong><\/h4>\n<p><strong>Kurkumi<\/strong>\u00a0m\u00f5ju suurendamiseks\u00a0otsustasime selle kombineerida boswellia serrata ja C-vitamiiniga. See kurkumiini ja boswellia ekstrakti kombinatsioon suurendab nende t\u00f5husust nende s\u00fcnergilise toime t\u00f5ttu. Need v\u00f5imaldavad eelk\u00f5ige v\u00e4hendada valuga seotud s\u00fcmptomeid osteoartriidi all kannatavatel inimestel. Meie Curcuma+ toidulisandi efektiivsus on seet\u00f5ttu veelgi t\u00f5husam t\u00e4nu k\u00f5igi selle koostisosade v\u00f5imsusele.<\/p>\n<p><strong>Kurkuma<\/strong>\u00a0oleme kombineerinud\u00a0boswelliaga. See taim on lisaks valu- ja j\u00e4ikusevastasele toimele tuntud ka oma p\u00f5letikuvastase toime poolest. See taim on oma tervisele kasulike omaduste poolest tuntud juba aastaid. See kasvab India m\u00e4gedes ja koristatakse kuivadel perioodidel. Boswellia toimeained, mis optimeerivad kurkumi m\u00f5ju, on taime vaigus sisalduvad boswellihapped. Need takistavad p\u00f5letike teket ja soodustavad ka vereringet liigestes. Seet\u00f5ttu saate suure panuse t\u00e4nu sellele koostisosale, mis keskendub p\u00f5letiku ravile optimaalse tulemuse saavutamiseks.<\/p>\n<p>Sellele juba sensatsioonilisele valemile oleme lisanud C-vitamiini. See annab\u00a0<strong>kurkumiinile<\/strong>\u00a0t\u00e4iendava antioks\u00fcdantse toime . See vitamiin toimib t\u00f5elise kilbina, mis kaitseb rakke erinevate kahjustuste eest, millega meie keha silmitsi seisab. C-vitamiin stimuleerib ka vereringet, osaledes punaste vereliblede moodustamises. Selle sihip\u00e4rane tegevus v\u00f5imaldab seega paremini varustada meie keha toitaineid.<\/p>\n<h4><strong>Millised on Curcuma+ eelised?<\/strong><\/h4>\n<p><strong>Meie suure kurkuma<\/strong>\u00a0kontsentratsiooniga toidulisand\u00a0aitab teil loomulikult v\u00f5idelda liigeste, k\u00f5\u00f5luste ja k\u00f5hredega seotud valudega. T\u00e4nu erinevatele toimeainetele v\u00f5imaldab see end taas tervena ja heas vormis tunda. See toidulisand oma m\u00e4rkimisv\u00e4\u00e4rsete voorustega on seega ideaalne k\u00f5igile aktiivsetele inimestele.<\/p>\n<p>See kompleks v\u00f5itleb liigesvaluga, mis on p\u00f5hjustatud rakkude uuenemata j\u00e4tmisest. J\u00e4relikult leiate end painduvuse ja liigeste osas tippvormist. Lisaks liigeste kaitsmisele kaasaaitamisele sisaldab\u00a0<strong>Curcuma<\/strong>\u00a0+ omadusi, mis aitavad leevendada p\u00f5letikuga seotud valu. T\u00e4nu selle p\u00f5letikuvastastele omadustele tunnete end energilisemana kui kunagi varem.<\/p>\n<p><strong>Curcuma<\/strong>\u00a0+ on ka t\u00e4ielik antioks\u00fcdant, mille tulemused \u00fcllatavad teid. Antioks\u00fcdandid on molekulid, mis kaitsevad rakke vananemise eest. Meie suure kontsentratsiooniga kurkumiini toidulisandil on suurep\u00e4rased antioks\u00fcdantsed omadused, mis aitavad seega v\u00f5idelda rakkude vananemise vastu. Lisaks oks\u00fcdatiivse stressi v\u00e4hendamisele aitab see ravida vereringeprobleeme ja seega piirata s\u00fcdameinfarkti riski.<\/p>\n<p><strong>Meie valem on ideaalne seedeprobleemide vastu v\u00f5itlemiseks ja erinevalt teistest kurkumilisandite<\/strong>\u00a0kombinatsioonidest puudub k\u00f5rvaltoimete oht\u00a0. Parandades seedemugavust, hoiab Curcuma+ head maksa tervist ja v\u00f5itleb maohappesuse vastu, piirates rasvade ladestumist ja h\u00f5lbustades nende vabanemist maksas. Meie Curcuma+ on ideaalne toidulisand k\u00f5igile inimestele, kes soovivad neutraliseerida igasuguseid p\u00f5letikulisi valusid.<\/p>\n<\/div>\n<\/div>\n<\/div>\n<\/div>\n<div class=\"pdct-p-collapse-section pdcp-p-description-section\">\n<div class=\"container\">\n<div id=\"description_section_collapse_2\" class=\"pdct-p-collapse-section__content-wrapper wepi-collapse show\" aria-labelledby=\"description_section_heading_2\">\n<div class=\"pdct-p-collapse-section__content wepi-collapse-inner\">\n<p><strong>Kasutamine<\/strong>: 3 kapslit p\u00e4evas koos veega. Mitte \u00fcletada. Konsulteerige oma arsti v\u00f5i apteekriga, kui kasutate samaaegselt antikoagulante v\u00f5i teisi ravimeid v\u00f5i maksa- v\u00f5i sapip\u00f5iehaiguse korral. Mitte manustada alla 18-aastastele lastele, rasedatele ega rinnaga toitvatele naistele.<\/p>\n<\/div>\n<\/div>\n<\/div>\n<\/div>\n<div class=\"pdct-p-collapse-section pdcp-p-description-section\">\n<div class=\"container\">\n<div id=\"description_section_collapse_3\" class=\"pdct-p-collapse-section__content-wrapper wepi-collapse show\" aria-labelledby=\"description_section_heading_3\">\n<div class=\"pdct-p-collapse-section__content wepi-collapse-inner\">\n<table>\n<tbody>\n<tr>\n<td><strong>Toimeained<\/strong><\/td>\n<td><strong>3 kapsel<\/strong><\/td>\n<\/tr>\n<tr>\n<td>Kurkumiini kuivekstrakt<\/td>\n<td>1200 mg<\/td>\n<\/tr>\n<tr>\n<td>Boswellia serrata kuivekstrakt<\/td>\n<td>225 mg<\/td>\n<\/tr>\n<tr>\n<td>C-vitamiin (askorbiinhape)<\/td>\n<td>(*60%) 48 mg<\/td>\n<\/tr>\n<tr>\n<td>*Toitumise kontrollv\u00e4\u00e4rtused<\/td>\n<\/tr>\n<\/tbody>\n<\/table>\n<\/div>\n<\/div>\n<\/div>\n<\/div>\n<div class=\"pdct-p-collapse-section pdcp-p-description-section\">\n<div class=\"container\">\n<div id=\"description_section_collapse_4\" class=\"pdct-p-collapse-section__content-wrapper wepi-collapse show\" aria-labelledby=\"description_section_heading_4\">\n<div class=\"pdct-p-collapse-section__content wepi-collapse-inner\">\n<p><strong>Koostisosad<\/strong>: Kurkumiini kuivekstrakt (Curcuma longa), kapsel: E464\/E407\/E508, viirukipuu kuivekstrakt (Boswellia serrata), vit. C, paakumisvastased ained: E470b\/E551, vesi.<\/p>\n<p>Seda toidulisandit ei tohiks kasutada tasakaalustatud ja mitmek\u00fclgse toitumise ning tervisliku eluviisi asendamiseks. Hoida v\u00e4ikelastest eemal.<\/p>\n<p>Vaata ka meie teisi Vitamiine\/Mineraale <a href=\"https:\/\/fit360.ee\/en\/product-category\/product-groups\/vitamins-and-minerals-en\/\"><strong>SIIT<\/strong><\/a> v\u00f5i Supertoite <a href=\"https:\/\/fit360.ee\/en\/product-category\/product-groups\/superfoods-health-foods-en\/\"><strong>SIIT<\/strong><\/a>!<\/p>\n<p>Soovid kaupa osta suuremas koguses? Vaata antud toodet ka meie HULGI poest\u00a0<a href=\"https:\/\/toidulisandidhulgi.ee\/tooted\/qnt-curcuma-90-vcaps\/\"><strong>SIIT<\/strong><\/a>!<\/p>\n<\/div>\n<\/div>\n<\/div>\n<\/div>\n","protected":false},"excerpt":{"rendered":"<ul>\n<li>Leevendab valu\u00a0<strong>liigestes, k\u00f5\u00f5lustes ja k\u00f5hredes<\/strong><\/li>\n<li><strong>Antioks\u00fcdantsed<\/strong>\u00a0ja\u00a0<strong>p\u00f5letikuvastased<\/strong>\u00a0omadused<\/li>\n<li><strong>Rikastatud valem<\/strong>\u00a0, mis tugevdab kurkumi m\u00f5ju<\/li>\n<\/ul>\n","protected":false},"featured_media":82910,"comment_status":"open","ping_status":"closed","template":"","meta":[],"product_brand":[],"product_cat":[5311,1911,5320,527,1274,1454,2664,536,1201],"product_tag":[5233,4184,4660],"giftcard-category":[],"class_list":{"0":"post-82911","1":"product","2":"type-product","3":"status-publish","4":"has-post-thumbnail","6":"product_cat-antioxidants-en","7":"product_cat-c-vitamin-en","8":"product_cat-for-immunity-en","9":"product_cat-joint-support-en","10":"product_cat-qnt-en","11":"product_cat-superfoods-health-foods-en","12":"product_cat-vegan-capsules-en","13":"product_cat-vitamins-and-minerals-en","14":"product_cat-1201","15":"product_tag-curcuma-en","16":"product_tag-kurkum-en","17":"product_tag-qnt-en","18":"pa_kogus-90-capsules","19":"pa_toidulisand-branddd-qnt","20":"pa_tootegruppp-antioksudandid-en","21":"pa_tootegruppp-c-vitamiin-en","22":"pa_tootegruppp-for-joints","23":"pa_tootegruppp-immuunsusteem-en","24":"pa_tootegruppp-supertoit-tervisetoit-en","25":"pa_tootegruppp-vcaps-vegan-kapslid-en","26":"pa_tootegruppp-vegan-en","27":"pa_tootegruppp-vitamins-and-minerals","29":"first","30":"outofstock","31":"sale","32":"taxable","33":"shipping-taxable","34":"purchasable","35":"product-type-simple"},"yoast_head":"<!-- This site is optimized with the Yoast SEO plugin v27.3 - https:\/\/yoast.com\/product\/yoast-seo-wordpress\/ -->\n<title>QNT Curcuma+ (90 vcaps) - Kurkum - Korralik sisaldus - Kiire Tarne - Fit360<\/title>\n<meta name=\"description\" content=\"Curcuma + ehk Kurkumil\u00a0on uskumatud omadused, millel on m\u00e4rkimisv\u00e4\u00e4rne kasu tervisele. Seda on Indias aastatuhandeid kasutatud ravimtaimena, kus...\" \/>\n<meta name=\"robots\" content=\"index, follow, max-snippet:-1, max-image-preview:large, max-video-preview:-1\" \/>\n<link rel=\"canonical\" href=\"https:\/\/fit360.ee\/en\/pood\/product-groups\/\u0432\u0435\u0433\u0430\u043d\/vegan-capsules-en\/qnt-curcuma-90-vcaps\/\" \/>\n<meta property=\"og:locale\" content=\"en_US\" \/>\n<meta property=\"og:type\" content=\"article\" \/>\n<meta property=\"og:title\" content=\"QNT Curcuma+ (90 vcaps) - Kurkum - Korralik sisaldus - Kiire Tarne - Fit360\" \/>\n<meta property=\"og:description\" content=\"Curcuma + ehk Kurkumil\u00a0on uskumatud omadused, millel on m\u00e4rkimisv\u00e4\u00e4rne kasu tervisele. Seda on Indias aastatuhandeid kasutatud ravimtaimena, kus...\" \/>\n<meta property=\"og:url\" content=\"https:\/\/fit360.ee\/en\/pood\/product-groups\/\u0432\u0435\u0433\u0430\u043d\/vegan-capsules-en\/qnt-curcuma-90-vcaps\/\" \/>\n<meta property=\"og:site_name\" content=\"Fit360\" \/>\n<meta property=\"article:modified_time\" content=\"2025-08-13T05:37:28+00:00\" \/>\n<meta property=\"og:image\" content=\"https:\/\/fit360.ee\/wp-content\/uploads\/2024\/09\/curcuma-fit360.ee_.png\" \/>\n\t<meta property=\"og:image:width\" content=\"1500\" \/>\n\t<meta property=\"og:image:height\" content=\"1500\" \/>\n\t<meta property=\"og:image:type\" content=\"image\/png\" \/>\n<meta name=\"twitter:card\" content=\"summary_large_image\" \/>\n<meta name=\"twitter:label1\" content=\"Est. reading time\" \/>\n\t<meta name=\"twitter:data1\" content=\"4 minutes\" \/>\n<script type=\"application\/ld+json\" class=\"yoast-schema-graph\">{\"@context\":\"https:\\\/\\\/schema.org\",\"@graph\":[{\"@type\":\"WebPage\",\"@id\":\"https:\\\/\\\/fit360.ee\\\/en\\\/pood\\\/product-groups\\\/%d0%b2%d0%b5%d0%b3%d0%b0%d0%bd\\\/vegan-capsules-en\\\/qnt-curcuma-90-vcaps\\\/\",\"url\":\"https:\\\/\\\/fit360.ee\\\/en\\\/pood\\\/product-groups\\\/%d0%b2%d0%b5%d0%b3%d0%b0%d0%bd\\\/vegan-capsules-en\\\/qnt-curcuma-90-vcaps\\\/\",\"name\":\"QNT Curcuma+ (90 vcaps) - Kurkum - Korralik sisaldus - Kiire Tarne - Fit360\",\"isPartOf\":{\"@id\":\"https:\\\/\\\/fit360.ee\\\/en\\\/#website\"},\"primaryImageOfPage\":{\"@id\":\"https:\\\/\\\/fit360.ee\\\/en\\\/pood\\\/product-groups\\\/%d0%b2%d0%b5%d0%b3%d0%b0%d0%bd\\\/vegan-capsules-en\\\/qnt-curcuma-90-vcaps\\\/#primaryimage\"},\"image\":{\"@id\":\"https:\\\/\\\/fit360.ee\\\/en\\\/pood\\\/product-groups\\\/%d0%b2%d0%b5%d0%b3%d0%b0%d0%bd\\\/vegan-capsules-en\\\/qnt-curcuma-90-vcaps\\\/#primaryimage\"},\"thumbnailUrl\":\"https:\\\/\\\/fit360.ee\\\/wp-content\\\/uploads\\\/2024\\\/09\\\/curcuma-fit360.ee_.png\",\"datePublished\":\"2024-09-19T13:03:39+00:00\",\"dateModified\":\"2025-08-13T05:37:28+00:00\",\"description\":\"Curcuma + ehk Kurkumil\u00a0on uskumatud omadused, millel on m\u00e4rkimisv\u00e4\u00e4rne kasu tervisele. Seda on Indias aastatuhandeid kasutatud ravimtaimena, kus...\",\"breadcrumb\":{\"@id\":\"https:\\\/\\\/fit360.ee\\\/en\\\/pood\\\/product-groups\\\/%d0%b2%d0%b5%d0%b3%d0%b0%d0%bd\\\/vegan-capsules-en\\\/qnt-curcuma-90-vcaps\\\/#breadcrumb\"},\"inLanguage\":\"en-US\",\"potentialAction\":[{\"@type\":\"ReadAction\",\"target\":[\"https:\\\/\\\/fit360.ee\\\/en\\\/pood\\\/product-groups\\\/%d0%b2%d0%b5%d0%b3%d0%b0%d0%bd\\\/vegan-capsules-en\\\/qnt-curcuma-90-vcaps\\\/\"]}]},{\"@type\":\"ImageObject\",\"inLanguage\":\"en-US\",\"@id\":\"https:\\\/\\\/fit360.ee\\\/en\\\/pood\\\/product-groups\\\/%d0%b2%d0%b5%d0%b3%d0%b0%d0%bd\\\/vegan-capsules-en\\\/qnt-curcuma-90-vcaps\\\/#primaryimage\",\"url\":\"https:\\\/\\\/fit360.ee\\\/wp-content\\\/uploads\\\/2024\\\/09\\\/curcuma-fit360.ee_.png\",\"contentUrl\":\"https:\\\/\\\/fit360.ee\\\/wp-content\\\/uploads\\\/2024\\\/09\\\/curcuma-fit360.ee_.png\",\"width\":1500,\"height\":1500,\"caption\":\"curcuma + - fit360.ee\"},{\"@type\":\"BreadcrumbList\",\"@id\":\"https:\\\/\\\/fit360.ee\\\/en\\\/pood\\\/product-groups\\\/%d0%b2%d0%b5%d0%b3%d0%b0%d0%bd\\\/vegan-capsules-en\\\/qnt-curcuma-90-vcaps\\\/#breadcrumb\",\"itemListElement\":[{\"@type\":\"ListItem\",\"position\":1,\"name\":\"Home\",\"item\":\"https:\\\/\\\/fit360.ee\\\/en\\\/\"},{\"@type\":\"ListItem\",\"position\":2,\"name\":\"Shop\",\"item\":\"https:\\\/\\\/fit360.ee\\\/en\\\/shop\\\/\"},{\"@type\":\"ListItem\",\"position\":3,\"name\":\"QNT Curcuma+ (90 vcaps)\"}]},{\"@type\":\"WebSite\",\"@id\":\"https:\\\/\\\/fit360.ee\\\/en\\\/#website\",\"url\":\"https:\\\/\\\/fit360.ee\\\/en\\\/\",\"name\":\"Fit360\",\"description\":\"\",\"publisher\":{\"@id\":\"https:\\\/\\\/fit360.ee\\\/en\\\/#organization\"},\"potentialAction\":[{\"@type\":\"SearchAction\",\"target\":{\"@type\":\"EntryPoint\",\"urlTemplate\":\"https:\\\/\\\/fit360.ee\\\/en\\\/?s={search_term_string}\"},\"query-input\":{\"@type\":\"PropertyValueSpecification\",\"valueRequired\":true,\"valueName\":\"search_term_string\"}}],\"inLanguage\":\"en-US\"},{\"@type\":\"Organization\",\"@id\":\"https:\\\/\\\/fit360.ee\\\/en\\\/#organization\",\"name\":\"Fit360\",\"url\":\"https:\\\/\\\/fit360.ee\\\/en\\\/\",\"logo\":{\"@type\":\"ImageObject\",\"inLanguage\":\"en-US\",\"@id\":\"https:\\\/\\\/fit360.ee\\\/en\\\/#\\\/schema\\\/logo\\\/image\\\/\",\"url\":\"https:\\\/\\\/fit360.ee\\\/wp-content\\\/uploads\\\/2017\\\/01\\\/logo-fit360.png\",\"contentUrl\":\"https:\\\/\\\/fit360.ee\\\/wp-content\\\/uploads\\\/2017\\\/01\\\/logo-fit360.png\",\"width\":180,\"height\":66,\"caption\":\"Fit360\"},\"image\":{\"@id\":\"https:\\\/\\\/fit360.ee\\\/en\\\/#\\\/schema\\\/logo\\\/image\\\/\"}}]}<\/script>\n<!-- \/ Yoast SEO plugin. -->","yoast_head_json":{"title":"QNT Curcuma+ (90 vcaps) - Kurkum - Korralik sisaldus - Kiire Tarne - Fit360","description":"Curcuma + ehk Kurkumil\u00a0on uskumatud omadused, millel on m\u00e4rkimisv\u00e4\u00e4rne kasu tervisele. Seda on Indias aastatuhandeid kasutatud ravimtaimena, kus...","robots":{"index":"index","follow":"follow","max-snippet":"max-snippet:-1","max-image-preview":"max-image-preview:large","max-video-preview":"max-video-preview:-1"},"canonical":"https:\/\/fit360.ee\/en\/pood\/product-groups\/\u0432\u0435\u0433\u0430\u043d\/vegan-capsules-en\/qnt-curcuma-90-vcaps\/","og_locale":"en_US","og_type":"article","og_title":"QNT Curcuma+ (90 vcaps) - Kurkum - Korralik sisaldus - Kiire Tarne - Fit360","og_description":"Curcuma + ehk Kurkumil\u00a0on uskumatud omadused, millel on m\u00e4rkimisv\u00e4\u00e4rne kasu tervisele. Seda on Indias aastatuhandeid kasutatud ravimtaimena, kus...","og_url":"https:\/\/fit360.ee\/en\/pood\/product-groups\/\u0432\u0435\u0433\u0430\u043d\/vegan-capsules-en\/qnt-curcuma-90-vcaps\/","og_site_name":"Fit360","article_modified_time":"2025-08-13T05:37:28+00:00","og_image":[{"width":1500,"height":1500,"url":"https:\/\/fit360.ee\/wp-content\/uploads\/2024\/09\/curcuma-fit360.ee_.png","type":"image\/png"}],"twitter_card":"summary_large_image","twitter_misc":{"Est. reading time":"4 minutes"},"schema":{"@context":"https:\/\/schema.org","@graph":[{"@type":"WebPage","@id":"https:\/\/fit360.ee\/en\/pood\/product-groups\/%d0%b2%d0%b5%d0%b3%d0%b0%d0%bd\/vegan-capsules-en\/qnt-curcuma-90-vcaps\/","url":"https:\/\/fit360.ee\/en\/pood\/product-groups\/%d0%b2%d0%b5%d0%b3%d0%b0%d0%bd\/vegan-capsules-en\/qnt-curcuma-90-vcaps\/","name":"QNT Curcuma+ (90 vcaps) - Kurkum - Korralik sisaldus - Kiire Tarne - Fit360","isPartOf":{"@id":"https:\/\/fit360.ee\/en\/#website"},"primaryImageOfPage":{"@id":"https:\/\/fit360.ee\/en\/pood\/product-groups\/%d0%b2%d0%b5%d0%b3%d0%b0%d0%bd\/vegan-capsules-en\/qnt-curcuma-90-vcaps\/#primaryimage"},"image":{"@id":"https:\/\/fit360.ee\/en\/pood\/product-groups\/%d0%b2%d0%b5%d0%b3%d0%b0%d0%bd\/vegan-capsules-en\/qnt-curcuma-90-vcaps\/#primaryimage"},"thumbnailUrl":"https:\/\/fit360.ee\/wp-content\/uploads\/2024\/09\/curcuma-fit360.ee_.png","datePublished":"2024-09-19T13:03:39+00:00","dateModified":"2025-08-13T05:37:28+00:00","description":"Curcuma + ehk Kurkumil\u00a0on uskumatud omadused, millel on m\u00e4rkimisv\u00e4\u00e4rne kasu tervisele. Seda on Indias aastatuhandeid kasutatud ravimtaimena, kus...","breadcrumb":{"@id":"https:\/\/fit360.ee\/en\/pood\/product-groups\/%d0%b2%d0%b5%d0%b3%d0%b0%d0%bd\/vegan-capsules-en\/qnt-curcuma-90-vcaps\/#breadcrumb"},"inLanguage":"en-US","potentialAction":[{"@type":"ReadAction","target":["https:\/\/fit360.ee\/en\/pood\/product-groups\/%d0%b2%d0%b5%d0%b3%d0%b0%d0%bd\/vegan-capsules-en\/qnt-curcuma-90-vcaps\/"]}]},{"@type":"ImageObject","inLanguage":"en-US","@id":"https:\/\/fit360.ee\/en\/pood\/product-groups\/%d0%b2%d0%b5%d0%b3%d0%b0%d0%bd\/vegan-capsules-en\/qnt-curcuma-90-vcaps\/#primaryimage","url":"https:\/\/fit360.ee\/wp-content\/uploads\/2024\/09\/curcuma-fit360.ee_.png","contentUrl":"https:\/\/fit360.ee\/wp-content\/uploads\/2024\/09\/curcuma-fit360.ee_.png","width":1500,"height":1500,"caption":"curcuma + - fit360.ee"},{"@type":"BreadcrumbList","@id":"https:\/\/fit360.ee\/en\/pood\/product-groups\/%d0%b2%d0%b5%d0%b3%d0%b0%d0%bd\/vegan-capsules-en\/qnt-curcuma-90-vcaps\/#breadcrumb","itemListElement":[{"@type":"ListItem","position":1,"name":"Home","item":"https:\/\/fit360.ee\/en\/"},{"@type":"ListItem","position":2,"name":"Shop","item":"https:\/\/fit360.ee\/en\/shop\/"},{"@type":"ListItem","position":3,"name":"QNT Curcuma+ (90 vcaps)"}]},{"@type":"WebSite","@id":"https:\/\/fit360.ee\/en\/#website","url":"https:\/\/fit360.ee\/en\/","name":"Fit360","description":"","publisher":{"@id":"https:\/\/fit360.ee\/en\/#organization"},"potentialAction":[{"@type":"SearchAction","target":{"@type":"EntryPoint","urlTemplate":"https:\/\/fit360.ee\/en\/?s={search_term_string}"},"query-input":{"@type":"PropertyValueSpecification","valueRequired":true,"valueName":"search_term_string"}}],"inLanguage":"en-US"},{"@type":"Organization","@id":"https:\/\/fit360.ee\/en\/#organization","name":"Fit360","url":"https:\/\/fit360.ee\/en\/","logo":{"@type":"ImageObject","inLanguage":"en-US","@id":"https:\/\/fit360.ee\/en\/#\/schema\/logo\/image\/","url":"https:\/\/fit360.ee\/wp-content\/uploads\/2017\/01\/logo-fit360.png","contentUrl":"https:\/\/fit360.ee\/wp-content\/uploads\/2017\/01\/logo-fit360.png","width":180,"height":66,"caption":"Fit360"},"image":{"@id":"https:\/\/fit360.ee\/en\/#\/schema\/logo\/image\/"}}]}},"_links":{"self":[{"href":"https:\/\/fit360.ee\/en\/wp-json\/wp\/v2\/product\/82911","targetHints":{"allow":["GET"]}}],"collection":[{"href":"https:\/\/fit360.ee\/en\/wp-json\/wp\/v2\/product"}],"about":[{"href":"https:\/\/fit360.ee\/en\/wp-json\/wp\/v2\/types\/product"}],"replies":[{"embeddable":true,"href":"https:\/\/fit360.ee\/en\/wp-json\/wp\/v2\/comments?post=82911"}],"wp:featuredmedia":[{"embeddable":true,"href":"https:\/\/fit360.ee\/en\/wp-json\/wp\/v2\/media\/82910"}],"wp:attachment":[{"href":"https:\/\/fit360.ee\/en\/wp-json\/wp\/v2\/media?parent=82911"}],"wp:term":[{"taxonomy":"product_brand","embeddable":true,"href":"https:\/\/fit360.ee\/en\/wp-json\/wp\/v2\/product_brand?post=82911"},{"taxonomy":"product_cat","embeddable":true,"href":"https:\/\/fit360.ee\/en\/wp-json\/wp\/v2\/product_cat?post=82911"},{"taxonomy":"product_tag","embeddable":true,"href":"https:\/\/fit360.ee\/en\/wp-json\/wp\/v2\/product_tag?post=82911"},{"taxonomy":"giftcard-category","embeddable":true,"href":"https:\/\/fit360.ee\/en\/wp-json\/wp\/v2\/giftcard-category?post=82911"}],"curies":[{"name":"wp","href":"https:\/\/api.w.org\/{rel}","templated":true}]}}