{"id":82946,"date":"2024-09-21T13:18:31","date_gmt":"2024-09-21T11:18:31","guid":{"rendered":"https:\/\/fit360.ee\/pood\/uncategorized\/qnt-stress-temporarily-90-vcaps\/"},"modified":"2025-08-13T07:37:26","modified_gmt":"2025-08-13T05:37:26","slug":"qnt-stress-temporarily-90-vcaps","status":"publish","type":"product","link":"https:\/\/fit360.ee\/en\/pood\/product-groups\/%d0%b2%d0%b5%d0%b3%d0%b0%d0%bd\/vegan-capsules-en\/qnt-stress-temporarily-90-vcaps\/","title":{"rendered":"QNT Stress Temporarily (90 vcaps)"},"content":{"rendered":"<h2><strong>Stressi leevendus\u00a0<\/strong><\/h2>\n<p><strong>T\u00e4nu Stress Temporarily<\/strong>\u00a0aktiivsetele koostisosadele\u00a0saad h\u00fcvasti j\u00e4tta igap\u00e4evaelu muredega, mis m\u00f5jutavad sinu moraali ja suurendavad\u00a0<strong>stressi<\/strong>\u00a0k\u00fcmnekordselt. Erinevate murede ilmnemisel kaotab \u00e4revus keskendumisv\u00f5ime. \u00dclet\u00f6\u00f6tamine ei lase sul l\u00f5\u00f5gastuda ja m\u00f5jutab und. Lisaks v\u00f5ib see p\u00f5hjustada v\u00e4simust ja isegi unetust, mille vastu te ei suuda v\u00f5idelda.\u00a0<strong>Stress Temporarily<\/strong> toidulisand annab teile rahu, mida vajate, et saaksite taastada teie sees peituva sisemise rahu. Stressi leevendus on n\u00fc\u00fcd meie tootega palju lihtsam!<\/p>\n<h4><strong>H\u00fcvasti stress<\/strong><\/h4>\n<p>Igap\u00e4evaelu mured m\u00f5jutavad sind ja suurendavad stressi k\u00fcmnekordseks. \u00dclet\u00f6\u00f6tamine v\u00f5ib p\u00f5hjustada ka keskendumisv\u00f5ime kaotust. V\u00e4hehaaval v\u00f5ivad k\u00f5ik need v\u00e4ikesed mured takistada teil head und. Igap\u00e4evased mured m\u00f5jutavad teie moraali ja muudavad teid \u00e4revaks, mis ei ole alati hea vaimse tervise jaoks.\u00a0<strong>Stress Temporarily<\/strong>\u00a0toidulisand aitab teil taastada rahu ja rahulikkust, mida vajate, et saaksite taas elu nautida. Looduslike komponentide aktiivsete koostisosade t\u00f5ttu aitab see toidulisand teil stressiga v\u00f5idelda, et saaksite uuesti areneda.<\/p>\n<p>Stress, \u00e4revus ja \u00fclet\u00f6\u00f6tamine on t\u00e4nap\u00e4eval tavalised vaenlased. Neid v\u00f5ivad t\u00e4nap\u00e4eva \u00fchiskonnas p\u00f5hjustada kliima, keskkond, t\u00f6\u00f6, \u00f5ppimine ja paljud muud tegurid. Lisaks v\u00f5ivad k\u00f5ik need v\u00e4ikesed mured avaldada negatiivset m\u00f5ju teie vaimsele heaolule. Olgu stressi p\u00f5hjus milline tahes, eesm\u00e4rk on taas p\u00fcrgida tasakaaluka elu poole.\u00a0<strong>Stress Temporarily<\/strong>\u00a0toidulisand aitab teil selle sisemise tasakaalu taastada. Seej\u00e4rel saate taas l\u00f5\u00f5gastumise hetki nautida.<\/p>\n<h4><strong>Terve vaim t\u00e4nu looduse h\u00fcvedele<\/strong><\/h4>\n<p>V\u00e4ltimaks stressi \u00fclekoormamist, on meie toidulisandi valem v\u00e4lja t\u00f6\u00f6tatud peamiselt \u00e4revust v\u00e4hendavate toimeainetega taimedest. Need taimed aitavad teil leida rahu ja rahulikkust oma moraalse tervise heaolu nimel, seistes silmitsi p\u00fcsiva elupingega. Koostisained, mis moodustavad toidulisandi\u00a0<strong>Stress ajutiselt,<\/strong>\u00a0v\u00f5imaldavad teil stressi- ja \u00e4revush\u00e4iretele reageerides kasutada nende eeliseid.<\/p>\n<p>Esimene koostisosa on palderjan. See taim, mida kasutati Vana-Kreekas unetuse vastu v\u00f5itlemiseks, on tuntud oma paljude rahustavate omaduste poolest. See aitab teil l\u00f5\u00f5gastuda ja v\u00e4hendab \u00f6iseid \u00e4rkamisi. Lisaks uneh\u00e4iretele m\u00f5jutab see ka n\u00e4rvilist erutust ja \u00e4revust. Detoksifitseerivate toimingute lisamine aitab teil l\u00f5\u00f5gastuda, alandades stressiga seotud verer\u00f5hku ja aidates teil lihaseid l\u00f5dvestada. Selle tulemusel paraneb teie une kvaliteet ja seet\u00f5ttu tunnete kogu p\u00e4eva jooksul v\u00e4hem v\u00e4simust.<\/p>\n<p>Sidrunmeliss on teine \u200b\u200btaim, mis sisaldub toidulisandis\u00a0<strong>Stress Temporarily<\/strong>\u00a0. Koos palderjaniga toimivad kahe taime rahustavad omadused s\u00fcnergias, v\u00f5imaldades nende toimeainete m\u00f5ju k\u00fcmnekordistada. Melissi l\u00f5\u00f5gastavad voorused v\u00f5imaldavad n\u00e4rvilisust leevendades toime tulla \u00fclet\u00f6\u00f6tamisega. Lisaks sellele, et sidrunmeliss aitab teil \u00e4revusega toime tulla, toimib see ajutegevuse stimulaatorina ja avaldab kasulikku m\u00f5ju emotsionaalsele seisundile.<\/p>\n<p>L\u00f5puks leiate ka L-teaniini ning vitamiine B6 ja B12 toidulisandist\u00a0<strong>Stress Temporarily<\/strong>\u00a0. L-teaniin on aminohape, mis toimib n\u00e4rvis\u00fcsteemile. L-teaniin on rohelise tee \u00fcks peamisi toimeaineid ja selle toime soodustab heaolutunnet, v\u00e4hendades eriti vaimset ja f\u00fc\u00fcsilist stressi. Vaimu rahustades suurendavad selle l\u00f5\u00f5gastumise eelised vaimset keskendumist. Samuti aitab see v\u00e4hendada unega seotud probleeme. Vitamiinid B6 ja B12 aitavad kaasa n\u00e4rvis\u00fcsteemi normaalsele talitlusele. Lisaks pakuvad nad ka vastupanuv\u00f5imet stressile, osaledes neurotransmitterite moodustamises.<\/p>\n<p><strong>Stress Temporarily<\/strong>\u00a0toidulisand aitab seega taastada hea enesetunde, asetades oma meele ideaalsesse n\u00e4rvitasakaalu. Aidates teil lihaseid l\u00f5dvestada, toovad selle toidulisandi eelised teile rahuliku ja rahuliku tunde. Teie heaolutunnet tugevdab see sisemiste pingete leevendamise tegevus. Lisaks toetab see stressi leevendades head \u00fcldist s\u00fcdame-veresoonkonna funktsiooni.\u00a0<strong>Stress Ajutine<\/strong> toidulisand on vaieldamatult teie stressivaba vara.<\/p>\n<div class=\"pdct-p-collapse-section pdcp-p-description-section\">\n<div class=\"container\">\n<div id=\"description_section_collapse_2\" class=\"pdct-p-collapse-section__content-wrapper wepi-collapse show\" aria-labelledby=\"description_section_heading_2\">\n<div class=\"pdct-p-collapse-section__content wepi-collapse-inner\">\n<p><strong>Kasutamine<\/strong>: 3 kapslit p\u00e4evas koos veega s\u00f6\u00f6gi ajal. Mitte \u00fcletada soovitatud kogust.<\/p>\n<\/div>\n<\/div>\n<\/div>\n<\/div>\n<div class=\"pdct-p-collapse-section pdcp-p-description-section\">\n<div class=\"container\">\n<div id=\"description_section_collapse_3\" class=\"pdct-p-collapse-section__content-wrapper wepi-collapse show\" aria-labelledby=\"description_section_heading_3\">\n<div class=\"pdct-p-collapse-section__content wepi-collapse-inner\">\n<table>\n<tbody>\n<tr>\n<td><strong>Stressi leevendus Toimeained<\/strong><\/td>\n<td><strong>3 kapslit<\/strong><\/td>\n<\/tr>\n<tr>\n<td>Palderjanijuure kuiv ekstrakt<\/td>\n<td>300 mg<\/td>\n<\/tr>\n<tr>\n<td>Kuivatatud sidrunmelissi ekstrakt<\/td>\n<td>300 mg<\/td>\n<\/tr>\n<tr>\n<td>Rohelise tee kuiv ekstrakt<\/td>\n<td>306 mg<\/td>\n<\/tr>\n<tr>\n<td>&#8211; L-teaniin<\/td>\n<td>300 mg<\/td>\n<\/tr>\n<tr>\n<td>Vit. B6 (p\u00fcridoksiin-HCL)<\/td>\n<td>(*300%) 4,2 mg<\/td>\n<\/tr>\n<tr>\n<td>Foolhape (ptero\u00fc\u00fclglutamiinhape)<\/td>\n<td>(*249%) 498 mg<\/td>\n<\/tr>\n<tr>\n<td>Vit. B12 (ts\u00fcanokobalamiin)<\/td>\n<td>(*300%) 7,5 mg<\/td>\n<\/tr>\n<tr>\n<td>*Toitumise kontrollv\u00e4\u00e4rtused<\/td>\n<\/tr>\n<\/tbody>\n<\/table>\n<\/div>\n<\/div>\n<\/div>\n<\/div>\n<div class=\"pdct-p-collapse-section pdcp-p-description-section\">\n<div class=\"container\">\n<div id=\"description_section_collapse_4\" class=\"pdct-p-collapse-section__content-wrapper wepi-collapse show\" aria-labelledby=\"description_section_heading_4\">\n<div class=\"pdct-p-collapse-section__content wepi-collapse-inner\">\n<p><strong>Koostisosad<\/strong>: Maltodekstriin, kapsel: E464\/E407\/E508, rohelise tee kuivekstrakt (Camellia Sinensis), sh L-teaniin, palderjanijuure kuivekstrakt (Valeriana officinalis), melissi kuivekstrakt (Melissa officinalis), paakumisvastased ained: E470b\/E551, vesi, vitamiin B6, foolhape, vitamiin B12.<\/p>\n<p>Seda toidulisandit ei tohiks kasutada tasakaalustatud ja mitmek\u00fclgse toitumise ning tervisliku eluviisi asendamiseks. Hoida v\u00e4ikelastest eemal. \u00c4rge \u00fcletage soovitatud annust.<\/p>\n<p>Vaata ka meie teisi looduslike toidulisandeid <a href=\"https:\/\/fit360.ee\/en\/product-category\/product-groups\/superfoods-health-foods-en\/\"><strong>SIIT<\/strong> <\/a>v\u00f5i Aju tegevust toetavaid lisandeid <a href=\"https:\/\/fit360.ee\/en\/product-category\/product-groups\/brain-support-nootropics-en\/\"><strong>SIIT<\/strong><\/a>!<\/p>\n<p>Soovid kaupa osta suuremas koguses? Vaata antud toodet ka meie HULGI poest\u00a0<a href=\"https:\/\/toidulisandidhulgi.ee\/tooted\/qnt-stress-temporarily-90-vcaps\/\"><strong>SIIT<\/strong><\/a>!<\/p>\n<\/div>\n<\/div>\n<\/div>\n<\/div>\n","protected":false},"excerpt":{"rendered":"<ul>\n<li>Aitab\u00a0<strong>v\u00f5idelda<\/strong>\u00a0stressiga<\/li>\n<li>Aitab kaasa\u00a0<strong>l\u00f5\u00f5gastumisele<\/strong><\/li>\n<li><strong>Leevendab<\/strong>\u00a0uneh\u00e4ireid<\/li>\n<\/ul>\n","protected":false},"featured_media":82945,"comment_status":"open","ping_status":"closed","template":"","meta":[],"product_brand":[],"product_cat":[520,2485,1274,2476,1454,2664,536,1201],"product_tag":[4660,5237,5238,5239],"giftcard-category":[],"class_list":{"0":"post-82946","1":"product","2":"type-product","3":"status-publish","4":"has-post-thumbnail","6":"product_cat-amino-acids-bcaa","7":"product_cat-brain-support-nootropics-en","8":"product_cat-qnt-en","9":"product_cat-sleep-enhancers-en","10":"product_cat-superfoods-health-foods-en","11":"product_cat-vegan-capsules-en","12":"product_cat-vitamins-and-minerals-en","13":"product_cat-1201","14":"product_tag-qnt-en","15":"product_tag-stress-en","16":"product_tag-stress-temporarily-en","17":"product_tag-stressi-leevendus-en","18":"pa_kogus-90-vcaps-en","19":"pa_toidulisand-branddd-qnt","20":"pa_tootegruppp-aju-tegevus-nootropics-en","21":"pa_tootegruppp-amino-acidsbcaa","22":"pa_tootegruppp-supertoit-tervisetoit-en","23":"pa_tootegruppp-uni-en","24":"pa_tootegruppp-vcaps-vegan-kapslid-en","25":"pa_tootegruppp-vegan-en","26":"pa_tootegruppp-vitamins-and-minerals","28":"first","29":"outofstock","30":"sale","31":"taxable","32":"shipping-taxable","33":"purchasable","34":"product-type-simple"},"yoast_head":"<!-- This site is optimized with the Yoast SEO plugin v27.3 - https:\/\/yoast.com\/product\/yoast-seo-wordpress\/ -->\n<title>QNT Stress Temporarily (90 vcaps) - Stressi Leevendus - T\u00f5hus - Fit360<\/title>\n<meta name=\"description\" content=\"Stressi leevendus on imelihtne, sest t\u00e4nu Stress Temporarily\u00a0aktiivsetele koostisosadele\u00a0saad h\u00fcvasti j\u00e4tta igap\u00e4evaelu muredega, mis m\u00f5juta..\" \/>\n<meta name=\"robots\" content=\"index, follow, max-snippet:-1, max-image-preview:large, max-video-preview:-1\" \/>\n<link rel=\"canonical\" href=\"https:\/\/fit360.ee\/en\/pood\/product-groups\/\u0432\u0435\u0433\u0430\u043d\/vegan-capsules-en\/qnt-stress-temporarily-90-vcaps\/\" \/>\n<meta property=\"og:locale\" content=\"en_US\" \/>\n<meta property=\"og:type\" content=\"article\" \/>\n<meta property=\"og:title\" content=\"QNT Stress Temporarily (90 vcaps) - Stressi Leevendus - T\u00f5hus - Fit360\" \/>\n<meta property=\"og:description\" content=\"Stressi leevendus on imelihtne, sest t\u00e4nu Stress Temporarily\u00a0aktiivsetele koostisosadele\u00a0saad h\u00fcvasti j\u00e4tta igap\u00e4evaelu muredega, mis m\u00f5juta..\" \/>\n<meta property=\"og:url\" content=\"https:\/\/fit360.ee\/en\/pood\/product-groups\/\u0432\u0435\u0433\u0430\u043d\/vegan-capsules-en\/qnt-stress-temporarily-90-vcaps\/\" \/>\n<meta property=\"og:site_name\" content=\"Fit360\" \/>\n<meta property=\"article:modified_time\" content=\"2025-08-13T05:37:26+00:00\" \/>\n<meta property=\"og:image\" content=\"https:\/\/fit360.ee\/wp-content\/uploads\/2024\/09\/stressi-leevendus-fit360.ee_.png\" \/>\n\t<meta property=\"og:image:width\" content=\"1500\" \/>\n\t<meta property=\"og:image:height\" content=\"1500\" \/>\n\t<meta property=\"og:image:type\" content=\"image\/png\" \/>\n<meta name=\"twitter:card\" content=\"summary_large_image\" \/>\n<meta name=\"twitter:label1\" content=\"Est. reading time\" \/>\n\t<meta name=\"twitter:data1\" content=\"4 minutes\" \/>\n<script type=\"application\/ld+json\" class=\"yoast-schema-graph\">{\"@context\":\"https:\\\/\\\/schema.org\",\"@graph\":[{\"@type\":\"WebPage\",\"@id\":\"https:\\\/\\\/fit360.ee\\\/en\\\/pood\\\/product-groups\\\/%d0%b2%d0%b5%d0%b3%d0%b0%d0%bd\\\/vegan-capsules-en\\\/qnt-stress-temporarily-90-vcaps\\\/\",\"url\":\"https:\\\/\\\/fit360.ee\\\/en\\\/pood\\\/product-groups\\\/%d0%b2%d0%b5%d0%b3%d0%b0%d0%bd\\\/vegan-capsules-en\\\/qnt-stress-temporarily-90-vcaps\\\/\",\"name\":\"QNT Stress Temporarily (90 vcaps) - Stressi Leevendus - T\u00f5hus - Fit360\",\"isPartOf\":{\"@id\":\"https:\\\/\\\/fit360.ee\\\/en\\\/#website\"},\"primaryImageOfPage\":{\"@id\":\"https:\\\/\\\/fit360.ee\\\/en\\\/pood\\\/product-groups\\\/%d0%b2%d0%b5%d0%b3%d0%b0%d0%bd\\\/vegan-capsules-en\\\/qnt-stress-temporarily-90-vcaps\\\/#primaryimage\"},\"image\":{\"@id\":\"https:\\\/\\\/fit360.ee\\\/en\\\/pood\\\/product-groups\\\/%d0%b2%d0%b5%d0%b3%d0%b0%d0%bd\\\/vegan-capsules-en\\\/qnt-stress-temporarily-90-vcaps\\\/#primaryimage\"},\"thumbnailUrl\":\"https:\\\/\\\/fit360.ee\\\/wp-content\\\/uploads\\\/2024\\\/09\\\/stressi-leevendus-fit360.ee_.png\",\"datePublished\":\"2024-09-21T11:18:31+00:00\",\"dateModified\":\"2025-08-13T05:37:26+00:00\",\"description\":\"Stressi leevendus on imelihtne, sest t\u00e4nu Stress Temporarily\u00a0aktiivsetele koostisosadele\u00a0saad h\u00fcvasti j\u00e4tta igap\u00e4evaelu muredega, mis m\u00f5juta..\",\"breadcrumb\":{\"@id\":\"https:\\\/\\\/fit360.ee\\\/en\\\/pood\\\/product-groups\\\/%d0%b2%d0%b5%d0%b3%d0%b0%d0%bd\\\/vegan-capsules-en\\\/qnt-stress-temporarily-90-vcaps\\\/#breadcrumb\"},\"inLanguage\":\"en-US\",\"potentialAction\":[{\"@type\":\"ReadAction\",\"target\":[\"https:\\\/\\\/fit360.ee\\\/en\\\/pood\\\/product-groups\\\/%d0%b2%d0%b5%d0%b3%d0%b0%d0%bd\\\/vegan-capsules-en\\\/qnt-stress-temporarily-90-vcaps\\\/\"]}]},{\"@type\":\"ImageObject\",\"inLanguage\":\"en-US\",\"@id\":\"https:\\\/\\\/fit360.ee\\\/en\\\/pood\\\/product-groups\\\/%d0%b2%d0%b5%d0%b3%d0%b0%d0%bd\\\/vegan-capsules-en\\\/qnt-stress-temporarily-90-vcaps\\\/#primaryimage\",\"url\":\"https:\\\/\\\/fit360.ee\\\/wp-content\\\/uploads\\\/2024\\\/09\\\/stressi-leevendus-fit360.ee_.png\",\"contentUrl\":\"https:\\\/\\\/fit360.ee\\\/wp-content\\\/uploads\\\/2024\\\/09\\\/stressi-leevendus-fit360.ee_.png\",\"width\":1500,\"height\":1500,\"caption\":\"stressi leevendus - fit360.ee\"},{\"@type\":\"BreadcrumbList\",\"@id\":\"https:\\\/\\\/fit360.ee\\\/en\\\/pood\\\/product-groups\\\/%d0%b2%d0%b5%d0%b3%d0%b0%d0%bd\\\/vegan-capsules-en\\\/qnt-stress-temporarily-90-vcaps\\\/#breadcrumb\",\"itemListElement\":[{\"@type\":\"ListItem\",\"position\":1,\"name\":\"Home\",\"item\":\"https:\\\/\\\/fit360.ee\\\/en\\\/\"},{\"@type\":\"ListItem\",\"position\":2,\"name\":\"Shop\",\"item\":\"https:\\\/\\\/fit360.ee\\\/en\\\/shop\\\/\"},{\"@type\":\"ListItem\",\"position\":3,\"name\":\"QNT Stress Temporarily (90 vcaps)\"}]},{\"@type\":\"WebSite\",\"@id\":\"https:\\\/\\\/fit360.ee\\\/en\\\/#website\",\"url\":\"https:\\\/\\\/fit360.ee\\\/en\\\/\",\"name\":\"Fit360\",\"description\":\"\",\"publisher\":{\"@id\":\"https:\\\/\\\/fit360.ee\\\/en\\\/#organization\"},\"potentialAction\":[{\"@type\":\"SearchAction\",\"target\":{\"@type\":\"EntryPoint\",\"urlTemplate\":\"https:\\\/\\\/fit360.ee\\\/en\\\/?s={search_term_string}\"},\"query-input\":{\"@type\":\"PropertyValueSpecification\",\"valueRequired\":true,\"valueName\":\"search_term_string\"}}],\"inLanguage\":\"en-US\"},{\"@type\":\"Organization\",\"@id\":\"https:\\\/\\\/fit360.ee\\\/en\\\/#organization\",\"name\":\"Fit360\",\"url\":\"https:\\\/\\\/fit360.ee\\\/en\\\/\",\"logo\":{\"@type\":\"ImageObject\",\"inLanguage\":\"en-US\",\"@id\":\"https:\\\/\\\/fit360.ee\\\/en\\\/#\\\/schema\\\/logo\\\/image\\\/\",\"url\":\"https:\\\/\\\/fit360.ee\\\/wp-content\\\/uploads\\\/2017\\\/01\\\/logo-fit360.png\",\"contentUrl\":\"https:\\\/\\\/fit360.ee\\\/wp-content\\\/uploads\\\/2017\\\/01\\\/logo-fit360.png\",\"width\":180,\"height\":66,\"caption\":\"Fit360\"},\"image\":{\"@id\":\"https:\\\/\\\/fit360.ee\\\/en\\\/#\\\/schema\\\/logo\\\/image\\\/\"}}]}<\/script>\n<!-- \/ Yoast SEO plugin. -->","yoast_head_json":{"title":"QNT Stress Temporarily (90 vcaps) - Stressi Leevendus - T\u00f5hus - Fit360","description":"Stressi leevendus on imelihtne, sest t\u00e4nu Stress Temporarily\u00a0aktiivsetele koostisosadele\u00a0saad h\u00fcvasti j\u00e4tta igap\u00e4evaelu muredega, mis m\u00f5juta..","robots":{"index":"index","follow":"follow","max-snippet":"max-snippet:-1","max-image-preview":"max-image-preview:large","max-video-preview":"max-video-preview:-1"},"canonical":"https:\/\/fit360.ee\/en\/pood\/product-groups\/\u0432\u0435\u0433\u0430\u043d\/vegan-capsules-en\/qnt-stress-temporarily-90-vcaps\/","og_locale":"en_US","og_type":"article","og_title":"QNT Stress Temporarily (90 vcaps) - Stressi Leevendus - T\u00f5hus - Fit360","og_description":"Stressi leevendus on imelihtne, sest t\u00e4nu Stress Temporarily\u00a0aktiivsetele koostisosadele\u00a0saad h\u00fcvasti j\u00e4tta igap\u00e4evaelu muredega, mis m\u00f5juta..","og_url":"https:\/\/fit360.ee\/en\/pood\/product-groups\/\u0432\u0435\u0433\u0430\u043d\/vegan-capsules-en\/qnt-stress-temporarily-90-vcaps\/","og_site_name":"Fit360","article_modified_time":"2025-08-13T05:37:26+00:00","og_image":[{"width":1500,"height":1500,"url":"https:\/\/fit360.ee\/wp-content\/uploads\/2024\/09\/stressi-leevendus-fit360.ee_.png","type":"image\/png"}],"twitter_card":"summary_large_image","twitter_misc":{"Est. reading time":"4 minutes"},"schema":{"@context":"https:\/\/schema.org","@graph":[{"@type":"WebPage","@id":"https:\/\/fit360.ee\/en\/pood\/product-groups\/%d0%b2%d0%b5%d0%b3%d0%b0%d0%bd\/vegan-capsules-en\/qnt-stress-temporarily-90-vcaps\/","url":"https:\/\/fit360.ee\/en\/pood\/product-groups\/%d0%b2%d0%b5%d0%b3%d0%b0%d0%bd\/vegan-capsules-en\/qnt-stress-temporarily-90-vcaps\/","name":"QNT Stress Temporarily (90 vcaps) - Stressi Leevendus - T\u00f5hus - Fit360","isPartOf":{"@id":"https:\/\/fit360.ee\/en\/#website"},"primaryImageOfPage":{"@id":"https:\/\/fit360.ee\/en\/pood\/product-groups\/%d0%b2%d0%b5%d0%b3%d0%b0%d0%bd\/vegan-capsules-en\/qnt-stress-temporarily-90-vcaps\/#primaryimage"},"image":{"@id":"https:\/\/fit360.ee\/en\/pood\/product-groups\/%d0%b2%d0%b5%d0%b3%d0%b0%d0%bd\/vegan-capsules-en\/qnt-stress-temporarily-90-vcaps\/#primaryimage"},"thumbnailUrl":"https:\/\/fit360.ee\/wp-content\/uploads\/2024\/09\/stressi-leevendus-fit360.ee_.png","datePublished":"2024-09-21T11:18:31+00:00","dateModified":"2025-08-13T05:37:26+00:00","description":"Stressi leevendus on imelihtne, sest t\u00e4nu Stress Temporarily\u00a0aktiivsetele koostisosadele\u00a0saad h\u00fcvasti j\u00e4tta igap\u00e4evaelu muredega, mis m\u00f5juta..","breadcrumb":{"@id":"https:\/\/fit360.ee\/en\/pood\/product-groups\/%d0%b2%d0%b5%d0%b3%d0%b0%d0%bd\/vegan-capsules-en\/qnt-stress-temporarily-90-vcaps\/#breadcrumb"},"inLanguage":"en-US","potentialAction":[{"@type":"ReadAction","target":["https:\/\/fit360.ee\/en\/pood\/product-groups\/%d0%b2%d0%b5%d0%b3%d0%b0%d0%bd\/vegan-capsules-en\/qnt-stress-temporarily-90-vcaps\/"]}]},{"@type":"ImageObject","inLanguage":"en-US","@id":"https:\/\/fit360.ee\/en\/pood\/product-groups\/%d0%b2%d0%b5%d0%b3%d0%b0%d0%bd\/vegan-capsules-en\/qnt-stress-temporarily-90-vcaps\/#primaryimage","url":"https:\/\/fit360.ee\/wp-content\/uploads\/2024\/09\/stressi-leevendus-fit360.ee_.png","contentUrl":"https:\/\/fit360.ee\/wp-content\/uploads\/2024\/09\/stressi-leevendus-fit360.ee_.png","width":1500,"height":1500,"caption":"stressi leevendus - fit360.ee"},{"@type":"BreadcrumbList","@id":"https:\/\/fit360.ee\/en\/pood\/product-groups\/%d0%b2%d0%b5%d0%b3%d0%b0%d0%bd\/vegan-capsules-en\/qnt-stress-temporarily-90-vcaps\/#breadcrumb","itemListElement":[{"@type":"ListItem","position":1,"name":"Home","item":"https:\/\/fit360.ee\/en\/"},{"@type":"ListItem","position":2,"name":"Shop","item":"https:\/\/fit360.ee\/en\/shop\/"},{"@type":"ListItem","position":3,"name":"QNT Stress Temporarily (90 vcaps)"}]},{"@type":"WebSite","@id":"https:\/\/fit360.ee\/en\/#website","url":"https:\/\/fit360.ee\/en\/","name":"Fit360","description":"","publisher":{"@id":"https:\/\/fit360.ee\/en\/#organization"},"potentialAction":[{"@type":"SearchAction","target":{"@type":"EntryPoint","urlTemplate":"https:\/\/fit360.ee\/en\/?s={search_term_string}"},"query-input":{"@type":"PropertyValueSpecification","valueRequired":true,"valueName":"search_term_string"}}],"inLanguage":"en-US"},{"@type":"Organization","@id":"https:\/\/fit360.ee\/en\/#organization","name":"Fit360","url":"https:\/\/fit360.ee\/en\/","logo":{"@type":"ImageObject","inLanguage":"en-US","@id":"https:\/\/fit360.ee\/en\/#\/schema\/logo\/image\/","url":"https:\/\/fit360.ee\/wp-content\/uploads\/2017\/01\/logo-fit360.png","contentUrl":"https:\/\/fit360.ee\/wp-content\/uploads\/2017\/01\/logo-fit360.png","width":180,"height":66,"caption":"Fit360"},"image":{"@id":"https:\/\/fit360.ee\/en\/#\/schema\/logo\/image\/"}}]}},"_links":{"self":[{"href":"https:\/\/fit360.ee\/en\/wp-json\/wp\/v2\/product\/82946","targetHints":{"allow":["GET"]}}],"collection":[{"href":"https:\/\/fit360.ee\/en\/wp-json\/wp\/v2\/product"}],"about":[{"href":"https:\/\/fit360.ee\/en\/wp-json\/wp\/v2\/types\/product"}],"replies":[{"embeddable":true,"href":"https:\/\/fit360.ee\/en\/wp-json\/wp\/v2\/comments?post=82946"}],"wp:featuredmedia":[{"embeddable":true,"href":"https:\/\/fit360.ee\/en\/wp-json\/wp\/v2\/media\/82945"}],"wp:attachment":[{"href":"https:\/\/fit360.ee\/en\/wp-json\/wp\/v2\/media?parent=82946"}],"wp:term":[{"taxonomy":"product_brand","embeddable":true,"href":"https:\/\/fit360.ee\/en\/wp-json\/wp\/v2\/product_brand?post=82946"},{"taxonomy":"product_cat","embeddable":true,"href":"https:\/\/fit360.ee\/en\/wp-json\/wp\/v2\/product_cat?post=82946"},{"taxonomy":"product_tag","embeddable":true,"href":"https:\/\/fit360.ee\/en\/wp-json\/wp\/v2\/product_tag?post=82946"},{"taxonomy":"giftcard-category","embeddable":true,"href":"https:\/\/fit360.ee\/en\/wp-json\/wp\/v2\/giftcard-category?post=82946"}],"curies":[{"name":"wp","href":"https:\/\/api.w.org\/{rel}","templated":true}]}}