{"id":83096,"date":"2024-09-29T12:49:26","date_gmt":"2024-09-29T10:49:26","guid":{"rendered":"https:\/\/fit360.ee\/pood\/uncategorized\/army1-iso1-1000g\/"},"modified":"2026-04-09T17:13:13","modified_gmt":"2026-04-09T15:13:13","slug":"army1-iso1-1000g","status":"publish","type":"product","link":"https:\/\/fit360.ee\/en\/pood\/product-groups\/protein-poweders-en\/whey-protein-en\/army1-iso1-1000g\/","title":{"rendered":"Army1 Iso1 (1000g)"},"content":{"rendered":"<h2><strong>Iso1<\/strong><\/h2>\n<p><strong>Army1 Iso1 <\/strong>on kvaliteetsel 86% vadakuvalgu isolaadil p\u00f5hinev toodetud proteiin. Oleme suurt r\u00f5hku pannud selle toote puhtusele ja eriliselt k\u00f5rgele proteiinisisaldusele. Army1 Iso1 on eeskujuliku lahustuvusega ning on samas peaaegu s\u00fcsivesiku ja rasvavaba. <a href=\"https:\/\/fit360.ee\/en\/product-category\/product-groups\/protein-poweders-en\/whey-isolate-protein-en\/\"><strong>Vadakuvalgu isolaat<\/strong><\/a> on sportlaste seas k\u00f5rgelt hinnatud t\u00e4nu eriti kiirele imendumisele \u2013 tarbi kohe peale treeningut, et anda oma lihastele taastumiseks ning arenguks kiiresti imenduv <a href=\"https:\/\/fit360.ee\/en\/product-category\/product-groups\/amino-acids-bcaa\/bcaa-en\/\"><strong>BCAA<\/strong><\/a> ning proteiinikogus.<\/p>\n<div class=\"fusion-li-item-content\"><strong>Iso1 isolaadis on eriti k\u00f5rge proteiinisisaldus<\/strong> \u2013 baseerudes 86% isolaadil on ka meie maitsestatud variandid \u00fcle 85% proteiinisisaldusega. Paljud imporditud ja tuntud nimedega tootjad nimetavad enda segusid k\u00fcll isolaadiks aga sisaldavad kulude kokkuhoiuks vaid 80%-85% vahel proteiini.<\/div>\n<div><\/div>\n<div class=\"fusion-li-item-content\">Enamus importtooted sisaldavad erinevaid kunstlikke stabilisaatoreid, ebavajalikke v\u00e4rvaineid jm. mida ei tohiks sellises tootes \u00fcldse ollagi. Army1<strong>\u00a0hoolib oma toodete puhtusest<\/strong>\u00a0ning ei lisa midagi ebavajalikku.<\/div>\n<div><\/div>\n<div>Gluteenivaba, 86% valku ja seedeens\u00fc\u00fcme sisaldav toidulisand koos magusainetega. K\u00f5rge v\u00e4\u00e4rtusega proteiinist valmistatud Army1 Iso1, mis on ideaalne valik lahja lihaskoe kasvatamiseks lihasmassi suurendamise raames. Isolaat l\u00e4bib t\u00e4iendava t\u00f6\u00f6tluse, mida nimetatakse Cross-Flow mikrofiltreerimiseks, et saada puhtam valk kui vadakukontsentraadist. See eraldab valgu laktoosist, rasvast ja kolesteroolist, mis t\u00e4hendab, et see v\u00f5ib aidata s\u00e4ilitada madalat keharasva taset, aidates samal ajal kaasa k\u00f5hna lihaste \u00fclesehitamisel. \u00dcks portsjon sisaldab 26 g valku ja v\u00e4hem kui 1 g s\u00fcsivesikuid!<\/div>\n<div><\/div>\n<div>\n<h4><strong>Vadakuvalgu isolaadi eelised:<\/strong><\/h4>\n<ul>\n<li><strong>K\u00f5rge valgusisaldus lihaste kasvatamiseks:<\/strong>\u00a0iga Army1 ISO1 valguisolaadi portsjon sisaldab v\u00f5imsat 26 grammi valku. Need valgud on olulised lihasmassi taastamiseks ja kasvatamiseks p\u00e4rast intensiivseid treeninguid, toetades teie vormireisi.<\/li>\n<li><strong>Minimaalne rasva- ja veesisaldus:<\/strong>\u00a0ainult 0,51 g rasva ja vett portsjoni kohta on see valguisolaat ideaalne valik neile, kes soovivad v\u00e4ltida liigseid kaloreid, pakkudes samal ajal lihaste taastumiseks vajalikke toitaineid.<\/li>\n<li><strong>Kiire imendumine ja t\u00f5husus:<\/strong>\u00a0T\u00e4nu k\u00f5rgele puhtusastmele imendub Army1 ISO1 organismis kiiresti, tagades kiire ja t\u00f5husa valgutarbimise, koormamata teid t\u00e4iendavate rasvade ja s\u00fcsivesikutega.<\/li>\n<li><strong>Kvaliteet ja ohutus:<\/strong>\u00a0K\u00f5rgeima kvaliteediga koostisainetest valmistatud valguisolaat on ohutu ja usaldusv\u00e4\u00e4rne toode, mis varustab teie keha teie kehaliste eesm\u00e4rkide saavutamiseks vajalike toitainetega.<\/li>\n<li><strong>Kohanemisv\u00f5ime erinevatele dieetidele:<\/strong>\u00a0Army1 ISO1 Protein Isolate on oma v\u00e4hese s\u00fcsivesikute ja rasvade sisalduse t\u00f5ttu suurep\u00e4rane valik sportlastele, vabaaja harrastajatele, aga ka k\u00f5igile, kes j\u00e4rgivad teatud dieete.<\/li>\n<li><strong>Gluteenivaba<\/strong><\/li>\n<\/ul>\n<p><strong>Koostisosad<\/strong>: Valgumaatriks (vadakuvalgu isolaat, , h\u00fcdrol\u00fc\u00fcsitud vadakuvalgu isolaat, ristvooluga mikrofiltreeritud vadakuvalgu kontsentraat, l\u00f5ssipulber (12%), l\u00f5hna- ja maitseained, emulgaator (naatriumkarboks\u00fc\u00fcltselluloos), magusained (sukraloos, atsesulfaam-K), vaniljekristall, laktaas ens\u00fc\u00fcm (aspergillus sp. 65000 UG)<\/p>\n<p><strong>Kasutamine<\/strong>: sega 30g pulbrit 300-400ml veega ja tarbi vastavalt vajadusele.<\/p>\n<p><strong>Suurus<\/strong>: 1000g<\/p>\n<table>\n<tbody>\n<tr>\n<td width=\"211\"><strong><b>Toitev\u00e4\u00e4rtus<\/b><\/strong><\/td>\n<td width=\"143\"><strong><b>100g<\/b><\/strong><\/td>\n<td width=\"113\"><strong><b>30g<\/b><\/strong><\/td>\n<td width=\"112\"><strong><b>*SPK<\/b><\/strong><\/td>\n<\/tr>\n<tr>\n<td width=\"211\">Energia<\/td>\n<td width=\"143\">385\u00a0kcal \/ 1635\u00a0kJ<\/td>\n<td width=\"113\">116\u00a0kcal \/ 490 kJ<\/td>\n<td width=\"112\">6%<\/td>\n<\/tr>\n<tr>\n<td width=\"211\">Rasv,<\/td>\n<td width=\"143\">2,6g<\/td>\n<td width=\"113\">0,78g<\/td>\n<td width=\"112\">1%<\/td>\n<\/tr>\n<tr>\n<td width=\"211\">millest k\u00fcllastunud rasvhapped<\/td>\n<td width=\"143\">2,0g<\/td>\n<td width=\"113\">0,6g<\/td>\n<td width=\"112\">3%<\/td>\n<\/tr>\n<tr>\n<td width=\"211\">S\u00fcsivesikud,<\/td>\n<td width=\"143\">4,5g<\/td>\n<td width=\"113\">1,35g<\/td>\n<td width=\"112\">1%<\/td>\n<\/tr>\n<tr>\n<td width=\"211\">millest suhkrud<\/td>\n<td width=\"143\">1,7g<\/td>\n<td width=\"113\">0,51g<\/td>\n<td width=\"112\">1%<\/td>\n<\/tr>\n<tr>\n<td width=\"211\">Valgud<\/td>\n<td width=\"143\">86g<\/td>\n<td width=\"113\">26g<\/td>\n<td width=\"112\">52%<\/td>\n<\/tr>\n<tr>\n<td width=\"211\">Sool<\/td>\n<td width=\"143\">0,7g<\/td>\n<td width=\"113\">0,21g<\/td>\n<td width=\"112\">4%<\/td>\n<\/tr>\n<tr>\n<td width=\"211\">Laktaasi Ens\u00fc\u00fcm<\/td>\n<td width=\"143\">20mg<\/td>\n<td width=\"113\">6mg<\/td>\n<td width=\"112\">&#8211;<\/td>\n<\/tr>\n<\/tbody>\n<\/table>\n<p>*SPK &#8211; Soovitatud p\u00e4evane kogus<\/p>\n<p>Vaata ka meie teisi Vadakuvalgu Isolaate <a href=\"https:\/\/fit360.ee\/en\/product-category\/product-groups\/protein-poweders-en\/whey-isolate-protein-en\/\"><strong>SIIT<\/strong><\/a> v\u00f5i Vadakuvalgu pulbreid <a href=\"https:\/\/fit360.ee\/en\/product-category\/product-groups\/protein-poweders-en\/whey-protein-en\/\"><strong>SIIT<\/strong><\/a>!<\/p>\n<p>Soovid kaupa osta suuremas koguses? Vaata antud toodet ka meie HULGI poest\u00a0<a href=\"https:\/\/toidulisandidhulgi.ee\/tooted\/army1-iso1-1000g\/\"><strong>SIIT<\/strong><\/a>!<\/p>\n<\/div>\n","protected":false},"excerpt":{"rendered":"<ul>\n<li>Kiire imendumine<\/li>\n<li>86% valgupulber<\/li>\n<li>Hea maitse<\/li>\n<li>Seedeens\u00fc\u00fcmidega<\/li>\n<li>Gluteenivaba<\/li>\n<\/ul>\n","protected":false},"featured_media":83095,"comment_status":"open","ping_status":"closed","template":"","meta":[],"product_brand":[],"product_cat":[4956,535,531,2420,2424],"product_tag":[4957,5242,5243,5244,1743],"giftcard-category":[],"class_list":{"0":"post-83096","1":"product","2":"type-product","3":"status-publish","4":"has-post-thumbnail","6":"product_cat-army1-en","7":"product_cat-protein-poweders-en","8":"product_cat-recovery-post-workout-en","9":"product_cat-whey-protein-en","10":"product_cat-whey-isolate-protein-en","11":"product_tag-army1-en","12":"product_tag-iso1-en","13":"product_tag-isolate-en","14":"product_tag-protein-isolate-en","15":"product_tag-vadakuvalgu-isolaat-en","16":"pa_maitse-chocolate","17":"pa_maitse-cream-cookie","18":"pa_maitse-raspberry-yogurt","19":"pa_maitse-stracciatella-en","21":"first","22":"instock","23":"sale","24":"taxable","25":"shipping-taxable","26":"purchasable","27":"product-type-variable"},"yoast_head":"<!-- This site is optimized with the Yoast SEO plugin v27.3 - https:\/\/yoast.com\/product\/yoast-seo-wordpress\/ -->\n<title>Army1 Iso1 (1000g) - Puhas valgupulber - Parim Hind - Kiire Tarne - Fit360<\/title>\n<meta name=\"description\" content=\"Army1 Iso1 on kvaliteetsel 86% vadakuvalgu isolaadil p\u00f5hinev toodetud proteiin. Oleme suurt r\u00f5hku pannud selle toote puhtusele ja eriliselt k\u00f5rgele protei..\" \/>\n<meta name=\"robots\" content=\"index, follow, max-snippet:-1, max-image-preview:large, max-video-preview:-1\" \/>\n<link rel=\"canonical\" href=\"https:\/\/fit360.ee\/en\/pood\/product-groups\/protein-poweders-en\/whey-protein-en\/army1-iso1-1000g\/\" \/>\n<meta property=\"og:locale\" content=\"en_US\" \/>\n<meta property=\"og:type\" content=\"article\" \/>\n<meta property=\"og:title\" content=\"Army1 Iso1 (1000g) - Puhas valgupulber - Parim Hind - Kiire Tarne - Fit360\" \/>\n<meta property=\"og:description\" content=\"Army1 Iso1 on kvaliteetsel 86% vadakuvalgu isolaadil p\u00f5hinev toodetud proteiin. Oleme suurt r\u00f5hku pannud selle toote puhtusele ja eriliselt k\u00f5rgele protei..\" \/>\n<meta property=\"og:url\" content=\"https:\/\/fit360.ee\/en\/pood\/product-groups\/protein-poweders-en\/whey-protein-en\/army1-iso1-1000g\/\" \/>\n<meta property=\"og:site_name\" content=\"Fit360\" \/>\n<meta property=\"article:modified_time\" content=\"2026-04-09T15:13:13+00:00\" \/>\n<meta property=\"og:image\" content=\"https:\/\/fit360.ee\/wp-content\/uploads\/2024\/09\/army1-iso1-vadakuvalgu-isolaat-fit360.ee_.jpg\" \/>\n\t<meta property=\"og:image:width\" content=\"800\" \/>\n\t<meta property=\"og:image:height\" content=\"800\" \/>\n\t<meta property=\"og:image:type\" content=\"image\/jpeg\" \/>\n<meta name=\"twitter:card\" content=\"summary_large_image\" \/>\n<meta name=\"twitter:label1\" content=\"Est. reading time\" \/>\n\t<meta name=\"twitter:data1\" content=\"3 minutes\" \/>\n<script type=\"application\/ld+json\" class=\"yoast-schema-graph\">{\"@context\":\"https:\\\/\\\/schema.org\",\"@graph\":[{\"@type\":\"WebPage\",\"@id\":\"https:\\\/\\\/fit360.ee\\\/en\\\/pood\\\/product-groups\\\/protein-poweders-en\\\/whey-protein-en\\\/army1-iso1-1000g\\\/\",\"url\":\"https:\\\/\\\/fit360.ee\\\/en\\\/pood\\\/product-groups\\\/protein-poweders-en\\\/whey-protein-en\\\/army1-iso1-1000g\\\/\",\"name\":\"Army1 Iso1 (1000g) - Puhas valgupulber - Parim Hind - Kiire Tarne - Fit360\",\"isPartOf\":{\"@id\":\"https:\\\/\\\/fit360.ee\\\/en\\\/#website\"},\"primaryImageOfPage\":{\"@id\":\"https:\\\/\\\/fit360.ee\\\/en\\\/pood\\\/product-groups\\\/protein-poweders-en\\\/whey-protein-en\\\/army1-iso1-1000g\\\/#primaryimage\"},\"image\":{\"@id\":\"https:\\\/\\\/fit360.ee\\\/en\\\/pood\\\/product-groups\\\/protein-poweders-en\\\/whey-protein-en\\\/army1-iso1-1000g\\\/#primaryimage\"},\"thumbnailUrl\":\"https:\\\/\\\/fit360.ee\\\/wp-content\\\/uploads\\\/2024\\\/09\\\/army1-iso1-vadakuvalgu-isolaat-fit360.ee_.jpg\",\"datePublished\":\"2024-09-29T10:49:26+00:00\",\"dateModified\":\"2026-04-09T15:13:13+00:00\",\"description\":\"Army1 Iso1 on kvaliteetsel 86% vadakuvalgu isolaadil p\u00f5hinev toodetud proteiin. Oleme suurt r\u00f5hku pannud selle toote puhtusele ja eriliselt k\u00f5rgele protei..\",\"breadcrumb\":{\"@id\":\"https:\\\/\\\/fit360.ee\\\/en\\\/pood\\\/product-groups\\\/protein-poweders-en\\\/whey-protein-en\\\/army1-iso1-1000g\\\/#breadcrumb\"},\"inLanguage\":\"en-US\",\"potentialAction\":[{\"@type\":\"ReadAction\",\"target\":[\"https:\\\/\\\/fit360.ee\\\/en\\\/pood\\\/product-groups\\\/protein-poweders-en\\\/whey-protein-en\\\/army1-iso1-1000g\\\/\"]}]},{\"@type\":\"ImageObject\",\"inLanguage\":\"en-US\",\"@id\":\"https:\\\/\\\/fit360.ee\\\/en\\\/pood\\\/product-groups\\\/protein-poweders-en\\\/whey-protein-en\\\/army1-iso1-1000g\\\/#primaryimage\",\"url\":\"https:\\\/\\\/fit360.ee\\\/wp-content\\\/uploads\\\/2024\\\/09\\\/army1-iso1-vadakuvalgu-isolaat-fit360.ee_.jpg\",\"contentUrl\":\"https:\\\/\\\/fit360.ee\\\/wp-content\\\/uploads\\\/2024\\\/09\\\/army1-iso1-vadakuvalgu-isolaat-fit360.ee_.jpg\",\"width\":800,\"height\":800,\"caption\":\"army1 iso1 vadakuvalgu isolaat - fit360.ee\"},{\"@type\":\"BreadcrumbList\",\"@id\":\"https:\\\/\\\/fit360.ee\\\/en\\\/pood\\\/product-groups\\\/protein-poweders-en\\\/whey-protein-en\\\/army1-iso1-1000g\\\/#breadcrumb\",\"itemListElement\":[{\"@type\":\"ListItem\",\"position\":1,\"name\":\"Home\",\"item\":\"https:\\\/\\\/fit360.ee\\\/en\\\/\"},{\"@type\":\"ListItem\",\"position\":2,\"name\":\"Shop\",\"item\":\"https:\\\/\\\/fit360.ee\\\/en\\\/shop\\\/\"},{\"@type\":\"ListItem\",\"position\":3,\"name\":\"Army1 Iso1 (1000g)\"}]},{\"@type\":\"WebSite\",\"@id\":\"https:\\\/\\\/fit360.ee\\\/en\\\/#website\",\"url\":\"https:\\\/\\\/fit360.ee\\\/en\\\/\",\"name\":\"Fit360\",\"description\":\"\",\"publisher\":{\"@id\":\"https:\\\/\\\/fit360.ee\\\/en\\\/#organization\"},\"potentialAction\":[{\"@type\":\"SearchAction\",\"target\":{\"@type\":\"EntryPoint\",\"urlTemplate\":\"https:\\\/\\\/fit360.ee\\\/en\\\/?s={search_term_string}\"},\"query-input\":{\"@type\":\"PropertyValueSpecification\",\"valueRequired\":true,\"valueName\":\"search_term_string\"}}],\"inLanguage\":\"en-US\"},{\"@type\":\"Organization\",\"@id\":\"https:\\\/\\\/fit360.ee\\\/en\\\/#organization\",\"name\":\"Fit360\",\"url\":\"https:\\\/\\\/fit360.ee\\\/en\\\/\",\"logo\":{\"@type\":\"ImageObject\",\"inLanguage\":\"en-US\",\"@id\":\"https:\\\/\\\/fit360.ee\\\/en\\\/#\\\/schema\\\/logo\\\/image\\\/\",\"url\":\"https:\\\/\\\/fit360.ee\\\/wp-content\\\/uploads\\\/2017\\\/01\\\/logo-fit360.png\",\"contentUrl\":\"https:\\\/\\\/fit360.ee\\\/wp-content\\\/uploads\\\/2017\\\/01\\\/logo-fit360.png\",\"width\":180,\"height\":66,\"caption\":\"Fit360\"},\"image\":{\"@id\":\"https:\\\/\\\/fit360.ee\\\/en\\\/#\\\/schema\\\/logo\\\/image\\\/\"}}]}<\/script>\n<!-- \/ Yoast SEO plugin. -->","yoast_head_json":{"title":"Army1 Iso1 (1000g) - Puhas valgupulber - Parim Hind - Kiire Tarne - Fit360","description":"Army1 Iso1 on kvaliteetsel 86% vadakuvalgu isolaadil p\u00f5hinev toodetud proteiin. Oleme suurt r\u00f5hku pannud selle toote puhtusele ja eriliselt k\u00f5rgele protei..","robots":{"index":"index","follow":"follow","max-snippet":"max-snippet:-1","max-image-preview":"max-image-preview:large","max-video-preview":"max-video-preview:-1"},"canonical":"https:\/\/fit360.ee\/en\/pood\/product-groups\/protein-poweders-en\/whey-protein-en\/army1-iso1-1000g\/","og_locale":"en_US","og_type":"article","og_title":"Army1 Iso1 (1000g) - Puhas valgupulber - Parim Hind - Kiire Tarne - Fit360","og_description":"Army1 Iso1 on kvaliteetsel 86% vadakuvalgu isolaadil p\u00f5hinev toodetud proteiin. Oleme suurt r\u00f5hku pannud selle toote puhtusele ja eriliselt k\u00f5rgele protei..","og_url":"https:\/\/fit360.ee\/en\/pood\/product-groups\/protein-poweders-en\/whey-protein-en\/army1-iso1-1000g\/","og_site_name":"Fit360","article_modified_time":"2026-04-09T15:13:13+00:00","og_image":[{"width":800,"height":800,"url":"https:\/\/fit360.ee\/wp-content\/uploads\/2024\/09\/army1-iso1-vadakuvalgu-isolaat-fit360.ee_.jpg","type":"image\/jpeg"}],"twitter_card":"summary_large_image","twitter_misc":{"Est. reading time":"3 minutes"},"schema":{"@context":"https:\/\/schema.org","@graph":[{"@type":"WebPage","@id":"https:\/\/fit360.ee\/en\/pood\/product-groups\/protein-poweders-en\/whey-protein-en\/army1-iso1-1000g\/","url":"https:\/\/fit360.ee\/en\/pood\/product-groups\/protein-poweders-en\/whey-protein-en\/army1-iso1-1000g\/","name":"Army1 Iso1 (1000g) - Puhas valgupulber - Parim Hind - Kiire Tarne - Fit360","isPartOf":{"@id":"https:\/\/fit360.ee\/en\/#website"},"primaryImageOfPage":{"@id":"https:\/\/fit360.ee\/en\/pood\/product-groups\/protein-poweders-en\/whey-protein-en\/army1-iso1-1000g\/#primaryimage"},"image":{"@id":"https:\/\/fit360.ee\/en\/pood\/product-groups\/protein-poweders-en\/whey-protein-en\/army1-iso1-1000g\/#primaryimage"},"thumbnailUrl":"https:\/\/fit360.ee\/wp-content\/uploads\/2024\/09\/army1-iso1-vadakuvalgu-isolaat-fit360.ee_.jpg","datePublished":"2024-09-29T10:49:26+00:00","dateModified":"2026-04-09T15:13:13+00:00","description":"Army1 Iso1 on kvaliteetsel 86% vadakuvalgu isolaadil p\u00f5hinev toodetud proteiin. Oleme suurt r\u00f5hku pannud selle toote puhtusele ja eriliselt k\u00f5rgele protei..","breadcrumb":{"@id":"https:\/\/fit360.ee\/en\/pood\/product-groups\/protein-poweders-en\/whey-protein-en\/army1-iso1-1000g\/#breadcrumb"},"inLanguage":"en-US","potentialAction":[{"@type":"ReadAction","target":["https:\/\/fit360.ee\/en\/pood\/product-groups\/protein-poweders-en\/whey-protein-en\/army1-iso1-1000g\/"]}]},{"@type":"ImageObject","inLanguage":"en-US","@id":"https:\/\/fit360.ee\/en\/pood\/product-groups\/protein-poweders-en\/whey-protein-en\/army1-iso1-1000g\/#primaryimage","url":"https:\/\/fit360.ee\/wp-content\/uploads\/2024\/09\/army1-iso1-vadakuvalgu-isolaat-fit360.ee_.jpg","contentUrl":"https:\/\/fit360.ee\/wp-content\/uploads\/2024\/09\/army1-iso1-vadakuvalgu-isolaat-fit360.ee_.jpg","width":800,"height":800,"caption":"army1 iso1 vadakuvalgu isolaat - fit360.ee"},{"@type":"BreadcrumbList","@id":"https:\/\/fit360.ee\/en\/pood\/product-groups\/protein-poweders-en\/whey-protein-en\/army1-iso1-1000g\/#breadcrumb","itemListElement":[{"@type":"ListItem","position":1,"name":"Home","item":"https:\/\/fit360.ee\/en\/"},{"@type":"ListItem","position":2,"name":"Shop","item":"https:\/\/fit360.ee\/en\/shop\/"},{"@type":"ListItem","position":3,"name":"Army1 Iso1 (1000g)"}]},{"@type":"WebSite","@id":"https:\/\/fit360.ee\/en\/#website","url":"https:\/\/fit360.ee\/en\/","name":"Fit360","description":"","publisher":{"@id":"https:\/\/fit360.ee\/en\/#organization"},"potentialAction":[{"@type":"SearchAction","target":{"@type":"EntryPoint","urlTemplate":"https:\/\/fit360.ee\/en\/?s={search_term_string}"},"query-input":{"@type":"PropertyValueSpecification","valueRequired":true,"valueName":"search_term_string"}}],"inLanguage":"en-US"},{"@type":"Organization","@id":"https:\/\/fit360.ee\/en\/#organization","name":"Fit360","url":"https:\/\/fit360.ee\/en\/","logo":{"@type":"ImageObject","inLanguage":"en-US","@id":"https:\/\/fit360.ee\/en\/#\/schema\/logo\/image\/","url":"https:\/\/fit360.ee\/wp-content\/uploads\/2017\/01\/logo-fit360.png","contentUrl":"https:\/\/fit360.ee\/wp-content\/uploads\/2017\/01\/logo-fit360.png","width":180,"height":66,"caption":"Fit360"},"image":{"@id":"https:\/\/fit360.ee\/en\/#\/schema\/logo\/image\/"}}]}},"_links":{"self":[{"href":"https:\/\/fit360.ee\/en\/wp-json\/wp\/v2\/product\/83096","targetHints":{"allow":["GET"]}}],"collection":[{"href":"https:\/\/fit360.ee\/en\/wp-json\/wp\/v2\/product"}],"about":[{"href":"https:\/\/fit360.ee\/en\/wp-json\/wp\/v2\/types\/product"}],"replies":[{"embeddable":true,"href":"https:\/\/fit360.ee\/en\/wp-json\/wp\/v2\/comments?post=83096"}],"wp:featuredmedia":[{"embeddable":true,"href":"https:\/\/fit360.ee\/en\/wp-json\/wp\/v2\/media\/83095"}],"wp:attachment":[{"href":"https:\/\/fit360.ee\/en\/wp-json\/wp\/v2\/media?parent=83096"}],"wp:term":[{"taxonomy":"product_brand","embeddable":true,"href":"https:\/\/fit360.ee\/en\/wp-json\/wp\/v2\/product_brand?post=83096"},{"taxonomy":"product_cat","embeddable":true,"href":"https:\/\/fit360.ee\/en\/wp-json\/wp\/v2\/product_cat?post=83096"},{"taxonomy":"product_tag","embeddable":true,"href":"https:\/\/fit360.ee\/en\/wp-json\/wp\/v2\/product_tag?post=83096"},{"taxonomy":"giftcard-category","embeddable":true,"href":"https:\/\/fit360.ee\/en\/wp-json\/wp\/v2\/giftcard-category?post=83096"}],"curies":[{"name":"wp","href":"https:\/\/api.w.org\/{rel}","templated":true}]}}