{"id":83346,"date":"2024-10-04T11:19:39","date_gmt":"2024-10-04T09:19:39","guid":{"rendered":"https:\/\/fit360.ee\/pood\/uncategorized\/bb-old-school-sweatshorts\/"},"modified":"2025-08-13T07:37:59","modified_gmt":"2025-08-13T05:37:59","slug":"bb-old-school-sweatshorts","status":"publish","type":"product","link":"https:\/\/fit360.ee\/en\/pood\/training-equipment-en\/fitness-clothing-en\/bb-old-school-sweatshorts\/","title":{"rendered":"BB Old School Sweatshorts"},"content":{"rendered":"<h2><strong>Old School Sweatshorts<\/strong><\/h2>\n<p>Old School Sweatshorts on l\u00fchemad l\u00fchikesed p\u00fcksid, millel on 5-tolline sise\u00f5mblus ja mis sobivad sportlikuks. L\u00f5ikeserv s\u00e4\u00e4reava juures ja happega pestud viimistlus annavad neile toore v\u00e4limuse.<\/p>\n<p>Puuvillane kangas on pehme ja mugav ning tunneb end osana sinust. Nendel l\u00fchikestel p\u00fckstel on nii avatud taskud kui ka tagatasku. Lisasime paremale s\u00e4\u00e4rele toonitud klassikalise Better Bodies logo ning tagataskusse saki.<\/p>\n<p><strong>Sobivus<\/strong><em><span>:<\/span><\/em><span>\u00a0sportlik<\/span><br \/>\n<strong>Pikkus<\/strong><em><span>:<\/span><\/em><span>\u00a0Reie keskosa<\/span><br \/>\n<strong>Materjal:<\/strong><span>\u00a0100% puuvill<\/span><br \/>\n<strong>Omadused<\/strong><em><span>:<\/span><\/em><span>\u00a0Pehme puuvill, elastne v\u00f6\u00f6koht koos n\u00f6\u00f6riga, taskud, vintage pestud v\u00e4limus, logo pealekandmine paremal jalal<\/span><\/p>\n<p><a href=\"https:\/\/fit360.ee\/wp-content\/uploads\/2024\/10\/old-school-sweatshorts-black-fit360.ee_-800x800.jpg\"><img loading=\"lazy\" decoding=\"async\" class=\"size-medium wp-image-83338\" src=\"https:\/\/fit360.ee\/wp-content\/uploads\/2024\/10\/old-school-sweatshorts-black-fit360.ee_-800x800.jpg\" alt=\"old school sweatshorts black - fit360.ee\" width=\"800\" height=\"800\" srcset=\"https:\/\/fit360.ee\/wp-content\/uploads\/2024\/10\/old-school-sweatshorts-black-fit360.ee_-800x800.jpg 800w, https:\/\/fit360.ee\/wp-content\/uploads\/2024\/10\/old-school-sweatshorts-black-fit360.ee_-247x247.jpg 247w, https:\/\/fit360.ee\/wp-content\/uploads\/2024\/10\/old-school-sweatshorts-black-fit360.ee_-100x100.jpg 100w, https:\/\/fit360.ee\/wp-content\/uploads\/2024\/10\/old-school-sweatshorts-black-fit360.ee_-510x510.jpg 510w, https:\/\/fit360.ee\/wp-content\/uploads\/2024\/10\/old-school-sweatshorts-black-fit360.ee_-340x340.jpg 340w, https:\/\/fit360.ee\/wp-content\/uploads\/2024\/10\/old-school-sweatshorts-black-fit360.ee_-768x768.jpg 768w, https:\/\/fit360.ee\/wp-content\/uploads\/2024\/10\/old-school-sweatshorts-black-fit360.ee_.jpg 1000w\" sizes=\"auto, (max-width: 800px) 100vw, 800px\" \/><\/a><\/p>\n<p><a href=\"https:\/\/fit360.ee\/wp-content\/uploads\/2024\/10\/bb-old-school-sweatshorts-must-fit360.ee_-800x800.jpg\"><img loading=\"lazy\" decoding=\"async\" class=\"size-medium wp-image-83340\" src=\"https:\/\/fit360.ee\/wp-content\/uploads\/2024\/10\/bb-old-school-sweatshorts-must-fit360.ee_-800x800.jpg\" alt=\"bb old school sweatshorts must - fit360.ee\" width=\"800\" height=\"800\" srcset=\"https:\/\/fit360.ee\/wp-content\/uploads\/2024\/10\/bb-old-school-sweatshorts-must-fit360.ee_-800x800.jpg 800w, https:\/\/fit360.ee\/wp-content\/uploads\/2024\/10\/bb-old-school-sweatshorts-must-fit360.ee_-247x247.jpg 247w, https:\/\/fit360.ee\/wp-content\/uploads\/2024\/10\/bb-old-school-sweatshorts-must-fit360.ee_-100x100.jpg 100w, https:\/\/fit360.ee\/wp-content\/uploads\/2024\/10\/bb-old-school-sweatshorts-must-fit360.ee_-510x510.jpg 510w, https:\/\/fit360.ee\/wp-content\/uploads\/2024\/10\/bb-old-school-sweatshorts-must-fit360.ee_-340x340.jpg 340w, https:\/\/fit360.ee\/wp-content\/uploads\/2024\/10\/bb-old-school-sweatshorts-must-fit360.ee_-768x768.jpg 768w, https:\/\/fit360.ee\/wp-content\/uploads\/2024\/10\/bb-old-school-sweatshorts-must-fit360.ee_.jpg 1000w\" sizes=\"auto, (max-width: 800px) 100vw, 800px\" \/><\/a><\/p>\n<p><a href=\"https:\/\/fit360.ee\/wp-content\/uploads\/2024\/10\/bb-old-school-sweatshorts-fit360.ee_-800x800.jpg\"><img loading=\"lazy\" decoding=\"async\" class=\"size-medium wp-image-83342\" src=\"https:\/\/fit360.ee\/wp-content\/uploads\/2024\/10\/bb-old-school-sweatshorts-fit360.ee_-800x800.jpg\" alt=\"bb old school sweatshorts - fit360.ee\" width=\"800\" height=\"800\" srcset=\"https:\/\/fit360.ee\/wp-content\/uploads\/2024\/10\/bb-old-school-sweatshorts-fit360.ee_-800x800.jpg 800w, https:\/\/fit360.ee\/wp-content\/uploads\/2024\/10\/bb-old-school-sweatshorts-fit360.ee_-247x247.jpg 247w, https:\/\/fit360.ee\/wp-content\/uploads\/2024\/10\/bb-old-school-sweatshorts-fit360.ee_-100x100.jpg 100w, https:\/\/fit360.ee\/wp-content\/uploads\/2024\/10\/bb-old-school-sweatshorts-fit360.ee_-510x510.jpg 510w, https:\/\/fit360.ee\/wp-content\/uploads\/2024\/10\/bb-old-school-sweatshorts-fit360.ee_-340x340.jpg 340w, https:\/\/fit360.ee\/wp-content\/uploads\/2024\/10\/bb-old-school-sweatshorts-fit360.ee_-768x768.jpg 768w, https:\/\/fit360.ee\/wp-content\/uploads\/2024\/10\/bb-old-school-sweatshorts-fit360.ee_.jpg 1000w\" sizes=\"auto, (max-width: 800px) 100vw, 800px\" \/><\/a><\/p>\n<p><a href=\"https:\/\/fit360.ee\/wp-content\/uploads\/2024\/10\/old-school-sweatshorts-fit360.ee_-800x800.jpg\"><img loading=\"lazy\" decoding=\"async\" class=\"size-medium wp-image-83344\" src=\"https:\/\/fit360.ee\/wp-content\/uploads\/2024\/10\/old-school-sweatshorts-fit360.ee_-800x800.jpg\" alt=\"old school sweatshorts - fit360.ee\" width=\"800\" height=\"800\" srcset=\"https:\/\/fit360.ee\/wp-content\/uploads\/2024\/10\/old-school-sweatshorts-fit360.ee_-800x800.jpg 800w, https:\/\/fit360.ee\/wp-content\/uploads\/2024\/10\/old-school-sweatshorts-fit360.ee_-247x247.jpg 247w, https:\/\/fit360.ee\/wp-content\/uploads\/2024\/10\/old-school-sweatshorts-fit360.ee_-100x100.jpg 100w, https:\/\/fit360.ee\/wp-content\/uploads\/2024\/10\/old-school-sweatshorts-fit360.ee_-510x510.jpg 510w, https:\/\/fit360.ee\/wp-content\/uploads\/2024\/10\/old-school-sweatshorts-fit360.ee_-340x340.jpg 340w, https:\/\/fit360.ee\/wp-content\/uploads\/2024\/10\/old-school-sweatshorts-fit360.ee_-768x768.jpg 768w, https:\/\/fit360.ee\/wp-content\/uploads\/2024\/10\/old-school-sweatshorts-fit360.ee_.jpg 1000w\" sizes=\"auto, (max-width: 800px) 100vw, 800px\" \/><\/a><\/p>\n<p>Vaata ka meie Teisi Treeningriideid\u00a0<a href=\"https:\/\/fit360.ee\/en\/product-category\/training-equipment-en\/fitness-clothing-en\/\"><strong>SIIT<\/strong><\/a>!<\/p>\n","protected":false},"excerpt":{"rendered":"<p><strong>Sobivus<\/strong><em>:<\/em>\u00a0sportlik<br \/>\n<strong>Pikkus<\/strong><em>:<\/em>\u00a0Reie keskosa<br \/>\n<strong>Materjal:<\/strong>\u00a0100% puuvill<br \/>\n<strong>Omadused<\/strong><em>:<\/em>\u00a0Pehme puuvill, elastne v\u00f6\u00f6koht koos n\u00f6\u00f6riga, taskud, vintage pestud v\u00e4limus, logo pealekandmine paremal jalal<\/p>\n","protected":false},"featured_media":83345,"comment_status":"open","ping_status":"closed","template":"","meta":[],"product_brand":[],"product_cat":[547],"product_tag":[2522,5258,5259],"giftcard-category":[],"class_list":{"0":"post-83346","1":"product","2":"type-product","3":"status-publish","4":"has-post-thumbnail","6":"product_cat-fitness-clothing-en","7":"product_tag-better-bodies-en","8":"product_tag-luhikesed-puksid-en","9":"product_tag-old-school-sweatshorts-en","10":"pa_suurus-l","11":"pa_suurus-m","12":"pa_suurus-s","13":"pa_suurus-xl","14":"pa_varvus-acid-washed-black-en","16":"first","17":"instock","18":"sale","19":"taxable","20":"shipping-taxable","21":"purchasable","22":"product-type-variable"},"yoast_head":"<!-- This site is optimized with the Yoast SEO plugin v27.3 - https:\/\/yoast.com\/product\/yoast-seo-wordpress\/ -->\n<title>BB Old School Sweatshorts - L\u00fchikesed treeningp\u00fcksid - \u00dclimugavad - Fit360<\/title>\n<meta name=\"description\" content=\"Old School Sweatshorts on l\u00fchemad l\u00fchikesed p\u00fcksid, millel on 5-tolline sise\u00f5mblus ja mis sobivad sportlikuks. L\u00f5ikeserv s\u00e4\u00e4reava juures ja happega pest...\" \/>\n<meta name=\"robots\" content=\"index, follow, max-snippet:-1, max-image-preview:large, max-video-preview:-1\" \/>\n<link rel=\"canonical\" href=\"https:\/\/fit360.ee\/en\/pood\/training-equipment-en\/fitness-clothing-en\/bb-old-school-sweatshorts\/\" \/>\n<meta property=\"og:locale\" content=\"en_US\" \/>\n<meta property=\"og:type\" content=\"article\" \/>\n<meta property=\"og:title\" content=\"BB Old School Sweatshorts - L\u00fchikesed treeningp\u00fcksid - \u00dclimugavad - Fit360\" \/>\n<meta property=\"og:description\" content=\"Old School Sweatshorts on l\u00fchemad l\u00fchikesed p\u00fcksid, millel on 5-tolline sise\u00f5mblus ja mis sobivad sportlikuks. L\u00f5ikeserv s\u00e4\u00e4reava juures ja happega pest...\" \/>\n<meta property=\"og:url\" content=\"https:\/\/fit360.ee\/en\/pood\/training-equipment-en\/fitness-clothing-en\/bb-old-school-sweatshorts\/\" \/>\n<meta property=\"og:site_name\" content=\"Fit360\" \/>\n<meta property=\"article:modified_time\" content=\"2025-08-13T05:37:59+00:00\" \/>\n<meta property=\"og:image\" content=\"https:\/\/fit360.ee\/wp-content\/uploads\/2024\/10\/old-school-sweatshorts-fit360.ee_.jpg\" \/>\n\t<meta property=\"og:image:width\" content=\"1000\" \/>\n\t<meta property=\"og:image:height\" content=\"1000\" \/>\n\t<meta property=\"og:image:type\" content=\"image\/jpeg\" \/>\n<meta name=\"twitter:card\" content=\"summary_large_image\" \/>\n<meta name=\"twitter:label1\" content=\"Est. reading time\" \/>\n\t<meta name=\"twitter:data1\" content=\"2 minutes\" \/>\n<script type=\"application\/ld+json\" class=\"yoast-schema-graph\">{\"@context\":\"https:\\\/\\\/schema.org\",\"@graph\":[{\"@type\":\"WebPage\",\"@id\":\"https:\\\/\\\/fit360.ee\\\/en\\\/pood\\\/training-equipment-en\\\/fitness-clothing-en\\\/bb-old-school-sweatshorts\\\/\",\"url\":\"https:\\\/\\\/fit360.ee\\\/en\\\/pood\\\/training-equipment-en\\\/fitness-clothing-en\\\/bb-old-school-sweatshorts\\\/\",\"name\":\"BB Old School Sweatshorts - L\u00fchikesed treeningp\u00fcksid - \u00dclimugavad - Fit360\",\"isPartOf\":{\"@id\":\"https:\\\/\\\/fit360.ee\\\/en\\\/#website\"},\"primaryImageOfPage\":{\"@id\":\"https:\\\/\\\/fit360.ee\\\/en\\\/pood\\\/training-equipment-en\\\/fitness-clothing-en\\\/bb-old-school-sweatshorts\\\/#primaryimage\"},\"image\":{\"@id\":\"https:\\\/\\\/fit360.ee\\\/en\\\/pood\\\/training-equipment-en\\\/fitness-clothing-en\\\/bb-old-school-sweatshorts\\\/#primaryimage\"},\"thumbnailUrl\":\"https:\\\/\\\/fit360.ee\\\/wp-content\\\/uploads\\\/2024\\\/10\\\/old-school-sweatshorts-fit360.ee_.jpg\",\"datePublished\":\"2024-10-04T09:19:39+00:00\",\"dateModified\":\"2025-08-13T05:37:59+00:00\",\"description\":\"Old School Sweatshorts on l\u00fchemad l\u00fchikesed p\u00fcksid, millel on 5-tolline sise\u00f5mblus ja mis sobivad sportlikuks. L\u00f5ikeserv s\u00e4\u00e4reava juures ja happega pest...\",\"breadcrumb\":{\"@id\":\"https:\\\/\\\/fit360.ee\\\/en\\\/pood\\\/training-equipment-en\\\/fitness-clothing-en\\\/bb-old-school-sweatshorts\\\/#breadcrumb\"},\"inLanguage\":\"en-US\",\"potentialAction\":[{\"@type\":\"ReadAction\",\"target\":[\"https:\\\/\\\/fit360.ee\\\/en\\\/pood\\\/training-equipment-en\\\/fitness-clothing-en\\\/bb-old-school-sweatshorts\\\/\"]}]},{\"@type\":\"ImageObject\",\"inLanguage\":\"en-US\",\"@id\":\"https:\\\/\\\/fit360.ee\\\/en\\\/pood\\\/training-equipment-en\\\/fitness-clothing-en\\\/bb-old-school-sweatshorts\\\/#primaryimage\",\"url\":\"https:\\\/\\\/fit360.ee\\\/wp-content\\\/uploads\\\/2024\\\/10\\\/old-school-sweatshorts-fit360.ee_.jpg\",\"contentUrl\":\"https:\\\/\\\/fit360.ee\\\/wp-content\\\/uploads\\\/2024\\\/10\\\/old-school-sweatshorts-fit360.ee_.jpg\",\"width\":1000,\"height\":1000,\"caption\":\"old school sweatshorts - fit360.ee\"},{\"@type\":\"BreadcrumbList\",\"@id\":\"https:\\\/\\\/fit360.ee\\\/en\\\/pood\\\/training-equipment-en\\\/fitness-clothing-en\\\/bb-old-school-sweatshorts\\\/#breadcrumb\",\"itemListElement\":[{\"@type\":\"ListItem\",\"position\":1,\"name\":\"Home\",\"item\":\"https:\\\/\\\/fit360.ee\\\/en\\\/\"},{\"@type\":\"ListItem\",\"position\":2,\"name\":\"Shop\",\"item\":\"https:\\\/\\\/fit360.ee\\\/en\\\/shop\\\/\"},{\"@type\":\"ListItem\",\"position\":3,\"name\":\"BB Old School Sweatshorts\"}]},{\"@type\":\"WebSite\",\"@id\":\"https:\\\/\\\/fit360.ee\\\/en\\\/#website\",\"url\":\"https:\\\/\\\/fit360.ee\\\/en\\\/\",\"name\":\"Fit360\",\"description\":\"\",\"publisher\":{\"@id\":\"https:\\\/\\\/fit360.ee\\\/en\\\/#organization\"},\"potentialAction\":[{\"@type\":\"SearchAction\",\"target\":{\"@type\":\"EntryPoint\",\"urlTemplate\":\"https:\\\/\\\/fit360.ee\\\/en\\\/?s={search_term_string}\"},\"query-input\":{\"@type\":\"PropertyValueSpecification\",\"valueRequired\":true,\"valueName\":\"search_term_string\"}}],\"inLanguage\":\"en-US\"},{\"@type\":\"Organization\",\"@id\":\"https:\\\/\\\/fit360.ee\\\/en\\\/#organization\",\"name\":\"Fit360\",\"url\":\"https:\\\/\\\/fit360.ee\\\/en\\\/\",\"logo\":{\"@type\":\"ImageObject\",\"inLanguage\":\"en-US\",\"@id\":\"https:\\\/\\\/fit360.ee\\\/en\\\/#\\\/schema\\\/logo\\\/image\\\/\",\"url\":\"https:\\\/\\\/fit360.ee\\\/wp-content\\\/uploads\\\/2017\\\/01\\\/logo-fit360.png\",\"contentUrl\":\"https:\\\/\\\/fit360.ee\\\/wp-content\\\/uploads\\\/2017\\\/01\\\/logo-fit360.png\",\"width\":180,\"height\":66,\"caption\":\"Fit360\"},\"image\":{\"@id\":\"https:\\\/\\\/fit360.ee\\\/en\\\/#\\\/schema\\\/logo\\\/image\\\/\"}}]}<\/script>\n<!-- \/ Yoast SEO plugin. -->","yoast_head_json":{"title":"BB Old School Sweatshorts - L\u00fchikesed treeningp\u00fcksid - \u00dclimugavad - Fit360","description":"Old School Sweatshorts on l\u00fchemad l\u00fchikesed p\u00fcksid, millel on 5-tolline sise\u00f5mblus ja mis sobivad sportlikuks. L\u00f5ikeserv s\u00e4\u00e4reava juures ja happega pest...","robots":{"index":"index","follow":"follow","max-snippet":"max-snippet:-1","max-image-preview":"max-image-preview:large","max-video-preview":"max-video-preview:-1"},"canonical":"https:\/\/fit360.ee\/en\/pood\/training-equipment-en\/fitness-clothing-en\/bb-old-school-sweatshorts\/","og_locale":"en_US","og_type":"article","og_title":"BB Old School Sweatshorts - L\u00fchikesed treeningp\u00fcksid - \u00dclimugavad - Fit360","og_description":"Old School Sweatshorts on l\u00fchemad l\u00fchikesed p\u00fcksid, millel on 5-tolline sise\u00f5mblus ja mis sobivad sportlikuks. L\u00f5ikeserv s\u00e4\u00e4reava juures ja happega pest...","og_url":"https:\/\/fit360.ee\/en\/pood\/training-equipment-en\/fitness-clothing-en\/bb-old-school-sweatshorts\/","og_site_name":"Fit360","article_modified_time":"2025-08-13T05:37:59+00:00","og_image":[{"width":1000,"height":1000,"url":"https:\/\/fit360.ee\/wp-content\/uploads\/2024\/10\/old-school-sweatshorts-fit360.ee_.jpg","type":"image\/jpeg"}],"twitter_card":"summary_large_image","twitter_misc":{"Est. reading time":"2 minutes"},"schema":{"@context":"https:\/\/schema.org","@graph":[{"@type":"WebPage","@id":"https:\/\/fit360.ee\/en\/pood\/training-equipment-en\/fitness-clothing-en\/bb-old-school-sweatshorts\/","url":"https:\/\/fit360.ee\/en\/pood\/training-equipment-en\/fitness-clothing-en\/bb-old-school-sweatshorts\/","name":"BB Old School Sweatshorts - L\u00fchikesed treeningp\u00fcksid - \u00dclimugavad - Fit360","isPartOf":{"@id":"https:\/\/fit360.ee\/en\/#website"},"primaryImageOfPage":{"@id":"https:\/\/fit360.ee\/en\/pood\/training-equipment-en\/fitness-clothing-en\/bb-old-school-sweatshorts\/#primaryimage"},"image":{"@id":"https:\/\/fit360.ee\/en\/pood\/training-equipment-en\/fitness-clothing-en\/bb-old-school-sweatshorts\/#primaryimage"},"thumbnailUrl":"https:\/\/fit360.ee\/wp-content\/uploads\/2024\/10\/old-school-sweatshorts-fit360.ee_.jpg","datePublished":"2024-10-04T09:19:39+00:00","dateModified":"2025-08-13T05:37:59+00:00","description":"Old School Sweatshorts on l\u00fchemad l\u00fchikesed p\u00fcksid, millel on 5-tolline sise\u00f5mblus ja mis sobivad sportlikuks. L\u00f5ikeserv s\u00e4\u00e4reava juures ja happega pest...","breadcrumb":{"@id":"https:\/\/fit360.ee\/en\/pood\/training-equipment-en\/fitness-clothing-en\/bb-old-school-sweatshorts\/#breadcrumb"},"inLanguage":"en-US","potentialAction":[{"@type":"ReadAction","target":["https:\/\/fit360.ee\/en\/pood\/training-equipment-en\/fitness-clothing-en\/bb-old-school-sweatshorts\/"]}]},{"@type":"ImageObject","inLanguage":"en-US","@id":"https:\/\/fit360.ee\/en\/pood\/training-equipment-en\/fitness-clothing-en\/bb-old-school-sweatshorts\/#primaryimage","url":"https:\/\/fit360.ee\/wp-content\/uploads\/2024\/10\/old-school-sweatshorts-fit360.ee_.jpg","contentUrl":"https:\/\/fit360.ee\/wp-content\/uploads\/2024\/10\/old-school-sweatshorts-fit360.ee_.jpg","width":1000,"height":1000,"caption":"old school sweatshorts - fit360.ee"},{"@type":"BreadcrumbList","@id":"https:\/\/fit360.ee\/en\/pood\/training-equipment-en\/fitness-clothing-en\/bb-old-school-sweatshorts\/#breadcrumb","itemListElement":[{"@type":"ListItem","position":1,"name":"Home","item":"https:\/\/fit360.ee\/en\/"},{"@type":"ListItem","position":2,"name":"Shop","item":"https:\/\/fit360.ee\/en\/shop\/"},{"@type":"ListItem","position":3,"name":"BB Old School Sweatshorts"}]},{"@type":"WebSite","@id":"https:\/\/fit360.ee\/en\/#website","url":"https:\/\/fit360.ee\/en\/","name":"Fit360","description":"","publisher":{"@id":"https:\/\/fit360.ee\/en\/#organization"},"potentialAction":[{"@type":"SearchAction","target":{"@type":"EntryPoint","urlTemplate":"https:\/\/fit360.ee\/en\/?s={search_term_string}"},"query-input":{"@type":"PropertyValueSpecification","valueRequired":true,"valueName":"search_term_string"}}],"inLanguage":"en-US"},{"@type":"Organization","@id":"https:\/\/fit360.ee\/en\/#organization","name":"Fit360","url":"https:\/\/fit360.ee\/en\/","logo":{"@type":"ImageObject","inLanguage":"en-US","@id":"https:\/\/fit360.ee\/en\/#\/schema\/logo\/image\/","url":"https:\/\/fit360.ee\/wp-content\/uploads\/2017\/01\/logo-fit360.png","contentUrl":"https:\/\/fit360.ee\/wp-content\/uploads\/2017\/01\/logo-fit360.png","width":180,"height":66,"caption":"Fit360"},"image":{"@id":"https:\/\/fit360.ee\/en\/#\/schema\/logo\/image\/"}}]}},"_links":{"self":[{"href":"https:\/\/fit360.ee\/en\/wp-json\/wp\/v2\/product\/83346","targetHints":{"allow":["GET"]}}],"collection":[{"href":"https:\/\/fit360.ee\/en\/wp-json\/wp\/v2\/product"}],"about":[{"href":"https:\/\/fit360.ee\/en\/wp-json\/wp\/v2\/types\/product"}],"replies":[{"embeddable":true,"href":"https:\/\/fit360.ee\/en\/wp-json\/wp\/v2\/comments?post=83346"}],"wp:featuredmedia":[{"embeddable":true,"href":"https:\/\/fit360.ee\/en\/wp-json\/wp\/v2\/media\/83345"}],"wp:attachment":[{"href":"https:\/\/fit360.ee\/en\/wp-json\/wp\/v2\/media?parent=83346"}],"wp:term":[{"taxonomy":"product_brand","embeddable":true,"href":"https:\/\/fit360.ee\/en\/wp-json\/wp\/v2\/product_brand?post=83346"},{"taxonomy":"product_cat","embeddable":true,"href":"https:\/\/fit360.ee\/en\/wp-json\/wp\/v2\/product_cat?post=83346"},{"taxonomy":"product_tag","embeddable":true,"href":"https:\/\/fit360.ee\/en\/wp-json\/wp\/v2\/product_tag?post=83346"},{"taxonomy":"giftcard-category","embeddable":true,"href":"https:\/\/fit360.ee\/en\/wp-json\/wp\/v2\/giftcard-category?post=83346"}],"curies":[{"name":"wp","href":"https:\/\/api.w.org\/{rel}","templated":true}]}}