{"id":83456,"date":"2024-10-10T11:42:33","date_gmt":"2024-10-10T09:42:33","guid":{"rendered":"https:\/\/fit360.ee\/pood\/uncategorized\/lipo-6-black-ultra-concentrate-60caps\/"},"modified":"2026-04-10T16:11:40","modified_gmt":"2026-04-10T14:11:40","slug":"lipo-6-black-ultra-concentrate-60caps","status":"publish","type":"product","link":"https:\/\/fit360.ee\/en\/pood\/product-groups\/vitamins-and-minerals-en\/chromium-en\/lipo-6-black-ultra-concentrate-60caps\/","title":{"rendered":"Lipo-6 Black Ultra Concentrate (60caps)"},"content":{"rendered":"<h2><strong>Lipo 6 Black<\/strong><\/h2>\n<div id=\"tab-description\" class=\"tab-pane active product-desc product-section\">\n<p><strong>Maailma esimene rasvap\u00f5letaja Lipo 6 Black, ainult \u00fcks kapsel, mis sisaldab kontsentraati ja rasvap\u00f5letus\u00fchendeid!<\/strong><\/p>\n<ul>\n<li>Reguleerib s\u00f6\u00f6giisu<\/li>\n<li>V\u00e4hendab katabolismi<\/li>\n<li>Annab energiat<\/li>\n<li>Aitab p\u00f5letada Rasva<\/li>\n<\/ul>\n<p>Seet\u00f5ttu nimetatakse seda &#8220;targaks rasvap\u00f5letajaks&#8221;.\u00a0Piisab \u00fchest kapslist p\u00e4evas.<\/p>\n<p>See on v\u00e4ga kontsentreeritud kaalulangetustoode \u2013 lisakilodest kiireks vabanemiseks vajate vaid \u00fchte kapslit p\u00e4evas.\u00a0Lisaks annab see kiire energialaengu ja parandab keskendumisv\u00f5imet.<\/p>\n<h4><strong>Lipo 6 peamised omadused<\/strong>:<\/h4>\n<\/div>\n<ul class=\"a-unordered-list a-vertical a-spacing-mini\">\n<li class=\"a-spacing-mini\"><span class=\"a-list-item\">Soovitatav \u00e4\u00e4rmine ettevaatus: see on tugevaim LIPO-6 rasvap\u00f5letustoode, mida oleme kunagi v\u00e4lja lasknud. Vaid \u00fcks pill loob aluse \u00e4\u00e4rmuslikule rasvakaotusele.<\/span><\/li>\n<li class=\"a-spacing-mini\"><span class=\"a-list-item\">Termogeenne rasvap\u00f5letaja: Lipo6 Black Ultra Concentrate on v\u00f5imas rasvap\u00f5letaja meestele ja naistele, mis on loodud kangekaelse rasva vastu v\u00f5itlemiseks ja soovimatute rasvaladestuste kiireks h\u00e4vitamiseks.<\/span><\/li>\n<li class=\"a-spacing-mini\"><span class=\"a-list-item\">Kiiretoimeline vedelkapsel: see v\u00f5imas rasvakaotust soodustav toidulisand toimib kiiresti, suurendades termogeneesi, p\u00f5letades rasva k\u00fctuseks ja suurendades energiat, sisaldades samal ajal olulisi \u00fchendeid, mis t\u00e4iendavad ainevahetust kiirendavad kaalulangus.<\/span><\/li>\n<li class=\"a-spacing-mini\"><span class=\"a-list-item\">S\u00f6\u00f6giisu v\u00e4hendav vahend: k\u00f5ik \u00fches kaalulangetuslisand teeb rohkem kui rasva p\u00f5letamine. Samuti pakub see kaalulangetamiseks s\u00f6\u00f6giisu v\u00e4hendavat vahendit, mis aitab h\u00f5lpsamini hallata oma toidutarbimist ja kontrollida iha, v\u00e4hendades tarbitavate kalorite hulka.<\/span><\/li>\n<li class=\"a-spacing-mini\"><span class=\"a-list-item\">V\u00f5imsad koostisosad: \u00dcks peamisi p\u00f5hjusi, miks inimesed oma dieedist loobuvad, on energia- ja motivatsioonipuudus.\u00a0<\/span><\/li>\n<\/ul>\n<div id=\"tab-ingredients\" class=\"tab-pane product-section\">\n<div class=\"section-title\"><strong>Lipo 6 Black Ultra Extreme Potency toitev\u00e4\u00e4rtused<\/strong>:<\/div>\n<div><\/div>\n<table>\n<tbody>\n<tr>\n<td><strong>Portsjoni kohta:<\/strong><\/td>\n<td><strong>1 kapsel<\/strong><\/td>\n<\/tr>\n<tr>\n<td>Vitamiin B12<\/td>\n<td>6 mcg<\/td>\n<\/tr>\n<tr>\n<td>Kroom<\/td>\n<td>100 mcg<\/td>\n<\/tr>\n<tr>\n<td>Kofeiin<\/td>\n<td>200 mg<\/td>\n<\/tr>\n<tr>\n<td>Guaraana ekstrakt<\/td>\n<td>100 mg<\/td>\n<\/tr>\n<tr>\n<td>Kakao ekstrakt<\/td>\n<td>10 mg<\/td>\n<\/tr>\n<\/tbody>\n<\/table>\n<p><strong>Kasutamine<\/strong>: V\u00f5tke 1 Black-Cap hommikul v\u00f5i 1 Black-Cap p\u00e4rastl\u00f5unal. V\u00e4ga kontsentreeritud ja t\u00f5hus valem!\u00a0\u00c4rge v\u00f5tke rohkem kui 1 kapslit korraga.\u00a0\u00c4rge kunagi v\u00f5tke rohkem kui 2 kapslit p\u00e4evas.\u00a0V\u00e4ltige kasutamist 6 tundi enne magamaminekut!<\/p>\n<p><strong>Suurus<\/strong>: 60 kapslit.<\/p>\n<p>Vaata ka meie Teisi Rasvap\u00f5letajaid\u00a0<a href=\"https:\/\/fit360.ee\/en\/product-category\/product-groups\/fat-burners-en\/\"><strong>SIIT<\/strong><\/a>!<\/p>\n<p>Soovid kaupa osta suuremas koguses? Vaata antud toodet ka meie HULGI poest\u00a0<a href=\"https:\/\/toidulisandidhulgi.ee\/tooted\/lipo-6-black-ultra-concentrate-60caps\/\"><strong>SIIT<\/strong><\/a>!<\/p>\n<\/div>\n","protected":false},"excerpt":{"rendered":"<ul>\n<li>Reguleerib s\u00f6\u00f6giisu<\/li>\n<li>V\u00e4hendab katabolismi<\/li>\n<li>Annab energiat<\/li>\n<li>Aitab p\u00f5letada Rasva<\/li>\n<\/ul>\n","protected":false},"featured_media":83454,"comment_status":"open","ping_status":"closed","template":"","meta":[],"product_brand":[],"product_cat":[2287,530,1977],"product_tag":[1990,1991,5264,1992],"giftcard-category":[],"class_list":{"0":"post-83456","1":"product","2":"type-product","3":"status-publish","4":"has-post-thumbnail","6":"product_cat-chromium-en","7":"product_cat-fat-burners-en","8":"product_cat-nutrex-en","9":"product_tag-lipo-6-en","10":"product_tag-lipo-6-black-en","11":"product_tag-lipo-6-black-ultra-concentrate-en","12":"product_tag-nutrex-en","13":"pa_kogus-60-capsules","14":"pa_toidulisand-branddd-nutrex","15":"pa_tootegruppp-kroom-en","16":"pa_tootegruppp-weight-loss","18":"first","19":"instock","20":"sale","21":"taxable","22":"shipping-taxable","23":"purchasable","24":"product-type-simple"},"yoast_head":"<!-- This site is optimized with the Yoast SEO plugin v27.3 - https:\/\/yoast.com\/product\/yoast-seo-wordpress\/ -->\n<title>Lipo-6 Black Ultra Concentrate (60caps) - T\u00f5hus Rasvap\u00f5letus - Fit360<\/title>\n<meta name=\"description\" content=\"Maailma esimene rasvap\u00f5letaja Lipo 6 Black, ainult \u00fcks kapsel, mis sisaldab kontsentraati ja rasvap\u00f5letus\u00fchendeid. Lisakilodest kiireks vabanemiseks vaja..\" \/>\n<meta name=\"robots\" content=\"index, follow, max-snippet:-1, max-image-preview:large, max-video-preview:-1\" \/>\n<link rel=\"canonical\" href=\"https:\/\/fit360.ee\/en\/pood\/product-groups\/vitamins-and-minerals-en\/chromium-en\/lipo-6-black-ultra-concentrate-60caps\/\" \/>\n<meta property=\"og:locale\" content=\"en_US\" \/>\n<meta property=\"og:type\" content=\"article\" \/>\n<meta property=\"og:title\" content=\"Lipo-6 Black Ultra Concentrate (60caps) - T\u00f5hus Rasvap\u00f5letus - Fit360\" \/>\n<meta property=\"og:description\" content=\"Maailma esimene rasvap\u00f5letaja Lipo 6 Black, ainult \u00fcks kapsel, mis sisaldab kontsentraati ja rasvap\u00f5letus\u00fchendeid. Lisakilodest kiireks vabanemiseks vaja..\" \/>\n<meta property=\"og:url\" content=\"https:\/\/fit360.ee\/en\/pood\/product-groups\/vitamins-and-minerals-en\/chromium-en\/lipo-6-black-ultra-concentrate-60caps\/\" \/>\n<meta property=\"og:site_name\" content=\"Fit360\" \/>\n<meta property=\"article:modified_time\" content=\"2026-04-10T14:11:40+00:00\" \/>\n<meta property=\"og:image\" content=\"https:\/\/fit360.ee\/wp-content\/uploads\/2024\/10\/lipo-6-tohus-rasvapoletus-fit360.ee_.jpg\" \/>\n\t<meta property=\"og:image:width\" content=\"1200\" \/>\n\t<meta property=\"og:image:height\" content=\"1200\" \/>\n\t<meta property=\"og:image:type\" content=\"image\/jpeg\" \/>\n<meta name=\"twitter:card\" content=\"summary_large_image\" \/>\n<meta name=\"twitter:label1\" content=\"Est. reading time\" \/>\n\t<meta name=\"twitter:data1\" content=\"2 minutes\" \/>\n<script type=\"application\/ld+json\" class=\"yoast-schema-graph\">{\"@context\":\"https:\\\/\\\/schema.org\",\"@graph\":[{\"@type\":\"WebPage\",\"@id\":\"https:\\\/\\\/fit360.ee\\\/en\\\/pood\\\/product-groups\\\/vitamins-and-minerals-en\\\/chromium-en\\\/lipo-6-black-ultra-concentrate-60caps\\\/\",\"url\":\"https:\\\/\\\/fit360.ee\\\/en\\\/pood\\\/product-groups\\\/vitamins-and-minerals-en\\\/chromium-en\\\/lipo-6-black-ultra-concentrate-60caps\\\/\",\"name\":\"Lipo-6 Black Ultra Concentrate (60caps) - T\u00f5hus Rasvap\u00f5letus - Fit360\",\"isPartOf\":{\"@id\":\"https:\\\/\\\/fit360.ee\\\/en\\\/#website\"},\"primaryImageOfPage\":{\"@id\":\"https:\\\/\\\/fit360.ee\\\/en\\\/pood\\\/product-groups\\\/vitamins-and-minerals-en\\\/chromium-en\\\/lipo-6-black-ultra-concentrate-60caps\\\/#primaryimage\"},\"image\":{\"@id\":\"https:\\\/\\\/fit360.ee\\\/en\\\/pood\\\/product-groups\\\/vitamins-and-minerals-en\\\/chromium-en\\\/lipo-6-black-ultra-concentrate-60caps\\\/#primaryimage\"},\"thumbnailUrl\":\"https:\\\/\\\/fit360.ee\\\/wp-content\\\/uploads\\\/2024\\\/10\\\/lipo-6-tohus-rasvapoletus-fit360.ee_.jpg\",\"datePublished\":\"2024-10-10T09:42:33+00:00\",\"dateModified\":\"2026-04-10T14:11:40+00:00\",\"description\":\"Maailma esimene rasvap\u00f5letaja Lipo 6 Black, ainult \u00fcks kapsel, mis sisaldab kontsentraati ja rasvap\u00f5letus\u00fchendeid. Lisakilodest kiireks vabanemiseks vaja..\",\"breadcrumb\":{\"@id\":\"https:\\\/\\\/fit360.ee\\\/en\\\/pood\\\/product-groups\\\/vitamins-and-minerals-en\\\/chromium-en\\\/lipo-6-black-ultra-concentrate-60caps\\\/#breadcrumb\"},\"inLanguage\":\"en-US\",\"potentialAction\":[{\"@type\":\"ReadAction\",\"target\":[\"https:\\\/\\\/fit360.ee\\\/en\\\/pood\\\/product-groups\\\/vitamins-and-minerals-en\\\/chromium-en\\\/lipo-6-black-ultra-concentrate-60caps\\\/\"]}]},{\"@type\":\"ImageObject\",\"inLanguage\":\"en-US\",\"@id\":\"https:\\\/\\\/fit360.ee\\\/en\\\/pood\\\/product-groups\\\/vitamins-and-minerals-en\\\/chromium-en\\\/lipo-6-black-ultra-concentrate-60caps\\\/#primaryimage\",\"url\":\"https:\\\/\\\/fit360.ee\\\/wp-content\\\/uploads\\\/2024\\\/10\\\/lipo-6-tohus-rasvapoletus-fit360.ee_.jpg\",\"contentUrl\":\"https:\\\/\\\/fit360.ee\\\/wp-content\\\/uploads\\\/2024\\\/10\\\/lipo-6-tohus-rasvapoletus-fit360.ee_.jpg\",\"width\":1200,\"height\":1200,\"caption\":\"lipo 6 t\u00f5hus rasvap\u00f5letus - fit360.ee\"},{\"@type\":\"BreadcrumbList\",\"@id\":\"https:\\\/\\\/fit360.ee\\\/en\\\/pood\\\/product-groups\\\/vitamins-and-minerals-en\\\/chromium-en\\\/lipo-6-black-ultra-concentrate-60caps\\\/#breadcrumb\",\"itemListElement\":[{\"@type\":\"ListItem\",\"position\":1,\"name\":\"Home\",\"item\":\"https:\\\/\\\/fit360.ee\\\/en\\\/\"},{\"@type\":\"ListItem\",\"position\":2,\"name\":\"Shop\",\"item\":\"https:\\\/\\\/fit360.ee\\\/en\\\/shop\\\/\"},{\"@type\":\"ListItem\",\"position\":3,\"name\":\"Lipo-6 Black Ultra Concentrate (60caps)\"}]},{\"@type\":\"WebSite\",\"@id\":\"https:\\\/\\\/fit360.ee\\\/en\\\/#website\",\"url\":\"https:\\\/\\\/fit360.ee\\\/en\\\/\",\"name\":\"Fit360\",\"description\":\"\",\"publisher\":{\"@id\":\"https:\\\/\\\/fit360.ee\\\/en\\\/#organization\"},\"potentialAction\":[{\"@type\":\"SearchAction\",\"target\":{\"@type\":\"EntryPoint\",\"urlTemplate\":\"https:\\\/\\\/fit360.ee\\\/en\\\/?s={search_term_string}\"},\"query-input\":{\"@type\":\"PropertyValueSpecification\",\"valueRequired\":true,\"valueName\":\"search_term_string\"}}],\"inLanguage\":\"en-US\"},{\"@type\":\"Organization\",\"@id\":\"https:\\\/\\\/fit360.ee\\\/en\\\/#organization\",\"name\":\"Fit360\",\"url\":\"https:\\\/\\\/fit360.ee\\\/en\\\/\",\"logo\":{\"@type\":\"ImageObject\",\"inLanguage\":\"en-US\",\"@id\":\"https:\\\/\\\/fit360.ee\\\/en\\\/#\\\/schema\\\/logo\\\/image\\\/\",\"url\":\"https:\\\/\\\/fit360.ee\\\/wp-content\\\/uploads\\\/2017\\\/01\\\/logo-fit360.png\",\"contentUrl\":\"https:\\\/\\\/fit360.ee\\\/wp-content\\\/uploads\\\/2017\\\/01\\\/logo-fit360.png\",\"width\":180,\"height\":66,\"caption\":\"Fit360\"},\"image\":{\"@id\":\"https:\\\/\\\/fit360.ee\\\/en\\\/#\\\/schema\\\/logo\\\/image\\\/\"}}]}<\/script>\n<!-- \/ Yoast SEO plugin. -->","yoast_head_json":{"title":"Lipo-6 Black Ultra Concentrate (60caps) - T\u00f5hus Rasvap\u00f5letus - Fit360","description":"Maailma esimene rasvap\u00f5letaja Lipo 6 Black, ainult \u00fcks kapsel, mis sisaldab kontsentraati ja rasvap\u00f5letus\u00fchendeid. Lisakilodest kiireks vabanemiseks vaja..","robots":{"index":"index","follow":"follow","max-snippet":"max-snippet:-1","max-image-preview":"max-image-preview:large","max-video-preview":"max-video-preview:-1"},"canonical":"https:\/\/fit360.ee\/en\/pood\/product-groups\/vitamins-and-minerals-en\/chromium-en\/lipo-6-black-ultra-concentrate-60caps\/","og_locale":"en_US","og_type":"article","og_title":"Lipo-6 Black Ultra Concentrate (60caps) - T\u00f5hus Rasvap\u00f5letus - Fit360","og_description":"Maailma esimene rasvap\u00f5letaja Lipo 6 Black, ainult \u00fcks kapsel, mis sisaldab kontsentraati ja rasvap\u00f5letus\u00fchendeid. Lisakilodest kiireks vabanemiseks vaja..","og_url":"https:\/\/fit360.ee\/en\/pood\/product-groups\/vitamins-and-minerals-en\/chromium-en\/lipo-6-black-ultra-concentrate-60caps\/","og_site_name":"Fit360","article_modified_time":"2026-04-10T14:11:40+00:00","og_image":[{"width":1200,"height":1200,"url":"https:\/\/fit360.ee\/wp-content\/uploads\/2024\/10\/lipo-6-tohus-rasvapoletus-fit360.ee_.jpg","type":"image\/jpeg"}],"twitter_card":"summary_large_image","twitter_misc":{"Est. reading time":"2 minutes"},"schema":{"@context":"https:\/\/schema.org","@graph":[{"@type":"WebPage","@id":"https:\/\/fit360.ee\/en\/pood\/product-groups\/vitamins-and-minerals-en\/chromium-en\/lipo-6-black-ultra-concentrate-60caps\/","url":"https:\/\/fit360.ee\/en\/pood\/product-groups\/vitamins-and-minerals-en\/chromium-en\/lipo-6-black-ultra-concentrate-60caps\/","name":"Lipo-6 Black Ultra Concentrate (60caps) - T\u00f5hus Rasvap\u00f5letus - Fit360","isPartOf":{"@id":"https:\/\/fit360.ee\/en\/#website"},"primaryImageOfPage":{"@id":"https:\/\/fit360.ee\/en\/pood\/product-groups\/vitamins-and-minerals-en\/chromium-en\/lipo-6-black-ultra-concentrate-60caps\/#primaryimage"},"image":{"@id":"https:\/\/fit360.ee\/en\/pood\/product-groups\/vitamins-and-minerals-en\/chromium-en\/lipo-6-black-ultra-concentrate-60caps\/#primaryimage"},"thumbnailUrl":"https:\/\/fit360.ee\/wp-content\/uploads\/2024\/10\/lipo-6-tohus-rasvapoletus-fit360.ee_.jpg","datePublished":"2024-10-10T09:42:33+00:00","dateModified":"2026-04-10T14:11:40+00:00","description":"Maailma esimene rasvap\u00f5letaja Lipo 6 Black, ainult \u00fcks kapsel, mis sisaldab kontsentraati ja rasvap\u00f5letus\u00fchendeid. Lisakilodest kiireks vabanemiseks vaja..","breadcrumb":{"@id":"https:\/\/fit360.ee\/en\/pood\/product-groups\/vitamins-and-minerals-en\/chromium-en\/lipo-6-black-ultra-concentrate-60caps\/#breadcrumb"},"inLanguage":"en-US","potentialAction":[{"@type":"ReadAction","target":["https:\/\/fit360.ee\/en\/pood\/product-groups\/vitamins-and-minerals-en\/chromium-en\/lipo-6-black-ultra-concentrate-60caps\/"]}]},{"@type":"ImageObject","inLanguage":"en-US","@id":"https:\/\/fit360.ee\/en\/pood\/product-groups\/vitamins-and-minerals-en\/chromium-en\/lipo-6-black-ultra-concentrate-60caps\/#primaryimage","url":"https:\/\/fit360.ee\/wp-content\/uploads\/2024\/10\/lipo-6-tohus-rasvapoletus-fit360.ee_.jpg","contentUrl":"https:\/\/fit360.ee\/wp-content\/uploads\/2024\/10\/lipo-6-tohus-rasvapoletus-fit360.ee_.jpg","width":1200,"height":1200,"caption":"lipo 6 t\u00f5hus rasvap\u00f5letus - fit360.ee"},{"@type":"BreadcrumbList","@id":"https:\/\/fit360.ee\/en\/pood\/product-groups\/vitamins-and-minerals-en\/chromium-en\/lipo-6-black-ultra-concentrate-60caps\/#breadcrumb","itemListElement":[{"@type":"ListItem","position":1,"name":"Home","item":"https:\/\/fit360.ee\/en\/"},{"@type":"ListItem","position":2,"name":"Shop","item":"https:\/\/fit360.ee\/en\/shop\/"},{"@type":"ListItem","position":3,"name":"Lipo-6 Black Ultra Concentrate (60caps)"}]},{"@type":"WebSite","@id":"https:\/\/fit360.ee\/en\/#website","url":"https:\/\/fit360.ee\/en\/","name":"Fit360","description":"","publisher":{"@id":"https:\/\/fit360.ee\/en\/#organization"},"potentialAction":[{"@type":"SearchAction","target":{"@type":"EntryPoint","urlTemplate":"https:\/\/fit360.ee\/en\/?s={search_term_string}"},"query-input":{"@type":"PropertyValueSpecification","valueRequired":true,"valueName":"search_term_string"}}],"inLanguage":"en-US"},{"@type":"Organization","@id":"https:\/\/fit360.ee\/en\/#organization","name":"Fit360","url":"https:\/\/fit360.ee\/en\/","logo":{"@type":"ImageObject","inLanguage":"en-US","@id":"https:\/\/fit360.ee\/en\/#\/schema\/logo\/image\/","url":"https:\/\/fit360.ee\/wp-content\/uploads\/2017\/01\/logo-fit360.png","contentUrl":"https:\/\/fit360.ee\/wp-content\/uploads\/2017\/01\/logo-fit360.png","width":180,"height":66,"caption":"Fit360"},"image":{"@id":"https:\/\/fit360.ee\/en\/#\/schema\/logo\/image\/"}}]}},"_links":{"self":[{"href":"https:\/\/fit360.ee\/en\/wp-json\/wp\/v2\/product\/83456","targetHints":{"allow":["GET"]}}],"collection":[{"href":"https:\/\/fit360.ee\/en\/wp-json\/wp\/v2\/product"}],"about":[{"href":"https:\/\/fit360.ee\/en\/wp-json\/wp\/v2\/types\/product"}],"replies":[{"embeddable":true,"href":"https:\/\/fit360.ee\/en\/wp-json\/wp\/v2\/comments?post=83456"}],"wp:featuredmedia":[{"embeddable":true,"href":"https:\/\/fit360.ee\/en\/wp-json\/wp\/v2\/media\/83454"}],"wp:attachment":[{"href":"https:\/\/fit360.ee\/en\/wp-json\/wp\/v2\/media?parent=83456"}],"wp:term":[{"taxonomy":"product_brand","embeddable":true,"href":"https:\/\/fit360.ee\/en\/wp-json\/wp\/v2\/product_brand?post=83456"},{"taxonomy":"product_cat","embeddable":true,"href":"https:\/\/fit360.ee\/en\/wp-json\/wp\/v2\/product_cat?post=83456"},{"taxonomy":"product_tag","embeddable":true,"href":"https:\/\/fit360.ee\/en\/wp-json\/wp\/v2\/product_tag?post=83456"},{"taxonomy":"giftcard-category","embeddable":true,"href":"https:\/\/fit360.ee\/en\/wp-json\/wp\/v2\/giftcard-category?post=83456"}],"curies":[{"name":"wp","href":"https:\/\/api.w.org\/{rel}","templated":true}]}}