{"id":83462,"date":"2024-10-10T11:42:33","date_gmt":"2024-10-10T09:42:33","guid":{"rendered":"https:\/\/fit360.ee\/pood\/uncategorized\/lipo-6-diuretic-80caps\/"},"modified":"2025-08-13T07:36:44","modified_gmt":"2025-08-13T05:36:44","slug":"lipo-6-diuretic-80caps","status":"publish","type":"product","link":"https:\/\/fit360.ee\/en\/pood\/product-groups\/fat-burners-en\/lipo-6-diuretic-80caps\/","title":{"rendered":"Lipo-6 Diuretic (80caps)"},"content":{"rendered":"<h2><strong>Lipo 6 Diuretic<\/strong><\/h2>\n<p>LIPO 6 Diuretic on kiire toimega looduslik diureetikum, mis aitab eemaldada kehast liigset vett. See v\u00f5ib v\u00e4hendada puhitust ja parandada keha v\u00e4limust, soodustades nahaalust veekaotust (naha h\u00fcpodermise kihist). LIPO 6 Diureetikum on ideaalne valik, kui pead kiiresti vabanema pehmest ja pundunud v\u00e4limusest enne v\u00f5istluslavale minekut, rannale minekut, pildisessiooni v\u00f5i lihtsalt siis, kui soovite n\u00e4dalavahetusel klubides k\u00e4ies\u00a0 n\u00e4idata oma parimat v\u00e4ljan\u00e4gemist.<\/p>\n<p>See soodustab ka tervislikku vedelikutasakaalu t\u00e4nu lisatud olulistele elektrol\u00fc\u00fctidele, nagu magneesium ja kaalium. Tervisliku vedelikutasakaalu s\u00e4ilitamine, k\u00f5rvaldades samal ajal liigset vett, on elut\u00e4htis lihaste tugevuse ja\u00a0sitkuse s\u00e4ilitamiseks. LIPO-6 BLACK DIURETIC on v\u00e4lja t\u00f6\u00f6tatud ohutuks ja t\u00f5husaks kasutamiseks nii meestele kui ka naistele.<\/p>\n<h2><strong>Lipo 6 Diureeetikumi peamised omadused<\/strong>:<\/h2>\n<ul>\n<li><strong><b>Looduslik diureetikum\u00a0<\/b><\/strong>&#8211; LIPO 6 BLACK DIURETIC on kiire toimega looduslik diureetikum, mis aitab organismil k\u00f5rvaldada liigset vett, v\u00e4hendades puhitust ja parandades f\u00fc\u00fcsilist v\u00e4limust.<\/li>\n<li><strong><b>Tervisliku vedelikutasakaalu s\u00e4ilitamine\u00a0<\/b><\/strong>&#8211; toode soodustab tervislikku vedelikutasakaalu, lisades p\u00f5hilisi elektrol\u00fc\u00fcte, nagu magneesium ja kaalium, mis aitavad s\u00e4ilitada lihaste tugevust ja sitkust.<\/li>\n<li><strong><b>N\u00e4dalavahetuseks valmis\u00a0<\/b><\/strong>&#8211; LIPO 6 BLACK DIURETIC on ideaalne, et t\u00e4iustada oma v\u00e4limust enne randa minekut, pildistamist, lavale minekut v\u00f5i lihtsalt klubides k\u00e4imist.<\/li>\n<\/ul>\n<p><strong>Teised Koostisosad<\/strong>: Taimne kapsel, Mikrokristalliline tselluloos, magneesiumstearaat, r\u00e4nidioksiid.<\/p>\n<p><strong>Kasutamine<\/strong>: V\u00f5tke 4 Black-Caps&#8217;i kaks korda p\u00e4evas koos 350 ml veega, hommikul ja p\u00e4rastl\u00f5unal. Soovitame seda toodet v\u00f5tta 5 j\u00e4rjestikusel p\u00e4eval, et saavutada soovitud nahaaluse \u00fcleliigse vee v\u00e4ljutamist. Jooge v\u00e4hemalt 6-8 klaasi vett p\u00e4evas. \u00c4rge \u00fcletage soovitatud annuseid.<\/p>\n<p><strong>Suurus<\/strong>: 80 kapslit<\/p>\n<table cellspacing=\"0\" cellpadding=\"0\">\n<caption><strong>Toitev\u00e4\u00e4rtuste anal\u00fc\u00fcs<\/strong><\/caption>\n<tbody>\n<tr>\n<td colspan=\"3\">Portsjoni suurus: 4 musta \u00a0kapslit<br \/>\nportsjonit konteineri kohta: 20<\/td>\n<\/tr>\n<tr>\n<th colspan=\"2\">Kogus portsjoni kohta<\/th>\n<th>%SPK<\/th>\n<\/tr>\n<tr>\n<th>Magneesium (magneesiumtsitraadina)<\/th>\n<td>75 mg<\/td>\n<td>19%<\/td>\n<\/tr>\n<tr>\n<th>Kaalium<\/th>\n<td>31 mg<\/td>\n<td>1%<\/td>\n<\/tr>\n<tr>\n<th>T\u00e4iustatud looduslik diureetiline valem<\/th>\n<td>1486 mg<\/td>\n<td><\/td>\n<\/tr>\n<tr>\n<th colspan=\"2\">V\u00f5ilille ekstrakt (juur) 800mg<\/th>\n<td><sup>*<\/sup><\/td>\n<\/tr>\n<tr>\n<th colspan=\"2\">Kortesaba ekstrakt (\u00f5hust)\u00a0 200mg<\/th>\n<td><sup>*<\/sup><\/td>\n<\/tr>\n<tr>\n<th colspan=\"2\">Selleri seemne ekstrakt 187.50mg<\/th>\n<td><sup>*<\/sup><\/td>\n<\/tr>\n<tr>\n<th colspan=\"2\">Uva Ursi ekstrakt (lehed) 93.75mg<\/th>\n<td><sup>*<\/sup><\/td>\n<\/tr>\n<tr>\n<th colspan=\"2\">Peterselli pulber 5mg<\/th>\n<td><sup>*<\/sup><\/td>\n<\/tr>\n<tr>\n<td colspan=\"3\">*Soovitatud p\u00e4evane kogus (SPK) pole m\u00e4\u00e4ratud.<\/td>\n<\/tr>\n<\/tbody>\n<\/table>\n<p>Vaata ka meie Teisi Rasvap\u00f5letajaid\u00a0<a href=\"https:\/\/fit360.ee\/en\/product-category\/product-groups\/fat-burners-en\/\"><strong>SIIT<\/strong><\/a>!<\/p>\n<p>Soovid kaupa osta suuremas koguses? Vaata antud toodet ka meie HULGI poest\u00a0<a href=\"https:\/\/toidulisandidhulgi.ee\/tooted\/lipo-6-diuretic-80caps\/\"><strong>SIIT<\/strong><\/a>!<\/p>\n","protected":false},"excerpt":{"rendered":"<ul>\n<li>Tugev looduslik diureetiline valem<\/li>\n<li>Soodustab veekadu samal p\u00e4eval<\/li>\n<li>Aitab v\u00e4hendada turset ja t\u00e4iustada definitsiooni<\/li>\n<li>Peamiste elektrol\u00fc\u00fctidega tervisliku vedelikutasakaalu tagamiseks<\/li>\n<li>Ohutu ja t\u00f5hus<\/li>\n<li>T\u00f6\u00f6tab meestele ja naistele<\/li>\n<\/ul>\n","protected":false},"featured_media":83461,"comment_status":"open","ping_status":"closed","template":"","meta":[],"product_brand":[],"product_cat":[530,1977,1454,536],"product_tag":[1990,5267,1992],"giftcard-category":[],"class_list":{"0":"post-83462","1":"product","2":"type-product","3":"status-publish","4":"has-post-thumbnail","6":"product_cat-fat-burners-en","7":"product_cat-nutrex-en","8":"product_cat-superfoods-health-foods-en","9":"product_cat-vitamins-and-minerals-en","10":"product_tag-lipo-6-en","11":"product_tag-lipo-6-diuretic-en","12":"product_tag-nutrex-en","13":"pa_kogus-80-kapslit-en","14":"pa_toidulisand-branddd-nutrex","15":"pa_tootegruppp-supertoit-tervisetoit-en","16":"pa_tootegruppp-vitamins-and-minerals","17":"pa_tootegruppp-weight-loss","19":"first","20":"instock","21":"sale","22":"taxable","23":"shipping-taxable","24":"purchasable","25":"product-type-simple"},"yoast_head":"<!-- This site is optimized with the Yoast SEO plugin v27.3 - https:\/\/yoast.com\/product\/yoast-seo-wordpress\/ -->\n<title>Lipo-6 Diuretic (80caps) - T\u00f5hus Rasvap\u00f5letus - V\u00e4ljutab kehast vett - Fit360<\/title>\n<meta name=\"description\" content=\"LIPO 6 Diuretic on kiire toimega looduslik diureetikum, mis aitab eemaldada kehast liigset vett. See v\u00f5ib v\u00e4hendada puhitust ja parandada keha v\u00e4limust...\" \/>\n<meta name=\"robots\" content=\"index, follow, max-snippet:-1, max-image-preview:large, max-video-preview:-1\" \/>\n<link rel=\"canonical\" href=\"https:\/\/fit360.ee\/en\/pood\/product-groups\/fat-burners-en\/lipo-6-diuretic-80caps\/\" \/>\n<meta property=\"og:locale\" content=\"en_US\" \/>\n<meta property=\"og:type\" content=\"article\" \/>\n<meta property=\"og:title\" content=\"Lipo-6 Diuretic (80caps) - T\u00f5hus Rasvap\u00f5letus - V\u00e4ljutab kehast vett - Fit360\" \/>\n<meta property=\"og:description\" content=\"LIPO 6 Diuretic on kiire toimega looduslik diureetikum, mis aitab eemaldada kehast liigset vett. See v\u00f5ib v\u00e4hendada puhitust ja parandada keha v\u00e4limust...\" \/>\n<meta property=\"og:url\" content=\"https:\/\/fit360.ee\/en\/pood\/product-groups\/fat-burners-en\/lipo-6-diuretic-80caps\/\" \/>\n<meta property=\"og:site_name\" content=\"Fit360\" \/>\n<meta property=\"article:modified_time\" content=\"2025-08-13T05:36:44+00:00\" \/>\n<meta property=\"og:image\" content=\"https:\/\/fit360.ee\/wp-content\/uploads\/2024\/10\/lipo-6-diuretic-fit360.ee_.jpg\" \/>\n\t<meta property=\"og:image:width\" content=\"1200\" \/>\n\t<meta property=\"og:image:height\" content=\"1200\" \/>\n\t<meta property=\"og:image:type\" content=\"image\/jpeg\" \/>\n<meta name=\"twitter:card\" content=\"summary_large_image\" \/>\n<meta name=\"twitter:label1\" content=\"Est. reading time\" \/>\n\t<meta name=\"twitter:data1\" content=\"2 minutes\" \/>\n<script type=\"application\/ld+json\" class=\"yoast-schema-graph\">{\"@context\":\"https:\\\/\\\/schema.org\",\"@graph\":[{\"@type\":\"WebPage\",\"@id\":\"https:\\\/\\\/fit360.ee\\\/en\\\/pood\\\/product-groups\\\/fat-burners-en\\\/lipo-6-diuretic-80caps\\\/\",\"url\":\"https:\\\/\\\/fit360.ee\\\/en\\\/pood\\\/product-groups\\\/fat-burners-en\\\/lipo-6-diuretic-80caps\\\/\",\"name\":\"Lipo-6 Diuretic (80caps) - T\u00f5hus Rasvap\u00f5letus - V\u00e4ljutab kehast vett - Fit360\",\"isPartOf\":{\"@id\":\"https:\\\/\\\/fit360.ee\\\/en\\\/#website\"},\"primaryImageOfPage\":{\"@id\":\"https:\\\/\\\/fit360.ee\\\/en\\\/pood\\\/product-groups\\\/fat-burners-en\\\/lipo-6-diuretic-80caps\\\/#primaryimage\"},\"image\":{\"@id\":\"https:\\\/\\\/fit360.ee\\\/en\\\/pood\\\/product-groups\\\/fat-burners-en\\\/lipo-6-diuretic-80caps\\\/#primaryimage\"},\"thumbnailUrl\":\"https:\\\/\\\/fit360.ee\\\/wp-content\\\/uploads\\\/2024\\\/10\\\/lipo-6-diuretic-fit360.ee_.jpg\",\"datePublished\":\"2024-10-10T09:42:33+00:00\",\"dateModified\":\"2025-08-13T05:36:44+00:00\",\"description\":\"LIPO 6 Diuretic on kiire toimega looduslik diureetikum, mis aitab eemaldada kehast liigset vett. See v\u00f5ib v\u00e4hendada puhitust ja parandada keha v\u00e4limust...\",\"breadcrumb\":{\"@id\":\"https:\\\/\\\/fit360.ee\\\/en\\\/pood\\\/product-groups\\\/fat-burners-en\\\/lipo-6-diuretic-80caps\\\/#breadcrumb\"},\"inLanguage\":\"en-US\",\"potentialAction\":[{\"@type\":\"ReadAction\",\"target\":[\"https:\\\/\\\/fit360.ee\\\/en\\\/pood\\\/product-groups\\\/fat-burners-en\\\/lipo-6-diuretic-80caps\\\/\"]}]},{\"@type\":\"ImageObject\",\"inLanguage\":\"en-US\",\"@id\":\"https:\\\/\\\/fit360.ee\\\/en\\\/pood\\\/product-groups\\\/fat-burners-en\\\/lipo-6-diuretic-80caps\\\/#primaryimage\",\"url\":\"https:\\\/\\\/fit360.ee\\\/wp-content\\\/uploads\\\/2024\\\/10\\\/lipo-6-diuretic-fit360.ee_.jpg\",\"contentUrl\":\"https:\\\/\\\/fit360.ee\\\/wp-content\\\/uploads\\\/2024\\\/10\\\/lipo-6-diuretic-fit360.ee_.jpg\",\"width\":1200,\"height\":1200,\"caption\":\"lipo 6 diuretic - fit360.ee\"},{\"@type\":\"BreadcrumbList\",\"@id\":\"https:\\\/\\\/fit360.ee\\\/en\\\/pood\\\/product-groups\\\/fat-burners-en\\\/lipo-6-diuretic-80caps\\\/#breadcrumb\",\"itemListElement\":[{\"@type\":\"ListItem\",\"position\":1,\"name\":\"Home\",\"item\":\"https:\\\/\\\/fit360.ee\\\/en\\\/\"},{\"@type\":\"ListItem\",\"position\":2,\"name\":\"Shop\",\"item\":\"https:\\\/\\\/fit360.ee\\\/en\\\/shop\\\/\"},{\"@type\":\"ListItem\",\"position\":3,\"name\":\"Lipo-6 Diuretic (80caps)\"}]},{\"@type\":\"WebSite\",\"@id\":\"https:\\\/\\\/fit360.ee\\\/en\\\/#website\",\"url\":\"https:\\\/\\\/fit360.ee\\\/en\\\/\",\"name\":\"Fit360\",\"description\":\"\",\"publisher\":{\"@id\":\"https:\\\/\\\/fit360.ee\\\/en\\\/#organization\"},\"potentialAction\":[{\"@type\":\"SearchAction\",\"target\":{\"@type\":\"EntryPoint\",\"urlTemplate\":\"https:\\\/\\\/fit360.ee\\\/en\\\/?s={search_term_string}\"},\"query-input\":{\"@type\":\"PropertyValueSpecification\",\"valueRequired\":true,\"valueName\":\"search_term_string\"}}],\"inLanguage\":\"en-US\"},{\"@type\":\"Organization\",\"@id\":\"https:\\\/\\\/fit360.ee\\\/en\\\/#organization\",\"name\":\"Fit360\",\"url\":\"https:\\\/\\\/fit360.ee\\\/en\\\/\",\"logo\":{\"@type\":\"ImageObject\",\"inLanguage\":\"en-US\",\"@id\":\"https:\\\/\\\/fit360.ee\\\/en\\\/#\\\/schema\\\/logo\\\/image\\\/\",\"url\":\"https:\\\/\\\/fit360.ee\\\/wp-content\\\/uploads\\\/2017\\\/01\\\/logo-fit360.png\",\"contentUrl\":\"https:\\\/\\\/fit360.ee\\\/wp-content\\\/uploads\\\/2017\\\/01\\\/logo-fit360.png\",\"width\":180,\"height\":66,\"caption\":\"Fit360\"},\"image\":{\"@id\":\"https:\\\/\\\/fit360.ee\\\/en\\\/#\\\/schema\\\/logo\\\/image\\\/\"}}]}<\/script>\n<!-- \/ Yoast SEO plugin. -->","yoast_head_json":{"title":"Lipo-6 Diuretic (80caps) - T\u00f5hus Rasvap\u00f5letus - V\u00e4ljutab kehast vett - Fit360","description":"LIPO 6 Diuretic on kiire toimega looduslik diureetikum, mis aitab eemaldada kehast liigset vett. See v\u00f5ib v\u00e4hendada puhitust ja parandada keha v\u00e4limust...","robots":{"index":"index","follow":"follow","max-snippet":"max-snippet:-1","max-image-preview":"max-image-preview:large","max-video-preview":"max-video-preview:-1"},"canonical":"https:\/\/fit360.ee\/en\/pood\/product-groups\/fat-burners-en\/lipo-6-diuretic-80caps\/","og_locale":"en_US","og_type":"article","og_title":"Lipo-6 Diuretic (80caps) - T\u00f5hus Rasvap\u00f5letus - V\u00e4ljutab kehast vett - Fit360","og_description":"LIPO 6 Diuretic on kiire toimega looduslik diureetikum, mis aitab eemaldada kehast liigset vett. See v\u00f5ib v\u00e4hendada puhitust ja parandada keha v\u00e4limust...","og_url":"https:\/\/fit360.ee\/en\/pood\/product-groups\/fat-burners-en\/lipo-6-diuretic-80caps\/","og_site_name":"Fit360","article_modified_time":"2025-08-13T05:36:44+00:00","og_image":[{"width":1200,"height":1200,"url":"https:\/\/fit360.ee\/wp-content\/uploads\/2024\/10\/lipo-6-diuretic-fit360.ee_.jpg","type":"image\/jpeg"}],"twitter_card":"summary_large_image","twitter_misc":{"Est. reading time":"2 minutes"},"schema":{"@context":"https:\/\/schema.org","@graph":[{"@type":"WebPage","@id":"https:\/\/fit360.ee\/en\/pood\/product-groups\/fat-burners-en\/lipo-6-diuretic-80caps\/","url":"https:\/\/fit360.ee\/en\/pood\/product-groups\/fat-burners-en\/lipo-6-diuretic-80caps\/","name":"Lipo-6 Diuretic (80caps) - T\u00f5hus Rasvap\u00f5letus - V\u00e4ljutab kehast vett - Fit360","isPartOf":{"@id":"https:\/\/fit360.ee\/en\/#website"},"primaryImageOfPage":{"@id":"https:\/\/fit360.ee\/en\/pood\/product-groups\/fat-burners-en\/lipo-6-diuretic-80caps\/#primaryimage"},"image":{"@id":"https:\/\/fit360.ee\/en\/pood\/product-groups\/fat-burners-en\/lipo-6-diuretic-80caps\/#primaryimage"},"thumbnailUrl":"https:\/\/fit360.ee\/wp-content\/uploads\/2024\/10\/lipo-6-diuretic-fit360.ee_.jpg","datePublished":"2024-10-10T09:42:33+00:00","dateModified":"2025-08-13T05:36:44+00:00","description":"LIPO 6 Diuretic on kiire toimega looduslik diureetikum, mis aitab eemaldada kehast liigset vett. See v\u00f5ib v\u00e4hendada puhitust ja parandada keha v\u00e4limust...","breadcrumb":{"@id":"https:\/\/fit360.ee\/en\/pood\/product-groups\/fat-burners-en\/lipo-6-diuretic-80caps\/#breadcrumb"},"inLanguage":"en-US","potentialAction":[{"@type":"ReadAction","target":["https:\/\/fit360.ee\/en\/pood\/product-groups\/fat-burners-en\/lipo-6-diuretic-80caps\/"]}]},{"@type":"ImageObject","inLanguage":"en-US","@id":"https:\/\/fit360.ee\/en\/pood\/product-groups\/fat-burners-en\/lipo-6-diuretic-80caps\/#primaryimage","url":"https:\/\/fit360.ee\/wp-content\/uploads\/2024\/10\/lipo-6-diuretic-fit360.ee_.jpg","contentUrl":"https:\/\/fit360.ee\/wp-content\/uploads\/2024\/10\/lipo-6-diuretic-fit360.ee_.jpg","width":1200,"height":1200,"caption":"lipo 6 diuretic - fit360.ee"},{"@type":"BreadcrumbList","@id":"https:\/\/fit360.ee\/en\/pood\/product-groups\/fat-burners-en\/lipo-6-diuretic-80caps\/#breadcrumb","itemListElement":[{"@type":"ListItem","position":1,"name":"Home","item":"https:\/\/fit360.ee\/en\/"},{"@type":"ListItem","position":2,"name":"Shop","item":"https:\/\/fit360.ee\/en\/shop\/"},{"@type":"ListItem","position":3,"name":"Lipo-6 Diuretic (80caps)"}]},{"@type":"WebSite","@id":"https:\/\/fit360.ee\/en\/#website","url":"https:\/\/fit360.ee\/en\/","name":"Fit360","description":"","publisher":{"@id":"https:\/\/fit360.ee\/en\/#organization"},"potentialAction":[{"@type":"SearchAction","target":{"@type":"EntryPoint","urlTemplate":"https:\/\/fit360.ee\/en\/?s={search_term_string}"},"query-input":{"@type":"PropertyValueSpecification","valueRequired":true,"valueName":"search_term_string"}}],"inLanguage":"en-US"},{"@type":"Organization","@id":"https:\/\/fit360.ee\/en\/#organization","name":"Fit360","url":"https:\/\/fit360.ee\/en\/","logo":{"@type":"ImageObject","inLanguage":"en-US","@id":"https:\/\/fit360.ee\/en\/#\/schema\/logo\/image\/","url":"https:\/\/fit360.ee\/wp-content\/uploads\/2017\/01\/logo-fit360.png","contentUrl":"https:\/\/fit360.ee\/wp-content\/uploads\/2017\/01\/logo-fit360.png","width":180,"height":66,"caption":"Fit360"},"image":{"@id":"https:\/\/fit360.ee\/en\/#\/schema\/logo\/image\/"}}]}},"_links":{"self":[{"href":"https:\/\/fit360.ee\/en\/wp-json\/wp\/v2\/product\/83462","targetHints":{"allow":["GET"]}}],"collection":[{"href":"https:\/\/fit360.ee\/en\/wp-json\/wp\/v2\/product"}],"about":[{"href":"https:\/\/fit360.ee\/en\/wp-json\/wp\/v2\/types\/product"}],"replies":[{"embeddable":true,"href":"https:\/\/fit360.ee\/en\/wp-json\/wp\/v2\/comments?post=83462"}],"wp:featuredmedia":[{"embeddable":true,"href":"https:\/\/fit360.ee\/en\/wp-json\/wp\/v2\/media\/83461"}],"wp:attachment":[{"href":"https:\/\/fit360.ee\/en\/wp-json\/wp\/v2\/media?parent=83462"}],"wp:term":[{"taxonomy":"product_brand","embeddable":true,"href":"https:\/\/fit360.ee\/en\/wp-json\/wp\/v2\/product_brand?post=83462"},{"taxonomy":"product_cat","embeddable":true,"href":"https:\/\/fit360.ee\/en\/wp-json\/wp\/v2\/product_cat?post=83462"},{"taxonomy":"product_tag","embeddable":true,"href":"https:\/\/fit360.ee\/en\/wp-json\/wp\/v2\/product_tag?post=83462"},{"taxonomy":"giftcard-category","embeddable":true,"href":"https:\/\/fit360.ee\/en\/wp-json\/wp\/v2\/giftcard-category?post=83462"}],"curies":[{"name":"wp","href":"https:\/\/api.w.org\/{rel}","templated":true}]}}