{"id":83468,"date":"2024-10-10T13:42:37","date_gmt":"2024-10-10T11:42:37","guid":{"rendered":"https:\/\/fit360.ee\/pood\/uncategorized\/vitamin-c-supreme-pure-500g\/"},"modified":"2026-01-21T16:49:20","modified_gmt":"2026-01-21T14:49:20","slug":"vitamin-c-supreme-pure-500g","status":"publish","type":"product","link":"https:\/\/fit360.ee\/en\/pood\/product-groups\/vitamins-and-minerals-en\/c-vitamin-en\/vitamin-c-supreme-pure-500g\/","title":{"rendered":"Vitamin C Supreme Pure (500g)"},"content":{"rendered":"<h2><strong>Ostrovit C Vitamiin<\/strong><\/h2>\n<p class=\"cm__text --bold\">OstroVit C-vitamiin on k\u00f5rgeima kvaliteediga toidulisand, L-askorbiinhappe allikas. Tegemist on pulbrina saadaoleva preparaadiga, mis sisaldab ainult \u00fchte ainet \u2013 ilma tarbetute lisa- ja t\u00e4iteaineteta. See on toode, mis on loodud f\u00fc\u00fcsiliselt aktiivsetele inimestele, kellel on suurenenud n\u00f5udlus C-vitamiini j\u00e4rele ja mis vastab tarbijate k\u00f5rgetele n\u00f5udmistele.<\/p>\n<ul class=\"cm__list\">\n<li><strong>C-vitamiini allikas<\/strong>\u00a0\u2013 \u00fcks toidulisandi portsjon sisaldab 1000 mg L-askorbiinhapet.<\/li>\n<li><strong>Lihtne koostis<\/strong>\u00a0\u2013 preparaat sisaldab ainult \u00fchte ainet, L-askorbiinhapet, ilma tarbetute lisa- ja t\u00e4iteaineteta.<\/li>\n<li><strong>Neutraalne maitse<\/strong>\u00a0, mis ei tekita preparaadi v\u00f5tmisel ebamugavust.<\/li>\n<li><strong>1 lusikas = 1 \u00fcks portsjon<\/strong>\u00a0.<\/li>\n<li><strong>T\u00f5husus<\/strong>\u00a0\u2013 tootepakend sisaldab 500 portsjonit toidulisandit.<\/li>\n<li><strong>Mugav vorm<\/strong>\u00a0\u2013 preparaat on saadaval pulbrina ja sobib suurep\u00e4raselt inimestele, kellel on raskusi tablettide neelamisega.<\/li>\n<\/ul>\n<h4 class=\"cm__heading\"><strong>OstroVit C-vitamiin \u2013 L-askorbiinhappe allikas<\/strong><\/h4>\n<p><strong>C-vitamiin<\/strong>\u00a0on orgaaniline keemiline \u00fchend, mis on vees lahustuv vitamiin. See on eksogeenne koostisaine, mida tuleb organismi varustada toiduga v\u00f5i toidulisandite kujul, sest organism ei suuda seda loomulikult s\u00fcnteesida.\u00a0<strong><a href=\"https:\/\/fit360.ee\/en\/product-category\/product-groups\/vitamins-and-minerals-en\/c-vitamin-en\/\" target=\"_blank\" rel=\"noopener\">C-vitamiini<\/a><\/strong>\u00a0leidub tavaliselt v\u00e4rsketes k\u00f6\u00f6giviljades ja puuviljades \u2013 koostisosa v\u00f5ib muu hulgas leida: paprikas, rooskapsas v\u00f5i nuikapsas, aga ka musts\u00f5stras, sidrunis v\u00f5i maasikas.<\/p>\n<p>Loomuliku maitsega OstroVit C-vitamiin on mugavas vormis toidulisand, mida iseloomustab suurep\u00e4rane biosaadavus, muutes selle v\u00e4\u00e4rtuslikuks L-askorbiinhappe allikaks.<\/p>\n<h4 class=\"cm__heading\"><strong>OstroVit C-vitamiini koostisainete omadused<\/strong><\/h4>\n<p><strong>C-vitamiin<\/strong>\u00a0toetab f\u00fc\u00fcsiliselt aktiivseid inimesi, sest see \u00fchend aitab s\u00e4ilitada immuuns\u00fcsteemi n\u00f5uetekohast toimimist intensiivse f\u00fc\u00fcsilise koormuse ajal ja p\u00e4rast seda. Lisaks toetab L-askorbiinhape kollageeni n\u00f5uetekohast tootmist, et tagada veresoonte, luude, k\u00f5hrede ja igemete, aga ka hammaste ja naha optimaalne funktsioneerimine. Aine aitab kaasa ka korraliku energiavahetuse ja n\u00e4rvis\u00fcsteemi n\u00f5uetekohase toimimise s\u00e4ilitamisele. C-vitamiin aitab v\u00e4hendada ka v\u00e4simus- ja kurnatustunnet ning veelgi enam, see toetab normaalsete ps\u00fchholoogiliste funktsioonide s\u00e4ilimist ja aitab kaitsta rakke oks\u00fcdatiivse stressi eest.<\/p>\n<p><strong>Koostisosad<\/strong>: L-askorbiinhape (C-vitamiin).<\/p>\n<p>Toode v\u00f5ib sisaldada piima (sh laktoosi), soja, maap\u00e4hkleid, muid p\u00e4hkleid, seesamiseemneid, gluteeni sisaldavaid teravilju, mune, v\u00e4hilaadseid, kala.<\/p>\n<p><strong>Kasutamine<\/strong>: Sega 1 g portsjon (1 lusikas) 100-150 ml vees v\u00f5i mahlas. Palun kasutage pakendis olevat m\u00f5\u00f5tetopsi (1 ml). \u00c4rge valage sellele kuuma vett. Soovitatav on tarbida 1 portsjon p\u00e4evas, eelistatavalt s\u00f6\u00f6gi ajal. Toode on m\u00f5eldud t\u00e4iskasvanutele.<\/p>\n<p><strong>Suurus<\/strong>: 500g<\/p>\n<table>\n<tbody>\n<tr>\n<th>Aktiivsed koostisained<\/th>\n<th>100 g kohta<\/th>\n<th>Portsjoni kohta<\/th>\n<th>% SPK*<\/th>\n<\/tr>\n<tr>\n<td>C-vitamiin<\/td>\n<td>100 g<\/td>\n<td>1000 mg<\/td>\n<td>1250%<\/td>\n<\/tr>\n<\/tbody>\n<\/table>\n<p>*SPK \u2013 Soovitatud P\u00e4evane kogus.<\/p>\n<p>Vaata ka meie Teisi Vitamiine\u00a0<a href=\"https:\/\/fit360.ee\/en\/product-category\/product-groups\/vitamins-and-minerals-en\/\"><strong>SIIT<\/strong>\u00a0<\/a>v\u00f5i C-Vitamiine\u00a0<a href=\"https:\/\/fit360.ee\/en\/product-category\/product-groups\/vitamins-and-minerals-en\/c-vitamin-en\/\"><strong>SIIT<\/strong><\/a>!<\/p>\n<p>Soovid kaupa osta suuremas koguses? Vaata antud toodet ka meie HULGI poest\u00a0<a href=\"https:\/\/toidulisandidhulgi.ee\/tooted\/vitamin-c-supreme-pure-500g\/\"><strong>SIIT<\/strong><\/a>!<\/p>\n","protected":false},"excerpt":{"rendered":"<ul>\n<li>Puhas vitamiin C pulber ilma igasuguste lisaaineteta.<\/li>\n<li>Lihtne lisada m\u00f5\u00f5dulusikaga toidule, smuutile v\u00f5i joogile<\/li>\n<li>Toetab immuuns\u00fcsteemi tugevdamist.<\/li>\n<li>Aitab kaitsta keharakke oks\u00fcdatiivse stressi eest.<\/li>\n<li>Aitab kaasa ainevahetuse toimimisele.<\/li>\n<\/ul>\n","protected":false},"featured_media":83467,"comment_status":"open","ping_status":"closed","template":"","meta":[],"product_brand":[],"product_cat":[5311,1911,5320,1329,536],"product_tag":[2177,3439,1924,2178],"giftcard-category":[],"class_list":{"0":"post-83468","1":"product","2":"type-product","3":"status-publish","4":"has-post-thumbnail","6":"product_cat-antioxidants-en","7":"product_cat-c-vitamin-en","8":"product_cat-for-immunity-en","9":"product_cat-ostrovit-en","10":"product_cat-vitamins-and-minerals-en","11":"product_tag-c-vitamiin-en","12":"product_tag-c-vitamiini-pulber-en","13":"product_tag-ostrovit-en","14":"product_tag-vitamiin-c-en","15":"pa_kogus-500g-en","16":"pa_toidulisand-branddd-ostrovit","17":"pa_tootegruppp-antioksudandid-en","18":"pa_tootegruppp-c-vitamiin-en","19":"pa_tootegruppp-immuunsusteem-en","20":"pa_tootegruppp-vitamins-and-minerals","22":"first","23":"instock","24":"sale","25":"taxable","26":"shipping-taxable","27":"purchasable","28":"product-type-simple"},"yoast_head":"<!-- This site is optimized with the Yoast SEO plugin v27.3 - https:\/\/yoast.com\/product\/yoast-seo-wordpress\/ -->\n<title>Vitamin C Supreme Pure (500g) - Puhas C Vitamiin - Kiire Tarne - Fit360<\/title>\n<meta name=\"description\" content=\"OstroVit C-vitamiin on k\u00f5rgeima kvaliteediga toidulisand, L-askorbiinhappe allikas. Tegemist on pulbrina saadaoleva preparaadiga, mis sisaldab ainult \u00fchte..\" \/>\n<meta name=\"robots\" content=\"index, follow, max-snippet:-1, max-image-preview:large, max-video-preview:-1\" \/>\n<link rel=\"canonical\" href=\"https:\/\/fit360.ee\/en\/pood\/product-groups\/vitamins-and-minerals-en\/c-vitamin-en\/vitamin-c-supreme-pure-500g\/\" \/>\n<meta property=\"og:locale\" content=\"en_US\" \/>\n<meta property=\"og:type\" content=\"article\" \/>\n<meta property=\"og:title\" content=\"Vitamin C Supreme Pure (500g) - Puhas C Vitamiin - Kiire Tarne - Fit360\" \/>\n<meta property=\"og:description\" content=\"OstroVit C-vitamiin on k\u00f5rgeima kvaliteediga toidulisand, L-askorbiinhappe allikas. Tegemist on pulbrina saadaoleva preparaadiga, mis sisaldab ainult \u00fchte..\" \/>\n<meta property=\"og:url\" content=\"https:\/\/fit360.ee\/en\/pood\/product-groups\/vitamins-and-minerals-en\/c-vitamin-en\/vitamin-c-supreme-pure-500g\/\" \/>\n<meta property=\"og:site_name\" content=\"Fit360\" \/>\n<meta property=\"article:modified_time\" content=\"2026-01-21T14:49:20+00:00\" \/>\n<meta property=\"og:image\" content=\"https:\/\/fit360.ee\/wp-content\/uploads\/2024\/10\/ostrovit-vitamiin-c-500g-fit360.ee-1.png\" \/>\n\t<meta property=\"og:image:width\" content=\"450\" \/>\n\t<meta property=\"og:image:height\" content=\"450\" \/>\n\t<meta property=\"og:image:type\" content=\"image\/png\" \/>\n<meta name=\"twitter:card\" content=\"summary_large_image\" \/>\n<meta name=\"twitter:label1\" content=\"Est. reading time\" \/>\n\t<meta name=\"twitter:data1\" content=\"3 minutes\" \/>\n<script type=\"application\/ld+json\" class=\"yoast-schema-graph\">{\"@context\":\"https:\\\/\\\/schema.org\",\"@graph\":[{\"@type\":\"WebPage\",\"@id\":\"https:\\\/\\\/fit360.ee\\\/en\\\/pood\\\/product-groups\\\/vitamins-and-minerals-en\\\/c-vitamin-en\\\/vitamin-c-supreme-pure-500g\\\/\",\"url\":\"https:\\\/\\\/fit360.ee\\\/en\\\/pood\\\/product-groups\\\/vitamins-and-minerals-en\\\/c-vitamin-en\\\/vitamin-c-supreme-pure-500g\\\/\",\"name\":\"Vitamin C Supreme Pure (500g) - Puhas C Vitamiin - Kiire Tarne - Fit360\",\"isPartOf\":{\"@id\":\"https:\\\/\\\/fit360.ee\\\/en\\\/#website\"},\"primaryImageOfPage\":{\"@id\":\"https:\\\/\\\/fit360.ee\\\/en\\\/pood\\\/product-groups\\\/vitamins-and-minerals-en\\\/c-vitamin-en\\\/vitamin-c-supreme-pure-500g\\\/#primaryimage\"},\"image\":{\"@id\":\"https:\\\/\\\/fit360.ee\\\/en\\\/pood\\\/product-groups\\\/vitamins-and-minerals-en\\\/c-vitamin-en\\\/vitamin-c-supreme-pure-500g\\\/#primaryimage\"},\"thumbnailUrl\":\"https:\\\/\\\/fit360.ee\\\/wp-content\\\/uploads\\\/2024\\\/10\\\/ostrovit-vitamiin-c-500g-fit360.ee-1.png\",\"datePublished\":\"2024-10-10T11:42:37+00:00\",\"dateModified\":\"2026-01-21T14:49:20+00:00\",\"description\":\"OstroVit C-vitamiin on k\u00f5rgeima kvaliteediga toidulisand, L-askorbiinhappe allikas. Tegemist on pulbrina saadaoleva preparaadiga, mis sisaldab ainult \u00fchte..\",\"breadcrumb\":{\"@id\":\"https:\\\/\\\/fit360.ee\\\/en\\\/pood\\\/product-groups\\\/vitamins-and-minerals-en\\\/c-vitamin-en\\\/vitamin-c-supreme-pure-500g\\\/#breadcrumb\"},\"inLanguage\":\"en-US\",\"potentialAction\":[{\"@type\":\"ReadAction\",\"target\":[\"https:\\\/\\\/fit360.ee\\\/en\\\/pood\\\/product-groups\\\/vitamins-and-minerals-en\\\/c-vitamin-en\\\/vitamin-c-supreme-pure-500g\\\/\"]}]},{\"@type\":\"ImageObject\",\"inLanguage\":\"en-US\",\"@id\":\"https:\\\/\\\/fit360.ee\\\/en\\\/pood\\\/product-groups\\\/vitamins-and-minerals-en\\\/c-vitamin-en\\\/vitamin-c-supreme-pure-500g\\\/#primaryimage\",\"url\":\"https:\\\/\\\/fit360.ee\\\/wp-content\\\/uploads\\\/2024\\\/10\\\/ostrovit-vitamiin-c-500g-fit360.ee-1.png\",\"contentUrl\":\"https:\\\/\\\/fit360.ee\\\/wp-content\\\/uploads\\\/2024\\\/10\\\/ostrovit-vitamiin-c-500g-fit360.ee-1.png\",\"width\":450,\"height\":450,\"caption\":\"ostrovit vitamiin c 500g - fit360.ee\"},{\"@type\":\"BreadcrumbList\",\"@id\":\"https:\\\/\\\/fit360.ee\\\/en\\\/pood\\\/product-groups\\\/vitamins-and-minerals-en\\\/c-vitamin-en\\\/vitamin-c-supreme-pure-500g\\\/#breadcrumb\",\"itemListElement\":[{\"@type\":\"ListItem\",\"position\":1,\"name\":\"Home\",\"item\":\"https:\\\/\\\/fit360.ee\\\/en\\\/\"},{\"@type\":\"ListItem\",\"position\":2,\"name\":\"Shop\",\"item\":\"https:\\\/\\\/fit360.ee\\\/en\\\/shop\\\/\"},{\"@type\":\"ListItem\",\"position\":3,\"name\":\"Vitamin C Supreme Pure (500g)\"}]},{\"@type\":\"WebSite\",\"@id\":\"https:\\\/\\\/fit360.ee\\\/en\\\/#website\",\"url\":\"https:\\\/\\\/fit360.ee\\\/en\\\/\",\"name\":\"Fit360\",\"description\":\"\",\"publisher\":{\"@id\":\"https:\\\/\\\/fit360.ee\\\/en\\\/#organization\"},\"potentialAction\":[{\"@type\":\"SearchAction\",\"target\":{\"@type\":\"EntryPoint\",\"urlTemplate\":\"https:\\\/\\\/fit360.ee\\\/en\\\/?s={search_term_string}\"},\"query-input\":{\"@type\":\"PropertyValueSpecification\",\"valueRequired\":true,\"valueName\":\"search_term_string\"}}],\"inLanguage\":\"en-US\"},{\"@type\":\"Organization\",\"@id\":\"https:\\\/\\\/fit360.ee\\\/en\\\/#organization\",\"name\":\"Fit360\",\"url\":\"https:\\\/\\\/fit360.ee\\\/en\\\/\",\"logo\":{\"@type\":\"ImageObject\",\"inLanguage\":\"en-US\",\"@id\":\"https:\\\/\\\/fit360.ee\\\/en\\\/#\\\/schema\\\/logo\\\/image\\\/\",\"url\":\"https:\\\/\\\/fit360.ee\\\/wp-content\\\/uploads\\\/2017\\\/01\\\/logo-fit360.png\",\"contentUrl\":\"https:\\\/\\\/fit360.ee\\\/wp-content\\\/uploads\\\/2017\\\/01\\\/logo-fit360.png\",\"width\":180,\"height\":66,\"caption\":\"Fit360\"},\"image\":{\"@id\":\"https:\\\/\\\/fit360.ee\\\/en\\\/#\\\/schema\\\/logo\\\/image\\\/\"}}]}<\/script>\n<!-- \/ Yoast SEO plugin. -->","yoast_head_json":{"title":"Vitamin C Supreme Pure (500g) - Puhas C Vitamiin - Kiire Tarne - Fit360","description":"OstroVit C-vitamiin on k\u00f5rgeima kvaliteediga toidulisand, L-askorbiinhappe allikas. Tegemist on pulbrina saadaoleva preparaadiga, mis sisaldab ainult \u00fchte..","robots":{"index":"index","follow":"follow","max-snippet":"max-snippet:-1","max-image-preview":"max-image-preview:large","max-video-preview":"max-video-preview:-1"},"canonical":"https:\/\/fit360.ee\/en\/pood\/product-groups\/vitamins-and-minerals-en\/c-vitamin-en\/vitamin-c-supreme-pure-500g\/","og_locale":"en_US","og_type":"article","og_title":"Vitamin C Supreme Pure (500g) - Puhas C Vitamiin - Kiire Tarne - Fit360","og_description":"OstroVit C-vitamiin on k\u00f5rgeima kvaliteediga toidulisand, L-askorbiinhappe allikas. Tegemist on pulbrina saadaoleva preparaadiga, mis sisaldab ainult \u00fchte..","og_url":"https:\/\/fit360.ee\/en\/pood\/product-groups\/vitamins-and-minerals-en\/c-vitamin-en\/vitamin-c-supreme-pure-500g\/","og_site_name":"Fit360","article_modified_time":"2026-01-21T14:49:20+00:00","og_image":[{"width":450,"height":450,"url":"https:\/\/fit360.ee\/wp-content\/uploads\/2024\/10\/ostrovit-vitamiin-c-500g-fit360.ee-1.png","type":"image\/png"}],"twitter_card":"summary_large_image","twitter_misc":{"Est. reading time":"3 minutes"},"schema":{"@context":"https:\/\/schema.org","@graph":[{"@type":"WebPage","@id":"https:\/\/fit360.ee\/en\/pood\/product-groups\/vitamins-and-minerals-en\/c-vitamin-en\/vitamin-c-supreme-pure-500g\/","url":"https:\/\/fit360.ee\/en\/pood\/product-groups\/vitamins-and-minerals-en\/c-vitamin-en\/vitamin-c-supreme-pure-500g\/","name":"Vitamin C Supreme Pure (500g) - Puhas C Vitamiin - Kiire Tarne - Fit360","isPartOf":{"@id":"https:\/\/fit360.ee\/en\/#website"},"primaryImageOfPage":{"@id":"https:\/\/fit360.ee\/en\/pood\/product-groups\/vitamins-and-minerals-en\/c-vitamin-en\/vitamin-c-supreme-pure-500g\/#primaryimage"},"image":{"@id":"https:\/\/fit360.ee\/en\/pood\/product-groups\/vitamins-and-minerals-en\/c-vitamin-en\/vitamin-c-supreme-pure-500g\/#primaryimage"},"thumbnailUrl":"https:\/\/fit360.ee\/wp-content\/uploads\/2024\/10\/ostrovit-vitamiin-c-500g-fit360.ee-1.png","datePublished":"2024-10-10T11:42:37+00:00","dateModified":"2026-01-21T14:49:20+00:00","description":"OstroVit C-vitamiin on k\u00f5rgeima kvaliteediga toidulisand, L-askorbiinhappe allikas. Tegemist on pulbrina saadaoleva preparaadiga, mis sisaldab ainult \u00fchte..","breadcrumb":{"@id":"https:\/\/fit360.ee\/en\/pood\/product-groups\/vitamins-and-minerals-en\/c-vitamin-en\/vitamin-c-supreme-pure-500g\/#breadcrumb"},"inLanguage":"en-US","potentialAction":[{"@type":"ReadAction","target":["https:\/\/fit360.ee\/en\/pood\/product-groups\/vitamins-and-minerals-en\/c-vitamin-en\/vitamin-c-supreme-pure-500g\/"]}]},{"@type":"ImageObject","inLanguage":"en-US","@id":"https:\/\/fit360.ee\/en\/pood\/product-groups\/vitamins-and-minerals-en\/c-vitamin-en\/vitamin-c-supreme-pure-500g\/#primaryimage","url":"https:\/\/fit360.ee\/wp-content\/uploads\/2024\/10\/ostrovit-vitamiin-c-500g-fit360.ee-1.png","contentUrl":"https:\/\/fit360.ee\/wp-content\/uploads\/2024\/10\/ostrovit-vitamiin-c-500g-fit360.ee-1.png","width":450,"height":450,"caption":"ostrovit vitamiin c 500g - fit360.ee"},{"@type":"BreadcrumbList","@id":"https:\/\/fit360.ee\/en\/pood\/product-groups\/vitamins-and-minerals-en\/c-vitamin-en\/vitamin-c-supreme-pure-500g\/#breadcrumb","itemListElement":[{"@type":"ListItem","position":1,"name":"Home","item":"https:\/\/fit360.ee\/en\/"},{"@type":"ListItem","position":2,"name":"Shop","item":"https:\/\/fit360.ee\/en\/shop\/"},{"@type":"ListItem","position":3,"name":"Vitamin C Supreme Pure (500g)"}]},{"@type":"WebSite","@id":"https:\/\/fit360.ee\/en\/#website","url":"https:\/\/fit360.ee\/en\/","name":"Fit360","description":"","publisher":{"@id":"https:\/\/fit360.ee\/en\/#organization"},"potentialAction":[{"@type":"SearchAction","target":{"@type":"EntryPoint","urlTemplate":"https:\/\/fit360.ee\/en\/?s={search_term_string}"},"query-input":{"@type":"PropertyValueSpecification","valueRequired":true,"valueName":"search_term_string"}}],"inLanguage":"en-US"},{"@type":"Organization","@id":"https:\/\/fit360.ee\/en\/#organization","name":"Fit360","url":"https:\/\/fit360.ee\/en\/","logo":{"@type":"ImageObject","inLanguage":"en-US","@id":"https:\/\/fit360.ee\/en\/#\/schema\/logo\/image\/","url":"https:\/\/fit360.ee\/wp-content\/uploads\/2017\/01\/logo-fit360.png","contentUrl":"https:\/\/fit360.ee\/wp-content\/uploads\/2017\/01\/logo-fit360.png","width":180,"height":66,"caption":"Fit360"},"image":{"@id":"https:\/\/fit360.ee\/en\/#\/schema\/logo\/image\/"}}]}},"_links":{"self":[{"href":"https:\/\/fit360.ee\/en\/wp-json\/wp\/v2\/product\/83468","targetHints":{"allow":["GET"]}}],"collection":[{"href":"https:\/\/fit360.ee\/en\/wp-json\/wp\/v2\/product"}],"about":[{"href":"https:\/\/fit360.ee\/en\/wp-json\/wp\/v2\/types\/product"}],"replies":[{"embeddable":true,"href":"https:\/\/fit360.ee\/en\/wp-json\/wp\/v2\/comments?post=83468"}],"wp:featuredmedia":[{"embeddable":true,"href":"https:\/\/fit360.ee\/en\/wp-json\/wp\/v2\/media\/83467"}],"wp:attachment":[{"href":"https:\/\/fit360.ee\/en\/wp-json\/wp\/v2\/media?parent=83468"}],"wp:term":[{"taxonomy":"product_brand","embeddable":true,"href":"https:\/\/fit360.ee\/en\/wp-json\/wp\/v2\/product_brand?post=83468"},{"taxonomy":"product_cat","embeddable":true,"href":"https:\/\/fit360.ee\/en\/wp-json\/wp\/v2\/product_cat?post=83468"},{"taxonomy":"product_tag","embeddable":true,"href":"https:\/\/fit360.ee\/en\/wp-json\/wp\/v2\/product_tag?post=83468"},{"taxonomy":"giftcard-category","embeddable":true,"href":"https:\/\/fit360.ee\/en\/wp-json\/wp\/v2\/giftcard-category?post=83468"}],"curies":[{"name":"wp","href":"https:\/\/api.w.org\/{rel}","templated":true}]}}