{"id":83473,"date":"2024-10-10T13:42:37","date_gmt":"2024-10-10T11:42:37","guid":{"rendered":"https:\/\/fit360.ee\/pood\/uncategorized\/vitamin-b1-thiamine-60caps\/"},"modified":"2025-08-13T07:35:32","modified_gmt":"2025-08-13T05:35:32","slug":"vitamin-b1-thiamine-60caps","status":"publish","type":"product","link":"https:\/\/fit360.ee\/en\/pood\/product-groups\/vitamins-and-minerals-en\/b-vitamin-en\/vitamin-b1-thiamine-60caps\/","title":{"rendered":"Vitamin B1 THIAMINE (60caps)"},"content":{"rendered":"<h2><strong>Vitamiin B1 Tiamiin<\/strong><\/h2>\n<p class=\"cm__text --bold\">OstroVit Vitamiin B1 Tiamiin on kvaliteetne toidulisand, mis on tiamiini allikas. See preparaat on saadaval kergesti neelatavate kapslite kujul, mis on loodud inimestele, kes soovivad t\u00e4iendada oma igap\u00e4evast toitumist v\u00e4\u00e4rtusliku mikroelemendiga.<\/p>\n<ul class=\"cm__list\">\n<li><strong>B1-vitamiini allikas<\/strong>\u00a0\u2013 \u00fcks toidulisandi portsjon annab kehale 100 mg tiamiini.<\/li>\n<li><strong>1 portsjon = 1 kapsel.<\/strong><\/li>\n<li><strong>Efektiivsus<\/strong>\u00a0\u2013 toote \u00fches pakendis on 60 portsjonit preparaati, millest piisab kahekuuliseks regulaarseks toidulisandiks.<\/li>\n<li><strong>Mugav vorm<\/strong>\u00a0&#8211; preparaat on saadaval kergesti neelatavate kapslitena, tagades toidulisandi t\u00f5rgeteta manustamise.<\/li>\n<\/ul>\n<h4 class=\"cm__heading\"><strong>OstroVit Vitamiin B1 Tiamiin \u2013 v\u00e4\u00e4rtuslik v\u00e4\u00e4rtuslike mikroelementide allikas<\/strong><\/h4>\n<p><strong>B1-vitamiin , tuntud ka kui tiamiin, on\u00a0<a href=\"https:\/\/fit360.ee\/en\/product-category\/product-groups\/vitamins-and-minerals-en\/b-vitamin-en\/\" target=\"_blank\" rel=\"noopener\">B-vitamiinide<\/a><\/strong>\u00a0hulka kuuluv vees lahustuv koostisosa\u00a0. See on \u00fchend, mida leidub paljudes \u00fcldiselt saadaolevates toiduainetes, kuid tasub meeles pidada, et tiamiini sisaldus toidus on suhteliselt madal. Looduslike B1-vitamiini allikate hulka kuuluvad sellised tooted nagu liha, kala, aga ka nisuidud, t\u00e4isteratooted ja kuivad kaunviljaseemned. OstroVit preparaadis kasutatakse tiamiinvesinikkloriidi, \u00fchendi keemiliselt saadavat vormi, mis m\u00f5jutab positiivselt toidulisandite kvaliteeti ja t\u00f5husust.<\/p>\n<h4 class=\"cm__heading\"><strong>OstroVit Vitamiin B1 tiamiinis sisalduvate koostisosade omadused<\/strong><\/h4>\n<p><strong>Tiamiin<\/strong>\u00a0aitab s\u00e4ilitada \u00f5iget energiavahetust ja samuti aitab kaasa n\u00e4rvis\u00fcsteemi \u00f5igele talitlusele. Lisaks toetab\u00a0<strong>B1-vitamiin<\/strong>\u00a0optimaalsete ps\u00fchholoogiliste funktsioonide s\u00e4ilitamist ja aitab kaasa s\u00fcdame n\u00f5uetekohasele toimimisele.<\/p>\n<p><strong>Koostisosad<\/strong>: Tiamiinvesinikkloriid (tiamiin), t\u00e4iteaine: h\u00fcdroks\u00fcprop\u00fc\u00fclmet\u00fc\u00fcltselluloos; inuliin.<\/p>\n<p><strong>Kasutamine<\/strong>: V\u00f5tke 1 portsjon (1 kapsel) p\u00e4evas. Toode on m\u00f5eldud t\u00e4iskasvanutele.<\/p>\n<p><strong>Suurus<\/strong>: 60 kapslit &#8211; 60 serveeringut<\/p>\n<table>\n<tbody>\n<tr>\n<th>ktiivsed koostisained<\/th>\n<th>Portsjoni kohta<\/th>\n<th>% SPK*<\/th>\n<\/tr>\n<tr>\n<td>Tiamiin<\/td>\n<td>100 mg<\/td>\n<td>9091%<\/td>\n<\/tr>\n<\/tbody>\n<\/table>\n<p>*SPK \u2013 Soovitatud p\u00e4evane kogus.<\/p>\n<p>Vaata ka meie teisi B grupi Vitamiine <a href=\"https:\/\/fit360.ee\/en\/product-category\/product-groups\/vitamins-and-minerals-en\/b-vitamin-en\/\"><strong>SIIT<\/strong><\/a>\u00a0v\u00f5i k\u00f5iki Vitamiine\/Mineraale <a href=\"https:\/\/fit360.ee\/en\/product-category\/product-groups\/vitamins-and-minerals-en\/\"><strong>SIIT<\/strong><\/a>!<\/p>\n<p>Soovid kaupa osta suuremas koguses? Vaata antud toodet ka meie HULGI poest\u00a0<a href=\"https:\/\/toidulisandidhulgi.ee\/tooted\/vitamin-b1-thiamine-60caps\/\"><strong>SIIT<\/strong><\/a>!<\/p>\n","protected":false},"excerpt":{"rendered":"<ul>\n<li>Efektiivsus<\/li>\n<li>Mugav vorm<\/li>\n<li>Puhas Tiamiini allikas<\/li>\n<li>Toetab ainevahetust<\/li>\n<li>Aitab kaasa n\u00e4rvis\u00fcsteemi \u00f5igele talitlusele<\/li>\n<\/ul>\n","protected":false},"featured_media":83472,"comment_status":"open","ping_status":"closed","template":"","meta":[],"product_brand":[],"product_cat":[2251,1329,536],"product_tag":[1924,5272,5273,5274],"giftcard-category":[],"class_list":{"0":"post-83473","1":"product","2":"type-product","3":"status-publish","4":"has-post-thumbnail","6":"product_cat-b-vitamin-en","7":"product_cat-ostrovit-en","8":"product_cat-vitamins-and-minerals-en","9":"product_tag-ostrovit-en","10":"product_tag-thiamine-en","11":"product_tag-tiamiin-en","12":"product_tag-vitamiin-b1-tiamiin-en","13":"pa_kogus-60-capsules","14":"pa_toidulisand-branddd-ostrovit","15":"pa_tootegruppp-b-vitamiin-en","16":"pa_tootegruppp-vitamins-and-minerals","18":"first","19":"outofstock","20":"sale","21":"taxable","22":"shipping-taxable","23":"purchasable","24":"product-type-simple"},"yoast_head":"<!-- This site is optimized with the Yoast SEO plugin v27.3 - https:\/\/yoast.com\/product\/yoast-seo-wordpress\/ -->\n<title>Vitamin B1 THIAMINE (60caps) - Tiamiin - Kiire Tarne - Parim Hind - Fit360<\/title>\n<meta name=\"description\" content=\"Vitamiin B1 Tiamiin on kvaliteetne toidulisand, mis on tiamiini allikas. See preparaat on saadaval kergesti neelatavate kapslite kujul, mis on loodud ini..\" \/>\n<meta name=\"robots\" content=\"index, follow, max-snippet:-1, max-image-preview:large, max-video-preview:-1\" \/>\n<link rel=\"canonical\" href=\"https:\/\/fit360.ee\/en\/pood\/product-groups\/vitamins-and-minerals-en\/b-vitamin-en\/vitamin-b1-thiamine-60caps\/\" \/>\n<meta property=\"og:locale\" content=\"en_US\" \/>\n<meta property=\"og:type\" content=\"article\" \/>\n<meta property=\"og:title\" content=\"Vitamin B1 THIAMINE (60caps) - Tiamiin - Kiire Tarne - Parim Hind - Fit360\" \/>\n<meta property=\"og:description\" content=\"Vitamiin B1 Tiamiin on kvaliteetne toidulisand, mis on tiamiini allikas. See preparaat on saadaval kergesti neelatavate kapslite kujul, mis on loodud ini..\" \/>\n<meta property=\"og:url\" content=\"https:\/\/fit360.ee\/en\/pood\/product-groups\/vitamins-and-minerals-en\/b-vitamin-en\/vitamin-b1-thiamine-60caps\/\" \/>\n<meta property=\"og:site_name\" content=\"Fit360\" \/>\n<meta property=\"article:modified_time\" content=\"2025-08-13T05:35:32+00:00\" \/>\n<meta property=\"og:image\" content=\"https:\/\/fit360.ee\/wp-content\/uploads\/2024\/10\/vitamiin-b1-tiamiin-fit360.ee-1.png\" \/>\n\t<meta property=\"og:image:width\" content=\"450\" \/>\n\t<meta property=\"og:image:height\" content=\"450\" \/>\n\t<meta property=\"og:image:type\" content=\"image\/png\" \/>\n<meta name=\"twitter:card\" content=\"summary_large_image\" \/>\n<meta name=\"twitter:label1\" content=\"Est. reading time\" \/>\n\t<meta name=\"twitter:data1\" content=\"2 minutes\" \/>\n<script type=\"application\/ld+json\" class=\"yoast-schema-graph\">{\"@context\":\"https:\\\/\\\/schema.org\",\"@graph\":[{\"@type\":\"WebPage\",\"@id\":\"https:\\\/\\\/fit360.ee\\\/en\\\/pood\\\/product-groups\\\/vitamins-and-minerals-en\\\/b-vitamin-en\\\/vitamin-b1-thiamine-60caps\\\/\",\"url\":\"https:\\\/\\\/fit360.ee\\\/en\\\/pood\\\/product-groups\\\/vitamins-and-minerals-en\\\/b-vitamin-en\\\/vitamin-b1-thiamine-60caps\\\/\",\"name\":\"Vitamin B1 THIAMINE (60caps) - Tiamiin - Kiire Tarne - Parim Hind - Fit360\",\"isPartOf\":{\"@id\":\"https:\\\/\\\/fit360.ee\\\/en\\\/#website\"},\"primaryImageOfPage\":{\"@id\":\"https:\\\/\\\/fit360.ee\\\/en\\\/pood\\\/product-groups\\\/vitamins-and-minerals-en\\\/b-vitamin-en\\\/vitamin-b1-thiamine-60caps\\\/#primaryimage\"},\"image\":{\"@id\":\"https:\\\/\\\/fit360.ee\\\/en\\\/pood\\\/product-groups\\\/vitamins-and-minerals-en\\\/b-vitamin-en\\\/vitamin-b1-thiamine-60caps\\\/#primaryimage\"},\"thumbnailUrl\":\"https:\\\/\\\/fit360.ee\\\/wp-content\\\/uploads\\\/2024\\\/10\\\/vitamiin-b1-tiamiin-fit360.ee-1.png\",\"datePublished\":\"2024-10-10T11:42:37+00:00\",\"dateModified\":\"2025-08-13T05:35:32+00:00\",\"description\":\"Vitamiin B1 Tiamiin on kvaliteetne toidulisand, mis on tiamiini allikas. See preparaat on saadaval kergesti neelatavate kapslite kujul, mis on loodud ini..\",\"breadcrumb\":{\"@id\":\"https:\\\/\\\/fit360.ee\\\/en\\\/pood\\\/product-groups\\\/vitamins-and-minerals-en\\\/b-vitamin-en\\\/vitamin-b1-thiamine-60caps\\\/#breadcrumb\"},\"inLanguage\":\"en-US\",\"potentialAction\":[{\"@type\":\"ReadAction\",\"target\":[\"https:\\\/\\\/fit360.ee\\\/en\\\/pood\\\/product-groups\\\/vitamins-and-minerals-en\\\/b-vitamin-en\\\/vitamin-b1-thiamine-60caps\\\/\"]}]},{\"@type\":\"ImageObject\",\"inLanguage\":\"en-US\",\"@id\":\"https:\\\/\\\/fit360.ee\\\/en\\\/pood\\\/product-groups\\\/vitamins-and-minerals-en\\\/b-vitamin-en\\\/vitamin-b1-thiamine-60caps\\\/#primaryimage\",\"url\":\"https:\\\/\\\/fit360.ee\\\/wp-content\\\/uploads\\\/2024\\\/10\\\/vitamiin-b1-tiamiin-fit360.ee-1.png\",\"contentUrl\":\"https:\\\/\\\/fit360.ee\\\/wp-content\\\/uploads\\\/2024\\\/10\\\/vitamiin-b1-tiamiin-fit360.ee-1.png\",\"width\":450,\"height\":450,\"caption\":\"vitamiin b1 tiamiin - fit360.ee\"},{\"@type\":\"BreadcrumbList\",\"@id\":\"https:\\\/\\\/fit360.ee\\\/en\\\/pood\\\/product-groups\\\/vitamins-and-minerals-en\\\/b-vitamin-en\\\/vitamin-b1-thiamine-60caps\\\/#breadcrumb\",\"itemListElement\":[{\"@type\":\"ListItem\",\"position\":1,\"name\":\"Home\",\"item\":\"https:\\\/\\\/fit360.ee\\\/en\\\/\"},{\"@type\":\"ListItem\",\"position\":2,\"name\":\"Shop\",\"item\":\"https:\\\/\\\/fit360.ee\\\/en\\\/shop\\\/\"},{\"@type\":\"ListItem\",\"position\":3,\"name\":\"Vitamin B1 THIAMINE (60caps)\"}]},{\"@type\":\"WebSite\",\"@id\":\"https:\\\/\\\/fit360.ee\\\/en\\\/#website\",\"url\":\"https:\\\/\\\/fit360.ee\\\/en\\\/\",\"name\":\"Fit360\",\"description\":\"\",\"publisher\":{\"@id\":\"https:\\\/\\\/fit360.ee\\\/en\\\/#organization\"},\"potentialAction\":[{\"@type\":\"SearchAction\",\"target\":{\"@type\":\"EntryPoint\",\"urlTemplate\":\"https:\\\/\\\/fit360.ee\\\/en\\\/?s={search_term_string}\"},\"query-input\":{\"@type\":\"PropertyValueSpecification\",\"valueRequired\":true,\"valueName\":\"search_term_string\"}}],\"inLanguage\":\"en-US\"},{\"@type\":\"Organization\",\"@id\":\"https:\\\/\\\/fit360.ee\\\/en\\\/#organization\",\"name\":\"Fit360\",\"url\":\"https:\\\/\\\/fit360.ee\\\/en\\\/\",\"logo\":{\"@type\":\"ImageObject\",\"inLanguage\":\"en-US\",\"@id\":\"https:\\\/\\\/fit360.ee\\\/en\\\/#\\\/schema\\\/logo\\\/image\\\/\",\"url\":\"https:\\\/\\\/fit360.ee\\\/wp-content\\\/uploads\\\/2017\\\/01\\\/logo-fit360.png\",\"contentUrl\":\"https:\\\/\\\/fit360.ee\\\/wp-content\\\/uploads\\\/2017\\\/01\\\/logo-fit360.png\",\"width\":180,\"height\":66,\"caption\":\"Fit360\"},\"image\":{\"@id\":\"https:\\\/\\\/fit360.ee\\\/en\\\/#\\\/schema\\\/logo\\\/image\\\/\"}}]}<\/script>\n<!-- \/ Yoast SEO plugin. -->","yoast_head_json":{"title":"Vitamin B1 THIAMINE (60caps) - Tiamiin - Kiire Tarne - Parim Hind - Fit360","description":"Vitamiin B1 Tiamiin on kvaliteetne toidulisand, mis on tiamiini allikas. See preparaat on saadaval kergesti neelatavate kapslite kujul, mis on loodud ini..","robots":{"index":"index","follow":"follow","max-snippet":"max-snippet:-1","max-image-preview":"max-image-preview:large","max-video-preview":"max-video-preview:-1"},"canonical":"https:\/\/fit360.ee\/en\/pood\/product-groups\/vitamins-and-minerals-en\/b-vitamin-en\/vitamin-b1-thiamine-60caps\/","og_locale":"en_US","og_type":"article","og_title":"Vitamin B1 THIAMINE (60caps) - Tiamiin - Kiire Tarne - Parim Hind - Fit360","og_description":"Vitamiin B1 Tiamiin on kvaliteetne toidulisand, mis on tiamiini allikas. See preparaat on saadaval kergesti neelatavate kapslite kujul, mis on loodud ini..","og_url":"https:\/\/fit360.ee\/en\/pood\/product-groups\/vitamins-and-minerals-en\/b-vitamin-en\/vitamin-b1-thiamine-60caps\/","og_site_name":"Fit360","article_modified_time":"2025-08-13T05:35:32+00:00","og_image":[{"width":450,"height":450,"url":"https:\/\/fit360.ee\/wp-content\/uploads\/2024\/10\/vitamiin-b1-tiamiin-fit360.ee-1.png","type":"image\/png"}],"twitter_card":"summary_large_image","twitter_misc":{"Est. reading time":"2 minutes"},"schema":{"@context":"https:\/\/schema.org","@graph":[{"@type":"WebPage","@id":"https:\/\/fit360.ee\/en\/pood\/product-groups\/vitamins-and-minerals-en\/b-vitamin-en\/vitamin-b1-thiamine-60caps\/","url":"https:\/\/fit360.ee\/en\/pood\/product-groups\/vitamins-and-minerals-en\/b-vitamin-en\/vitamin-b1-thiamine-60caps\/","name":"Vitamin B1 THIAMINE (60caps) - Tiamiin - Kiire Tarne - Parim Hind - Fit360","isPartOf":{"@id":"https:\/\/fit360.ee\/en\/#website"},"primaryImageOfPage":{"@id":"https:\/\/fit360.ee\/en\/pood\/product-groups\/vitamins-and-minerals-en\/b-vitamin-en\/vitamin-b1-thiamine-60caps\/#primaryimage"},"image":{"@id":"https:\/\/fit360.ee\/en\/pood\/product-groups\/vitamins-and-minerals-en\/b-vitamin-en\/vitamin-b1-thiamine-60caps\/#primaryimage"},"thumbnailUrl":"https:\/\/fit360.ee\/wp-content\/uploads\/2024\/10\/vitamiin-b1-tiamiin-fit360.ee-1.png","datePublished":"2024-10-10T11:42:37+00:00","dateModified":"2025-08-13T05:35:32+00:00","description":"Vitamiin B1 Tiamiin on kvaliteetne toidulisand, mis on tiamiini allikas. See preparaat on saadaval kergesti neelatavate kapslite kujul, mis on loodud ini..","breadcrumb":{"@id":"https:\/\/fit360.ee\/en\/pood\/product-groups\/vitamins-and-minerals-en\/b-vitamin-en\/vitamin-b1-thiamine-60caps\/#breadcrumb"},"inLanguage":"en-US","potentialAction":[{"@type":"ReadAction","target":["https:\/\/fit360.ee\/en\/pood\/product-groups\/vitamins-and-minerals-en\/b-vitamin-en\/vitamin-b1-thiamine-60caps\/"]}]},{"@type":"ImageObject","inLanguage":"en-US","@id":"https:\/\/fit360.ee\/en\/pood\/product-groups\/vitamins-and-minerals-en\/b-vitamin-en\/vitamin-b1-thiamine-60caps\/#primaryimage","url":"https:\/\/fit360.ee\/wp-content\/uploads\/2024\/10\/vitamiin-b1-tiamiin-fit360.ee-1.png","contentUrl":"https:\/\/fit360.ee\/wp-content\/uploads\/2024\/10\/vitamiin-b1-tiamiin-fit360.ee-1.png","width":450,"height":450,"caption":"vitamiin b1 tiamiin - fit360.ee"},{"@type":"BreadcrumbList","@id":"https:\/\/fit360.ee\/en\/pood\/product-groups\/vitamins-and-minerals-en\/b-vitamin-en\/vitamin-b1-thiamine-60caps\/#breadcrumb","itemListElement":[{"@type":"ListItem","position":1,"name":"Home","item":"https:\/\/fit360.ee\/en\/"},{"@type":"ListItem","position":2,"name":"Shop","item":"https:\/\/fit360.ee\/en\/shop\/"},{"@type":"ListItem","position":3,"name":"Vitamin B1 THIAMINE (60caps)"}]},{"@type":"WebSite","@id":"https:\/\/fit360.ee\/en\/#website","url":"https:\/\/fit360.ee\/en\/","name":"Fit360","description":"","publisher":{"@id":"https:\/\/fit360.ee\/en\/#organization"},"potentialAction":[{"@type":"SearchAction","target":{"@type":"EntryPoint","urlTemplate":"https:\/\/fit360.ee\/en\/?s={search_term_string}"},"query-input":{"@type":"PropertyValueSpecification","valueRequired":true,"valueName":"search_term_string"}}],"inLanguage":"en-US"},{"@type":"Organization","@id":"https:\/\/fit360.ee\/en\/#organization","name":"Fit360","url":"https:\/\/fit360.ee\/en\/","logo":{"@type":"ImageObject","inLanguage":"en-US","@id":"https:\/\/fit360.ee\/en\/#\/schema\/logo\/image\/","url":"https:\/\/fit360.ee\/wp-content\/uploads\/2017\/01\/logo-fit360.png","contentUrl":"https:\/\/fit360.ee\/wp-content\/uploads\/2017\/01\/logo-fit360.png","width":180,"height":66,"caption":"Fit360"},"image":{"@id":"https:\/\/fit360.ee\/en\/#\/schema\/logo\/image\/"}}]}},"_links":{"self":[{"href":"https:\/\/fit360.ee\/en\/wp-json\/wp\/v2\/product\/83473","targetHints":{"allow":["GET"]}}],"collection":[{"href":"https:\/\/fit360.ee\/en\/wp-json\/wp\/v2\/product"}],"about":[{"href":"https:\/\/fit360.ee\/en\/wp-json\/wp\/v2\/types\/product"}],"replies":[{"embeddable":true,"href":"https:\/\/fit360.ee\/en\/wp-json\/wp\/v2\/comments?post=83473"}],"wp:featuredmedia":[{"embeddable":true,"href":"https:\/\/fit360.ee\/en\/wp-json\/wp\/v2\/media\/83472"}],"wp:attachment":[{"href":"https:\/\/fit360.ee\/en\/wp-json\/wp\/v2\/media?parent=83473"}],"wp:term":[{"taxonomy":"product_brand","embeddable":true,"href":"https:\/\/fit360.ee\/en\/wp-json\/wp\/v2\/product_brand?post=83473"},{"taxonomy":"product_cat","embeddable":true,"href":"https:\/\/fit360.ee\/en\/wp-json\/wp\/v2\/product_cat?post=83473"},{"taxonomy":"product_tag","embeddable":true,"href":"https:\/\/fit360.ee\/en\/wp-json\/wp\/v2\/product_tag?post=83473"},{"taxonomy":"giftcard-category","embeddable":true,"href":"https:\/\/fit360.ee\/en\/wp-json\/wp\/v2\/giftcard-category?post=83473"}],"curies":[{"name":"wp","href":"https:\/\/api.w.org\/{rel}","templated":true}]}}