{"id":83478,"date":"2024-10-10T14:12:28","date_gmt":"2024-10-10T12:12:28","guid":{"rendered":"https:\/\/fit360.ee\/pood\/uncategorized\/ostrovit-cla-1000-mg-90-caps\/"},"modified":"2025-08-13T07:37:11","modified_gmt":"2025-08-13T05:37:11","slug":"ostrovit-cla-1000-mg-90-caps","status":"publish","type":"product","link":"https:\/\/fit360.ee\/en\/pood\/product-groups\/superfoods-health-foods-en\/cla-conjugated-linoleic-acid-en\/ostrovit-cla-1000-mg-90-caps\/","title":{"rendered":"OstroVit CLA 1000 mg (90caps)"},"content":{"rendered":"<h2><strong>CLA 1000 mg<\/strong><\/h2>\n<section class=\"cm__section\">\n<p class=\"cm__text --bold\">OstroVit CLA 1000 mg on kvaliteetne toidulisand, mis on konjugeeritud linoolhappe allikas. See preparaat on saadaval kergesti neelatavate kapslitena, mis on loodud sportlastele ja inimestele, kes hoolivad tervislikust ja ilusast v\u00e4limusest.<\/p>\n<section class=\"cm__stats\"><\/section>\n<ul class=\"cm__list\">\n<li><strong>CLA allikas<\/strong>\u00a0\u2013 \u00fcks toidulisandi portsjon annab kehale 1000 mg konjugeeritud linoolhappe et\u00fc\u00fclestrit, mis sisaldab 800 mg CLA-d.<\/li>\n<li><strong>1 portsjon = 1 kapsel.<\/strong><\/li>\n<li><strong>T\u00f5husus<\/strong>\u00a0\u2013 tootepakendis on 90 portsjonit preparaati.<\/li>\n<li><strong>Mugav vorm<\/strong>\u00a0&#8211; preparaat on saadaval kergesti neelatavate kapslitena, tagades toidulisandi t\u00f5rgeteta manustamise.<\/li>\n<\/ul>\n<h4 class=\"cm__heading\"><strong>OstroVit CLA 1000 mg \u2013 v\u00e4\u00e4rtusliku koostisosa v\u00e4\u00e4rtuslik allikas<\/strong><\/h4>\n<p class=\"cm__text\"><strong>CLA<\/strong>\u00a0\u2013 konjugeeritud linoolhape \u2013 loomset p\u00e4ritolu k\u00fcllastumata rasvhape, mille ahelas on 18 s\u00fcsinikuaatomit ja kaks konjugeeritud kaksiksidet. See erineb linoolhappest selle poolest, et selle kaksiksidemed on eraldatud ainult \u00fche \u00fcksiksidemega, mis on looduses harva esinev omadus.\u00a0<strong><a href=\"https:\/\/fit360.ee\/en\/product-category\/product-groups\/superfoods-health-foods-en\/cla-conjugated-linoleic-acid-en\/\" target=\"_blank\" rel=\"noopener\">CLA-hapet<\/a><\/strong>\u00a0tuleb organismi varustada v\u00e4ljastpoolt, sest organism ei ole suuteline looduslikult koostisainet s\u00fcnteesima \u2013 \u00fchendit saab organismi varustada muuhulgas toiduga. piima ja piimatoodetega, liha ja munadega, samuti toidulisandite kujul.<\/p>\n<p><strong>CLA<\/strong>\u00a0ehk Konjugeeritud linoolhape \u2013 toidulisand kaalulangetajatele ja treenivatele inimestele. Toeta tervislikku kehakaalu kontsentreeritud linoolhappe preparaadiga! Kui seda tarvitada paralleelselt tervisliku toitumise ja treeningprogrammiga, v\u00f5ib see aidata alandada keha rasvaprotsenti ning luua trimmis ja sportilikuma v\u00e4limuse. Kontsentreeritud linoolhape on saadud looduslikust v\u00e4rvohaka\u00f5list, mis on Omega-6 rasvhapete allikas. Aitab kaasa ka immuuns\u00fcsteemi tervise s\u00e4ilitamisele ning \u00fcle\u00fcldisele paremale enesetundele.<\/p>\n<\/section>\n<section class=\"cm__section\">\n<h4 class=\"cm__heading\"><strong>Laboratoorselt kinnitatud kvaliteet<\/strong><\/h4>\n<p class=\"cm__text --bold\">Klientide tervise p\u00e4rast muretsedes testitakse meie toodetud tooteid regulaarselt s\u00f5ltumatus akrediteeritud laboris, et tagada ja s\u00e4ilitada k\u00f5rgeim kvaliteet.<\/p>\n<p><strong>Koostisosad<\/strong>: Konjugeeritud linoolhappe CLA et\u00fc\u00fclester, kestakomponent: \u017eelatiin, niiskuses\u00e4ilitaja: gl\u00fctserool; vesi.<\/p>\n<p><strong>Kasutamine<\/strong>: Tarbi 1 portsjon (1 kapsel) 3 korda p\u00e4evas, eelistatavalt p\u00e4rast s\u00f6\u00f6ki.<\/p>\n<p><strong>Suurus:<\/strong> 90 kapslit<\/p>\n<section class=\"projector__description--nutritional row\" data-selector=\".--nutritional\">\n<div class=\"col-12 col-md-10 col-lg-8\">\n<div class=\"--nutrit\">\n<div class=\"nutrition_table_wrapper\">\n<div class=\"table_wrapper\">\n<table>\n<tbody>\n<tr>\n<th>ktiivsed koostisained<\/th>\n<th>Portsjoni kohta<\/th>\n<\/tr>\n<tr>\n<td>Konjugeeritud linoolhappe CLA et\u00fc\u00fclester:<\/td>\n<td colspan=\"2\">\u00a01000 mg<\/td>\n<\/tr>\n<tr class=\"sub\">\n<td>&#8211; sealhulgas CLA (80%)<\/td>\n<td colspan=\"2\">\u00a0800 mg<\/td>\n<\/tr>\n<\/tbody>\n<\/table>\n<p>Vaata ka meie Teisi Rasvap\u00f5letajaid <a href=\"https:\/\/fit360.ee\/en\/product-category\/product-groups\/fat-burners-en\/\"><strong>SIIT<\/strong><\/a> v\u00f5i CLA tooteid <a href=\"https:\/\/fit360.ee\/en\/product-category\/product-groups\/superfoods-health-foods-en\/cla-conjugated-linoleic-acid-en\/\"><strong>SIIT<\/strong><\/a>!<\/p>\n<p>Soovid kaupa osta suuremas koguses? Vaata antud toodet ka meie HULGI poest\u00a0<a href=\"https:\/\/toidulisandidhulgi.ee\/tooted\/ostrovit-cla-1000-mg-90-caps\/\"><strong>SIIT<\/strong><\/a>!<\/p>\n<\/div>\n<\/div>\n<\/div>\n<\/div>\n<\/section>\n<\/section>\n","protected":false},"excerpt":{"rendered":"<ul>\n<li>Aitab s\u00e4ilitada lihasmassi<\/li>\n<li>T\u00f5hus rasvap\u00f5letaja<\/li>\n<li>V\u00f5ib v\u00f5tta aastaringselt ilma puhkeperioodideta<\/li>\n<\/ul>\n","protected":false},"featured_media":83476,"comment_status":"open","ping_status":"closed","template":"","meta":[],"product_brand":[],"product_cat":[2367,525,530,1329,2408,1454],"product_tag":[2102,2103,1924],"giftcard-category":[],"class_list":{"0":"post-83478","1":"product","2":"type-product","3":"status-publish","4":"has-post-thumbnail","6":"product_cat-cla-conjugated-linoleic-acid-en","7":"product_cat-essential-fats-en","8":"product_cat-fat-burners-en","9":"product_cat-ostrovit-en","10":"product_cat-stimulant-free-fat-burners-en","11":"product_cat-superfoods-health-foods-en","12":"product_tag-cla-en","13":"product_tag-konjugeeritud-linoolhape-en","14":"product_tag-ostrovit-en","15":"pa_kogus-90-capsules","16":"pa_toidulisand-branddd-ostrovit","17":"pa_tootegruppp-cla-konjugeeritud-linoolhape-en","18":"pa_tootegruppp-stimulandivaba-en","19":"pa_tootegruppp-supertoit-tervisetoit-en","20":"pa_tootegruppp-useful-fatty-acids","21":"pa_tootegruppp-weight-loss","23":"first","24":"instock","25":"sale","26":"taxable","27":"shipping-taxable","28":"purchasable","29":"product-type-simple"},"yoast_head":"<!-- This site is optimized with the Yoast SEO plugin v27.3 - https:\/\/yoast.com\/product\/yoast-seo-wordpress\/ -->\n<title>OstroVit CLA 1000 mg (90caps) - Konjugeeritud Linoolhape - Puhas - Fit360<\/title>\n<meta name=\"description\" content=\"OstroVit CLA 1000 mg on kvaliteetne toidulisand, mis on konjugeeritud linoolhappe allikas. See preparaat on saadaval kergesti neelatavate kapslitena, mis...\" \/>\n<meta name=\"robots\" content=\"index, follow, max-snippet:-1, max-image-preview:large, max-video-preview:-1\" \/>\n<link rel=\"canonical\" href=\"https:\/\/fit360.ee\/en\/pood\/product-groups\/superfoods-health-foods-en\/cla-conjugated-linoleic-acid-en\/ostrovit-cla-1000-mg-90-caps\/\" \/>\n<meta property=\"og:locale\" content=\"en_US\" \/>\n<meta property=\"og:type\" content=\"article\" \/>\n<meta property=\"og:title\" content=\"OstroVit CLA 1000 mg (90caps) - Konjugeeritud Linoolhape - Puhas - Fit360\" \/>\n<meta property=\"og:description\" content=\"OstroVit CLA 1000 mg on kvaliteetne toidulisand, mis on konjugeeritud linoolhappe allikas. See preparaat on saadaval kergesti neelatavate kapslitena, mis...\" \/>\n<meta property=\"og:url\" content=\"https:\/\/fit360.ee\/en\/pood\/product-groups\/superfoods-health-foods-en\/cla-conjugated-linoleic-acid-en\/ostrovit-cla-1000-mg-90-caps\/\" \/>\n<meta property=\"og:site_name\" content=\"Fit360\" \/>\n<meta property=\"article:modified_time\" content=\"2025-08-13T05:37:11+00:00\" \/>\n<meta property=\"og:image\" content=\"https:\/\/fit360.ee\/wp-content\/uploads\/2024\/10\/ostrovit-CLA-fit360.ee-1.png\" \/>\n\t<meta property=\"og:image:width\" content=\"450\" \/>\n\t<meta property=\"og:image:height\" content=\"450\" \/>\n\t<meta property=\"og:image:type\" content=\"image\/png\" \/>\n<meta name=\"twitter:card\" content=\"summary_large_image\" \/>\n<meta name=\"twitter:label1\" content=\"Est. reading time\" \/>\n\t<meta name=\"twitter:data1\" content=\"2 minutes\" \/>\n<script type=\"application\/ld+json\" class=\"yoast-schema-graph\">{\"@context\":\"https:\\\/\\\/schema.org\",\"@graph\":[{\"@type\":\"WebPage\",\"@id\":\"https:\\\/\\\/fit360.ee\\\/en\\\/pood\\\/product-groups\\\/superfoods-health-foods-en\\\/cla-conjugated-linoleic-acid-en\\\/ostrovit-cla-1000-mg-90-caps\\\/\",\"url\":\"https:\\\/\\\/fit360.ee\\\/en\\\/pood\\\/product-groups\\\/superfoods-health-foods-en\\\/cla-conjugated-linoleic-acid-en\\\/ostrovit-cla-1000-mg-90-caps\\\/\",\"name\":\"OstroVit CLA 1000 mg (90caps) - Konjugeeritud Linoolhape - Puhas - Fit360\",\"isPartOf\":{\"@id\":\"https:\\\/\\\/fit360.ee\\\/en\\\/#website\"},\"primaryImageOfPage\":{\"@id\":\"https:\\\/\\\/fit360.ee\\\/en\\\/pood\\\/product-groups\\\/superfoods-health-foods-en\\\/cla-conjugated-linoleic-acid-en\\\/ostrovit-cla-1000-mg-90-caps\\\/#primaryimage\"},\"image\":{\"@id\":\"https:\\\/\\\/fit360.ee\\\/en\\\/pood\\\/product-groups\\\/superfoods-health-foods-en\\\/cla-conjugated-linoleic-acid-en\\\/ostrovit-cla-1000-mg-90-caps\\\/#primaryimage\"},\"thumbnailUrl\":\"https:\\\/\\\/fit360.ee\\\/wp-content\\\/uploads\\\/2024\\\/10\\\/ostrovit-CLA-fit360.ee-1.png\",\"datePublished\":\"2024-10-10T12:12:28+00:00\",\"dateModified\":\"2025-08-13T05:37:11+00:00\",\"description\":\"OstroVit CLA 1000 mg on kvaliteetne toidulisand, mis on konjugeeritud linoolhappe allikas. See preparaat on saadaval kergesti neelatavate kapslitena, mis...\",\"breadcrumb\":{\"@id\":\"https:\\\/\\\/fit360.ee\\\/en\\\/pood\\\/product-groups\\\/superfoods-health-foods-en\\\/cla-conjugated-linoleic-acid-en\\\/ostrovit-cla-1000-mg-90-caps\\\/#breadcrumb\"},\"inLanguage\":\"en-US\",\"potentialAction\":[{\"@type\":\"ReadAction\",\"target\":[\"https:\\\/\\\/fit360.ee\\\/en\\\/pood\\\/product-groups\\\/superfoods-health-foods-en\\\/cla-conjugated-linoleic-acid-en\\\/ostrovit-cla-1000-mg-90-caps\\\/\"]}]},{\"@type\":\"ImageObject\",\"inLanguage\":\"en-US\",\"@id\":\"https:\\\/\\\/fit360.ee\\\/en\\\/pood\\\/product-groups\\\/superfoods-health-foods-en\\\/cla-conjugated-linoleic-acid-en\\\/ostrovit-cla-1000-mg-90-caps\\\/#primaryimage\",\"url\":\"https:\\\/\\\/fit360.ee\\\/wp-content\\\/uploads\\\/2024\\\/10\\\/ostrovit-CLA-fit360.ee-1.png\",\"contentUrl\":\"https:\\\/\\\/fit360.ee\\\/wp-content\\\/uploads\\\/2024\\\/10\\\/ostrovit-CLA-fit360.ee-1.png\",\"width\":450,\"height\":450,\"caption\":\"ostrovit CLA - fit360.ee\"},{\"@type\":\"BreadcrumbList\",\"@id\":\"https:\\\/\\\/fit360.ee\\\/en\\\/pood\\\/product-groups\\\/superfoods-health-foods-en\\\/cla-conjugated-linoleic-acid-en\\\/ostrovit-cla-1000-mg-90-caps\\\/#breadcrumb\",\"itemListElement\":[{\"@type\":\"ListItem\",\"position\":1,\"name\":\"Home\",\"item\":\"https:\\\/\\\/fit360.ee\\\/en\\\/\"},{\"@type\":\"ListItem\",\"position\":2,\"name\":\"Shop\",\"item\":\"https:\\\/\\\/fit360.ee\\\/en\\\/shop\\\/\"},{\"@type\":\"ListItem\",\"position\":3,\"name\":\"OstroVit CLA 1000 mg (90caps)\"}]},{\"@type\":\"WebSite\",\"@id\":\"https:\\\/\\\/fit360.ee\\\/en\\\/#website\",\"url\":\"https:\\\/\\\/fit360.ee\\\/en\\\/\",\"name\":\"Fit360\",\"description\":\"\",\"publisher\":{\"@id\":\"https:\\\/\\\/fit360.ee\\\/en\\\/#organization\"},\"potentialAction\":[{\"@type\":\"SearchAction\",\"target\":{\"@type\":\"EntryPoint\",\"urlTemplate\":\"https:\\\/\\\/fit360.ee\\\/en\\\/?s={search_term_string}\"},\"query-input\":{\"@type\":\"PropertyValueSpecification\",\"valueRequired\":true,\"valueName\":\"search_term_string\"}}],\"inLanguage\":\"en-US\"},{\"@type\":\"Organization\",\"@id\":\"https:\\\/\\\/fit360.ee\\\/en\\\/#organization\",\"name\":\"Fit360\",\"url\":\"https:\\\/\\\/fit360.ee\\\/en\\\/\",\"logo\":{\"@type\":\"ImageObject\",\"inLanguage\":\"en-US\",\"@id\":\"https:\\\/\\\/fit360.ee\\\/en\\\/#\\\/schema\\\/logo\\\/image\\\/\",\"url\":\"https:\\\/\\\/fit360.ee\\\/wp-content\\\/uploads\\\/2017\\\/01\\\/logo-fit360.png\",\"contentUrl\":\"https:\\\/\\\/fit360.ee\\\/wp-content\\\/uploads\\\/2017\\\/01\\\/logo-fit360.png\",\"width\":180,\"height\":66,\"caption\":\"Fit360\"},\"image\":{\"@id\":\"https:\\\/\\\/fit360.ee\\\/en\\\/#\\\/schema\\\/logo\\\/image\\\/\"}}]}<\/script>\n<!-- \/ Yoast SEO plugin. -->","yoast_head_json":{"title":"OstroVit CLA 1000 mg (90caps) - Konjugeeritud Linoolhape - Puhas - Fit360","description":"OstroVit CLA 1000 mg on kvaliteetne toidulisand, mis on konjugeeritud linoolhappe allikas. See preparaat on saadaval kergesti neelatavate kapslitena, mis...","robots":{"index":"index","follow":"follow","max-snippet":"max-snippet:-1","max-image-preview":"max-image-preview:large","max-video-preview":"max-video-preview:-1"},"canonical":"https:\/\/fit360.ee\/en\/pood\/product-groups\/superfoods-health-foods-en\/cla-conjugated-linoleic-acid-en\/ostrovit-cla-1000-mg-90-caps\/","og_locale":"en_US","og_type":"article","og_title":"OstroVit CLA 1000 mg (90caps) - Konjugeeritud Linoolhape - Puhas - Fit360","og_description":"OstroVit CLA 1000 mg on kvaliteetne toidulisand, mis on konjugeeritud linoolhappe allikas. See preparaat on saadaval kergesti neelatavate kapslitena, mis...","og_url":"https:\/\/fit360.ee\/en\/pood\/product-groups\/superfoods-health-foods-en\/cla-conjugated-linoleic-acid-en\/ostrovit-cla-1000-mg-90-caps\/","og_site_name":"Fit360","article_modified_time":"2025-08-13T05:37:11+00:00","og_image":[{"width":450,"height":450,"url":"https:\/\/fit360.ee\/wp-content\/uploads\/2024\/10\/ostrovit-CLA-fit360.ee-1.png","type":"image\/png"}],"twitter_card":"summary_large_image","twitter_misc":{"Est. reading time":"2 minutes"},"schema":{"@context":"https:\/\/schema.org","@graph":[{"@type":"WebPage","@id":"https:\/\/fit360.ee\/en\/pood\/product-groups\/superfoods-health-foods-en\/cla-conjugated-linoleic-acid-en\/ostrovit-cla-1000-mg-90-caps\/","url":"https:\/\/fit360.ee\/en\/pood\/product-groups\/superfoods-health-foods-en\/cla-conjugated-linoleic-acid-en\/ostrovit-cla-1000-mg-90-caps\/","name":"OstroVit CLA 1000 mg (90caps) - Konjugeeritud Linoolhape - Puhas - Fit360","isPartOf":{"@id":"https:\/\/fit360.ee\/en\/#website"},"primaryImageOfPage":{"@id":"https:\/\/fit360.ee\/en\/pood\/product-groups\/superfoods-health-foods-en\/cla-conjugated-linoleic-acid-en\/ostrovit-cla-1000-mg-90-caps\/#primaryimage"},"image":{"@id":"https:\/\/fit360.ee\/en\/pood\/product-groups\/superfoods-health-foods-en\/cla-conjugated-linoleic-acid-en\/ostrovit-cla-1000-mg-90-caps\/#primaryimage"},"thumbnailUrl":"https:\/\/fit360.ee\/wp-content\/uploads\/2024\/10\/ostrovit-CLA-fit360.ee-1.png","datePublished":"2024-10-10T12:12:28+00:00","dateModified":"2025-08-13T05:37:11+00:00","description":"OstroVit CLA 1000 mg on kvaliteetne toidulisand, mis on konjugeeritud linoolhappe allikas. See preparaat on saadaval kergesti neelatavate kapslitena, mis...","breadcrumb":{"@id":"https:\/\/fit360.ee\/en\/pood\/product-groups\/superfoods-health-foods-en\/cla-conjugated-linoleic-acid-en\/ostrovit-cla-1000-mg-90-caps\/#breadcrumb"},"inLanguage":"en-US","potentialAction":[{"@type":"ReadAction","target":["https:\/\/fit360.ee\/en\/pood\/product-groups\/superfoods-health-foods-en\/cla-conjugated-linoleic-acid-en\/ostrovit-cla-1000-mg-90-caps\/"]}]},{"@type":"ImageObject","inLanguage":"en-US","@id":"https:\/\/fit360.ee\/en\/pood\/product-groups\/superfoods-health-foods-en\/cla-conjugated-linoleic-acid-en\/ostrovit-cla-1000-mg-90-caps\/#primaryimage","url":"https:\/\/fit360.ee\/wp-content\/uploads\/2024\/10\/ostrovit-CLA-fit360.ee-1.png","contentUrl":"https:\/\/fit360.ee\/wp-content\/uploads\/2024\/10\/ostrovit-CLA-fit360.ee-1.png","width":450,"height":450,"caption":"ostrovit CLA - fit360.ee"},{"@type":"BreadcrumbList","@id":"https:\/\/fit360.ee\/en\/pood\/product-groups\/superfoods-health-foods-en\/cla-conjugated-linoleic-acid-en\/ostrovit-cla-1000-mg-90-caps\/#breadcrumb","itemListElement":[{"@type":"ListItem","position":1,"name":"Home","item":"https:\/\/fit360.ee\/en\/"},{"@type":"ListItem","position":2,"name":"Shop","item":"https:\/\/fit360.ee\/en\/shop\/"},{"@type":"ListItem","position":3,"name":"OstroVit CLA 1000 mg (90caps)"}]},{"@type":"WebSite","@id":"https:\/\/fit360.ee\/en\/#website","url":"https:\/\/fit360.ee\/en\/","name":"Fit360","description":"","publisher":{"@id":"https:\/\/fit360.ee\/en\/#organization"},"potentialAction":[{"@type":"SearchAction","target":{"@type":"EntryPoint","urlTemplate":"https:\/\/fit360.ee\/en\/?s={search_term_string}"},"query-input":{"@type":"PropertyValueSpecification","valueRequired":true,"valueName":"search_term_string"}}],"inLanguage":"en-US"},{"@type":"Organization","@id":"https:\/\/fit360.ee\/en\/#organization","name":"Fit360","url":"https:\/\/fit360.ee\/en\/","logo":{"@type":"ImageObject","inLanguage":"en-US","@id":"https:\/\/fit360.ee\/en\/#\/schema\/logo\/image\/","url":"https:\/\/fit360.ee\/wp-content\/uploads\/2017\/01\/logo-fit360.png","contentUrl":"https:\/\/fit360.ee\/wp-content\/uploads\/2017\/01\/logo-fit360.png","width":180,"height":66,"caption":"Fit360"},"image":{"@id":"https:\/\/fit360.ee\/en\/#\/schema\/logo\/image\/"}}]}},"_links":{"self":[{"href":"https:\/\/fit360.ee\/en\/wp-json\/wp\/v2\/product\/83478","targetHints":{"allow":["GET"]}}],"collection":[{"href":"https:\/\/fit360.ee\/en\/wp-json\/wp\/v2\/product"}],"about":[{"href":"https:\/\/fit360.ee\/en\/wp-json\/wp\/v2\/types\/product"}],"replies":[{"embeddable":true,"href":"https:\/\/fit360.ee\/en\/wp-json\/wp\/v2\/comments?post=83478"}],"wp:featuredmedia":[{"embeddable":true,"href":"https:\/\/fit360.ee\/en\/wp-json\/wp\/v2\/media\/83476"}],"wp:attachment":[{"href":"https:\/\/fit360.ee\/en\/wp-json\/wp\/v2\/media?parent=83478"}],"wp:term":[{"taxonomy":"product_brand","embeddable":true,"href":"https:\/\/fit360.ee\/en\/wp-json\/wp\/v2\/product_brand?post=83478"},{"taxonomy":"product_cat","embeddable":true,"href":"https:\/\/fit360.ee\/en\/wp-json\/wp\/v2\/product_cat?post=83478"},{"taxonomy":"product_tag","embeddable":true,"href":"https:\/\/fit360.ee\/en\/wp-json\/wp\/v2\/product_tag?post=83478"},{"taxonomy":"giftcard-category","embeddable":true,"href":"https:\/\/fit360.ee\/en\/wp-json\/wp\/v2\/giftcard-category?post=83478"}],"curies":[{"name":"wp","href":"https:\/\/api.w.org\/{rel}","templated":true}]}}