{"id":83518,"date":"2024-10-13T09:48:28","date_gmt":"2024-10-13T07:48:28","guid":{"rendered":"https:\/\/fit360.ee\/pood\/uncategorized\/ghost-bcaa-30-servings\/"},"modified":"2025-08-13T07:37:33","modified_gmt":"2025-08-13T05:37:33","slug":"ghost-bcaa-30-servings","status":"publish","type":"product","link":"https:\/\/fit360.ee\/en\/pood\/product-groups\/amino-acids-bcaa\/bcaa-en\/ghost-bcaa-30-servings\/","title":{"rendered":"Ghost BCAA (30 servings)"},"content":{"rendered":"<h2><strong>Ghost BCAA<\/strong><\/h2>\n<p>Ghost BCAA on BCAA oma parimas vormis. <a href=\"https:\/\/fit360.ee\/en\/product-category\/product-groups\/amino-acids-bcaa\/bcaa-en\/\"><strong>BCAA-d<\/strong><\/a> ehk hargnenud ahelaga aminohapped on asendamatud aminohapped, mis soodustavad lihaste taastumist ja suurendavad lihaskasvu, samuti v\u00e4hendavad treeninguaegset v\u00e4simust ja v\u00e4hendavad lihasvalusid.<\/p>\n<p>See koostis annab massi kohta 6-grammise annuse 2: 1: 1 BCAA-sid (3000 mg leutsiini, 1500 mg isoleutsiini ja 1500 mg valiini) k\u00fchvli kohta. Lisatud AstraGin aitab parandada teie keha v\u00f5imet omastada peamisi aminohappeid, valke ja gl\u00fckoosi &#8211; see tagab, et saate Ghost BCAA igast kulbist maksimaalset kasu.<\/p>\n<p>Kuigi traditsiooniliselt v\u00f5etakse seda treeningu v\u00f5i intensiivse treeningu ajal, saab Ghost BCAA-d nautida \u00f6\u00f6p\u00e4evaringselt kui fenomenaalset sooritusv\u00f5imalust alternatiivina magusatele spordijookidele v\u00f5i mahladele.<\/p>\n<p>BCAA-de p\u00f5hikomponent on leutsiin. Vajadus selle j\u00e4rele on alati suurem, kuna treeningu ajal on selle varud otsas.\u00a0<strong>Leutsiin<\/strong>\u00a0vastutab kataboolsete, anaboolsete ja energeetiliste funktsioonide eest. Uuringud kinnitavad ka seda, et leutsiin aitab kaasa lihaste kiiremale kasvule ja rasvade oks\u00fcdeerumisele.<br \/>\nIsoleutsiin vastutab valgus\u00fcnteesi eest organismis. Samuti normaliseerib isoleutsiini v\u00f5tmine toidus vere gl\u00fckoosisisaldust ja serotoniini tootmist.<br \/>\nValiin on oluline kesk- ja autonoomse n\u00e4rvis\u00fcsteemi jaoks. Selle olemasolu on eriti v\u00e4\u00e4rtuslik regulaarsete raskete treeningute tingimustes. Valiin on oluline ka kognitiivse j\u00f5udluse seisukohalt ja sellel on antidepressandid<\/p>\n<h4><strong>Aminohapped ja BCAA<\/strong><\/h4>\n<ul>\n<li>Edendab treeningute ajal vastupidavust<\/li>\n<li>V\u00e4hendab lihaste v\u00e4simust ja valulikkust<\/li>\n<li>Toetab lihaste taastumist ja kasvu<\/li>\n<li>Maailma \u00fcks populaarsemaid BCAA-sid<\/li>\n<\/ul>\n<p><strong>Muud koostisosad*<\/strong>: sidrunhape, \u00f5unhape, looduslik ja kunstlik maitseaine, pol\u00fcdekstroos, sukraloos, atsesulfaamkaalium, sool, FD&amp;C kollane nr5, FD&amp;C sinine nr1<\/p>\n<p>*-<strong>Koostisosad ja nende toitev\u00e4\u00e4rtused on n\u00e4idatud\u00a0<\/strong><strong>Lemon Lime maitsega<\/strong>\u00a0tootel\u00a0. Muudel maitsetel v\u00f5ib olla m\u00f5ningaid erinevusi.<\/p>\n<p><strong>Kasutamine<\/strong>: Segage 1 k\u00fchvel (1 portsjon) 250-300ml vee v\u00f5i valitud joogiga. Maitse j\u00e4rgi v\u00f5ib vedeliku kogus olla erinev. Tarbige treeningup\u00e4evadel v\u00f5i p\u00e4rast treeningut treenimisp\u00e4evadel v\u00f5i kogu p\u00e4eva j\u00f5udlusjanu kustutajana.<\/p>\n<p><strong>Suurus<\/strong>: 270g &#8211; 30 serveeringut<\/p>\n<div class=\"supplement-facts\">\n<table class=\"supplement-facts-table colspan4\">\n<tbody>\n<tr class=\"facts-servings\">\n<td colspan=\"4\">1 portsjoni suurus:\u00a09 g<\/td>\n<\/tr>\n<tr class=\"facts-reg-row ing_header\">\n<td class=\"facts-name\">Summa Per<\/td>\n<td class=\"facts-amount\">1 portsjon<\/td>\n<td class=\"facts-amount\">100 g<\/td>\n<td class=\"facts-amount\">%SPK*<\/td>\n<\/tr>\n<tr class=\"facts-thick-line\">\n<td colspan=\"4\"><\/td>\n<\/tr>\n<tr class=\"facts-reg-row \">\n<td class=\"facts-name\">S\u00fcsivesikuid<\/td>\n<td class=\"facts-amount\">1 g<\/td>\n<td class=\"facts-amount\">11 g<\/td>\n<td class=\"facts-amount\">**<\/td>\n<\/tr>\n<tr class=\"facts-reg-row \">\n<td class=\"facts-name line_indent\">Suhkrud kokku<\/td>\n<td class=\"facts-amount\">0 g<\/td>\n<td class=\"facts-amount\">0 g<\/td>\n<td class=\"facts-amount\">**<\/td>\n<\/tr>\n<tr class=\"facts-reg-row \">\n<td class=\"facts-name line_indent\">Sisaldab 0 g lisatud suhkruid<\/td>\n<td class=\"facts-amount\"><\/td>\n<td class=\"facts-amount\"><\/td>\n<td class=\"facts-amount\">**<\/td>\n<\/tr>\n<tr class=\"facts-reg-row \">\n<td class=\"facts-name\">Naatrium<\/td>\n<td class=\"facts-amount\">20 mg<\/td>\n<td class=\"facts-amount\">220 mg<\/td>\n<td class=\"facts-amount\">**<\/td>\n<\/tr>\n<tr class=\"facts-reg-row \">\n<td class=\"facts-name\">kaalium<\/td>\n<td class=\"facts-amount\">70 mg<\/td>\n<td class=\"facts-amount\">770 mg<\/td>\n<td class=\"facts-amount\">**<\/td>\n<\/tr>\n<tr class=\"facts-thick-line \">\n<td class=\"facts-name\" colspan=\"4\"><\/td>\n<\/tr>\n<tr class=\"facts-reg-row \">\n<td class=\"facts-name\"><strong>GHOST 2:1:1 BCAA<\/strong><\/td>\n<\/tr>\n<tr class=\"facts-reg-row \">\n<td class=\"facts-name line_indent\">Instantiseeritud L-leutsiin<\/td>\n<td class=\"facts-amount\">3000 mg<\/td>\n<td class=\"facts-amount\">33000 mg<\/td>\n<td class=\"facts-amount\">**<\/td>\n<\/tr>\n<tr class=\"facts-reg-row \">\n<td class=\"facts-name line_indent\">Instantiseeritud L-isoleutsiin<\/td>\n<td class=\"facts-amount\">1500 mg<\/td>\n<td class=\"facts-amount\">16500 mg<\/td>\n<td class=\"facts-amount\">**<\/td>\n<\/tr>\n<tr class=\"facts-reg-row \">\n<td class=\"facts-name line_indent\">Instantiseeritud L-Valiin<\/td>\n<td class=\"facts-amount\">1500 mg<\/td>\n<td class=\"facts-amount\">16500 mg<\/td>\n<td class=\"facts-amount\">**<\/td>\n<\/tr>\n<tr class=\"facts-reg-row \">\n<td class=\"facts-name line_indent\">AstraGin Astragalus memranaceus &amp; Panax notoginseng juureekstraktid<\/td>\n<td class=\"facts-amount\">25 mg<\/td>\n<td class=\"facts-amount\">275 mg<\/td>\n<td class=\"facts-amount\">**<\/td>\n<\/tr>\n<tr class=\"facts-thick-line\">\n<td colspan=\"4\"><\/td>\n<\/tr>\n<tr class=\"facts-reg-row small_text legend\">\n<td colspan=\"4\">* P\u00e4evav\u00e4\u00e4rtuse protsent \u00fche t\u00e4isportsjoni kohta.<br \/>\n** P\u00e4evane v\u00e4\u00e4rtus ei ole m\u00e4\u00e4ratud.<\/td>\n<\/tr>\n<\/tbody>\n<\/table>\n<\/div>\n<p>Vaata ka meie teisi Aminohappeid <a href=\"https:\/\/fit360.ee\/en\/product-category\/product-groups\/amino-acids-bcaa\/\"><strong>SIIT<\/strong><\/a> v\u00f5i BCAA pulbreid <a href=\"https:\/\/fit360.ee\/en\/product-category\/product-groups\/amino-acids-bcaa\/bcaa-en\/\"><strong>SIIT<\/strong><\/a>!<\/p>\n<p>Soovid kaupa osta suuremas koguses? Vaata antud toodet ka meie HULGI poest\u00a0<a href=\"https:\/\/toidulisandidhulgi.ee\/tooted\/ghost-bcaa-30-servings\/\"><strong>SIIT<\/strong><\/a>!<\/p>\n","protected":false},"excerpt":{"rendered":"<ul>\n<li>Edendab treeningute ajal vastupidavust<\/li>\n<li>V\u00e4hendab lihaste v\u00e4simust ja valulikkust<\/li>\n<li>Toetab lihaste taastumist ja kasvu<\/li>\n<li>Maailma \u00fcks populaarsemaid BCAA-sid<\/li>\n<\/ul>\n","protected":false},"featured_media":83517,"comment_status":"open","ping_status":"closed","template":"","meta":[],"product_brand":[],"product_cat":[520,2299,5195,531],"product_tag":[1791,5196,5276],"giftcard-category":[],"class_list":{"0":"post-83518","1":"product","2":"type-product","3":"status-publish","4":"has-post-thumbnail","6":"product_cat-amino-acids-bcaa","7":"product_cat-bcaa-en","8":"product_cat-ghost-en","9":"product_cat-recovery-post-workout-en","10":"product_tag-bcaa-en","11":"product_tag-ghost-en","12":"product_tag-ghost-bcaa-en","13":"pa_maitse-lemon-crush-en","15":"first","16":"instock","17":"sale","18":"taxable","19":"shipping-taxable","20":"purchasable","21":"product-type-variable"},"yoast_head":"<!-- This site is optimized with the Yoast SEO plugin v27.3 - https:\/\/yoast.com\/product\/yoast-seo-wordpress\/ -->\n<title>Ghost BCAA (30 servings) - Aminohapped - BCAA Pulber - Kiire Tarne - Fit360<\/title>\n<meta name=\"description\" content=\"Ghost BCAA on BCAA oma parimas vormis. BCAA-d ehk hargnenud ahelaga aminohapped on asendamatud aminohapped, mis soodustavad lihas...\" \/>\n<meta name=\"robots\" content=\"index, follow, max-snippet:-1, max-image-preview:large, max-video-preview:-1\" \/>\n<link rel=\"canonical\" href=\"https:\/\/fit360.ee\/en\/pood\/product-groups\/amino-acids-bcaa\/bcaa-en\/ghost-bcaa-30-servings\/\" \/>\n<meta property=\"og:locale\" content=\"en_US\" \/>\n<meta property=\"og:type\" content=\"article\" \/>\n<meta property=\"og:title\" content=\"Ghost BCAA (30 servings) - Aminohapped - BCAA Pulber - Kiire Tarne - Fit360\" \/>\n<meta property=\"og:description\" content=\"Ghost BCAA on BCAA oma parimas vormis. BCAA-d ehk hargnenud ahelaga aminohapped on asendamatud aminohapped, mis soodustavad lihas...\" \/>\n<meta property=\"og:url\" content=\"https:\/\/fit360.ee\/en\/pood\/product-groups\/amino-acids-bcaa\/bcaa-en\/ghost-bcaa-30-servings\/\" \/>\n<meta property=\"og:site_name\" content=\"Fit360\" \/>\n<meta property=\"article:modified_time\" content=\"2025-08-13T05:37:33+00:00\" \/>\n<meta property=\"og:image\" content=\"https:\/\/fit360.ee\/wp-content\/uploads\/2024\/10\/ghost-bcaa-fit360.ee-1.png\" \/>\n\t<meta property=\"og:image:width\" content=\"1100\" \/>\n\t<meta property=\"og:image:height\" content=\"1100\" \/>\n\t<meta property=\"og:image:type\" content=\"image\/png\" \/>\n<meta name=\"twitter:card\" content=\"summary_large_image\" \/>\n<meta name=\"twitter:label1\" content=\"Est. reading time\" \/>\n\t<meta name=\"twitter:data1\" content=\"3 minutes\" \/>\n<script type=\"application\/ld+json\" class=\"yoast-schema-graph\">{\"@context\":\"https:\\\/\\\/schema.org\",\"@graph\":[{\"@type\":\"WebPage\",\"@id\":\"https:\\\/\\\/fit360.ee\\\/en\\\/pood\\\/product-groups\\\/amino-acids-bcaa\\\/bcaa-en\\\/ghost-bcaa-30-servings\\\/\",\"url\":\"https:\\\/\\\/fit360.ee\\\/en\\\/pood\\\/product-groups\\\/amino-acids-bcaa\\\/bcaa-en\\\/ghost-bcaa-30-servings\\\/\",\"name\":\"Ghost BCAA (30 servings) - Aminohapped - BCAA Pulber - Kiire Tarne - Fit360\",\"isPartOf\":{\"@id\":\"https:\\\/\\\/fit360.ee\\\/en\\\/#website\"},\"primaryImageOfPage\":{\"@id\":\"https:\\\/\\\/fit360.ee\\\/en\\\/pood\\\/product-groups\\\/amino-acids-bcaa\\\/bcaa-en\\\/ghost-bcaa-30-servings\\\/#primaryimage\"},\"image\":{\"@id\":\"https:\\\/\\\/fit360.ee\\\/en\\\/pood\\\/product-groups\\\/amino-acids-bcaa\\\/bcaa-en\\\/ghost-bcaa-30-servings\\\/#primaryimage\"},\"thumbnailUrl\":\"https:\\\/\\\/fit360.ee\\\/wp-content\\\/uploads\\\/2024\\\/10\\\/ghost-bcaa-fit360.ee-1.png\",\"datePublished\":\"2024-10-13T07:48:28+00:00\",\"dateModified\":\"2025-08-13T05:37:33+00:00\",\"description\":\"Ghost BCAA on BCAA oma parimas vormis. BCAA-d ehk hargnenud ahelaga aminohapped on asendamatud aminohapped, mis soodustavad lihas...\",\"breadcrumb\":{\"@id\":\"https:\\\/\\\/fit360.ee\\\/en\\\/pood\\\/product-groups\\\/amino-acids-bcaa\\\/bcaa-en\\\/ghost-bcaa-30-servings\\\/#breadcrumb\"},\"inLanguage\":\"en-US\",\"potentialAction\":[{\"@type\":\"ReadAction\",\"target\":[\"https:\\\/\\\/fit360.ee\\\/en\\\/pood\\\/product-groups\\\/amino-acids-bcaa\\\/bcaa-en\\\/ghost-bcaa-30-servings\\\/\"]}]},{\"@type\":\"ImageObject\",\"inLanguage\":\"en-US\",\"@id\":\"https:\\\/\\\/fit360.ee\\\/en\\\/pood\\\/product-groups\\\/amino-acids-bcaa\\\/bcaa-en\\\/ghost-bcaa-30-servings\\\/#primaryimage\",\"url\":\"https:\\\/\\\/fit360.ee\\\/wp-content\\\/uploads\\\/2024\\\/10\\\/ghost-bcaa-fit360.ee-1.png\",\"contentUrl\":\"https:\\\/\\\/fit360.ee\\\/wp-content\\\/uploads\\\/2024\\\/10\\\/ghost-bcaa-fit360.ee-1.png\",\"width\":1100,\"height\":1100,\"caption\":\"ghost bcaa - fit360.ee\"},{\"@type\":\"BreadcrumbList\",\"@id\":\"https:\\\/\\\/fit360.ee\\\/en\\\/pood\\\/product-groups\\\/amino-acids-bcaa\\\/bcaa-en\\\/ghost-bcaa-30-servings\\\/#breadcrumb\",\"itemListElement\":[{\"@type\":\"ListItem\",\"position\":1,\"name\":\"Home\",\"item\":\"https:\\\/\\\/fit360.ee\\\/en\\\/\"},{\"@type\":\"ListItem\",\"position\":2,\"name\":\"Shop\",\"item\":\"https:\\\/\\\/fit360.ee\\\/en\\\/shop\\\/\"},{\"@type\":\"ListItem\",\"position\":3,\"name\":\"Ghost BCAA (30 servings)\"}]},{\"@type\":\"WebSite\",\"@id\":\"https:\\\/\\\/fit360.ee\\\/en\\\/#website\",\"url\":\"https:\\\/\\\/fit360.ee\\\/en\\\/\",\"name\":\"Fit360\",\"description\":\"\",\"publisher\":{\"@id\":\"https:\\\/\\\/fit360.ee\\\/en\\\/#organization\"},\"potentialAction\":[{\"@type\":\"SearchAction\",\"target\":{\"@type\":\"EntryPoint\",\"urlTemplate\":\"https:\\\/\\\/fit360.ee\\\/en\\\/?s={search_term_string}\"},\"query-input\":{\"@type\":\"PropertyValueSpecification\",\"valueRequired\":true,\"valueName\":\"search_term_string\"}}],\"inLanguage\":\"en-US\"},{\"@type\":\"Organization\",\"@id\":\"https:\\\/\\\/fit360.ee\\\/en\\\/#organization\",\"name\":\"Fit360\",\"url\":\"https:\\\/\\\/fit360.ee\\\/en\\\/\",\"logo\":{\"@type\":\"ImageObject\",\"inLanguage\":\"en-US\",\"@id\":\"https:\\\/\\\/fit360.ee\\\/en\\\/#\\\/schema\\\/logo\\\/image\\\/\",\"url\":\"https:\\\/\\\/fit360.ee\\\/wp-content\\\/uploads\\\/2017\\\/01\\\/logo-fit360.png\",\"contentUrl\":\"https:\\\/\\\/fit360.ee\\\/wp-content\\\/uploads\\\/2017\\\/01\\\/logo-fit360.png\",\"width\":180,\"height\":66,\"caption\":\"Fit360\"},\"image\":{\"@id\":\"https:\\\/\\\/fit360.ee\\\/en\\\/#\\\/schema\\\/logo\\\/image\\\/\"}}]}<\/script>\n<!-- \/ Yoast SEO plugin. -->","yoast_head_json":{"title":"Ghost BCAA (30 servings) - Aminohapped - BCAA Pulber - Kiire Tarne - Fit360","description":"Ghost BCAA on BCAA oma parimas vormis. BCAA-d ehk hargnenud ahelaga aminohapped on asendamatud aminohapped, mis soodustavad lihas...","robots":{"index":"index","follow":"follow","max-snippet":"max-snippet:-1","max-image-preview":"max-image-preview:large","max-video-preview":"max-video-preview:-1"},"canonical":"https:\/\/fit360.ee\/en\/pood\/product-groups\/amino-acids-bcaa\/bcaa-en\/ghost-bcaa-30-servings\/","og_locale":"en_US","og_type":"article","og_title":"Ghost BCAA (30 servings) - Aminohapped - BCAA Pulber - Kiire Tarne - Fit360","og_description":"Ghost BCAA on BCAA oma parimas vormis. BCAA-d ehk hargnenud ahelaga aminohapped on asendamatud aminohapped, mis soodustavad lihas...","og_url":"https:\/\/fit360.ee\/en\/pood\/product-groups\/amino-acids-bcaa\/bcaa-en\/ghost-bcaa-30-servings\/","og_site_name":"Fit360","article_modified_time":"2025-08-13T05:37:33+00:00","og_image":[{"width":1100,"height":1100,"url":"https:\/\/fit360.ee\/wp-content\/uploads\/2024\/10\/ghost-bcaa-fit360.ee-1.png","type":"image\/png"}],"twitter_card":"summary_large_image","twitter_misc":{"Est. reading time":"3 minutes"},"schema":{"@context":"https:\/\/schema.org","@graph":[{"@type":"WebPage","@id":"https:\/\/fit360.ee\/en\/pood\/product-groups\/amino-acids-bcaa\/bcaa-en\/ghost-bcaa-30-servings\/","url":"https:\/\/fit360.ee\/en\/pood\/product-groups\/amino-acids-bcaa\/bcaa-en\/ghost-bcaa-30-servings\/","name":"Ghost BCAA (30 servings) - Aminohapped - BCAA Pulber - Kiire Tarne - Fit360","isPartOf":{"@id":"https:\/\/fit360.ee\/en\/#website"},"primaryImageOfPage":{"@id":"https:\/\/fit360.ee\/en\/pood\/product-groups\/amino-acids-bcaa\/bcaa-en\/ghost-bcaa-30-servings\/#primaryimage"},"image":{"@id":"https:\/\/fit360.ee\/en\/pood\/product-groups\/amino-acids-bcaa\/bcaa-en\/ghost-bcaa-30-servings\/#primaryimage"},"thumbnailUrl":"https:\/\/fit360.ee\/wp-content\/uploads\/2024\/10\/ghost-bcaa-fit360.ee-1.png","datePublished":"2024-10-13T07:48:28+00:00","dateModified":"2025-08-13T05:37:33+00:00","description":"Ghost BCAA on BCAA oma parimas vormis. BCAA-d ehk hargnenud ahelaga aminohapped on asendamatud aminohapped, mis soodustavad lihas...","breadcrumb":{"@id":"https:\/\/fit360.ee\/en\/pood\/product-groups\/amino-acids-bcaa\/bcaa-en\/ghost-bcaa-30-servings\/#breadcrumb"},"inLanguage":"en-US","potentialAction":[{"@type":"ReadAction","target":["https:\/\/fit360.ee\/en\/pood\/product-groups\/amino-acids-bcaa\/bcaa-en\/ghost-bcaa-30-servings\/"]}]},{"@type":"ImageObject","inLanguage":"en-US","@id":"https:\/\/fit360.ee\/en\/pood\/product-groups\/amino-acids-bcaa\/bcaa-en\/ghost-bcaa-30-servings\/#primaryimage","url":"https:\/\/fit360.ee\/wp-content\/uploads\/2024\/10\/ghost-bcaa-fit360.ee-1.png","contentUrl":"https:\/\/fit360.ee\/wp-content\/uploads\/2024\/10\/ghost-bcaa-fit360.ee-1.png","width":1100,"height":1100,"caption":"ghost bcaa - fit360.ee"},{"@type":"BreadcrumbList","@id":"https:\/\/fit360.ee\/en\/pood\/product-groups\/amino-acids-bcaa\/bcaa-en\/ghost-bcaa-30-servings\/#breadcrumb","itemListElement":[{"@type":"ListItem","position":1,"name":"Home","item":"https:\/\/fit360.ee\/en\/"},{"@type":"ListItem","position":2,"name":"Shop","item":"https:\/\/fit360.ee\/en\/shop\/"},{"@type":"ListItem","position":3,"name":"Ghost BCAA (30 servings)"}]},{"@type":"WebSite","@id":"https:\/\/fit360.ee\/en\/#website","url":"https:\/\/fit360.ee\/en\/","name":"Fit360","description":"","publisher":{"@id":"https:\/\/fit360.ee\/en\/#organization"},"potentialAction":[{"@type":"SearchAction","target":{"@type":"EntryPoint","urlTemplate":"https:\/\/fit360.ee\/en\/?s={search_term_string}"},"query-input":{"@type":"PropertyValueSpecification","valueRequired":true,"valueName":"search_term_string"}}],"inLanguage":"en-US"},{"@type":"Organization","@id":"https:\/\/fit360.ee\/en\/#organization","name":"Fit360","url":"https:\/\/fit360.ee\/en\/","logo":{"@type":"ImageObject","inLanguage":"en-US","@id":"https:\/\/fit360.ee\/en\/#\/schema\/logo\/image\/","url":"https:\/\/fit360.ee\/wp-content\/uploads\/2017\/01\/logo-fit360.png","contentUrl":"https:\/\/fit360.ee\/wp-content\/uploads\/2017\/01\/logo-fit360.png","width":180,"height":66,"caption":"Fit360"},"image":{"@id":"https:\/\/fit360.ee\/en\/#\/schema\/logo\/image\/"}}]}},"_links":{"self":[{"href":"https:\/\/fit360.ee\/en\/wp-json\/wp\/v2\/product\/83518","targetHints":{"allow":["GET"]}}],"collection":[{"href":"https:\/\/fit360.ee\/en\/wp-json\/wp\/v2\/product"}],"about":[{"href":"https:\/\/fit360.ee\/en\/wp-json\/wp\/v2\/types\/product"}],"replies":[{"embeddable":true,"href":"https:\/\/fit360.ee\/en\/wp-json\/wp\/v2\/comments?post=83518"}],"wp:featuredmedia":[{"embeddable":true,"href":"https:\/\/fit360.ee\/en\/wp-json\/wp\/v2\/media\/83517"}],"wp:attachment":[{"href":"https:\/\/fit360.ee\/en\/wp-json\/wp\/v2\/media?parent=83518"}],"wp:term":[{"taxonomy":"product_brand","embeddable":true,"href":"https:\/\/fit360.ee\/en\/wp-json\/wp\/v2\/product_brand?post=83518"},{"taxonomy":"product_cat","embeddable":true,"href":"https:\/\/fit360.ee\/en\/wp-json\/wp\/v2\/product_cat?post=83518"},{"taxonomy":"product_tag","embeddable":true,"href":"https:\/\/fit360.ee\/en\/wp-json\/wp\/v2\/product_tag?post=83518"},{"taxonomy":"giftcard-category","embeddable":true,"href":"https:\/\/fit360.ee\/en\/wp-json\/wp\/v2\/giftcard-category?post=83518"}],"curies":[{"name":"wp","href":"https:\/\/api.w.org\/{rel}","templated":true}]}}