{"id":83569,"date":"2024-10-15T12:30:56","date_gmt":"2024-10-15T10:30:56","guid":{"rendered":"https:\/\/fit360.ee\/pood\/uncategorized\/shred-x-90caps\/"},"modified":"2025-08-13T07:39:27","modified_gmt":"2025-08-13T05:39:27","slug":"shred-x-90caps","status":"publish","type":"product","link":"https:\/\/fit360.ee\/en\/pood\/product-groups\/superfoods-health-foods-en\/green-tea-extract-en\/shred-x-90caps\/","title":{"rendered":"Shred-X (90caps)"},"content":{"rendered":"<h2><strong>Shred-X<\/strong><\/h2>\n<div id=\"tab-description\" class=\"tab-pane active product-desc product-section\">\n<p><strong>Shred-X Fat Burner on mitut toimeainet sisaldav kompleksne rasvap\u00f5letaja, mis on m\u00f5eldud eelk\u00f5ige kaalu langetada soovivatele inimestele.<\/strong>\u00a0\u00a0Koostisosade hulka kuuluvad roheline tee, milles on palju antioks\u00fcdante, v\u00f5i stimuleeriv kofeiin, mida kasutatakse paremaks keskendumiseks. Samal p\u00f5hjusel sisaldab rasvap\u00f5letaja ka takriini nimelist \u00fchendit, millel on kofeiiniga sarnane toime. Seda v\u00f5ib leida ka loodusest, eriti Kucha teelehtedest. Teine koostisosa on Cayenne\u2019i pipar, mis aitab keha soojendada, samuti bioperiin, mis vastutab musta pipra kuumuse eest. Rasvap\u00f5letaja sisaldab ka \u00fchendit gamma-but\u00fcrobetaiini et\u00fc\u00fclester HCL, mis toetab karnitiini ainevahetust, et saaksite selle toimest veelgi rohkem kasu. L-karnitiini leidub peamiselt loomsetes toodetes, mist\u00f5ttu on selle piisav saamine eriti oluline taimetoitlastele ja veganitele.<\/p>\n<h4><strong>Applied Nutrition Shred-X omadused<\/strong>:<\/h4>\n<ul>\n<li>Kroom soodustab makrotoitainete ainevahetust. Kofeiini \u00fcldsisaldus 278 mg.<\/li>\n<li><strong>Shred X on innovatsiooni esirinnas toode, mis pakub ainulaadset kombinatsiooni usaldusv\u00e4\u00e4rsetest ja populaarsetest koostisosadest, et saavutada mitmesuguseid treeningueesm\u00e4rke.<\/strong><\/li>\n<li>Koostises sisalduvad vitamiinid B3, B6 ja B12 aitavad kaasa \u00f5igele ainevahetusele, mis on olulised energia tootmiseks, n\u00e4rvis\u00fcsteemi ja ps\u00fc\u00fchika korralikuks talitluseks, samuti v\u00e4simuse ja kurnatuse v\u00e4hendamiseks.<\/li>\n<li>Aitab hoida normaalset gl\u00fckoosi taset.<\/li>\n<li>Toetab ainevahetust, oluline energia tootmiseks.<\/li>\n<li>Aitab v\u00e4hendada v\u00f5i kaotada kehakaalu.<\/li>\n<\/ul>\n<\/div>\n<div id=\"tab-ingredients\" class=\"tab-pane product-section\">\n<p><strong>Kasutamine:<\/strong>\u00a0\u00a0V\u00f5tke 3 kapslit p\u00e4evas koos toiduga.<\/p>\n<p><strong>Koostisosad:<\/strong>\u00a0\u00a0Rohelise tee ekstrakt (95% pol\u00fcfenoolid), veevaba kofeiin, Cayenne&#8217;i pipar, oliivilehtede ekstrakt (standardiseeritud 30% oleuropeiini jaoks), L-t\u00fcrosiin, L-teaniin, koliinbitartraat, TeaCrine\u00ae (teakriinina), taimse kapsli kest: h\u00fcdroks\u00fcprop\u00fc\u00fclmet\u00fc\u00fcltselluloos. , Gamma-but\u00fcrobetaiini vesinikkloriidhappe et\u00fc\u00fclester, magneesiumstearaat, r\u00e4nidioksiid, vitamiin B3 (nikotiinamiidina), BioPerine\u00ae (musta pipra ekstrakt), vitamiin B6 (p\u00fcridoksiinvesinikkloriid), vitamiin B12 (ts\u00fcanokobalamiinina), kroompikolinaat.<\/p>\n<table>\n<tbody>\n<tr>\n<td><strong>Toimeainete anal\u00fc\u00fcs<\/strong><\/td>\n<td><strong>3 kapslit<\/strong><\/td>\n<\/tr>\n<tr>\n<td>Roheline tee<\/td>\n<td>400 mg<\/td>\n<\/tr>\n<tr>\n<td>Veevaba kofeiin<\/td>\n<td>250 mg<\/td>\n<\/tr>\n<tr>\n<td>Cayenne&#8217;i pipar<\/td>\n<td>200 g<\/td>\n<\/tr>\n<tr>\n<td>Oliivilehtede ekstrakt<\/td>\n<td>200 g<\/td>\n<\/tr>\n<tr>\n<td>TeaCreen\u00ae<\/td>\n<td>100 mg<\/td>\n<\/tr>\n<tr>\n<td>Gamma-but\u00fcrobetaiini et\u00fc\u00fclester HCL<\/td>\n<td>25 g<\/td>\n<\/tr>\n<tr>\n<td>BioPerin\u00ae<\/td>\n<td>5 mg<\/td>\n<\/tr>\n<tr>\n<td>L-t\u00fcrosiin<\/td>\n<td>150 mg<\/td>\n<\/tr>\n<tr>\n<td>L-teaniin<\/td>\n<td>150 mg<\/td>\n<\/tr>\n<tr>\n<td>Kholin<\/td>\n<td>150 mg<\/td>\n<\/tr>\n<tr>\n<td>Vitamiin B3<\/td>\n<td>16 mg<\/td>\n<\/tr>\n<tr>\n<td>Vitamiin B6<\/td>\n<td>5 mg<\/td>\n<\/tr>\n<tr>\n<td>Vitamiin B12<\/td>\n<td>200 mcg<\/td>\n<\/tr>\n<tr>\n<td>Kroom<\/td>\n<td>120 mcg<\/td>\n<\/tr>\n<\/tbody>\n<\/table>\n<p>Vaata ka meie Teisi Rasvap\u00f5letajaid <a href=\"https:\/\/fit360.ee\/en\/product-category\/product-groups\/fat-burners-en\/\"><strong>SIIT<\/strong><\/a> v\u00f5i Aju Tegevust toetavaid lisandeid <a href=\"https:\/\/fit360.ee\/en\/product-category\/product-groups\/brain-support-nootropics-en\/\"><strong>SIIT<\/strong><\/a>!<\/p>\n<p>Soovid kaupa osta suuremas koguses? Vaata antud toodet ka meie HULGI poest\u00a0<a href=\"https:\/\/toidulisandidhulgi.ee\/tooted\/shred-x-90caps\/\"><strong>SIIT<\/strong><\/a>!<\/p>\n<\/div>\n","protected":false},"excerpt":{"rendered":"<ul>\n<li>Shred X on innovatsiooni esirinnas toode, mis pakub ainulaadset kombinatsiooni usaldusv\u00e4\u00e4rsetest ja populaarsetest koostisosadest, et saavutada mitmesuguseid treeningueesm\u00e4rke.<\/li>\n<li>Koostises sisalduvad vitamiinid B3, B6 ja B12 aitavad kaasa \u00f5igele ainevahetusele, mis on olulised energia tootmiseks, n\u00e4rvis\u00fcsteemi ja ps\u00fc\u00fchika korralikuks talitluseks, samuti v\u00e4simuse ja kurnatuse v\u00e4hendamiseks.<\/li>\n<li>Aitab hoida normaalset gl\u00fckoosi taset.<\/li>\n<li>Toetab ainevahetust, oluline energia tootmiseks.<\/li>\n<li>Aitab v\u00e4hendada v\u00f5i kaotada kehakaalu.<\/li>\n<\/ul>\n","protected":false},"featured_media":83568,"comment_status":"open","ping_status":"closed","template":"","meta":[],"product_brand":[],"product_cat":[3727,2251,2485,2287,530,2371,2404,2327],"product_tag":[3730,1925,5285],"giftcard-category":[],"class_list":{"0":"post-83569","1":"product","2":"type-product","3":"status-publish","4":"has-post-thumbnail","6":"product_cat-applied-nutrition-en","7":"product_cat-b-vitamin-en","8":"product_cat-brain-support-nootropics-en","9":"product_cat-chromium-en","10":"product_cat-fat-burners-en","11":"product_cat-green-tea-extract-en","12":"product_cat-l-carnitine-en","13":"product_cat-tyrosine-en","14":"product_tag-applied-nutrition-en","15":"product_tag-rasvapoletaja-en","16":"product_tag-shred-x-en","17":"pa_kogus-90-capsules","18":"pa_toidulisand-branddd-applied-nutrition","19":"pa_tootegruppp-aju-tegevus-nootropics-en","20":"pa_tootegruppp-b-vitamiin-en","21":"pa_tootegruppp-kroom-en","22":"pa_tootegruppp-l-karnitiin-en","23":"pa_tootegruppp-rohelise-tee-ekstrakt-en","24":"pa_tootegruppp-turosiin-en","25":"pa_tootegruppp-weight-loss","27":"first","28":"instock","29":"sale","30":"taxable","31":"shipping-taxable","32":"purchasable","33":"product-type-simple"},"yoast_head":"<!-- This site is optimized with the Yoast SEO plugin v27.3 - https:\/\/yoast.com\/product\/yoast-seo-wordpress\/ -->\n<title>Shred-X (90caps) - V\u00e4ga tugev rasvap\u00f5letaja - Toetab Aju t\u00f6\u00f6d - Fit360<\/title>\n<meta name=\"description\" content=\"Shred-X Fat Burner on mitut toimeainet sisaldav kompleksne rasvap\u00f5letaja, mis on m\u00f5eldud eelk\u00f5ige kaalu langetada soovivatelle inimestele. Kiire Tarne!\" \/>\n<meta name=\"robots\" content=\"index, follow, max-snippet:-1, max-image-preview:large, max-video-preview:-1\" \/>\n<link rel=\"canonical\" href=\"https:\/\/fit360.ee\/en\/pood\/product-groups\/superfoods-health-foods-en\/green-tea-extract-en\/shred-x-90caps\/\" \/>\n<meta property=\"og:locale\" content=\"en_US\" \/>\n<meta property=\"og:type\" content=\"article\" \/>\n<meta property=\"og:title\" content=\"Shred-X (90caps) - V\u00e4ga tugev rasvap\u00f5letaja - Toetab Aju t\u00f6\u00f6d - Fit360\" \/>\n<meta property=\"og:description\" content=\"Shred-X Fat Burner on mitut toimeainet sisaldav kompleksne rasvap\u00f5letaja, mis on m\u00f5eldud eelk\u00f5ige kaalu langetada soovivatelle inimestele. Kiire Tarne!\" \/>\n<meta property=\"og:url\" content=\"https:\/\/fit360.ee\/en\/pood\/product-groups\/superfoods-health-foods-en\/green-tea-extract-en\/shred-x-90caps\/\" \/>\n<meta property=\"og:site_name\" content=\"Fit360\" \/>\n<meta property=\"article:modified_time\" content=\"2025-08-13T05:39:27+00:00\" \/>\n<meta property=\"og:image\" content=\"https:\/\/fit360.ee\/wp-content\/uploads\/2024\/10\/shred-x-applied-nutrition-fit360.ee-1.png\" \/>\n\t<meta property=\"og:image:width\" content=\"800\" \/>\n\t<meta property=\"og:image:height\" content=\"800\" \/>\n\t<meta property=\"og:image:type\" content=\"image\/png\" \/>\n<meta name=\"twitter:card\" content=\"summary_large_image\" \/>\n<meta name=\"twitter:label1\" content=\"Est. reading time\" \/>\n\t<meta name=\"twitter:data1\" content=\"2 minutes\" \/>\n<script type=\"application\/ld+json\" class=\"yoast-schema-graph\">{\"@context\":\"https:\\\/\\\/schema.org\",\"@graph\":[{\"@type\":\"WebPage\",\"@id\":\"https:\\\/\\\/fit360.ee\\\/en\\\/pood\\\/product-groups\\\/superfoods-health-foods-en\\\/green-tea-extract-en\\\/shred-x-90caps\\\/\",\"url\":\"https:\\\/\\\/fit360.ee\\\/en\\\/pood\\\/product-groups\\\/superfoods-health-foods-en\\\/green-tea-extract-en\\\/shred-x-90caps\\\/\",\"name\":\"Shred-X (90caps) - V\u00e4ga tugev rasvap\u00f5letaja - Toetab Aju t\u00f6\u00f6d - Fit360\",\"isPartOf\":{\"@id\":\"https:\\\/\\\/fit360.ee\\\/en\\\/#website\"},\"primaryImageOfPage\":{\"@id\":\"https:\\\/\\\/fit360.ee\\\/en\\\/pood\\\/product-groups\\\/superfoods-health-foods-en\\\/green-tea-extract-en\\\/shred-x-90caps\\\/#primaryimage\"},\"image\":{\"@id\":\"https:\\\/\\\/fit360.ee\\\/en\\\/pood\\\/product-groups\\\/superfoods-health-foods-en\\\/green-tea-extract-en\\\/shred-x-90caps\\\/#primaryimage\"},\"thumbnailUrl\":\"https:\\\/\\\/fit360.ee\\\/wp-content\\\/uploads\\\/2024\\\/10\\\/shred-x-applied-nutrition-fit360.ee-1.png\",\"datePublished\":\"2024-10-15T10:30:56+00:00\",\"dateModified\":\"2025-08-13T05:39:27+00:00\",\"description\":\"Shred-X Fat Burner on mitut toimeainet sisaldav kompleksne rasvap\u00f5letaja, mis on m\u00f5eldud eelk\u00f5ige kaalu langetada soovivatelle inimestele. Kiire Tarne!\",\"breadcrumb\":{\"@id\":\"https:\\\/\\\/fit360.ee\\\/en\\\/pood\\\/product-groups\\\/superfoods-health-foods-en\\\/green-tea-extract-en\\\/shred-x-90caps\\\/#breadcrumb\"},\"inLanguage\":\"en-US\",\"potentialAction\":[{\"@type\":\"ReadAction\",\"target\":[\"https:\\\/\\\/fit360.ee\\\/en\\\/pood\\\/product-groups\\\/superfoods-health-foods-en\\\/green-tea-extract-en\\\/shred-x-90caps\\\/\"]}]},{\"@type\":\"ImageObject\",\"inLanguage\":\"en-US\",\"@id\":\"https:\\\/\\\/fit360.ee\\\/en\\\/pood\\\/product-groups\\\/superfoods-health-foods-en\\\/green-tea-extract-en\\\/shred-x-90caps\\\/#primaryimage\",\"url\":\"https:\\\/\\\/fit360.ee\\\/wp-content\\\/uploads\\\/2024\\\/10\\\/shred-x-applied-nutrition-fit360.ee-1.png\",\"contentUrl\":\"https:\\\/\\\/fit360.ee\\\/wp-content\\\/uploads\\\/2024\\\/10\\\/shred-x-applied-nutrition-fit360.ee-1.png\",\"width\":800,\"height\":800,\"caption\":\"shred-x applied nutrition - fit360.ee\"},{\"@type\":\"BreadcrumbList\",\"@id\":\"https:\\\/\\\/fit360.ee\\\/en\\\/pood\\\/product-groups\\\/superfoods-health-foods-en\\\/green-tea-extract-en\\\/shred-x-90caps\\\/#breadcrumb\",\"itemListElement\":[{\"@type\":\"ListItem\",\"position\":1,\"name\":\"Home\",\"item\":\"https:\\\/\\\/fit360.ee\\\/en\\\/\"},{\"@type\":\"ListItem\",\"position\":2,\"name\":\"Shop\",\"item\":\"https:\\\/\\\/fit360.ee\\\/en\\\/shop\\\/\"},{\"@type\":\"ListItem\",\"position\":3,\"name\":\"Shred-X (90caps)\"}]},{\"@type\":\"WebSite\",\"@id\":\"https:\\\/\\\/fit360.ee\\\/en\\\/#website\",\"url\":\"https:\\\/\\\/fit360.ee\\\/en\\\/\",\"name\":\"Fit360\",\"description\":\"\",\"publisher\":{\"@id\":\"https:\\\/\\\/fit360.ee\\\/en\\\/#organization\"},\"potentialAction\":[{\"@type\":\"SearchAction\",\"target\":{\"@type\":\"EntryPoint\",\"urlTemplate\":\"https:\\\/\\\/fit360.ee\\\/en\\\/?s={search_term_string}\"},\"query-input\":{\"@type\":\"PropertyValueSpecification\",\"valueRequired\":true,\"valueName\":\"search_term_string\"}}],\"inLanguage\":\"en-US\"},{\"@type\":\"Organization\",\"@id\":\"https:\\\/\\\/fit360.ee\\\/en\\\/#organization\",\"name\":\"Fit360\",\"url\":\"https:\\\/\\\/fit360.ee\\\/en\\\/\",\"logo\":{\"@type\":\"ImageObject\",\"inLanguage\":\"en-US\",\"@id\":\"https:\\\/\\\/fit360.ee\\\/en\\\/#\\\/schema\\\/logo\\\/image\\\/\",\"url\":\"https:\\\/\\\/fit360.ee\\\/wp-content\\\/uploads\\\/2017\\\/01\\\/logo-fit360.png\",\"contentUrl\":\"https:\\\/\\\/fit360.ee\\\/wp-content\\\/uploads\\\/2017\\\/01\\\/logo-fit360.png\",\"width\":180,\"height\":66,\"caption\":\"Fit360\"},\"image\":{\"@id\":\"https:\\\/\\\/fit360.ee\\\/en\\\/#\\\/schema\\\/logo\\\/image\\\/\"}}]}<\/script>\n<!-- \/ Yoast SEO plugin. -->","yoast_head_json":{"title":"Shred-X (90caps) - V\u00e4ga tugev rasvap\u00f5letaja - Toetab Aju t\u00f6\u00f6d - Fit360","description":"Shred-X Fat Burner on mitut toimeainet sisaldav kompleksne rasvap\u00f5letaja, mis on m\u00f5eldud eelk\u00f5ige kaalu langetada soovivatelle inimestele. Kiire Tarne!","robots":{"index":"index","follow":"follow","max-snippet":"max-snippet:-1","max-image-preview":"max-image-preview:large","max-video-preview":"max-video-preview:-1"},"canonical":"https:\/\/fit360.ee\/en\/pood\/product-groups\/superfoods-health-foods-en\/green-tea-extract-en\/shred-x-90caps\/","og_locale":"en_US","og_type":"article","og_title":"Shred-X (90caps) - V\u00e4ga tugev rasvap\u00f5letaja - Toetab Aju t\u00f6\u00f6d - Fit360","og_description":"Shred-X Fat Burner on mitut toimeainet sisaldav kompleksne rasvap\u00f5letaja, mis on m\u00f5eldud eelk\u00f5ige kaalu langetada soovivatelle inimestele. Kiire Tarne!","og_url":"https:\/\/fit360.ee\/en\/pood\/product-groups\/superfoods-health-foods-en\/green-tea-extract-en\/shred-x-90caps\/","og_site_name":"Fit360","article_modified_time":"2025-08-13T05:39:27+00:00","og_image":[{"width":800,"height":800,"url":"https:\/\/fit360.ee\/wp-content\/uploads\/2024\/10\/shred-x-applied-nutrition-fit360.ee-1.png","type":"image\/png"}],"twitter_card":"summary_large_image","twitter_misc":{"Est. reading time":"2 minutes"},"schema":{"@context":"https:\/\/schema.org","@graph":[{"@type":"WebPage","@id":"https:\/\/fit360.ee\/en\/pood\/product-groups\/superfoods-health-foods-en\/green-tea-extract-en\/shred-x-90caps\/","url":"https:\/\/fit360.ee\/en\/pood\/product-groups\/superfoods-health-foods-en\/green-tea-extract-en\/shred-x-90caps\/","name":"Shred-X (90caps) - V\u00e4ga tugev rasvap\u00f5letaja - Toetab Aju t\u00f6\u00f6d - Fit360","isPartOf":{"@id":"https:\/\/fit360.ee\/en\/#website"},"primaryImageOfPage":{"@id":"https:\/\/fit360.ee\/en\/pood\/product-groups\/superfoods-health-foods-en\/green-tea-extract-en\/shred-x-90caps\/#primaryimage"},"image":{"@id":"https:\/\/fit360.ee\/en\/pood\/product-groups\/superfoods-health-foods-en\/green-tea-extract-en\/shred-x-90caps\/#primaryimage"},"thumbnailUrl":"https:\/\/fit360.ee\/wp-content\/uploads\/2024\/10\/shred-x-applied-nutrition-fit360.ee-1.png","datePublished":"2024-10-15T10:30:56+00:00","dateModified":"2025-08-13T05:39:27+00:00","description":"Shred-X Fat Burner on mitut toimeainet sisaldav kompleksne rasvap\u00f5letaja, mis on m\u00f5eldud eelk\u00f5ige kaalu langetada soovivatelle inimestele. Kiire Tarne!","breadcrumb":{"@id":"https:\/\/fit360.ee\/en\/pood\/product-groups\/superfoods-health-foods-en\/green-tea-extract-en\/shred-x-90caps\/#breadcrumb"},"inLanguage":"en-US","potentialAction":[{"@type":"ReadAction","target":["https:\/\/fit360.ee\/en\/pood\/product-groups\/superfoods-health-foods-en\/green-tea-extract-en\/shred-x-90caps\/"]}]},{"@type":"ImageObject","inLanguage":"en-US","@id":"https:\/\/fit360.ee\/en\/pood\/product-groups\/superfoods-health-foods-en\/green-tea-extract-en\/shred-x-90caps\/#primaryimage","url":"https:\/\/fit360.ee\/wp-content\/uploads\/2024\/10\/shred-x-applied-nutrition-fit360.ee-1.png","contentUrl":"https:\/\/fit360.ee\/wp-content\/uploads\/2024\/10\/shred-x-applied-nutrition-fit360.ee-1.png","width":800,"height":800,"caption":"shred-x applied nutrition - fit360.ee"},{"@type":"BreadcrumbList","@id":"https:\/\/fit360.ee\/en\/pood\/product-groups\/superfoods-health-foods-en\/green-tea-extract-en\/shred-x-90caps\/#breadcrumb","itemListElement":[{"@type":"ListItem","position":1,"name":"Home","item":"https:\/\/fit360.ee\/en\/"},{"@type":"ListItem","position":2,"name":"Shop","item":"https:\/\/fit360.ee\/en\/shop\/"},{"@type":"ListItem","position":3,"name":"Shred-X (90caps)"}]},{"@type":"WebSite","@id":"https:\/\/fit360.ee\/en\/#website","url":"https:\/\/fit360.ee\/en\/","name":"Fit360","description":"","publisher":{"@id":"https:\/\/fit360.ee\/en\/#organization"},"potentialAction":[{"@type":"SearchAction","target":{"@type":"EntryPoint","urlTemplate":"https:\/\/fit360.ee\/en\/?s={search_term_string}"},"query-input":{"@type":"PropertyValueSpecification","valueRequired":true,"valueName":"search_term_string"}}],"inLanguage":"en-US"},{"@type":"Organization","@id":"https:\/\/fit360.ee\/en\/#organization","name":"Fit360","url":"https:\/\/fit360.ee\/en\/","logo":{"@type":"ImageObject","inLanguage":"en-US","@id":"https:\/\/fit360.ee\/en\/#\/schema\/logo\/image\/","url":"https:\/\/fit360.ee\/wp-content\/uploads\/2017\/01\/logo-fit360.png","contentUrl":"https:\/\/fit360.ee\/wp-content\/uploads\/2017\/01\/logo-fit360.png","width":180,"height":66,"caption":"Fit360"},"image":{"@id":"https:\/\/fit360.ee\/en\/#\/schema\/logo\/image\/"}}]}},"_links":{"self":[{"href":"https:\/\/fit360.ee\/en\/wp-json\/wp\/v2\/product\/83569","targetHints":{"allow":["GET"]}}],"collection":[{"href":"https:\/\/fit360.ee\/en\/wp-json\/wp\/v2\/product"}],"about":[{"href":"https:\/\/fit360.ee\/en\/wp-json\/wp\/v2\/types\/product"}],"replies":[{"embeddable":true,"href":"https:\/\/fit360.ee\/en\/wp-json\/wp\/v2\/comments?post=83569"}],"wp:featuredmedia":[{"embeddable":true,"href":"https:\/\/fit360.ee\/en\/wp-json\/wp\/v2\/media\/83568"}],"wp:attachment":[{"href":"https:\/\/fit360.ee\/en\/wp-json\/wp\/v2\/media?parent=83569"}],"wp:term":[{"taxonomy":"product_brand","embeddable":true,"href":"https:\/\/fit360.ee\/en\/wp-json\/wp\/v2\/product_brand?post=83569"},{"taxonomy":"product_cat","embeddable":true,"href":"https:\/\/fit360.ee\/en\/wp-json\/wp\/v2\/product_cat?post=83569"},{"taxonomy":"product_tag","embeddable":true,"href":"https:\/\/fit360.ee\/en\/wp-json\/wp\/v2\/product_tag?post=83569"},{"taxonomy":"giftcard-category","embeddable":true,"href":"https:\/\/fit360.ee\/en\/wp-json\/wp\/v2\/giftcard-category?post=83569"}],"curies":[{"name":"wp","href":"https:\/\/api.w.org\/{rel}","templated":true}]}}