{"id":83632,"date":"2024-10-17T11:35:24","date_gmt":"2024-10-17T09:35:24","guid":{"rendered":"https:\/\/fit360.ee\/pood\/uncategorized\/chromium-90caps\/"},"modified":"2026-04-09T14:27:28","modified_gmt":"2026-04-09T12:27:28","slug":"chromium-90caps","status":"publish","type":"product","link":"https:\/\/fit360.ee\/en\/pood\/product-groups\/%d0%b2%d0%b5%d0%b3%d0%b0%d0%bd\/vegan-capsules-en\/chromium-90caps\/","title":{"rendered":"Chromium (90caps)"},"content":{"rendered":"<h2><strong>ICONFIT Kroom<\/strong><\/h2>\n<p><span style=\"font-weight: 400;\">Iconfit Kroom on toode kapsli kujul. Kroom on elut\u00e4htis mineraal, mis m\u00e4ngib suurt rolli s\u00fcsivesikute, rasvade ja valkude ainevahetuses, tagades oluliste toitainete t\u00f5husa kasutamise teie organismis.<\/span><\/p>\n<p><span style=\"font-weight: 400;\">Stabiilse veresuhkru taseme s\u00e4ilitamine on v\u00f5tmet\u00e4htsusega, et tunneksid end energilisena terve p\u00e4eva v\u00e4ltel. Meie kroomi toidulisand aitab seda eesm\u00e4rki saavutada, aidates reguleerida veresuhkru taset, v\u00e4ltides kiiret langust p\u00e4rast s\u00f6\u00f6ki ja soodustades \u00fchtlasemat energiataset.<\/span><\/p>\n<p><span style=\"font-weight: 400;\">Meie toidulisandid on valmistatud \u00fclima hoolikusega, kasutades ainult k\u00f5rgeima kvaliteediga taimseid kapsleid, tagades nii ohutuse kui ka t\u00f5hususe. Pakendatud kvaliteetsesse klaaspurki, et tagada puhtus ja t\u00f5husus. Iga annus sisaldab 200 \u00b5g esmaklassilist kroomi, mis on kapseldatud optimaalseks imendumiseks.<\/span><\/p>\n<p style=\"font-weight: 400;\">Iconfit Kroom aitab ka reguleerida veresuhkru taset. Hoolikalt valmistatud kapslid sisaldavad 200 \u00b5g esmaklassilist kroomi, mis on pakendatud kvaliteetsetesse klaaspurkidesse.<\/p>\n<ul style=\"font-weight: 400;\">\n<li><b><strong>Tasakaalustab veresuhkrut<\/strong><\/b>: Kroom aitab hoida normaalset vere gl\u00fckoosi taset.<\/li>\n<li><b><strong>Toetab makrotoitainete ainevahetust<\/strong><\/b>: Kroom aitab reguleerida insuliini toimet, aidates kaasa s\u00fcsivesikute, rasvade ja valkude ainevahetusele.<\/li>\n<li>Kvaliteetsed, ohutud koostisosad:\u00a0Iga kapsel sisaldab 200 \u00b5g kroomi ning on valmistatud tipptasemel tootmistingimustes.<\/li>\n<li><b><strong>\u00dcks purk kestab 90 p\u00e4eva. V\u00f5tke 1 kapsel p\u00e4evas koos veega.<\/strong><\/b><\/li>\n<\/ul>\n<p><strong>Koostisosad:<\/strong>\u00a0<span style=\"font-weight: 400;\">Riisijahu, taimne kapsel (glaseeraine pullulaan), kroompikolinaat.<\/span><\/p>\n<p><strong>Kasutamine<\/strong>: <span style=\"font-weight: 400;\">V\u00f5tke 1 kapsel p\u00e4evas koos veega! \u00dcks purk kestab 90 p\u00e4eva.<\/span><\/p>\n<p><b>HOIATUSED:<\/b><span style=\"font-weight: 400;\">\u00a0\u00c4rge kasutage toidulisandit mitmekesise toitumise asendajana. Oluline on mitmekesine ja tasakaalustatud toitumine koos tervisliku eluviisiga. \u00c4rge \u00fcletage soovitatud p\u00e4evast annust. Hoidke lastele k\u00e4ttesaamatus kohas.<\/span><\/p>\n<p><strong>Suurus<\/strong>: 90 kapslit<\/p>\n<div id=\"shopify-section-template--22550311829838__main\" class=\"shopify-section product--section section--canonical\">\n<section class=\" product__container product__container--two-columns \" data-product-wrapper=\"\">\n<div class=\"product-readmore rte\" data-product-readmore=\"\">\n<div class=\" grouped-content grouped-content-layout-tabs\">\n<table>\n<tbody>\n<tr>\n<td>P\u00c4EVANE ANNUS SISALDAB<\/td>\n<td><span style=\"font-weight: 400;\">1 kapsel<\/span><\/td>\n<td><span style=\"font-weight: 400;\">%SPK*<\/span><\/td>\n<\/tr>\n<tr>\n<td><span style=\"font-weight: 400;\">Kroom<\/span><\/td>\n<td><span style=\"font-weight: 400;\">200 \u03bcg<\/span><\/td>\n<td><span style=\"font-weight: 400;\">500%<\/span><\/td>\n<\/tr>\n<\/tbody>\n<\/table>\n<p>*SPK &#8211; Soovitatud P\u00e4evane kogus.<\/p>\n<p>Vaata ka meie teisi Vitamiine\/Mineraale <a href=\"https:\/\/fit360.ee\/en\/product-category\/product-groups\/vitamins-and-minerals-en\/\"><strong>SIIT<\/strong><\/a> v\u00f5i Kroome <a href=\"https:\/\/fit360.ee\/en\/product-category\/product-groups\/vitamins-and-minerals-en\/chromium-en\/\"><strong>SIIT<\/strong><\/a>!<\/p>\n<p>Soovid kaupa osta suuremas koguses? Vaata antud toodet ka meie HULGI poest\u00a0<a href=\"https:\/\/toidulisandidhulgi.ee\/tooted\/chromium-90caps\/\"><strong>SIIT<\/strong><\/a>!<\/p>\n<\/div>\n<\/div>\n<\/section>\n<\/div>\n","protected":false},"excerpt":{"rendered":"<ul style=\"font-weight: 400;\">\n<li>Tasakaalustab veresuhkrut: Kroom aitab hoida normaalset vere gl\u00fckoosi taset.<\/li>\n<li>Toetab makrotoitainete ainevahetust: Kroom aitab reguleerida insuliini toimet, aidates kaasa s\u00fcsivesikute, rasvade ja valkude ainevahetusele.<\/li>\n<li>Kvaliteetsed, ohutud koostisosad:\u00a0Iga kapsel sisaldab 200 \u00b5g kroomi ning on valmistatud tipptasemel tootmistingimustes.<\/li>\n<li>\u00dcks purk kestab 90 p\u00e4eva. V\u00f5tke 1 kapsel p\u00e4evas koos veega.<\/li>\n<\/ul>\n","protected":false},"featured_media":83631,"comment_status":"open","ping_status":"closed","template":"","meta":[],"product_brand":[],"product_cat":[2287,530,1318,2408,2664,536,1201],"product_tag":[2053,1681,5290,2054],"giftcard-category":[],"class_list":{"0":"post-83632","1":"product","2":"type-product","3":"status-publish","4":"has-post-thumbnail","6":"product_cat-chromium-en","7":"product_cat-fat-burners-en","8":"product_cat-iconfit-en","9":"product_cat-stimulant-free-fat-burners-en","10":"product_cat-vegan-capsules-en","11":"product_cat-vitamins-and-minerals-en","12":"product_cat-1201","13":"product_tag-chromium-en","14":"product_tag-iconfit-en","15":"product_tag-iconfit-kroom-en","16":"product_tag-kroom-en","17":"pa_kogus-90-capsules","18":"pa_toidulisand-branddd-iconfit","19":"pa_tootegruppp-kroom-en","20":"pa_tootegruppp-stimulandivaba-en","21":"pa_tootegruppp-vcaps-vegan-kapslid-en","22":"pa_tootegruppp-vegan-en","23":"pa_tootegruppp-vitamins-and-minerals","24":"pa_tootegruppp-weight-loss","26":"first","27":"instock","28":"sale","29":"taxable","30":"shipping-taxable","31":"purchasable","32":"product-type-simple"},"yoast_head":"<!-- This site is optimized with the Yoast SEO plugin v27.3 - https:\/\/yoast.com\/product\/yoast-seo-wordpress\/ -->\n<title>Chromium (90caps) - Puhas Kroomi allikas - Kiire Tarne - Parim Hind - Fit360<\/title>\n<meta name=\"description\" content=\"Iconfit Kroom on toode kapsli kujul. Kroom on elut\u00e4htis mineraal, mis m\u00e4ngib suurt rolli s\u00fcsivesikute, rasvade ja valkude ainevahetuses, tagades olulis...\" \/>\n<meta name=\"robots\" content=\"index, follow, max-snippet:-1, max-image-preview:large, max-video-preview:-1\" \/>\n<link rel=\"canonical\" href=\"https:\/\/fit360.ee\/en\/pood\/product-groups\/\u0432\u0435\u0433\u0430\u043d\/vegan-capsules-en\/chromium-90caps\/\" \/>\n<meta property=\"og:locale\" content=\"en_US\" \/>\n<meta property=\"og:type\" content=\"article\" \/>\n<meta property=\"og:title\" content=\"Chromium (90caps) - Puhas Kroomi allikas - Kiire Tarne - Parim Hind - Fit360\" \/>\n<meta property=\"og:description\" content=\"Iconfit Kroom on toode kapsli kujul. Kroom on elut\u00e4htis mineraal, mis m\u00e4ngib suurt rolli s\u00fcsivesikute, rasvade ja valkude ainevahetuses, tagades olulis...\" \/>\n<meta property=\"og:url\" content=\"https:\/\/fit360.ee\/en\/pood\/product-groups\/\u0432\u0435\u0433\u0430\u043d\/vegan-capsules-en\/chromium-90caps\/\" \/>\n<meta property=\"og:site_name\" content=\"Fit360\" \/>\n<meta property=\"article:modified_time\" content=\"2026-04-09T12:27:28+00:00\" \/>\n<meta property=\"og:image\" content=\"https:\/\/fit360.ee\/wp-content\/uploads\/2024\/10\/iconfit-kroom-fit360.ee_.jpg\" \/>\n\t<meta property=\"og:image:width\" content=\"695\" \/>\n\t<meta property=\"og:image:height\" content=\"695\" \/>\n\t<meta property=\"og:image:type\" content=\"image\/jpeg\" \/>\n<meta name=\"twitter:card\" content=\"summary_large_image\" \/>\n<meta name=\"twitter:label1\" content=\"Est. reading time\" \/>\n\t<meta name=\"twitter:data1\" content=\"2 minutes\" \/>\n<script type=\"application\/ld+json\" class=\"yoast-schema-graph\">{\"@context\":\"https:\\\/\\\/schema.org\",\"@graph\":[{\"@type\":\"WebPage\",\"@id\":\"https:\\\/\\\/fit360.ee\\\/en\\\/pood\\\/product-groups\\\/%d0%b2%d0%b5%d0%b3%d0%b0%d0%bd\\\/vegan-capsules-en\\\/chromium-90caps\\\/\",\"url\":\"https:\\\/\\\/fit360.ee\\\/en\\\/pood\\\/product-groups\\\/%d0%b2%d0%b5%d0%b3%d0%b0%d0%bd\\\/vegan-capsules-en\\\/chromium-90caps\\\/\",\"name\":\"Chromium (90caps) - Puhas Kroomi allikas - Kiire Tarne - Parim Hind - Fit360\",\"isPartOf\":{\"@id\":\"https:\\\/\\\/fit360.ee\\\/en\\\/#website\"},\"primaryImageOfPage\":{\"@id\":\"https:\\\/\\\/fit360.ee\\\/en\\\/pood\\\/product-groups\\\/%d0%b2%d0%b5%d0%b3%d0%b0%d0%bd\\\/vegan-capsules-en\\\/chromium-90caps\\\/#primaryimage\"},\"image\":{\"@id\":\"https:\\\/\\\/fit360.ee\\\/en\\\/pood\\\/product-groups\\\/%d0%b2%d0%b5%d0%b3%d0%b0%d0%bd\\\/vegan-capsules-en\\\/chromium-90caps\\\/#primaryimage\"},\"thumbnailUrl\":\"https:\\\/\\\/fit360.ee\\\/wp-content\\\/uploads\\\/2024\\\/10\\\/iconfit-kroom-fit360.ee_.jpg\",\"datePublished\":\"2024-10-17T09:35:24+00:00\",\"dateModified\":\"2026-04-09T12:27:28+00:00\",\"description\":\"Iconfit Kroom on toode kapsli kujul. Kroom on elut\u00e4htis mineraal, mis m\u00e4ngib suurt rolli s\u00fcsivesikute, rasvade ja valkude ainevahetuses, tagades olulis...\",\"breadcrumb\":{\"@id\":\"https:\\\/\\\/fit360.ee\\\/en\\\/pood\\\/product-groups\\\/%d0%b2%d0%b5%d0%b3%d0%b0%d0%bd\\\/vegan-capsules-en\\\/chromium-90caps\\\/#breadcrumb\"},\"inLanguage\":\"en-US\",\"potentialAction\":[{\"@type\":\"ReadAction\",\"target\":[\"https:\\\/\\\/fit360.ee\\\/en\\\/pood\\\/product-groups\\\/%d0%b2%d0%b5%d0%b3%d0%b0%d0%bd\\\/vegan-capsules-en\\\/chromium-90caps\\\/\"]}]},{\"@type\":\"ImageObject\",\"inLanguage\":\"en-US\",\"@id\":\"https:\\\/\\\/fit360.ee\\\/en\\\/pood\\\/product-groups\\\/%d0%b2%d0%b5%d0%b3%d0%b0%d0%bd\\\/vegan-capsules-en\\\/chromium-90caps\\\/#primaryimage\",\"url\":\"https:\\\/\\\/fit360.ee\\\/wp-content\\\/uploads\\\/2024\\\/10\\\/iconfit-kroom-fit360.ee_.jpg\",\"contentUrl\":\"https:\\\/\\\/fit360.ee\\\/wp-content\\\/uploads\\\/2024\\\/10\\\/iconfit-kroom-fit360.ee_.jpg\",\"width\":695,\"height\":695,\"caption\":\"iconfit kroom - fit360.ee\"},{\"@type\":\"BreadcrumbList\",\"@id\":\"https:\\\/\\\/fit360.ee\\\/en\\\/pood\\\/product-groups\\\/%d0%b2%d0%b5%d0%b3%d0%b0%d0%bd\\\/vegan-capsules-en\\\/chromium-90caps\\\/#breadcrumb\",\"itemListElement\":[{\"@type\":\"ListItem\",\"position\":1,\"name\":\"Home\",\"item\":\"https:\\\/\\\/fit360.ee\\\/en\\\/\"},{\"@type\":\"ListItem\",\"position\":2,\"name\":\"Shop\",\"item\":\"https:\\\/\\\/fit360.ee\\\/en\\\/shop\\\/\"},{\"@type\":\"ListItem\",\"position\":3,\"name\":\"Chromium (90caps)\"}]},{\"@type\":\"WebSite\",\"@id\":\"https:\\\/\\\/fit360.ee\\\/en\\\/#website\",\"url\":\"https:\\\/\\\/fit360.ee\\\/en\\\/\",\"name\":\"Fit360\",\"description\":\"\",\"publisher\":{\"@id\":\"https:\\\/\\\/fit360.ee\\\/en\\\/#organization\"},\"potentialAction\":[{\"@type\":\"SearchAction\",\"target\":{\"@type\":\"EntryPoint\",\"urlTemplate\":\"https:\\\/\\\/fit360.ee\\\/en\\\/?s={search_term_string}\"},\"query-input\":{\"@type\":\"PropertyValueSpecification\",\"valueRequired\":true,\"valueName\":\"search_term_string\"}}],\"inLanguage\":\"en-US\"},{\"@type\":\"Organization\",\"@id\":\"https:\\\/\\\/fit360.ee\\\/en\\\/#organization\",\"name\":\"Fit360\",\"url\":\"https:\\\/\\\/fit360.ee\\\/en\\\/\",\"logo\":{\"@type\":\"ImageObject\",\"inLanguage\":\"en-US\",\"@id\":\"https:\\\/\\\/fit360.ee\\\/en\\\/#\\\/schema\\\/logo\\\/image\\\/\",\"url\":\"https:\\\/\\\/fit360.ee\\\/wp-content\\\/uploads\\\/2017\\\/01\\\/logo-fit360.png\",\"contentUrl\":\"https:\\\/\\\/fit360.ee\\\/wp-content\\\/uploads\\\/2017\\\/01\\\/logo-fit360.png\",\"width\":180,\"height\":66,\"caption\":\"Fit360\"},\"image\":{\"@id\":\"https:\\\/\\\/fit360.ee\\\/en\\\/#\\\/schema\\\/logo\\\/image\\\/\"}}]}<\/script>\n<!-- \/ Yoast SEO plugin. -->","yoast_head_json":{"title":"Chromium (90caps) - Puhas Kroomi allikas - Kiire Tarne - Parim Hind - Fit360","description":"Iconfit Kroom on toode kapsli kujul. Kroom on elut\u00e4htis mineraal, mis m\u00e4ngib suurt rolli s\u00fcsivesikute, rasvade ja valkude ainevahetuses, tagades olulis...","robots":{"index":"index","follow":"follow","max-snippet":"max-snippet:-1","max-image-preview":"max-image-preview:large","max-video-preview":"max-video-preview:-1"},"canonical":"https:\/\/fit360.ee\/en\/pood\/product-groups\/\u0432\u0435\u0433\u0430\u043d\/vegan-capsules-en\/chromium-90caps\/","og_locale":"en_US","og_type":"article","og_title":"Chromium (90caps) - Puhas Kroomi allikas - Kiire Tarne - Parim Hind - Fit360","og_description":"Iconfit Kroom on toode kapsli kujul. Kroom on elut\u00e4htis mineraal, mis m\u00e4ngib suurt rolli s\u00fcsivesikute, rasvade ja valkude ainevahetuses, tagades olulis...","og_url":"https:\/\/fit360.ee\/en\/pood\/product-groups\/\u0432\u0435\u0433\u0430\u043d\/vegan-capsules-en\/chromium-90caps\/","og_site_name":"Fit360","article_modified_time":"2026-04-09T12:27:28+00:00","og_image":[{"width":695,"height":695,"url":"https:\/\/fit360.ee\/wp-content\/uploads\/2024\/10\/iconfit-kroom-fit360.ee_.jpg","type":"image\/jpeg"}],"twitter_card":"summary_large_image","twitter_misc":{"Est. reading time":"2 minutes"},"schema":{"@context":"https:\/\/schema.org","@graph":[{"@type":"WebPage","@id":"https:\/\/fit360.ee\/en\/pood\/product-groups\/%d0%b2%d0%b5%d0%b3%d0%b0%d0%bd\/vegan-capsules-en\/chromium-90caps\/","url":"https:\/\/fit360.ee\/en\/pood\/product-groups\/%d0%b2%d0%b5%d0%b3%d0%b0%d0%bd\/vegan-capsules-en\/chromium-90caps\/","name":"Chromium (90caps) - Puhas Kroomi allikas - Kiire Tarne - Parim Hind - Fit360","isPartOf":{"@id":"https:\/\/fit360.ee\/en\/#website"},"primaryImageOfPage":{"@id":"https:\/\/fit360.ee\/en\/pood\/product-groups\/%d0%b2%d0%b5%d0%b3%d0%b0%d0%bd\/vegan-capsules-en\/chromium-90caps\/#primaryimage"},"image":{"@id":"https:\/\/fit360.ee\/en\/pood\/product-groups\/%d0%b2%d0%b5%d0%b3%d0%b0%d0%bd\/vegan-capsules-en\/chromium-90caps\/#primaryimage"},"thumbnailUrl":"https:\/\/fit360.ee\/wp-content\/uploads\/2024\/10\/iconfit-kroom-fit360.ee_.jpg","datePublished":"2024-10-17T09:35:24+00:00","dateModified":"2026-04-09T12:27:28+00:00","description":"Iconfit Kroom on toode kapsli kujul. Kroom on elut\u00e4htis mineraal, mis m\u00e4ngib suurt rolli s\u00fcsivesikute, rasvade ja valkude ainevahetuses, tagades olulis...","breadcrumb":{"@id":"https:\/\/fit360.ee\/en\/pood\/product-groups\/%d0%b2%d0%b5%d0%b3%d0%b0%d0%bd\/vegan-capsules-en\/chromium-90caps\/#breadcrumb"},"inLanguage":"en-US","potentialAction":[{"@type":"ReadAction","target":["https:\/\/fit360.ee\/en\/pood\/product-groups\/%d0%b2%d0%b5%d0%b3%d0%b0%d0%bd\/vegan-capsules-en\/chromium-90caps\/"]}]},{"@type":"ImageObject","inLanguage":"en-US","@id":"https:\/\/fit360.ee\/en\/pood\/product-groups\/%d0%b2%d0%b5%d0%b3%d0%b0%d0%bd\/vegan-capsules-en\/chromium-90caps\/#primaryimage","url":"https:\/\/fit360.ee\/wp-content\/uploads\/2024\/10\/iconfit-kroom-fit360.ee_.jpg","contentUrl":"https:\/\/fit360.ee\/wp-content\/uploads\/2024\/10\/iconfit-kroom-fit360.ee_.jpg","width":695,"height":695,"caption":"iconfit kroom - fit360.ee"},{"@type":"BreadcrumbList","@id":"https:\/\/fit360.ee\/en\/pood\/product-groups\/%d0%b2%d0%b5%d0%b3%d0%b0%d0%bd\/vegan-capsules-en\/chromium-90caps\/#breadcrumb","itemListElement":[{"@type":"ListItem","position":1,"name":"Home","item":"https:\/\/fit360.ee\/en\/"},{"@type":"ListItem","position":2,"name":"Shop","item":"https:\/\/fit360.ee\/en\/shop\/"},{"@type":"ListItem","position":3,"name":"Chromium (90caps)"}]},{"@type":"WebSite","@id":"https:\/\/fit360.ee\/en\/#website","url":"https:\/\/fit360.ee\/en\/","name":"Fit360","description":"","publisher":{"@id":"https:\/\/fit360.ee\/en\/#organization"},"potentialAction":[{"@type":"SearchAction","target":{"@type":"EntryPoint","urlTemplate":"https:\/\/fit360.ee\/en\/?s={search_term_string}"},"query-input":{"@type":"PropertyValueSpecification","valueRequired":true,"valueName":"search_term_string"}}],"inLanguage":"en-US"},{"@type":"Organization","@id":"https:\/\/fit360.ee\/en\/#organization","name":"Fit360","url":"https:\/\/fit360.ee\/en\/","logo":{"@type":"ImageObject","inLanguage":"en-US","@id":"https:\/\/fit360.ee\/en\/#\/schema\/logo\/image\/","url":"https:\/\/fit360.ee\/wp-content\/uploads\/2017\/01\/logo-fit360.png","contentUrl":"https:\/\/fit360.ee\/wp-content\/uploads\/2017\/01\/logo-fit360.png","width":180,"height":66,"caption":"Fit360"},"image":{"@id":"https:\/\/fit360.ee\/en\/#\/schema\/logo\/image\/"}}]}},"_links":{"self":[{"href":"https:\/\/fit360.ee\/en\/wp-json\/wp\/v2\/product\/83632","targetHints":{"allow":["GET"]}}],"collection":[{"href":"https:\/\/fit360.ee\/en\/wp-json\/wp\/v2\/product"}],"about":[{"href":"https:\/\/fit360.ee\/en\/wp-json\/wp\/v2\/types\/product"}],"replies":[{"embeddable":true,"href":"https:\/\/fit360.ee\/en\/wp-json\/wp\/v2\/comments?post=83632"}],"wp:featuredmedia":[{"embeddable":true,"href":"https:\/\/fit360.ee\/en\/wp-json\/wp\/v2\/media\/83631"}],"wp:attachment":[{"href":"https:\/\/fit360.ee\/en\/wp-json\/wp\/v2\/media?parent=83632"}],"wp:term":[{"taxonomy":"product_brand","embeddable":true,"href":"https:\/\/fit360.ee\/en\/wp-json\/wp\/v2\/product_brand?post=83632"},{"taxonomy":"product_cat","embeddable":true,"href":"https:\/\/fit360.ee\/en\/wp-json\/wp\/v2\/product_cat?post=83632"},{"taxonomy":"product_tag","embeddable":true,"href":"https:\/\/fit360.ee\/en\/wp-json\/wp\/v2\/product_tag?post=83632"},{"taxonomy":"giftcard-category","embeddable":true,"href":"https:\/\/fit360.ee\/en\/wp-json\/wp\/v2\/giftcard-category?post=83632"}],"curies":[{"name":"wp","href":"https:\/\/api.w.org\/{rel}","templated":true}]}}