{"id":83921,"date":"2024-11-04T15:05:34","date_gmt":"2024-11-04T13:05:34","guid":{"rendered":"https:\/\/fit360.ee\/pood\/uncategorized\/osavi-collagen-beauty-sport-by-magda-linette-7-5g\/"},"modified":"2026-04-16T15:13:18","modified_gmt":"2026-04-16T13:13:18","slug":"osavi-collagen-beauty-sport-by-magda-linette-7-5g","status":"publish","type":"product","link":"https:\/\/fit360.ee\/en\/pood\/product-groups\/joint-support-en\/osavi-collagen-beauty-sport-by-magda-linette-7-5g\/","title":{"rendered":"Osavi Collagen Beauty &amp; Sport by Magda Linette (7.5g)"},"content":{"rendered":"<p><span>Magda Linette&#8217;i Collagen Beauty &amp; Sport on esmaklassiline kollageenilisand, mis on loodud toetama nii ilu kui ka sportlikku j\u00f5udlust. Iga portsjon sisaldab 7,5 g kvaliteetset kollageeni, mis on p\u00e4rit Poolast.<\/span><\/p>\n<h4><strong>Peamised omadused ja eelised<\/strong><\/h4>\n<ul>\n<li><span>Sisaldab 7,5 g kollageeni portsjoni kohta<\/span><\/li>\n<li><span>Edendab tervet nahka, juukseid ja k\u00fc\u00fcsi<\/span><\/li>\n<li><span>Aitab kaasa lihaste taastumisele ja liigeste tervisele<\/span><\/li>\n<li><span>Kvaliteedi tagamiseks p\u00e4rit Poolast<\/span><\/li>\n<\/ul>\n<h4><strong>Koostisained<\/strong><\/h4>\n<ul>\n<li><span>H\u00fcdrol\u00fc\u00fcsitud kollageenpeptiidid: Veiste allikatest saadud peptiidid imenduvad organismis kergesti, et toetada naha elastsust ja liigeste tervist.<\/span><\/li>\n<li><span>C-vitamiin: v\u00f5imas antioks\u00fcdant, mis suurendab kollageeni s\u00fcnteesi, parandades naha tekstuuri ja \u00fcldist tervist.<\/span><\/li>\n<\/ul>\n<h4><strong>Kasutamine: <\/strong><span>Segage \u00fcks portsjon (7,5 g) Collagen Beauty &amp; Sport\u2064 vee v\u00f5i oma lemmikjoogiga.<\/span><\/h4>\n<p><span><strong>Koostisosad<\/strong>: Veise kollageeni peptiidid (VERISOL\u00ae ja TENDOFORTE\u00ae).<\/span><\/p>\n<table>\n<tbody>\n<tr>\n<td width=\"189\"><strong><b>Toimeained<\/b><\/strong><\/td>\n<td width=\"189\"><strong><b>1 serveering &#8211; 1 pakk 7,5g<\/b><\/strong><\/td>\n<\/tr>\n<tr>\n<td width=\"189\">Bioaktiivsed kollageeni peptiidid, <em><i>milles<\/i><\/em>t:<\/td>\n<td width=\"189\">7,5g<\/td>\n<\/tr>\n<tr>\n<td width=\"189\">VERISOL\u00ae<\/td>\n<td width=\"189\">2,5g<\/td>\n<\/tr>\n<tr>\n<td width=\"189\">TENDOFORTE\u00ae<\/td>\n<td width=\"189\">5g<\/td>\n<\/tr>\n<\/tbody>\n<\/table>\n<p>Vaata ka meie teisi Kollageene <a href=\"https:\/\/fit360.ee\/en\/product-category\/product-groups\/collagen-en\/\"><strong>SIIT<\/strong><\/a>!<\/p>\n","protected":false},"excerpt":{"rendered":"<ul>\n<li>Sisaldab 7,5 g kollageeni portsjoni kohta<\/li>\n<li>Edendab tervet nahka, juukseid ja k\u00fc\u00fcsi<\/li>\n<li>Aitab kaasa lihaste taastumisele ja liigeste tervisele<\/li>\n<\/ul>\n","protected":false},"featured_media":83920,"comment_status":"open","ping_status":"closed","template":"","meta":[],"product_brand":[],"product_cat":[1636,1418,527,1454],"product_tag":[2821,1724,5297],"giftcard-category":[],"class_list":{"0":"post-83921","1":"product","2":"type-product","3":"status-publish","4":"has-post-thumbnail","6":"product_cat-collagen-en","7":"product_cat-fit360-ee-en","8":"product_cat-joint-support-en","9":"product_cat-superfoods-health-foods-en","10":"product_tag-collagen-en","11":"product_tag-kollageen-en","12":"product_tag-osavi-en","13":"pa_kogus-7-5g","14":"pa_toidulisand-branddd-fit360-ee","15":"pa_tootegruppp-for-joints","16":"pa_tootegruppp-kollageenid-en","18":"first","19":"instock","20":"sale","21":"taxable","22":"shipping-taxable","23":"purchasable","24":"product-type-simple"},"yoast_head":"<!-- This site is optimized with the Yoast SEO plugin v27.4 - https:\/\/yoast.com\/product\/yoast-seo-wordpress\/ -->\n<title>Osavi Collagen Beauty &amp; Sport by Magda Linette (7.5g) - Kollageen - Fit360<\/title>\n<meta name=\"description\" content=\"Collagen Beauty &amp; Sport on esmaklassiline kollageenilisand, mis on loodud toetama nii ilu kui ka sportlikku j\u00f5udlust. Iga portsjon sisaldab 7,5 g kvalit...\" \/>\n<meta name=\"robots\" content=\"index, follow, max-snippet:-1, max-image-preview:large, max-video-preview:-1\" \/>\n<link rel=\"canonical\" href=\"https:\/\/fit360.ee\/en\/pood\/product-groups\/joint-support-en\/osavi-collagen-beauty-sport-by-magda-linette-7-5g\/\" \/>\n<meta property=\"og:locale\" content=\"en_US\" \/>\n<meta property=\"og:type\" content=\"article\" \/>\n<meta property=\"og:title\" content=\"Osavi Collagen Beauty &amp; Sport by Magda Linette (7.5g) - Kollageen - Fit360\" \/>\n<meta property=\"og:description\" content=\"Collagen Beauty &amp; Sport on esmaklassiline kollageenilisand, mis on loodud toetama nii ilu kui ka sportlikku j\u00f5udlust. Iga portsjon sisaldab 7,5 g kvalit...\" \/>\n<meta property=\"og:url\" content=\"https:\/\/fit360.ee\/en\/pood\/product-groups\/joint-support-en\/osavi-collagen-beauty-sport-by-magda-linette-7-5g\/\" \/>\n<meta property=\"og:site_name\" content=\"Fit360\" \/>\n<meta property=\"article:modified_time\" content=\"2026-04-16T13:13:18+00:00\" \/>\n<meta property=\"og:image\" content=\"https:\/\/fit360.ee\/wp-content\/uploads\/2024\/11\/collagen-beauty-sport-fit360.ee-1.png\" \/>\n\t<meta property=\"og:image:width\" content=\"750\" \/>\n\t<meta property=\"og:image:height\" content=\"750\" \/>\n\t<meta property=\"og:image:type\" content=\"image\/png\" \/>\n<meta name=\"twitter:card\" content=\"summary_large_image\" \/>\n<meta name=\"twitter:label1\" content=\"Est. reading time\" \/>\n\t<meta name=\"twitter:data1\" content=\"1 minute\" \/>\n<script type=\"application\/ld+json\" class=\"yoast-schema-graph\">{\"@context\":\"https:\\\/\\\/schema.org\",\"@graph\":[{\"@type\":\"WebPage\",\"@id\":\"https:\\\/\\\/fit360.ee\\\/en\\\/pood\\\/product-groups\\\/joint-support-en\\\/osavi-collagen-beauty-sport-by-magda-linette-7-5g\\\/\",\"url\":\"https:\\\/\\\/fit360.ee\\\/en\\\/pood\\\/product-groups\\\/joint-support-en\\\/osavi-collagen-beauty-sport-by-magda-linette-7-5g\\\/\",\"name\":\"Osavi Collagen Beauty &amp; Sport by Magda Linette (7.5g) - Kollageen - Fit360\",\"isPartOf\":{\"@id\":\"https:\\\/\\\/fit360.ee\\\/en\\\/#website\"},\"primaryImageOfPage\":{\"@id\":\"https:\\\/\\\/fit360.ee\\\/en\\\/pood\\\/product-groups\\\/joint-support-en\\\/osavi-collagen-beauty-sport-by-magda-linette-7-5g\\\/#primaryimage\"},\"image\":{\"@id\":\"https:\\\/\\\/fit360.ee\\\/en\\\/pood\\\/product-groups\\\/joint-support-en\\\/osavi-collagen-beauty-sport-by-magda-linette-7-5g\\\/#primaryimage\"},\"thumbnailUrl\":\"https:\\\/\\\/fit360.ee\\\/wp-content\\\/uploads\\\/2024\\\/11\\\/collagen-beauty-sport-fit360.ee-1.png\",\"datePublished\":\"2024-11-04T13:05:34+00:00\",\"dateModified\":\"2026-04-16T13:13:18+00:00\",\"description\":\"Collagen Beauty & Sport on esmaklassiline kollageenilisand, mis on loodud toetama nii ilu kui ka sportlikku j\u00f5udlust. Iga portsjon sisaldab 7,5 g kvalit...\",\"breadcrumb\":{\"@id\":\"https:\\\/\\\/fit360.ee\\\/en\\\/pood\\\/product-groups\\\/joint-support-en\\\/osavi-collagen-beauty-sport-by-magda-linette-7-5g\\\/#breadcrumb\"},\"inLanguage\":\"en-US\",\"potentialAction\":[{\"@type\":\"ReadAction\",\"target\":[\"https:\\\/\\\/fit360.ee\\\/en\\\/pood\\\/product-groups\\\/joint-support-en\\\/osavi-collagen-beauty-sport-by-magda-linette-7-5g\\\/\"]}]},{\"@type\":\"ImageObject\",\"inLanguage\":\"en-US\",\"@id\":\"https:\\\/\\\/fit360.ee\\\/en\\\/pood\\\/product-groups\\\/joint-support-en\\\/osavi-collagen-beauty-sport-by-magda-linette-7-5g\\\/#primaryimage\",\"url\":\"https:\\\/\\\/fit360.ee\\\/wp-content\\\/uploads\\\/2024\\\/11\\\/collagen-beauty-sport-fit360.ee-1.png\",\"contentUrl\":\"https:\\\/\\\/fit360.ee\\\/wp-content\\\/uploads\\\/2024\\\/11\\\/collagen-beauty-sport-fit360.ee-1.png\",\"width\":750,\"height\":750,\"caption\":\"collagen beauty sport - fit360.ee\"},{\"@type\":\"BreadcrumbList\",\"@id\":\"https:\\\/\\\/fit360.ee\\\/en\\\/pood\\\/product-groups\\\/joint-support-en\\\/osavi-collagen-beauty-sport-by-magda-linette-7-5g\\\/#breadcrumb\",\"itemListElement\":[{\"@type\":\"ListItem\",\"position\":1,\"name\":\"Home\",\"item\":\"https:\\\/\\\/fit360.ee\\\/en\\\/\"},{\"@type\":\"ListItem\",\"position\":2,\"name\":\"Shop\",\"item\":\"https:\\\/\\\/fit360.ee\\\/en\\\/shop\\\/\"},{\"@type\":\"ListItem\",\"position\":3,\"name\":\"Osavi Collagen Beauty &amp; Sport by Magda Linette (7.5g)\"}]},{\"@type\":\"WebSite\",\"@id\":\"https:\\\/\\\/fit360.ee\\\/en\\\/#website\",\"url\":\"https:\\\/\\\/fit360.ee\\\/en\\\/\",\"name\":\"Fit360\",\"description\":\"\",\"publisher\":{\"@id\":\"https:\\\/\\\/fit360.ee\\\/en\\\/#organization\"},\"potentialAction\":[{\"@type\":\"SearchAction\",\"target\":{\"@type\":\"EntryPoint\",\"urlTemplate\":\"https:\\\/\\\/fit360.ee\\\/en\\\/?s={search_term_string}\"},\"query-input\":{\"@type\":\"PropertyValueSpecification\",\"valueRequired\":true,\"valueName\":\"search_term_string\"}}],\"inLanguage\":\"en-US\"},{\"@type\":\"Organization\",\"@id\":\"https:\\\/\\\/fit360.ee\\\/en\\\/#organization\",\"name\":\"Fit360\",\"url\":\"https:\\\/\\\/fit360.ee\\\/en\\\/\",\"logo\":{\"@type\":\"ImageObject\",\"inLanguage\":\"en-US\",\"@id\":\"https:\\\/\\\/fit360.ee\\\/en\\\/#\\\/schema\\\/logo\\\/image\\\/\",\"url\":\"https:\\\/\\\/fit360.ee\\\/wp-content\\\/uploads\\\/2017\\\/01\\\/logo-fit360.png\",\"contentUrl\":\"https:\\\/\\\/fit360.ee\\\/wp-content\\\/uploads\\\/2017\\\/01\\\/logo-fit360.png\",\"width\":180,\"height\":66,\"caption\":\"Fit360\"},\"image\":{\"@id\":\"https:\\\/\\\/fit360.ee\\\/en\\\/#\\\/schema\\\/logo\\\/image\\\/\"}}]}<\/script>\n<!-- \/ Yoast SEO plugin. -->","yoast_head_json":{"title":"Osavi Collagen Beauty &amp; Sport by Magda Linette (7.5g) - Kollageen - Fit360","description":"Collagen Beauty & Sport on esmaklassiline kollageenilisand, mis on loodud toetama nii ilu kui ka sportlikku j\u00f5udlust. Iga portsjon sisaldab 7,5 g kvalit...","robots":{"index":"index","follow":"follow","max-snippet":"max-snippet:-1","max-image-preview":"max-image-preview:large","max-video-preview":"max-video-preview:-1"},"canonical":"https:\/\/fit360.ee\/en\/pood\/product-groups\/joint-support-en\/osavi-collagen-beauty-sport-by-magda-linette-7-5g\/","og_locale":"en_US","og_type":"article","og_title":"Osavi Collagen Beauty &amp; Sport by Magda Linette (7.5g) - Kollageen - Fit360","og_description":"Collagen Beauty & Sport on esmaklassiline kollageenilisand, mis on loodud toetama nii ilu kui ka sportlikku j\u00f5udlust. Iga portsjon sisaldab 7,5 g kvalit...","og_url":"https:\/\/fit360.ee\/en\/pood\/product-groups\/joint-support-en\/osavi-collagen-beauty-sport-by-magda-linette-7-5g\/","og_site_name":"Fit360","article_modified_time":"2026-04-16T13:13:18+00:00","og_image":[{"width":750,"height":750,"url":"https:\/\/fit360.ee\/wp-content\/uploads\/2024\/11\/collagen-beauty-sport-fit360.ee-1.png","type":"image\/png"}],"twitter_card":"summary_large_image","twitter_misc":{"Est. reading time":"1 minute"},"schema":{"@context":"https:\/\/schema.org","@graph":[{"@type":"WebPage","@id":"https:\/\/fit360.ee\/en\/pood\/product-groups\/joint-support-en\/osavi-collagen-beauty-sport-by-magda-linette-7-5g\/","url":"https:\/\/fit360.ee\/en\/pood\/product-groups\/joint-support-en\/osavi-collagen-beauty-sport-by-magda-linette-7-5g\/","name":"Osavi Collagen Beauty &amp; Sport by Magda Linette (7.5g) - Kollageen - Fit360","isPartOf":{"@id":"https:\/\/fit360.ee\/en\/#website"},"primaryImageOfPage":{"@id":"https:\/\/fit360.ee\/en\/pood\/product-groups\/joint-support-en\/osavi-collagen-beauty-sport-by-magda-linette-7-5g\/#primaryimage"},"image":{"@id":"https:\/\/fit360.ee\/en\/pood\/product-groups\/joint-support-en\/osavi-collagen-beauty-sport-by-magda-linette-7-5g\/#primaryimage"},"thumbnailUrl":"https:\/\/fit360.ee\/wp-content\/uploads\/2024\/11\/collagen-beauty-sport-fit360.ee-1.png","datePublished":"2024-11-04T13:05:34+00:00","dateModified":"2026-04-16T13:13:18+00:00","description":"Collagen Beauty & Sport on esmaklassiline kollageenilisand, mis on loodud toetama nii ilu kui ka sportlikku j\u00f5udlust. Iga portsjon sisaldab 7,5 g kvalit...","breadcrumb":{"@id":"https:\/\/fit360.ee\/en\/pood\/product-groups\/joint-support-en\/osavi-collagen-beauty-sport-by-magda-linette-7-5g\/#breadcrumb"},"inLanguage":"en-US","potentialAction":[{"@type":"ReadAction","target":["https:\/\/fit360.ee\/en\/pood\/product-groups\/joint-support-en\/osavi-collagen-beauty-sport-by-magda-linette-7-5g\/"]}]},{"@type":"ImageObject","inLanguage":"en-US","@id":"https:\/\/fit360.ee\/en\/pood\/product-groups\/joint-support-en\/osavi-collagen-beauty-sport-by-magda-linette-7-5g\/#primaryimage","url":"https:\/\/fit360.ee\/wp-content\/uploads\/2024\/11\/collagen-beauty-sport-fit360.ee-1.png","contentUrl":"https:\/\/fit360.ee\/wp-content\/uploads\/2024\/11\/collagen-beauty-sport-fit360.ee-1.png","width":750,"height":750,"caption":"collagen beauty sport - fit360.ee"},{"@type":"BreadcrumbList","@id":"https:\/\/fit360.ee\/en\/pood\/product-groups\/joint-support-en\/osavi-collagen-beauty-sport-by-magda-linette-7-5g\/#breadcrumb","itemListElement":[{"@type":"ListItem","position":1,"name":"Home","item":"https:\/\/fit360.ee\/en\/"},{"@type":"ListItem","position":2,"name":"Shop","item":"https:\/\/fit360.ee\/en\/shop\/"},{"@type":"ListItem","position":3,"name":"Osavi Collagen Beauty &amp; Sport by Magda Linette (7.5g)"}]},{"@type":"WebSite","@id":"https:\/\/fit360.ee\/en\/#website","url":"https:\/\/fit360.ee\/en\/","name":"Fit360","description":"","publisher":{"@id":"https:\/\/fit360.ee\/en\/#organization"},"potentialAction":[{"@type":"SearchAction","target":{"@type":"EntryPoint","urlTemplate":"https:\/\/fit360.ee\/en\/?s={search_term_string}"},"query-input":{"@type":"PropertyValueSpecification","valueRequired":true,"valueName":"search_term_string"}}],"inLanguage":"en-US"},{"@type":"Organization","@id":"https:\/\/fit360.ee\/en\/#organization","name":"Fit360","url":"https:\/\/fit360.ee\/en\/","logo":{"@type":"ImageObject","inLanguage":"en-US","@id":"https:\/\/fit360.ee\/en\/#\/schema\/logo\/image\/","url":"https:\/\/fit360.ee\/wp-content\/uploads\/2017\/01\/logo-fit360.png","contentUrl":"https:\/\/fit360.ee\/wp-content\/uploads\/2017\/01\/logo-fit360.png","width":180,"height":66,"caption":"Fit360"},"image":{"@id":"https:\/\/fit360.ee\/en\/#\/schema\/logo\/image\/"}}]}},"_links":{"self":[{"href":"https:\/\/fit360.ee\/en\/wp-json\/wp\/v2\/product\/83921","targetHints":{"allow":["GET"]}}],"collection":[{"href":"https:\/\/fit360.ee\/en\/wp-json\/wp\/v2\/product"}],"about":[{"href":"https:\/\/fit360.ee\/en\/wp-json\/wp\/v2\/types\/product"}],"replies":[{"embeddable":true,"href":"https:\/\/fit360.ee\/en\/wp-json\/wp\/v2\/comments?post=83921"}],"wp:featuredmedia":[{"embeddable":true,"href":"https:\/\/fit360.ee\/en\/wp-json\/wp\/v2\/media\/83920"}],"wp:attachment":[{"href":"https:\/\/fit360.ee\/en\/wp-json\/wp\/v2\/media?parent=83921"}],"wp:term":[{"taxonomy":"product_brand","embeddable":true,"href":"https:\/\/fit360.ee\/en\/wp-json\/wp\/v2\/product_brand?post=83921"},{"taxonomy":"product_cat","embeddable":true,"href":"https:\/\/fit360.ee\/en\/wp-json\/wp\/v2\/product_cat?post=83921"},{"taxonomy":"product_tag","embeddable":true,"href":"https:\/\/fit360.ee\/en\/wp-json\/wp\/v2\/product_tag?post=83921"},{"taxonomy":"giftcard-category","embeddable":true,"href":"https:\/\/fit360.ee\/en\/wp-json\/wp\/v2\/giftcard-category?post=83921"}],"curies":[{"name":"wp","href":"https:\/\/api.w.org\/{rel}","templated":true}]}}