{"id":84153,"date":"2024-11-17T16:19:41","date_gmt":"2024-11-17T14:19:41","guid":{"rendered":"https:\/\/fit360.ee\/pood\/uncategorized\/vitamiin-d3-4000-iu-k2-100tab\/"},"modified":"2026-02-15T16:47:53","modified_gmt":"2026-02-15T14:47:53","slug":"vitamiin-d3-4000-iu-k2-100tab","status":"publish","type":"product","link":"https:\/\/fit360.ee\/en\/pood\/product-groups\/vitamins-and-minerals-en\/d-vitamin-en\/vitamiin-d3-4000-iu-k2-100tab\/","title":{"rendered":"Vitamiin D3 4000 IU + K2 (100tab)"},"content":{"rendered":"<h2 class=\"cm__heading\"><strong>OstroVit Vitamiin D3 4000 IU + K2 100 tabletti<\/strong><\/h2>\n<p>OstroVit Vitamiin D3 4000 + K2 on kvaliteetne toidulisand, mis on inimorganismi k\u00f5ige paremini omastatava MK-7 kujul D3- ja K2-vitamiini allikas. Tegemist on kergesti neelatavate tablettide kujul oleva preparaadiga, mis on loodud inimestele, kes soovivad oma igap\u00e4evast toitumist v\u00e4\u00e4rtuslike mikroelementidega t\u00e4iendada.<\/p>\n<section class=\"cm__section\">\n<ul class=\"cm__list\">\n<li><strong>D3- ja K2-vitamiini allikas<\/strong>\u00a0\u2013 \u00fcks preparaadi portsjon sisaldab 4000 R\u00dc kolekaltsiferooli ja 100 \u00b5g menakinoon-7-MK-7.<\/li>\n<li><strong>1 portsjon = 1 tablett<\/strong>\u00a0.<\/li>\n<li><strong>T\u00f5husus<\/strong>\u00a0\u2013 tootepakend sisaldab 100 portsjonit toidulisandit.<\/li>\n<li><strong>Mugav vorm<\/strong>\u00a0\u2013 preparaat on saadaval kergesti neelatavate tablettidena, tagades toidulisandi t\u00f5rgeteta manustamise.<\/li>\n<\/ul>\n<h4 class=\"cm__heading\"><strong>OstroVit Vitamiin D3 4000 IU + K2 \u2013 v\u00e4\u00e4rtuslik t\u00e4iendus igap\u00e4evasele toidulauale<\/strong><\/h4>\n<p><a href=\"https:\/\/fit360.ee\/tootekategooria\/tootegrupid\/vitamiinid-mineraalid-ja-muu\/d-vitamiin\/\"><strong>D3-vitamiin<\/strong><\/a>\u00a0tuntud ka kui kolekaltsiferool, on steroidne orgaaniline keemiline \u00fchend, mis kuulub rasvlahustuvate vitamiinide r\u00fchma. Seega on koostisosa imendumine tihedalt seotud rasvade olemasoluga igap\u00e4evases toidus. D3-vitamiin on aine, mis tarnitakse organismi toiduga (seda leidub muuhulgas rasvases merekalas) ja ka naha s\u00fcnteesi teel. Seda s\u00e4ilitatakse aga peamiselt rasvkoes ja maksas.<\/p>\n<p><a href=\"https:\/\/fit360.ee\/tootekategooria\/tootegrupid\/vitamiinid-mineraalid-ja-muu\/k-vitamiin\/\"><strong>K2-vitamiin<\/strong><\/a>\u00a0, mida nimetatakse menakinooniks, on orgaaniline keemiline \u00fchend, mis on klassifitseeritud rasvlahustuvateks vitamiinideks. K2-vitamiin ladestub inimkehas peamiselt maksas. Seda v\u00f5ivad toota seedes\u00fcsteemis esinevad bakterid, mis viiakse organismi koos toiduga (seda leidub nii taimsetes kui loomsetes saadustes), aga ka toidulisandite kujul. OstroVit preparaadis kasutatav vitamiin K2 MK-7 on inimorganismi k\u00f5ige paremini omastatav \u00fchendi vorm, millel on kasulik m\u00f5ju toidulisandi kvaliteedile. Toode sisaldab ka D3-vitamiini, mis toimib s\u00fcnergiliselt K2-vitamiiniga, millel on positiivne m\u00f5ju toidulisandite efektiivsusele.<\/p>\n<h4 class=\"cm__heading\"><strong>OstroVit Vitamin D3 4000 IU + K2 koostisainete omadused<\/strong><\/h4>\n<p>Tootes sisalduv\u00a0<a href=\"https:\/\/fit360.ee\/tootekategooria\/tootegrupid\/vitamiinid-mineraalid-ja-muu\/d-vitamiin\/\" target=\"_blank\" rel=\"noopener\">D-vitamiin<\/a>\u00a0aitab s\u00e4ilitada terveid luid ja hambaid ning lihaste korralikku talitlust ning veelgi enam, see toetab immuuns\u00fcsteemi n\u00f5uetekohast toimimist. \u00dchend aitab ka kaltsiumi ja fosfori \u00f5igel imendumisel ja kasutamisel ning kaltsiumi \u00f5ige taseme s\u00e4ilitamisel veres. Aine osaleb ka rakkude jagunemise protsessis.<\/p>\n<p>Toidulisand sisaldab ka K-vitamiini, mis aitab kaasa \u00f5igele vere h\u00fc\u00fcbimisele ja aitab s\u00e4ilitada terveid luid.<\/p>\n<p class=\"cm__text\"><strong>T\u00c4HELEPANU!<\/strong>\u00a0Toodet ei tohi tarbida inimesed, kes v\u00f5tavad K-vitamiini antagoniste (nt varfariin ja atsenokumarool) sisaldavaid antikoagulante.<\/p>\n<\/section>\n<section class=\"cm__section\">\n<h4 class=\"cm__heading\"><strong>Laboratoorselt kinnitatud kvaliteet<\/strong><\/h4>\n<p class=\"cm__text --bold\">Klientide tervise p\u00e4rast muretsedes testitakse meie toodetud tooteid regulaarselt s\u00f5ltumatus akrediteeritud laboris, et tagada ja s\u00e4ilitada k\u00f5rgeim kvaliteet.<\/p>\n<p><strong>Koostisosad<\/strong>: T\u00e4iteaine: mikrokristalne tselluloos; t\u00e4rklis, kolekaltsiferool (vit. D), menakinoon-7 MK-7 (vit. K) Bacillus subtilis nattost, paakumisvastased ained: rasvhapete magneesiumisoolad, r\u00e4nidioksiid.<\/p>\n<p><strong>Kasutamine<\/strong>: V\u00f5tke 1 portsjon (1 tablett) p\u00e4evas koos toiduga. Toode sobib ideaalselt \u00fcle 75-aastastele inimestele.<\/p>\n<p><strong>Suurus<\/strong>: 100 tabletti.<\/p>\n<table>\n<tbody>\n<tr>\n<th>Aktiivsed koostisained<\/th>\n<th>Portsjoni kohta<\/th>\n<th>% SPK*<\/th>\n<\/tr>\n<tr>\n<td>K-vitamiin<\/td>\n<td>100 \u00b5g<\/td>\n<td>133%<\/td>\n<\/tr>\n<tr>\n<td>D-vitamiin<\/td>\n<td>100 \u00b5g \/ 4000 R\u00dc<\/td>\n<td>2000%<\/td>\n<\/tr>\n<\/tbody>\n<\/table>\n<p>*SPK \u2013 Soovitatud P\u00e4evane kogus.<\/p>\n<p>Vaata ka meie teisi D Vitamiine <a href=\"https:\/\/fit360.ee\/tootekategooria\/tootegrupid\/vitamiinid-mineraalid-ja-muu\/d-vitamiin\/\"><strong>SIIT<\/strong><\/a> v\u00f5i K Vitamiine <a href=\"https:\/\/fit360.ee\/tootekategooria\/tootegrupid\/vitamiinid-mineraalid-ja-muu\/k-vitamiin\/\"><strong>SIIT<\/strong><\/a>!<\/p>\n<p>Soovid kaupa osta suuremas koguses? Vaata antud toodet ka meie HULGI poest\u00a0<a href=\"https:\/\/toidulisandidhulgi.ee\/tooted\/vitamiin-d3-4000-iu-k2-100tab\/\"><strong>SIIT<\/strong><\/a>!<\/p>\n<\/section>\n","protected":false},"excerpt":{"rendered":"<ul class=\"cm__list\">\n<li>D3- ja K2-vitamiini allikas<\/li>\n<li>Toetab immuuns\u00fcsteemi<\/li>\n<li>Toetab luid, liigeseid ja hambaid<\/li>\n<li>Aitab kaasa vere h\u00fc\u00fcbimisele<\/li>\n<li>Efektiivsus<\/li>\n<li>Mugav vorm<\/li>\n<\/ul>\n","protected":false},"featured_media":84152,"comment_status":"open","ping_status":"closed","template":"","meta":[],"product_brand":[],"product_cat":[1913,5320,527,2263,1329,536],"product_tag":[1958,2537,1924,1931,4642,5327],"giftcard-category":[],"class_list":{"0":"post-84153","1":"product","2":"type-product","3":"status-publish","4":"has-post-thumbnail","6":"product_cat-d-vitamin-en","7":"product_cat-for-immunity-en","8":"product_cat-joint-support-en","9":"product_cat-k-vitamin-en","10":"product_cat-ostrovit-en","11":"product_cat-vitamins-and-minerals-en","12":"product_tag-d-vitamiin-en","13":"product_tag-k-vitamiin-en","14":"product_tag-ostrovit-en","15":"product_tag-vitamiin-d-en","16":"product_tag-vitamiin-d3-4000-iu-k2-en","17":"product_tag-vitamiin-k-en","18":"pa_kogus-100-tablets","19":"pa_toidulisand-branddd-ostrovit","20":"pa_tootegruppp-d-vitamiin-en","21":"pa_tootegruppp-for-joints","22":"pa_tootegruppp-immuunsusteem-en","23":"pa_tootegruppp-k-vitamiin-en","24":"pa_tootegruppp-vitamins-and-minerals","26":"first","27":"instock","28":"sale","29":"taxable","30":"shipping-taxable","31":"purchasable","32":"product-type-simple"},"yoast_head":"<!-- This site is optimized with the Yoast SEO plugin v27.3 - https:\/\/yoast.com\/product\/yoast-seo-wordpress\/ -->\n<title>Vitamiin D3 4000 IU + K2 (100tab) - Parim Hind - Kiire Tarne - Fit360<\/title>\n<meta name=\"description\" content=\"Vitamiin D3 4000 IU +K2 on kvaliteetne toidulisand, mis on inimorganismi k\u00f5ige paremini omastatava MK-7 kujul D3- ja K2-vitamiini allikas. Tegemist on ker..\" \/>\n<meta name=\"robots\" content=\"index, follow, max-snippet:-1, max-image-preview:large, max-video-preview:-1\" \/>\n<link rel=\"canonical\" href=\"https:\/\/fit360.ee\/en\/pood\/product-groups\/vitamins-and-minerals-en\/d-vitamin-en\/vitamiin-d3-4000-iu-k2-100tab\/\" \/>\n<meta property=\"og:locale\" content=\"en_US\" \/>\n<meta property=\"og:type\" content=\"article\" \/>\n<meta property=\"og:title\" content=\"Vitamiin D3 4000 IU + K2 (100tab) - Parim Hind - Kiire Tarne - Fit360\" \/>\n<meta property=\"og:description\" content=\"Vitamiin D3 4000 IU +K2 on kvaliteetne toidulisand, mis on inimorganismi k\u00f5ige paremini omastatava MK-7 kujul D3- ja K2-vitamiini allikas. Tegemist on ker..\" \/>\n<meta property=\"og:url\" content=\"https:\/\/fit360.ee\/en\/pood\/product-groups\/vitamins-and-minerals-en\/d-vitamin-en\/vitamiin-d3-4000-iu-k2-100tab\/\" \/>\n<meta property=\"og:site_name\" content=\"Fit360\" \/>\n<meta property=\"article:modified_time\" content=\"2026-02-15T14:47:53+00:00\" \/>\n<meta property=\"og:image\" content=\"https:\/\/fit360.ee\/wp-content\/uploads\/2024\/11\/Vitamiin-D3-4000-IU-K2-fit360.ee-1.png\" \/>\n\t<meta property=\"og:image:width\" content=\"450\" \/>\n\t<meta property=\"og:image:height\" content=\"450\" \/>\n\t<meta property=\"og:image:type\" content=\"image\/png\" \/>\n<meta name=\"twitter:card\" content=\"summary_large_image\" \/>\n<meta name=\"twitter:label1\" content=\"Est. reading time\" \/>\n\t<meta name=\"twitter:data1\" content=\"3 minutes\" \/>\n<script type=\"application\/ld+json\" class=\"yoast-schema-graph\">{\"@context\":\"https:\\\/\\\/schema.org\",\"@graph\":[{\"@type\":\"WebPage\",\"@id\":\"https:\\\/\\\/fit360.ee\\\/en\\\/pood\\\/product-groups\\\/vitamins-and-minerals-en\\\/d-vitamin-en\\\/vitamiin-d3-4000-iu-k2-100tab\\\/\",\"url\":\"https:\\\/\\\/fit360.ee\\\/en\\\/pood\\\/product-groups\\\/vitamins-and-minerals-en\\\/d-vitamin-en\\\/vitamiin-d3-4000-iu-k2-100tab\\\/\",\"name\":\"Vitamiin D3 4000 IU + K2 (100tab) - Parim Hind - Kiire Tarne - Fit360\",\"isPartOf\":{\"@id\":\"https:\\\/\\\/fit360.ee\\\/en\\\/#website\"},\"primaryImageOfPage\":{\"@id\":\"https:\\\/\\\/fit360.ee\\\/en\\\/pood\\\/product-groups\\\/vitamins-and-minerals-en\\\/d-vitamin-en\\\/vitamiin-d3-4000-iu-k2-100tab\\\/#primaryimage\"},\"image\":{\"@id\":\"https:\\\/\\\/fit360.ee\\\/en\\\/pood\\\/product-groups\\\/vitamins-and-minerals-en\\\/d-vitamin-en\\\/vitamiin-d3-4000-iu-k2-100tab\\\/#primaryimage\"},\"thumbnailUrl\":\"https:\\\/\\\/fit360.ee\\\/wp-content\\\/uploads\\\/2024\\\/11\\\/Vitamiin-D3-4000-IU-K2-fit360.ee-1.png\",\"datePublished\":\"2024-11-17T14:19:41+00:00\",\"dateModified\":\"2026-02-15T14:47:53+00:00\",\"description\":\"Vitamiin D3 4000 IU +K2 on kvaliteetne toidulisand, mis on inimorganismi k\u00f5ige paremini omastatava MK-7 kujul D3- ja K2-vitamiini allikas. Tegemist on ker..\",\"breadcrumb\":{\"@id\":\"https:\\\/\\\/fit360.ee\\\/en\\\/pood\\\/product-groups\\\/vitamins-and-minerals-en\\\/d-vitamin-en\\\/vitamiin-d3-4000-iu-k2-100tab\\\/#breadcrumb\"},\"inLanguage\":\"en-US\",\"potentialAction\":[{\"@type\":\"ReadAction\",\"target\":[\"https:\\\/\\\/fit360.ee\\\/en\\\/pood\\\/product-groups\\\/vitamins-and-minerals-en\\\/d-vitamin-en\\\/vitamiin-d3-4000-iu-k2-100tab\\\/\"]}]},{\"@type\":\"ImageObject\",\"inLanguage\":\"en-US\",\"@id\":\"https:\\\/\\\/fit360.ee\\\/en\\\/pood\\\/product-groups\\\/vitamins-and-minerals-en\\\/d-vitamin-en\\\/vitamiin-d3-4000-iu-k2-100tab\\\/#primaryimage\",\"url\":\"https:\\\/\\\/fit360.ee\\\/wp-content\\\/uploads\\\/2024\\\/11\\\/Vitamiin-D3-4000-IU-K2-fit360.ee-1.png\",\"contentUrl\":\"https:\\\/\\\/fit360.ee\\\/wp-content\\\/uploads\\\/2024\\\/11\\\/Vitamiin-D3-4000-IU-K2-fit360.ee-1.png\",\"width\":450,\"height\":450,\"caption\":\"Vitamiin D3 4000 IU + K2 - fit360.ee\"},{\"@type\":\"BreadcrumbList\",\"@id\":\"https:\\\/\\\/fit360.ee\\\/en\\\/pood\\\/product-groups\\\/vitamins-and-minerals-en\\\/d-vitamin-en\\\/vitamiin-d3-4000-iu-k2-100tab\\\/#breadcrumb\",\"itemListElement\":[{\"@type\":\"ListItem\",\"position\":1,\"name\":\"Home\",\"item\":\"https:\\\/\\\/fit360.ee\\\/en\\\/\"},{\"@type\":\"ListItem\",\"position\":2,\"name\":\"Shop\",\"item\":\"https:\\\/\\\/fit360.ee\\\/en\\\/shop\\\/\"},{\"@type\":\"ListItem\",\"position\":3,\"name\":\"Vitamiin D3 4000 IU + K2 (100tab)\"}]},{\"@type\":\"WebSite\",\"@id\":\"https:\\\/\\\/fit360.ee\\\/en\\\/#website\",\"url\":\"https:\\\/\\\/fit360.ee\\\/en\\\/\",\"name\":\"Fit360\",\"description\":\"\",\"publisher\":{\"@id\":\"https:\\\/\\\/fit360.ee\\\/en\\\/#organization\"},\"potentialAction\":[{\"@type\":\"SearchAction\",\"target\":{\"@type\":\"EntryPoint\",\"urlTemplate\":\"https:\\\/\\\/fit360.ee\\\/en\\\/?s={search_term_string}\"},\"query-input\":{\"@type\":\"PropertyValueSpecification\",\"valueRequired\":true,\"valueName\":\"search_term_string\"}}],\"inLanguage\":\"en-US\"},{\"@type\":\"Organization\",\"@id\":\"https:\\\/\\\/fit360.ee\\\/en\\\/#organization\",\"name\":\"Fit360\",\"url\":\"https:\\\/\\\/fit360.ee\\\/en\\\/\",\"logo\":{\"@type\":\"ImageObject\",\"inLanguage\":\"en-US\",\"@id\":\"https:\\\/\\\/fit360.ee\\\/en\\\/#\\\/schema\\\/logo\\\/image\\\/\",\"url\":\"https:\\\/\\\/fit360.ee\\\/wp-content\\\/uploads\\\/2017\\\/01\\\/logo-fit360.png\",\"contentUrl\":\"https:\\\/\\\/fit360.ee\\\/wp-content\\\/uploads\\\/2017\\\/01\\\/logo-fit360.png\",\"width\":180,\"height\":66,\"caption\":\"Fit360\"},\"image\":{\"@id\":\"https:\\\/\\\/fit360.ee\\\/en\\\/#\\\/schema\\\/logo\\\/image\\\/\"}}]}<\/script>\n<!-- \/ Yoast SEO plugin. -->","yoast_head_json":{"title":"Vitamiin D3 4000 IU + K2 (100tab) - Parim Hind - Kiire Tarne - Fit360","description":"Vitamiin D3 4000 IU +K2 on kvaliteetne toidulisand, mis on inimorganismi k\u00f5ige paremini omastatava MK-7 kujul D3- ja K2-vitamiini allikas. Tegemist on ker..","robots":{"index":"index","follow":"follow","max-snippet":"max-snippet:-1","max-image-preview":"max-image-preview:large","max-video-preview":"max-video-preview:-1"},"canonical":"https:\/\/fit360.ee\/en\/pood\/product-groups\/vitamins-and-minerals-en\/d-vitamin-en\/vitamiin-d3-4000-iu-k2-100tab\/","og_locale":"en_US","og_type":"article","og_title":"Vitamiin D3 4000 IU + K2 (100tab) - Parim Hind - Kiire Tarne - Fit360","og_description":"Vitamiin D3 4000 IU +K2 on kvaliteetne toidulisand, mis on inimorganismi k\u00f5ige paremini omastatava MK-7 kujul D3- ja K2-vitamiini allikas. Tegemist on ker..","og_url":"https:\/\/fit360.ee\/en\/pood\/product-groups\/vitamins-and-minerals-en\/d-vitamin-en\/vitamiin-d3-4000-iu-k2-100tab\/","og_site_name":"Fit360","article_modified_time":"2026-02-15T14:47:53+00:00","og_image":[{"width":450,"height":450,"url":"https:\/\/fit360.ee\/wp-content\/uploads\/2024\/11\/Vitamiin-D3-4000-IU-K2-fit360.ee-1.png","type":"image\/png"}],"twitter_card":"summary_large_image","twitter_misc":{"Est. reading time":"3 minutes"},"schema":{"@context":"https:\/\/schema.org","@graph":[{"@type":"WebPage","@id":"https:\/\/fit360.ee\/en\/pood\/product-groups\/vitamins-and-minerals-en\/d-vitamin-en\/vitamiin-d3-4000-iu-k2-100tab\/","url":"https:\/\/fit360.ee\/en\/pood\/product-groups\/vitamins-and-minerals-en\/d-vitamin-en\/vitamiin-d3-4000-iu-k2-100tab\/","name":"Vitamiin D3 4000 IU + K2 (100tab) - Parim Hind - Kiire Tarne - Fit360","isPartOf":{"@id":"https:\/\/fit360.ee\/en\/#website"},"primaryImageOfPage":{"@id":"https:\/\/fit360.ee\/en\/pood\/product-groups\/vitamins-and-minerals-en\/d-vitamin-en\/vitamiin-d3-4000-iu-k2-100tab\/#primaryimage"},"image":{"@id":"https:\/\/fit360.ee\/en\/pood\/product-groups\/vitamins-and-minerals-en\/d-vitamin-en\/vitamiin-d3-4000-iu-k2-100tab\/#primaryimage"},"thumbnailUrl":"https:\/\/fit360.ee\/wp-content\/uploads\/2024\/11\/Vitamiin-D3-4000-IU-K2-fit360.ee-1.png","datePublished":"2024-11-17T14:19:41+00:00","dateModified":"2026-02-15T14:47:53+00:00","description":"Vitamiin D3 4000 IU +K2 on kvaliteetne toidulisand, mis on inimorganismi k\u00f5ige paremini omastatava MK-7 kujul D3- ja K2-vitamiini allikas. Tegemist on ker..","breadcrumb":{"@id":"https:\/\/fit360.ee\/en\/pood\/product-groups\/vitamins-and-minerals-en\/d-vitamin-en\/vitamiin-d3-4000-iu-k2-100tab\/#breadcrumb"},"inLanguage":"en-US","potentialAction":[{"@type":"ReadAction","target":["https:\/\/fit360.ee\/en\/pood\/product-groups\/vitamins-and-minerals-en\/d-vitamin-en\/vitamiin-d3-4000-iu-k2-100tab\/"]}]},{"@type":"ImageObject","inLanguage":"en-US","@id":"https:\/\/fit360.ee\/en\/pood\/product-groups\/vitamins-and-minerals-en\/d-vitamin-en\/vitamiin-d3-4000-iu-k2-100tab\/#primaryimage","url":"https:\/\/fit360.ee\/wp-content\/uploads\/2024\/11\/Vitamiin-D3-4000-IU-K2-fit360.ee-1.png","contentUrl":"https:\/\/fit360.ee\/wp-content\/uploads\/2024\/11\/Vitamiin-D3-4000-IU-K2-fit360.ee-1.png","width":450,"height":450,"caption":"Vitamiin D3 4000 IU + K2 - fit360.ee"},{"@type":"BreadcrumbList","@id":"https:\/\/fit360.ee\/en\/pood\/product-groups\/vitamins-and-minerals-en\/d-vitamin-en\/vitamiin-d3-4000-iu-k2-100tab\/#breadcrumb","itemListElement":[{"@type":"ListItem","position":1,"name":"Home","item":"https:\/\/fit360.ee\/en\/"},{"@type":"ListItem","position":2,"name":"Shop","item":"https:\/\/fit360.ee\/en\/shop\/"},{"@type":"ListItem","position":3,"name":"Vitamiin D3 4000 IU + K2 (100tab)"}]},{"@type":"WebSite","@id":"https:\/\/fit360.ee\/en\/#website","url":"https:\/\/fit360.ee\/en\/","name":"Fit360","description":"","publisher":{"@id":"https:\/\/fit360.ee\/en\/#organization"},"potentialAction":[{"@type":"SearchAction","target":{"@type":"EntryPoint","urlTemplate":"https:\/\/fit360.ee\/en\/?s={search_term_string}"},"query-input":{"@type":"PropertyValueSpecification","valueRequired":true,"valueName":"search_term_string"}}],"inLanguage":"en-US"},{"@type":"Organization","@id":"https:\/\/fit360.ee\/en\/#organization","name":"Fit360","url":"https:\/\/fit360.ee\/en\/","logo":{"@type":"ImageObject","inLanguage":"en-US","@id":"https:\/\/fit360.ee\/en\/#\/schema\/logo\/image\/","url":"https:\/\/fit360.ee\/wp-content\/uploads\/2017\/01\/logo-fit360.png","contentUrl":"https:\/\/fit360.ee\/wp-content\/uploads\/2017\/01\/logo-fit360.png","width":180,"height":66,"caption":"Fit360"},"image":{"@id":"https:\/\/fit360.ee\/en\/#\/schema\/logo\/image\/"}}]}},"_links":{"self":[{"href":"https:\/\/fit360.ee\/en\/wp-json\/wp\/v2\/product\/84153","targetHints":{"allow":["GET"]}}],"collection":[{"href":"https:\/\/fit360.ee\/en\/wp-json\/wp\/v2\/product"}],"about":[{"href":"https:\/\/fit360.ee\/en\/wp-json\/wp\/v2\/types\/product"}],"replies":[{"embeddable":true,"href":"https:\/\/fit360.ee\/en\/wp-json\/wp\/v2\/comments?post=84153"}],"wp:featuredmedia":[{"embeddable":true,"href":"https:\/\/fit360.ee\/en\/wp-json\/wp\/v2\/media\/84152"}],"wp:attachment":[{"href":"https:\/\/fit360.ee\/en\/wp-json\/wp\/v2\/media?parent=84153"}],"wp:term":[{"taxonomy":"product_brand","embeddable":true,"href":"https:\/\/fit360.ee\/en\/wp-json\/wp\/v2\/product_brand?post=84153"},{"taxonomy":"product_cat","embeddable":true,"href":"https:\/\/fit360.ee\/en\/wp-json\/wp\/v2\/product_cat?post=84153"},{"taxonomy":"product_tag","embeddable":true,"href":"https:\/\/fit360.ee\/en\/wp-json\/wp\/v2\/product_tag?post=84153"},{"taxonomy":"giftcard-category","embeddable":true,"href":"https:\/\/fit360.ee\/en\/wp-json\/wp\/v2\/giftcard-category?post=84153"}],"curies":[{"name":"wp","href":"https:\/\/api.w.org\/{rel}","templated":true}]}}