{"id":84157,"date":"2024-11-17T16:34:34","date_gmt":"2024-11-17T14:34:34","guid":{"rendered":"https:\/\/fit360.ee\/pood\/uncategorized\/magnesium-max-cramp-60tabs\/"},"modified":"2026-04-10T16:41:25","modified_gmt":"2026-04-10T14:41:25","slug":"magnesium-max-cramp-60tabs","status":"publish","type":"product","link":"https:\/\/fit360.ee\/en\/pood\/product-groups\/vitamins-and-minerals-en\/magnesium-en\/magnesium-max-cramp-60tabs\/","title":{"rendered":"Magnesium Max Cramp (60tabs)"},"content":{"rendered":"<h2><strong>Magnesium Max Cramp<\/strong><\/h2>\n<p>OstroVit Magnesium Max Cramp on toidulisand, mis on k\u00f5rge biosaadavusega magneesiumi allikas. Lisaks sisaldab preparaat ka kaaliumi ja vitamiini B6. See toode on saadaval kergesti neelatavate tablettidena, mis on loodud f\u00fc\u00fcsiliselt aktiivsetele inimestele ja neile, kes soovivad oma igap\u00e4evast toitumist v\u00e4\u00e4rtuslike \u00fchenditega t\u00e4iendada.<\/p>\n<section class=\"cm__section\">\n<ul class=\"cm__list\">\n<li><strong>V\u00e4\u00e4rtuslike mikroelementide allikas<\/strong>\u00a0\u2013 \u00fcks toidulisandi portsjon annab organismile 56 mg magneesiumi, samuti 108 mg kaaliumi ja 0,21 mg B6-vitamiini.<\/li>\n<li><strong>1 portsjon = 1 tablett.<\/strong><\/li>\n<li><strong>T\u00f5husus<\/strong>\u00a0\u2013 tootepakendis on 60 portsjonit preparaati, millest piisab kahekuuliseks regulaarseks toidulisandiks.<\/li>\n<li><strong>Mugav vorm<\/strong>\u00a0&#8211; preparaat on saadaval kergesti neelatavate tablettidena, tagades toidulisandi t\u00f5rgeteta manustamise.<\/li>\n<\/ul>\n<h4 class=\"cm__heading\"><strong>OstroVit Magnesium Max Contraction \u2013 v\u00e4\u00e4rtuslike mikroelementide komplekt<\/strong><\/h4>\n<p><a href=\"https:\/\/fit360.ee\/en\/product-category\/product-groups\/vitamins-and-minerals-en\/magnesium-en\/\"><strong>Magneesium<\/strong><\/a>\u00a0\u2013 keemiline element s\u00fcmboliga Mg. Mineraal, mis on klassifitseeritud makroelemendiks, kuna seda esineb inimkehas m\u00e4rkimisv\u00e4\u00e4rses koguses. Inimorganismis ladestub\u00a0<a href=\"https:\/\/ostrovit.com\/pl\/menu\/magnez-18801.html\" target=\"_blank\" rel=\"noopener\">magneesium<\/a>\u00a0peamiselt luudesse ja lihastesse ning veres leidub vaid 1% elementi. See on toidus laialt levinud \u00fchend, mida leidub nii loomsetes kui ka taimsetes saadustes. Magneesiumi toiduallikate hulka kuuluvad: t\u00e4isteratooted, kuivad kaunviljad, aga ka p\u00e4hklid ja rohelised lehtk\u00f6\u00f6giviljad.<\/p>\n<p><a href=\"https:\/\/fit360.ee\/en\/product-category\/product-groups\/vitamins-and-minerals-en\/potassium-en\/\"><strong>Kaalium<\/strong><\/a>\u00a0\u2013 keemiline element s\u00fcmboliga K, mis on inimkehas k\u00f5ige enam esinev rakusisene katioon. Ligikaudu 98% mineraalainest, mis on vajalik organismi korralikuks toimimiseks, asub keharakkudes, peamiselt lihastes. Kaaliumi v\u00f5ib keha varustada toiduga \u2013 elementi v\u00f5ib leida paljudes erinevates toiduainetes, sealhulgas: muu hulgas kuivades kaunviljade seemnetes, p\u00e4hklites, k\u00f6\u00f6giviljades, nagu spinat, kartul ja k\u00f5rvits, ning puuviljades. avokaados, banaanis ja aprikoosides.<\/p>\n<p><strong>Vitamiin B6<\/strong>\u00a0p\u00fcridoksiin \u2013 B-vitamiinide hulka kuuluv vees lahustuv koostisaine \u00dchendit leidub eelk\u00f5ige t\u00e4istera teraviljatoodetes, aga ka rupsis ja kuivatatud kaunviljade seemnetes.<\/p>\n<h4 class=\"cm__heading\"><strong>OstroVit Magnesium Max Shrinkage&#8217;is sisalduvate koostisosade omadused<\/strong><\/h4>\n<p><strong>Magneesium<\/strong>\u00a0aitab v\u00e4hendada v\u00e4simus- ja kurnatustunnet ning lisaks aitab s\u00e4ilitada elektrol\u00fc\u00fctide tasakaalu. Koostisaine toetab lihaste ja n\u00e4rvis\u00fcsteemi n\u00f5uetekohast talitlust ning aitab s\u00e4ilitada terveid hambaid ja luid. See on \u00fchend, mis m\u00e4ngib rolli rakkude jagunemise protsessis ja toetab ka optimaalset valgus\u00fcnteesi.<\/p>\n<p><strong>Kaalium<\/strong>\u00a0aitab kaasa n\u00e4rvis\u00fcsteemi n\u00f5uetekohasele toimimisele ja toetab lihaste n\u00f5uetekohast toimimist. Lisaks aitab see s\u00e4ilitada optimaalset verer\u00f5hku.<\/p>\n<p><strong>B6-vitamiin<\/strong>\u00a0aitab s\u00e4ilitada \u00f5iget energiavahetust ja toetab n\u00e4rvis\u00fcsteemi n\u00f5uetekohast talitlust. See on \u00fchend, mis aitab s\u00e4ilitada optimaalset valkude ja gl\u00fckogeeni ainevahetust ning mis veelgi enam, see aitab kaasa punaste vereliblede \u00f5igele tootmisele ning v\u00e4hendab v\u00e4simus- ja kurnatustunnet. \u00dchend aitab kaasa ka ts\u00fcsteiini \u00f5igele s\u00fcnteesile ja toetab homots\u00fcsteiini \u00f5ige metabolismi s\u00e4ilitamist ning toetab immuuns\u00fcsteemi optimaalset talitlust.<\/p>\n<\/section>\n<section class=\"cm__section\">\n<div class=\"cm__heading\"><strong>Laboratoorselt kinnitatud kvaliteet<\/strong><\/div>\n<p class=\"cm__text --bold\">Klientide tervise p\u00e4rast muretsedes testitakse meie toodetud tooteid regulaarselt s\u00f5ltumatus akrediteeritud laboris, et tagada ja s\u00e4ilitada k\u00f5rgeim kvaliteet.<\/p>\n<p><strong>Koostisosad<\/strong>: Sidrunhappe magneesiumisoolad (magneesium), kaaliumtsitraat (kaalium), t\u00e4iteained: mikrokristalne tselluloos; t\u00e4rklis, paakumisvastased ained: rasvhapete magneesiumisoolad, r\u00e4nidioksiid; p\u00fcridoksiinvesinikkloriid (vitamiin B6).<\/p>\n<p>Toode v\u00f5ib sisaldada piima (sh laktoosi), soja, maap\u00e4hkleid, muid p\u00e4hkleid, seesamiseemneid, gluteeni sisaldavaid teravilju, mune, v\u00e4hilaadseid, kala.<\/p>\n<p><strong>Kasutamine<\/strong>: V\u00f5tke 1 portsjon (1 tablett) p\u00e4evas 15 minuti jooksul. p\u00e4rast s\u00f6\u00f6ki.<\/p>\n<p><strong>Suurus<\/strong>: 60 tabletti &#8211; 60 serveeringut.<\/p>\n<table>\n<tbody>\n<tr>\n<th>Aktiivsed koostisained<\/th>\n<th>Portsjoni kohta<\/th>\n<th>% SPK*<\/th>\n<\/tr>\n<tr>\n<td>Magneesium<\/td>\n<td>56 mg<\/td>\n<td>15%<\/td>\n<\/tr>\n<tr>\n<td>Kaalium<\/td>\n<td>108 mg<\/td>\n<td>5,4%<\/td>\n<\/tr>\n<tr>\n<td>Vitamiin B6<\/td>\n<td>0,21 mg<\/td>\n<td>15%<\/td>\n<\/tr>\n<\/tbody>\n<\/table>\n<p>*SPK \u2013 Soovitatud P\u00e4evane kogus<\/p>\n<p>Vaata ka meie Teisi Magneesiume <a href=\"https:\/\/fit360.ee\/en\/product-category\/product-groups\/vitamins-and-minerals-en\/magnesium-en\/\"><strong>SIIT<\/strong> <\/a>v\u00f5i Kaaliume <a href=\"https:\/\/fit360.ee\/en\/product-category\/product-groups\/vitamins-and-minerals-en\/potassium-en\/\"><strong>SIIT<\/strong><\/a>!<\/p>\n<p>Soovid kaupa osta suuremas koguses? Vaata antud toodet ka meie HULGI poest\u00a0<a href=\"https:\/\/toidulisandidhulgi.ee\/tooted\/magnesium-max-cramp-60tabs\/\"><strong>SIIT<\/strong><\/a>!<\/p>\n<\/section>\n","protected":false},"excerpt":{"rendered":"<ul>\n<li>T\u00f5hus<\/li>\n<li>Mugav vorm<\/li>\n<li>Sisaldab Magneesiumi ja Kaaliumi<\/li>\n<li>Toetab luid, liigeseid ja hambaid<\/li>\n<li>Aitab lihaskrampide vastu<\/li>\n<\/ul>\n","protected":false},"featured_media":84156,"comment_status":"open","ping_status":"closed","template":"","meta":[],"product_brand":[],"product_cat":[5320,527,1915,1329,2271,536],"product_tag":[2185,2190,5329,1924],"giftcard-category":[],"class_list":{"0":"post-84157","1":"product","2":"type-product","3":"status-publish","4":"has-post-thumbnail","6":"product_cat-for-immunity-en","7":"product_cat-joint-support-en","8":"product_cat-magnesium-en","9":"product_cat-ostrovit-en","10":"product_cat-potassium-en","11":"product_cat-vitamins-and-minerals-en","12":"product_tag-kaalium-en","13":"product_tag-magneesium-en","14":"product_tag-magnesium-max-cramp-en","15":"product_tag-ostrovit-en","16":"pa_kogus-60-tablets","17":"pa_toidulisand-branddd-ostrovit","18":"pa_tootegruppp-for-joints","19":"pa_tootegruppp-immuunsusteem-en","20":"pa_tootegruppp-kaalium-en","21":"pa_tootegruppp-magneesium-en","22":"pa_tootegruppp-vitamins-and-minerals","24":"first","25":"outofstock","26":"sale","27":"taxable","28":"shipping-taxable","29":"purchasable","30":"product-type-simple"},"yoast_head":"<!-- This site is optimized with the Yoast SEO plugin v27.3 - https:\/\/yoast.com\/product\/yoast-seo-wordpress\/ -->\n<title>Magnesium Max Cramp (60tabs) - Magneesium + Kaalium - Fit360<\/title>\n<meta name=\"description\" content=\"Magnesium Max Cramp on toidulisand, mis on k\u00f5rge biosaadavusega magneesiumi allikas. Lisaks sisaldab preparaat ka kaaliumi ja vitamiini B6. Kiire Tarne!\" \/>\n<meta name=\"robots\" content=\"index, follow, max-snippet:-1, max-image-preview:large, max-video-preview:-1\" \/>\n<link rel=\"canonical\" href=\"https:\/\/fit360.ee\/en\/pood\/product-groups\/vitamins-and-minerals-en\/magnesium-en\/magnesium-max-cramp-60tabs\/\" \/>\n<meta property=\"og:locale\" content=\"en_US\" \/>\n<meta property=\"og:type\" content=\"article\" \/>\n<meta property=\"og:title\" content=\"Magnesium Max Cramp (60tabs) - Magneesium + Kaalium - Fit360\" \/>\n<meta property=\"og:description\" content=\"Magnesium Max Cramp on toidulisand, mis on k\u00f5rge biosaadavusega magneesiumi allikas. Lisaks sisaldab preparaat ka kaaliumi ja vitamiini B6. Kiire Tarne!\" \/>\n<meta property=\"og:url\" content=\"https:\/\/fit360.ee\/en\/pood\/product-groups\/vitamins-and-minerals-en\/magnesium-en\/magnesium-max-cramp-60tabs\/\" \/>\n<meta property=\"og:site_name\" content=\"Fit360\" \/>\n<meta property=\"article:modified_time\" content=\"2026-04-10T14:41:25+00:00\" \/>\n<meta property=\"og:image\" content=\"https:\/\/fit360.ee\/wp-content\/uploads\/2024\/11\/magnesium-max-cramp-fit360.ee-1.png\" \/>\n\t<meta property=\"og:image:width\" content=\"450\" \/>\n\t<meta property=\"og:image:height\" content=\"450\" \/>\n\t<meta property=\"og:image:type\" content=\"image\/png\" \/>\n<meta name=\"twitter:card\" content=\"summary_large_image\" \/>\n<meta name=\"twitter:label1\" content=\"Est. reading time\" \/>\n\t<meta name=\"twitter:data1\" content=\"3 minutes\" \/>\n<script type=\"application\/ld+json\" class=\"yoast-schema-graph\">{\"@context\":\"https:\\\/\\\/schema.org\",\"@graph\":[{\"@type\":\"WebPage\",\"@id\":\"https:\\\/\\\/fit360.ee\\\/en\\\/pood\\\/product-groups\\\/vitamins-and-minerals-en\\\/magnesium-en\\\/magnesium-max-cramp-60tabs\\\/\",\"url\":\"https:\\\/\\\/fit360.ee\\\/en\\\/pood\\\/product-groups\\\/vitamins-and-minerals-en\\\/magnesium-en\\\/magnesium-max-cramp-60tabs\\\/\",\"name\":\"Magnesium Max Cramp (60tabs) - Magneesium + Kaalium - Fit360\",\"isPartOf\":{\"@id\":\"https:\\\/\\\/fit360.ee\\\/en\\\/#website\"},\"primaryImageOfPage\":{\"@id\":\"https:\\\/\\\/fit360.ee\\\/en\\\/pood\\\/product-groups\\\/vitamins-and-minerals-en\\\/magnesium-en\\\/magnesium-max-cramp-60tabs\\\/#primaryimage\"},\"image\":{\"@id\":\"https:\\\/\\\/fit360.ee\\\/en\\\/pood\\\/product-groups\\\/vitamins-and-minerals-en\\\/magnesium-en\\\/magnesium-max-cramp-60tabs\\\/#primaryimage\"},\"thumbnailUrl\":\"https:\\\/\\\/fit360.ee\\\/wp-content\\\/uploads\\\/2024\\\/11\\\/magnesium-max-cramp-fit360.ee-1.png\",\"datePublished\":\"2024-11-17T14:34:34+00:00\",\"dateModified\":\"2026-04-10T14:41:25+00:00\",\"description\":\"Magnesium Max Cramp on toidulisand, mis on k\u00f5rge biosaadavusega magneesiumi allikas. Lisaks sisaldab preparaat ka kaaliumi ja vitamiini B6. Kiire Tarne!\",\"breadcrumb\":{\"@id\":\"https:\\\/\\\/fit360.ee\\\/en\\\/pood\\\/product-groups\\\/vitamins-and-minerals-en\\\/magnesium-en\\\/magnesium-max-cramp-60tabs\\\/#breadcrumb\"},\"inLanguage\":\"en-US\",\"potentialAction\":[{\"@type\":\"ReadAction\",\"target\":[\"https:\\\/\\\/fit360.ee\\\/en\\\/pood\\\/product-groups\\\/vitamins-and-minerals-en\\\/magnesium-en\\\/magnesium-max-cramp-60tabs\\\/\"]}]},{\"@type\":\"ImageObject\",\"inLanguage\":\"en-US\",\"@id\":\"https:\\\/\\\/fit360.ee\\\/en\\\/pood\\\/product-groups\\\/vitamins-and-minerals-en\\\/magnesium-en\\\/magnesium-max-cramp-60tabs\\\/#primaryimage\",\"url\":\"https:\\\/\\\/fit360.ee\\\/wp-content\\\/uploads\\\/2024\\\/11\\\/magnesium-max-cramp-fit360.ee-1.png\",\"contentUrl\":\"https:\\\/\\\/fit360.ee\\\/wp-content\\\/uploads\\\/2024\\\/11\\\/magnesium-max-cramp-fit360.ee-1.png\",\"width\":450,\"height\":450,\"caption\":\"magnesium max cramp - fit360.ee\"},{\"@type\":\"BreadcrumbList\",\"@id\":\"https:\\\/\\\/fit360.ee\\\/en\\\/pood\\\/product-groups\\\/vitamins-and-minerals-en\\\/magnesium-en\\\/magnesium-max-cramp-60tabs\\\/#breadcrumb\",\"itemListElement\":[{\"@type\":\"ListItem\",\"position\":1,\"name\":\"Home\",\"item\":\"https:\\\/\\\/fit360.ee\\\/en\\\/\"},{\"@type\":\"ListItem\",\"position\":2,\"name\":\"Shop\",\"item\":\"https:\\\/\\\/fit360.ee\\\/en\\\/shop\\\/\"},{\"@type\":\"ListItem\",\"position\":3,\"name\":\"Magnesium Max Cramp (60tabs)\"}]},{\"@type\":\"WebSite\",\"@id\":\"https:\\\/\\\/fit360.ee\\\/en\\\/#website\",\"url\":\"https:\\\/\\\/fit360.ee\\\/en\\\/\",\"name\":\"Fit360\",\"description\":\"\",\"publisher\":{\"@id\":\"https:\\\/\\\/fit360.ee\\\/en\\\/#organization\"},\"potentialAction\":[{\"@type\":\"SearchAction\",\"target\":{\"@type\":\"EntryPoint\",\"urlTemplate\":\"https:\\\/\\\/fit360.ee\\\/en\\\/?s={search_term_string}\"},\"query-input\":{\"@type\":\"PropertyValueSpecification\",\"valueRequired\":true,\"valueName\":\"search_term_string\"}}],\"inLanguage\":\"en-US\"},{\"@type\":\"Organization\",\"@id\":\"https:\\\/\\\/fit360.ee\\\/en\\\/#organization\",\"name\":\"Fit360\",\"url\":\"https:\\\/\\\/fit360.ee\\\/en\\\/\",\"logo\":{\"@type\":\"ImageObject\",\"inLanguage\":\"en-US\",\"@id\":\"https:\\\/\\\/fit360.ee\\\/en\\\/#\\\/schema\\\/logo\\\/image\\\/\",\"url\":\"https:\\\/\\\/fit360.ee\\\/wp-content\\\/uploads\\\/2017\\\/01\\\/logo-fit360.png\",\"contentUrl\":\"https:\\\/\\\/fit360.ee\\\/wp-content\\\/uploads\\\/2017\\\/01\\\/logo-fit360.png\",\"width\":180,\"height\":66,\"caption\":\"Fit360\"},\"image\":{\"@id\":\"https:\\\/\\\/fit360.ee\\\/en\\\/#\\\/schema\\\/logo\\\/image\\\/\"}}]}<\/script>\n<!-- \/ Yoast SEO plugin. -->","yoast_head_json":{"title":"Magnesium Max Cramp (60tabs) - Magneesium + Kaalium - Fit360","description":"Magnesium Max Cramp on toidulisand, mis on k\u00f5rge biosaadavusega magneesiumi allikas. Lisaks sisaldab preparaat ka kaaliumi ja vitamiini B6. Kiire Tarne!","robots":{"index":"index","follow":"follow","max-snippet":"max-snippet:-1","max-image-preview":"max-image-preview:large","max-video-preview":"max-video-preview:-1"},"canonical":"https:\/\/fit360.ee\/en\/pood\/product-groups\/vitamins-and-minerals-en\/magnesium-en\/magnesium-max-cramp-60tabs\/","og_locale":"en_US","og_type":"article","og_title":"Magnesium Max Cramp (60tabs) - Magneesium + Kaalium - Fit360","og_description":"Magnesium Max Cramp on toidulisand, mis on k\u00f5rge biosaadavusega magneesiumi allikas. Lisaks sisaldab preparaat ka kaaliumi ja vitamiini B6. Kiire Tarne!","og_url":"https:\/\/fit360.ee\/en\/pood\/product-groups\/vitamins-and-minerals-en\/magnesium-en\/magnesium-max-cramp-60tabs\/","og_site_name":"Fit360","article_modified_time":"2026-04-10T14:41:25+00:00","og_image":[{"width":450,"height":450,"url":"https:\/\/fit360.ee\/wp-content\/uploads\/2024\/11\/magnesium-max-cramp-fit360.ee-1.png","type":"image\/png"}],"twitter_card":"summary_large_image","twitter_misc":{"Est. reading time":"3 minutes"},"schema":{"@context":"https:\/\/schema.org","@graph":[{"@type":"WebPage","@id":"https:\/\/fit360.ee\/en\/pood\/product-groups\/vitamins-and-minerals-en\/magnesium-en\/magnesium-max-cramp-60tabs\/","url":"https:\/\/fit360.ee\/en\/pood\/product-groups\/vitamins-and-minerals-en\/magnesium-en\/magnesium-max-cramp-60tabs\/","name":"Magnesium Max Cramp (60tabs) - Magneesium + Kaalium - Fit360","isPartOf":{"@id":"https:\/\/fit360.ee\/en\/#website"},"primaryImageOfPage":{"@id":"https:\/\/fit360.ee\/en\/pood\/product-groups\/vitamins-and-minerals-en\/magnesium-en\/magnesium-max-cramp-60tabs\/#primaryimage"},"image":{"@id":"https:\/\/fit360.ee\/en\/pood\/product-groups\/vitamins-and-minerals-en\/magnesium-en\/magnesium-max-cramp-60tabs\/#primaryimage"},"thumbnailUrl":"https:\/\/fit360.ee\/wp-content\/uploads\/2024\/11\/magnesium-max-cramp-fit360.ee-1.png","datePublished":"2024-11-17T14:34:34+00:00","dateModified":"2026-04-10T14:41:25+00:00","description":"Magnesium Max Cramp on toidulisand, mis on k\u00f5rge biosaadavusega magneesiumi allikas. Lisaks sisaldab preparaat ka kaaliumi ja vitamiini B6. Kiire Tarne!","breadcrumb":{"@id":"https:\/\/fit360.ee\/en\/pood\/product-groups\/vitamins-and-minerals-en\/magnesium-en\/magnesium-max-cramp-60tabs\/#breadcrumb"},"inLanguage":"en-US","potentialAction":[{"@type":"ReadAction","target":["https:\/\/fit360.ee\/en\/pood\/product-groups\/vitamins-and-minerals-en\/magnesium-en\/magnesium-max-cramp-60tabs\/"]}]},{"@type":"ImageObject","inLanguage":"en-US","@id":"https:\/\/fit360.ee\/en\/pood\/product-groups\/vitamins-and-minerals-en\/magnesium-en\/magnesium-max-cramp-60tabs\/#primaryimage","url":"https:\/\/fit360.ee\/wp-content\/uploads\/2024\/11\/magnesium-max-cramp-fit360.ee-1.png","contentUrl":"https:\/\/fit360.ee\/wp-content\/uploads\/2024\/11\/magnesium-max-cramp-fit360.ee-1.png","width":450,"height":450,"caption":"magnesium max cramp - fit360.ee"},{"@type":"BreadcrumbList","@id":"https:\/\/fit360.ee\/en\/pood\/product-groups\/vitamins-and-minerals-en\/magnesium-en\/magnesium-max-cramp-60tabs\/#breadcrumb","itemListElement":[{"@type":"ListItem","position":1,"name":"Home","item":"https:\/\/fit360.ee\/en\/"},{"@type":"ListItem","position":2,"name":"Shop","item":"https:\/\/fit360.ee\/en\/shop\/"},{"@type":"ListItem","position":3,"name":"Magnesium Max Cramp (60tabs)"}]},{"@type":"WebSite","@id":"https:\/\/fit360.ee\/en\/#website","url":"https:\/\/fit360.ee\/en\/","name":"Fit360","description":"","publisher":{"@id":"https:\/\/fit360.ee\/en\/#organization"},"potentialAction":[{"@type":"SearchAction","target":{"@type":"EntryPoint","urlTemplate":"https:\/\/fit360.ee\/en\/?s={search_term_string}"},"query-input":{"@type":"PropertyValueSpecification","valueRequired":true,"valueName":"search_term_string"}}],"inLanguage":"en-US"},{"@type":"Organization","@id":"https:\/\/fit360.ee\/en\/#organization","name":"Fit360","url":"https:\/\/fit360.ee\/en\/","logo":{"@type":"ImageObject","inLanguage":"en-US","@id":"https:\/\/fit360.ee\/en\/#\/schema\/logo\/image\/","url":"https:\/\/fit360.ee\/wp-content\/uploads\/2017\/01\/logo-fit360.png","contentUrl":"https:\/\/fit360.ee\/wp-content\/uploads\/2017\/01\/logo-fit360.png","width":180,"height":66,"caption":"Fit360"},"image":{"@id":"https:\/\/fit360.ee\/en\/#\/schema\/logo\/image\/"}}]}},"_links":{"self":[{"href":"https:\/\/fit360.ee\/en\/wp-json\/wp\/v2\/product\/84157","targetHints":{"allow":["GET"]}}],"collection":[{"href":"https:\/\/fit360.ee\/en\/wp-json\/wp\/v2\/product"}],"about":[{"href":"https:\/\/fit360.ee\/en\/wp-json\/wp\/v2\/types\/product"}],"replies":[{"embeddable":true,"href":"https:\/\/fit360.ee\/en\/wp-json\/wp\/v2\/comments?post=84157"}],"wp:featuredmedia":[{"embeddable":true,"href":"https:\/\/fit360.ee\/en\/wp-json\/wp\/v2\/media\/84156"}],"wp:attachment":[{"href":"https:\/\/fit360.ee\/en\/wp-json\/wp\/v2\/media?parent=84157"}],"wp:term":[{"taxonomy":"product_brand","embeddable":true,"href":"https:\/\/fit360.ee\/en\/wp-json\/wp\/v2\/product_brand?post=84157"},{"taxonomy":"product_cat","embeddable":true,"href":"https:\/\/fit360.ee\/en\/wp-json\/wp\/v2\/product_cat?post=84157"},{"taxonomy":"product_tag","embeddable":true,"href":"https:\/\/fit360.ee\/en\/wp-json\/wp\/v2\/product_tag?post=84157"},{"taxonomy":"giftcard-category","embeddable":true,"href":"https:\/\/fit360.ee\/en\/wp-json\/wp\/v2\/giftcard-category?post=84157"}],"curies":[{"name":"wp","href":"https:\/\/api.w.org\/{rel}","templated":true}]}}