{"id":84161,"date":"2024-11-17T16:49:39","date_gmt":"2024-11-17T14:49:39","guid":{"rendered":"https:\/\/fit360.ee\/pood\/uncategorized\/lutein-zeaxanthin-60caps\/"},"modified":"2026-04-10T16:11:41","modified_gmt":"2026-04-10T14:11:41","slug":"lutein-zeaxanthin-60caps","status":"publish","type":"product","link":"https:\/\/fit360.ee\/en\/pood\/product-groups\/vitamins-and-minerals-en\/lutein-zeaxanthin-60caps\/","title":{"rendered":"Lutein + Zeaxanthin (60caps)"},"content":{"rendered":"<h2 class=\"cm__heading\"><strong>OstroVit Luteiin + Zeaksantiin\u00a0<\/strong><\/h2>\n<p>OstroVit Luteiin + Zeaksantiin on kvaliteetne toidulisand, mis on v\u00e4\u00e4rtuslike \u00fchendite &#8211; luteiini ja zeaksantiini allikas. See preparaat on saadaval kergesti neelatavate kapslitena, mis on loodud teadlikule tarbijale, kes soovib t\u00e4iendada oma igap\u00e4evast toitumist v\u00e4\u00e4rtuslike koostisosadega.<\/p>\n<ul class=\"cm__list\">\n<li><strong>Luteiini allikas<\/strong>\u00a0\u2013 \u00fcks toidulisandi portsjon sisaldab 18 mg \u00fchendit.<\/li>\n<li><strong>Sisaldab zeaksantiini<\/strong>\u00a0\u2013 \u00fcks portsjon preparaati annab organismile 2 mg ainet.<\/li>\n<li><strong>1 portsjon = 1 kapsel.<\/strong><\/li>\n<li><strong>Efektiivsus<\/strong>\u00a0\u2013 toote \u00fches pakendis on 60 portsjonit preparaati, millest piisab kahekuuliseks regulaarseks toidulisandiks.<\/li>\n<li><strong>Mugav vorm<\/strong>\u00a0&#8211; kergesti neelatavate kapslitena saadaval olev preparaat tagab toidulisandi t\u00f5rgeteta manustamise.<\/li>\n<\/ul>\n<h4 class=\"cm__heading\"><strong>OstroVit Lutein + Zeaxanthin \u2013 v\u00e4\u00e4rtuslik v\u00e4\u00e4rtuslike ainete allikas<\/strong><\/h4>\n<p><strong>Tagetes<\/strong>\u00a0on Kesk-Ameerikast ja L\u00f5una-Ameerika p\u00f5hjapoolsetelt aladelt p\u00e4rinev \u00fcheaastane taim Asteraceae perekonnast, mida k\u00f5ige sagedamini kasvatatakse dekoratiivtaimena. T\u00e4nu v\u00e4\u00e4rtuslike \u00fchendite rohkusele on saialill kogumas populaarsust ka toidulisandite koostisosana, sealhulgas: antioks\u00fcdantide allikad, n\u00e4iteks:<\/p>\n<ul>\n<li><strong>Luteiin<\/strong>\u00a0\u2013 kollane ksantof\u00fclli pigment, mis kuulub karotenoidide r\u00fchma. Looduses esineb seda ja on taimne pigment, mis annab v\u00e4rvi k\u00f6\u00f6giviljadele ja puuviljadele. Silma v\u00f5rkkestas seda leidub, kuid inimorganism ei ole v\u00f5imeline seda \u00fchendit loomulikul teel s\u00fcnteesima, seet\u00f5ttu tuleb luteiini organismi varustada v\u00e4ljastpoolt \u2013 koos igap\u00e4evase toiduga v\u00f5i toidulisanditena. Ainet v\u00f5ib saada munakollast, aga ka taimsetest saadustest nagu spinat, lehtkapsas, k\u00f5rvits, porgand v\u00f5i petersell.<\/li>\n<li><strong>Zeaksantiin<\/strong>\u00a0\u2013 ksantof\u00fcllide r\u00fchma kuuluv orgaaniline keemiline \u00fchend. See on karotenoid, mis looduslikult esineb silma v\u00f5rkkestas. Zeaksantiini v\u00f5ib organismi varustada toiduga v\u00f5i toidulisandite kujul. \u00dchendi toiduallikad h\u00f5lmavad muu hulgas: tomatid, mais, spargelkapsas v\u00f5i spinat.<\/li>\n<\/ul>\n<p>OstroVit preparaadis on kasutatud nii saialillest saadavat luteiini kui zeaksantiini, millel on kasulik m\u00f5ju toidulisandi kvaliteedile. Toode sisaldab ka p\u00e4evalille\u00f5li, millel on positiivne m\u00f5ju soovitud koostisainete biosaadavusele ja imendumisele inimkehas.<\/p>\n<p><strong>Koostisosad<\/strong>: Luteiin ja zeaksantiin saialillest (Tagetes erecta L.), \u017eelatiin, p\u00e4evalille\u00f5li, niiskuses\u00e4ilitaja: gl\u00fctserool; puhastatud vesi, v\u00e4rvained: punane raudoksiid, must raudoksiid.<\/p>\n<p>Valmistatud tehases, kasutades koostisosi, mis on saadud piimast (sh laktoos), sojast, maap\u00e4hklitest, muudest p\u00e4hklitest, seesamiseemnetest, gluteeni sisaldavatest teraviljadest, munadest, koorikloomadest, kalast.<\/p>\n<p><strong>Kasutamine<\/strong>: V\u00f5tke 1 portsjon (1 kapsel) p\u00e4evas koos toiduga.<\/p>\n<p><strong>Suurus<\/strong>: 60 kapslit<\/p>\n<section class=\"projector__description--nutritional row\" data-selector=\".--nutritional\">\n<div class=\"col-12 col-md-10 col-lg-8\">\n<div class=\"--nutrit\">\n<div class=\"nutrition_table_wrapper\">\n<div class=\"table_wrapper\">\n<table>\n<tbody>\n<tr>\n<th>Aktiivsed koostisained<\/th>\n<th>Portsjoni kohta<\/th>\n<\/tr>\n<tr>\n<td>Luteiin<\/td>\n<td>18 mg<\/td>\n<\/tr>\n<tr>\n<td>Zeaksantiin<\/td>\n<td>2 mg<\/td>\n<\/tr>\n<\/tbody>\n<\/table>\n<p>Vaata ka meie Teisi Vitamiine\/Mineraale <a href=\"https:\/\/fit360.ee\/en\/product-category\/product-groups\/vitamins-and-minerals-en\/\"><strong>SIIT<\/strong><\/a> v\u00f5i Supertoite <a href=\"https:\/\/fit360.ee\/en\/product-category\/product-groups\/superfoods-health-foods-en\/\"><strong>SIIT<\/strong><\/a>!<\/p>\n<p>Soovid kaupa osta suuremas koguses? Vaata antud toodet ka meie HULGI poest\u00a0<a href=\"https:\/\/toidulisandidhulgi.ee\/tooted\/lutein-zeaxanthin-60caps\/\"><strong>SIIT<\/strong><\/a>!<\/p>\n<\/div>\n<\/div>\n<\/div>\n<\/div>\n<\/section>\n","protected":false},"excerpt":{"rendered":"<ul>\n<li>T\u00f5hus<\/li>\n<li>Mugav vorm<\/li>\n<li>Aitab toetada silmade heaolu<\/li>\n<li>Paremaks imendumiseks sisaldab toode p\u00e4evalille\u00f5li<\/li>\n<\/ul>\n","protected":false},"featured_media":84160,"comment_status":"open","ping_status":"closed","template":"","meta":[],"product_brand":[],"product_cat":[1329,1454,536],"product_tag":[4423,5332,4424,5333,1924],"giftcard-category":[],"class_list":{"0":"post-84161","1":"product","2":"type-product","3":"status-publish","4":"has-post-thumbnail","6":"product_cat-ostrovit-en","7":"product_cat-superfoods-health-foods-en","8":"product_cat-vitamins-and-minerals-en","9":"product_tag-luteiin-en","10":"product_tag-luteiin-zeaksantiin-en","11":"product_tag-lutein-en","12":"product_tag-lutein-zeaxanthin-en","13":"product_tag-ostrovit-en","14":"pa_kogus-60-capsules","15":"pa_toidulisand-branddd-ostrovit","16":"pa_tootegruppp-supertoit-tervisetoit-en","17":"pa_tootegruppp-vitamins-and-minerals","19":"first","20":"outofstock","21":"sale","22":"taxable","23":"shipping-taxable","24":"purchasable","25":"product-type-simple"},"yoast_head":"<!-- This site is optimized with the Yoast SEO plugin v27.3 - https:\/\/yoast.com\/product\/yoast-seo-wordpress\/ -->\n<title>Lutein + Zeaxanthin (60caps) - Aitab hoida silmade tervist - Kiire Tarne - Fit360<\/title>\n<meta name=\"description\" content=\"OstroVit Luteiin + Zeaksantiin on kvaliteetne toidulisand, mis on v\u00e4\u00e4rtuslike \u00fchendite - luteiini ja zeaksantiini allikas. See preparaat on saadaval ker..\" \/>\n<meta name=\"robots\" content=\"index, follow, max-snippet:-1, max-image-preview:large, max-video-preview:-1\" \/>\n<link rel=\"canonical\" href=\"https:\/\/fit360.ee\/en\/pood\/product-groups\/vitamins-and-minerals-en\/lutein-zeaxanthin-60caps\/\" \/>\n<meta property=\"og:locale\" content=\"en_US\" \/>\n<meta property=\"og:type\" content=\"article\" \/>\n<meta property=\"og:title\" content=\"Lutein + Zeaxanthin (60caps) - Aitab hoida silmade tervist - Kiire Tarne - Fit360\" \/>\n<meta property=\"og:description\" content=\"OstroVit Luteiin + Zeaksantiin on kvaliteetne toidulisand, mis on v\u00e4\u00e4rtuslike \u00fchendite - luteiini ja zeaksantiini allikas. See preparaat on saadaval ker..\" \/>\n<meta property=\"og:url\" content=\"https:\/\/fit360.ee\/en\/pood\/product-groups\/vitamins-and-minerals-en\/lutein-zeaxanthin-60caps\/\" \/>\n<meta property=\"og:site_name\" content=\"Fit360\" \/>\n<meta property=\"article:modified_time\" content=\"2026-04-10T14:11:41+00:00\" \/>\n<meta property=\"og:image\" content=\"https:\/\/fit360.ee\/wp-content\/uploads\/2024\/11\/Luteiin-Zeaksantiin-fit360.ee-1.png\" \/>\n\t<meta property=\"og:image:width\" content=\"450\" \/>\n\t<meta property=\"og:image:height\" content=\"450\" \/>\n\t<meta property=\"og:image:type\" content=\"image\/png\" \/>\n<meta name=\"twitter:card\" content=\"summary_large_image\" \/>\n<meta name=\"twitter:label1\" content=\"Est. reading time\" \/>\n\t<meta name=\"twitter:data1\" content=\"2 minutes\" \/>\n<script type=\"application\/ld+json\" class=\"yoast-schema-graph\">{\"@context\":\"https:\\\/\\\/schema.org\",\"@graph\":[{\"@type\":\"WebPage\",\"@id\":\"https:\\\/\\\/fit360.ee\\\/en\\\/pood\\\/product-groups\\\/vitamins-and-minerals-en\\\/lutein-zeaxanthin-60caps\\\/\",\"url\":\"https:\\\/\\\/fit360.ee\\\/en\\\/pood\\\/product-groups\\\/vitamins-and-minerals-en\\\/lutein-zeaxanthin-60caps\\\/\",\"name\":\"Lutein + Zeaxanthin (60caps) - Aitab hoida silmade tervist - Kiire Tarne - Fit360\",\"isPartOf\":{\"@id\":\"https:\\\/\\\/fit360.ee\\\/en\\\/#website\"},\"primaryImageOfPage\":{\"@id\":\"https:\\\/\\\/fit360.ee\\\/en\\\/pood\\\/product-groups\\\/vitamins-and-minerals-en\\\/lutein-zeaxanthin-60caps\\\/#primaryimage\"},\"image\":{\"@id\":\"https:\\\/\\\/fit360.ee\\\/en\\\/pood\\\/product-groups\\\/vitamins-and-minerals-en\\\/lutein-zeaxanthin-60caps\\\/#primaryimage\"},\"thumbnailUrl\":\"https:\\\/\\\/fit360.ee\\\/wp-content\\\/uploads\\\/2024\\\/11\\\/Luteiin-Zeaksantiin-fit360.ee-1.png\",\"datePublished\":\"2024-11-17T14:49:39+00:00\",\"dateModified\":\"2026-04-10T14:11:41+00:00\",\"description\":\"OstroVit Luteiin + Zeaksantiin on kvaliteetne toidulisand, mis on v\u00e4\u00e4rtuslike \u00fchendite - luteiini ja zeaksantiini allikas. See preparaat on saadaval ker..\",\"breadcrumb\":{\"@id\":\"https:\\\/\\\/fit360.ee\\\/en\\\/pood\\\/product-groups\\\/vitamins-and-minerals-en\\\/lutein-zeaxanthin-60caps\\\/#breadcrumb\"},\"inLanguage\":\"en-US\",\"potentialAction\":[{\"@type\":\"ReadAction\",\"target\":[\"https:\\\/\\\/fit360.ee\\\/en\\\/pood\\\/product-groups\\\/vitamins-and-minerals-en\\\/lutein-zeaxanthin-60caps\\\/\"]}]},{\"@type\":\"ImageObject\",\"inLanguage\":\"en-US\",\"@id\":\"https:\\\/\\\/fit360.ee\\\/en\\\/pood\\\/product-groups\\\/vitamins-and-minerals-en\\\/lutein-zeaxanthin-60caps\\\/#primaryimage\",\"url\":\"https:\\\/\\\/fit360.ee\\\/wp-content\\\/uploads\\\/2024\\\/11\\\/Luteiin-Zeaksantiin-fit360.ee-1.png\",\"contentUrl\":\"https:\\\/\\\/fit360.ee\\\/wp-content\\\/uploads\\\/2024\\\/11\\\/Luteiin-Zeaksantiin-fit360.ee-1.png\",\"width\":450,\"height\":450,\"caption\":\"Luteiin + Zeaksantiin\u00a0- fit360.ee\"},{\"@type\":\"BreadcrumbList\",\"@id\":\"https:\\\/\\\/fit360.ee\\\/en\\\/pood\\\/product-groups\\\/vitamins-and-minerals-en\\\/lutein-zeaxanthin-60caps\\\/#breadcrumb\",\"itemListElement\":[{\"@type\":\"ListItem\",\"position\":1,\"name\":\"Home\",\"item\":\"https:\\\/\\\/fit360.ee\\\/en\\\/\"},{\"@type\":\"ListItem\",\"position\":2,\"name\":\"Shop\",\"item\":\"https:\\\/\\\/fit360.ee\\\/en\\\/shop\\\/\"},{\"@type\":\"ListItem\",\"position\":3,\"name\":\"Lutein + Zeaxanthin (60caps)\"}]},{\"@type\":\"WebSite\",\"@id\":\"https:\\\/\\\/fit360.ee\\\/en\\\/#website\",\"url\":\"https:\\\/\\\/fit360.ee\\\/en\\\/\",\"name\":\"Fit360\",\"description\":\"\",\"publisher\":{\"@id\":\"https:\\\/\\\/fit360.ee\\\/en\\\/#organization\"},\"potentialAction\":[{\"@type\":\"SearchAction\",\"target\":{\"@type\":\"EntryPoint\",\"urlTemplate\":\"https:\\\/\\\/fit360.ee\\\/en\\\/?s={search_term_string}\"},\"query-input\":{\"@type\":\"PropertyValueSpecification\",\"valueRequired\":true,\"valueName\":\"search_term_string\"}}],\"inLanguage\":\"en-US\"},{\"@type\":\"Organization\",\"@id\":\"https:\\\/\\\/fit360.ee\\\/en\\\/#organization\",\"name\":\"Fit360\",\"url\":\"https:\\\/\\\/fit360.ee\\\/en\\\/\",\"logo\":{\"@type\":\"ImageObject\",\"inLanguage\":\"en-US\",\"@id\":\"https:\\\/\\\/fit360.ee\\\/en\\\/#\\\/schema\\\/logo\\\/image\\\/\",\"url\":\"https:\\\/\\\/fit360.ee\\\/wp-content\\\/uploads\\\/2017\\\/01\\\/logo-fit360.png\",\"contentUrl\":\"https:\\\/\\\/fit360.ee\\\/wp-content\\\/uploads\\\/2017\\\/01\\\/logo-fit360.png\",\"width\":180,\"height\":66,\"caption\":\"Fit360\"},\"image\":{\"@id\":\"https:\\\/\\\/fit360.ee\\\/en\\\/#\\\/schema\\\/logo\\\/image\\\/\"}}]}<\/script>\n<!-- \/ Yoast SEO plugin. -->","yoast_head_json":{"title":"Lutein + Zeaxanthin (60caps) - Aitab hoida silmade tervist - Kiire Tarne - Fit360","description":"OstroVit Luteiin + Zeaksantiin on kvaliteetne toidulisand, mis on v\u00e4\u00e4rtuslike \u00fchendite - luteiini ja zeaksantiini allikas. See preparaat on saadaval ker..","robots":{"index":"index","follow":"follow","max-snippet":"max-snippet:-1","max-image-preview":"max-image-preview:large","max-video-preview":"max-video-preview:-1"},"canonical":"https:\/\/fit360.ee\/en\/pood\/product-groups\/vitamins-and-minerals-en\/lutein-zeaxanthin-60caps\/","og_locale":"en_US","og_type":"article","og_title":"Lutein + Zeaxanthin (60caps) - Aitab hoida silmade tervist - Kiire Tarne - Fit360","og_description":"OstroVit Luteiin + Zeaksantiin on kvaliteetne toidulisand, mis on v\u00e4\u00e4rtuslike \u00fchendite - luteiini ja zeaksantiini allikas. See preparaat on saadaval ker..","og_url":"https:\/\/fit360.ee\/en\/pood\/product-groups\/vitamins-and-minerals-en\/lutein-zeaxanthin-60caps\/","og_site_name":"Fit360","article_modified_time":"2026-04-10T14:11:41+00:00","og_image":[{"width":450,"height":450,"url":"https:\/\/fit360.ee\/wp-content\/uploads\/2024\/11\/Luteiin-Zeaksantiin-fit360.ee-1.png","type":"image\/png"}],"twitter_card":"summary_large_image","twitter_misc":{"Est. reading time":"2 minutes"},"schema":{"@context":"https:\/\/schema.org","@graph":[{"@type":"WebPage","@id":"https:\/\/fit360.ee\/en\/pood\/product-groups\/vitamins-and-minerals-en\/lutein-zeaxanthin-60caps\/","url":"https:\/\/fit360.ee\/en\/pood\/product-groups\/vitamins-and-minerals-en\/lutein-zeaxanthin-60caps\/","name":"Lutein + Zeaxanthin (60caps) - Aitab hoida silmade tervist - Kiire Tarne - Fit360","isPartOf":{"@id":"https:\/\/fit360.ee\/en\/#website"},"primaryImageOfPage":{"@id":"https:\/\/fit360.ee\/en\/pood\/product-groups\/vitamins-and-minerals-en\/lutein-zeaxanthin-60caps\/#primaryimage"},"image":{"@id":"https:\/\/fit360.ee\/en\/pood\/product-groups\/vitamins-and-minerals-en\/lutein-zeaxanthin-60caps\/#primaryimage"},"thumbnailUrl":"https:\/\/fit360.ee\/wp-content\/uploads\/2024\/11\/Luteiin-Zeaksantiin-fit360.ee-1.png","datePublished":"2024-11-17T14:49:39+00:00","dateModified":"2026-04-10T14:11:41+00:00","description":"OstroVit Luteiin + Zeaksantiin on kvaliteetne toidulisand, mis on v\u00e4\u00e4rtuslike \u00fchendite - luteiini ja zeaksantiini allikas. See preparaat on saadaval ker..","breadcrumb":{"@id":"https:\/\/fit360.ee\/en\/pood\/product-groups\/vitamins-and-minerals-en\/lutein-zeaxanthin-60caps\/#breadcrumb"},"inLanguage":"en-US","potentialAction":[{"@type":"ReadAction","target":["https:\/\/fit360.ee\/en\/pood\/product-groups\/vitamins-and-minerals-en\/lutein-zeaxanthin-60caps\/"]}]},{"@type":"ImageObject","inLanguage":"en-US","@id":"https:\/\/fit360.ee\/en\/pood\/product-groups\/vitamins-and-minerals-en\/lutein-zeaxanthin-60caps\/#primaryimage","url":"https:\/\/fit360.ee\/wp-content\/uploads\/2024\/11\/Luteiin-Zeaksantiin-fit360.ee-1.png","contentUrl":"https:\/\/fit360.ee\/wp-content\/uploads\/2024\/11\/Luteiin-Zeaksantiin-fit360.ee-1.png","width":450,"height":450,"caption":"Luteiin + Zeaksantiin\u00a0- fit360.ee"},{"@type":"BreadcrumbList","@id":"https:\/\/fit360.ee\/en\/pood\/product-groups\/vitamins-and-minerals-en\/lutein-zeaxanthin-60caps\/#breadcrumb","itemListElement":[{"@type":"ListItem","position":1,"name":"Home","item":"https:\/\/fit360.ee\/en\/"},{"@type":"ListItem","position":2,"name":"Shop","item":"https:\/\/fit360.ee\/en\/shop\/"},{"@type":"ListItem","position":3,"name":"Lutein + Zeaxanthin (60caps)"}]},{"@type":"WebSite","@id":"https:\/\/fit360.ee\/en\/#website","url":"https:\/\/fit360.ee\/en\/","name":"Fit360","description":"","publisher":{"@id":"https:\/\/fit360.ee\/en\/#organization"},"potentialAction":[{"@type":"SearchAction","target":{"@type":"EntryPoint","urlTemplate":"https:\/\/fit360.ee\/en\/?s={search_term_string}"},"query-input":{"@type":"PropertyValueSpecification","valueRequired":true,"valueName":"search_term_string"}}],"inLanguage":"en-US"},{"@type":"Organization","@id":"https:\/\/fit360.ee\/en\/#organization","name":"Fit360","url":"https:\/\/fit360.ee\/en\/","logo":{"@type":"ImageObject","inLanguage":"en-US","@id":"https:\/\/fit360.ee\/en\/#\/schema\/logo\/image\/","url":"https:\/\/fit360.ee\/wp-content\/uploads\/2017\/01\/logo-fit360.png","contentUrl":"https:\/\/fit360.ee\/wp-content\/uploads\/2017\/01\/logo-fit360.png","width":180,"height":66,"caption":"Fit360"},"image":{"@id":"https:\/\/fit360.ee\/en\/#\/schema\/logo\/image\/"}}]}},"_links":{"self":[{"href":"https:\/\/fit360.ee\/en\/wp-json\/wp\/v2\/product\/84161","targetHints":{"allow":["GET"]}}],"collection":[{"href":"https:\/\/fit360.ee\/en\/wp-json\/wp\/v2\/product"}],"about":[{"href":"https:\/\/fit360.ee\/en\/wp-json\/wp\/v2\/types\/product"}],"replies":[{"embeddable":true,"href":"https:\/\/fit360.ee\/en\/wp-json\/wp\/v2\/comments?post=84161"}],"wp:featuredmedia":[{"embeddable":true,"href":"https:\/\/fit360.ee\/en\/wp-json\/wp\/v2\/media\/84160"}],"wp:attachment":[{"href":"https:\/\/fit360.ee\/en\/wp-json\/wp\/v2\/media?parent=84161"}],"wp:term":[{"taxonomy":"product_brand","embeddable":true,"href":"https:\/\/fit360.ee\/en\/wp-json\/wp\/v2\/product_brand?post=84161"},{"taxonomy":"product_cat","embeddable":true,"href":"https:\/\/fit360.ee\/en\/wp-json\/wp\/v2\/product_cat?post=84161"},{"taxonomy":"product_tag","embeddable":true,"href":"https:\/\/fit360.ee\/en\/wp-json\/wp\/v2\/product_tag?post=84161"},{"taxonomy":"giftcard-category","embeddable":true,"href":"https:\/\/fit360.ee\/en\/wp-json\/wp\/v2\/giftcard-category?post=84161"}],"curies":[{"name":"wp","href":"https:\/\/api.w.org\/{rel}","templated":true}]}}