{"id":84186,"date":"2024-11-18T14:34:33","date_gmt":"2024-11-18T12:34:33","guid":{"rendered":"https:\/\/fit360.ee\/pood\/uncategorized\/xanthan-gum-200g\/"},"modified":"2025-08-13T07:38:34","modified_gmt":"2025-08-13T05:38:34","slug":"xanthan-gum-200g","status":"publish","type":"product","link":"https:\/\/fit360.ee\/en\/pood\/product-groups\/superfoods-health-foods-en\/fiber-en\/xanthan-gum-200g\/","title":{"rendered":"Xanthan Gum (200g)"},"content":{"rendered":"<h2 class=\"projector__name\"><strong>Xanthan Gum<\/strong><\/h2>\n<p>OstroVit Xanthan Gum on kvaliteetne toode, mis on ksantaankummi allikas. Tegemist on lihtsa koostisega vegan preparaadiga, mis on saadaval mugavas pulbrilises vormis. See on toidu paksendav aine, mis v\u00f5ib olla huvitav lisand dieedile.<\/p>\n<ul class=\"cm__list\">\n<li><strong>Rikkalik kiudainete allikas<\/strong>\u00a0\u2013 100 g ksantaankummi sisaldab 80 g kiudaineid.<\/li>\n<li><strong>Lihtne koostis<\/strong>\u00a0\u2013 toode sisaldab ainult paksendavat ainet ehk ksantaankummi, ilma tarbetute lisanditeta.<\/li>\n<li><strong>Sobib taimetoitlastele ja veganitele<\/strong>\u00a0\u2013 toode ei sisalda loomset p\u00e4ritolu koostisosi.<\/li>\n<li><strong>Efektiivsus<\/strong>\u00a0&#8211; \u00fcks pakend toodet sisaldab 200 g preparaati.<\/li>\n<li><strong>Mugav vorm<\/strong>\u00a0\u2013 pulbrina saadaval olev toode tagab koostisosa t\u00f5rgeteta tarnimise.<\/li>\n<\/ul>\n<h2 class=\"cm__heading\"><strong>OstroVit Ksantaankumm \u2013 v\u00e4\u00e4rtuslik paksendava aine allikas<\/strong><\/h2>\n<p><strong>Ksantaankummi<\/strong>\u00a0\u2013 pol\u00fcsahhariidide r\u00fchma kuuluv aine, mikrobioloogilise p\u00e4ritoluga looduslik \u00fchend, mis on rikkalik <a href=\"https:\/\/fit360.ee\/en\/product-category\/product-groups\/superfoods-health-foods-en\/fiber-en\/\"><strong>kiudainete<\/strong><\/a> allikas.\u00a0Ksantaankummi\u00a0, mida m\u00f5nikord nimetatakse ka ksantaaniks, tekib suhkrute k\u00e4\u00e4ritamise k\u00e4igus t\u00e4nu Xanthomonas campestris liiki kuuluvate bakterite olemasolule, mis looduslikult esinevad rist\u00f5ieliste k\u00f6\u00f6giviljade lehtedel. Ksantaankummi valmistatakse gl\u00fckoosist, mannoosist ja gl\u00fckuroonhappest. See on vees h\u00e4sti lahustuv \u00fchend, mida kasutatakse toidus paksendajana, sealhulgas: putrudes, siirupites, valgurikkas j\u00e4\u00e4tises, kastmetes, kokteilides ja k\u00fcpsetistes ning ka olulise koostisosana gluteenivabade toodete valmistamisel. Ksantaankummi kasutatakse toidu lisaainena, mille l\u00fchend on E415.<\/p>\n<p><strong>Koostisosad<\/strong>: Paksendaja: ksantaankumm.<\/p>\n<p>Toode v\u00f5ib sisaldada piima (sh laktoosi), soja, maap\u00e4hkleid, muid p\u00e4hkleid, seesamiseemneid, gluteeni sisaldavaid teravilju, mune, v\u00e4hilaadseid, kala.<\/p>\n<p><strong>Kasutamine<\/strong>: \u00c4rge tarbige, kui olete m\u00f5ne toote koostisosa suhtes allergiline. Alustada tuleks v\u00e4iksematest kogustest. Liigne ksantaankummi v\u00f5ib p\u00f5hjustada seedetrakti probleeme.<\/p>\n<p><strong>Suurus<\/strong>: 200g<\/p>\n<section class=\"projector__description--nutritional row\" data-selector=\".--nutritional\">\n<div class=\"col-12 col-md-10 col-lg-8\">\n<div class=\"--nutrit\">\n<div class=\"nutrition_table_wrapper\">\n<div class=\"table_wrapper\">\n<table>\n<tbody>\n<tr>\n<th>Toitev\u00e4\u00e4rtus<\/th>\n<th>100 g kohta<\/th>\n<\/tr>\n<tr>\n<td>Energeetiline v\u00e4\u00e4rtus<\/td>\n<td>732 kJ \/ 175 kcal<\/td>\n<\/tr>\n<tr>\n<td>Rasvad:<\/td>\n<td>0 g<\/td>\n<\/tr>\n<tr class=\"sub\">\n<td>&#8211; sealhulgas k\u00fcllastunud rasvhapped<\/td>\n<td>0 g<\/td>\n<\/tr>\n<tr>\n<td>S\u00fcsivesikud:<\/td>\n<td>1,6 g<\/td>\n<\/tr>\n<tr class=\"sub\">\n<td>&#8211; sealhulgas suhkrud<\/td>\n<td>0 g<\/td>\n<\/tr>\n<tr>\n<td>Kiudained<\/td>\n<td>80 g<\/td>\n<\/tr>\n<tr>\n<td>Valk<\/td>\n<td>3,9 g<\/td>\n<\/tr>\n<tr>\n<td>soola<\/td>\n<td>3,5 g<\/td>\n<\/tr>\n<\/tbody>\n<\/table>\n<p>Vaata ka meie Teisi Kiudaineid <a href=\"https:\/\/fit360.ee\/en\/product-category\/product-groups\/superfoods-health-foods-en\/fiber-en\/\"><strong>SIIT<\/strong><\/a>!<\/p>\n<\/div>\n<\/div>\n<\/div>\n<\/div>\n<\/section>\n<section class=\"projector__comments comments row\" data-selector=\".--comments\">\n<div class=\"--label col-12\">Soovid kaupa osta suuremas koguses? Vaata antud toodet ka meie HULGI poest\u00a0<a href=\"https:\/\/toidulisandidhulgi.ee\/tooted\/xanthan-gum-200g\/\"><strong>SIIT<\/strong><\/a>!<\/div>\n<\/section>\n","protected":false},"excerpt":{"rendered":"<ul class=\"cm__list\">\n<li><strong>Rikkalik kiudainete allikas<\/strong>\u00a0\u2013 100 g ksantaankummi sisaldab 80 g kiudaineid.<\/li>\n<li><strong>Lihtne koostis<\/strong>\u00a0\u2013 toode sisaldab ainult paksendavat ainet ehk ksantaankummi, ilma tarbetute lisanditeta.<\/li>\n<li><strong>Sobib taimetoitlastele ja veganitele<\/strong>\u00a0\u2013 toode ei sisalda loomset p\u00e4ritolu koostisosi.<\/li>\n<li><strong>Efektiivsus<\/strong>\u00a0&#8211; \u00fcks pakend toodet sisaldab 200 g preparaati.<\/li>\n<\/ul>\n","protected":false},"featured_media":84185,"comment_status":"open","ping_status":"closed","template":"","meta":[],"product_brand":[],"product_cat":[2351,1329,1454,1201],"product_tag":[5342,1924,5343],"giftcard-category":[],"class_list":{"0":"post-84186","1":"product","2":"type-product","3":"status-publish","4":"has-post-thumbnail","6":"product_cat-fiber-en","7":"product_cat-ostrovit-en","8":"product_cat-superfoods-health-foods-en","9":"product_cat-1201","10":"product_tag-ksantaankumm-en","11":"product_tag-ostrovit-en","12":"product_tag-xanthan-gum-en","13":"pa_kogus-200g-en","14":"pa_toidulisand-branddd-ostrovit","15":"pa_tootegruppp-kiudained-en","16":"pa_tootegruppp-supertoit-tervisetoit-en","17":"pa_tootegruppp-vegan-en","19":"first","20":"outofstock","21":"sale","22":"taxable","23":"shipping-taxable","24":"purchasable","25":"product-type-simple"},"yoast_head":"<!-- This site is optimized with the Yoast SEO plugin v27.3 - https:\/\/yoast.com\/product\/yoast-seo-wordpress\/ -->\n<title>Xanthan Gum (200g) - Ksantaankumm - Kvaliteet toidupaksendaja - Fit360<\/title>\n<meta name=\"description\" content=\"Xanthan Gum (ksantaankumm) on toitu paksendav aine - saadaval mugavas pulbrilises vormis. Xanthan Gum sisaldab ainult 1 koostiosa - sobilik ka veganitele.\" \/>\n<meta name=\"robots\" content=\"index, follow, max-snippet:-1, max-image-preview:large, max-video-preview:-1\" \/>\n<link rel=\"canonical\" href=\"https:\/\/fit360.ee\/en\/pood\/product-groups\/superfoods-health-foods-en\/fiber-en\/xanthan-gum-200g\/\" \/>\n<meta property=\"og:locale\" content=\"en_US\" \/>\n<meta property=\"og:type\" content=\"article\" \/>\n<meta property=\"og:title\" content=\"Xanthan Gum (200g) - Ksantaankumm - Kvaliteet toidupaksendaja - Fit360\" \/>\n<meta property=\"og:description\" content=\"Xanthan Gum (ksantaankumm) on toitu paksendav aine - saadaval mugavas pulbrilises vormis. Xanthan Gum sisaldab ainult 1 koostiosa - sobilik ka veganitele.\" \/>\n<meta property=\"og:url\" content=\"https:\/\/fit360.ee\/en\/pood\/product-groups\/superfoods-health-foods-en\/fiber-en\/xanthan-gum-200g\/\" \/>\n<meta property=\"og:site_name\" content=\"Fit360\" \/>\n<meta property=\"article:modified_time\" content=\"2025-08-13T05:38:34+00:00\" \/>\n<meta property=\"og:image\" content=\"https:\/\/fit360.ee\/wp-content\/uploads\/2024\/11\/xanthan-gum-ksantaankumm-fit360.ee-1.png\" \/>\n\t<meta property=\"og:image:width\" content=\"450\" \/>\n\t<meta property=\"og:image:height\" content=\"450\" \/>\n\t<meta property=\"og:image:type\" content=\"image\/png\" \/>\n<meta name=\"twitter:card\" content=\"summary_large_image\" \/>\n<meta name=\"twitter:label1\" content=\"Est. reading time\" \/>\n\t<meta name=\"twitter:data1\" content=\"2 minutes\" \/>\n<script type=\"application\/ld+json\" class=\"yoast-schema-graph\">{\"@context\":\"https:\\\/\\\/schema.org\",\"@graph\":[{\"@type\":\"WebPage\",\"@id\":\"https:\\\/\\\/fit360.ee\\\/en\\\/pood\\\/product-groups\\\/superfoods-health-foods-en\\\/fiber-en\\\/xanthan-gum-200g\\\/\",\"url\":\"https:\\\/\\\/fit360.ee\\\/en\\\/pood\\\/product-groups\\\/superfoods-health-foods-en\\\/fiber-en\\\/xanthan-gum-200g\\\/\",\"name\":\"Xanthan Gum (200g) - Ksantaankumm - Kvaliteet toidupaksendaja - Fit360\",\"isPartOf\":{\"@id\":\"https:\\\/\\\/fit360.ee\\\/en\\\/#website\"},\"primaryImageOfPage\":{\"@id\":\"https:\\\/\\\/fit360.ee\\\/en\\\/pood\\\/product-groups\\\/superfoods-health-foods-en\\\/fiber-en\\\/xanthan-gum-200g\\\/#primaryimage\"},\"image\":{\"@id\":\"https:\\\/\\\/fit360.ee\\\/en\\\/pood\\\/product-groups\\\/superfoods-health-foods-en\\\/fiber-en\\\/xanthan-gum-200g\\\/#primaryimage\"},\"thumbnailUrl\":\"https:\\\/\\\/fit360.ee\\\/wp-content\\\/uploads\\\/2024\\\/11\\\/xanthan-gum-ksantaankumm-fit360.ee-1.png\",\"datePublished\":\"2024-11-18T12:34:33+00:00\",\"dateModified\":\"2025-08-13T05:38:34+00:00\",\"description\":\"Xanthan Gum (ksantaankumm) on toitu paksendav aine - saadaval mugavas pulbrilises vormis. Xanthan Gum sisaldab ainult 1 koostiosa - sobilik ka veganitele.\",\"breadcrumb\":{\"@id\":\"https:\\\/\\\/fit360.ee\\\/en\\\/pood\\\/product-groups\\\/superfoods-health-foods-en\\\/fiber-en\\\/xanthan-gum-200g\\\/#breadcrumb\"},\"inLanguage\":\"en-US\",\"potentialAction\":[{\"@type\":\"ReadAction\",\"target\":[\"https:\\\/\\\/fit360.ee\\\/en\\\/pood\\\/product-groups\\\/superfoods-health-foods-en\\\/fiber-en\\\/xanthan-gum-200g\\\/\"]}]},{\"@type\":\"ImageObject\",\"inLanguage\":\"en-US\",\"@id\":\"https:\\\/\\\/fit360.ee\\\/en\\\/pood\\\/product-groups\\\/superfoods-health-foods-en\\\/fiber-en\\\/xanthan-gum-200g\\\/#primaryimage\",\"url\":\"https:\\\/\\\/fit360.ee\\\/wp-content\\\/uploads\\\/2024\\\/11\\\/xanthan-gum-ksantaankumm-fit360.ee-1.png\",\"contentUrl\":\"https:\\\/\\\/fit360.ee\\\/wp-content\\\/uploads\\\/2024\\\/11\\\/xanthan-gum-ksantaankumm-fit360.ee-1.png\",\"width\":450,\"height\":450,\"caption\":\"xanthan gum ksantaankumm - fit360.ee\"},{\"@type\":\"BreadcrumbList\",\"@id\":\"https:\\\/\\\/fit360.ee\\\/en\\\/pood\\\/product-groups\\\/superfoods-health-foods-en\\\/fiber-en\\\/xanthan-gum-200g\\\/#breadcrumb\",\"itemListElement\":[{\"@type\":\"ListItem\",\"position\":1,\"name\":\"Home\",\"item\":\"https:\\\/\\\/fit360.ee\\\/en\\\/\"},{\"@type\":\"ListItem\",\"position\":2,\"name\":\"Shop\",\"item\":\"https:\\\/\\\/fit360.ee\\\/en\\\/shop\\\/\"},{\"@type\":\"ListItem\",\"position\":3,\"name\":\"Xanthan Gum (200g)\"}]},{\"@type\":\"WebSite\",\"@id\":\"https:\\\/\\\/fit360.ee\\\/en\\\/#website\",\"url\":\"https:\\\/\\\/fit360.ee\\\/en\\\/\",\"name\":\"Fit360\",\"description\":\"\",\"publisher\":{\"@id\":\"https:\\\/\\\/fit360.ee\\\/en\\\/#organization\"},\"potentialAction\":[{\"@type\":\"SearchAction\",\"target\":{\"@type\":\"EntryPoint\",\"urlTemplate\":\"https:\\\/\\\/fit360.ee\\\/en\\\/?s={search_term_string}\"},\"query-input\":{\"@type\":\"PropertyValueSpecification\",\"valueRequired\":true,\"valueName\":\"search_term_string\"}}],\"inLanguage\":\"en-US\"},{\"@type\":\"Organization\",\"@id\":\"https:\\\/\\\/fit360.ee\\\/en\\\/#organization\",\"name\":\"Fit360\",\"url\":\"https:\\\/\\\/fit360.ee\\\/en\\\/\",\"logo\":{\"@type\":\"ImageObject\",\"inLanguage\":\"en-US\",\"@id\":\"https:\\\/\\\/fit360.ee\\\/en\\\/#\\\/schema\\\/logo\\\/image\\\/\",\"url\":\"https:\\\/\\\/fit360.ee\\\/wp-content\\\/uploads\\\/2017\\\/01\\\/logo-fit360.png\",\"contentUrl\":\"https:\\\/\\\/fit360.ee\\\/wp-content\\\/uploads\\\/2017\\\/01\\\/logo-fit360.png\",\"width\":180,\"height\":66,\"caption\":\"Fit360\"},\"image\":{\"@id\":\"https:\\\/\\\/fit360.ee\\\/en\\\/#\\\/schema\\\/logo\\\/image\\\/\"}}]}<\/script>\n<!-- \/ Yoast SEO plugin. -->","yoast_head_json":{"title":"Xanthan Gum (200g) - Ksantaankumm - Kvaliteet toidupaksendaja - Fit360","description":"Xanthan Gum (ksantaankumm) on toitu paksendav aine - saadaval mugavas pulbrilises vormis. Xanthan Gum sisaldab ainult 1 koostiosa - sobilik ka veganitele.","robots":{"index":"index","follow":"follow","max-snippet":"max-snippet:-1","max-image-preview":"max-image-preview:large","max-video-preview":"max-video-preview:-1"},"canonical":"https:\/\/fit360.ee\/en\/pood\/product-groups\/superfoods-health-foods-en\/fiber-en\/xanthan-gum-200g\/","og_locale":"en_US","og_type":"article","og_title":"Xanthan Gum (200g) - Ksantaankumm - Kvaliteet toidupaksendaja - Fit360","og_description":"Xanthan Gum (ksantaankumm) on toitu paksendav aine - saadaval mugavas pulbrilises vormis. Xanthan Gum sisaldab ainult 1 koostiosa - sobilik ka veganitele.","og_url":"https:\/\/fit360.ee\/en\/pood\/product-groups\/superfoods-health-foods-en\/fiber-en\/xanthan-gum-200g\/","og_site_name":"Fit360","article_modified_time":"2025-08-13T05:38:34+00:00","og_image":[{"width":450,"height":450,"url":"https:\/\/fit360.ee\/wp-content\/uploads\/2024\/11\/xanthan-gum-ksantaankumm-fit360.ee-1.png","type":"image\/png"}],"twitter_card":"summary_large_image","twitter_misc":{"Est. reading time":"2 minutes"},"schema":{"@context":"https:\/\/schema.org","@graph":[{"@type":"WebPage","@id":"https:\/\/fit360.ee\/en\/pood\/product-groups\/superfoods-health-foods-en\/fiber-en\/xanthan-gum-200g\/","url":"https:\/\/fit360.ee\/en\/pood\/product-groups\/superfoods-health-foods-en\/fiber-en\/xanthan-gum-200g\/","name":"Xanthan Gum (200g) - Ksantaankumm - Kvaliteet toidupaksendaja - Fit360","isPartOf":{"@id":"https:\/\/fit360.ee\/en\/#website"},"primaryImageOfPage":{"@id":"https:\/\/fit360.ee\/en\/pood\/product-groups\/superfoods-health-foods-en\/fiber-en\/xanthan-gum-200g\/#primaryimage"},"image":{"@id":"https:\/\/fit360.ee\/en\/pood\/product-groups\/superfoods-health-foods-en\/fiber-en\/xanthan-gum-200g\/#primaryimage"},"thumbnailUrl":"https:\/\/fit360.ee\/wp-content\/uploads\/2024\/11\/xanthan-gum-ksantaankumm-fit360.ee-1.png","datePublished":"2024-11-18T12:34:33+00:00","dateModified":"2025-08-13T05:38:34+00:00","description":"Xanthan Gum (ksantaankumm) on toitu paksendav aine - saadaval mugavas pulbrilises vormis. Xanthan Gum sisaldab ainult 1 koostiosa - sobilik ka veganitele.","breadcrumb":{"@id":"https:\/\/fit360.ee\/en\/pood\/product-groups\/superfoods-health-foods-en\/fiber-en\/xanthan-gum-200g\/#breadcrumb"},"inLanguage":"en-US","potentialAction":[{"@type":"ReadAction","target":["https:\/\/fit360.ee\/en\/pood\/product-groups\/superfoods-health-foods-en\/fiber-en\/xanthan-gum-200g\/"]}]},{"@type":"ImageObject","inLanguage":"en-US","@id":"https:\/\/fit360.ee\/en\/pood\/product-groups\/superfoods-health-foods-en\/fiber-en\/xanthan-gum-200g\/#primaryimage","url":"https:\/\/fit360.ee\/wp-content\/uploads\/2024\/11\/xanthan-gum-ksantaankumm-fit360.ee-1.png","contentUrl":"https:\/\/fit360.ee\/wp-content\/uploads\/2024\/11\/xanthan-gum-ksantaankumm-fit360.ee-1.png","width":450,"height":450,"caption":"xanthan gum ksantaankumm - fit360.ee"},{"@type":"BreadcrumbList","@id":"https:\/\/fit360.ee\/en\/pood\/product-groups\/superfoods-health-foods-en\/fiber-en\/xanthan-gum-200g\/#breadcrumb","itemListElement":[{"@type":"ListItem","position":1,"name":"Home","item":"https:\/\/fit360.ee\/en\/"},{"@type":"ListItem","position":2,"name":"Shop","item":"https:\/\/fit360.ee\/en\/shop\/"},{"@type":"ListItem","position":3,"name":"Xanthan Gum (200g)"}]},{"@type":"WebSite","@id":"https:\/\/fit360.ee\/en\/#website","url":"https:\/\/fit360.ee\/en\/","name":"Fit360","description":"","publisher":{"@id":"https:\/\/fit360.ee\/en\/#organization"},"potentialAction":[{"@type":"SearchAction","target":{"@type":"EntryPoint","urlTemplate":"https:\/\/fit360.ee\/en\/?s={search_term_string}"},"query-input":{"@type":"PropertyValueSpecification","valueRequired":true,"valueName":"search_term_string"}}],"inLanguage":"en-US"},{"@type":"Organization","@id":"https:\/\/fit360.ee\/en\/#organization","name":"Fit360","url":"https:\/\/fit360.ee\/en\/","logo":{"@type":"ImageObject","inLanguage":"en-US","@id":"https:\/\/fit360.ee\/en\/#\/schema\/logo\/image\/","url":"https:\/\/fit360.ee\/wp-content\/uploads\/2017\/01\/logo-fit360.png","contentUrl":"https:\/\/fit360.ee\/wp-content\/uploads\/2017\/01\/logo-fit360.png","width":180,"height":66,"caption":"Fit360"},"image":{"@id":"https:\/\/fit360.ee\/en\/#\/schema\/logo\/image\/"}}]}},"_links":{"self":[{"href":"https:\/\/fit360.ee\/en\/wp-json\/wp\/v2\/product\/84186","targetHints":{"allow":["GET"]}}],"collection":[{"href":"https:\/\/fit360.ee\/en\/wp-json\/wp\/v2\/product"}],"about":[{"href":"https:\/\/fit360.ee\/en\/wp-json\/wp\/v2\/types\/product"}],"replies":[{"embeddable":true,"href":"https:\/\/fit360.ee\/en\/wp-json\/wp\/v2\/comments?post=84186"}],"wp:featuredmedia":[{"embeddable":true,"href":"https:\/\/fit360.ee\/en\/wp-json\/wp\/v2\/media\/84185"}],"wp:attachment":[{"href":"https:\/\/fit360.ee\/en\/wp-json\/wp\/v2\/media?parent=84186"}],"wp:term":[{"taxonomy":"product_brand","embeddable":true,"href":"https:\/\/fit360.ee\/en\/wp-json\/wp\/v2\/product_brand?post=84186"},{"taxonomy":"product_cat","embeddable":true,"href":"https:\/\/fit360.ee\/en\/wp-json\/wp\/v2\/product_cat?post=84186"},{"taxonomy":"product_tag","embeddable":true,"href":"https:\/\/fit360.ee\/en\/wp-json\/wp\/v2\/product_tag?post=84186"},{"taxonomy":"giftcard-category","embeddable":true,"href":"https:\/\/fit360.ee\/en\/wp-json\/wp\/v2\/giftcard-category?post=84186"}],"curies":[{"name":"wp","href":"https:\/\/api.w.org\/{rel}","templated":true}]}}