{"id":84253,"date":"2024-11-18T17:19:39","date_gmt":"2024-11-18T15:19:39","guid":{"rendered":"https:\/\/fit360.ee\/pood\/uncategorized\/gasp-classic-hoodie\/"},"modified":"2026-03-26T12:03:48","modified_gmt":"2026-03-26T10:03:48","slug":"gasp-classic-hoodie","status":"publish","type":"product","link":"https:\/\/fit360.ee\/en\/pood\/training-equipment-en\/fitness-clothing-en\/gasp-classic-hoodie\/","title":{"rendered":"GASP Classic Hoodie"},"content":{"rendered":"<h2><strong>GASP Classic Hoodie<\/strong><\/h2>\n<p><strong><em><span>Sobivus:<\/span><\/em><\/strong><span>\u00a0Tavaline<\/span><br \/>\n<strong><em><span>materjal:<\/span><\/em><\/strong><span>\u00a086% puuvill, 14% pol\u00fcester<\/span><br \/>\n<strong><em><span>Omadused:<\/span><\/em><\/strong><span>\u00a0harjamata seest, virsikuv\u00e4rviga v\u00e4ljast, klassikaline pullover, k\u00e4ngurutasku, logo sakk taskul<\/span><\/p>\n<p><span>GASP Classic Hoodie on klassikaline k\u00e4ngurutaskuga pulloveriga kapuuts. Oleme j\u00e4tnud tootemargi minimaalseks, taskul on vaid sakk, mis sobib teie enda kohandamiseks v\u00f5i neile, kes soovivad igap\u00e4evaseks kandmiseks lihtsat kapuutsi.<\/span><\/p>\n<p><a href=\"https:\/\/fit360.ee\/wp-content\/uploads\/2024\/11\/classic-hoodie-greymelange-fit360.ee_-800x800.jpg\"><img loading=\"lazy\" decoding=\"async\" class=\"size-medium wp-image-84237\" src=\"https:\/\/fit360.ee\/wp-content\/uploads\/2024\/11\/classic-hoodie-greymelange-fit360.ee_-800x800.jpg\" alt=\"classic hoodie greymelange - fit360.ee\" width=\"800\" height=\"800\" srcset=\"https:\/\/fit360.ee\/wp-content\/uploads\/2024\/11\/classic-hoodie-greymelange-fit360.ee_-800x800.jpg 800w, https:\/\/fit360.ee\/wp-content\/uploads\/2024\/11\/classic-hoodie-greymelange-fit360.ee_-247x247.jpg 247w, https:\/\/fit360.ee\/wp-content\/uploads\/2024\/11\/classic-hoodie-greymelange-fit360.ee_-100x100.jpg 100w, https:\/\/fit360.ee\/wp-content\/uploads\/2024\/11\/classic-hoodie-greymelange-fit360.ee_-510x510.jpg 510w, https:\/\/fit360.ee\/wp-content\/uploads\/2024\/11\/classic-hoodie-greymelange-fit360.ee_-340x340.jpg 340w, https:\/\/fit360.ee\/wp-content\/uploads\/2024\/11\/classic-hoodie-greymelange-fit360.ee_-768x768.jpg 768w, https:\/\/fit360.ee\/wp-content\/uploads\/2024\/11\/classic-hoodie-greymelange-fit360.ee_.jpg 1000w\" sizes=\"auto, (max-width: 800px) 100vw, 800px\" \/><\/a><\/p>\n<p><a href=\"https:\/\/fit360.ee\/wp-content\/uploads\/2024\/11\/gasp-classic-hoodie-greymelange-fit360.ee_-800x800.jpg\"><img loading=\"lazy\" decoding=\"async\" class=\"size-medium wp-image-84241\" src=\"https:\/\/fit360.ee\/wp-content\/uploads\/2024\/11\/gasp-classic-hoodie-greymelange-fit360.ee_-800x800.jpg\" alt=\"gasp classic hoodie greymelange - fit360.ee\" width=\"800\" height=\"800\" srcset=\"https:\/\/fit360.ee\/wp-content\/uploads\/2024\/11\/gasp-classic-hoodie-greymelange-fit360.ee_-800x800.jpg 800w, https:\/\/fit360.ee\/wp-content\/uploads\/2024\/11\/gasp-classic-hoodie-greymelange-fit360.ee_-247x247.jpg 247w, https:\/\/fit360.ee\/wp-content\/uploads\/2024\/11\/gasp-classic-hoodie-greymelange-fit360.ee_-100x100.jpg 100w, https:\/\/fit360.ee\/wp-content\/uploads\/2024\/11\/gasp-classic-hoodie-greymelange-fit360.ee_-510x510.jpg 510w, https:\/\/fit360.ee\/wp-content\/uploads\/2024\/11\/gasp-classic-hoodie-greymelange-fit360.ee_-340x340.jpg 340w, https:\/\/fit360.ee\/wp-content\/uploads\/2024\/11\/gasp-classic-hoodie-greymelange-fit360.ee_-768x768.jpg 768w, https:\/\/fit360.ee\/wp-content\/uploads\/2024\/11\/gasp-classic-hoodie-greymelange-fit360.ee_.jpg 1000w\" sizes=\"auto, (max-width: 800px) 100vw, 800px\" \/><\/a><\/p>\n<p><a href=\"https:\/\/fit360.ee\/wp-content\/uploads\/2024\/11\/gasp-classic-hoodie-hall-fit360.ee_-800x800.jpg\"><img loading=\"lazy\" decoding=\"async\" class=\"size-medium wp-image-84243\" src=\"https:\/\/fit360.ee\/wp-content\/uploads\/2024\/11\/gasp-classic-hoodie-hall-fit360.ee_-800x800.jpg\" alt=\"gasp classic hoodie hall - fit360.ee\" width=\"800\" height=\"800\" srcset=\"https:\/\/fit360.ee\/wp-content\/uploads\/2024\/11\/gasp-classic-hoodie-hall-fit360.ee_-800x800.jpg 800w, https:\/\/fit360.ee\/wp-content\/uploads\/2024\/11\/gasp-classic-hoodie-hall-fit360.ee_-247x247.jpg 247w, https:\/\/fit360.ee\/wp-content\/uploads\/2024\/11\/gasp-classic-hoodie-hall-fit360.ee_-100x100.jpg 100w, https:\/\/fit360.ee\/wp-content\/uploads\/2024\/11\/gasp-classic-hoodie-hall-fit360.ee_-510x510.jpg 510w, https:\/\/fit360.ee\/wp-content\/uploads\/2024\/11\/gasp-classic-hoodie-hall-fit360.ee_-340x340.jpg 340w, https:\/\/fit360.ee\/wp-content\/uploads\/2024\/11\/gasp-classic-hoodie-hall-fit360.ee_-768x768.jpg 768w, https:\/\/fit360.ee\/wp-content\/uploads\/2024\/11\/gasp-classic-hoodie-hall-fit360.ee_.jpg 1000w\" sizes=\"auto, (max-width: 800px) 100vw, 800px\" \/><\/a><\/p>\n<p><a href=\"https:\/\/fit360.ee\/wp-content\/uploads\/2024\/11\/gasp-classic-hoodie-must-fit360.ee_-800x800.jpg\"><img loading=\"lazy\" decoding=\"async\" class=\"size-medium wp-image-84245\" src=\"https:\/\/fit360.ee\/wp-content\/uploads\/2024\/11\/gasp-classic-hoodie-must-fit360.ee_-800x800.jpg\" alt=\"gasp classic hoodie must - fit360.ee\" width=\"800\" height=\"800\" srcset=\"https:\/\/fit360.ee\/wp-content\/uploads\/2024\/11\/gasp-classic-hoodie-must-fit360.ee_-800x800.jpg 800w, https:\/\/fit360.ee\/wp-content\/uploads\/2024\/11\/gasp-classic-hoodie-must-fit360.ee_-247x247.jpg 247w, https:\/\/fit360.ee\/wp-content\/uploads\/2024\/11\/gasp-classic-hoodie-must-fit360.ee_-100x100.jpg 100w, https:\/\/fit360.ee\/wp-content\/uploads\/2024\/11\/gasp-classic-hoodie-must-fit360.ee_-510x510.jpg 510w, https:\/\/fit360.ee\/wp-content\/uploads\/2024\/11\/gasp-classic-hoodie-must-fit360.ee_-340x340.jpg 340w, https:\/\/fit360.ee\/wp-content\/uploads\/2024\/11\/gasp-classic-hoodie-must-fit360.ee_-768x768.jpg 768w, https:\/\/fit360.ee\/wp-content\/uploads\/2024\/11\/gasp-classic-hoodie-must-fit360.ee_.jpg 1000w\" sizes=\"auto, (max-width: 800px) 100vw, 800px\" \/><\/a><\/p>\n<p><a href=\"https:\/\/fit360.ee\/wp-content\/uploads\/2024\/11\/classic-hoodie-gasp-fit360.ee_-800x800.jpg\"><img loading=\"lazy\" decoding=\"async\" class=\"size-medium wp-image-84247\" src=\"https:\/\/fit360.ee\/wp-content\/uploads\/2024\/11\/classic-hoodie-gasp-fit360.ee_-800x800.jpg\" alt=\"classic hoodie gasp - fit360.ee\" width=\"800\" height=\"800\" srcset=\"https:\/\/fit360.ee\/wp-content\/uploads\/2024\/11\/classic-hoodie-gasp-fit360.ee_-800x800.jpg 800w, https:\/\/fit360.ee\/wp-content\/uploads\/2024\/11\/classic-hoodie-gasp-fit360.ee_-247x247.jpg 247w, https:\/\/fit360.ee\/wp-content\/uploads\/2024\/11\/classic-hoodie-gasp-fit360.ee_-100x100.jpg 100w, https:\/\/fit360.ee\/wp-content\/uploads\/2024\/11\/classic-hoodie-gasp-fit360.ee_-510x510.jpg 510w, https:\/\/fit360.ee\/wp-content\/uploads\/2024\/11\/classic-hoodie-gasp-fit360.ee_-340x340.jpg 340w, https:\/\/fit360.ee\/wp-content\/uploads\/2024\/11\/classic-hoodie-gasp-fit360.ee_-768x768.jpg 768w, https:\/\/fit360.ee\/wp-content\/uploads\/2024\/11\/classic-hoodie-gasp-fit360.ee_.jpg 1000w\" sizes=\"auto, (max-width: 800px) 100vw, 800px\" \/><\/a><\/p>\n<p><a href=\"https:\/\/fit360.ee\/wp-content\/uploads\/2024\/11\/classic-hoodie-fit360.ee_-800x800.jpg\"><img loading=\"lazy\" decoding=\"async\" class=\"size-medium wp-image-84249\" src=\"https:\/\/fit360.ee\/wp-content\/uploads\/2024\/11\/classic-hoodie-fit360.ee_-800x800.jpg\" alt=\"classic hoodie - fit360.ee\" width=\"800\" height=\"800\" srcset=\"https:\/\/fit360.ee\/wp-content\/uploads\/2024\/11\/classic-hoodie-fit360.ee_-800x800.jpg 800w, https:\/\/fit360.ee\/wp-content\/uploads\/2024\/11\/classic-hoodie-fit360.ee_-247x247.jpg 247w, https:\/\/fit360.ee\/wp-content\/uploads\/2024\/11\/classic-hoodie-fit360.ee_-100x100.jpg 100w, https:\/\/fit360.ee\/wp-content\/uploads\/2024\/11\/classic-hoodie-fit360.ee_-510x510.jpg 510w, https:\/\/fit360.ee\/wp-content\/uploads\/2024\/11\/classic-hoodie-fit360.ee_-340x340.jpg 340w, https:\/\/fit360.ee\/wp-content\/uploads\/2024\/11\/classic-hoodie-fit360.ee_-768x768.jpg 768w, https:\/\/fit360.ee\/wp-content\/uploads\/2024\/11\/classic-hoodie-fit360.ee_.jpg 1000w\" sizes=\"auto, (max-width: 800px) 100vw, 800px\" \/><\/a><\/p>\n<figure id=\"attachment_84251\" aria-describedby=\"caption-attachment-84251\" style=\"width: 800px\" class=\"wp-caption alignnone\"><a href=\"https:\/\/fit360.ee\/wp-content\/uploads\/2024\/11\/gasp-classic-hoodie-fit360.ee_-800x800.jpg\"><img loading=\"lazy\" decoding=\"async\" class=\"size-medium wp-image-84251\" src=\"https:\/\/fit360.ee\/wp-content\/uploads\/2024\/11\/gasp-classic-hoodie-fit360.ee_-800x800.jpg\" alt=\"gasp classic hoodie - fit360.ee\" width=\"800\" height=\"800\" srcset=\"https:\/\/fit360.ee\/wp-content\/uploads\/2024\/11\/gasp-classic-hoodie-fit360.ee_-800x800.jpg 800w, https:\/\/fit360.ee\/wp-content\/uploads\/2024\/11\/gasp-classic-hoodie-fit360.ee_-247x247.jpg 247w, https:\/\/fit360.ee\/wp-content\/uploads\/2024\/11\/gasp-classic-hoodie-fit360.ee_-100x100.jpg 100w, https:\/\/fit360.ee\/wp-content\/uploads\/2024\/11\/gasp-classic-hoodie-fit360.ee_-510x510.jpg 510w, https:\/\/fit360.ee\/wp-content\/uploads\/2024\/11\/gasp-classic-hoodie-fit360.ee_-340x340.jpg 340w, https:\/\/fit360.ee\/wp-content\/uploads\/2024\/11\/gasp-classic-hoodie-fit360.ee_-768x768.jpg 768w, https:\/\/fit360.ee\/wp-content\/uploads\/2024\/11\/gasp-classic-hoodie-fit360.ee_.jpg 1000w\" sizes=\"auto, (max-width: 800px) 100vw, 800px\" \/><\/a><figcaption id=\"caption-attachment-84251\" class=\"wp-caption-text\">gasp classic hoodie &#8211; fit360.ee<\/figcaption><\/figure>\n<p><a href=\"https:\/\/fit360.ee\/wp-content\/uploads\/2024\/11\/classic-hoodie-hall-fit360.ee_-800x800.jpg\"><img loading=\"lazy\" decoding=\"async\" class=\"size-medium wp-image-84239\" src=\"https:\/\/fit360.ee\/wp-content\/uploads\/2024\/11\/classic-hoodie-hall-fit360.ee_-800x800.jpg\" alt=\"classic hoodie hall - fit360.ee\" width=\"800\" height=\"800\" srcset=\"https:\/\/fit360.ee\/wp-content\/uploads\/2024\/11\/classic-hoodie-hall-fit360.ee_-800x800.jpg 800w, https:\/\/fit360.ee\/wp-content\/uploads\/2024\/11\/classic-hoodie-hall-fit360.ee_-247x247.jpg 247w, https:\/\/fit360.ee\/wp-content\/uploads\/2024\/11\/classic-hoodie-hall-fit360.ee_-100x100.jpg 100w, https:\/\/fit360.ee\/wp-content\/uploads\/2024\/11\/classic-hoodie-hall-fit360.ee_-510x510.jpg 510w, https:\/\/fit360.ee\/wp-content\/uploads\/2024\/11\/classic-hoodie-hall-fit360.ee_-340x340.jpg 340w, https:\/\/fit360.ee\/wp-content\/uploads\/2024\/11\/classic-hoodie-hall-fit360.ee_-768x768.jpg 768w, https:\/\/fit360.ee\/wp-content\/uploads\/2024\/11\/classic-hoodie-hall-fit360.ee_.jpg 1000w\" sizes=\"auto, (max-width: 800px) 100vw, 800px\" \/><\/a><\/p>\n<p>&nbsp;<\/p>\n<p>Vaata ka meie Teisi Treeningriideid <a href=\"https:\/\/fit360.ee\/en\/product-category\/training-equipment-en\/fitness-clothing-en\/\"><strong>SIIT<\/strong><\/a>!<\/p>\n","protected":false},"excerpt":{"rendered":"<p><strong><em>Sobivus:<\/em><\/strong>\u00a0Tavaline<br \/>\n<strong><em>materjal:<\/em><\/strong>\u00a086% puuvill, 14% pol\u00fcester<br \/>\n<strong><em>Omadused:<\/em><\/strong>\u00a0harjamata seest, virsikuv\u00e4rviga v\u00e4ljast, klassikaline pullover, k\u00e4ngurutasku, logo sakk taskul<\/p>\n","protected":false},"featured_media":84252,"comment_status":"open","ping_status":"closed","template":"","meta":[],"product_brand":[],"product_cat":[547],"product_tag":[5346,2515,5347],"giftcard-category":[],"class_list":{"0":"post-84253","1":"product","2":"type-product","3":"status-publish","4":"has-post-thumbnail","6":"product_cat-fitness-clothing-en","7":"product_tag-classic-hoodie-en","8":"product_tag-gasp-en","9":"product_tag-gasp-classic-hoodie-en","10":"pa_suurus-l","11":"pa_suurus-m","12":"pa_suurus-s","13":"pa_suurus-xl","14":"pa_suurus-xxl","15":"pa_varvus-black","16":"pa_varvus-light-gray","18":"first","19":"instock","20":"sale","21":"taxable","22":"shipping-taxable","23":"purchasable","24":"product-type-variable"},"yoast_head":"<!-- This site is optimized with the Yoast SEO plugin v27.3 - https:\/\/yoast.com\/product\/yoast-seo-wordpress\/ -->\n<title>GASP Classic Hoodie - Mugav treeningpusa - Kiire Tarne - Fit360<\/title>\n<meta name=\"description\" content=\"GASP Classic Hoodie on klassikaline k\u00e4ngurutaskuga pulloveriga kapuuts. Oleme j\u00e4tnud tootemargi minimaalseks, taskul on vaid sakk, mis sobib teie enda...\" \/>\n<meta name=\"robots\" content=\"index, follow, max-snippet:-1, max-image-preview:large, max-video-preview:-1\" \/>\n<link rel=\"canonical\" href=\"https:\/\/fit360.ee\/en\/pood\/training-equipment-en\/fitness-clothing-en\/gasp-classic-hoodie\/\" \/>\n<meta property=\"og:locale\" content=\"en_US\" \/>\n<meta property=\"og:type\" content=\"article\" \/>\n<meta property=\"og:title\" content=\"GASP Classic Hoodie - Mugav treeningpusa - Kiire Tarne - Fit360\" \/>\n<meta property=\"og:description\" content=\"GASP Classic Hoodie on klassikaline k\u00e4ngurutaskuga pulloveriga kapuuts. Oleme j\u00e4tnud tootemargi minimaalseks, taskul on vaid sakk, mis sobib teie enda...\" \/>\n<meta property=\"og:url\" content=\"https:\/\/fit360.ee\/en\/pood\/training-equipment-en\/fitness-clothing-en\/gasp-classic-hoodie\/\" \/>\n<meta property=\"og:site_name\" content=\"Fit360\" \/>\n<meta property=\"article:modified_time\" content=\"2026-03-26T10:03:48+00:00\" \/>\n<meta property=\"og:image\" content=\"https:\/\/fit360.ee\/wp-content\/uploads\/2024\/11\/gasp-classic-hoodie-fit360.ee_.jpg\" \/>\n\t<meta property=\"og:image:width\" content=\"1000\" \/>\n\t<meta property=\"og:image:height\" content=\"1000\" \/>\n\t<meta property=\"og:image:type\" content=\"image\/jpeg\" \/>\n<meta name=\"twitter:card\" content=\"summary_large_image\" \/>\n<meta name=\"twitter:label1\" content=\"Est. reading time\" \/>\n\t<meta name=\"twitter:data1\" content=\"3 minutes\" \/>\n<script type=\"application\/ld+json\" class=\"yoast-schema-graph\">{\"@context\":\"https:\\\/\\\/schema.org\",\"@graph\":[{\"@type\":\"WebPage\",\"@id\":\"https:\\\/\\\/fit360.ee\\\/en\\\/pood\\\/training-equipment-en\\\/fitness-clothing-en\\\/gasp-classic-hoodie\\\/\",\"url\":\"https:\\\/\\\/fit360.ee\\\/en\\\/pood\\\/training-equipment-en\\\/fitness-clothing-en\\\/gasp-classic-hoodie\\\/\",\"name\":\"GASP Classic Hoodie - Mugav treeningpusa - Kiire Tarne - Fit360\",\"isPartOf\":{\"@id\":\"https:\\\/\\\/fit360.ee\\\/en\\\/#website\"},\"primaryImageOfPage\":{\"@id\":\"https:\\\/\\\/fit360.ee\\\/en\\\/pood\\\/training-equipment-en\\\/fitness-clothing-en\\\/gasp-classic-hoodie\\\/#primaryimage\"},\"image\":{\"@id\":\"https:\\\/\\\/fit360.ee\\\/en\\\/pood\\\/training-equipment-en\\\/fitness-clothing-en\\\/gasp-classic-hoodie\\\/#primaryimage\"},\"thumbnailUrl\":\"https:\\\/\\\/fit360.ee\\\/wp-content\\\/uploads\\\/2024\\\/11\\\/gasp-classic-hoodie-fit360.ee_.jpg\",\"datePublished\":\"2024-11-18T15:19:39+00:00\",\"dateModified\":\"2026-03-26T10:03:48+00:00\",\"description\":\"GASP Classic Hoodie on klassikaline k\u00e4ngurutaskuga pulloveriga kapuuts. Oleme j\u00e4tnud tootemargi minimaalseks, taskul on vaid sakk, mis sobib teie enda...\",\"breadcrumb\":{\"@id\":\"https:\\\/\\\/fit360.ee\\\/en\\\/pood\\\/training-equipment-en\\\/fitness-clothing-en\\\/gasp-classic-hoodie\\\/#breadcrumb\"},\"inLanguage\":\"en-US\",\"potentialAction\":[{\"@type\":\"ReadAction\",\"target\":[\"https:\\\/\\\/fit360.ee\\\/en\\\/pood\\\/training-equipment-en\\\/fitness-clothing-en\\\/gasp-classic-hoodie\\\/\"]}]},{\"@type\":\"ImageObject\",\"inLanguage\":\"en-US\",\"@id\":\"https:\\\/\\\/fit360.ee\\\/en\\\/pood\\\/training-equipment-en\\\/fitness-clothing-en\\\/gasp-classic-hoodie\\\/#primaryimage\",\"url\":\"https:\\\/\\\/fit360.ee\\\/wp-content\\\/uploads\\\/2024\\\/11\\\/gasp-classic-hoodie-fit360.ee_.jpg\",\"contentUrl\":\"https:\\\/\\\/fit360.ee\\\/wp-content\\\/uploads\\\/2024\\\/11\\\/gasp-classic-hoodie-fit360.ee_.jpg\",\"width\":1000,\"height\":1000,\"caption\":\"gasp classic hoodie - fit360.ee\"},{\"@type\":\"BreadcrumbList\",\"@id\":\"https:\\\/\\\/fit360.ee\\\/en\\\/pood\\\/training-equipment-en\\\/fitness-clothing-en\\\/gasp-classic-hoodie\\\/#breadcrumb\",\"itemListElement\":[{\"@type\":\"ListItem\",\"position\":1,\"name\":\"Home\",\"item\":\"https:\\\/\\\/fit360.ee\\\/en\\\/\"},{\"@type\":\"ListItem\",\"position\":2,\"name\":\"Shop\",\"item\":\"https:\\\/\\\/fit360.ee\\\/en\\\/shop\\\/\"},{\"@type\":\"ListItem\",\"position\":3,\"name\":\"GASP Classic Hoodie\"}]},{\"@type\":\"WebSite\",\"@id\":\"https:\\\/\\\/fit360.ee\\\/en\\\/#website\",\"url\":\"https:\\\/\\\/fit360.ee\\\/en\\\/\",\"name\":\"Fit360\",\"description\":\"\",\"publisher\":{\"@id\":\"https:\\\/\\\/fit360.ee\\\/en\\\/#organization\"},\"potentialAction\":[{\"@type\":\"SearchAction\",\"target\":{\"@type\":\"EntryPoint\",\"urlTemplate\":\"https:\\\/\\\/fit360.ee\\\/en\\\/?s={search_term_string}\"},\"query-input\":{\"@type\":\"PropertyValueSpecification\",\"valueRequired\":true,\"valueName\":\"search_term_string\"}}],\"inLanguage\":\"en-US\"},{\"@type\":\"Organization\",\"@id\":\"https:\\\/\\\/fit360.ee\\\/en\\\/#organization\",\"name\":\"Fit360\",\"url\":\"https:\\\/\\\/fit360.ee\\\/en\\\/\",\"logo\":{\"@type\":\"ImageObject\",\"inLanguage\":\"en-US\",\"@id\":\"https:\\\/\\\/fit360.ee\\\/en\\\/#\\\/schema\\\/logo\\\/image\\\/\",\"url\":\"https:\\\/\\\/fit360.ee\\\/wp-content\\\/uploads\\\/2017\\\/01\\\/logo-fit360.png\",\"contentUrl\":\"https:\\\/\\\/fit360.ee\\\/wp-content\\\/uploads\\\/2017\\\/01\\\/logo-fit360.png\",\"width\":180,\"height\":66,\"caption\":\"Fit360\"},\"image\":{\"@id\":\"https:\\\/\\\/fit360.ee\\\/en\\\/#\\\/schema\\\/logo\\\/image\\\/\"}}]}<\/script>\n<!-- \/ Yoast SEO plugin. -->","yoast_head_json":{"title":"GASP Classic Hoodie - Mugav treeningpusa - Kiire Tarne - Fit360","description":"GASP Classic Hoodie on klassikaline k\u00e4ngurutaskuga pulloveriga kapuuts. Oleme j\u00e4tnud tootemargi minimaalseks, taskul on vaid sakk, mis sobib teie enda...","robots":{"index":"index","follow":"follow","max-snippet":"max-snippet:-1","max-image-preview":"max-image-preview:large","max-video-preview":"max-video-preview:-1"},"canonical":"https:\/\/fit360.ee\/en\/pood\/training-equipment-en\/fitness-clothing-en\/gasp-classic-hoodie\/","og_locale":"en_US","og_type":"article","og_title":"GASP Classic Hoodie - Mugav treeningpusa - Kiire Tarne - Fit360","og_description":"GASP Classic Hoodie on klassikaline k\u00e4ngurutaskuga pulloveriga kapuuts. Oleme j\u00e4tnud tootemargi minimaalseks, taskul on vaid sakk, mis sobib teie enda...","og_url":"https:\/\/fit360.ee\/en\/pood\/training-equipment-en\/fitness-clothing-en\/gasp-classic-hoodie\/","og_site_name":"Fit360","article_modified_time":"2026-03-26T10:03:48+00:00","og_image":[{"width":1000,"height":1000,"url":"https:\/\/fit360.ee\/wp-content\/uploads\/2024\/11\/gasp-classic-hoodie-fit360.ee_.jpg","type":"image\/jpeg"}],"twitter_card":"summary_large_image","twitter_misc":{"Est. reading time":"3 minutes"},"schema":{"@context":"https:\/\/schema.org","@graph":[{"@type":"WebPage","@id":"https:\/\/fit360.ee\/en\/pood\/training-equipment-en\/fitness-clothing-en\/gasp-classic-hoodie\/","url":"https:\/\/fit360.ee\/en\/pood\/training-equipment-en\/fitness-clothing-en\/gasp-classic-hoodie\/","name":"GASP Classic Hoodie - Mugav treeningpusa - Kiire Tarne - Fit360","isPartOf":{"@id":"https:\/\/fit360.ee\/en\/#website"},"primaryImageOfPage":{"@id":"https:\/\/fit360.ee\/en\/pood\/training-equipment-en\/fitness-clothing-en\/gasp-classic-hoodie\/#primaryimage"},"image":{"@id":"https:\/\/fit360.ee\/en\/pood\/training-equipment-en\/fitness-clothing-en\/gasp-classic-hoodie\/#primaryimage"},"thumbnailUrl":"https:\/\/fit360.ee\/wp-content\/uploads\/2024\/11\/gasp-classic-hoodie-fit360.ee_.jpg","datePublished":"2024-11-18T15:19:39+00:00","dateModified":"2026-03-26T10:03:48+00:00","description":"GASP Classic Hoodie on klassikaline k\u00e4ngurutaskuga pulloveriga kapuuts. Oleme j\u00e4tnud tootemargi minimaalseks, taskul on vaid sakk, mis sobib teie enda...","breadcrumb":{"@id":"https:\/\/fit360.ee\/en\/pood\/training-equipment-en\/fitness-clothing-en\/gasp-classic-hoodie\/#breadcrumb"},"inLanguage":"en-US","potentialAction":[{"@type":"ReadAction","target":["https:\/\/fit360.ee\/en\/pood\/training-equipment-en\/fitness-clothing-en\/gasp-classic-hoodie\/"]}]},{"@type":"ImageObject","inLanguage":"en-US","@id":"https:\/\/fit360.ee\/en\/pood\/training-equipment-en\/fitness-clothing-en\/gasp-classic-hoodie\/#primaryimage","url":"https:\/\/fit360.ee\/wp-content\/uploads\/2024\/11\/gasp-classic-hoodie-fit360.ee_.jpg","contentUrl":"https:\/\/fit360.ee\/wp-content\/uploads\/2024\/11\/gasp-classic-hoodie-fit360.ee_.jpg","width":1000,"height":1000,"caption":"gasp classic hoodie - fit360.ee"},{"@type":"BreadcrumbList","@id":"https:\/\/fit360.ee\/en\/pood\/training-equipment-en\/fitness-clothing-en\/gasp-classic-hoodie\/#breadcrumb","itemListElement":[{"@type":"ListItem","position":1,"name":"Home","item":"https:\/\/fit360.ee\/en\/"},{"@type":"ListItem","position":2,"name":"Shop","item":"https:\/\/fit360.ee\/en\/shop\/"},{"@type":"ListItem","position":3,"name":"GASP Classic Hoodie"}]},{"@type":"WebSite","@id":"https:\/\/fit360.ee\/en\/#website","url":"https:\/\/fit360.ee\/en\/","name":"Fit360","description":"","publisher":{"@id":"https:\/\/fit360.ee\/en\/#organization"},"potentialAction":[{"@type":"SearchAction","target":{"@type":"EntryPoint","urlTemplate":"https:\/\/fit360.ee\/en\/?s={search_term_string}"},"query-input":{"@type":"PropertyValueSpecification","valueRequired":true,"valueName":"search_term_string"}}],"inLanguage":"en-US"},{"@type":"Organization","@id":"https:\/\/fit360.ee\/en\/#organization","name":"Fit360","url":"https:\/\/fit360.ee\/en\/","logo":{"@type":"ImageObject","inLanguage":"en-US","@id":"https:\/\/fit360.ee\/en\/#\/schema\/logo\/image\/","url":"https:\/\/fit360.ee\/wp-content\/uploads\/2017\/01\/logo-fit360.png","contentUrl":"https:\/\/fit360.ee\/wp-content\/uploads\/2017\/01\/logo-fit360.png","width":180,"height":66,"caption":"Fit360"},"image":{"@id":"https:\/\/fit360.ee\/en\/#\/schema\/logo\/image\/"}}]}},"_links":{"self":[{"href":"https:\/\/fit360.ee\/en\/wp-json\/wp\/v2\/product\/84253","targetHints":{"allow":["GET"]}}],"collection":[{"href":"https:\/\/fit360.ee\/en\/wp-json\/wp\/v2\/product"}],"about":[{"href":"https:\/\/fit360.ee\/en\/wp-json\/wp\/v2\/types\/product"}],"replies":[{"embeddable":true,"href":"https:\/\/fit360.ee\/en\/wp-json\/wp\/v2\/comments?post=84253"}],"wp:featuredmedia":[{"embeddable":true,"href":"https:\/\/fit360.ee\/en\/wp-json\/wp\/v2\/media\/84252"}],"wp:attachment":[{"href":"https:\/\/fit360.ee\/en\/wp-json\/wp\/v2\/media?parent=84253"}],"wp:term":[{"taxonomy":"product_brand","embeddable":true,"href":"https:\/\/fit360.ee\/en\/wp-json\/wp\/v2\/product_brand?post=84253"},{"taxonomy":"product_cat","embeddable":true,"href":"https:\/\/fit360.ee\/en\/wp-json\/wp\/v2\/product_cat?post=84253"},{"taxonomy":"product_tag","embeddable":true,"href":"https:\/\/fit360.ee\/en\/wp-json\/wp\/v2\/product_tag?post=84253"},{"taxonomy":"giftcard-category","embeddable":true,"href":"https:\/\/fit360.ee\/en\/wp-json\/wp\/v2\/giftcard-category?post=84253"}],"curies":[{"name":"wp","href":"https:\/\/api.w.org\/{rel}","templated":true}]}}