{"id":84284,"date":"2024-04-19T06:19:28","date_gmt":"2024-04-19T04:19:28","guid":{"rendered":"https:\/\/fit360.ee\/pood\/uncategorized\/soy-protein-isolate-390-g\/"},"modified":"2025-08-19T09:02:11","modified_gmt":"2025-08-19T07:02:11","slug":"soy-protein-isolate-390-g","status":"publish","type":"product","link":"https:\/\/fit360.ee\/en\/pood\/product-groups\/protein-poweders-en\/vegan-protein-en\/soy-protein-isolate-390-g\/","title":{"rendered":"Soy Protein Isolate 390 g"},"content":{"rendered":"<h2><strong>Soy Protein Isolate<\/strong><\/h2>\n<p>OstroVit Soy Protein Isolate on toidulisand, mis on sojavalgu isolaadi allikas ja sisaldab koguni 90% valku. Tegemist on lihtsa koostisega vegan preparaadiga, mis on saadaval lihtsalt kasutatava pulbri kujul. See on toode, mis on loodud sportlastele ja inimestele, keda eristab suurenenud n\u00f5udlus valkude j\u00e4rele.<\/p>\n<ul class=\"cm__list\">\n<li><strong>Valguallikas<\/strong>\u00a0\u2013 \u00fcks toidulisandi portsjon annab kehale 27 g valku sojavalgu isolaadi kujul.<\/li>\n<li><strong>Lihtne koostis<\/strong>\u00a0\u2013 Toode sisaldab ainult sojavalgu isolaati ilma tarbetute lisanditeta.<\/li>\n<li><strong>Sobib taimetoitlastele ja veganitele<\/strong>\u00a0\u2013 Toode ei sisalda loomset p\u00e4ritolu koostisosi.<\/li>\n<li><strong>1 portsjon = 2,5 kulbit\u00e4it = 30 g<\/strong>\u00a0.<\/li>\n<li><strong>T\u00f5husus<\/strong>\u00a0\u2013 tootepakendis on 13 portsjonit preparaati.<\/li>\n<li><strong>Mugav vorm<\/strong>\u00a0\u2013 pulbrina saadaval olev preparaat tagab toidulisandi probleemideta tarnimise.<\/li>\n<\/ul>\n<h4 class=\"cm__heading\"><strong>OstroVit Soy Protein Isolate \u2013 v\u00e4\u00e4rtuslik taimse valgu allikas<\/strong><\/h4>\n<p><strong>Valk<\/strong>\u00a0on makrotoitaine, mis moodustab elusorganismide p\u00f5histruktuuri. See on makromolekulaarne keemiline \u00fchend, mis on valmistatud aminohappej\u00e4\u00e4kidest, mis on omavahel \u00fchendatud peptiidsidemetega.<\/p>\n<p>Valkude hulgast saame eristada t\u00e4is- ja mittet\u00e4ielikke valke. T\u00e4isvalgud sisaldavad k\u00f5iki asendamatuid aminohappeid (EAA), st neid, mida organism ise s\u00fcnteesida ei suuda, mist\u00f5ttu tuleb neid organismi varustada v\u00e4ljastpoolt, koos igap\u00e4evase toiduga v\u00f5i toidulisanditena. EAA-de hulka kuuluvad sellised \u00fchendid nagu tr\u00fcptofaan, treoniin v\u00f5i metioniin. Asendamatutest aminohapetest saame eristada ka hargnenud ahelaga aminohappeid (BCAA) ehk aineid, mille ainevahetus toimub otse lihastes, mis t\u00f5stab nende atraktiivsust eelk\u00f5ige sportlaste ja f\u00fc\u00fcsiliselt aktiivsete inimeste seas. Hargnenud ahelaga aminohapete hulka kuuluvad sellised \u00fchendid nagu isoleutsiin, leutsiin ja valiin. Mittet\u00e4ielikud valgud seevastu on struktuurid, mis ei sisalda k\u00f5iki asendamatuid aminohappeid, mist\u00f5ttu on oluline tarbitavaid tooteid \u00f5igesti kombineerida, et tagada organismile k\u00f5ik v\u00e4\u00e4rtuslikud \u00fchendid.<\/p>\n<p>OstroVitis kasutatav sojavalgu isolaat on v\u00e4ga hea lahustuvuse ja v\u00e4\u00e4rtuslike aminohapete rikkusega \u00fchend, mis avaldab positiivset m\u00f5ju toidulisandi kvaliteedile ning teeb preparaadist t\u00e4isv\u00e4\u00e4rtusliku toote, mida saab kasutada ka inimesed, kes j\u00e4rgivad taimset dieeti.<\/p>\n<h4 class=\"cm__heading\"><strong>OstroVit sojavalgu isolaadi koostisainete omadused<\/strong>:<\/h4>\n<p><strong>Preparaadis sisalduv valk<\/strong>\u00a0aitab kaasa lihasmassi kasvule ja aitab seda ka s\u00e4ilitada. Lisaks toetavad makrotoitained tervete luude s\u00e4ilimist.<\/p>\n<p><strong>Koostisosad<\/strong>: 100%\u00a0<strong>sojavalgu<\/strong>\u00a0isolaat (sisaldab\u00a0<strong>v\u00e4\u00e4veldioksiidi ja sulfiteid<\/strong>\u00a0).<\/p>\n<p><strong>Kasutamine<\/strong>: Segage portsjon 30 g (2,5 lusikat\u00e4it) 300-350 ml vees. Tarbi \u00fcks kord p\u00e4evas p\u00e4rast treeningut.<\/p>\n<p><strong>Suurus<\/strong>: 390g &#8211; 13 serveeringut.<\/p>\n<div class=\"nutrition_table_wrapper\">\n<div class=\"table_wrapper\">\n<table>\n<tbody>\n<tr>\n<th>Toitev\u00e4\u00e4rtused<\/th>\n<th>portsjoni kohta<\/th>\n<th>% SPK*<\/th>\n<th>100 g kohta<\/th>\n<\/tr>\n<tr>\n<td>Energeetiline v\u00e4\u00e4rtus<\/td>\n<td>486 kJ\/115 kcal<\/td>\n<td>6%<\/td>\n<td>1619 kJ\/382 kcal<\/td>\n<\/tr>\n<tr>\n<td>Paks<\/td>\n<td>0,5 g<\/td>\n<td>1%<\/td>\n<td>1,5 g<\/td>\n<\/tr>\n<tr class=\"sub\">\n<td>&#8211; sealhulgas k\u00fcllastunud rasvhapped<\/td>\n<td>0,2 g<\/td>\n<td>1%<\/td>\n<td>0,5 g<\/td>\n<\/tr>\n<tr>\n<td>S\u00fcsivesikud<\/td>\n<td>0,4 g<\/td>\n<td>&#8211;<\/td>\n<td>1,4 g<\/td>\n<\/tr>\n<tr class=\"sub\">\n<td>&#8211; sealhulgas suhkrud<\/td>\n<td>0,1 g<\/td>\n<td>&#8211;<\/td>\n<td>0,2 g<\/td>\n<\/tr>\n<tr>\n<td>Fiber<\/td>\n<td>0,4 g<\/td>\n<td>&#8211;<\/td>\n<td>1,2 g<\/td>\n<\/tr>\n<tr>\n<td>Valk<\/td>\n<td>27 g<\/td>\n<td>54%<\/td>\n<td>90 g<\/td>\n<\/tr>\n<tr>\n<td>soola<\/td>\n<td>0,90 g<\/td>\n<td>15%<\/td>\n<td>3 g<\/td>\n<\/tr>\n<tr>\n<td>Isolat bia\u0142ka sojowego<\/td>\n<td>30 g<\/td>\n<td>&#8211;<\/td>\n<td>100 g<\/td>\n<\/tr>\n<\/tbody>\n<\/table>\n<p>*SPK \u2013 Soovitatud P\u00e4evane kogus.<\/p>\n<\/div>\n<\/div>\n<table width=\"693\">\n<tbody>\n<tr>\n<th>T\u00fc\u00fcpiline aminohapete profiil<\/th>\n<th>portsjoni kohta<\/th>\n<th>100 g kohta<\/th>\n<\/tr>\n<tr>\n<td>L-arginiin<\/td>\n<td>1986 mg<\/td>\n<td>6620 mg<\/td>\n<\/tr>\n<tr>\n<td>L-ts\u00fcstiin<\/td>\n<td>792 mg<\/td>\n<td>2640 mg<\/td>\n<\/tr>\n<tr>\n<td>L-tr\u00fcptofaan<\/td>\n<td>450 mg<\/td>\n<td>1500 mg<\/td>\n<\/tr>\n<tr>\n<td>L-histidiin<\/td>\n<td>807 mg<\/td>\n<td>2690 mg<\/td>\n<\/tr>\n<tr>\n<td>L-t\u00fcrosiin<\/td>\n<td>945 mg<\/td>\n<td>3150 mg<\/td>\n<\/tr>\n<tr>\n<td>L-leutsiin<\/td>\n<td>2256 mg<\/td>\n<td>7520 mg<\/td>\n<\/tr>\n<tr>\n<td>L-glutamiinhape<\/td>\n<td>4956 mg<\/td>\n<td>16520 mg<\/td>\n<\/tr>\n<tr>\n<td>Gl\u00fctsiin<\/td>\n<td>1017 mg<\/td>\n<td>3390 mg<\/td>\n<\/tr>\n<tr>\n<td>L-proliin<\/td>\n<td>1332 mg<\/td>\n<td>4440 mg<\/td>\n<\/tr>\n<tr>\n<td>L-metioniin<\/td>\n<td>378 mg<\/td>\n<td>1260 mg<\/td>\n<\/tr>\n<tr>\n<td>L-Seriin<\/td>\n<td>1365 mg<\/td>\n<td>4550 mg<\/td>\n<\/tr>\n<tr>\n<td>L-l\u00fcsiin<\/td>\n<td>1629 mg<\/td>\n<td>5430 mg<\/td>\n<\/tr>\n<tr>\n<td>L-fen\u00fc\u00fclalaniin<\/td>\n<td>1161 mg<\/td>\n<td>3870 mg<\/td>\n<\/tr>\n<tr>\n<td>L-treoniin<\/td>\n<td>864 mg<\/td>\n<td>2880 mg<\/td>\n<\/tr>\n<tr>\n<td>L-Valina<\/td>\n<td>1218 mg<\/td>\n<td>4060 mg<\/td>\n<\/tr>\n<tr>\n<td>L-aspargiinhape<\/td>\n<td>3093 mg<\/td>\n<td>10310 mg<\/td>\n<\/tr>\n<tr>\n<td>L-alaniin<\/td>\n<td>1056 mg<\/td>\n<td>3520 mg<\/td>\n<\/tr>\n<tr>\n<td>L-isoleutsiin<\/td>\n<td>1038 mg<\/td>\n<td>3460 mg<\/td>\n<\/tr>\n<\/tbody>\n<\/table>\n<p>Aminogrammi v\u00e4\u00e4rtused v\u00f5ivad looduslikele toodetele omaselt alluda bioloogilistele k\u00f5ikumistele.<\/p>\n<p>Vaata ka meie Teisi Taimseid Valke <a href=\"https:\/\/fit360.ee\/tootekategooria\/tootegrupid\/proteiinipulbrid-valgupulbrid\/taimne-valk\/\"><strong>SIIT<\/strong><\/a> v\u00f5i Vegan tooteid <a href=\"https:\/\/fit360.ee\/tootekategooria\/tootegrupid\/vegan\/\"><strong>SIIT<\/strong><\/a>!<\/p>\n<p>Soovid kaupa osta suuremas koguses? Vaata antud toodet ka meie HULGI poest\u00a0<a href=\"https:\/\/toidulisandidhulgi.ee\/tooted\/soy-protein-isolate-390-g\/\"><strong>SIIT<\/strong><\/a>!<\/p>\n","protected":false},"excerpt":{"rendered":"<ul class=\"cm__list\">\n<li>Valguallikas<\/li>\n<li>Lihtne koostis<\/li>\n<li>Sobib taimetoitlastele ja veganitele<\/li>\n<li>1 portsjon = 2,5 kulbit\u00e4it = 30 g\u00a0.<\/li>\n<li>T\u00f5husus<\/li>\n<li>Mugav vorm<\/li>\n<li>90% Valgu sisaldus<\/li>\n<\/ul>\n","protected":false},"featured_media":79403,"comment_status":"open","ping_status":"closed","template":"","meta":[],"product_brand":[],"product_cat":[1329,535,2428,1201],"product_tag":[1924,1753,5348],"giftcard-category":[],"class_list":{"0":"post-84284","1":"product","2":"type-product","3":"status-publish","4":"has-post-thumbnail","6":"product_cat-ostrovit-en","7":"product_cat-protein-poweders-en","8":"product_cat-vegan-protein-en","9":"product_cat-1201","10":"product_tag-ostrovit-en","11":"product_tag-sojavalk-en","12":"product_tag-soy-protein-isolate-en","13":"pa_kogus-390g-en","14":"pa_toidulisand-branddd-ostrovit","15":"pa_tootegruppp-protein","16":"pa_tootegruppp-taimne-valk-en","17":"pa_tootegruppp-vegan-en","19":"first","20":"instock","21":"sale","22":"taxable","23":"shipping-taxable","24":"purchasable","25":"product-type-simple"},"yoast_head":"<!-- This site is optimized with the Yoast SEO plugin v27.3 - https:\/\/yoast.com\/product\/yoast-seo-wordpress\/ -->\n<title>Soy Protein Isolate 390 g - 100% puhas taimne valk - Kiire Tarne - Fit360<\/title>\n<meta name=\"description\" content=\"Soy Protein Isolate on toidulisand, mis on sojavalgu isolaadi allikas ja sisaldab koguni 90% valku. Tegemist on lihtsa koostisega vegan preparaa...\" \/>\n<meta name=\"robots\" content=\"index, follow, max-snippet:-1, max-image-preview:large, max-video-preview:-1\" \/>\n<link rel=\"canonical\" href=\"https:\/\/fit360.ee\/en\/pood\/product-groups\/protein-poweders-en\/vegan-protein-en\/soy-protein-isolate-390-g\/\" \/>\n<meta property=\"og:locale\" content=\"en_US\" \/>\n<meta property=\"og:type\" content=\"article\" \/>\n<meta property=\"og:title\" content=\"Soy Protein Isolate 390 g - 100% puhas taimne valk - Kiire Tarne - Fit360\" \/>\n<meta property=\"og:description\" content=\"Soy Protein Isolate on toidulisand, mis on sojavalgu isolaadi allikas ja sisaldab koguni 90% valku. Tegemist on lihtsa koostisega vegan preparaa...\" \/>\n<meta property=\"og:url\" content=\"https:\/\/fit360.ee\/en\/pood\/product-groups\/protein-poweders-en\/vegan-protein-en\/soy-protein-isolate-390-g\/\" \/>\n<meta property=\"og:site_name\" content=\"Fit360\" \/>\n<meta property=\"article:modified_time\" content=\"2025-08-19T07:02:11+00:00\" \/>\n<meta property=\"og:image\" content=\"https:\/\/fit360.ee\/wp-content\/uploads\/2024\/04\/soy-protein-isolate-fit360.ee-1.png\" \/>\n\t<meta property=\"og:image:width\" content=\"450\" \/>\n\t<meta property=\"og:image:height\" content=\"450\" \/>\n\t<meta property=\"og:image:type\" content=\"image\/png\" \/>\n<meta name=\"twitter:card\" content=\"summary_large_image\" \/>\n<meta name=\"twitter:label1\" content=\"Est. reading time\" \/>\n\t<meta name=\"twitter:data1\" content=\"3 minutes\" \/>\n<script type=\"application\/ld+json\" class=\"yoast-schema-graph\">{\"@context\":\"https:\\\/\\\/schema.org\",\"@graph\":[{\"@type\":\"WebPage\",\"@id\":\"https:\\\/\\\/fit360.ee\\\/en\\\/pood\\\/product-groups\\\/protein-poweders-en\\\/vegan-protein-en\\\/soy-protein-isolate-390-g\\\/\",\"url\":\"https:\\\/\\\/fit360.ee\\\/en\\\/pood\\\/product-groups\\\/protein-poweders-en\\\/vegan-protein-en\\\/soy-protein-isolate-390-g\\\/\",\"name\":\"Soy Protein Isolate 390 g - 100% puhas taimne valk - Kiire Tarne - Fit360\",\"isPartOf\":{\"@id\":\"https:\\\/\\\/fit360.ee\\\/en\\\/#website\"},\"primaryImageOfPage\":{\"@id\":\"https:\\\/\\\/fit360.ee\\\/en\\\/pood\\\/product-groups\\\/protein-poweders-en\\\/vegan-protein-en\\\/soy-protein-isolate-390-g\\\/#primaryimage\"},\"image\":{\"@id\":\"https:\\\/\\\/fit360.ee\\\/en\\\/pood\\\/product-groups\\\/protein-poweders-en\\\/vegan-protein-en\\\/soy-protein-isolate-390-g\\\/#primaryimage\"},\"thumbnailUrl\":\"https:\\\/\\\/fit360.ee\\\/wp-content\\\/uploads\\\/2024\\\/04\\\/soy-protein-isolate-fit360.ee-1.png\",\"datePublished\":\"2024-04-19T04:19:28+00:00\",\"dateModified\":\"2025-08-19T07:02:11+00:00\",\"description\":\"Soy Protein Isolate on toidulisand, mis on sojavalgu isolaadi allikas ja sisaldab koguni 90% valku. Tegemist on lihtsa koostisega vegan preparaa...\",\"breadcrumb\":{\"@id\":\"https:\\\/\\\/fit360.ee\\\/en\\\/pood\\\/product-groups\\\/protein-poweders-en\\\/vegan-protein-en\\\/soy-protein-isolate-390-g\\\/#breadcrumb\"},\"inLanguage\":\"en-US\",\"potentialAction\":[{\"@type\":\"ReadAction\",\"target\":[\"https:\\\/\\\/fit360.ee\\\/en\\\/pood\\\/product-groups\\\/protein-poweders-en\\\/vegan-protein-en\\\/soy-protein-isolate-390-g\\\/\"]}]},{\"@type\":\"ImageObject\",\"inLanguage\":\"en-US\",\"@id\":\"https:\\\/\\\/fit360.ee\\\/en\\\/pood\\\/product-groups\\\/protein-poweders-en\\\/vegan-protein-en\\\/soy-protein-isolate-390-g\\\/#primaryimage\",\"url\":\"https:\\\/\\\/fit360.ee\\\/wp-content\\\/uploads\\\/2024\\\/04\\\/soy-protein-isolate-fit360.ee-1.png\",\"contentUrl\":\"https:\\\/\\\/fit360.ee\\\/wp-content\\\/uploads\\\/2024\\\/04\\\/soy-protein-isolate-fit360.ee-1.png\",\"width\":450,\"height\":450,\"caption\":\"soy protein isolate - fit360.ee\"},{\"@type\":\"BreadcrumbList\",\"@id\":\"https:\\\/\\\/fit360.ee\\\/en\\\/pood\\\/product-groups\\\/protein-poweders-en\\\/vegan-protein-en\\\/soy-protein-isolate-390-g\\\/#breadcrumb\",\"itemListElement\":[{\"@type\":\"ListItem\",\"position\":1,\"name\":\"Home\",\"item\":\"https:\\\/\\\/fit360.ee\\\/en\\\/\"},{\"@type\":\"ListItem\",\"position\":2,\"name\":\"Shop\",\"item\":\"https:\\\/\\\/fit360.ee\\\/en\\\/shop\\\/\"},{\"@type\":\"ListItem\",\"position\":3,\"name\":\"Soy Protein Isolate 390 g\"}]},{\"@type\":\"WebSite\",\"@id\":\"https:\\\/\\\/fit360.ee\\\/en\\\/#website\",\"url\":\"https:\\\/\\\/fit360.ee\\\/en\\\/\",\"name\":\"Fit360\",\"description\":\"\",\"publisher\":{\"@id\":\"https:\\\/\\\/fit360.ee\\\/en\\\/#organization\"},\"potentialAction\":[{\"@type\":\"SearchAction\",\"target\":{\"@type\":\"EntryPoint\",\"urlTemplate\":\"https:\\\/\\\/fit360.ee\\\/en\\\/?s={search_term_string}\"},\"query-input\":{\"@type\":\"PropertyValueSpecification\",\"valueRequired\":true,\"valueName\":\"search_term_string\"}}],\"inLanguage\":\"en-US\"},{\"@type\":\"Organization\",\"@id\":\"https:\\\/\\\/fit360.ee\\\/en\\\/#organization\",\"name\":\"Fit360\",\"url\":\"https:\\\/\\\/fit360.ee\\\/en\\\/\",\"logo\":{\"@type\":\"ImageObject\",\"inLanguage\":\"en-US\",\"@id\":\"https:\\\/\\\/fit360.ee\\\/en\\\/#\\\/schema\\\/logo\\\/image\\\/\",\"url\":\"https:\\\/\\\/fit360.ee\\\/wp-content\\\/uploads\\\/2017\\\/01\\\/logo-fit360.png\",\"contentUrl\":\"https:\\\/\\\/fit360.ee\\\/wp-content\\\/uploads\\\/2017\\\/01\\\/logo-fit360.png\",\"width\":180,\"height\":66,\"caption\":\"Fit360\"},\"image\":{\"@id\":\"https:\\\/\\\/fit360.ee\\\/en\\\/#\\\/schema\\\/logo\\\/image\\\/\"}}]}<\/script>\n<!-- \/ Yoast SEO plugin. -->","yoast_head_json":{"title":"Soy Protein Isolate 390 g - 100% puhas taimne valk - Kiire Tarne - Fit360","description":"Soy Protein Isolate on toidulisand, mis on sojavalgu isolaadi allikas ja sisaldab koguni 90% valku. Tegemist on lihtsa koostisega vegan preparaa...","robots":{"index":"index","follow":"follow","max-snippet":"max-snippet:-1","max-image-preview":"max-image-preview:large","max-video-preview":"max-video-preview:-1"},"canonical":"https:\/\/fit360.ee\/en\/pood\/product-groups\/protein-poweders-en\/vegan-protein-en\/soy-protein-isolate-390-g\/","og_locale":"en_US","og_type":"article","og_title":"Soy Protein Isolate 390 g - 100% puhas taimne valk - Kiire Tarne - Fit360","og_description":"Soy Protein Isolate on toidulisand, mis on sojavalgu isolaadi allikas ja sisaldab koguni 90% valku. Tegemist on lihtsa koostisega vegan preparaa...","og_url":"https:\/\/fit360.ee\/en\/pood\/product-groups\/protein-poweders-en\/vegan-protein-en\/soy-protein-isolate-390-g\/","og_site_name":"Fit360","article_modified_time":"2025-08-19T07:02:11+00:00","og_image":[{"width":450,"height":450,"url":"https:\/\/fit360.ee\/wp-content\/uploads\/2024\/04\/soy-protein-isolate-fit360.ee-1.png","type":"image\/png"}],"twitter_card":"summary_large_image","twitter_misc":{"Est. reading time":"3 minutes"},"schema":{"@context":"https:\/\/schema.org","@graph":[{"@type":"WebPage","@id":"https:\/\/fit360.ee\/en\/pood\/product-groups\/protein-poweders-en\/vegan-protein-en\/soy-protein-isolate-390-g\/","url":"https:\/\/fit360.ee\/en\/pood\/product-groups\/protein-poweders-en\/vegan-protein-en\/soy-protein-isolate-390-g\/","name":"Soy Protein Isolate 390 g - 100% puhas taimne valk - Kiire Tarne - Fit360","isPartOf":{"@id":"https:\/\/fit360.ee\/en\/#website"},"primaryImageOfPage":{"@id":"https:\/\/fit360.ee\/en\/pood\/product-groups\/protein-poweders-en\/vegan-protein-en\/soy-protein-isolate-390-g\/#primaryimage"},"image":{"@id":"https:\/\/fit360.ee\/en\/pood\/product-groups\/protein-poweders-en\/vegan-protein-en\/soy-protein-isolate-390-g\/#primaryimage"},"thumbnailUrl":"https:\/\/fit360.ee\/wp-content\/uploads\/2024\/04\/soy-protein-isolate-fit360.ee-1.png","datePublished":"2024-04-19T04:19:28+00:00","dateModified":"2025-08-19T07:02:11+00:00","description":"Soy Protein Isolate on toidulisand, mis on sojavalgu isolaadi allikas ja sisaldab koguni 90% valku. Tegemist on lihtsa koostisega vegan preparaa...","breadcrumb":{"@id":"https:\/\/fit360.ee\/en\/pood\/product-groups\/protein-poweders-en\/vegan-protein-en\/soy-protein-isolate-390-g\/#breadcrumb"},"inLanguage":"en-US","potentialAction":[{"@type":"ReadAction","target":["https:\/\/fit360.ee\/en\/pood\/product-groups\/protein-poweders-en\/vegan-protein-en\/soy-protein-isolate-390-g\/"]}]},{"@type":"ImageObject","inLanguage":"en-US","@id":"https:\/\/fit360.ee\/en\/pood\/product-groups\/protein-poweders-en\/vegan-protein-en\/soy-protein-isolate-390-g\/#primaryimage","url":"https:\/\/fit360.ee\/wp-content\/uploads\/2024\/04\/soy-protein-isolate-fit360.ee-1.png","contentUrl":"https:\/\/fit360.ee\/wp-content\/uploads\/2024\/04\/soy-protein-isolate-fit360.ee-1.png","width":450,"height":450,"caption":"soy protein isolate - fit360.ee"},{"@type":"BreadcrumbList","@id":"https:\/\/fit360.ee\/en\/pood\/product-groups\/protein-poweders-en\/vegan-protein-en\/soy-protein-isolate-390-g\/#breadcrumb","itemListElement":[{"@type":"ListItem","position":1,"name":"Home","item":"https:\/\/fit360.ee\/en\/"},{"@type":"ListItem","position":2,"name":"Shop","item":"https:\/\/fit360.ee\/en\/shop\/"},{"@type":"ListItem","position":3,"name":"Soy Protein Isolate 390 g"}]},{"@type":"WebSite","@id":"https:\/\/fit360.ee\/en\/#website","url":"https:\/\/fit360.ee\/en\/","name":"Fit360","description":"","publisher":{"@id":"https:\/\/fit360.ee\/en\/#organization"},"potentialAction":[{"@type":"SearchAction","target":{"@type":"EntryPoint","urlTemplate":"https:\/\/fit360.ee\/en\/?s={search_term_string}"},"query-input":{"@type":"PropertyValueSpecification","valueRequired":true,"valueName":"search_term_string"}}],"inLanguage":"en-US"},{"@type":"Organization","@id":"https:\/\/fit360.ee\/en\/#organization","name":"Fit360","url":"https:\/\/fit360.ee\/en\/","logo":{"@type":"ImageObject","inLanguage":"en-US","@id":"https:\/\/fit360.ee\/en\/#\/schema\/logo\/image\/","url":"https:\/\/fit360.ee\/wp-content\/uploads\/2017\/01\/logo-fit360.png","contentUrl":"https:\/\/fit360.ee\/wp-content\/uploads\/2017\/01\/logo-fit360.png","width":180,"height":66,"caption":"Fit360"},"image":{"@id":"https:\/\/fit360.ee\/en\/#\/schema\/logo\/image\/"}}]}},"_links":{"self":[{"href":"https:\/\/fit360.ee\/en\/wp-json\/wp\/v2\/product\/84284","targetHints":{"allow":["GET"]}}],"collection":[{"href":"https:\/\/fit360.ee\/en\/wp-json\/wp\/v2\/product"}],"about":[{"href":"https:\/\/fit360.ee\/en\/wp-json\/wp\/v2\/types\/product"}],"replies":[{"embeddable":true,"href":"https:\/\/fit360.ee\/en\/wp-json\/wp\/v2\/comments?post=84284"}],"wp:featuredmedia":[{"embeddable":true,"href":"https:\/\/fit360.ee\/en\/wp-json\/wp\/v2\/media\/79403"}],"wp:attachment":[{"href":"https:\/\/fit360.ee\/en\/wp-json\/wp\/v2\/media?parent=84284"}],"wp:term":[{"taxonomy":"product_brand","embeddable":true,"href":"https:\/\/fit360.ee\/en\/wp-json\/wp\/v2\/product_brand?post=84284"},{"taxonomy":"product_cat","embeddable":true,"href":"https:\/\/fit360.ee\/en\/wp-json\/wp\/v2\/product_cat?post=84284"},{"taxonomy":"product_tag","embeddable":true,"href":"https:\/\/fit360.ee\/en\/wp-json\/wp\/v2\/product_tag?post=84284"},{"taxonomy":"giftcard-category","embeddable":true,"href":"https:\/\/fit360.ee\/en\/wp-json\/wp\/v2\/giftcard-category?post=84284"}],"curies":[{"name":"wp","href":"https:\/\/api.w.org\/{rel}","templated":true}]}}