{"id":84569,"date":"2024-11-25T13:45:04","date_gmt":"2024-11-25T11:45:04","guid":{"rendered":"https:\/\/fit360.ee\/pood\/uncategorized\/leader-promour-puffed-protein-bar-40g\/"},"modified":"2025-08-13T07:36:25","modified_gmt":"2025-08-13T05:36:25","slug":"leader-promour-puffed-protein-bar-40g","status":"publish","type":"product","link":"https:\/\/fit360.ee\/en\/pood\/product-groups\/protein-bars-and-snacks\/leader-promour-puffed-protein-bar-40g\/","title":{"rendered":"Leader Promour Puffed Protein Bar (40g)"},"content":{"rendered":"<h2><strong>Leader Promour Puffed Protein Bar<\/strong><\/h2>\n<p><strong>Leader Promour Puffed<\/strong> Protein Bar valgubatoon \u00fchendab r\u00f6stitud riisi ja piima\u0161okolaadi suussulavas kombinatsioonis. Iiirimaitse v\u00f5lub oma kreemja k\u00fcllusega ning piima\u0161okolaad rahuldab k\u00f5iki rikkaliku piima\u0161okolaadi austajaid. Sobib nii vahepalaks kui ka kiireks maiustuseks.<\/p>\n<p>Promouri batoonidesse valitud koostisosad on hoolikalt valitud ja v\u00e4ga kvaliteetsed. Promour batoonides esinev kakao tooraine tuleb\u00a0<em>Rainforest Alliance\u2019i<\/em>\u00a0sertifitseeritud kakaost.\u00a0<em>Rainforest Alliance\u2019i<\/em>\u00a0sertifikaat garanteerib, et meie kasutatav kakao on toodetud t\u00f6\u00f6tajatele ausatel tingimustel, keskkonnas\u00f5bralikult ja koosk\u00f5las s\u00e4\u00e4stva arengu p\u00f5him\u00f5tetega.<\/p>\n<ul>\n<li>K\u00f5rge valgusisaldus<\/li>\n<li>Kiudainerikas<\/li>\n<li>Gluteenivaba<\/li>\n<li>Pole lisatud suhkrut<\/li>\n<li>Ei ole lisatud palmi\u00f5li<\/li>\n<\/ul>\n<p><strong><span class=\"_pre uk-text-bolder uk-float-left\">Koostisosad Leader Promour puffed valgubatoon<\/span><\/strong><\/p>\n<p><b>Koostisosad (iirise)<\/b>: Lahustuvad kiudained (pol\u00fcdekstroos), suhkruvaba\u00a0<strong>piima<\/strong>\u0161okolaad 23% (EL) (magusaine (maltitool), kakaov\u00f5i*, t\u00e4is<strong>piima<\/strong>pulber, kakaomass*, madala rasvasisaldusega kakaopulber*, emulgaatorid (letsitiinid), aroom ), suhkruvaba\u00a0<strong>piima<\/strong>\u0161okolaadikate (kakaov\u00f5i*, magusaine (maltitool), pol\u00fcdekstroos, l\u00f5ssipulber,\u00a0<strong>vadakupulber<\/strong>\u00a0(piim), kakaomass*,\u00a0<strong>piima<\/strong>rasv, emulgaatorid (letsitiinid), aroom, magusaine (sukraloos)),\u00a0<strong>piima<\/strong>valgud 18% (EL), paisutatud riis 4% (EU), riisijahu, niiskuses\u00e4ilitaja (gl\u00fctserool), madala rasvasisaldusega kakaopulber*, aroomid, looduslik aroom, sool.\u00a0<b>Koostisosad (piima-\u0161okolaadi)<\/b>: Lahustuvad kiudained (pol\u00fcdekstroos), suhkruvaba\u00a0<strong>piima<\/strong>\u0161okolaad 23% (EL) (magusaine (maltitool), kakaov\u00f5i*, t\u00e4is<strong>piima<\/strong>pulber, kakaomass*, madala rasvasisaldusega kakaopulber*, emulgaatorid (letsitiinid), aroom ), suhkruvaba\u00a0<strong>piima<\/strong>\u0161okolaadikate (kakaov\u00f5i*, magusaine (maltitool), pol\u00fcdekstroos, l\u00f5ssipulber,\u00a0<strong>vadakupulber<\/strong>\u00a0(piim), kakaomass*,\u00a0<strong>piima<\/strong>rasv, emulgaatorid (letsitiinid), aroom, magusaine (sukraloos)),\u00a0<strong>piima<\/strong>valgud 18% (EL), paisutatud riis 4% (EU), riisijahu, niiskuses\u00e4ilitaja (gl\u00fctserool), madala rasvasisaldusega kakaopulber*, looduslik l\u00f5hna- ja maitseaine, sool, l\u00f5hna- ja maitseaine. *Rainforest Alliance\u2019i sertifikaat, ra.org. Sisaldab magusaineid. Ei ole lisatud suhkruid, sisaldab loomulikult suhkruid. Gluteenivaba. V\u00f5ib sisaldada soja, maap\u00e4hkli ja p\u00e4hklite j\u00e4lgi. Liigne kasutamine v\u00f5ib avaldada k\u00f5hulahtisust. Hoida kuivas jahedas kohas, kaitstuna otsese p\u00e4ikesevalguse eest.<\/p>\n<p><strong>Kasutamine<\/strong>: Vastavalt vajadusele, vahepalaks v\u00f5i sn\u00e4kiks.<\/p>\n<p><strong>Suurus<\/strong>: 40g<\/p>\n<div class=\"uk-container uk-container-xlarge\">\n<div id=\"product-25989\" class=\"single-product_ product type-product post-25989 status-publish first instock product_cat-kestvussport product_cat-kontaktsport product_cat-motosport product_cat-pallimangud product_cat-proteiinibatoonid product_cat-raskejoustik product_tag-magusasopradele-tervislik-maius has-post-thumbnail taxable shipping-taxable purchasable product-type-variable\">\n<div class=\"_content-area uk-margin-medium-bottom\">\n<div class=\"_composition\">\n<div>\n<div class=\"uk-child-width-1-2@s uk-margin-remove-top uk-grid uk-grid-stack\">\n<div class=\"uk-margin-remove-top uk-width-1-2 uk-first-column\">\n<div class=\"_table\">\n<table class=\"uk-table uk-table-hover uk-table-small uk-table-striped uk-margin-top uk-margin-bottom\">\n<thead>\n<tr>\n<th>Toitumisalane teave<\/th>\n<th>100 g<\/th>\n<th>40 g<\/th>\n<\/tr>\n<\/thead>\n<tbody>\n<tr>\n<td>Energia<\/td>\n<td>1571 kj \/ 378 kcal<\/td>\n<td>628 kj\/ 151 kcal<\/td>\n<\/tr>\n<tr>\n<td>Rasvad<\/td>\n<td>18 g<\/td>\n<td>7,2 g<\/td>\n<\/tr>\n<tr>\n<td>-millest k\u00fcllastunud<\/td>\n<td>11 g<\/td>\n<td>4,4 g<\/td>\n<\/tr>\n<tr>\n<td>S\u00fcsivesikud<\/td>\n<td>31 g<\/td>\n<td>12 g<\/td>\n<\/tr>\n<tr>\n<td>-millest suhkur<\/td>\n<td>5,9 g<\/td>\n<td>2,3 g<\/td>\n<\/tr>\n<tr>\n<td>-millest pol\u00fcoolid<\/td>\n<td>13 g<\/td>\n<td>5,1 g<\/td>\n<\/tr>\n<tr>\n<td>Kiudained<\/td>\n<td>20 g<\/td>\n<td>7,9 g<\/td>\n<\/tr>\n<tr>\n<td><strong>Valgud<\/strong><\/td>\n<td><strong>18 g<\/strong><\/td>\n<td><strong>7,4 g<\/strong><\/td>\n<\/tr>\n<tr>\n<td>Sool<\/td>\n<td>0,17 g<\/td>\n<td>0,07 g<\/td>\n<\/tr>\n<\/tbody>\n<\/table>\n<\/div>\n<p>&nbsp;<\/p>\n<\/div>\n<\/div>\n<\/div>\n<\/div>\n<\/div>\n<\/div>\n<\/div>\n<div class=\"uk-container uk-container-expand\">\n<aside>\n<h4 class=\"uk-text-light uk-text-uppercase\">Vaata ka meie teisi Proteiinibatoone <a href=\"https:\/\/fit360.ee\/en\/product-category\/product-groups\/protein-bars-and-snacks\/\"><strong>SIIT<\/strong><\/a>!<\/h4>\n<\/aside>\n<\/div>\n","protected":false},"excerpt":{"rendered":"<ul>\n<li>K\u00f5rge valgusisaldus<\/li>\n<li>Kiudainerikas<\/li>\n<li>Gluteenivaba<\/li>\n<li>Pole lisatud suhkrut<\/li>\n<li>Ei ole lisatud palmi\u00f5li<\/li>\n<\/ul>\n","protected":false},"featured_media":84568,"comment_status":"open","ping_status":"closed","template":"","meta":[],"product_brand":[],"product_cat":[2962,534,535],"product_tag":[2965,5355,5356],"giftcard-category":[],"class_list":{"0":"post-84569","1":"product","2":"type-product","3":"status-publish","4":"has-post-thumbnail","6":"product_cat-leader-en","7":"product_cat-protein-bars-and-snacks","8":"product_cat-protein-poweders-en","9":"product_tag-leader-en","10":"product_tag-leader-promour-puffed-en","11":"product_tag-leader-protein-bar-en","12":"pa_maitse-banana-toffee-en","13":"pa_maitse-caramel-toffee-en","14":"pa_maitse-milk-chocolate","16":"first","17":"instock","18":"sale","19":"taxable","20":"shipping-taxable","21":"purchasable","22":"product-type-variable"},"yoast_head":"<!-- This site is optimized with the Yoast SEO plugin v27.3 - https:\/\/yoast.com\/product\/yoast-seo-wordpress\/ -->\n<title>Leader Promour Puffed Protein Bar (40g) - Valgubatoon - Kiire Tarne - Fit360<\/title>\n<meta name=\"description\" content=\"Leader Promour Puffed Protein Bar valgubatoon \u00fchendab r\u00f6stitud riisi ja piima\u0161okolaadi suussulavas kombinatsioonis. Imeline imaitse v\u00f5lub oma kreemja k\u00fcl..\" \/>\n<meta name=\"robots\" content=\"index, follow, max-snippet:-1, max-image-preview:large, max-video-preview:-1\" \/>\n<link rel=\"canonical\" href=\"https:\/\/fit360.ee\/en\/pood\/product-groups\/protein-bars-and-snacks\/leader-promour-puffed-protein-bar-40g\/\" \/>\n<meta property=\"og:locale\" content=\"en_US\" \/>\n<meta property=\"og:type\" content=\"article\" \/>\n<meta property=\"og:title\" content=\"Leader Promour Puffed Protein Bar (40g) - Valgubatoon - Kiire Tarne - Fit360\" \/>\n<meta property=\"og:description\" content=\"Leader Promour Puffed Protein Bar valgubatoon \u00fchendab r\u00f6stitud riisi ja piima\u0161okolaadi suussulavas kombinatsioonis. Imeline imaitse v\u00f5lub oma kreemja k\u00fcl..\" \/>\n<meta property=\"og:url\" content=\"https:\/\/fit360.ee\/en\/pood\/product-groups\/protein-bars-and-snacks\/leader-promour-puffed-protein-bar-40g\/\" \/>\n<meta property=\"og:site_name\" content=\"Fit360\" \/>\n<meta property=\"article:modified_time\" content=\"2025-08-13T05:36:25+00:00\" \/>\n<meta property=\"og:image\" content=\"https:\/\/fit360.ee\/wp-content\/uploads\/2024\/11\/Leader-Promour-Puffed-protein-bar-fit360.ee_.png\" \/>\n\t<meta property=\"og:image:width\" content=\"600\" \/>\n\t<meta property=\"og:image:height\" content=\"600\" \/>\n\t<meta property=\"og:image:type\" content=\"image\/png\" \/>\n<meta name=\"twitter:card\" content=\"summary_large_image\" \/>\n<meta name=\"twitter:label1\" content=\"Est. reading time\" \/>\n\t<meta name=\"twitter:data1\" content=\"2 minutes\" \/>\n<script type=\"application\/ld+json\" class=\"yoast-schema-graph\">{\"@context\":\"https:\\\/\\\/schema.org\",\"@graph\":[{\"@type\":\"WebPage\",\"@id\":\"https:\\\/\\\/fit360.ee\\\/en\\\/pood\\\/product-groups\\\/protein-bars-and-snacks\\\/leader-promour-puffed-protein-bar-40g\\\/\",\"url\":\"https:\\\/\\\/fit360.ee\\\/en\\\/pood\\\/product-groups\\\/protein-bars-and-snacks\\\/leader-promour-puffed-protein-bar-40g\\\/\",\"name\":\"Leader Promour Puffed Protein Bar (40g) - Valgubatoon - Kiire Tarne - Fit360\",\"isPartOf\":{\"@id\":\"https:\\\/\\\/fit360.ee\\\/en\\\/#website\"},\"primaryImageOfPage\":{\"@id\":\"https:\\\/\\\/fit360.ee\\\/en\\\/pood\\\/product-groups\\\/protein-bars-and-snacks\\\/leader-promour-puffed-protein-bar-40g\\\/#primaryimage\"},\"image\":{\"@id\":\"https:\\\/\\\/fit360.ee\\\/en\\\/pood\\\/product-groups\\\/protein-bars-and-snacks\\\/leader-promour-puffed-protein-bar-40g\\\/#primaryimage\"},\"thumbnailUrl\":\"https:\\\/\\\/fit360.ee\\\/wp-content\\\/uploads\\\/2024\\\/11\\\/Leader-Promour-Puffed-protein-bar-fit360.ee_.png\",\"datePublished\":\"2024-11-25T11:45:04+00:00\",\"dateModified\":\"2025-08-13T05:36:25+00:00\",\"description\":\"Leader Promour Puffed Protein Bar valgubatoon \u00fchendab r\u00f6stitud riisi ja piima\u0161okolaadi suussulavas kombinatsioonis. Imeline imaitse v\u00f5lub oma kreemja k\u00fcl..\",\"breadcrumb\":{\"@id\":\"https:\\\/\\\/fit360.ee\\\/en\\\/pood\\\/product-groups\\\/protein-bars-and-snacks\\\/leader-promour-puffed-protein-bar-40g\\\/#breadcrumb\"},\"inLanguage\":\"en-US\",\"potentialAction\":[{\"@type\":\"ReadAction\",\"target\":[\"https:\\\/\\\/fit360.ee\\\/en\\\/pood\\\/product-groups\\\/protein-bars-and-snacks\\\/leader-promour-puffed-protein-bar-40g\\\/\"]}]},{\"@type\":\"ImageObject\",\"inLanguage\":\"en-US\",\"@id\":\"https:\\\/\\\/fit360.ee\\\/en\\\/pood\\\/product-groups\\\/protein-bars-and-snacks\\\/leader-promour-puffed-protein-bar-40g\\\/#primaryimage\",\"url\":\"https:\\\/\\\/fit360.ee\\\/wp-content\\\/uploads\\\/2024\\\/11\\\/Leader-Promour-Puffed-protein-bar-fit360.ee_.png\",\"contentUrl\":\"https:\\\/\\\/fit360.ee\\\/wp-content\\\/uploads\\\/2024\\\/11\\\/Leader-Promour-Puffed-protein-bar-fit360.ee_.png\",\"width\":600,\"height\":600,\"caption\":\"Leader Promour Puffed protein bar - fit360.ee\"},{\"@type\":\"BreadcrumbList\",\"@id\":\"https:\\\/\\\/fit360.ee\\\/en\\\/pood\\\/product-groups\\\/protein-bars-and-snacks\\\/leader-promour-puffed-protein-bar-40g\\\/#breadcrumb\",\"itemListElement\":[{\"@type\":\"ListItem\",\"position\":1,\"name\":\"Home\",\"item\":\"https:\\\/\\\/fit360.ee\\\/en\\\/\"},{\"@type\":\"ListItem\",\"position\":2,\"name\":\"Shop\",\"item\":\"https:\\\/\\\/fit360.ee\\\/en\\\/shop\\\/\"},{\"@type\":\"ListItem\",\"position\":3,\"name\":\"Leader Promour Puffed Protein Bar (40g)\"}]},{\"@type\":\"WebSite\",\"@id\":\"https:\\\/\\\/fit360.ee\\\/en\\\/#website\",\"url\":\"https:\\\/\\\/fit360.ee\\\/en\\\/\",\"name\":\"Fit360\",\"description\":\"\",\"publisher\":{\"@id\":\"https:\\\/\\\/fit360.ee\\\/en\\\/#organization\"},\"potentialAction\":[{\"@type\":\"SearchAction\",\"target\":{\"@type\":\"EntryPoint\",\"urlTemplate\":\"https:\\\/\\\/fit360.ee\\\/en\\\/?s={search_term_string}\"},\"query-input\":{\"@type\":\"PropertyValueSpecification\",\"valueRequired\":true,\"valueName\":\"search_term_string\"}}],\"inLanguage\":\"en-US\"},{\"@type\":\"Organization\",\"@id\":\"https:\\\/\\\/fit360.ee\\\/en\\\/#organization\",\"name\":\"Fit360\",\"url\":\"https:\\\/\\\/fit360.ee\\\/en\\\/\",\"logo\":{\"@type\":\"ImageObject\",\"inLanguage\":\"en-US\",\"@id\":\"https:\\\/\\\/fit360.ee\\\/en\\\/#\\\/schema\\\/logo\\\/image\\\/\",\"url\":\"https:\\\/\\\/fit360.ee\\\/wp-content\\\/uploads\\\/2017\\\/01\\\/logo-fit360.png\",\"contentUrl\":\"https:\\\/\\\/fit360.ee\\\/wp-content\\\/uploads\\\/2017\\\/01\\\/logo-fit360.png\",\"width\":180,\"height\":66,\"caption\":\"Fit360\"},\"image\":{\"@id\":\"https:\\\/\\\/fit360.ee\\\/en\\\/#\\\/schema\\\/logo\\\/image\\\/\"}}]}<\/script>\n<!-- \/ Yoast SEO plugin. -->","yoast_head_json":{"title":"Leader Promour Puffed Protein Bar (40g) - Valgubatoon - Kiire Tarne - Fit360","description":"Leader Promour Puffed Protein Bar valgubatoon \u00fchendab r\u00f6stitud riisi ja piima\u0161okolaadi suussulavas kombinatsioonis. Imeline imaitse v\u00f5lub oma kreemja k\u00fcl..","robots":{"index":"index","follow":"follow","max-snippet":"max-snippet:-1","max-image-preview":"max-image-preview:large","max-video-preview":"max-video-preview:-1"},"canonical":"https:\/\/fit360.ee\/en\/pood\/product-groups\/protein-bars-and-snacks\/leader-promour-puffed-protein-bar-40g\/","og_locale":"en_US","og_type":"article","og_title":"Leader Promour Puffed Protein Bar (40g) - Valgubatoon - Kiire Tarne - Fit360","og_description":"Leader Promour Puffed Protein Bar valgubatoon \u00fchendab r\u00f6stitud riisi ja piima\u0161okolaadi suussulavas kombinatsioonis. Imeline imaitse v\u00f5lub oma kreemja k\u00fcl..","og_url":"https:\/\/fit360.ee\/en\/pood\/product-groups\/protein-bars-and-snacks\/leader-promour-puffed-protein-bar-40g\/","og_site_name":"Fit360","article_modified_time":"2025-08-13T05:36:25+00:00","og_image":[{"width":600,"height":600,"url":"https:\/\/fit360.ee\/wp-content\/uploads\/2024\/11\/Leader-Promour-Puffed-protein-bar-fit360.ee_.png","type":"image\/png"}],"twitter_card":"summary_large_image","twitter_misc":{"Est. reading time":"2 minutes"},"schema":{"@context":"https:\/\/schema.org","@graph":[{"@type":"WebPage","@id":"https:\/\/fit360.ee\/en\/pood\/product-groups\/protein-bars-and-snacks\/leader-promour-puffed-protein-bar-40g\/","url":"https:\/\/fit360.ee\/en\/pood\/product-groups\/protein-bars-and-snacks\/leader-promour-puffed-protein-bar-40g\/","name":"Leader Promour Puffed Protein Bar (40g) - Valgubatoon - Kiire Tarne - Fit360","isPartOf":{"@id":"https:\/\/fit360.ee\/en\/#website"},"primaryImageOfPage":{"@id":"https:\/\/fit360.ee\/en\/pood\/product-groups\/protein-bars-and-snacks\/leader-promour-puffed-protein-bar-40g\/#primaryimage"},"image":{"@id":"https:\/\/fit360.ee\/en\/pood\/product-groups\/protein-bars-and-snacks\/leader-promour-puffed-protein-bar-40g\/#primaryimage"},"thumbnailUrl":"https:\/\/fit360.ee\/wp-content\/uploads\/2024\/11\/Leader-Promour-Puffed-protein-bar-fit360.ee_.png","datePublished":"2024-11-25T11:45:04+00:00","dateModified":"2025-08-13T05:36:25+00:00","description":"Leader Promour Puffed Protein Bar valgubatoon \u00fchendab r\u00f6stitud riisi ja piima\u0161okolaadi suussulavas kombinatsioonis. Imeline imaitse v\u00f5lub oma kreemja k\u00fcl..","breadcrumb":{"@id":"https:\/\/fit360.ee\/en\/pood\/product-groups\/protein-bars-and-snacks\/leader-promour-puffed-protein-bar-40g\/#breadcrumb"},"inLanguage":"en-US","potentialAction":[{"@type":"ReadAction","target":["https:\/\/fit360.ee\/en\/pood\/product-groups\/protein-bars-and-snacks\/leader-promour-puffed-protein-bar-40g\/"]}]},{"@type":"ImageObject","inLanguage":"en-US","@id":"https:\/\/fit360.ee\/en\/pood\/product-groups\/protein-bars-and-snacks\/leader-promour-puffed-protein-bar-40g\/#primaryimage","url":"https:\/\/fit360.ee\/wp-content\/uploads\/2024\/11\/Leader-Promour-Puffed-protein-bar-fit360.ee_.png","contentUrl":"https:\/\/fit360.ee\/wp-content\/uploads\/2024\/11\/Leader-Promour-Puffed-protein-bar-fit360.ee_.png","width":600,"height":600,"caption":"Leader Promour Puffed protein bar - fit360.ee"},{"@type":"BreadcrumbList","@id":"https:\/\/fit360.ee\/en\/pood\/product-groups\/protein-bars-and-snacks\/leader-promour-puffed-protein-bar-40g\/#breadcrumb","itemListElement":[{"@type":"ListItem","position":1,"name":"Home","item":"https:\/\/fit360.ee\/en\/"},{"@type":"ListItem","position":2,"name":"Shop","item":"https:\/\/fit360.ee\/en\/shop\/"},{"@type":"ListItem","position":3,"name":"Leader Promour Puffed Protein Bar (40g)"}]},{"@type":"WebSite","@id":"https:\/\/fit360.ee\/en\/#website","url":"https:\/\/fit360.ee\/en\/","name":"Fit360","description":"","publisher":{"@id":"https:\/\/fit360.ee\/en\/#organization"},"potentialAction":[{"@type":"SearchAction","target":{"@type":"EntryPoint","urlTemplate":"https:\/\/fit360.ee\/en\/?s={search_term_string}"},"query-input":{"@type":"PropertyValueSpecification","valueRequired":true,"valueName":"search_term_string"}}],"inLanguage":"en-US"},{"@type":"Organization","@id":"https:\/\/fit360.ee\/en\/#organization","name":"Fit360","url":"https:\/\/fit360.ee\/en\/","logo":{"@type":"ImageObject","inLanguage":"en-US","@id":"https:\/\/fit360.ee\/en\/#\/schema\/logo\/image\/","url":"https:\/\/fit360.ee\/wp-content\/uploads\/2017\/01\/logo-fit360.png","contentUrl":"https:\/\/fit360.ee\/wp-content\/uploads\/2017\/01\/logo-fit360.png","width":180,"height":66,"caption":"Fit360"},"image":{"@id":"https:\/\/fit360.ee\/en\/#\/schema\/logo\/image\/"}}]}},"_links":{"self":[{"href":"https:\/\/fit360.ee\/en\/wp-json\/wp\/v2\/product\/84569","targetHints":{"allow":["GET"]}}],"collection":[{"href":"https:\/\/fit360.ee\/en\/wp-json\/wp\/v2\/product"}],"about":[{"href":"https:\/\/fit360.ee\/en\/wp-json\/wp\/v2\/types\/product"}],"replies":[{"embeddable":true,"href":"https:\/\/fit360.ee\/en\/wp-json\/wp\/v2\/comments?post=84569"}],"wp:featuredmedia":[{"embeddable":true,"href":"https:\/\/fit360.ee\/en\/wp-json\/wp\/v2\/media\/84568"}],"wp:attachment":[{"href":"https:\/\/fit360.ee\/en\/wp-json\/wp\/v2\/media?parent=84569"}],"wp:term":[{"taxonomy":"product_brand","embeddable":true,"href":"https:\/\/fit360.ee\/en\/wp-json\/wp\/v2\/product_brand?post=84569"},{"taxonomy":"product_cat","embeddable":true,"href":"https:\/\/fit360.ee\/en\/wp-json\/wp\/v2\/product_cat?post=84569"},{"taxonomy":"product_tag","embeddable":true,"href":"https:\/\/fit360.ee\/en\/wp-json\/wp\/v2\/product_tag?post=84569"},{"taxonomy":"giftcard-category","embeddable":true,"href":"https:\/\/fit360.ee\/en\/wp-json\/wp\/v2\/giftcard-category?post=84569"}],"curies":[{"name":"wp","href":"https:\/\/api.w.org\/{rel}","templated":true}]}}