{"id":84675,"date":"2024-04-30T14:54:35","date_gmt":"2024-04-30T12:54:35","guid":{"rendered":"https:\/\/fit360.ee\/pood\/uncategorized\/applied-nutrition-critical-mass-6000g\/"},"modified":"2026-04-09T17:13:12","modified_gmt":"2026-04-09T15:13:12","slug":"applied-nutrition-critical-mass-6000g","status":"publish","type":"product","link":"https:\/\/fit360.ee\/en\/pood\/product-groups\/mass-gainers-en\/applied-nutrition-critical-mass-6000g\/","title":{"rendered":"Applied Nutrition Critical Mass (6000g)"},"content":{"rendered":"<h2><strong>Critical Mass<\/strong><\/h2>\n<div class=\"col-md-12 ng-scope\">\n<div>Critical Mass pakub kaloritihedat koostist, mis sisaldab igas portsjonis suures koguses valku ja s\u00fcsivesikuid. Selle eesm\u00e4rk on tagada, et teie kasvavad lihased saaksid k\u00f5ik arenemiseks ja taastumiseks vajalikud toitained.<br \/>\nCritical Mass sisaldab kuni 58,8 grammi k\u00f5rgeima bioloogilise v\u00e4\u00e4rtusega valke \u00fche portsjoni kohta. Need pakuvad teie lihaskoe ehitusplokke. Samuti sisaldab see t\u00e4pses vahekorras keerulisi ja kiiretoimelisi s\u00fcsivesikuid. Piisav s\u00fcsivesikute tarbimine on h\u00e4davajalik ja hoiab \u00e4ra lihaskoe kaotamise. See muudab Critical Massi ideaalseks igale inimesele, kes vajab p\u00e4eva jooksul v\u00f5i p\u00e4rast rasket treeningut s\u00fcsivesikuterikast einet.<\/div>\n<\/div>\n<h2><strong>T\u00f5hus massilisaja<\/strong><\/h2>\n<p>Critical Mass\u2122 Original on hoolikalt v\u00e4lja t\u00f6\u00f6tatud selleks, et pakkuda kiire ainevahetusega inimestele fantastilist esmaklassiliste s\u00fcsivesikute ja valkude allikat, mis aitab kaasa lihasmassi kasvule v\u00f5i s\u00e4ilitamisele.**<\/p>\n<p>Critical Mass\u2122 Original kasutab ainulaadset segu, mis kaalub 55 g. piimavalgu kompleks portsjoni kohta, mis tagab loomulikult k\u00f5rge EAA (sh BCAA) ja L-glutamiini taseme. Need aminohapped m\u00e4ngivad olulist rolli valkude s\u00fcnteesis ja v\u00f5ivad kiirendada lihaste kasvu ja taastumise kiirust.**<\/p>\n<p>Kaalu suurendamine n\u00f5uab kalorite \u00fclej\u00e4\u00e4ki ning iga 240g portsjon annab \u00fcle 900 kcal, mis aitab teil saavutada oma kalorieesm\u00e4rke, et s\u00e4ilitada j\u00f5udlust ja taastumist. .<\/p>\n<p>**Valk aitab kaasa lihasmassi kasvule ja s\u00e4ilitamisele.<\/p>\n<p><strong>Critical Massi PEAKSID KASUTAMA:<\/strong><\/p>\n<ul>\n<li>Inimesed, kes soovivad kaloririkast kehamassi suurendamise valemit<\/li>\n<li>Raske kasvuga inimesed, kellel on raske kaalust alla v\u00f5tta (suure ainevahetusega inimesed)<\/li>\n<li>J\u00f5usportlased, kulturistid ja kaalut\u00f5stjad<\/li>\n<li>Suure energiaga sportlased, nagu nagu ragbim\u00e4ngijad, poksijad, maadlejad jne.<\/li>\n<li>Iga\u00fcks, kes soovib end t\u00f5sta, lihasmassi juurde v\u00f5tta v\u00f5i \u00fcldist sportlikku sooritust parandada.<\/li>\n<li>Aeroobsed sportlased, kes soovivad kasvatada lihaseid v\u00f5i suurendada j\u00f5udu<\/li>\n<\/ul>\n<p><strong>Koostisosad<\/strong>:<\/p>\n<p><strong>Maasika<\/strong><br \/>\nvadakuvalgu kontsentraat (\u00a0<strong>piim<\/strong>\u00a0), maltodekstriin, fruktoos, magus vadakupulber (\u00a0<strong>piim<\/strong>\u00a0), MCT-pulber, inuliin, looduslik maitseaine, kaltsiumkaseinaat (\u00a0<strong>piim<\/strong>\u00a0), paakumisvastane aine (trikaltsiumfosfaat), vadakuvalgu isolaat (\u00a0<strong>piim<\/strong>\u00a0). Vahajas maisit\u00e4rklis,\u00a0<strong>munaalbumiin<\/strong>\u00a0, looduslik v\u00e4rvaine (peedipulber), L-glutamiin, ens\u00fc\u00fcm (bromelain), linaseemne\u00f5li pulber, CLA (60%) pulber.<\/p>\n<p><strong>\u0160okolaadi<\/strong><br \/>\nvadakuvalgu kontsentraat (\u00a0<strong>piim<\/strong>\u00a0), maltodekstriin, fruktoos, magus vadakupulber (\u00a0<strong>piim<\/strong>\u00a0), kakaopulber (\u00a0<strong>soja<\/strong>\u00a0), MCT-pulber, inuliin, looduslik l\u00f5hna- ja maitseaine, kaltsiumkaseinaat (\u00a0<strong>piim<\/strong>\u00a0), paakumisvastane aine (trikaltsiumpheyphate) Valgu isolaat (\u00a0<strong>piim<\/strong>\u00a0), vahajas maisit\u00e4rklis,\u00a0<strong>munaalbumeen<\/strong>\u00a0, L-glutamiin, ens\u00fc\u00fcm (bromelain), linaseemne\u00f5li pulber, CLA (60%) pulber.<\/p>\n<p><strong>Banaani<\/strong><br \/>\nvadakuvalgu kontsentraat (\u00a0<strong>piim<\/strong>\u00a0), maltodekstriin, fruktoos, magus vadakupulber (\u00a0<strong>piim<\/strong>\u00a0), MCT-pulber, inuliin, looduslik maitseaine, kaltsiumkaseinaat (\u00a0<strong>piim<\/strong>\u00a0), paakumisvastane aine (trikaltsiumfosfaat), vadakuvalk, isolaat (\u00a0<strong>piim<\/strong>\u00a0). Vahajas maisit\u00e4rklis,\u00a0<strong>munaalbumeen<\/strong>\u00a0, L-glutamiin, ens\u00fc\u00fcm (bromelain), linaseemne\u00f5li pulber, CLA (60%) pulber, looduslik v\u00e4rvaine (kurkumiin).<\/p>\n<p><strong>Kasutamine<\/strong>: Segage 4 kulbit\u00e4it (240 g) 500-1000 ml piima v\u00f5i veega ja loksutage korralikult loksutamispudelit kasutades. Tarbi 1-3 portsjonit p\u00e4evas olenevalt kalorivajadusest.<\/p>\n<p><strong>Suurus<\/strong>: 6000g<\/p>\n<div>Portsjonid konteineri kohta: 25<\/div>\n<div>Portsjoni suurus: 4 kulbit\u00e4it (240 g)<\/div>\n<div>\n<table>\n<colgroup width=\"267\"><\/colgroup>\n<colgroup width=\"142\"><\/colgroup>\n<tbody>\n<tr>\n<td><strong>Toitev\u00e4\u00e4rtuste anal\u00fc\u00fcs<\/strong><\/td>\n<td><b>Kogus portsjoni kohta<\/b><\/td>\n<\/tr>\n<tr>\n<td>Energia<\/td>\n<td>3883,2 kJ \/ 917 kcal<\/td>\n<\/tr>\n<tr>\n<td>Paks<\/td>\n<td>8,4 g<\/td>\n<\/tr>\n<tr>\n<td>millest k\u00fcllastunud<\/td>\n<td>6,9 g<\/td>\n<\/tr>\n<tr>\n<td>S\u00fcsivesikud<\/td>\n<td>153,8 g<\/td>\n<\/tr>\n<tr>\n<td>Millest Suhkrud<\/td>\n<td>80,8 g<\/td>\n<\/tr>\n<tr>\n<td>Valk<\/td>\n<td>54,9 g<\/td>\n<\/tr>\n<tr>\n<td>soola<\/td>\n<td>0,6 g<\/td>\n<\/tr>\n<\/tbody>\n<\/table>\n<\/div>\n<div>\n<div><\/div>\n<div>Vaata ka meie teisi Massilisajaid <a href=\"https:\/\/fit360.ee\/en\/product-category\/product-groups\/mass-gainers-en\/\"><strong>SIIT <\/strong><\/a>v\u00f5i Valgupulbreid <a href=\"https:\/\/fit360.ee\/en\/product-category\/product-groups\/protein-poweders-en\/\"><strong>SIIT<\/strong><\/a>!<\/div>\n<div><\/div>\n<\/div>\n<div>Soovid kaupa osta suuremas koguses? Vaata antud toodet ka meie HULGI poest\u00a0<a href=\"https:\/\/toidulisandidhulgi.ee\/tooted\/applied-nutrition-critical-mass-6000g\/\"><strong>SIIT<\/strong><\/a>!<\/div>\n","protected":false},"excerpt":{"rendered":"<p><strong>Critical Mass\u2122<\/strong> Original on hoolikalt v\u00e4lja t\u00f6\u00f6tatud selleks, et pakkuda kiire ainevahetusega inimestele fantastilist esmaklassiliste s\u00fcsivesikute ja valkude allikat, mis aitab kaasa lihasmassi kasvule v\u00f5i s\u00e4ilitamisele.<\/p>\n","protected":false},"featured_media":84674,"comment_status":"open","ping_status":"closed","template":"","meta":[],"product_brand":[],"product_cat":[3727,528,531],"product_tag":[3730,5362,5363],"giftcard-category":[],"class_list":{"0":"post-84675","1":"product","2":"type-product","3":"status-publish","4":"has-post-thumbnail","6":"product_cat-applied-nutrition-en","7":"product_cat-mass-gainers-en","8":"product_cat-recovery-post-workout-en","9":"product_tag-applied-nutrition-en","10":"product_tag-critical-mass-en","11":"product_tag-massilisaja-en","12":"pa_maitse-banana","13":"pa_maitse-chocolate","14":"pa_maitse-cream-cookie","15":"pa_maitse-strawberry","16":"pa_maitse-white-chocolate-en","18":"first","19":"instock","20":"sale","21":"taxable","22":"shipping-taxable","23":"purchasable","24":"product-type-variable"},"yoast_head":"<!-- This site is optimized with the Yoast SEO plugin v27.3 - https:\/\/yoast.com\/product\/yoast-seo-wordpress\/ -->\n<title>Applied Nutrition Critical Mass (6000g) - T\u00f5hus massilisaja - Kiire Tarne - Fit360<\/title>\n<meta name=\"description\" content=\"Critical Mass pakub kaloritihedat koostist, mis sisaldab igas portsjonis suures koguses valku ja s\u00fcsivesikuid. Selle eesm\u00e4rk on tagada, et teie kasvav...\" \/>\n<meta name=\"robots\" content=\"index, follow, max-snippet:-1, max-image-preview:large, max-video-preview:-1\" \/>\n<link rel=\"canonical\" href=\"https:\/\/fit360.ee\/en\/pood\/product-groups\/mass-gainers-en\/applied-nutrition-critical-mass-6000g\/\" \/>\n<meta property=\"og:locale\" content=\"en_US\" \/>\n<meta property=\"og:type\" content=\"article\" \/>\n<meta property=\"og:title\" content=\"Applied Nutrition Critical Mass (6000g) - T\u00f5hus massilisaja - Kiire Tarne - Fit360\" \/>\n<meta property=\"og:description\" content=\"Critical Mass pakub kaloritihedat koostist, mis sisaldab igas portsjonis suures koguses valku ja s\u00fcsivesikuid. Selle eesm\u00e4rk on tagada, et teie kasvav...\" \/>\n<meta property=\"og:url\" content=\"https:\/\/fit360.ee\/en\/pood\/product-groups\/mass-gainers-en\/applied-nutrition-critical-mass-6000g\/\" \/>\n<meta property=\"og:site_name\" content=\"Fit360\" \/>\n<meta property=\"article:modified_time\" content=\"2026-04-09T15:13:12+00:00\" \/>\n<meta property=\"og:image\" content=\"https:\/\/fit360.ee\/wp-content\/uploads\/2024\/04\/CriticalMass6kg_Original_-Chocolate_3075aa45-cfe8-44d4-8855-595ca6b42fec-ezgif.com-webp-to-jpg-converter-1.jpg\" \/>\n\t<meta property=\"og:image:width\" content=\"2500\" \/>\n\t<meta property=\"og:image:height\" content=\"2500\" \/>\n\t<meta property=\"og:image:type\" content=\"image\/jpeg\" \/>\n<meta name=\"twitter:card\" content=\"summary_large_image\" \/>\n<meta name=\"twitter:label1\" content=\"Est. reading time\" \/>\n\t<meta name=\"twitter:data1\" content=\"3 minutes\" \/>\n<script type=\"application\/ld+json\" class=\"yoast-schema-graph\">{\"@context\":\"https:\\\/\\\/schema.org\",\"@graph\":[{\"@type\":\"WebPage\",\"@id\":\"https:\\\/\\\/fit360.ee\\\/en\\\/pood\\\/product-groups\\\/mass-gainers-en\\\/applied-nutrition-critical-mass-6000g\\\/\",\"url\":\"https:\\\/\\\/fit360.ee\\\/en\\\/pood\\\/product-groups\\\/mass-gainers-en\\\/applied-nutrition-critical-mass-6000g\\\/\",\"name\":\"Applied Nutrition Critical Mass (6000g) - T\u00f5hus massilisaja - Kiire Tarne - Fit360\",\"isPartOf\":{\"@id\":\"https:\\\/\\\/fit360.ee\\\/en\\\/#website\"},\"primaryImageOfPage\":{\"@id\":\"https:\\\/\\\/fit360.ee\\\/en\\\/pood\\\/product-groups\\\/mass-gainers-en\\\/applied-nutrition-critical-mass-6000g\\\/#primaryimage\"},\"image\":{\"@id\":\"https:\\\/\\\/fit360.ee\\\/en\\\/pood\\\/product-groups\\\/mass-gainers-en\\\/applied-nutrition-critical-mass-6000g\\\/#primaryimage\"},\"thumbnailUrl\":\"https:\\\/\\\/fit360.ee\\\/wp-content\\\/uploads\\\/2024\\\/04\\\/CriticalMass6kg_Original_-Chocolate_3075aa45-cfe8-44d4-8855-595ca6b42fec-ezgif.com-webp-to-jpg-converter-1.jpg\",\"datePublished\":\"2024-04-30T12:54:35+00:00\",\"dateModified\":\"2026-04-09T15:13:12+00:00\",\"description\":\"Critical Mass pakub kaloritihedat koostist, mis sisaldab igas portsjonis suures koguses valku ja s\u00fcsivesikuid. Selle eesm\u00e4rk on tagada, et teie kasvav...\",\"breadcrumb\":{\"@id\":\"https:\\\/\\\/fit360.ee\\\/en\\\/pood\\\/product-groups\\\/mass-gainers-en\\\/applied-nutrition-critical-mass-6000g\\\/#breadcrumb\"},\"inLanguage\":\"en-US\",\"potentialAction\":[{\"@type\":\"ReadAction\",\"target\":[\"https:\\\/\\\/fit360.ee\\\/en\\\/pood\\\/product-groups\\\/mass-gainers-en\\\/applied-nutrition-critical-mass-6000g\\\/\"]}]},{\"@type\":\"ImageObject\",\"inLanguage\":\"en-US\",\"@id\":\"https:\\\/\\\/fit360.ee\\\/en\\\/pood\\\/product-groups\\\/mass-gainers-en\\\/applied-nutrition-critical-mass-6000g\\\/#primaryimage\",\"url\":\"https:\\\/\\\/fit360.ee\\\/wp-content\\\/uploads\\\/2024\\\/04\\\/CriticalMass6kg_Original_-Chocolate_3075aa45-cfe8-44d4-8855-595ca6b42fec-ezgif.com-webp-to-jpg-converter-1.jpg\",\"contentUrl\":\"https:\\\/\\\/fit360.ee\\\/wp-content\\\/uploads\\\/2024\\\/04\\\/CriticalMass6kg_Original_-Chocolate_3075aa45-cfe8-44d4-8855-595ca6b42fec-ezgif.com-webp-to-jpg-converter-1.jpg\",\"width\":2500,\"height\":2500,\"caption\":\"critical mass applied nutrition - fit360.ee\"},{\"@type\":\"BreadcrumbList\",\"@id\":\"https:\\\/\\\/fit360.ee\\\/en\\\/pood\\\/product-groups\\\/mass-gainers-en\\\/applied-nutrition-critical-mass-6000g\\\/#breadcrumb\",\"itemListElement\":[{\"@type\":\"ListItem\",\"position\":1,\"name\":\"Home\",\"item\":\"https:\\\/\\\/fit360.ee\\\/en\\\/\"},{\"@type\":\"ListItem\",\"position\":2,\"name\":\"Shop\",\"item\":\"https:\\\/\\\/fit360.ee\\\/en\\\/shop\\\/\"},{\"@type\":\"ListItem\",\"position\":3,\"name\":\"Applied Nutrition Critical Mass (6000g)\"}]},{\"@type\":\"WebSite\",\"@id\":\"https:\\\/\\\/fit360.ee\\\/en\\\/#website\",\"url\":\"https:\\\/\\\/fit360.ee\\\/en\\\/\",\"name\":\"Fit360\",\"description\":\"\",\"publisher\":{\"@id\":\"https:\\\/\\\/fit360.ee\\\/en\\\/#organization\"},\"potentialAction\":[{\"@type\":\"SearchAction\",\"target\":{\"@type\":\"EntryPoint\",\"urlTemplate\":\"https:\\\/\\\/fit360.ee\\\/en\\\/?s={search_term_string}\"},\"query-input\":{\"@type\":\"PropertyValueSpecification\",\"valueRequired\":true,\"valueName\":\"search_term_string\"}}],\"inLanguage\":\"en-US\"},{\"@type\":\"Organization\",\"@id\":\"https:\\\/\\\/fit360.ee\\\/en\\\/#organization\",\"name\":\"Fit360\",\"url\":\"https:\\\/\\\/fit360.ee\\\/en\\\/\",\"logo\":{\"@type\":\"ImageObject\",\"inLanguage\":\"en-US\",\"@id\":\"https:\\\/\\\/fit360.ee\\\/en\\\/#\\\/schema\\\/logo\\\/image\\\/\",\"url\":\"https:\\\/\\\/fit360.ee\\\/wp-content\\\/uploads\\\/2017\\\/01\\\/logo-fit360.png\",\"contentUrl\":\"https:\\\/\\\/fit360.ee\\\/wp-content\\\/uploads\\\/2017\\\/01\\\/logo-fit360.png\",\"width\":180,\"height\":66,\"caption\":\"Fit360\"},\"image\":{\"@id\":\"https:\\\/\\\/fit360.ee\\\/en\\\/#\\\/schema\\\/logo\\\/image\\\/\"}}]}<\/script>\n<!-- \/ Yoast SEO plugin. -->","yoast_head_json":{"title":"Applied Nutrition Critical Mass (6000g) - T\u00f5hus massilisaja - Kiire Tarne - Fit360","description":"Critical Mass pakub kaloritihedat koostist, mis sisaldab igas portsjonis suures koguses valku ja s\u00fcsivesikuid. Selle eesm\u00e4rk on tagada, et teie kasvav...","robots":{"index":"index","follow":"follow","max-snippet":"max-snippet:-1","max-image-preview":"max-image-preview:large","max-video-preview":"max-video-preview:-1"},"canonical":"https:\/\/fit360.ee\/en\/pood\/product-groups\/mass-gainers-en\/applied-nutrition-critical-mass-6000g\/","og_locale":"en_US","og_type":"article","og_title":"Applied Nutrition Critical Mass (6000g) - T\u00f5hus massilisaja - Kiire Tarne - Fit360","og_description":"Critical Mass pakub kaloritihedat koostist, mis sisaldab igas portsjonis suures koguses valku ja s\u00fcsivesikuid. Selle eesm\u00e4rk on tagada, et teie kasvav...","og_url":"https:\/\/fit360.ee\/en\/pood\/product-groups\/mass-gainers-en\/applied-nutrition-critical-mass-6000g\/","og_site_name":"Fit360","article_modified_time":"2026-04-09T15:13:12+00:00","og_image":[{"width":2500,"height":2500,"url":"https:\/\/fit360.ee\/wp-content\/uploads\/2024\/04\/CriticalMass6kg_Original_-Chocolate_3075aa45-cfe8-44d4-8855-595ca6b42fec-ezgif.com-webp-to-jpg-converter-1.jpg","type":"image\/jpeg"}],"twitter_card":"summary_large_image","twitter_misc":{"Est. reading time":"3 minutes"},"schema":{"@context":"https:\/\/schema.org","@graph":[{"@type":"WebPage","@id":"https:\/\/fit360.ee\/en\/pood\/product-groups\/mass-gainers-en\/applied-nutrition-critical-mass-6000g\/","url":"https:\/\/fit360.ee\/en\/pood\/product-groups\/mass-gainers-en\/applied-nutrition-critical-mass-6000g\/","name":"Applied Nutrition Critical Mass (6000g) - T\u00f5hus massilisaja - Kiire Tarne - Fit360","isPartOf":{"@id":"https:\/\/fit360.ee\/en\/#website"},"primaryImageOfPage":{"@id":"https:\/\/fit360.ee\/en\/pood\/product-groups\/mass-gainers-en\/applied-nutrition-critical-mass-6000g\/#primaryimage"},"image":{"@id":"https:\/\/fit360.ee\/en\/pood\/product-groups\/mass-gainers-en\/applied-nutrition-critical-mass-6000g\/#primaryimage"},"thumbnailUrl":"https:\/\/fit360.ee\/wp-content\/uploads\/2024\/04\/CriticalMass6kg_Original_-Chocolate_3075aa45-cfe8-44d4-8855-595ca6b42fec-ezgif.com-webp-to-jpg-converter-1.jpg","datePublished":"2024-04-30T12:54:35+00:00","dateModified":"2026-04-09T15:13:12+00:00","description":"Critical Mass pakub kaloritihedat koostist, mis sisaldab igas portsjonis suures koguses valku ja s\u00fcsivesikuid. Selle eesm\u00e4rk on tagada, et teie kasvav...","breadcrumb":{"@id":"https:\/\/fit360.ee\/en\/pood\/product-groups\/mass-gainers-en\/applied-nutrition-critical-mass-6000g\/#breadcrumb"},"inLanguage":"en-US","potentialAction":[{"@type":"ReadAction","target":["https:\/\/fit360.ee\/en\/pood\/product-groups\/mass-gainers-en\/applied-nutrition-critical-mass-6000g\/"]}]},{"@type":"ImageObject","inLanguage":"en-US","@id":"https:\/\/fit360.ee\/en\/pood\/product-groups\/mass-gainers-en\/applied-nutrition-critical-mass-6000g\/#primaryimage","url":"https:\/\/fit360.ee\/wp-content\/uploads\/2024\/04\/CriticalMass6kg_Original_-Chocolate_3075aa45-cfe8-44d4-8855-595ca6b42fec-ezgif.com-webp-to-jpg-converter-1.jpg","contentUrl":"https:\/\/fit360.ee\/wp-content\/uploads\/2024\/04\/CriticalMass6kg_Original_-Chocolate_3075aa45-cfe8-44d4-8855-595ca6b42fec-ezgif.com-webp-to-jpg-converter-1.jpg","width":2500,"height":2500,"caption":"critical mass applied nutrition - fit360.ee"},{"@type":"BreadcrumbList","@id":"https:\/\/fit360.ee\/en\/pood\/product-groups\/mass-gainers-en\/applied-nutrition-critical-mass-6000g\/#breadcrumb","itemListElement":[{"@type":"ListItem","position":1,"name":"Home","item":"https:\/\/fit360.ee\/en\/"},{"@type":"ListItem","position":2,"name":"Shop","item":"https:\/\/fit360.ee\/en\/shop\/"},{"@type":"ListItem","position":3,"name":"Applied Nutrition Critical Mass (6000g)"}]},{"@type":"WebSite","@id":"https:\/\/fit360.ee\/en\/#website","url":"https:\/\/fit360.ee\/en\/","name":"Fit360","description":"","publisher":{"@id":"https:\/\/fit360.ee\/en\/#organization"},"potentialAction":[{"@type":"SearchAction","target":{"@type":"EntryPoint","urlTemplate":"https:\/\/fit360.ee\/en\/?s={search_term_string}"},"query-input":{"@type":"PropertyValueSpecification","valueRequired":true,"valueName":"search_term_string"}}],"inLanguage":"en-US"},{"@type":"Organization","@id":"https:\/\/fit360.ee\/en\/#organization","name":"Fit360","url":"https:\/\/fit360.ee\/en\/","logo":{"@type":"ImageObject","inLanguage":"en-US","@id":"https:\/\/fit360.ee\/en\/#\/schema\/logo\/image\/","url":"https:\/\/fit360.ee\/wp-content\/uploads\/2017\/01\/logo-fit360.png","contentUrl":"https:\/\/fit360.ee\/wp-content\/uploads\/2017\/01\/logo-fit360.png","width":180,"height":66,"caption":"Fit360"},"image":{"@id":"https:\/\/fit360.ee\/en\/#\/schema\/logo\/image\/"}}]}},"_links":{"self":[{"href":"https:\/\/fit360.ee\/en\/wp-json\/wp\/v2\/product\/84675","targetHints":{"allow":["GET"]}}],"collection":[{"href":"https:\/\/fit360.ee\/en\/wp-json\/wp\/v2\/product"}],"about":[{"href":"https:\/\/fit360.ee\/en\/wp-json\/wp\/v2\/types\/product"}],"replies":[{"embeddable":true,"href":"https:\/\/fit360.ee\/en\/wp-json\/wp\/v2\/comments?post=84675"}],"wp:featuredmedia":[{"embeddable":true,"href":"https:\/\/fit360.ee\/en\/wp-json\/wp\/v2\/media\/84674"}],"wp:attachment":[{"href":"https:\/\/fit360.ee\/en\/wp-json\/wp\/v2\/media?parent=84675"}],"wp:term":[{"taxonomy":"product_brand","embeddable":true,"href":"https:\/\/fit360.ee\/en\/wp-json\/wp\/v2\/product_brand?post=84675"},{"taxonomy":"product_cat","embeddable":true,"href":"https:\/\/fit360.ee\/en\/wp-json\/wp\/v2\/product_cat?post=84675"},{"taxonomy":"product_tag","embeddable":true,"href":"https:\/\/fit360.ee\/en\/wp-json\/wp\/v2\/product_tag?post=84675"},{"taxonomy":"giftcard-category","embeddable":true,"href":"https:\/\/fit360.ee\/en\/wp-json\/wp\/v2\/giftcard-category?post=84675"}],"curies":[{"name":"wp","href":"https:\/\/api.w.org\/{rel}","templated":true}]}}