{"id":84921,"date":"2024-12-05T11:04:41","date_gmt":"2024-12-05T09:04:41","guid":{"rendered":"https:\/\/fit360.ee\/pood\/uncategorized\/iconfit-l-arginine-90caps\/"},"modified":"2026-04-10T14:56:43","modified_gmt":"2026-04-10T12:56:43","slug":"iconfit-l-arginine-90caps","status":"publish","type":"product","link":"https:\/\/fit360.ee\/en\/pood\/product-groups\/%d0%b2%d0%b5%d0%b3%d0%b0%d0%bd\/vegan-capsules-en\/iconfit-l-arginine-90caps\/","title":{"rendered":"ICONFIT L-Arginine (90caps)"},"content":{"rendered":"<h2><strong>ICONFIT L-Arginiin<\/strong><\/h2>\n<p>ICONFIT L-arginiin on aminohape, millel on organismis mitu olulist rolli. Seda peetakse pooleldi asendamatuks v\u00f5i tinglikult asendamatuks aminohappeks, mis t\u00e4hendab, et keha suudab seda osaliselt toota, kuid stressi v\u00f5i haiguse korral v\u00f5ib olla vajalik t\u00e4iendav tarbimine toidust v\u00f5i toidulisanditest.<\/p>\n<p><strong>L-arginiini peamised funktsioonid:<\/strong><\/p>\n<p>L\u00e4mmastikoksiidi eelk\u00e4ija: L-arginiin on l\u00e4mmastikoksiidi eelk\u00e4ija. L\u00e4mmastikoksiid l\u00f5\u00f5gastab veresooni ja toetab seel\u00e4bi s\u00fcdame-veresoonkonna s\u00fcsteemi toimimist.<\/p>\n<p><strong>Valgus\u00fcntees:\u00a0<\/strong>L-arginiin kui aminohape osaleb valkude s\u00fcnteesis, mis on olulised lihaste kasvuks ja s\u00e4ilitamiseks.<\/p>\n<p>Hormoonide\u00a0<strong>reguleerimine:\u00a0<\/strong>stimuleerib teatud hormoonide, sealhulgas kasvuhormooni ja insuliini vabanemist, mis on olulised erinevate ainevahetusprotsesside jaoks. Arginiin osaleb seemnerakkude moodustamisel, parandab nende liikuvust\u00a0ja toetab vereringet erektsioonih\u00e4irete korral.<\/p>\n<p><strong>Spordiv\u00f5imekus:\u00a0<\/strong>m\u00f5ned sportlased v\u00f5tavad L-arginiini toidulisandeid, et suurendada oma j\u00f5udlust, v\u00e4hendada lihasv\u00e4simust ja kiirendada taastumist. L-arginiin aitab organismil toota l\u00e4mmastikoksiidi, mis laiendab veresooni. See laienemine, mida nimetatakse vasodilatatsiooniks, suurendab verevoolu lihastesse treeningu ajal, andes neile rohkem hapnikku ja toitaineid. See v\u00f5ib viia parema j\u00f5udluse ja suurema vastupidavuse saavutamiseni, mille tulemuseks on sageli m\u00e4rgatav &#8220;lihaspump&#8221;.<\/p>\n<p><strong>Kvaliteetsed koostisosad:\u00a0<\/strong>kapslid on valmistatud puhtast, kvaliteetsest L-arginiinist, mis tagab maksimaalse t\u00f5hususe ja efektiivsuse. Ilma kunstlike lisanditeta: ei sisalda kunstlikke v\u00e4rv-, maitse- ja s\u00e4ilitusaineid, pakkudes loomulikku ja puhast toidulisandit.<\/p>\n<p><strong>KLIINILISED UURINGUD:\u00a0<\/strong>L-arginiin, pooleldi oluline aminohape, on erinevates kliinilistes uuringutes osutunud paljulubavaks. On leitud, et see parandab endoteeli funktsiooni ja suurendab k\u00f5ndimiskaugust perifeersete arterite haigusega (PAD) patsientidel. H\u00fcpertensiivsetel patsientidel v\u00e4henes L-arginiini manustamisel oluliselt s\u00fcstoolne ja diastoolne verer\u00f5hk. Uuringud n\u00e4itavad ka, et L-arginiin v\u00f5ib suurendada treeningu tulemuslikkust, parandada 2. t\u00fc\u00fcpi diabeediga patsientide insuliinitundlikkust ja aidata haavade paranemist diabeetiliste jalahaavanditega patsientidel. Lisaks on see n\u00e4idanud kasu erektsioonih\u00e4irega meeste erektsioonifunktsiooni parandamisel. Loe rohkem L-Arginiini kohta <a href=\"https:\/\/fit360.ee\/en\/product-category\/product-groups\/amino-acids-bcaa\/l-arginine-en\/\"><strong>SIIT<\/strong><\/a>!<\/p>\n<p><strong>Koostisosad<\/strong>: L-arginiinvesinikkloriid, taimne kapsel (glaseeraine pullulaan).<\/p>\n<p><strong>Kasutamine: <\/strong>T\u00e4iskasvanutel tarbida 2-4 kapslit koos klaasi veega. Soovitatavalt enne treeningut.<br \/>\n<strong><br \/>\nHoiatused:<\/strong>\u00a0Mitte kasutada toidulisandit mitmekesise toitumise asendajana. Oluline on toituda mitmek\u00fclgset ja tasakaalustatult ning harrastada tervislikku elustiili. Mitte \u00fcletada soovitatavat \u00f6\u00f6p\u00e4evast annust. Hoida lastele k\u00e4ttesaamatus kohas. Ei sobi kasutamiseks lastel, rasedatel ja imetavatel naistel.<\/p>\n<p><strong>S\u00e4ilitamine:<\/strong>\u00a0Hoida originaalpakendis temperatuuril 5-25\u00b0C niiskuse ja otsese p\u00e4iksevalguse eest kaitstult. 90 taimset kapslit, netokaal 49,5 g.<\/p>\n<div id=\"shopify-section-template--22550311829838__main\" class=\"shopify-section product--section section--canonical\">\n<section class=\" product__container product__container--two-columns \" data-product-wrapper=\"\">\n<div class=\"product-readmore rte\" data-product-readmore=\"\">\n<div class=\" grouped-content grouped-content-layout-tabs\">\n<p>&nbsp;<\/p>\n<table style=\"font-size: 0.875rem;\" width=\"503\">\n<thead>\n<tr style=\"height: 38px;\">\n<th style=\"height: 38px; width: 424.688px;\" align=\"left\"><strong>P\u00c4EVANE ANNUS SISALDAB:<\/strong><\/th>\n<th style=\"height: 38px; width: 64.3125px;\" align=\"left\">2 kapslit<\/th>\n<th style=\"height: 38px; width: 64.3125px;\" align=\"left\"><strong>4 kapslit<\/strong><\/th>\n<\/tr>\n<\/thead>\n<tbody>\n<tr style=\"height: 19px;\">\n<td style=\"height: 19px; width: 424.688px;\" align=\"left\"><span style=\"font-weight: 400;\">L-arginiini HCL<\/span><\/td>\n<td style=\"height: 19px; width: 64.3125px;\" align=\"left\"><span style=\"font-weight: 400;\">1100 mg<\/span><\/td>\n<td style=\"height: 19px; width: 64.3125px;\" align=\"left\"><span style=\"font-weight: 400;\">2200 mg<\/span><\/td>\n<\/tr>\n<tr style=\"height: 38px;\">\n<td style=\"height: 38px; width: 424.688px;\" align=\"left\"><span style=\"font-weight: 400;\">sellest L-arginiini<\/span><\/td>\n<td style=\"height: 38px; width: 64.3125px;\" align=\"left\"><span style=\"font-weight: 400;\">915 mg<\/span><\/td>\n<td style=\"height: 38px; width: 64.3125px;\" align=\"left\"><span style=\"font-weight: 400;\">1830 mg<\/span><\/td>\n<\/tr>\n<\/tbody>\n<\/table>\n<p>Vaata ka meie Teisi L-Arginiine <a href=\"https:\/\/fit360.ee\/en\/product-category\/product-groups\/amino-acids-bcaa\/l-arginine-en\/\"><strong>SIIT<\/strong><\/a> v\u00f5i Aminohappeid <a href=\"https:\/\/fit360.ee\/en\/product-category\/product-groups\/amino-acids-bcaa\/\"><strong>SIIT<\/strong><\/a>!<\/p>\n<\/div>\n<\/div>\n<\/section>\n<\/div>\n<div id=\"shopify-section-template--22550311829838__17012460319c803470\" class=\"shopify-section\">\n<div class=\"product-section--container\">\n<div>Soovid kaupa osta suuremas koguses? Vaata antud toodet ka meie HULGI poest\u00a0<a href=\"https:\/\/toidulisandidhulgi.ee\/tooted\/iconfit-l-arginine-90caps\/\"><strong>SIIT<\/strong><\/a>!<\/div>\n<\/div>\n<\/div>\n","protected":false},"excerpt":{"rendered":"<ul>\n<li style=\"font-weight: 400;\">Sobib kasutamiseks enne treeningut v\u00f5i p\u00e4eva jooksul t\u00e4iendava toetajana.<\/li>\n<li style=\"font-weight: 400;\"><b>Arginiin soodustab mitmete hormoonide, nagu gl\u00fckagooni ja insuliini, vabanemist.<\/b><\/li>\n<li style=\"font-weight: 400;\">Arginiin toetab optimaalse kasvu saavutamist, osaledes kasvuhormoonide tootmises.<\/li>\n<li style=\"font-weight: 400;\">Keha kasutab arginiini l\u00e4mmastikoksiidi tootmiseks.<\/li>\n<li style=\"font-weight: 400;\">L-arginiini kasutatakse sageli treeningueelse toidulisandina, peamiselt selle rolli t\u00f5ttu verevoolu suurendamisel.<\/li>\n<li style=\"font-weight: 400;\">Purk sisaldab 90 kapslit.\u00a0V\u00f5ta 2-4 kapslit p\u00e4evas koos veega.<\/li>\n<\/ul>\n","protected":false},"featured_media":84920,"comment_status":"open","ping_status":"closed","template":"","meta":[],"product_brand":[],"product_cat":[520,2331,1318,2311,533,2664,1201],"product_tag":[1801,5367,1681,5368,5369],"giftcard-category":[],"class_list":{"0":"post-84921","1":"product","2":"type-product","3":"status-publish","4":"has-post-thumbnail","6":"product_cat-amino-acids-bcaa","7":"product_cat-essential-amino-acids-eaa-en","8":"product_cat-iconfit-en","9":"product_cat-l-arginine-en","10":"product_cat-pre-workout-en","11":"product_cat-vegan-capsules-en","12":"product_cat-1201","13":"product_tag-arginiin-en","14":"product_tag-arginine-en","15":"product_tag-iconfit-en","16":"product_tag-l-arginine-en","17":"product_tag-larginiin-en","18":"pa_kogus-90-vcaps-en","19":"pa_toidulisand-branddd-iconfit","20":"pa_tootegruppp-amino-acidsbcaa","21":"pa_tootegruppp-asendamatud-aminohapped-eaa-en","22":"pa_tootegruppp-l-arginiin-en","23":"pa_tootegruppp-pre-workout","24":"pa_tootegruppp-vcaps-vegan-kapslid-en","25":"pa_tootegruppp-vegan-en","27":"first","28":"instock","29":"sale","30":"taxable","31":"shipping-taxable","32":"purchasable","33":"product-type-simple"},"yoast_head":"<!-- This site is optimized with the Yoast SEO plugin v27.3 - https:\/\/yoast.com\/product\/yoast-seo-wordpress\/ -->\n<title>ICONFIT L-Arginine (90caps) - Puhas L-Arginiin - Kiire Tarne - Fit360<\/title>\n<meta name=\"description\" content=\"ICONFIT L-arginiin on aminohape, millel on organismis mitu olulist rolli. Seda peetakse pooleldi asendamatuks v\u00f5i tinglikult asendamatuks aminohappeks, mi..\" \/>\n<meta name=\"robots\" content=\"index, follow, max-snippet:-1, max-image-preview:large, max-video-preview:-1\" \/>\n<link rel=\"canonical\" href=\"https:\/\/fit360.ee\/en\/pood\/product-groups\/\u0432\u0435\u0433\u0430\u043d\/vegan-capsules-en\/iconfit-l-arginine-90caps\/\" \/>\n<meta property=\"og:locale\" content=\"en_US\" \/>\n<meta property=\"og:type\" content=\"article\" \/>\n<meta property=\"og:title\" content=\"ICONFIT L-Arginine (90caps) - Puhas L-Arginiin - Kiire Tarne - Fit360\" \/>\n<meta property=\"og:description\" content=\"ICONFIT L-arginiin on aminohape, millel on organismis mitu olulist rolli. Seda peetakse pooleldi asendamatuks v\u00f5i tinglikult asendamatuks aminohappeks, mi..\" \/>\n<meta property=\"og:url\" content=\"https:\/\/fit360.ee\/en\/pood\/product-groups\/\u0432\u0435\u0433\u0430\u043d\/vegan-capsules-en\/iconfit-l-arginine-90caps\/\" \/>\n<meta property=\"og:site_name\" content=\"Fit360\" \/>\n<meta property=\"article:modified_time\" content=\"2026-04-10T12:56:43+00:00\" \/>\n<meta property=\"og:image\" content=\"https:\/\/fit360.ee\/wp-content\/uploads\/2024\/12\/iconfit-l-arginiin-fit360.ee_.jpg\" \/>\n\t<meta property=\"og:image:width\" content=\"695\" \/>\n\t<meta property=\"og:image:height\" content=\"695\" \/>\n\t<meta property=\"og:image:type\" content=\"image\/jpeg\" \/>\n<meta name=\"twitter:card\" content=\"summary_large_image\" \/>\n<meta name=\"twitter:label1\" content=\"Est. reading time\" \/>\n\t<meta name=\"twitter:data1\" content=\"3 minutes\" \/>\n<script type=\"application\/ld+json\" class=\"yoast-schema-graph\">{\"@context\":\"https:\\\/\\\/schema.org\",\"@graph\":[{\"@type\":\"WebPage\",\"@id\":\"https:\\\/\\\/fit360.ee\\\/en\\\/pood\\\/product-groups\\\/%d0%b2%d0%b5%d0%b3%d0%b0%d0%bd\\\/vegan-capsules-en\\\/iconfit-l-arginine-90caps\\\/\",\"url\":\"https:\\\/\\\/fit360.ee\\\/en\\\/pood\\\/product-groups\\\/%d0%b2%d0%b5%d0%b3%d0%b0%d0%bd\\\/vegan-capsules-en\\\/iconfit-l-arginine-90caps\\\/\",\"name\":\"ICONFIT L-Arginine (90caps) - Puhas L-Arginiin - Kiire Tarne - Fit360\",\"isPartOf\":{\"@id\":\"https:\\\/\\\/fit360.ee\\\/en\\\/#website\"},\"primaryImageOfPage\":{\"@id\":\"https:\\\/\\\/fit360.ee\\\/en\\\/pood\\\/product-groups\\\/%d0%b2%d0%b5%d0%b3%d0%b0%d0%bd\\\/vegan-capsules-en\\\/iconfit-l-arginine-90caps\\\/#primaryimage\"},\"image\":{\"@id\":\"https:\\\/\\\/fit360.ee\\\/en\\\/pood\\\/product-groups\\\/%d0%b2%d0%b5%d0%b3%d0%b0%d0%bd\\\/vegan-capsules-en\\\/iconfit-l-arginine-90caps\\\/#primaryimage\"},\"thumbnailUrl\":\"https:\\\/\\\/fit360.ee\\\/wp-content\\\/uploads\\\/2024\\\/12\\\/iconfit-l-arginiin-fit360.ee_.jpg\",\"datePublished\":\"2024-12-05T09:04:41+00:00\",\"dateModified\":\"2026-04-10T12:56:43+00:00\",\"description\":\"ICONFIT L-arginiin on aminohape, millel on organismis mitu olulist rolli. Seda peetakse pooleldi asendamatuks v\u00f5i tinglikult asendamatuks aminohappeks, mi..\",\"breadcrumb\":{\"@id\":\"https:\\\/\\\/fit360.ee\\\/en\\\/pood\\\/product-groups\\\/%d0%b2%d0%b5%d0%b3%d0%b0%d0%bd\\\/vegan-capsules-en\\\/iconfit-l-arginine-90caps\\\/#breadcrumb\"},\"inLanguage\":\"en-US\",\"potentialAction\":[{\"@type\":\"ReadAction\",\"target\":[\"https:\\\/\\\/fit360.ee\\\/en\\\/pood\\\/product-groups\\\/%d0%b2%d0%b5%d0%b3%d0%b0%d0%bd\\\/vegan-capsules-en\\\/iconfit-l-arginine-90caps\\\/\"]}]},{\"@type\":\"ImageObject\",\"inLanguage\":\"en-US\",\"@id\":\"https:\\\/\\\/fit360.ee\\\/en\\\/pood\\\/product-groups\\\/%d0%b2%d0%b5%d0%b3%d0%b0%d0%bd\\\/vegan-capsules-en\\\/iconfit-l-arginine-90caps\\\/#primaryimage\",\"url\":\"https:\\\/\\\/fit360.ee\\\/wp-content\\\/uploads\\\/2024\\\/12\\\/iconfit-l-arginiin-fit360.ee_.jpg\",\"contentUrl\":\"https:\\\/\\\/fit360.ee\\\/wp-content\\\/uploads\\\/2024\\\/12\\\/iconfit-l-arginiin-fit360.ee_.jpg\",\"width\":695,\"height\":695,\"caption\":\"iconfit l-arginiin - fit360.ee\"},{\"@type\":\"BreadcrumbList\",\"@id\":\"https:\\\/\\\/fit360.ee\\\/en\\\/pood\\\/product-groups\\\/%d0%b2%d0%b5%d0%b3%d0%b0%d0%bd\\\/vegan-capsules-en\\\/iconfit-l-arginine-90caps\\\/#breadcrumb\",\"itemListElement\":[{\"@type\":\"ListItem\",\"position\":1,\"name\":\"Home\",\"item\":\"https:\\\/\\\/fit360.ee\\\/en\\\/\"},{\"@type\":\"ListItem\",\"position\":2,\"name\":\"Shop\",\"item\":\"https:\\\/\\\/fit360.ee\\\/en\\\/shop\\\/\"},{\"@type\":\"ListItem\",\"position\":3,\"name\":\"ICONFIT L-Arginine (90caps)\"}]},{\"@type\":\"WebSite\",\"@id\":\"https:\\\/\\\/fit360.ee\\\/en\\\/#website\",\"url\":\"https:\\\/\\\/fit360.ee\\\/en\\\/\",\"name\":\"Fit360\",\"description\":\"\",\"publisher\":{\"@id\":\"https:\\\/\\\/fit360.ee\\\/en\\\/#organization\"},\"potentialAction\":[{\"@type\":\"SearchAction\",\"target\":{\"@type\":\"EntryPoint\",\"urlTemplate\":\"https:\\\/\\\/fit360.ee\\\/en\\\/?s={search_term_string}\"},\"query-input\":{\"@type\":\"PropertyValueSpecification\",\"valueRequired\":true,\"valueName\":\"search_term_string\"}}],\"inLanguage\":\"en-US\"},{\"@type\":\"Organization\",\"@id\":\"https:\\\/\\\/fit360.ee\\\/en\\\/#organization\",\"name\":\"Fit360\",\"url\":\"https:\\\/\\\/fit360.ee\\\/en\\\/\",\"logo\":{\"@type\":\"ImageObject\",\"inLanguage\":\"en-US\",\"@id\":\"https:\\\/\\\/fit360.ee\\\/en\\\/#\\\/schema\\\/logo\\\/image\\\/\",\"url\":\"https:\\\/\\\/fit360.ee\\\/wp-content\\\/uploads\\\/2017\\\/01\\\/logo-fit360.png\",\"contentUrl\":\"https:\\\/\\\/fit360.ee\\\/wp-content\\\/uploads\\\/2017\\\/01\\\/logo-fit360.png\",\"width\":180,\"height\":66,\"caption\":\"Fit360\"},\"image\":{\"@id\":\"https:\\\/\\\/fit360.ee\\\/en\\\/#\\\/schema\\\/logo\\\/image\\\/\"}}]}<\/script>\n<!-- \/ Yoast SEO plugin. -->","yoast_head_json":{"title":"ICONFIT L-Arginine (90caps) - Puhas L-Arginiin - Kiire Tarne - Fit360","description":"ICONFIT L-arginiin on aminohape, millel on organismis mitu olulist rolli. Seda peetakse pooleldi asendamatuks v\u00f5i tinglikult asendamatuks aminohappeks, mi..","robots":{"index":"index","follow":"follow","max-snippet":"max-snippet:-1","max-image-preview":"max-image-preview:large","max-video-preview":"max-video-preview:-1"},"canonical":"https:\/\/fit360.ee\/en\/pood\/product-groups\/\u0432\u0435\u0433\u0430\u043d\/vegan-capsules-en\/iconfit-l-arginine-90caps\/","og_locale":"en_US","og_type":"article","og_title":"ICONFIT L-Arginine (90caps) - Puhas L-Arginiin - Kiire Tarne - Fit360","og_description":"ICONFIT L-arginiin on aminohape, millel on organismis mitu olulist rolli. Seda peetakse pooleldi asendamatuks v\u00f5i tinglikult asendamatuks aminohappeks, mi..","og_url":"https:\/\/fit360.ee\/en\/pood\/product-groups\/\u0432\u0435\u0433\u0430\u043d\/vegan-capsules-en\/iconfit-l-arginine-90caps\/","og_site_name":"Fit360","article_modified_time":"2026-04-10T12:56:43+00:00","og_image":[{"width":695,"height":695,"url":"https:\/\/fit360.ee\/wp-content\/uploads\/2024\/12\/iconfit-l-arginiin-fit360.ee_.jpg","type":"image\/jpeg"}],"twitter_card":"summary_large_image","twitter_misc":{"Est. reading time":"3 minutes"},"schema":{"@context":"https:\/\/schema.org","@graph":[{"@type":"WebPage","@id":"https:\/\/fit360.ee\/en\/pood\/product-groups\/%d0%b2%d0%b5%d0%b3%d0%b0%d0%bd\/vegan-capsules-en\/iconfit-l-arginine-90caps\/","url":"https:\/\/fit360.ee\/en\/pood\/product-groups\/%d0%b2%d0%b5%d0%b3%d0%b0%d0%bd\/vegan-capsules-en\/iconfit-l-arginine-90caps\/","name":"ICONFIT L-Arginine (90caps) - Puhas L-Arginiin - Kiire Tarne - Fit360","isPartOf":{"@id":"https:\/\/fit360.ee\/en\/#website"},"primaryImageOfPage":{"@id":"https:\/\/fit360.ee\/en\/pood\/product-groups\/%d0%b2%d0%b5%d0%b3%d0%b0%d0%bd\/vegan-capsules-en\/iconfit-l-arginine-90caps\/#primaryimage"},"image":{"@id":"https:\/\/fit360.ee\/en\/pood\/product-groups\/%d0%b2%d0%b5%d0%b3%d0%b0%d0%bd\/vegan-capsules-en\/iconfit-l-arginine-90caps\/#primaryimage"},"thumbnailUrl":"https:\/\/fit360.ee\/wp-content\/uploads\/2024\/12\/iconfit-l-arginiin-fit360.ee_.jpg","datePublished":"2024-12-05T09:04:41+00:00","dateModified":"2026-04-10T12:56:43+00:00","description":"ICONFIT L-arginiin on aminohape, millel on organismis mitu olulist rolli. Seda peetakse pooleldi asendamatuks v\u00f5i tinglikult asendamatuks aminohappeks, mi..","breadcrumb":{"@id":"https:\/\/fit360.ee\/en\/pood\/product-groups\/%d0%b2%d0%b5%d0%b3%d0%b0%d0%bd\/vegan-capsules-en\/iconfit-l-arginine-90caps\/#breadcrumb"},"inLanguage":"en-US","potentialAction":[{"@type":"ReadAction","target":["https:\/\/fit360.ee\/en\/pood\/product-groups\/%d0%b2%d0%b5%d0%b3%d0%b0%d0%bd\/vegan-capsules-en\/iconfit-l-arginine-90caps\/"]}]},{"@type":"ImageObject","inLanguage":"en-US","@id":"https:\/\/fit360.ee\/en\/pood\/product-groups\/%d0%b2%d0%b5%d0%b3%d0%b0%d0%bd\/vegan-capsules-en\/iconfit-l-arginine-90caps\/#primaryimage","url":"https:\/\/fit360.ee\/wp-content\/uploads\/2024\/12\/iconfit-l-arginiin-fit360.ee_.jpg","contentUrl":"https:\/\/fit360.ee\/wp-content\/uploads\/2024\/12\/iconfit-l-arginiin-fit360.ee_.jpg","width":695,"height":695,"caption":"iconfit l-arginiin - fit360.ee"},{"@type":"BreadcrumbList","@id":"https:\/\/fit360.ee\/en\/pood\/product-groups\/%d0%b2%d0%b5%d0%b3%d0%b0%d0%bd\/vegan-capsules-en\/iconfit-l-arginine-90caps\/#breadcrumb","itemListElement":[{"@type":"ListItem","position":1,"name":"Home","item":"https:\/\/fit360.ee\/en\/"},{"@type":"ListItem","position":2,"name":"Shop","item":"https:\/\/fit360.ee\/en\/shop\/"},{"@type":"ListItem","position":3,"name":"ICONFIT L-Arginine (90caps)"}]},{"@type":"WebSite","@id":"https:\/\/fit360.ee\/en\/#website","url":"https:\/\/fit360.ee\/en\/","name":"Fit360","description":"","publisher":{"@id":"https:\/\/fit360.ee\/en\/#organization"},"potentialAction":[{"@type":"SearchAction","target":{"@type":"EntryPoint","urlTemplate":"https:\/\/fit360.ee\/en\/?s={search_term_string}"},"query-input":{"@type":"PropertyValueSpecification","valueRequired":true,"valueName":"search_term_string"}}],"inLanguage":"en-US"},{"@type":"Organization","@id":"https:\/\/fit360.ee\/en\/#organization","name":"Fit360","url":"https:\/\/fit360.ee\/en\/","logo":{"@type":"ImageObject","inLanguage":"en-US","@id":"https:\/\/fit360.ee\/en\/#\/schema\/logo\/image\/","url":"https:\/\/fit360.ee\/wp-content\/uploads\/2017\/01\/logo-fit360.png","contentUrl":"https:\/\/fit360.ee\/wp-content\/uploads\/2017\/01\/logo-fit360.png","width":180,"height":66,"caption":"Fit360"},"image":{"@id":"https:\/\/fit360.ee\/en\/#\/schema\/logo\/image\/"}}]}},"_links":{"self":[{"href":"https:\/\/fit360.ee\/en\/wp-json\/wp\/v2\/product\/84921","targetHints":{"allow":["GET"]}}],"collection":[{"href":"https:\/\/fit360.ee\/en\/wp-json\/wp\/v2\/product"}],"about":[{"href":"https:\/\/fit360.ee\/en\/wp-json\/wp\/v2\/types\/product"}],"replies":[{"embeddable":true,"href":"https:\/\/fit360.ee\/en\/wp-json\/wp\/v2\/comments?post=84921"}],"wp:featuredmedia":[{"embeddable":true,"href":"https:\/\/fit360.ee\/en\/wp-json\/wp\/v2\/media\/84920"}],"wp:attachment":[{"href":"https:\/\/fit360.ee\/en\/wp-json\/wp\/v2\/media?parent=84921"}],"wp:term":[{"taxonomy":"product_brand","embeddable":true,"href":"https:\/\/fit360.ee\/en\/wp-json\/wp\/v2\/product_brand?post=84921"},{"taxonomy":"product_cat","embeddable":true,"href":"https:\/\/fit360.ee\/en\/wp-json\/wp\/v2\/product_cat?post=84921"},{"taxonomy":"product_tag","embeddable":true,"href":"https:\/\/fit360.ee\/en\/wp-json\/wp\/v2\/product_tag?post=84921"},{"taxonomy":"giftcard-category","embeddable":true,"href":"https:\/\/fit360.ee\/en\/wp-json\/wp\/v2\/giftcard-category?post=84921"}],"curies":[{"name":"wp","href":"https:\/\/api.w.org\/{rel}","templated":true}]}}