{"id":85050,"date":"2024-12-12T14:34:40","date_gmt":"2024-12-12T12:34:40","guid":{"rendered":"https:\/\/fit360.ee\/pood\/uncategorized\/redcon1-total-war-441g\/"},"modified":"2026-04-08T00:11:21","modified_gmt":"2026-04-07T22:11:21","slug":"redcon1-total-war-441g","status":"publish","type":"product","link":"https:\/\/fit360.ee\/en\/pood\/product-groups\/amino-acids-bcaa\/beta-alanine-en\/redcon1-total-war-441g\/","title":{"rendered":"Redcon1 Total War (441g)"},"content":{"rendered":"<h2><strong>Total War<\/strong><\/h2>\n<p>Total War on treeningeelne toidulisand, mis aitab teil treenida ja v\u00f5istelda intensiivsuse ja energiaga. Redcon1 Total War ei ole m\u00f5eldud n\u00f5rgan\u00e4rvilistele, vaid t\u00f5sistele sportlastele v\u00f5i j\u00f5usaalik\u00fclastajatele, kes ootavad, et nad saaksid kutsumise korral esineda k\u00f5rgeimal tasemel.<\/p>\n<p>Stimulantide ja fookusfaktorite v\u00f5imas kombinatsioon koos NO-\u00fchenditega teeb Total Warist k\u00f5ik-\u00fches treeningeelse toidulisandi. Nautige k\u00f5ige rohkem energiat, keskendumist ja nahka l\u00f5hestavaid pumpasid, mida olete kunagi treeningu ajal tundnud. Olenemata sellest, kas treenite enne t\u00f6\u00f6d v\u00f5i kooli, keset p\u00e4eva v\u00f5i hiljem \u00f5htul, on Redcon1 Total Wari eeltreeningul v\u00f5imalus l\u00e4bida iga kord.<\/p>\n<p>Treenige ja v\u00f5istlege tulede intensiivsuse ja energiaga. Total War on see, mida iga treeningueelne ihaldatakse, pakkudes portsjoni kohta rohkem koostisosaid, kui teistes <a href=\"https:\/\/fit360.ee\/en\/product-category\/product-groups\/pre-workout-en\/\"><strong>Pre-Workoutides<\/strong><\/a>. \u00dcksk\u00f5ik, kas treenite enne t\u00f6\u00f6d v\u00f5i kooli, keset p\u00e4eva v\u00f5i hiljem \u00f5htul, Total Waril on v\u00f5imalus iga kord l\u00e4bi l\u00fc\u00fca. Stimulantide ja fookustegurite v\u00f5imas kombinatsioon NO-\u00fchenditega teeb Total Warist k\u00f5ik-\u00fches treeningeelse toidulisandi.<\/p>\n<ul>\n<li><strong>Aitab suurendada vastupidavust<\/strong> &#8211;\u00a0suurendage energiat ja suurendage keskendumist Redcon1 auhinnatud eeltreeninguga, mis sisaldab t\u00e4iuslikult koostatud kvaliteetseid koostisosi.<\/li>\n<li><strong>Alati tuge effekt<\/strong> &#8211;\u00a0olenemata sellest, kas kasutate Total Wari esimest korda v\u00f5i viimati vannis, tabab Total War teid sama tugevalt kui esimest korda proovides.<\/li>\n<li><strong>Keelatud ainete vaba<\/strong> &#8211; Total Wari treeningueelne puuder on kolmanda osapoole poolt keelatud ainete vaba. Vaadake, mis t\u00e4pselt igas tootes sisaldub, ja etiketil on koostisosade t\u00e4ielik l\u00e4bipaistvus.<\/li>\n<li><strong>Stimulantide ja fookusfaktorite v\u00f5imas\u00a0kombinatsioon<\/strong>\u00a0NO-\u00fchenditega muudab Total Wari k\u00f5ik-\u00fches treeningueelseks toidulisandiks.* Naudi k\u00f5ige rohkem energiat, keskendumist ja nahka l\u00f5hestavaid pumpasid, mida olete treeningu ajal tundnud.<\/li>\n<\/ul>\n<p>Auhinnatud ja enim m\u00fc\u00fcdud treeningeelne valem. T\u00e4ielik treeningeelne toidulisand vastupidavuse, pumba, energia ja keskendumistegurite v\u00f5imsa kombinatsiooniga. 320 mg <a href=\"https:\/\/fit360.ee\/en\/product-category\/caffeine-en\/\"><strong>kofeiini<\/strong><\/a> kauakestva energia saamiseks, mis annab j\u00f5udu ka k\u00f5ige raskemate treeningute ajal. 6g<a href=\"https:\/\/fit360.ee\/en\/product-category\/product-groups\/amino-acids-bcaa\/citrulline-en\/\"><strong> L-tsitrulliini<\/strong><\/a> parandab verevarustust ja suurendab intensiivseid pumpasid. 3,2 g <a href=\"https:\/\/fit360.ee\/en\/product-category\/product-groups\/amino-acids-bcaa\/beta-alanine-en\/\"><strong>beeta-alaniini<\/strong><\/a> lihaste vastupidavuse ja j\u00f5udluse tagamiseks. T\u00e4ielikult l\u00e4bipaistev silt, et teaksite t\u00e4pselt, mis on igas kulbikeses teie treeningeelses pulbris.<\/p>\n<p><strong>Koostisosad*:<\/strong>\u00a0tsitrulliinmalaat (2:1 L-tsitrulliini ja \u00f5unhappe suhe), beeta-alaniin, peedi (juure) ekstrakt, tauriin, veevaba kofeiin, kadaka (\u00a0<em>Juniperus communis<\/em>\u00a0) (marja) ekstrakt, di-kofeiini malaat, roheline tee (lehe)ekstrakt (90% pol\u00fcfenoole), naringiin (\u00a0<em>Citrus grandis<\/em>\u00a0) (puuvili) (98% naringiinist), BioPerine (musta pipra puuviljaekstrakt), teobroomi kakao (seemne) ekstrakt (98% teobromiinist), looduslikud ja kunstlikud l\u00f5hna- ja maitseained, dinaatriumfosfaat, r\u00e4nidioksiid, kaltsiumsilikaat, sukraloos, sidrunhape, maltodekstriin, atsesulfaam K .<\/p>\n<p>*- t\u00f5lgitud on Maasika-Kiivi maitse, teiste maitsete koostisosade saamiseks kirjutage meile info@fit360.ee<\/p>\n<p><strong>Kasutamine<\/strong>: Hinnake oma taluvust, v\u00f5ttes enne treeningut 1\/2 lusikat\u00e4it. Kui teie taluvus on hinnatud, segage 1 lusikas 120-180 ml veega 30 minutit enne treeningut. \u00c4rge \u00fcle 2 lusikat\u00e4it 24 tunni jooksul.<\/p>\n<div class=\"nutrition-disclaimer\">\n<p>Hoida jahedas kuivas kohas. \u00c4rge \u00fcletage soovitatud \u00f6\u00f6p\u00e4evast annust. Mitte kasutada mitmek\u00fclgse ja tasakaalustatud toitumise asendajana. Hoida v\u00e4ikelastele k\u00e4ttesaamatus kohas.<\/p>\n<\/div>\n<p>Kuigi teeme k\u00f5ik endast oleneva, et tagada tooteteabe ajakohasus, lugege alati tootega kaasas olevaid etikette, hoiatusi ja juhiseid. Kahtluse korral v\u00f5tke meiega \u00fchendust.<\/p>\n<p><strong>Suurus<\/strong>: 441g<\/p>\n<table class=\"supplement-facts-table colspan3\">\n<tbody>\n<tr class=\"facts-servings\">\n<td colspan=\"3\">1 portsjoni suurus:\u00a01 lusikas (14,7 g)<\/td>\n<\/tr>\n<tr class=\"facts-reg-row ing_header\">\n<td class=\"facts-name\"><strong>Toimeained<\/strong><\/td>\n<td class=\"facts-amount\"><strong>1 portsjon<\/strong><\/td>\n<td class=\"facts-amount\"><strong>%SPK*<\/strong><\/td>\n<\/tr>\n<tr class=\"facts-thick-line\">\n<td colspan=\"3\"><\/td>\n<\/tr>\n<tr class=\"facts-reg-row \">\n<td class=\"facts-name\">Tsitrulliinmalaat<em>2:1 L-tsitrulliini ja \u00f5unhappe suhe<\/em><\/td>\n<td class=\"facts-amount\">6 g<\/td>\n<td class=\"facts-amount\">**<\/td>\n<\/tr>\n<tr class=\"facts-reg-row \">\n<td class=\"facts-name\">Beeta-alaniin<\/td>\n<td class=\"facts-amount\">3,2 g<\/td>\n<td class=\"facts-amount\">**<\/td>\n<\/tr>\n<tr class=\"facts-reg-row \">\n<td class=\"facts-name\">Peedi juure ekstrakt<\/td>\n<td class=\"facts-amount\">1 g<\/td>\n<td class=\"facts-amount\">**<\/td>\n<\/tr>\n<tr class=\"facts-reg-row \">\n<td class=\"facts-name\">Tauriin<\/td>\n<td class=\"facts-amount\">1 g<\/td>\n<td class=\"facts-amount\">**<\/td>\n<\/tr>\n<tr class=\"facts-reg-row \">\n<td class=\"facts-name\">Veevaba kofeiin<\/td>\n<td class=\"facts-amount\">250 mg<\/td>\n<td class=\"facts-amount\">**<\/td>\n<\/tr>\n<tr class=\"facts-reg-row \">\n<td class=\"facts-name\">Kadakas<em>Juniperus Communis marja ekstrakt<\/em><\/td>\n<td class=\"facts-amount\">150 mg<\/td>\n<td class=\"facts-amount\">**<\/td>\n<\/tr>\n<tr class=\"facts-reg-row \">\n<td class=\"facts-name\">Di-kofeiini malaat<\/td>\n<td class=\"facts-amount\">100 mg<\/td>\n<td class=\"facts-amount\">**<\/td>\n<\/tr>\n<tr class=\"facts-reg-row \">\n<td class=\"facts-name\">Rohelise tee ekstrakt<em>mis sisaldab 90% pol\u00fcfenoole<\/em><\/td>\n<td class=\"facts-amount\">45 mg<\/td>\n<td class=\"facts-amount\">**<\/td>\n<\/tr>\n<tr class=\"facts-reg-row \">\n<td class=\"facts-name\">Naringin<em>Citrus grandis, puuvili<\/em><em>pakkudes 98% Naringini<\/em><\/td>\n<td class=\"facts-amount\">25 mg<\/td>\n<td class=\"facts-amount\">**<\/td>\n<\/tr>\n<tr class=\"facts-reg-row \">\n<td class=\"facts-name\">Bioperiin<em>Musta pipra puuviljaekstrakt<\/em><\/td>\n<td class=\"facts-amount\">10 mg<\/td>\n<td class=\"facts-amount\">**<\/td>\n<\/tr>\n<tr class=\"facts-reg-row \">\n<td class=\"facts-name\">Theobroma kakao ekstrakt<em>annab 98% teobromiini<\/em><\/td>\n<td class=\"facts-amount\">5 mg<\/td>\n<td class=\"facts-amount\">**<\/td>\n<\/tr>\n<tr class=\"facts-thick-line\">\n<td colspan=\"3\"><\/td>\n<\/tr>\n<tr class=\"facts-reg-row small_text legend\">\n<td colspan=\"3\">* P\u00e4evav\u00e4\u00e4rtuse protsent \u00fche t\u00e4isportsjoni kohta.<br \/>\n** P\u00e4evane v\u00e4\u00e4rtus ei ole m\u00e4\u00e4ratud.<\/td>\n<\/tr>\n<tr class=\"facts-reg-row small_text legend\">\n<td colspan=\"3\"><strong>Info:<\/strong>\u00a0Koostisosad ja nende toitev\u00e4\u00e4rtused on n\u00e4idatud\u00a0<strong>Sour Gummy Bear maitsega<\/strong>\u00a0toote puhul . Muudel maitsetel v\u00f5ib olla m\u00f5ningaid erinevusi.<\/td>\n<\/tr>\n<\/tbody>\n<\/table>\n<p>Vaata ka meie Teisi Pre-Workoute <a href=\"https:\/\/fit360.ee\/en\/product-category\/product-groups\/pre-workout-en\/\"><strong>SIIT<\/strong><\/a> v\u00f5i Aminohappeid <a href=\"https:\/\/fit360.ee\/en\/product-category\/product-groups\/amino-acids-bcaa\/\"><strong>SIIT<\/strong><\/a>!<\/p>\n<p>Soovid kaupa osta suuremas koguses? Vaata antud toodet ka meie HULGI poest\u00a0<a href=\"https:\/\/toidulisandidhulgi.ee\/tooted\/redcon1-total-war-441g\/\"><strong>SIIT<\/strong><\/a>!<\/p>\n","protected":false},"excerpt":{"rendered":"<ul>\n<li>Parim PUMP efekt<\/li>\n<li>Laserfookus<\/li>\n<li>Lisab teravust<\/li>\n<li>Parandab j\u00f5udlust ja j\u00f5udu<\/li>\n<li>\u00dclitugev NO-efekt<\/li>\n<\/ul>\n","protected":false},"featured_media":85048,"comment_status":"open","ping_status":"closed","template":"","meta":[],"product_brand":[],"product_cat":[520,2303,5324,2314,533,5379],"product_tag":[5380,5381,5382],"giftcard-category":[],"class_list":{"0":"post-85050","1":"product","2":"type-product","3":"status-publish","4":"has-post-thumbnail","6":"product_cat-amino-acids-bcaa","7":"product_cat-beta-alanine-en","8":"product_cat-caffeine-en","9":"product_cat-citrulline-en","10":"product_cat-pre-workout-en","11":"product_cat-redcon1-en","12":"product_tag-redcon1-en","13":"product_tag-redcon1-total-war-en","14":"product_tag-total-war-en","15":"pa_kogus-440g-en","16":"pa_maitse-arbuus-en","17":"pa_maitse-maasika-kiivi-en","18":"pa_maitse-pineapple","19":"pa_maitse-rainbow-candy","20":"pa_maitse-rohelise-ouna-en","21":"pa_toidulisand-branddd-redcon1","22":"pa_tootegruppp-amino-acidsbcaa","23":"pa_tootegruppp-beeta-alaniin-en","24":"pa_tootegruppp-kofeiin-en","25":"pa_tootegruppp-pre-workout","26":"pa_tootegruppp-tsitrulliin-en","28":"first","29":"instock","30":"sale","31":"taxable","32":"shipping-taxable","33":"purchasable","34":"product-type-variable"},"yoast_head":"<!-- This site is optimized with the Yoast SEO plugin v27.3 - https:\/\/yoast.com\/product\/yoast-seo-wordpress\/ -->\n<title>Redcon1 Total War (441g) - Parim Pre-Workout - Parim Hind - Kiire Tarne - Fit360<\/title>\n<meta name=\"description\" content=\"Total War on treeningeelne toidulisand, mis aitab teil treenida ja v\u00f5istelda intensiivsuse ja energiaga. Redcon1 Total War ei ole m\u00f5eldud n\u00f5rgan\u00e4rvilist...\" \/>\n<meta name=\"robots\" content=\"index, follow, max-snippet:-1, max-image-preview:large, max-video-preview:-1\" \/>\n<link rel=\"canonical\" href=\"https:\/\/fit360.ee\/en\/pood\/product-groups\/amino-acids-bcaa\/beta-alanine-en\/redcon1-total-war-441g\/\" \/>\n<meta property=\"og:locale\" content=\"en_US\" \/>\n<meta property=\"og:type\" content=\"article\" \/>\n<meta property=\"og:title\" content=\"Redcon1 Total War (441g) - Parim Pre-Workout - Parim Hind - Kiire Tarne - Fit360\" \/>\n<meta property=\"og:description\" content=\"Total War on treeningeelne toidulisand, mis aitab teil treenida ja v\u00f5istelda intensiivsuse ja energiaga. Redcon1 Total War ei ole m\u00f5eldud n\u00f5rgan\u00e4rvilist...\" \/>\n<meta property=\"og:url\" content=\"https:\/\/fit360.ee\/en\/pood\/product-groups\/amino-acids-bcaa\/beta-alanine-en\/redcon1-total-war-441g\/\" \/>\n<meta property=\"og:site_name\" content=\"Fit360\" \/>\n<meta property=\"article:modified_time\" content=\"2026-04-07T22:11:21+00:00\" \/>\n<meta property=\"og:image\" content=\"https:\/\/fit360.ee\/wp-content\/uploads\/2024\/12\/redcon1-total-war-fit360.ee_.jpg\" \/>\n\t<meta property=\"og:image:width\" content=\"1000\" \/>\n\t<meta property=\"og:image:height\" content=\"1000\" \/>\n\t<meta property=\"og:image:type\" content=\"image\/jpeg\" \/>\n<meta name=\"twitter:card\" content=\"summary_large_image\" \/>\n<meta name=\"twitter:label1\" content=\"Est. reading time\" \/>\n\t<meta name=\"twitter:data1\" content=\"4 minutes\" \/>\n<script type=\"application\/ld+json\" class=\"yoast-schema-graph\">{\"@context\":\"https:\\\/\\\/schema.org\",\"@graph\":[{\"@type\":\"WebPage\",\"@id\":\"https:\\\/\\\/fit360.ee\\\/en\\\/pood\\\/product-groups\\\/amino-acids-bcaa\\\/beta-alanine-en\\\/redcon1-total-war-441g\\\/\",\"url\":\"https:\\\/\\\/fit360.ee\\\/en\\\/pood\\\/product-groups\\\/amino-acids-bcaa\\\/beta-alanine-en\\\/redcon1-total-war-441g\\\/\",\"name\":\"Redcon1 Total War (441g) - Parim Pre-Workout - Parim Hind - Kiire Tarne - Fit360\",\"isPartOf\":{\"@id\":\"https:\\\/\\\/fit360.ee\\\/en\\\/#website\"},\"primaryImageOfPage\":{\"@id\":\"https:\\\/\\\/fit360.ee\\\/en\\\/pood\\\/product-groups\\\/amino-acids-bcaa\\\/beta-alanine-en\\\/redcon1-total-war-441g\\\/#primaryimage\"},\"image\":{\"@id\":\"https:\\\/\\\/fit360.ee\\\/en\\\/pood\\\/product-groups\\\/amino-acids-bcaa\\\/beta-alanine-en\\\/redcon1-total-war-441g\\\/#primaryimage\"},\"thumbnailUrl\":\"https:\\\/\\\/fit360.ee\\\/wp-content\\\/uploads\\\/2024\\\/12\\\/redcon1-total-war-fit360.ee_.jpg\",\"datePublished\":\"2024-12-12T12:34:40+00:00\",\"dateModified\":\"2026-04-07T22:11:21+00:00\",\"description\":\"Total War on treeningeelne toidulisand, mis aitab teil treenida ja v\u00f5istelda intensiivsuse ja energiaga. Redcon1 Total War ei ole m\u00f5eldud n\u00f5rgan\u00e4rvilist...\",\"breadcrumb\":{\"@id\":\"https:\\\/\\\/fit360.ee\\\/en\\\/pood\\\/product-groups\\\/amino-acids-bcaa\\\/beta-alanine-en\\\/redcon1-total-war-441g\\\/#breadcrumb\"},\"inLanguage\":\"en-US\",\"potentialAction\":[{\"@type\":\"ReadAction\",\"target\":[\"https:\\\/\\\/fit360.ee\\\/en\\\/pood\\\/product-groups\\\/amino-acids-bcaa\\\/beta-alanine-en\\\/redcon1-total-war-441g\\\/\"]}]},{\"@type\":\"ImageObject\",\"inLanguage\":\"en-US\",\"@id\":\"https:\\\/\\\/fit360.ee\\\/en\\\/pood\\\/product-groups\\\/amino-acids-bcaa\\\/beta-alanine-en\\\/redcon1-total-war-441g\\\/#primaryimage\",\"url\":\"https:\\\/\\\/fit360.ee\\\/wp-content\\\/uploads\\\/2024\\\/12\\\/redcon1-total-war-fit360.ee_.jpg\",\"contentUrl\":\"https:\\\/\\\/fit360.ee\\\/wp-content\\\/uploads\\\/2024\\\/12\\\/redcon1-total-war-fit360.ee_.jpg\",\"width\":1000,\"height\":1000,\"caption\":\"redcon1 total war - fit360.ee\"},{\"@type\":\"BreadcrumbList\",\"@id\":\"https:\\\/\\\/fit360.ee\\\/en\\\/pood\\\/product-groups\\\/amino-acids-bcaa\\\/beta-alanine-en\\\/redcon1-total-war-441g\\\/#breadcrumb\",\"itemListElement\":[{\"@type\":\"ListItem\",\"position\":1,\"name\":\"Home\",\"item\":\"https:\\\/\\\/fit360.ee\\\/en\\\/\"},{\"@type\":\"ListItem\",\"position\":2,\"name\":\"Shop\",\"item\":\"https:\\\/\\\/fit360.ee\\\/en\\\/shop\\\/\"},{\"@type\":\"ListItem\",\"position\":3,\"name\":\"Redcon1 Total War (441g)\"}]},{\"@type\":\"WebSite\",\"@id\":\"https:\\\/\\\/fit360.ee\\\/en\\\/#website\",\"url\":\"https:\\\/\\\/fit360.ee\\\/en\\\/\",\"name\":\"Fit360\",\"description\":\"\",\"publisher\":{\"@id\":\"https:\\\/\\\/fit360.ee\\\/en\\\/#organization\"},\"potentialAction\":[{\"@type\":\"SearchAction\",\"target\":{\"@type\":\"EntryPoint\",\"urlTemplate\":\"https:\\\/\\\/fit360.ee\\\/en\\\/?s={search_term_string}\"},\"query-input\":{\"@type\":\"PropertyValueSpecification\",\"valueRequired\":true,\"valueName\":\"search_term_string\"}}],\"inLanguage\":\"en-US\"},{\"@type\":\"Organization\",\"@id\":\"https:\\\/\\\/fit360.ee\\\/en\\\/#organization\",\"name\":\"Fit360\",\"url\":\"https:\\\/\\\/fit360.ee\\\/en\\\/\",\"logo\":{\"@type\":\"ImageObject\",\"inLanguage\":\"en-US\",\"@id\":\"https:\\\/\\\/fit360.ee\\\/en\\\/#\\\/schema\\\/logo\\\/image\\\/\",\"url\":\"https:\\\/\\\/fit360.ee\\\/wp-content\\\/uploads\\\/2017\\\/01\\\/logo-fit360.png\",\"contentUrl\":\"https:\\\/\\\/fit360.ee\\\/wp-content\\\/uploads\\\/2017\\\/01\\\/logo-fit360.png\",\"width\":180,\"height\":66,\"caption\":\"Fit360\"},\"image\":{\"@id\":\"https:\\\/\\\/fit360.ee\\\/en\\\/#\\\/schema\\\/logo\\\/image\\\/\"}}]}<\/script>\n<!-- \/ Yoast SEO plugin. -->","yoast_head_json":{"title":"Redcon1 Total War (441g) - Parim Pre-Workout - Parim Hind - Kiire Tarne - Fit360","description":"Total War on treeningeelne toidulisand, mis aitab teil treenida ja v\u00f5istelda intensiivsuse ja energiaga. Redcon1 Total War ei ole m\u00f5eldud n\u00f5rgan\u00e4rvilist...","robots":{"index":"index","follow":"follow","max-snippet":"max-snippet:-1","max-image-preview":"max-image-preview:large","max-video-preview":"max-video-preview:-1"},"canonical":"https:\/\/fit360.ee\/en\/pood\/product-groups\/amino-acids-bcaa\/beta-alanine-en\/redcon1-total-war-441g\/","og_locale":"en_US","og_type":"article","og_title":"Redcon1 Total War (441g) - Parim Pre-Workout - Parim Hind - Kiire Tarne - Fit360","og_description":"Total War on treeningeelne toidulisand, mis aitab teil treenida ja v\u00f5istelda intensiivsuse ja energiaga. Redcon1 Total War ei ole m\u00f5eldud n\u00f5rgan\u00e4rvilist...","og_url":"https:\/\/fit360.ee\/en\/pood\/product-groups\/amino-acids-bcaa\/beta-alanine-en\/redcon1-total-war-441g\/","og_site_name":"Fit360","article_modified_time":"2026-04-07T22:11:21+00:00","og_image":[{"width":1000,"height":1000,"url":"https:\/\/fit360.ee\/wp-content\/uploads\/2024\/12\/redcon1-total-war-fit360.ee_.jpg","type":"image\/jpeg"}],"twitter_card":"summary_large_image","twitter_misc":{"Est. reading time":"4 minutes"},"schema":{"@context":"https:\/\/schema.org","@graph":[{"@type":"WebPage","@id":"https:\/\/fit360.ee\/en\/pood\/product-groups\/amino-acids-bcaa\/beta-alanine-en\/redcon1-total-war-441g\/","url":"https:\/\/fit360.ee\/en\/pood\/product-groups\/amino-acids-bcaa\/beta-alanine-en\/redcon1-total-war-441g\/","name":"Redcon1 Total War (441g) - Parim Pre-Workout - Parim Hind - Kiire Tarne - Fit360","isPartOf":{"@id":"https:\/\/fit360.ee\/en\/#website"},"primaryImageOfPage":{"@id":"https:\/\/fit360.ee\/en\/pood\/product-groups\/amino-acids-bcaa\/beta-alanine-en\/redcon1-total-war-441g\/#primaryimage"},"image":{"@id":"https:\/\/fit360.ee\/en\/pood\/product-groups\/amino-acids-bcaa\/beta-alanine-en\/redcon1-total-war-441g\/#primaryimage"},"thumbnailUrl":"https:\/\/fit360.ee\/wp-content\/uploads\/2024\/12\/redcon1-total-war-fit360.ee_.jpg","datePublished":"2024-12-12T12:34:40+00:00","dateModified":"2026-04-07T22:11:21+00:00","description":"Total War on treeningeelne toidulisand, mis aitab teil treenida ja v\u00f5istelda intensiivsuse ja energiaga. Redcon1 Total War ei ole m\u00f5eldud n\u00f5rgan\u00e4rvilist...","breadcrumb":{"@id":"https:\/\/fit360.ee\/en\/pood\/product-groups\/amino-acids-bcaa\/beta-alanine-en\/redcon1-total-war-441g\/#breadcrumb"},"inLanguage":"en-US","potentialAction":[{"@type":"ReadAction","target":["https:\/\/fit360.ee\/en\/pood\/product-groups\/amino-acids-bcaa\/beta-alanine-en\/redcon1-total-war-441g\/"]}]},{"@type":"ImageObject","inLanguage":"en-US","@id":"https:\/\/fit360.ee\/en\/pood\/product-groups\/amino-acids-bcaa\/beta-alanine-en\/redcon1-total-war-441g\/#primaryimage","url":"https:\/\/fit360.ee\/wp-content\/uploads\/2024\/12\/redcon1-total-war-fit360.ee_.jpg","contentUrl":"https:\/\/fit360.ee\/wp-content\/uploads\/2024\/12\/redcon1-total-war-fit360.ee_.jpg","width":1000,"height":1000,"caption":"redcon1 total war - fit360.ee"},{"@type":"BreadcrumbList","@id":"https:\/\/fit360.ee\/en\/pood\/product-groups\/amino-acids-bcaa\/beta-alanine-en\/redcon1-total-war-441g\/#breadcrumb","itemListElement":[{"@type":"ListItem","position":1,"name":"Home","item":"https:\/\/fit360.ee\/en\/"},{"@type":"ListItem","position":2,"name":"Shop","item":"https:\/\/fit360.ee\/en\/shop\/"},{"@type":"ListItem","position":3,"name":"Redcon1 Total War (441g)"}]},{"@type":"WebSite","@id":"https:\/\/fit360.ee\/en\/#website","url":"https:\/\/fit360.ee\/en\/","name":"Fit360","description":"","publisher":{"@id":"https:\/\/fit360.ee\/en\/#organization"},"potentialAction":[{"@type":"SearchAction","target":{"@type":"EntryPoint","urlTemplate":"https:\/\/fit360.ee\/en\/?s={search_term_string}"},"query-input":{"@type":"PropertyValueSpecification","valueRequired":true,"valueName":"search_term_string"}}],"inLanguage":"en-US"},{"@type":"Organization","@id":"https:\/\/fit360.ee\/en\/#organization","name":"Fit360","url":"https:\/\/fit360.ee\/en\/","logo":{"@type":"ImageObject","inLanguage":"en-US","@id":"https:\/\/fit360.ee\/en\/#\/schema\/logo\/image\/","url":"https:\/\/fit360.ee\/wp-content\/uploads\/2017\/01\/logo-fit360.png","contentUrl":"https:\/\/fit360.ee\/wp-content\/uploads\/2017\/01\/logo-fit360.png","width":180,"height":66,"caption":"Fit360"},"image":{"@id":"https:\/\/fit360.ee\/en\/#\/schema\/logo\/image\/"}}]}},"_links":{"self":[{"href":"https:\/\/fit360.ee\/en\/wp-json\/wp\/v2\/product\/85050","targetHints":{"allow":["GET"]}}],"collection":[{"href":"https:\/\/fit360.ee\/en\/wp-json\/wp\/v2\/product"}],"about":[{"href":"https:\/\/fit360.ee\/en\/wp-json\/wp\/v2\/types\/product"}],"replies":[{"embeddable":true,"href":"https:\/\/fit360.ee\/en\/wp-json\/wp\/v2\/comments?post=85050"}],"wp:featuredmedia":[{"embeddable":true,"href":"https:\/\/fit360.ee\/en\/wp-json\/wp\/v2\/media\/85048"}],"wp:attachment":[{"href":"https:\/\/fit360.ee\/en\/wp-json\/wp\/v2\/media?parent=85050"}],"wp:term":[{"taxonomy":"product_brand","embeddable":true,"href":"https:\/\/fit360.ee\/en\/wp-json\/wp\/v2\/product_brand?post=85050"},{"taxonomy":"product_cat","embeddable":true,"href":"https:\/\/fit360.ee\/en\/wp-json\/wp\/v2\/product_cat?post=85050"},{"taxonomy":"product_tag","embeddable":true,"href":"https:\/\/fit360.ee\/en\/wp-json\/wp\/v2\/product_tag?post=85050"},{"taxonomy":"giftcard-category","embeddable":true,"href":"https:\/\/fit360.ee\/en\/wp-json\/wp\/v2\/giftcard-category?post=85050"}],"curies":[{"name":"wp","href":"https:\/\/api.w.org\/{rel}","templated":true}]}}