{"id":85070,"date":"2024-12-12T15:34:38","date_gmt":"2024-12-12T13:34:38","guid":{"rendered":"https:\/\/fit360.ee\/pood\/uncategorized\/c4-smart-energy-330ml\/"},"modified":"2025-08-26T13:41:04","modified_gmt":"2025-08-26T11:41:04","slug":"c4-smart-energy-330ml","status":"publish","type":"product","link":"https:\/\/fit360.ee\/en\/pood\/product-groups\/drinks-shots\/c4-smart-energy-330ml\/","title":{"rendered":"C4 Smart Energy (330ml)"},"content":{"rendered":"<h2><strong>C4 Smart Energy<\/strong><\/h2>\n<p><strong>C4 Smart Energy \u00ae<\/strong>\u00a0pakub looduslikku energiat kolmes maitsvas maitses, et saaksite oma j\u00e4rgmiseks suureks hetkeks keskenduda, alates igap\u00e4evastest rutiinidest kuni erakordsete unistusteni.<\/p>\n<p><strong>Eelised:<\/strong><\/p>\n<ul>\n<li>Kofeiin suurendab erksust, tsink aitab kaasa normaalsele kognitiivsele funktsioonile ja vitamiin B5 aitab kaasa normaalsele vaimsele t\u00f6\u00f6v\u00f5imele.<\/li>\n<li>C-vitamiin ja tsink aitavad kaasa immuuns\u00fcsteemi normaalsele talitlusele.<\/li>\n<li>Vitamiinid C, B3 ja B5 aitavad kaasa normaalsele energiavahetusele.<\/li>\n<li>Kasutada mitmek\u00fclgse ja tasakaalustatud toitumise ning tervislike eluviiside raames.<\/li>\n<\/ul>\n<p>Nautige C4 Smart Energy joogi veetlevat maitset ja t\u00e4itke oma keha tervisliku energiaga. Lisage see oma rutiini hommikuseks t\u00f5ukej\u00f5uks, p\u00e4rastl\u00f5unaseks hoov\u00f5tuks v\u00f5i enne treeningut. Nautige naturaalse energiajoogi eeliseid, mis toetab rasvakaotust, teravdab vaimset fookust ja hoiab teid kogu p\u00e4eva tugevana.<\/p>\n<p>Maitsev energiajook, mis annab loomuliku energialaengu, toetab rasva kadu ja suurendab vaimset keskendumist. Ilma kunstlike v\u00e4rvainete, suhkru v\u00f5i maitseaineteta on see tervislikum valik. See hoolikalt valmistatud jook sisaldab kvaliteetsetest allikatest p\u00e4rinevat looduslikku kofeiini, mis stimuleerib ainevahetust, et aidata kaasa rasvakaotusele ja kaaluj\u00e4lgimisele. J\u00e4ta h\u00fcvasti kunstlike stimulantidega ja tere s\u00e4\u00e4stva energiaga oma treeningute ja igap\u00e4evaste tegevuste jaoks.<\/p>\n<p>See energiajook mitte ainult ei toeta rasva kadu, vaid teravdab ka vaimset keskendumist. T\u00e4nu naturaalsete koostisosade kombinatsioonile, mis suurendab selgust ja t\u00e4helepanelikkust, kogege k\u00f5rgendatud tootlikkust ilma v\u00e4rinade ja krahhideta.<\/p>\n<p><strong>Pakendi suurus:<\/strong>\u00a0330 ml purk<\/p>\n<p><strong>Koostisosad: <\/strong><strong>200 mg LOODUSLIK KOFEIIN<\/strong>\u00a0\u2013 saadud rohelistest kohviubadest.\u00a0<strong>COGNIZIN\u00ae<\/strong>\u00a0\u2013 Kliiniliselt uuritud koostisosa, mis toetab vaimset keskendumist, t\u00e4helepanu ja meeldej\u00e4tmist.\u00a0<strong>N-ATSET\u00dc\u00dcLT\u00dcROSIIN<\/strong>\u00a0\u2013 L-t\u00fcrosiini lahustuv vorm, mis toetab noradrenaliini ja dopamiini, mis omakorda toetab vaimset tervist stressirohke tegevuse ajal.\u00a0<strong>P\u00d5HITOITINE<\/strong>\u00a0\u2013 kaalium, niatsiin ja vitamiin B12.<\/p>\n<p><strong>Kasutamine: <\/strong>Tarbi purk (330ml) C4 Smart Energy\u00ae-i enne, kui hakkad m\u00f5ne p\u00e4evaga tegelema. Koos kaalulangetamiseks ja aktiivseks elustiiliks m\u00f5eldud v\u00e4hendatud kalorsusega dieediga toetab C4 Smart Energy\u00ae rasva kadu, suurendades kalorikulu.<\/p>\n<p><strong>Hoiatused:<\/strong><\/p>\n<p>\u00c4rge kasutage seda toodet, kui olete rase v\u00f5i toidate last rinnaga. Ei ole m\u00f5eldud lastele. Soovitatav t\u00e4iskasvanutele. Hoida jahedas ja kuivas kohas. Mitte hoida s\u00fcgavk\u00fclmas.<\/p>\n<table>\n<thead>\n<tr>\n<th>Toitev\u00e4\u00e4rtuste Anal\u00fc\u00fcs<\/th>\n<th>Kogus 100 ml kohta<\/th>\n<th>%SPK*<\/th>\n<\/tr>\n<\/thead>\n<tbody>\n<tr>\n<td>Energia v\u00e4\u00e4rtus<\/td>\n<td>11 kcal \/ 46 kJ<\/td>\n<td>**<\/td>\n<\/tr>\n<tr>\n<td>C-vitamiin<\/td>\n<td>12 mg<\/td>\n<td>15%<\/td>\n<\/tr>\n<tr>\n<td>Niasiin<\/td>\n<td>2.4 mg<\/td>\n<td>15%<\/td>\n<\/tr>\n<tr>\n<td>Pantoteenhape<\/td>\n<td>0.90 mg<\/td>\n<td>15%<\/td>\n<\/tr>\n<tr>\n<td>Tsink<\/td>\n<td>1.5 mg<\/td>\n<td>15%<\/td>\n<\/tr>\n<tr>\n<td>Kofeiin<\/td>\n<td>32 mg<\/td>\n<td>**<\/td>\n<\/tr>\n<\/tbody>\n<\/table>\n<p>Vaata ka meie teiei Suhkruvabasid Energiajooke <a href=\"https:\/\/fit360.ee\/tootekategooria\/tootegrupid\/suhkruvabad-energiajoogid\/\"><strong>SIIT<\/strong><\/a> v\u00f5i Pre-Workoute <a href=\"https:\/\/fit360.ee\/tootekategooria\/tootegrupid\/treeningeelne-ja-erguti\/\"><strong>SIIT<\/strong><\/a>!<\/p>\n","protected":false},"excerpt":{"rendered":"<ul>\n<li>Toetab rasva kadu<\/li>\n<li>Looduslik energiat\u00f5us<\/li>\n<li>Parandab vaimset keskendumist<\/li>\n<\/ul>\n","protected":false},"featured_media":85067,"comment_status":"open","ping_status":"closed","template":"","meta":[],"product_brand":[],"product_cat":[1357,523,533,2043],"product_tag":[5419,3039,5420],"giftcard-category":[],"class_list":{"0":"post-85070","1":"product","2":"type-product","3":"status-publish","4":"has-post-thumbnail","6":"product_cat-cellucor-en","7":"product_cat-drinks-shots","8":"product_cat-pre-workout-en","9":"product_cat-sugar-free-energy-drinks-en","10":"product_tag-c4-smart-energy-en","11":"product_tag-cellucor-en","12":"product_tag-smart-energy-en","13":"pa_kogus-330ml-en","14":"pa_maitse-arbuus-en","15":"pa_maitse-mango-en","16":"pa_maitse-red-berry","17":"pa_toidulisand-branddd-cellucor","18":"pa_tootegruppp-drinksshots","19":"pa_tootegruppp-pre-workout","20":"pa_tootegruppp-suhkruvabad-energiajoogid-en","22":"first","23":"instock","24":"sale","25":"taxable","26":"shipping-taxable","27":"purchasable","28":"product-type-variable"},"yoast_head":"<!-- This site is optimized with the Yoast SEO plugin v27.3 - https:\/\/yoast.com\/product\/yoast-seo-wordpress\/ -->\n<title>C4 Smart Energy (330ml) - Maitsev Energiajook - Parim Hind - Fit360<\/title>\n<meta name=\"description\" content=\"C4 Smart Energy \u00ae\u00a0pakub looduslikku energiat kolmes maitsvas maitses, et saaksite oma j\u00e4rgmiseks suureks hetkeks keskenduda, alates igap\u00e4evastest rutiinid..\" \/>\n<meta name=\"robots\" content=\"index, follow, max-snippet:-1, max-image-preview:large, max-video-preview:-1\" \/>\n<link rel=\"canonical\" href=\"https:\/\/fit360.ee\/en\/pood\/product-groups\/drinks-shots\/c4-smart-energy-330ml\/\" \/>\n<meta property=\"og:locale\" content=\"en_US\" \/>\n<meta property=\"og:type\" content=\"article\" \/>\n<meta property=\"og:title\" content=\"C4 Smart Energy (330ml) - Maitsev Energiajook - Parim Hind - Fit360\" \/>\n<meta property=\"og:description\" content=\"C4 Smart Energy \u00ae\u00a0pakub looduslikku energiat kolmes maitsvas maitses, et saaksite oma j\u00e4rgmiseks suureks hetkeks keskenduda, alates igap\u00e4evastest rutiinid..\" \/>\n<meta property=\"og:url\" content=\"https:\/\/fit360.ee\/en\/pood\/product-groups\/drinks-shots\/c4-smart-energy-330ml\/\" \/>\n<meta property=\"og:site_name\" content=\"Fit360\" \/>\n<meta property=\"article:modified_time\" content=\"2025-08-26T11:41:04+00:00\" \/>\n<meta property=\"og:image\" content=\"https:\/\/fit360.ee\/wp-content\/uploads\/2024\/12\/c4-smart-energy-fit360.ee_.jpg\" \/>\n\t<meta property=\"og:image:width\" content=\"800\" \/>\n\t<meta property=\"og:image:height\" content=\"800\" \/>\n\t<meta property=\"og:image:type\" content=\"image\/jpeg\" \/>\n<meta name=\"twitter:card\" content=\"summary_large_image\" \/>\n<meta name=\"twitter:label1\" content=\"Est. reading time\" \/>\n\t<meta name=\"twitter:data1\" content=\"3 minutes\" \/>\n<script type=\"application\/ld+json\" class=\"yoast-schema-graph\">{\"@context\":\"https:\\\/\\\/schema.org\",\"@graph\":[{\"@type\":\"WebPage\",\"@id\":\"https:\\\/\\\/fit360.ee\\\/en\\\/pood\\\/product-groups\\\/drinks-shots\\\/c4-smart-energy-330ml\\\/\",\"url\":\"https:\\\/\\\/fit360.ee\\\/en\\\/pood\\\/product-groups\\\/drinks-shots\\\/c4-smart-energy-330ml\\\/\",\"name\":\"C4 Smart Energy (330ml) - Maitsev Energiajook - Parim Hind - Fit360\",\"isPartOf\":{\"@id\":\"https:\\\/\\\/fit360.ee\\\/en\\\/#website\"},\"primaryImageOfPage\":{\"@id\":\"https:\\\/\\\/fit360.ee\\\/en\\\/pood\\\/product-groups\\\/drinks-shots\\\/c4-smart-energy-330ml\\\/#primaryimage\"},\"image\":{\"@id\":\"https:\\\/\\\/fit360.ee\\\/en\\\/pood\\\/product-groups\\\/drinks-shots\\\/c4-smart-energy-330ml\\\/#primaryimage\"},\"thumbnailUrl\":\"https:\\\/\\\/fit360.ee\\\/wp-content\\\/uploads\\\/2024\\\/12\\\/c4-smart-energy-fit360.ee_.jpg\",\"datePublished\":\"2024-12-12T13:34:38+00:00\",\"dateModified\":\"2025-08-26T11:41:04+00:00\",\"description\":\"C4 Smart Energy \u00ae\u00a0pakub looduslikku energiat kolmes maitsvas maitses, et saaksite oma j\u00e4rgmiseks suureks hetkeks keskenduda, alates igap\u00e4evastest rutiinid..\",\"breadcrumb\":{\"@id\":\"https:\\\/\\\/fit360.ee\\\/en\\\/pood\\\/product-groups\\\/drinks-shots\\\/c4-smart-energy-330ml\\\/#breadcrumb\"},\"inLanguage\":\"en-US\",\"potentialAction\":[{\"@type\":\"ReadAction\",\"target\":[\"https:\\\/\\\/fit360.ee\\\/en\\\/pood\\\/product-groups\\\/drinks-shots\\\/c4-smart-energy-330ml\\\/\"]}]},{\"@type\":\"ImageObject\",\"inLanguage\":\"en-US\",\"@id\":\"https:\\\/\\\/fit360.ee\\\/en\\\/pood\\\/product-groups\\\/drinks-shots\\\/c4-smart-energy-330ml\\\/#primaryimage\",\"url\":\"https:\\\/\\\/fit360.ee\\\/wp-content\\\/uploads\\\/2024\\\/12\\\/c4-smart-energy-fit360.ee_.jpg\",\"contentUrl\":\"https:\\\/\\\/fit360.ee\\\/wp-content\\\/uploads\\\/2024\\\/12\\\/c4-smart-energy-fit360.ee_.jpg\",\"width\":800,\"height\":800,\"caption\":\"c4 smart energy - fit360.ee\"},{\"@type\":\"BreadcrumbList\",\"@id\":\"https:\\\/\\\/fit360.ee\\\/en\\\/pood\\\/product-groups\\\/drinks-shots\\\/c4-smart-energy-330ml\\\/#breadcrumb\",\"itemListElement\":[{\"@type\":\"ListItem\",\"position\":1,\"name\":\"Home\",\"item\":\"https:\\\/\\\/fit360.ee\\\/en\\\/\"},{\"@type\":\"ListItem\",\"position\":2,\"name\":\"Shop\",\"item\":\"https:\\\/\\\/fit360.ee\\\/en\\\/shop\\\/\"},{\"@type\":\"ListItem\",\"position\":3,\"name\":\"C4 Smart Energy (330ml)\"}]},{\"@type\":\"WebSite\",\"@id\":\"https:\\\/\\\/fit360.ee\\\/en\\\/#website\",\"url\":\"https:\\\/\\\/fit360.ee\\\/en\\\/\",\"name\":\"Fit360\",\"description\":\"\",\"publisher\":{\"@id\":\"https:\\\/\\\/fit360.ee\\\/en\\\/#organization\"},\"potentialAction\":[{\"@type\":\"SearchAction\",\"target\":{\"@type\":\"EntryPoint\",\"urlTemplate\":\"https:\\\/\\\/fit360.ee\\\/en\\\/?s={search_term_string}\"},\"query-input\":{\"@type\":\"PropertyValueSpecification\",\"valueRequired\":true,\"valueName\":\"search_term_string\"}}],\"inLanguage\":\"en-US\"},{\"@type\":\"Organization\",\"@id\":\"https:\\\/\\\/fit360.ee\\\/en\\\/#organization\",\"name\":\"Fit360\",\"url\":\"https:\\\/\\\/fit360.ee\\\/en\\\/\",\"logo\":{\"@type\":\"ImageObject\",\"inLanguage\":\"en-US\",\"@id\":\"https:\\\/\\\/fit360.ee\\\/en\\\/#\\\/schema\\\/logo\\\/image\\\/\",\"url\":\"https:\\\/\\\/fit360.ee\\\/wp-content\\\/uploads\\\/2017\\\/01\\\/logo-fit360.png\",\"contentUrl\":\"https:\\\/\\\/fit360.ee\\\/wp-content\\\/uploads\\\/2017\\\/01\\\/logo-fit360.png\",\"width\":180,\"height\":66,\"caption\":\"Fit360\"},\"image\":{\"@id\":\"https:\\\/\\\/fit360.ee\\\/en\\\/#\\\/schema\\\/logo\\\/image\\\/\"}}]}<\/script>\n<!-- \/ Yoast SEO plugin. -->","yoast_head_json":{"title":"C4 Smart Energy (330ml) - Maitsev Energiajook - Parim Hind - Fit360","description":"C4 Smart Energy \u00ae\u00a0pakub looduslikku energiat kolmes maitsvas maitses, et saaksite oma j\u00e4rgmiseks suureks hetkeks keskenduda, alates igap\u00e4evastest rutiinid..","robots":{"index":"index","follow":"follow","max-snippet":"max-snippet:-1","max-image-preview":"max-image-preview:large","max-video-preview":"max-video-preview:-1"},"canonical":"https:\/\/fit360.ee\/en\/pood\/product-groups\/drinks-shots\/c4-smart-energy-330ml\/","og_locale":"en_US","og_type":"article","og_title":"C4 Smart Energy (330ml) - Maitsev Energiajook - Parim Hind - Fit360","og_description":"C4 Smart Energy \u00ae\u00a0pakub looduslikku energiat kolmes maitsvas maitses, et saaksite oma j\u00e4rgmiseks suureks hetkeks keskenduda, alates igap\u00e4evastest rutiinid..","og_url":"https:\/\/fit360.ee\/en\/pood\/product-groups\/drinks-shots\/c4-smart-energy-330ml\/","og_site_name":"Fit360","article_modified_time":"2025-08-26T11:41:04+00:00","og_image":[{"width":800,"height":800,"url":"https:\/\/fit360.ee\/wp-content\/uploads\/2024\/12\/c4-smart-energy-fit360.ee_.jpg","type":"image\/jpeg"}],"twitter_card":"summary_large_image","twitter_misc":{"Est. reading time":"3 minutes"},"schema":{"@context":"https:\/\/schema.org","@graph":[{"@type":"WebPage","@id":"https:\/\/fit360.ee\/en\/pood\/product-groups\/drinks-shots\/c4-smart-energy-330ml\/","url":"https:\/\/fit360.ee\/en\/pood\/product-groups\/drinks-shots\/c4-smart-energy-330ml\/","name":"C4 Smart Energy (330ml) - Maitsev Energiajook - Parim Hind - Fit360","isPartOf":{"@id":"https:\/\/fit360.ee\/en\/#website"},"primaryImageOfPage":{"@id":"https:\/\/fit360.ee\/en\/pood\/product-groups\/drinks-shots\/c4-smart-energy-330ml\/#primaryimage"},"image":{"@id":"https:\/\/fit360.ee\/en\/pood\/product-groups\/drinks-shots\/c4-smart-energy-330ml\/#primaryimage"},"thumbnailUrl":"https:\/\/fit360.ee\/wp-content\/uploads\/2024\/12\/c4-smart-energy-fit360.ee_.jpg","datePublished":"2024-12-12T13:34:38+00:00","dateModified":"2025-08-26T11:41:04+00:00","description":"C4 Smart Energy \u00ae\u00a0pakub looduslikku energiat kolmes maitsvas maitses, et saaksite oma j\u00e4rgmiseks suureks hetkeks keskenduda, alates igap\u00e4evastest rutiinid..","breadcrumb":{"@id":"https:\/\/fit360.ee\/en\/pood\/product-groups\/drinks-shots\/c4-smart-energy-330ml\/#breadcrumb"},"inLanguage":"en-US","potentialAction":[{"@type":"ReadAction","target":["https:\/\/fit360.ee\/en\/pood\/product-groups\/drinks-shots\/c4-smart-energy-330ml\/"]}]},{"@type":"ImageObject","inLanguage":"en-US","@id":"https:\/\/fit360.ee\/en\/pood\/product-groups\/drinks-shots\/c4-smart-energy-330ml\/#primaryimage","url":"https:\/\/fit360.ee\/wp-content\/uploads\/2024\/12\/c4-smart-energy-fit360.ee_.jpg","contentUrl":"https:\/\/fit360.ee\/wp-content\/uploads\/2024\/12\/c4-smart-energy-fit360.ee_.jpg","width":800,"height":800,"caption":"c4 smart energy - fit360.ee"},{"@type":"BreadcrumbList","@id":"https:\/\/fit360.ee\/en\/pood\/product-groups\/drinks-shots\/c4-smart-energy-330ml\/#breadcrumb","itemListElement":[{"@type":"ListItem","position":1,"name":"Home","item":"https:\/\/fit360.ee\/en\/"},{"@type":"ListItem","position":2,"name":"Shop","item":"https:\/\/fit360.ee\/en\/shop\/"},{"@type":"ListItem","position":3,"name":"C4 Smart Energy (330ml)"}]},{"@type":"WebSite","@id":"https:\/\/fit360.ee\/en\/#website","url":"https:\/\/fit360.ee\/en\/","name":"Fit360","description":"","publisher":{"@id":"https:\/\/fit360.ee\/en\/#organization"},"potentialAction":[{"@type":"SearchAction","target":{"@type":"EntryPoint","urlTemplate":"https:\/\/fit360.ee\/en\/?s={search_term_string}"},"query-input":{"@type":"PropertyValueSpecification","valueRequired":true,"valueName":"search_term_string"}}],"inLanguage":"en-US"},{"@type":"Organization","@id":"https:\/\/fit360.ee\/en\/#organization","name":"Fit360","url":"https:\/\/fit360.ee\/en\/","logo":{"@type":"ImageObject","inLanguage":"en-US","@id":"https:\/\/fit360.ee\/en\/#\/schema\/logo\/image\/","url":"https:\/\/fit360.ee\/wp-content\/uploads\/2017\/01\/logo-fit360.png","contentUrl":"https:\/\/fit360.ee\/wp-content\/uploads\/2017\/01\/logo-fit360.png","width":180,"height":66,"caption":"Fit360"},"image":{"@id":"https:\/\/fit360.ee\/en\/#\/schema\/logo\/image\/"}}]}},"_links":{"self":[{"href":"https:\/\/fit360.ee\/en\/wp-json\/wp\/v2\/product\/85070","targetHints":{"allow":["GET"]}}],"collection":[{"href":"https:\/\/fit360.ee\/en\/wp-json\/wp\/v2\/product"}],"about":[{"href":"https:\/\/fit360.ee\/en\/wp-json\/wp\/v2\/types\/product"}],"replies":[{"embeddable":true,"href":"https:\/\/fit360.ee\/en\/wp-json\/wp\/v2\/comments?post=85070"}],"wp:featuredmedia":[{"embeddable":true,"href":"https:\/\/fit360.ee\/en\/wp-json\/wp\/v2\/media\/85067"}],"wp:attachment":[{"href":"https:\/\/fit360.ee\/en\/wp-json\/wp\/v2\/media?parent=85070"}],"wp:term":[{"taxonomy":"product_brand","embeddable":true,"href":"https:\/\/fit360.ee\/en\/wp-json\/wp\/v2\/product_brand?post=85070"},{"taxonomy":"product_cat","embeddable":true,"href":"https:\/\/fit360.ee\/en\/wp-json\/wp\/v2\/product_cat?post=85070"},{"taxonomy":"product_tag","embeddable":true,"href":"https:\/\/fit360.ee\/en\/wp-json\/wp\/v2\/product_tag?post=85070"},{"taxonomy":"giftcard-category","embeddable":true,"href":"https:\/\/fit360.ee\/en\/wp-json\/wp\/v2\/giftcard-category?post=85070"}],"curies":[{"name":"wp","href":"https:\/\/api.w.org\/{rel}","templated":true}]}}