{"id":85112,"date":"2024-12-13T18:19:37","date_gmt":"2024-12-13T16:19:37","guid":{"rendered":"https:\/\/fit360.ee\/pood\/uncategorized\/instant-oats-800g\/"},"modified":"2026-04-10T15:13:05","modified_gmt":"2026-04-10T13:13:05","slug":"instant-oats-800g","status":"publish","type":"product","link":"https:\/\/fit360.ee\/en\/pood\/product-groups\/superfoods-health-foods-en\/fiber-en\/instant-oats-800g\/","title":{"rendered":"Instant Oats (800g)"},"content":{"rendered":"<h2><strong>Instant Oats<\/strong><\/h2>\n<p>OstroVit Instant Oats on toitev kaerahelbed, milles on palju s\u00fcsivesikuid ja kiudaineid. Tegemist on suhkrulisandita tootega, mis on saadaval kahe maitsega \u2013 suussulav \u0161okolaad ja magus maasikas. See on segu, mis on lihtne, maitsev ja v\u00e4\u00e4rtuslik eine ning sobib suurep\u00e4raselt inimestele, kes soovivad oma igap\u00e4evast toitumist tervislike toodetega t\u00e4iendada.<\/p>\n<ul class=\"cm__list\">\n<li><strong>S\u00fcsivesikute allikas<\/strong> \u2013 \u00fcks portsjon toodet sisaldab kvaliteet kaerajahu 30g ulatuses<\/li>\n<li><strong>Kiudainete allikas<\/strong><\/li>\n<li><strong>Ei ole lisatud suhkrut<\/strong> \u2013 segu sisaldab madala energiasisaldusega magusainet sukraloosi, mis on Teile kaalus\u00f5bralikum<\/li>\n<li><strong>Erinevad maitsed<\/strong>\u00a0\u2013 suussulav \u0161okolaad v\u00f5i magus maasikas? Iga\u00fcks leiab oma individuaalsetele eelistustele vastava toote.<\/li>\n<li><strong>1 portsjon = 4 kulbit\u00e4it = 50 g.<\/strong><\/li>\n<li><strong>T\u00f5husus<\/strong>\u00a0\u2013 tootepakendis on 16 portsjonit kaerahelbeid.<\/li>\n<li><strong>Mugav vorm ja lihtne manustamine<\/strong>\u00a0\u2013 toitev eine \u00fche silmapilguga? Absoluutselt! Lihtsalt lisage osa segust piimale v\u00f5i veele ja j\u00e4tke viieks minutiks, et nautida maitsvat ja toitvat rooga.<\/li>\n<\/ul>\n<h4 class=\"cm__heading\"><strong>OstroVit Instant Oats \u2013 toitev kaerahelbed p\u00e4eva heaks alguseks<\/strong><\/h4>\n<p><strong>S\u00fcsivesikud<\/strong>\u00a0, mida nimetatakse ka suhkruteks v\u00f5i sahhariidideks, on r\u00fchm orgaanilisi keemilisi \u00fchendeid, mida leidub nii loomses kui ka taimses toidus. See on \u00fcks peamisi makrotoitaineid, mis on vajalikud inimkeha n\u00f5uetekohaseks toimimiseks, mis muu hulgas: on kehas peamine energiaallikas.<\/p>\n<p><a href=\"https:\/\/fit360.ee\/en\/product-category\/product-groups\/superfoods-health-foods-en\/fiber-en\/\"><strong>Kiudained<\/strong><\/a>\u00a0, mida nimetatakse ka kiudaineteks, on pol\u00fcsahhariidide ja mittepol\u00fcsahhariidsete taimse p\u00e4ritoluga ainete segu. Need on \u00fchendid, mis inimese seedetraktis ei seedu ega imendu, mist\u00f5ttu neid sageli nimetatakse j\u00e4\u00e4kaineteks. Maailma Terviseorganisatsioon (WHO) soovitab iga p\u00e4ev koos dieediga varustada keha v\u00e4hemalt 25 g kiudaineid. Kuidas tagada v\u00e4\u00e4rtusliku koostisosa piisav varu? Hea lahendus v\u00f5ib olla p\u00e4eva alustamine toitva OstroVit Instant Oats pudruga!<\/p>\n<p><strong>OstroVit Instant Oats<\/strong>\u00a0on toode, mis on loodud inimestele, kes hoolivad tervislikust ja maitsvast toidust. See on segu, mis maitseb suurep\u00e4raselt v\u00e4rskete puuviljade v\u00f5i kr\u00f5mpsuvate p\u00e4hklitega. See on ideaalne pakkumine nii f\u00fc\u00fcsiliselt aktiivsetele inimestele kui ka neile, kes vaatamata oma intensiivsele elustiilile soovivad j\u00e4rgida tervislikku ja v\u00e4\u00e4rtuslike toitaineterikast toitumist.<\/p>\n<h4 class=\"cm__heading\"><strong>OstroVit Instant Oatsis sisalduvate koostisosade omadused<\/strong><\/h4>\n<p><strong><a href=\"https:\/\/fit360.ee\/en\/product-category\/product-groups\/energy-carbohydrates\/\" target=\"_blank\" rel=\"noopener\">S\u00fcsivesikud<\/a><\/strong>\u00a0aitavad s\u00e4ilitada korralikku ajutegevust ning kasulik m\u00f5ju avaldub 130 g s\u00fcsivesikute tarbimisel p\u00e4evas k\u00f5ikidest allikatest.<\/p>\n<p><strong>Koostisosad<\/strong>: Kaerajahu\u00a0(sisaldab\u00a0<strong>gluteeni<\/strong>\u00a0), aroom, sool, magusaine: sukraloos\u00a0<strong>.<\/strong><\/p>\n<p>Toode v\u00f5ib sisaldada piima (sh laktoosi), soja, maap\u00e4hkleid, muid p\u00e4hkleid, seesamiseemneid, mune, v\u00e4hilaadseid, kala.<\/p>\n<p>Sisaldab magusainet. K\u00f5rge kiudainesisaldus. Sisaldab looduslikult esinevaid suhkruid.<\/p>\n<p><strong>Kasutamine<\/strong>: Sega 50 g toote portsjonit (4 lusikat\u00e4it) 200 ml kuuma vee v\u00f5i piimaga. J\u00e4tke 5 minutiks ja seej\u00e4rel tarbige. \u00c4rge tarbige, kui olete m\u00f5ne toote koostisosa suhtes allergiline. Hoida temperatuuril 15-25\u00b0C, suletud anumas, kuivas kohas. Kaitsta otsese p\u00e4ikesevalguse eest.<\/p>\n<p><strong>Suurus<\/strong>: 800g<\/p>\n<section class=\"projector__description--nutritional row\" data-selector=\".--nutritional\">\n<div class=\"col-12 col-md-10 col-lg-8\">\n<div class=\"--nutrit\">\n<div class=\"nutrition_table_wrapper\">\n<div class=\"table_wrapper\">\n<table>\n<tbody>\n<tr>\n<th>Toitev\u00e4\u00e4rtus<\/th>\n<th>Portsjoni kohta (50g)<\/th>\n<th>100 g kohta<\/th>\n<\/tr>\n<tr>\n<td>Energeetiline v\u00e4\u00e4rtus<\/td>\n<td>776 kJ \/ 184 kcal<\/td>\n<td>1552 kJ \/ 368 kcal<\/td>\n<\/tr>\n<tr>\n<td>Rasv:<\/td>\n<td>3,7 g<\/td>\n<td>7,3 g<\/td>\n<\/tr>\n<tr class=\"sub\">\n<td>&#8211; sealhulgas k\u00fcllastunud rasvhapped<\/td>\n<td>0,7 g<\/td>\n<td>1,4 g<\/td>\n<\/tr>\n<tr>\n<td>S\u00fcsivesikud:<\/td>\n<td>30 g<\/td>\n<td>60 g<\/td>\n<\/tr>\n<tr class=\"sub\">\n<td>&#8211; sealhulgas suhkrud<\/td>\n<td>0,5 g<\/td>\n<td>0,9 g<\/td>\n<\/tr>\n<tr>\n<td>Kiudained<\/td>\n<td>3,6 g<\/td>\n<td>7,2 g<\/td>\n<\/tr>\n<tr>\n<td>Valgud<\/td>\n<td>6 g<\/td>\n<td>12 g<\/td>\n<\/tr>\n<tr>\n<td>soola<\/td>\n<td>0,06 g<\/td>\n<td>0,11 g<\/td>\n<\/tr>\n<\/tbody>\n<\/table>\n<p>Vaata ka meie teisi Superotite <a href=\"https:\/\/fit360.ee\/en\/product-category\/product-groups\/superfoods-health-foods-en\/\"><strong>SIIT<\/strong><\/a> v\u00f5i k\u00f5rge Kiudaine sisaldusega tooteid <a href=\"https:\/\/fit360.ee\/en\/product-category\/product-groups\/superfoods-health-foods-en\/fiber-en\/\"><strong>SIIT<\/strong><\/a>!<\/p>\n<p>Soovid kaupa osta suuremas koguses? Vaata antud toodet ka meie HULGI poest\u00a0<a href=\"https:\/\/toidulisandidhulgi.ee\/tooted\/instant-oats-800g\/\"><strong>SIIT<\/strong><\/a>!<\/p>\n<\/div>\n<\/div>\n<\/div>\n<\/div>\n<\/section>\n","protected":false},"excerpt":{"rendered":"<ul class=\"cm__list\">\n<li><strong>S\u00fcsivesikute allikas<\/strong> \u2013 \u00fcks portsjon toodet sisaldab kvaliteet kaerajahu 30g ulatuses<\/li>\n<li><strong>Kiudainete allikas<\/strong><\/li>\n<li><strong>Ei ole lisatud suhkrut<\/strong> \u2013 segu sisaldab madala energiasisaldusega magusainet sukraloosi, mis on Teile kaalus\u00f5bralikum<\/li>\n<li><strong>Erinevad maitsed<\/strong>\u00a0\u2013 suussulav \u0161okolaad v\u00f5i magus maasikas? Iga\u00fcks leiab oma individuaalsetele eelistustele vastava toote.<\/li>\n<\/ul>\n","protected":false},"featured_media":85111,"comment_status":"open","ping_status":"closed","template":"","meta":[],"product_brand":[],"product_cat":[2351,1329,534,535,1454],"product_tag":[5403,5404,5405,1924],"giftcard-category":[],"class_list":{"0":"post-85112","1":"product","2":"type-product","3":"status-publish","4":"has-post-thumbnail","6":"product_cat-fiber-en","7":"product_cat-ostrovit-en","8":"product_cat-protein-bars-and-snacks","9":"product_cat-protein-poweders-en","10":"product_cat-superfoods-health-foods-en","11":"product_tag-instant-oats-en","12":"product_tag-kiirpuder-en","13":"product_tag-oats-en","14":"product_tag-ostrovit-en","15":"pa_kogus-800g-en","16":"pa_maitse-chocolate","17":"pa_maitse-strawberry","18":"pa_toidulisand-branddd-ostrovit","19":"pa_tootegruppp-kiudained-en","20":"pa_tootegruppp-protein","21":"pa_tootegruppp-snacks","22":"pa_tootegruppp-supertoit-tervisetoit-en","24":"first","25":"instock","26":"sale","27":"taxable","28":"shipping-taxable","29":"purchasable","30":"product-type-variable"},"yoast_head":"<!-- This site is optimized with the Yoast SEO plugin v27.3 - https:\/\/yoast.com\/product\/yoast-seo-wordpress\/ -->\n<title>Instant Oats (800g) - Tervislik Vahepala - Parim Hind - Kiire Tarne - Fit360<\/title>\n<meta name=\"description\" content=\"OstroVit Instant Oats on toitvad kaerahelbed, milles on palju s\u00fcsivesikuid ja kiudaineid. Tegemist on suhkrulisandita tootega, mis on saadaval kahes eri...\" \/>\n<meta name=\"robots\" content=\"index, follow, max-snippet:-1, max-image-preview:large, max-video-preview:-1\" \/>\n<link rel=\"canonical\" href=\"https:\/\/fit360.ee\/en\/pood\/product-groups\/superfoods-health-foods-en\/fiber-en\/instant-oats-800g\/\" \/>\n<meta property=\"og:locale\" content=\"en_US\" \/>\n<meta property=\"og:type\" content=\"article\" \/>\n<meta property=\"og:title\" content=\"Instant Oats (800g) - Tervislik Vahepala - Parim Hind - Kiire Tarne - Fit360\" \/>\n<meta property=\"og:description\" content=\"OstroVit Instant Oats on toitvad kaerahelbed, milles on palju s\u00fcsivesikuid ja kiudaineid. Tegemist on suhkrulisandita tootega, mis on saadaval kahes eri...\" \/>\n<meta property=\"og:url\" content=\"https:\/\/fit360.ee\/en\/pood\/product-groups\/superfoods-health-foods-en\/fiber-en\/instant-oats-800g\/\" \/>\n<meta property=\"og:site_name\" content=\"Fit360\" \/>\n<meta property=\"article:modified_time\" content=\"2026-04-10T13:13:05+00:00\" \/>\n<meta property=\"og:image\" content=\"https:\/\/fit360.ee\/wp-content\/uploads\/2024\/12\/instant-oats-fit360.ee-1.png\" \/>\n\t<meta property=\"og:image:width\" content=\"450\" \/>\n\t<meta property=\"og:image:height\" content=\"450\" \/>\n\t<meta property=\"og:image:type\" content=\"image\/png\" \/>\n<meta name=\"twitter:card\" content=\"summary_large_image\" \/>\n<meta name=\"twitter:label1\" content=\"Est. reading time\" \/>\n\t<meta name=\"twitter:data1\" content=\"3 minutes\" \/>\n<script type=\"application\/ld+json\" class=\"yoast-schema-graph\">{\"@context\":\"https:\\\/\\\/schema.org\",\"@graph\":[{\"@type\":\"WebPage\",\"@id\":\"https:\\\/\\\/fit360.ee\\\/en\\\/pood\\\/product-groups\\\/superfoods-health-foods-en\\\/fiber-en\\\/instant-oats-800g\\\/\",\"url\":\"https:\\\/\\\/fit360.ee\\\/en\\\/pood\\\/product-groups\\\/superfoods-health-foods-en\\\/fiber-en\\\/instant-oats-800g\\\/\",\"name\":\"Instant Oats (800g) - Tervislik Vahepala - Parim Hind - Kiire Tarne - Fit360\",\"isPartOf\":{\"@id\":\"https:\\\/\\\/fit360.ee\\\/en\\\/#website\"},\"primaryImageOfPage\":{\"@id\":\"https:\\\/\\\/fit360.ee\\\/en\\\/pood\\\/product-groups\\\/superfoods-health-foods-en\\\/fiber-en\\\/instant-oats-800g\\\/#primaryimage\"},\"image\":{\"@id\":\"https:\\\/\\\/fit360.ee\\\/en\\\/pood\\\/product-groups\\\/superfoods-health-foods-en\\\/fiber-en\\\/instant-oats-800g\\\/#primaryimage\"},\"thumbnailUrl\":\"https:\\\/\\\/fit360.ee\\\/wp-content\\\/uploads\\\/2024\\\/12\\\/instant-oats-fit360.ee-1.png\",\"datePublished\":\"2024-12-13T16:19:37+00:00\",\"dateModified\":\"2026-04-10T13:13:05+00:00\",\"description\":\"OstroVit Instant Oats on toitvad kaerahelbed, milles on palju s\u00fcsivesikuid ja kiudaineid. Tegemist on suhkrulisandita tootega, mis on saadaval kahes eri...\",\"breadcrumb\":{\"@id\":\"https:\\\/\\\/fit360.ee\\\/en\\\/pood\\\/product-groups\\\/superfoods-health-foods-en\\\/fiber-en\\\/instant-oats-800g\\\/#breadcrumb\"},\"inLanguage\":\"en-US\",\"potentialAction\":[{\"@type\":\"ReadAction\",\"target\":[\"https:\\\/\\\/fit360.ee\\\/en\\\/pood\\\/product-groups\\\/superfoods-health-foods-en\\\/fiber-en\\\/instant-oats-800g\\\/\"]}]},{\"@type\":\"ImageObject\",\"inLanguage\":\"en-US\",\"@id\":\"https:\\\/\\\/fit360.ee\\\/en\\\/pood\\\/product-groups\\\/superfoods-health-foods-en\\\/fiber-en\\\/instant-oats-800g\\\/#primaryimage\",\"url\":\"https:\\\/\\\/fit360.ee\\\/wp-content\\\/uploads\\\/2024\\\/12\\\/instant-oats-fit360.ee-1.png\",\"contentUrl\":\"https:\\\/\\\/fit360.ee\\\/wp-content\\\/uploads\\\/2024\\\/12\\\/instant-oats-fit360.ee-1.png\",\"width\":450,\"height\":450,\"caption\":\"instant oats ostrovit - fit360.ee\"},{\"@type\":\"BreadcrumbList\",\"@id\":\"https:\\\/\\\/fit360.ee\\\/en\\\/pood\\\/product-groups\\\/superfoods-health-foods-en\\\/fiber-en\\\/instant-oats-800g\\\/#breadcrumb\",\"itemListElement\":[{\"@type\":\"ListItem\",\"position\":1,\"name\":\"Home\",\"item\":\"https:\\\/\\\/fit360.ee\\\/en\\\/\"},{\"@type\":\"ListItem\",\"position\":2,\"name\":\"Shop\",\"item\":\"https:\\\/\\\/fit360.ee\\\/en\\\/shop\\\/\"},{\"@type\":\"ListItem\",\"position\":3,\"name\":\"Instant Oats (800g)\"}]},{\"@type\":\"WebSite\",\"@id\":\"https:\\\/\\\/fit360.ee\\\/en\\\/#website\",\"url\":\"https:\\\/\\\/fit360.ee\\\/en\\\/\",\"name\":\"Fit360\",\"description\":\"\",\"publisher\":{\"@id\":\"https:\\\/\\\/fit360.ee\\\/en\\\/#organization\"},\"potentialAction\":[{\"@type\":\"SearchAction\",\"target\":{\"@type\":\"EntryPoint\",\"urlTemplate\":\"https:\\\/\\\/fit360.ee\\\/en\\\/?s={search_term_string}\"},\"query-input\":{\"@type\":\"PropertyValueSpecification\",\"valueRequired\":true,\"valueName\":\"search_term_string\"}}],\"inLanguage\":\"en-US\"},{\"@type\":\"Organization\",\"@id\":\"https:\\\/\\\/fit360.ee\\\/en\\\/#organization\",\"name\":\"Fit360\",\"url\":\"https:\\\/\\\/fit360.ee\\\/en\\\/\",\"logo\":{\"@type\":\"ImageObject\",\"inLanguage\":\"en-US\",\"@id\":\"https:\\\/\\\/fit360.ee\\\/en\\\/#\\\/schema\\\/logo\\\/image\\\/\",\"url\":\"https:\\\/\\\/fit360.ee\\\/wp-content\\\/uploads\\\/2017\\\/01\\\/logo-fit360.png\",\"contentUrl\":\"https:\\\/\\\/fit360.ee\\\/wp-content\\\/uploads\\\/2017\\\/01\\\/logo-fit360.png\",\"width\":180,\"height\":66,\"caption\":\"Fit360\"},\"image\":{\"@id\":\"https:\\\/\\\/fit360.ee\\\/en\\\/#\\\/schema\\\/logo\\\/image\\\/\"}}]}<\/script>\n<!-- \/ Yoast SEO plugin. -->","yoast_head_json":{"title":"Instant Oats (800g) - Tervislik Vahepala - Parim Hind - Kiire Tarne - Fit360","description":"OstroVit Instant Oats on toitvad kaerahelbed, milles on palju s\u00fcsivesikuid ja kiudaineid. Tegemist on suhkrulisandita tootega, mis on saadaval kahes eri...","robots":{"index":"index","follow":"follow","max-snippet":"max-snippet:-1","max-image-preview":"max-image-preview:large","max-video-preview":"max-video-preview:-1"},"canonical":"https:\/\/fit360.ee\/en\/pood\/product-groups\/superfoods-health-foods-en\/fiber-en\/instant-oats-800g\/","og_locale":"en_US","og_type":"article","og_title":"Instant Oats (800g) - Tervislik Vahepala - Parim Hind - Kiire Tarne - Fit360","og_description":"OstroVit Instant Oats on toitvad kaerahelbed, milles on palju s\u00fcsivesikuid ja kiudaineid. Tegemist on suhkrulisandita tootega, mis on saadaval kahes eri...","og_url":"https:\/\/fit360.ee\/en\/pood\/product-groups\/superfoods-health-foods-en\/fiber-en\/instant-oats-800g\/","og_site_name":"Fit360","article_modified_time":"2026-04-10T13:13:05+00:00","og_image":[{"width":450,"height":450,"url":"https:\/\/fit360.ee\/wp-content\/uploads\/2024\/12\/instant-oats-fit360.ee-1.png","type":"image\/png"}],"twitter_card":"summary_large_image","twitter_misc":{"Est. reading time":"3 minutes"},"schema":{"@context":"https:\/\/schema.org","@graph":[{"@type":"WebPage","@id":"https:\/\/fit360.ee\/en\/pood\/product-groups\/superfoods-health-foods-en\/fiber-en\/instant-oats-800g\/","url":"https:\/\/fit360.ee\/en\/pood\/product-groups\/superfoods-health-foods-en\/fiber-en\/instant-oats-800g\/","name":"Instant Oats (800g) - Tervislik Vahepala - Parim Hind - Kiire Tarne - Fit360","isPartOf":{"@id":"https:\/\/fit360.ee\/en\/#website"},"primaryImageOfPage":{"@id":"https:\/\/fit360.ee\/en\/pood\/product-groups\/superfoods-health-foods-en\/fiber-en\/instant-oats-800g\/#primaryimage"},"image":{"@id":"https:\/\/fit360.ee\/en\/pood\/product-groups\/superfoods-health-foods-en\/fiber-en\/instant-oats-800g\/#primaryimage"},"thumbnailUrl":"https:\/\/fit360.ee\/wp-content\/uploads\/2024\/12\/instant-oats-fit360.ee-1.png","datePublished":"2024-12-13T16:19:37+00:00","dateModified":"2026-04-10T13:13:05+00:00","description":"OstroVit Instant Oats on toitvad kaerahelbed, milles on palju s\u00fcsivesikuid ja kiudaineid. Tegemist on suhkrulisandita tootega, mis on saadaval kahes eri...","breadcrumb":{"@id":"https:\/\/fit360.ee\/en\/pood\/product-groups\/superfoods-health-foods-en\/fiber-en\/instant-oats-800g\/#breadcrumb"},"inLanguage":"en-US","potentialAction":[{"@type":"ReadAction","target":["https:\/\/fit360.ee\/en\/pood\/product-groups\/superfoods-health-foods-en\/fiber-en\/instant-oats-800g\/"]}]},{"@type":"ImageObject","inLanguage":"en-US","@id":"https:\/\/fit360.ee\/en\/pood\/product-groups\/superfoods-health-foods-en\/fiber-en\/instant-oats-800g\/#primaryimage","url":"https:\/\/fit360.ee\/wp-content\/uploads\/2024\/12\/instant-oats-fit360.ee-1.png","contentUrl":"https:\/\/fit360.ee\/wp-content\/uploads\/2024\/12\/instant-oats-fit360.ee-1.png","width":450,"height":450,"caption":"instant oats ostrovit - fit360.ee"},{"@type":"BreadcrumbList","@id":"https:\/\/fit360.ee\/en\/pood\/product-groups\/superfoods-health-foods-en\/fiber-en\/instant-oats-800g\/#breadcrumb","itemListElement":[{"@type":"ListItem","position":1,"name":"Home","item":"https:\/\/fit360.ee\/en\/"},{"@type":"ListItem","position":2,"name":"Shop","item":"https:\/\/fit360.ee\/en\/shop\/"},{"@type":"ListItem","position":3,"name":"Instant Oats (800g)"}]},{"@type":"WebSite","@id":"https:\/\/fit360.ee\/en\/#website","url":"https:\/\/fit360.ee\/en\/","name":"Fit360","description":"","publisher":{"@id":"https:\/\/fit360.ee\/en\/#organization"},"potentialAction":[{"@type":"SearchAction","target":{"@type":"EntryPoint","urlTemplate":"https:\/\/fit360.ee\/en\/?s={search_term_string}"},"query-input":{"@type":"PropertyValueSpecification","valueRequired":true,"valueName":"search_term_string"}}],"inLanguage":"en-US"},{"@type":"Organization","@id":"https:\/\/fit360.ee\/en\/#organization","name":"Fit360","url":"https:\/\/fit360.ee\/en\/","logo":{"@type":"ImageObject","inLanguage":"en-US","@id":"https:\/\/fit360.ee\/en\/#\/schema\/logo\/image\/","url":"https:\/\/fit360.ee\/wp-content\/uploads\/2017\/01\/logo-fit360.png","contentUrl":"https:\/\/fit360.ee\/wp-content\/uploads\/2017\/01\/logo-fit360.png","width":180,"height":66,"caption":"Fit360"},"image":{"@id":"https:\/\/fit360.ee\/en\/#\/schema\/logo\/image\/"}}]}},"_links":{"self":[{"href":"https:\/\/fit360.ee\/en\/wp-json\/wp\/v2\/product\/85112","targetHints":{"allow":["GET"]}}],"collection":[{"href":"https:\/\/fit360.ee\/en\/wp-json\/wp\/v2\/product"}],"about":[{"href":"https:\/\/fit360.ee\/en\/wp-json\/wp\/v2\/types\/product"}],"replies":[{"embeddable":true,"href":"https:\/\/fit360.ee\/en\/wp-json\/wp\/v2\/comments?post=85112"}],"wp:featuredmedia":[{"embeddable":true,"href":"https:\/\/fit360.ee\/en\/wp-json\/wp\/v2\/media\/85111"}],"wp:attachment":[{"href":"https:\/\/fit360.ee\/en\/wp-json\/wp\/v2\/media?parent=85112"}],"wp:term":[{"taxonomy":"product_brand","embeddable":true,"href":"https:\/\/fit360.ee\/en\/wp-json\/wp\/v2\/product_brand?post=85112"},{"taxonomy":"product_cat","embeddable":true,"href":"https:\/\/fit360.ee\/en\/wp-json\/wp\/v2\/product_cat?post=85112"},{"taxonomy":"product_tag","embeddable":true,"href":"https:\/\/fit360.ee\/en\/wp-json\/wp\/v2\/product_tag?post=85112"},{"taxonomy":"giftcard-category","embeddable":true,"href":"https:\/\/fit360.ee\/en\/wp-json\/wp\/v2\/giftcard-category?post=85112"}],"curies":[{"name":"wp","href":"https:\/\/api.w.org\/{rel}","templated":true}]}}