{"id":85131,"date":"2024-12-13T18:19:38","date_gmt":"2024-12-13T16:19:38","guid":{"rendered":"https:\/\/fit360.ee\/pood\/uncategorized\/rhodiola-rosea-vege-120tabs\/"},"modified":"2025-08-13T07:38:38","modified_gmt":"2025-08-13T05:38:38","slug":"rhodiola-rosea-vege-120tabs","status":"publish","type":"product","link":"https:\/\/fit360.ee\/en\/pood\/product-groups\/%d0%b2%d0%b5%d0%b3%d0%b0%d0%bd\/vegan-capsules-en\/rhodiola-rosea-vege-120tabs\/","title":{"rendered":"Rhodiola Rosea vege (120tabs)"},"content":{"rendered":"<h2><strong>Rhodiola Rosea<\/strong><\/h2>\n<p>OstroVit Rhodiola Rosea Vege on kvaliteetne toidulisand, mis sisaldab Rhodiola rosea juure ekstrakti, mis on standarditud 1% salidrosiidideni. Tegemist on kergesti neelatavate tablettidena saadaval oleva veganpreparaadiga, mis on loodud teadlikule tarbijale, kes soovib oma toidule v\u00e4\u00e4rtuslikku t\u00e4iendust.<\/p>\n<section class=\"cm__section\">\n<ul class=\"cm__list\">\n<li><strong>Rhodiola rosea ekstrakti allikas<\/strong> \u2013 \u00fcks toidulisandi portsjon annab kehale 150 mg Rhodiola ekstrakti, mis on standarditud 1% salidrosiidideni.<\/li>\n<li><strong>Sobib taimetoitlastele ja veganitele<\/strong>\u00a0\u2013 toode ei sisalda loomset p\u00e4ritolu koostisosi.<\/li>\n<li><strong>1 portsjon = 1 tablett<\/strong>\u00a0.<\/li>\n<li><strong>Efektiivsus<\/strong>\u00a0\u2013 toote \u00fches pakendis on 120 portsjonit preparaati, millest piisab kahekuuliseks regulaarseks toidulisandiks.<\/li>\n<li><strong>Mugav vorm<\/strong>\u00a0&#8211; preparaat on saadaval kergesti neelatavate tablettidena, tagades toidulisandi t\u00f5rgeteta manustamise.<\/li>\n<\/ul>\n<h4 class=\"cm__heading\"><strong>OstroVit Rhodiola Rosea VEGE \u2013 v\u00e4\u00e4rtuslik toidulisand<\/strong><\/h4>\n<p><strong>Rhodiola rosea juure ekstrakt<\/strong>\u00a0&#8211; <em>Rhodiola Rosea L<\/em>. &#8211; ekstrakt Crassulaceae perekonda kuuluva taime juurtest, mida nimetatakse ka arktiliseks juureks. See on aine, mida on traditsioonilises meditsiinis kasutatud sadu aastaid ja mida peetakse adaptogeeniks. Rhodiola juur on rikas v\u00e4\u00e4rtuslike ainete poolest ning \u00fcheks tootes leiduvaks v\u00f5tme\u00fchendiks on salidrosiidid, mille sisaldus on standarditud OstroVit preparaadis kasutatavas taimeekstraktis , millel on positiivne m\u00f5ju toidulisandi kvaliteedile.<\/p>\n<p><strong>Rhodiola Roseat<\/strong>\u00a0kasutatatkse adaptogeeni ja toniseeriva vahendina lihastele ja n\u00e4rvis\u00fcsteemile. Aitab organismil vastu seista suurte f\u00fc\u00fcsiliste pingutuste tagaj\u00e4rjel tekkivatele vaimsetele pingetele, stressile nii t\u00f6\u00f6l kui spordis. Suurendab organismis energiat, aitab kohaneda raskete v\u00e4liskeskkonna m\u00f5judega.<br \/>\nParandab mentaalseid funktsioone.<\/p>\n<p><strong>Soovitatakse:<\/strong><\/p>\n<ul>\n<li>Suurenenud f\u00fc\u00fcsilise koormuste korral<\/li>\n<li>P\u00e4rast pikaajalist haigust, v\u00e4simust, depressioni<\/li>\n<li>Aitab v\u00e4hendada stressi ja soodustab positiivset meeleolu<\/li>\n<\/ul>\n<\/section>\n<section class=\"cm__section\">\n<div class=\"cm__heading\"><strong>Laboratoorselt kinnitatud kvaliteet<\/strong><\/div>\n<p class=\"cm__text --bold\">Klientide tervise p\u00e4rast muretsedes testitakse meie toodetud tooteid regulaarselt s\u00f5ltumatus akrediteeritud laboris, et tagada ja s\u00e4ilitada k\u00f5rgeim kvaliteet.<\/p>\n<p><strong>Koostisosad<\/strong>: T\u00e4iteaine: mikrokristalne tselluloos; Rhodiola rosea juure ekstrakt (<em>Rhodiola Rosea L<\/em>.) standarditud 1% salidrosiidide, t\u00e4rklise, paakumisvastaste ainete: rasvhapete magneesiumisoolade, r\u00e4nidioksiid.<\/p>\n<p>Valmistatud tehases, kasutades koostisosi, mis on saadud piimast (sh laktoos), sojast, maap\u00e4hklitest, muudest p\u00e4hklitest, seesamiseemnetest, gluteeni sisaldavatest teraviljadest, munadest, koorikloomadest, kalast.<\/p>\n<p><strong>Kasutamine<\/strong>: V\u00f5tke 1 portsjon (1 tablett) p\u00e4evas. Toode on m\u00f5eldud t\u00e4iskasvanutele.<\/p>\n<p>\u00c4rge \u00fcletage soovitatavat \u00f6\u00f6p\u00e4evast kogust. Toidulisandit ei saa kasutada mitmek\u00fclgse toitumise asendajana. Soovitatav on tasakaalustatud toitumine ja tervislik eluviis. \u00c4rge tarbige, kui olete m\u00f5ne toote koostisosa suhtes allergiline. Toodet ei tohi kasutada lapsed, rasedad ja imetavad emad. Hoida v\u00e4ikelastele k\u00e4ttesaamatus kohas.<\/p>\n<p>Hoida temperatuuril 15-25\u00b0C, suletud anumas, kuivas kohas. Kaitsta otsese p\u00e4ikesevalguse eest.<\/p>\n<section class=\"projector__description--nutritional row\" data-selector=\".--nutritional\">\n<div class=\"col-12 col-md-10 col-lg-8\">\n<div class=\"--nutrit\">\n<div class=\"nutrition_table_wrapper\">\n<div class=\"table_wrapper\">\n<table>\n<tbody>\n<tr>\n<th>Aktiivsed koostisained<\/th>\n<th>Portsjoni kohta<\/th>\n<\/tr>\n<tr>\n<td>Rhodiola rosea juure ekstrakt<\/td>\n<td>150 mg<\/td>\n<\/tr>\n<tr class=\"sub\">\n<td>&#8211; sealhulgas salidrosiidid (1%)<\/td>\n<td>1,5 mg<\/td>\n<\/tr>\n<\/tbody>\n<\/table>\n<\/div>\n<p>Vaata ka meie Teisi Rhodiola tooteid <a href=\"https:\/\/fit360.ee\/en\/product-category\/product-groups\/vitamins-and-minerals-en\/rhodiola-rosea-en\/\"><strong>SIIT<\/strong><\/a> v\u00f5i Supertoite <a href=\"https:\/\/fit360.ee\/en\/product-category\/product-groups\/superfoods-health-foods-en\/\"><strong>SIIT<\/strong><\/a>!<\/p>\n<p>Soovid kaupa osta suuremas koguses? Vaata antud toodet ka meie HULGI poest\u00a0<a href=\"https:\/\/toidulisandidhulgi.ee\/tooted\/rhodiola-rosea-vege-120tabs\/\"><strong>SIIT<\/strong><\/a>!<\/p>\n<\/div>\n<\/div>\n<\/div>\n<\/section>\n<\/section>\n","protected":false},"excerpt":{"rendered":"<ul>\n<li>Sobib kasutamiseks suurenenud f\u00fc\u00fcsilise koormsue ajal<\/li>\n<li>Soodustab paremat aju t\u00f6\u00f6d<\/li>\n<li>Aitab v\u00e4hendada stressi ja soodustab positiivset meeleolu<\/li>\n<\/ul>\n","protected":false},"featured_media":85126,"comment_status":"open","ping_status":"closed","template":"","meta":[],"product_brand":[],"product_cat":[2485,5320,1329,2291,1454,2664,1201],"product_tag":[1924,5410],"giftcard-category":[],"class_list":{"0":"post-85131","1":"product","2":"type-product","3":"status-publish","4":"has-post-thumbnail","6":"product_cat-brain-support-nootropics-en","7":"product_cat-for-immunity-en","8":"product_cat-ostrovit-en","9":"product_cat-rhodiola-rosea-en","10":"product_cat-superfoods-health-foods-en","11":"product_cat-vegan-capsules-en","12":"product_cat-1201","13":"product_tag-ostrovit-en","14":"product_tag-rhodiola-rosea-en","15":"pa_kogus-120-tablets","16":"pa_toidulisand-branddd-ostrovit","17":"pa_tootegruppp-aju-tegevus-nootropics-en","18":"pa_tootegruppp-immuunsusteem-en","19":"pa_tootegruppp-rhodiola-rosea-en","20":"pa_tootegruppp-supertoit-tervisetoit-en","21":"pa_tootegruppp-vcaps-vegan-kapslid-en","22":"pa_tootegruppp-vegan-en","24":"first","25":"instock","26":"sale","27":"taxable","28":"shipping-taxable","29":"purchasable","30":"product-type-simple"},"yoast_head":"<!-- This site is optimized with the Yoast SEO plugin v27.3 - https:\/\/yoast.com\/product\/yoast-seo-wordpress\/ -->\n<title>Rhodiola Rosea vege (120tabs) - Roosil\u00f5hnaline kuldjuur - Parim Hind - Fit360<\/title>\n<meta name=\"description\" content=\"Rhodiola Rosea Vege on kvaliteetne toidulisand, mis sisaldab Rhodiola rosea juure ekstrakti, mis on standarditud 1% salidrosiidideni. Tegemist on ker...\" \/>\n<meta name=\"robots\" content=\"index, follow, max-snippet:-1, max-image-preview:large, max-video-preview:-1\" \/>\n<link rel=\"canonical\" href=\"https:\/\/fit360.ee\/en\/pood\/product-groups\/\u0432\u0435\u0433\u0430\u043d\/vegan-capsules-en\/rhodiola-rosea-vege-120tabs\/\" \/>\n<meta property=\"og:locale\" content=\"en_US\" \/>\n<meta property=\"og:type\" content=\"article\" \/>\n<meta property=\"og:title\" content=\"Rhodiola Rosea vege (120tabs) - Roosil\u00f5hnaline kuldjuur - Parim Hind - Fit360\" \/>\n<meta property=\"og:description\" content=\"Rhodiola Rosea Vege on kvaliteetne toidulisand, mis sisaldab Rhodiola rosea juure ekstrakti, mis on standarditud 1% salidrosiidideni. Tegemist on ker...\" \/>\n<meta property=\"og:url\" content=\"https:\/\/fit360.ee\/en\/pood\/product-groups\/\u0432\u0435\u0433\u0430\u043d\/vegan-capsules-en\/rhodiola-rosea-vege-120tabs\/\" \/>\n<meta property=\"og:site_name\" content=\"Fit360\" \/>\n<meta property=\"article:modified_time\" content=\"2025-08-13T05:38:38+00:00\" \/>\n<meta property=\"og:image\" content=\"https:\/\/fit360.ee\/wp-content\/uploads\/2024\/12\/rhodiola-rosea-fit360.ee-1.png\" \/>\n\t<meta property=\"og:image:width\" content=\"450\" \/>\n\t<meta property=\"og:image:height\" content=\"450\" \/>\n\t<meta property=\"og:image:type\" content=\"image\/png\" \/>\n<meta name=\"twitter:card\" content=\"summary_large_image\" \/>\n<meta name=\"twitter:label1\" content=\"Est. reading time\" \/>\n\t<meta name=\"twitter:data1\" content=\"3 minutes\" \/>\n<script type=\"application\/ld+json\" class=\"yoast-schema-graph\">{\"@context\":\"https:\\\/\\\/schema.org\",\"@graph\":[{\"@type\":\"WebPage\",\"@id\":\"https:\\\/\\\/fit360.ee\\\/en\\\/pood\\\/product-groups\\\/%d0%b2%d0%b5%d0%b3%d0%b0%d0%bd\\\/vegan-capsules-en\\\/rhodiola-rosea-vege-120tabs\\\/\",\"url\":\"https:\\\/\\\/fit360.ee\\\/en\\\/pood\\\/product-groups\\\/%d0%b2%d0%b5%d0%b3%d0%b0%d0%bd\\\/vegan-capsules-en\\\/rhodiola-rosea-vege-120tabs\\\/\",\"name\":\"Rhodiola Rosea vege (120tabs) - Roosil\u00f5hnaline kuldjuur - Parim Hind - Fit360\",\"isPartOf\":{\"@id\":\"https:\\\/\\\/fit360.ee\\\/en\\\/#website\"},\"primaryImageOfPage\":{\"@id\":\"https:\\\/\\\/fit360.ee\\\/en\\\/pood\\\/product-groups\\\/%d0%b2%d0%b5%d0%b3%d0%b0%d0%bd\\\/vegan-capsules-en\\\/rhodiola-rosea-vege-120tabs\\\/#primaryimage\"},\"image\":{\"@id\":\"https:\\\/\\\/fit360.ee\\\/en\\\/pood\\\/product-groups\\\/%d0%b2%d0%b5%d0%b3%d0%b0%d0%bd\\\/vegan-capsules-en\\\/rhodiola-rosea-vege-120tabs\\\/#primaryimage\"},\"thumbnailUrl\":\"https:\\\/\\\/fit360.ee\\\/wp-content\\\/uploads\\\/2024\\\/12\\\/rhodiola-rosea-fit360.ee-1.png\",\"datePublished\":\"2024-12-13T16:19:38+00:00\",\"dateModified\":\"2025-08-13T05:38:38+00:00\",\"description\":\"Rhodiola Rosea Vege on kvaliteetne toidulisand, mis sisaldab Rhodiola rosea juure ekstrakti, mis on standarditud 1% salidrosiidideni. Tegemist on ker...\",\"breadcrumb\":{\"@id\":\"https:\\\/\\\/fit360.ee\\\/en\\\/pood\\\/product-groups\\\/%d0%b2%d0%b5%d0%b3%d0%b0%d0%bd\\\/vegan-capsules-en\\\/rhodiola-rosea-vege-120tabs\\\/#breadcrumb\"},\"inLanguage\":\"en-US\",\"potentialAction\":[{\"@type\":\"ReadAction\",\"target\":[\"https:\\\/\\\/fit360.ee\\\/en\\\/pood\\\/product-groups\\\/%d0%b2%d0%b5%d0%b3%d0%b0%d0%bd\\\/vegan-capsules-en\\\/rhodiola-rosea-vege-120tabs\\\/\"]}]},{\"@type\":\"ImageObject\",\"inLanguage\":\"en-US\",\"@id\":\"https:\\\/\\\/fit360.ee\\\/en\\\/pood\\\/product-groups\\\/%d0%b2%d0%b5%d0%b3%d0%b0%d0%bd\\\/vegan-capsules-en\\\/rhodiola-rosea-vege-120tabs\\\/#primaryimage\",\"url\":\"https:\\\/\\\/fit360.ee\\\/wp-content\\\/uploads\\\/2024\\\/12\\\/rhodiola-rosea-fit360.ee-1.png\",\"contentUrl\":\"https:\\\/\\\/fit360.ee\\\/wp-content\\\/uploads\\\/2024\\\/12\\\/rhodiola-rosea-fit360.ee-1.png\",\"width\":450,\"height\":450,\"caption\":\"rhodiola rosea - fit360.ee\"},{\"@type\":\"BreadcrumbList\",\"@id\":\"https:\\\/\\\/fit360.ee\\\/en\\\/pood\\\/product-groups\\\/%d0%b2%d0%b5%d0%b3%d0%b0%d0%bd\\\/vegan-capsules-en\\\/rhodiola-rosea-vege-120tabs\\\/#breadcrumb\",\"itemListElement\":[{\"@type\":\"ListItem\",\"position\":1,\"name\":\"Home\",\"item\":\"https:\\\/\\\/fit360.ee\\\/en\\\/\"},{\"@type\":\"ListItem\",\"position\":2,\"name\":\"Shop\",\"item\":\"https:\\\/\\\/fit360.ee\\\/en\\\/shop\\\/\"},{\"@type\":\"ListItem\",\"position\":3,\"name\":\"Rhodiola Rosea vege (120tabs)\"}]},{\"@type\":\"WebSite\",\"@id\":\"https:\\\/\\\/fit360.ee\\\/en\\\/#website\",\"url\":\"https:\\\/\\\/fit360.ee\\\/en\\\/\",\"name\":\"Fit360\",\"description\":\"\",\"publisher\":{\"@id\":\"https:\\\/\\\/fit360.ee\\\/en\\\/#organization\"},\"potentialAction\":[{\"@type\":\"SearchAction\",\"target\":{\"@type\":\"EntryPoint\",\"urlTemplate\":\"https:\\\/\\\/fit360.ee\\\/en\\\/?s={search_term_string}\"},\"query-input\":{\"@type\":\"PropertyValueSpecification\",\"valueRequired\":true,\"valueName\":\"search_term_string\"}}],\"inLanguage\":\"en-US\"},{\"@type\":\"Organization\",\"@id\":\"https:\\\/\\\/fit360.ee\\\/en\\\/#organization\",\"name\":\"Fit360\",\"url\":\"https:\\\/\\\/fit360.ee\\\/en\\\/\",\"logo\":{\"@type\":\"ImageObject\",\"inLanguage\":\"en-US\",\"@id\":\"https:\\\/\\\/fit360.ee\\\/en\\\/#\\\/schema\\\/logo\\\/image\\\/\",\"url\":\"https:\\\/\\\/fit360.ee\\\/wp-content\\\/uploads\\\/2017\\\/01\\\/logo-fit360.png\",\"contentUrl\":\"https:\\\/\\\/fit360.ee\\\/wp-content\\\/uploads\\\/2017\\\/01\\\/logo-fit360.png\",\"width\":180,\"height\":66,\"caption\":\"Fit360\"},\"image\":{\"@id\":\"https:\\\/\\\/fit360.ee\\\/en\\\/#\\\/schema\\\/logo\\\/image\\\/\"}}]}<\/script>\n<!-- \/ Yoast SEO plugin. -->","yoast_head_json":{"title":"Rhodiola Rosea vege (120tabs) - Roosil\u00f5hnaline kuldjuur - Parim Hind - Fit360","description":"Rhodiola Rosea Vege on kvaliteetne toidulisand, mis sisaldab Rhodiola rosea juure ekstrakti, mis on standarditud 1% salidrosiidideni. Tegemist on ker...","robots":{"index":"index","follow":"follow","max-snippet":"max-snippet:-1","max-image-preview":"max-image-preview:large","max-video-preview":"max-video-preview:-1"},"canonical":"https:\/\/fit360.ee\/en\/pood\/product-groups\/\u0432\u0435\u0433\u0430\u043d\/vegan-capsules-en\/rhodiola-rosea-vege-120tabs\/","og_locale":"en_US","og_type":"article","og_title":"Rhodiola Rosea vege (120tabs) - Roosil\u00f5hnaline kuldjuur - Parim Hind - Fit360","og_description":"Rhodiola Rosea Vege on kvaliteetne toidulisand, mis sisaldab Rhodiola rosea juure ekstrakti, mis on standarditud 1% salidrosiidideni. Tegemist on ker...","og_url":"https:\/\/fit360.ee\/en\/pood\/product-groups\/\u0432\u0435\u0433\u0430\u043d\/vegan-capsules-en\/rhodiola-rosea-vege-120tabs\/","og_site_name":"Fit360","article_modified_time":"2025-08-13T05:38:38+00:00","og_image":[{"width":450,"height":450,"url":"https:\/\/fit360.ee\/wp-content\/uploads\/2024\/12\/rhodiola-rosea-fit360.ee-1.png","type":"image\/png"}],"twitter_card":"summary_large_image","twitter_misc":{"Est. reading time":"3 minutes"},"schema":{"@context":"https:\/\/schema.org","@graph":[{"@type":"WebPage","@id":"https:\/\/fit360.ee\/en\/pood\/product-groups\/%d0%b2%d0%b5%d0%b3%d0%b0%d0%bd\/vegan-capsules-en\/rhodiola-rosea-vege-120tabs\/","url":"https:\/\/fit360.ee\/en\/pood\/product-groups\/%d0%b2%d0%b5%d0%b3%d0%b0%d0%bd\/vegan-capsules-en\/rhodiola-rosea-vege-120tabs\/","name":"Rhodiola Rosea vege (120tabs) - Roosil\u00f5hnaline kuldjuur - Parim Hind - Fit360","isPartOf":{"@id":"https:\/\/fit360.ee\/en\/#website"},"primaryImageOfPage":{"@id":"https:\/\/fit360.ee\/en\/pood\/product-groups\/%d0%b2%d0%b5%d0%b3%d0%b0%d0%bd\/vegan-capsules-en\/rhodiola-rosea-vege-120tabs\/#primaryimage"},"image":{"@id":"https:\/\/fit360.ee\/en\/pood\/product-groups\/%d0%b2%d0%b5%d0%b3%d0%b0%d0%bd\/vegan-capsules-en\/rhodiola-rosea-vege-120tabs\/#primaryimage"},"thumbnailUrl":"https:\/\/fit360.ee\/wp-content\/uploads\/2024\/12\/rhodiola-rosea-fit360.ee-1.png","datePublished":"2024-12-13T16:19:38+00:00","dateModified":"2025-08-13T05:38:38+00:00","description":"Rhodiola Rosea Vege on kvaliteetne toidulisand, mis sisaldab Rhodiola rosea juure ekstrakti, mis on standarditud 1% salidrosiidideni. Tegemist on ker...","breadcrumb":{"@id":"https:\/\/fit360.ee\/en\/pood\/product-groups\/%d0%b2%d0%b5%d0%b3%d0%b0%d0%bd\/vegan-capsules-en\/rhodiola-rosea-vege-120tabs\/#breadcrumb"},"inLanguage":"en-US","potentialAction":[{"@type":"ReadAction","target":["https:\/\/fit360.ee\/en\/pood\/product-groups\/%d0%b2%d0%b5%d0%b3%d0%b0%d0%bd\/vegan-capsules-en\/rhodiola-rosea-vege-120tabs\/"]}]},{"@type":"ImageObject","inLanguage":"en-US","@id":"https:\/\/fit360.ee\/en\/pood\/product-groups\/%d0%b2%d0%b5%d0%b3%d0%b0%d0%bd\/vegan-capsules-en\/rhodiola-rosea-vege-120tabs\/#primaryimage","url":"https:\/\/fit360.ee\/wp-content\/uploads\/2024\/12\/rhodiola-rosea-fit360.ee-1.png","contentUrl":"https:\/\/fit360.ee\/wp-content\/uploads\/2024\/12\/rhodiola-rosea-fit360.ee-1.png","width":450,"height":450,"caption":"rhodiola rosea - fit360.ee"},{"@type":"BreadcrumbList","@id":"https:\/\/fit360.ee\/en\/pood\/product-groups\/%d0%b2%d0%b5%d0%b3%d0%b0%d0%bd\/vegan-capsules-en\/rhodiola-rosea-vege-120tabs\/#breadcrumb","itemListElement":[{"@type":"ListItem","position":1,"name":"Home","item":"https:\/\/fit360.ee\/en\/"},{"@type":"ListItem","position":2,"name":"Shop","item":"https:\/\/fit360.ee\/en\/shop\/"},{"@type":"ListItem","position":3,"name":"Rhodiola Rosea vege (120tabs)"}]},{"@type":"WebSite","@id":"https:\/\/fit360.ee\/en\/#website","url":"https:\/\/fit360.ee\/en\/","name":"Fit360","description":"","publisher":{"@id":"https:\/\/fit360.ee\/en\/#organization"},"potentialAction":[{"@type":"SearchAction","target":{"@type":"EntryPoint","urlTemplate":"https:\/\/fit360.ee\/en\/?s={search_term_string}"},"query-input":{"@type":"PropertyValueSpecification","valueRequired":true,"valueName":"search_term_string"}}],"inLanguage":"en-US"},{"@type":"Organization","@id":"https:\/\/fit360.ee\/en\/#organization","name":"Fit360","url":"https:\/\/fit360.ee\/en\/","logo":{"@type":"ImageObject","inLanguage":"en-US","@id":"https:\/\/fit360.ee\/en\/#\/schema\/logo\/image\/","url":"https:\/\/fit360.ee\/wp-content\/uploads\/2017\/01\/logo-fit360.png","contentUrl":"https:\/\/fit360.ee\/wp-content\/uploads\/2017\/01\/logo-fit360.png","width":180,"height":66,"caption":"Fit360"},"image":{"@id":"https:\/\/fit360.ee\/en\/#\/schema\/logo\/image\/"}}]}},"_links":{"self":[{"href":"https:\/\/fit360.ee\/en\/wp-json\/wp\/v2\/product\/85131","targetHints":{"allow":["GET"]}}],"collection":[{"href":"https:\/\/fit360.ee\/en\/wp-json\/wp\/v2\/product"}],"about":[{"href":"https:\/\/fit360.ee\/en\/wp-json\/wp\/v2\/types\/product"}],"replies":[{"embeddable":true,"href":"https:\/\/fit360.ee\/en\/wp-json\/wp\/v2\/comments?post=85131"}],"wp:featuredmedia":[{"embeddable":true,"href":"https:\/\/fit360.ee\/en\/wp-json\/wp\/v2\/media\/85126"}],"wp:attachment":[{"href":"https:\/\/fit360.ee\/en\/wp-json\/wp\/v2\/media?parent=85131"}],"wp:term":[{"taxonomy":"product_brand","embeddable":true,"href":"https:\/\/fit360.ee\/en\/wp-json\/wp\/v2\/product_brand?post=85131"},{"taxonomy":"product_cat","embeddable":true,"href":"https:\/\/fit360.ee\/en\/wp-json\/wp\/v2\/product_cat?post=85131"},{"taxonomy":"product_tag","embeddable":true,"href":"https:\/\/fit360.ee\/en\/wp-json\/wp\/v2\/product_tag?post=85131"},{"taxonomy":"giftcard-category","embeddable":true,"href":"https:\/\/fit360.ee\/en\/wp-json\/wp\/v2\/giftcard-category?post=85131"}],"curies":[{"name":"wp","href":"https:\/\/api.w.org\/{rel}","templated":true}]}}