{"id":85135,"date":"2024-12-14T11:22:43","date_gmt":"2024-12-14T09:22:43","guid":{"rendered":"https:\/\/fit360.ee\/pood\/uncategorized\/marine-collagen-hyaluronic-acid-vitamin-c-500g-mango-pineapple\/"},"modified":"2026-04-09T14:27:23","modified_gmt":"2026-04-09T12:27:23","slug":"marine-collagen-hyaluronic-acid-vitamin-c-500g-mango-pineapple","status":"publish","type":"product","link":"https:\/\/fit360.ee\/en\/pood\/product-groups\/vitamins-and-minerals-en\/c-vitamin-en\/marine-collagen-hyaluronic-acid-vitamin-c-500g-mango-pineapple\/","title":{"rendered":"Marine Collagen &amp; Hyaluronic Acid &amp; Vitamin C (500g) mango &amp; pineapple"},"content":{"rendered":"<h2><strong>Marine Collagen + Hyaluronic Acid + Vitamin C<\/strong><\/h2>\n<p>OstroVit merekollageen + h\u00fcaluroonhape + vitamiin C on terviklik toidulisand, mis sisaldab kolme v\u00e4\u00e4rtuslikku toimeainet \u2013 I t\u00fc\u00fcpi merekollageeni, mis eristub suurep\u00e4raselt omastatavusega inimkehas, samuti v\u00e4\u00e4rtuslikku h\u00fcaluroonhapet ja C-vitamiini. Tegemist on preparaadiga maitsva, puuviljase maitsega, saadaval mugavas pulbrina. See on toode, mis on loodud sportlastele ja inimestele, kes hoolivad oma tervest ja ilusast v\u00e4limusest.<\/p>\n<section class=\"cm__section\">\n<ul class=\"cm__list\">\n<li><strong>I t\u00fc\u00fcpi merekollageeni allikas<\/strong>\u00a0&#8211; preparaat sisaldab h\u00fcdrol\u00fc\u00fcsitud kalakollageeni peptiide &#8211; \u00fcks portsjon toidulisandit annab organismile 4600 mg \u00fchendit.<\/li>\n<li><strong>Rikas h\u00fcaluroonhappe ja C-vitamiini poolest<\/strong>\u00a0\u2013 osa tootest varustab inimorganismi 40 mg naatriumh\u00fcaluronaadi ja 80 mg L-askorbiinhappega.<\/li>\n<li><strong>Maitsev maitse<\/strong>\u00a0\u2013 mango- ja ananassimaitseline toidulisand on meelte mahlakas pidus\u00f6\u00f6k.<\/li>\n<li><strong>Ei ole lisatud suhkrut<\/strong>\u00a0\u2013 toode sisaldab madala energiasisaldusega magusaineid, nagu sukraloos ja atsesulfaam K, mis aitavad v\u00e4hendada preparaadi kalorsust.<\/li>\n<li><strong>1 portsjon = 1 lusikas<\/strong>\u00a0.<\/li>\n<li><strong>T\u00f5husus<\/strong>\u00a0\u2013 500 g pakend sisaldab 100 portsjonit preparaati.<\/li>\n<li><strong>Mugav vorm<\/strong>\u00a0\u2013 pulbri kujul olev toidulisand tagab lihtsa ja t\u00f5rgeteta manustamise. Toode sobib suurep\u00e4raselt ka inimestele, kellel on raskusi tablettide neelamisega.<\/li>\n<\/ul>\n<h2 class=\"cm__heading\">OstroVit Marine Collagen + H\u00fcaluroonhape + C-vitamiin \u2013 v\u00e4\u00e4rtuslike toimeainete allikas<\/h2>\n<p><a href=\"https:\/\/fit360.ee\/en\/product-category\/product-groups\/collagen-en\/\"><strong>Kollageen<\/strong><\/a>\u00a0on \u00fcks peamisi keha ehitusvalke, mis on looduslik pol\u00fcmeer ja loomorganismide rakkudevahelise aine oluline komponent. Kuna kollageeni tase organismis vananedes v\u00e4heneb loomulike vananemisprotsesside tulemusena, siis tasub \u00fchendiga organismi varustada ka v\u00e4ljastpoolt \u2013\u00a0<strong><a href=\"https:\/\/fit360.ee\/en\/product-category\/product-groups\/collagen-en\/\" target=\"_blank\" rel=\"noopener\">kollageeni<\/a><\/strong>\u00a0leidub muuhulgas: loomade luudes v\u00f5i k\u00f5\u00f5lustes ning on saadaval ka toidulisanditena. OstroVit preparaadis kasutatav I t\u00fc\u00fcpi merekollageen on h\u00fcdrol\u00fc\u00fcsitud kalakollageeni peptiidide allikas, mille struktuur meenutab inimese kollageeni. See muudab aine inimkehas kergesti imenduvaks.<\/p>\n<p><a href=\"https:\/\/fit360.ee\/en\/product-category\/product-groups\/joint-support-en\/hyaluronic-acid-en\/\"><strong>H\u00fcaluroonhape<\/strong><\/a>\u00a0on orgaaniline keemiline \u00fchend, mis on gl\u00fckoosaminogl\u00fckaanide r\u00fchma pol\u00fcsahhariid. See on aine, mis esineb k\u00f5igis elusorganismides ja inimkehas on see osa p\u00e4risnaha rakkudevahelisest maatriksist ja on s\u00fcnoviaalvedeliku p\u00f5hikomponent. Vanusega h\u00fcaluroonhappe sisaldus organismis v\u00e4heneb \u2013 siis v\u00f5ib hea lahendus olla organismi varustamine \u00fchendiga v\u00e4ljastpoolt.<\/p>\n<p><a href=\"https:\/\/fit360.ee\/en\/product-category\/product-groups\/vitamins-and-minerals-en\/c-vitamin-en\/\"><strong>C-vitamiin<\/strong><\/a>\u00a0, mida nimetatakse ka askorbiinhappeks, on oluline orgaaniline keemiline \u00fchend, mis on klassifitseeritud vees lahustuvateks vitamiinideks. Tegemist on eksogeense ainega, mida organism ise s\u00fcnteesida ei suuda, mist\u00f5ttu on vaja organismi varustada \u00fchendiga v\u00e4ljastpoolt \u2013 koostisosa v\u00f5ib toidus leiduda v\u00e4rskes puu- ja k\u00f6\u00f6giviljas, sh: paprikates, nuikapsas, apelsinis ja musts\u00f5stras, aga ka toidulisandites.<\/p>\n<h4 class=\"cm__heading\"><strong>OstroVit Marine Collagen + h\u00fcaluroonhape + C-vitamiin sisalduvate koostisosade omadused<\/strong><\/h4>\n<p><strong>C-vitamiin<\/strong>\u00a0aitab kaasa kollageeni \u00f5igele tootmisele, et tagada veresoonte, luude, k\u00f5hrede, igemete, hammaste ja naha n\u00f5uetekohane toimimine. Lisaks aitab see kaasa sobivale energiavahetusele ja aitab s\u00e4ilitada optimaalseid ps\u00fchholoogilisi funktsioone. L-askorbiinhape toetab ka n\u00e4rvi- ja immuuns\u00fcsteemi n\u00f5uetekohast talitlust ning aitab v\u00e4hendada v\u00e4simus- ja kurnatustunnet. \u00dchend suurendab raua imendumist ja aitab taastada E-vitamiini redutseeritud vormi.\u00a0C-vitamiin\u00a0toetab rakkude kaitset oks\u00fcdatiivse stressi eest ja aitab s\u00e4ilitada immuuns\u00fcsteemi n\u00f5uetekohast toimimist intensiivse f\u00fc\u00fcsilise koormuse ajal ja p\u00e4rast seda.<\/p>\n<div class=\"row align-items-md-center\">\n<div class=\"col-12 col-md-6 mb-5 mb-md-0\">\n<h3 class=\"cm__head\">Tarbijakvaliteedi juht<\/h3>\n<p class=\"cm__text\">OstroVit Nutricosmetics tooteliin p\u00e4lvis ajakirja Strefa Gospodarki toimetuse poolt v\u00e4lja antud tiitli\u00a0<strong>Consumer Quality Leader 2024<\/strong>\u00a0\u2013 Aasta deb\u00fc\u00fct.<\/p>\n<\/div>\n<div class=\"col-12 col-md-6 cm__image --center mb-0\"><img decoding=\"async\" src=\"https:\/\/ostrovit.com\/data\/include\/cms\/bannery\/debiut_roku-250x250.png\" alt=\"Aasta deb\u00fc\u00fct\" \/><\/div>\n<\/div>\n<\/section>\n<section class=\"cm__section\">\n<div class=\"cm__heading\"><strong>Laboratoorselt kinnitatud kvaliteet<\/strong><\/div>\n<p class=\"cm__text --bold\">Klientide tervise p\u00e4rast muretsedes testitakse meie toodetud tooteid regulaarselt s\u00f5ltumatus akrediteeritud laboris, et tagada ja s\u00e4ilitada k\u00f5rgeim kvaliteet.<\/p>\n<p><strong>Koostisosad<\/strong>: <strong>Kala<\/strong>\u00a0kollageeni peptiidid\u00a0(h\u00fcdrol\u00fc\u00fcsitud), L-askorbiinhape (C-vitamiin), happesuse regulaator: sidrunhape; aroomid, h\u00fcaluroonhape (naatriumh\u00fcaluronaat), v\u00e4rvaine: karoteenid; magusained: sukraloos, atsesulfaam K.<\/p>\n<p>Toode v\u00f5ib sisaldada piima (sh laktoosi), soja, maap\u00e4hkleid, muid p\u00e4hkleid, seesamiseemneid, gluteeni sisaldavaid teravilju, mune, v\u00e4hilaadseid, kala. Pulbriline toidulisand. Sisaldab magusaineid.<\/p>\n<p><strong>Kasutamine<\/strong>: Segage 5 g portsjonit (1 lusikas) 100-150 ml vees. Tarbi \u00fcks kord p\u00e4evas. Toode on m\u00f5eldud t\u00e4iskasvanutele.<\/p>\n<p>\u00c4rge \u00fcletage soovitatavat \u00f6\u00f6p\u00e4evast kogust. Toidulisandit ei saa kasutada mitmek\u00fclgse toitumise asendajana. Soovitatav on tasakaalustatud toitumine ja tervislik eluviis. \u00c4rge tarbige, kui olete m\u00f5ne toote koostisosa suhtes allergiline. Toodet ei tohi kasutada lapsed, rasedad ja imetavad emad. Toode on m\u00f5eldud t\u00e4iskasvanutele. Hoida v\u00e4ikelastele k\u00e4ttesaamatus kohas.<\/p>\n<p>Hoida temperatuuril 15-25\u00b0C suletud anumas, kuivas kohas. Kaitsta otsese p\u00e4ikesevalguse eest.<\/p>\n<p><strong>Suurus<\/strong>: 500g &#8211; 100 serveeringut<\/p>\n<table>\n<tbody>\n<tr>\n<th>Aktiivsed koostisained<\/th>\n<th>Portsjoni kohta<\/th>\n<th>% SPK*<\/th>\n<\/tr>\n<tr>\n<td>H\u00fcdrol\u00fc\u00fcsitud kalakollageeni peptiidid<\/td>\n<td>4600 mg<\/td>\n<td>&#8211;<\/td>\n<\/tr>\n<tr>\n<td>H\u00fcaluroonhape (naatriumh\u00fcaluronaat)<\/td>\n<td>40 mg<\/td>\n<td>&#8211;<\/td>\n<\/tr>\n<tr>\n<td>C-vitamiin<\/td>\n<td>80 mg<\/td>\n<td>100%<\/td>\n<\/tr>\n<\/tbody>\n<\/table>\n<p>*SPK<span style=\"font-size: 14.4px;\"> \u2013 Soovitatud p\u00e4evane kogus.<\/span><\/p>\n<p>Vaata ka meie Teisi Kollageene <a href=\"https:\/\/fit360.ee\/en\/product-category\/product-groups\/collagen-en\/\"><strong>SIIT<\/strong><\/a> v\u00f5i toidulisandeid Liigestele <a href=\"https:\/\/fit360.ee\/en\/product-category\/product-groups\/joint-support-en\/\"><strong>SIIT<\/strong><\/a>!<\/p>\n<p>Soovid kaupa osta suuremas koguses? Vaata antud toodet ka meie HULGI poest\u00a0<a href=\"https:\/\/toidulisandidhulgi.ee\/tooted\/marine-collagen-hyaluronic-acid-vitamin-c-500g-mango-pineapple\/\"><strong>SIIT<\/strong><\/a>!<\/p>\n<\/section>\n","protected":false},"excerpt":{"rendered":"<ul class=\"cm__list\">\n<li>I t\u00fc\u00fcpi merekollageeni allikas<\/li>\n<li>Rikas h\u00fcaluroonhappe ja C-vitamiini poolest<\/li>\n<li>Maitsev maitse<\/li>\n<li>Ei ole lisatud suhkrut<\/li>\n<li>T\u00e4iuslik ilu- ja liigesekompleks<\/li>\n<\/ul>\n","protected":false},"featured_media":85134,"comment_status":"open","ping_status":"closed","template":"","meta":[],"product_brand":[],"product_cat":[1911,1636,5317,527,1329,1454,536],"product_tag":[5412,3583,3584,3923,4395,3924,1924,2178],"giftcard-category":[],"class_list":{"0":"post-85135","1":"product","2":"type-product","3":"status-publish","4":"has-post-thumbnail","6":"product_cat-c-vitamin-en","7":"product_cat-collagen-en","8":"product_cat-hyaluronic-acid-en","9":"product_cat-joint-support-en","10":"product_cat-ostrovit-en","11":"product_cat-superfoods-health-foods-en","12":"product_cat-vitamins-and-minerals-en","13":"product_tag-c-vitamin-en","14":"product_tag-hualuroonhape-en","15":"product_tag-hyaluronic-acid-en","16":"product_tag-marine-collagen-en","17":"product_tag-marine-collagen-with-hyaluronic-acid-and-vitamin-c-en","18":"product_tag-merekollageen-en","19":"product_tag-ostrovit-en","20":"product_tag-vitamiin-c-en","21":"pa_kogus-500g-en","22":"pa_maitse-mango-ananass-en","23":"pa_toidulisand-branddd-ostrovit","24":"pa_tootegruppp-c-vitamiin-en","25":"pa_tootegruppp-for-joints","26":"pa_tootegruppp-hualuroonhape-en","27":"pa_tootegruppp-kollageenid-en","28":"pa_tootegruppp-supertoit-tervisetoit-en","29":"pa_tootegruppp-vitamins-and-minerals","31":"first","32":"outofstock","33":"sale","34":"taxable","35":"shipping-taxable","36":"purchasable","37":"product-type-simple"},"yoast_head":"<!-- This site is optimized with the Yoast SEO plugin v27.3 - https:\/\/yoast.com\/product\/yoast-seo-wordpress\/ -->\n<title>Marine Collagen &amp; Hyaluronic Acid &amp; Vitamin C (500g) mango &amp; pineapple - Fit360<\/title>\n<meta name=\"description\" content=\"OstroVit merekollageen + h\u00fcaluroonhape + vitamiin C on terviklik toidulisand, mis sisaldab kolme v\u00e4\u00e4rtuslikku toimeainet \u2013 I t\u00fc\u00fcpi merekollageeni, mis..\" \/>\n<meta name=\"robots\" content=\"index, follow, max-snippet:-1, max-image-preview:large, max-video-preview:-1\" \/>\n<link rel=\"canonical\" href=\"https:\/\/fit360.ee\/en\/pood\/product-groups\/vitamins-and-minerals-en\/c-vitamin-en\/marine-collagen-hyaluronic-acid-vitamin-c-500g-mango-pineapple\/\" \/>\n<meta property=\"og:locale\" content=\"en_US\" \/>\n<meta property=\"og:type\" content=\"article\" \/>\n<meta property=\"og:title\" content=\"Marine Collagen &amp; Hyaluronic Acid &amp; Vitamin C (500g) mango &amp; pineapple - Fit360\" \/>\n<meta property=\"og:description\" content=\"OstroVit merekollageen + h\u00fcaluroonhape + vitamiin C on terviklik toidulisand, mis sisaldab kolme v\u00e4\u00e4rtuslikku toimeainet \u2013 I t\u00fc\u00fcpi merekollageeni, mis..\" \/>\n<meta property=\"og:url\" content=\"https:\/\/fit360.ee\/en\/pood\/product-groups\/vitamins-and-minerals-en\/c-vitamin-en\/marine-collagen-hyaluronic-acid-vitamin-c-500g-mango-pineapple\/\" \/>\n<meta property=\"og:site_name\" content=\"Fit360\" \/>\n<meta property=\"article:modified_time\" content=\"2026-04-09T12:27:23+00:00\" \/>\n<meta property=\"og:image\" content=\"https:\/\/fit360.ee\/wp-content\/uploads\/2024\/12\/ostrovit-marine-collagen-hyaluronic-acid-c-vitamin-fit360.ee_.png\" \/>\n\t<meta property=\"og:image:width\" content=\"450\" \/>\n\t<meta property=\"og:image:height\" content=\"450\" \/>\n\t<meta property=\"og:image:type\" content=\"image\/png\" \/>\n<meta name=\"twitter:card\" content=\"summary_large_image\" \/>\n<meta name=\"twitter:label1\" content=\"Est. reading time\" \/>\n\t<meta name=\"twitter:data1\" content=\"4 minutes\" \/>\n<script type=\"application\/ld+json\" class=\"yoast-schema-graph\">{\"@context\":\"https:\\\/\\\/schema.org\",\"@graph\":[{\"@type\":\"WebPage\",\"@id\":\"https:\\\/\\\/fit360.ee\\\/en\\\/pood\\\/product-groups\\\/vitamins-and-minerals-en\\\/c-vitamin-en\\\/marine-collagen-hyaluronic-acid-vitamin-c-500g-mango-pineapple\\\/\",\"url\":\"https:\\\/\\\/fit360.ee\\\/en\\\/pood\\\/product-groups\\\/vitamins-and-minerals-en\\\/c-vitamin-en\\\/marine-collagen-hyaluronic-acid-vitamin-c-500g-mango-pineapple\\\/\",\"name\":\"Marine Collagen &amp; Hyaluronic Acid &amp; Vitamin C (500g) mango &amp; pineapple - Fit360\",\"isPartOf\":{\"@id\":\"https:\\\/\\\/fit360.ee\\\/en\\\/#website\"},\"primaryImageOfPage\":{\"@id\":\"https:\\\/\\\/fit360.ee\\\/en\\\/pood\\\/product-groups\\\/vitamins-and-minerals-en\\\/c-vitamin-en\\\/marine-collagen-hyaluronic-acid-vitamin-c-500g-mango-pineapple\\\/#primaryimage\"},\"image\":{\"@id\":\"https:\\\/\\\/fit360.ee\\\/en\\\/pood\\\/product-groups\\\/vitamins-and-minerals-en\\\/c-vitamin-en\\\/marine-collagen-hyaluronic-acid-vitamin-c-500g-mango-pineapple\\\/#primaryimage\"},\"thumbnailUrl\":\"https:\\\/\\\/fit360.ee\\\/wp-content\\\/uploads\\\/2024\\\/12\\\/ostrovit-marine-collagen-hyaluronic-acid-c-vitamin-fit360.ee_.png\",\"datePublished\":\"2024-12-14T09:22:43+00:00\",\"dateModified\":\"2026-04-09T12:27:23+00:00\",\"description\":\"OstroVit merekollageen + h\u00fcaluroonhape + vitamiin C on terviklik toidulisand, mis sisaldab kolme v\u00e4\u00e4rtuslikku toimeainet \u2013 I t\u00fc\u00fcpi merekollageeni, mis..\",\"breadcrumb\":{\"@id\":\"https:\\\/\\\/fit360.ee\\\/en\\\/pood\\\/product-groups\\\/vitamins-and-minerals-en\\\/c-vitamin-en\\\/marine-collagen-hyaluronic-acid-vitamin-c-500g-mango-pineapple\\\/#breadcrumb\"},\"inLanguage\":\"en-US\",\"potentialAction\":[{\"@type\":\"ReadAction\",\"target\":[\"https:\\\/\\\/fit360.ee\\\/en\\\/pood\\\/product-groups\\\/vitamins-and-minerals-en\\\/c-vitamin-en\\\/marine-collagen-hyaluronic-acid-vitamin-c-500g-mango-pineapple\\\/\"]}]},{\"@type\":\"ImageObject\",\"inLanguage\":\"en-US\",\"@id\":\"https:\\\/\\\/fit360.ee\\\/en\\\/pood\\\/product-groups\\\/vitamins-and-minerals-en\\\/c-vitamin-en\\\/marine-collagen-hyaluronic-acid-vitamin-c-500g-mango-pineapple\\\/#primaryimage\",\"url\":\"https:\\\/\\\/fit360.ee\\\/wp-content\\\/uploads\\\/2024\\\/12\\\/ostrovit-marine-collagen-hyaluronic-acid-c-vitamin-fit360.ee_.png\",\"contentUrl\":\"https:\\\/\\\/fit360.ee\\\/wp-content\\\/uploads\\\/2024\\\/12\\\/ostrovit-marine-collagen-hyaluronic-acid-c-vitamin-fit360.ee_.png\",\"width\":450,\"height\":450,\"caption\":\"ostrovit marine collagen + hyaluronic acid + c vitamin - fit360.ee\"},{\"@type\":\"BreadcrumbList\",\"@id\":\"https:\\\/\\\/fit360.ee\\\/en\\\/pood\\\/product-groups\\\/vitamins-and-minerals-en\\\/c-vitamin-en\\\/marine-collagen-hyaluronic-acid-vitamin-c-500g-mango-pineapple\\\/#breadcrumb\",\"itemListElement\":[{\"@type\":\"ListItem\",\"position\":1,\"name\":\"Home\",\"item\":\"https:\\\/\\\/fit360.ee\\\/en\\\/\"},{\"@type\":\"ListItem\",\"position\":2,\"name\":\"Shop\",\"item\":\"https:\\\/\\\/fit360.ee\\\/en\\\/shop\\\/\"},{\"@type\":\"ListItem\",\"position\":3,\"name\":\"Marine Collagen &amp; Hyaluronic Acid &amp; Vitamin C (500g) mango &amp; pineapple\"}]},{\"@type\":\"WebSite\",\"@id\":\"https:\\\/\\\/fit360.ee\\\/en\\\/#website\",\"url\":\"https:\\\/\\\/fit360.ee\\\/en\\\/\",\"name\":\"Fit360\",\"description\":\"\",\"publisher\":{\"@id\":\"https:\\\/\\\/fit360.ee\\\/en\\\/#organization\"},\"potentialAction\":[{\"@type\":\"SearchAction\",\"target\":{\"@type\":\"EntryPoint\",\"urlTemplate\":\"https:\\\/\\\/fit360.ee\\\/en\\\/?s={search_term_string}\"},\"query-input\":{\"@type\":\"PropertyValueSpecification\",\"valueRequired\":true,\"valueName\":\"search_term_string\"}}],\"inLanguage\":\"en-US\"},{\"@type\":\"Organization\",\"@id\":\"https:\\\/\\\/fit360.ee\\\/en\\\/#organization\",\"name\":\"Fit360\",\"url\":\"https:\\\/\\\/fit360.ee\\\/en\\\/\",\"logo\":{\"@type\":\"ImageObject\",\"inLanguage\":\"en-US\",\"@id\":\"https:\\\/\\\/fit360.ee\\\/en\\\/#\\\/schema\\\/logo\\\/image\\\/\",\"url\":\"https:\\\/\\\/fit360.ee\\\/wp-content\\\/uploads\\\/2017\\\/01\\\/logo-fit360.png\",\"contentUrl\":\"https:\\\/\\\/fit360.ee\\\/wp-content\\\/uploads\\\/2017\\\/01\\\/logo-fit360.png\",\"width\":180,\"height\":66,\"caption\":\"Fit360\"},\"image\":{\"@id\":\"https:\\\/\\\/fit360.ee\\\/en\\\/#\\\/schema\\\/logo\\\/image\\\/\"}}]}<\/script>\n<!-- \/ Yoast SEO plugin. -->","yoast_head_json":{"title":"Marine Collagen &amp; Hyaluronic Acid &amp; Vitamin C (500g) mango &amp; pineapple - Fit360","description":"OstroVit merekollageen + h\u00fcaluroonhape + vitamiin C on terviklik toidulisand, mis sisaldab kolme v\u00e4\u00e4rtuslikku toimeainet \u2013 I t\u00fc\u00fcpi merekollageeni, mis..","robots":{"index":"index","follow":"follow","max-snippet":"max-snippet:-1","max-image-preview":"max-image-preview:large","max-video-preview":"max-video-preview:-1"},"canonical":"https:\/\/fit360.ee\/en\/pood\/product-groups\/vitamins-and-minerals-en\/c-vitamin-en\/marine-collagen-hyaluronic-acid-vitamin-c-500g-mango-pineapple\/","og_locale":"en_US","og_type":"article","og_title":"Marine Collagen &amp; Hyaluronic Acid &amp; Vitamin C (500g) mango &amp; pineapple - Fit360","og_description":"OstroVit merekollageen + h\u00fcaluroonhape + vitamiin C on terviklik toidulisand, mis sisaldab kolme v\u00e4\u00e4rtuslikku toimeainet \u2013 I t\u00fc\u00fcpi merekollageeni, mis..","og_url":"https:\/\/fit360.ee\/en\/pood\/product-groups\/vitamins-and-minerals-en\/c-vitamin-en\/marine-collagen-hyaluronic-acid-vitamin-c-500g-mango-pineapple\/","og_site_name":"Fit360","article_modified_time":"2026-04-09T12:27:23+00:00","og_image":[{"width":450,"height":450,"url":"https:\/\/fit360.ee\/wp-content\/uploads\/2024\/12\/ostrovit-marine-collagen-hyaluronic-acid-c-vitamin-fit360.ee_.png","type":"image\/png"}],"twitter_card":"summary_large_image","twitter_misc":{"Est. reading time":"4 minutes"},"schema":{"@context":"https:\/\/schema.org","@graph":[{"@type":"WebPage","@id":"https:\/\/fit360.ee\/en\/pood\/product-groups\/vitamins-and-minerals-en\/c-vitamin-en\/marine-collagen-hyaluronic-acid-vitamin-c-500g-mango-pineapple\/","url":"https:\/\/fit360.ee\/en\/pood\/product-groups\/vitamins-and-minerals-en\/c-vitamin-en\/marine-collagen-hyaluronic-acid-vitamin-c-500g-mango-pineapple\/","name":"Marine Collagen &amp; Hyaluronic Acid &amp; Vitamin C (500g) mango &amp; pineapple - Fit360","isPartOf":{"@id":"https:\/\/fit360.ee\/en\/#website"},"primaryImageOfPage":{"@id":"https:\/\/fit360.ee\/en\/pood\/product-groups\/vitamins-and-minerals-en\/c-vitamin-en\/marine-collagen-hyaluronic-acid-vitamin-c-500g-mango-pineapple\/#primaryimage"},"image":{"@id":"https:\/\/fit360.ee\/en\/pood\/product-groups\/vitamins-and-minerals-en\/c-vitamin-en\/marine-collagen-hyaluronic-acid-vitamin-c-500g-mango-pineapple\/#primaryimage"},"thumbnailUrl":"https:\/\/fit360.ee\/wp-content\/uploads\/2024\/12\/ostrovit-marine-collagen-hyaluronic-acid-c-vitamin-fit360.ee_.png","datePublished":"2024-12-14T09:22:43+00:00","dateModified":"2026-04-09T12:27:23+00:00","description":"OstroVit merekollageen + h\u00fcaluroonhape + vitamiin C on terviklik toidulisand, mis sisaldab kolme v\u00e4\u00e4rtuslikku toimeainet \u2013 I t\u00fc\u00fcpi merekollageeni, mis..","breadcrumb":{"@id":"https:\/\/fit360.ee\/en\/pood\/product-groups\/vitamins-and-minerals-en\/c-vitamin-en\/marine-collagen-hyaluronic-acid-vitamin-c-500g-mango-pineapple\/#breadcrumb"},"inLanguage":"en-US","potentialAction":[{"@type":"ReadAction","target":["https:\/\/fit360.ee\/en\/pood\/product-groups\/vitamins-and-minerals-en\/c-vitamin-en\/marine-collagen-hyaluronic-acid-vitamin-c-500g-mango-pineapple\/"]}]},{"@type":"ImageObject","inLanguage":"en-US","@id":"https:\/\/fit360.ee\/en\/pood\/product-groups\/vitamins-and-minerals-en\/c-vitamin-en\/marine-collagen-hyaluronic-acid-vitamin-c-500g-mango-pineapple\/#primaryimage","url":"https:\/\/fit360.ee\/wp-content\/uploads\/2024\/12\/ostrovit-marine-collagen-hyaluronic-acid-c-vitamin-fit360.ee_.png","contentUrl":"https:\/\/fit360.ee\/wp-content\/uploads\/2024\/12\/ostrovit-marine-collagen-hyaluronic-acid-c-vitamin-fit360.ee_.png","width":450,"height":450,"caption":"ostrovit marine collagen + hyaluronic acid + c vitamin - fit360.ee"},{"@type":"BreadcrumbList","@id":"https:\/\/fit360.ee\/en\/pood\/product-groups\/vitamins-and-minerals-en\/c-vitamin-en\/marine-collagen-hyaluronic-acid-vitamin-c-500g-mango-pineapple\/#breadcrumb","itemListElement":[{"@type":"ListItem","position":1,"name":"Home","item":"https:\/\/fit360.ee\/en\/"},{"@type":"ListItem","position":2,"name":"Shop","item":"https:\/\/fit360.ee\/en\/shop\/"},{"@type":"ListItem","position":3,"name":"Marine Collagen &amp; Hyaluronic Acid &amp; Vitamin C (500g) mango &amp; pineapple"}]},{"@type":"WebSite","@id":"https:\/\/fit360.ee\/en\/#website","url":"https:\/\/fit360.ee\/en\/","name":"Fit360","description":"","publisher":{"@id":"https:\/\/fit360.ee\/en\/#organization"},"potentialAction":[{"@type":"SearchAction","target":{"@type":"EntryPoint","urlTemplate":"https:\/\/fit360.ee\/en\/?s={search_term_string}"},"query-input":{"@type":"PropertyValueSpecification","valueRequired":true,"valueName":"search_term_string"}}],"inLanguage":"en-US"},{"@type":"Organization","@id":"https:\/\/fit360.ee\/en\/#organization","name":"Fit360","url":"https:\/\/fit360.ee\/en\/","logo":{"@type":"ImageObject","inLanguage":"en-US","@id":"https:\/\/fit360.ee\/en\/#\/schema\/logo\/image\/","url":"https:\/\/fit360.ee\/wp-content\/uploads\/2017\/01\/logo-fit360.png","contentUrl":"https:\/\/fit360.ee\/wp-content\/uploads\/2017\/01\/logo-fit360.png","width":180,"height":66,"caption":"Fit360"},"image":{"@id":"https:\/\/fit360.ee\/en\/#\/schema\/logo\/image\/"}}]}},"_links":{"self":[{"href":"https:\/\/fit360.ee\/en\/wp-json\/wp\/v2\/product\/85135","targetHints":{"allow":["GET"]}}],"collection":[{"href":"https:\/\/fit360.ee\/en\/wp-json\/wp\/v2\/product"}],"about":[{"href":"https:\/\/fit360.ee\/en\/wp-json\/wp\/v2\/types\/product"}],"replies":[{"embeddable":true,"href":"https:\/\/fit360.ee\/en\/wp-json\/wp\/v2\/comments?post=85135"}],"wp:featuredmedia":[{"embeddable":true,"href":"https:\/\/fit360.ee\/en\/wp-json\/wp\/v2\/media\/85134"}],"wp:attachment":[{"href":"https:\/\/fit360.ee\/en\/wp-json\/wp\/v2\/media?parent=85135"}],"wp:term":[{"taxonomy":"product_brand","embeddable":true,"href":"https:\/\/fit360.ee\/en\/wp-json\/wp\/v2\/product_brand?post=85135"},{"taxonomy":"product_cat","embeddable":true,"href":"https:\/\/fit360.ee\/en\/wp-json\/wp\/v2\/product_cat?post=85135"},{"taxonomy":"product_tag","embeddable":true,"href":"https:\/\/fit360.ee\/en\/wp-json\/wp\/v2\/product_tag?post=85135"},{"taxonomy":"giftcard-category","embeddable":true,"href":"https:\/\/fit360.ee\/en\/wp-json\/wp\/v2\/giftcard-category?post=85135"}],"curies":[{"name":"wp","href":"https:\/\/api.w.org\/{rel}","templated":true}]}}