{"id":85140,"date":"2024-12-14T11:22:43","date_gmt":"2024-12-14T09:22:43","guid":{"rendered":"https:\/\/fit360.ee\/pood\/uncategorized\/potassium-iodide-200-%ce%bcg-120tabs\/"},"modified":"2025-08-13T07:36:44","modified_gmt":"2025-08-13T05:36:44","slug":"potassium-iodide-200-%ce%bcg-120tabs","status":"publish","type":"product","link":"https:\/\/fit360.ee\/en\/pood\/product-groups\/vitamins-and-minerals-en\/potassium-iodide-200-%ce%bcg-120tabs\/","title":{"rendered":"Jood (kaaliumist) Iodine 200 \u03bcg (120tabs)"},"content":{"rendered":"<h2><strong>Jood<\/strong><\/h2>\n<p>OstroVit Jood (Kaaliumjodiinist) 200 \u03bcg on kvaliteetne toidulisand, mis on kaaliumjodiidi kujul joodi allikas. See preparaat on saadaval kergesti neelatavate tablettidena, mis on loodud inimestele, kes soovivad t\u00e4iendada oma igap\u00e4evast dieeti v\u00e4\u00e4rtusliku \u00fchendiga.<\/p>\n<section class=\"cm__section\">\n<ul class=\"cm__list\">\n<li><strong>Joodiallikas<\/strong>\u00a0\u2013 \u00fcks portsjon toidulisandit annab kehale 200 \u00b5g elementi.<\/li>\n<li><strong>1 portsjon = 1 tablett.<\/strong><\/li>\n<li><strong>T\u00f5husus<\/strong>\u00a0\u2013 tootepakendis on 120 portsjonit preparaati.<\/li>\n<li><strong>Mugav vorm<\/strong>\u00a0&#8211; preparaat on saadaval kergesti neelatavate tablettidena, tagades toidulisandi t\u00f5rgeteta manustamise.<\/li>\n<\/ul>\n<h4 class=\"cm__heading\"><strong>OstroVit IOD Potassium Jodide 200 \u03bcg \u2013 v\u00e4\u00e4rtuslik toidulisand<\/strong><\/h4>\n<p class=\"cm__text\"><strong>Jood<\/strong>\u00a0\u2013 keemiline element s\u00fcmboliga I. Inimorganismi n\u00f5uetekohaseks toimimiseks vajalik mineraal. Inimorganismis leidub ligikaudu 15-20 mg \u00fchendit, millest valdav enamus ladestub kilpn\u00e4\u00e4rmes. Peamiseks joodiallikaks on jodeeritud lauasool, kuid elementi leidub looduslikult mereandides, kalas ja merevetikates ning aine sisaldus toodetes v\u00f5ib varieeruda olenevalt soetamiskohast ning t\u00f6\u00f6tlemis- ja s\u00e4ilitustingimustest.<\/p>\n<h4 class=\"cm__heading\"><strong>OstroVit kaaliumjodiid 200 \u03bcg sisalduvate koostisosade omadused<\/strong><\/h4>\n<p><strong>Jood<\/strong>\u00a0aitab s\u00e4ilitada \u00f5igeid kognitiivseid funktsioone ja aitab kaasa \u00f5igele energiavahetusele ning toetab n\u00e4rvis\u00fcsteemi optimaalset talitlust. Lisaks aitab see s\u00e4ilitada tervet nahka ning toetab kilpn\u00e4\u00e4rmehormoonide n\u00f5uetekohast tootmist ja kilpn\u00e4\u00e4rme n\u00f5uetekohast toimimist.<\/p>\n<\/section>\n<section class=\"cm__section\">\n<div class=\"cm__heading\"><strong>Laboratoorselt kinnitatud kvaliteet<\/strong><\/div>\n<p class=\"cm__text --bold\">Klientide tervise p\u00e4rast muretsedes testitakse meie toodetud tooteid regulaarselt s\u00f5ltumatus akrediteeritud laboris, et tagada ja s\u00e4ilitada k\u00f5rgeim kvaliteet.<\/p>\n<p><strong>Koostisosad<\/strong>: T\u00e4iteaine: mikrokristalne tselluloos; t\u00e4rklis, paakumisvastased ained: r\u00e4nidioksiid, rasvhapete magneesiumisoolad; kaaliumjodiid (jood).<\/p>\n<p><strong>Kasutamine<\/strong>: V\u00f5tke 1 portsjon (1 tablett) p\u00e4evas. Toode on m\u00f5eldud t\u00e4iskasvanutele.<\/p>\n<p>\u00c4rge \u00fcletage soovitatavat \u00f6\u00f6p\u00e4evast kogust. Toidulisandit ei saa kasutada mitmek\u00fclgse toitumise asendajana. Soovitatav on tasakaalustatud toitumine ja tervislik eluviis. \u00c4rge tarbige, kui olete m\u00f5ne toote koostisosa suhtes allergiline. Toodet ei tohi kasutada lapsed. Toode on m\u00f5eldud rasedatele ja imetavatele naistele. Hoida v\u00e4ikelastele k\u00e4ttesaamatus kohas.<\/p>\n<p>Hoida temperatuuril 15-25\u00b0C, suletud anumas, kuivas kohas. Kaitsta otsese p\u00e4ikesevalguse eest.<\/p>\n<p><strong>Suurus<\/strong>: 120 tabletti.<\/p>\n<table>\n<tbody>\n<tr>\n<th>Aktiivsed koostisained<\/th>\n<th>Portsjoni kohta<\/th>\n<th>% SPK*<\/th>\n<\/tr>\n<tr>\n<td>Jood<\/td>\n<td>200 \u00b5g<\/td>\n<td>133%<\/td>\n<\/tr>\n<\/tbody>\n<\/table>\n<p>*SPK \u2013 Soovitatud p\u00e4evane kogus.<\/p>\n<p>Vaata ka meie teisi Vitamiine\/Mineraale <a href=\"https:\/\/fit360.ee\/en\/product-category\/product-groups\/vitamins-and-minerals-en\/\"><strong>SIIT<\/strong><\/a>!<\/p>\n<p>Soovid kaupa osta suuremas koguses? Vaata antud toodet ka meie HULGI poest\u00a0<a href=\"https:\/\/toidulisandidhulgi.ee\/tooted\/jood-kaaliumist-iodine-200-%ce%bcg-120tabs\/\"><strong>SIIT<\/strong><\/a>!<\/p>\n<\/section>\n","protected":false},"excerpt":{"rendered":"<ul>\n<li>T\u00f5hus<\/li>\n<li>Mugav vorm<\/li>\n<li>Kvaliteet Joodi allikas<\/li>\n<\/ul>\n","protected":false},"featured_media":85139,"comment_status":"open","ping_status":"closed","template":"","meta":[],"product_brand":[],"product_cat":[1329,1454,536],"product_tag":[5414,3982,3983,1924],"giftcard-category":[],"class_list":{"0":"post-85140","1":"product","2":"type-product","3":"status-publish","4":"has-post-thumbnail","6":"product_cat-ostrovit-en","7":"product_cat-superfoods-health-foods-en","8":"product_cat-vitamins-and-minerals-en","9":"product_tag-iodine-en","10":"product_tag-jood-en","11":"product_tag-joodi-tabletid-en","12":"product_tag-ostrovit-en","13":"pa_kogus-120-tablets","14":"pa_toidulisand-branddd-ostrovit","15":"pa_tootegruppp-supertoit-tervisetoit-en","16":"pa_tootegruppp-vitamins-and-minerals","18":"first","19":"instock","20":"sale","21":"taxable","22":"shipping-taxable","23":"purchasable","24":"product-type-simple"},"yoast_head":"<!-- This site is optimized with the Yoast SEO plugin v27.3 - https:\/\/yoast.com\/product\/yoast-seo-wordpress\/ -->\n<title>Jood (kaaliumist) Iodine 200 \u03bcg (120tabs) - Joodi tabletid - Parim Hind - Fit360<\/title>\n<meta name=\"description\" content=\"OstroVit Jood (Kaaliumjodiinist) 200 \u03bcg on kvaliteetne toidulisand, mis on kaaliumjodiidi kujul joodi allikas. Jood\u00a0aitab s\u00e4ilitada \u00f5igeid kognitiivsei...\" \/>\n<meta name=\"robots\" content=\"index, follow, max-snippet:-1, max-image-preview:large, max-video-preview:-1\" \/>\n<link rel=\"canonical\" href=\"https:\/\/fit360.ee\/en\/pood\/product-groups\/vitamins-and-minerals-en\/potassium-iodide-200-\u03bcg-120tabs\/\" \/>\n<meta property=\"og:locale\" content=\"en_US\" \/>\n<meta property=\"og:type\" content=\"article\" \/>\n<meta property=\"og:title\" content=\"Jood (kaaliumist) Iodine 200 \u03bcg (120tabs) - Joodi tabletid - Parim Hind - Fit360\" \/>\n<meta property=\"og:description\" content=\"OstroVit Jood (Kaaliumjodiinist) 200 \u03bcg on kvaliteetne toidulisand, mis on kaaliumjodiidi kujul joodi allikas. Jood\u00a0aitab s\u00e4ilitada \u00f5igeid kognitiivsei...\" \/>\n<meta property=\"og:url\" content=\"https:\/\/fit360.ee\/en\/pood\/product-groups\/vitamins-and-minerals-en\/potassium-iodide-200-\u03bcg-120tabs\/\" \/>\n<meta property=\"og:site_name\" content=\"Fit360\" \/>\n<meta property=\"article:modified_time\" content=\"2025-08-13T05:36:44+00:00\" \/>\n<meta property=\"og:image\" content=\"https:\/\/fit360.ee\/wp-content\/uploads\/2024\/12\/jood-joodi-tabletid-fit360.ee-1.png\" \/>\n\t<meta property=\"og:image:width\" content=\"450\" \/>\n\t<meta property=\"og:image:height\" content=\"450\" \/>\n\t<meta property=\"og:image:type\" content=\"image\/png\" \/>\n<meta name=\"twitter:card\" content=\"summary_large_image\" \/>\n<meta name=\"twitter:label1\" content=\"Est. reading time\" \/>\n\t<meta name=\"twitter:data1\" content=\"2 minutes\" \/>\n<script type=\"application\/ld+json\" class=\"yoast-schema-graph\">{\"@context\":\"https:\\\/\\\/schema.org\",\"@graph\":[{\"@type\":\"WebPage\",\"@id\":\"https:\\\/\\\/fit360.ee\\\/en\\\/pood\\\/product-groups\\\/vitamins-and-minerals-en\\\/potassium-iodide-200-%ce%bcg-120tabs\\\/\",\"url\":\"https:\\\/\\\/fit360.ee\\\/en\\\/pood\\\/product-groups\\\/vitamins-and-minerals-en\\\/potassium-iodide-200-%ce%bcg-120tabs\\\/\",\"name\":\"Jood (kaaliumist) Iodine 200 \u03bcg (120tabs) - Joodi tabletid - Parim Hind - Fit360\",\"isPartOf\":{\"@id\":\"https:\\\/\\\/fit360.ee\\\/en\\\/#website\"},\"primaryImageOfPage\":{\"@id\":\"https:\\\/\\\/fit360.ee\\\/en\\\/pood\\\/product-groups\\\/vitamins-and-minerals-en\\\/potassium-iodide-200-%ce%bcg-120tabs\\\/#primaryimage\"},\"image\":{\"@id\":\"https:\\\/\\\/fit360.ee\\\/en\\\/pood\\\/product-groups\\\/vitamins-and-minerals-en\\\/potassium-iodide-200-%ce%bcg-120tabs\\\/#primaryimage\"},\"thumbnailUrl\":\"https:\\\/\\\/fit360.ee\\\/wp-content\\\/uploads\\\/2024\\\/12\\\/jood-joodi-tabletid-fit360.ee-1.png\",\"datePublished\":\"2024-12-14T09:22:43+00:00\",\"dateModified\":\"2025-08-13T05:36:44+00:00\",\"description\":\"OstroVit Jood (Kaaliumjodiinist) 200 \u03bcg on kvaliteetne toidulisand, mis on kaaliumjodiidi kujul joodi allikas. Jood\u00a0aitab s\u00e4ilitada \u00f5igeid kognitiivsei...\",\"breadcrumb\":{\"@id\":\"https:\\\/\\\/fit360.ee\\\/en\\\/pood\\\/product-groups\\\/vitamins-and-minerals-en\\\/potassium-iodide-200-%ce%bcg-120tabs\\\/#breadcrumb\"},\"inLanguage\":\"en-US\",\"potentialAction\":[{\"@type\":\"ReadAction\",\"target\":[\"https:\\\/\\\/fit360.ee\\\/en\\\/pood\\\/product-groups\\\/vitamins-and-minerals-en\\\/potassium-iodide-200-%ce%bcg-120tabs\\\/\"]}]},{\"@type\":\"ImageObject\",\"inLanguage\":\"en-US\",\"@id\":\"https:\\\/\\\/fit360.ee\\\/en\\\/pood\\\/product-groups\\\/vitamins-and-minerals-en\\\/potassium-iodide-200-%ce%bcg-120tabs\\\/#primaryimage\",\"url\":\"https:\\\/\\\/fit360.ee\\\/wp-content\\\/uploads\\\/2024\\\/12\\\/jood-joodi-tabletid-fit360.ee-1.png\",\"contentUrl\":\"https:\\\/\\\/fit360.ee\\\/wp-content\\\/uploads\\\/2024\\\/12\\\/jood-joodi-tabletid-fit360.ee-1.png\",\"width\":450,\"height\":450,\"caption\":\"jood joodi tabletid - fit360.ee\"},{\"@type\":\"BreadcrumbList\",\"@id\":\"https:\\\/\\\/fit360.ee\\\/en\\\/pood\\\/product-groups\\\/vitamins-and-minerals-en\\\/potassium-iodide-200-%ce%bcg-120tabs\\\/#breadcrumb\",\"itemListElement\":[{\"@type\":\"ListItem\",\"position\":1,\"name\":\"Home\",\"item\":\"https:\\\/\\\/fit360.ee\\\/en\\\/\"},{\"@type\":\"ListItem\",\"position\":2,\"name\":\"Shop\",\"item\":\"https:\\\/\\\/fit360.ee\\\/en\\\/shop\\\/\"},{\"@type\":\"ListItem\",\"position\":3,\"name\":\"Jood (kaaliumist) Iodine 200 \u03bcg (120tabs)\"}]},{\"@type\":\"WebSite\",\"@id\":\"https:\\\/\\\/fit360.ee\\\/en\\\/#website\",\"url\":\"https:\\\/\\\/fit360.ee\\\/en\\\/\",\"name\":\"Fit360\",\"description\":\"\",\"publisher\":{\"@id\":\"https:\\\/\\\/fit360.ee\\\/en\\\/#organization\"},\"potentialAction\":[{\"@type\":\"SearchAction\",\"target\":{\"@type\":\"EntryPoint\",\"urlTemplate\":\"https:\\\/\\\/fit360.ee\\\/en\\\/?s={search_term_string}\"},\"query-input\":{\"@type\":\"PropertyValueSpecification\",\"valueRequired\":true,\"valueName\":\"search_term_string\"}}],\"inLanguage\":\"en-US\"},{\"@type\":\"Organization\",\"@id\":\"https:\\\/\\\/fit360.ee\\\/en\\\/#organization\",\"name\":\"Fit360\",\"url\":\"https:\\\/\\\/fit360.ee\\\/en\\\/\",\"logo\":{\"@type\":\"ImageObject\",\"inLanguage\":\"en-US\",\"@id\":\"https:\\\/\\\/fit360.ee\\\/en\\\/#\\\/schema\\\/logo\\\/image\\\/\",\"url\":\"https:\\\/\\\/fit360.ee\\\/wp-content\\\/uploads\\\/2017\\\/01\\\/logo-fit360.png\",\"contentUrl\":\"https:\\\/\\\/fit360.ee\\\/wp-content\\\/uploads\\\/2017\\\/01\\\/logo-fit360.png\",\"width\":180,\"height\":66,\"caption\":\"Fit360\"},\"image\":{\"@id\":\"https:\\\/\\\/fit360.ee\\\/en\\\/#\\\/schema\\\/logo\\\/image\\\/\"}}]}<\/script>\n<!-- \/ Yoast SEO plugin. -->","yoast_head_json":{"title":"Jood (kaaliumist) Iodine 200 \u03bcg (120tabs) - Joodi tabletid - Parim Hind - Fit360","description":"OstroVit Jood (Kaaliumjodiinist) 200 \u03bcg on kvaliteetne toidulisand, mis on kaaliumjodiidi kujul joodi allikas. Jood\u00a0aitab s\u00e4ilitada \u00f5igeid kognitiivsei...","robots":{"index":"index","follow":"follow","max-snippet":"max-snippet:-1","max-image-preview":"max-image-preview:large","max-video-preview":"max-video-preview:-1"},"canonical":"https:\/\/fit360.ee\/en\/pood\/product-groups\/vitamins-and-minerals-en\/potassium-iodide-200-\u03bcg-120tabs\/","og_locale":"en_US","og_type":"article","og_title":"Jood (kaaliumist) Iodine 200 \u03bcg (120tabs) - Joodi tabletid - Parim Hind - Fit360","og_description":"OstroVit Jood (Kaaliumjodiinist) 200 \u03bcg on kvaliteetne toidulisand, mis on kaaliumjodiidi kujul joodi allikas. Jood\u00a0aitab s\u00e4ilitada \u00f5igeid kognitiivsei...","og_url":"https:\/\/fit360.ee\/en\/pood\/product-groups\/vitamins-and-minerals-en\/potassium-iodide-200-\u03bcg-120tabs\/","og_site_name":"Fit360","article_modified_time":"2025-08-13T05:36:44+00:00","og_image":[{"width":450,"height":450,"url":"https:\/\/fit360.ee\/wp-content\/uploads\/2024\/12\/jood-joodi-tabletid-fit360.ee-1.png","type":"image\/png"}],"twitter_card":"summary_large_image","twitter_misc":{"Est. reading time":"2 minutes"},"schema":{"@context":"https:\/\/schema.org","@graph":[{"@type":"WebPage","@id":"https:\/\/fit360.ee\/en\/pood\/product-groups\/vitamins-and-minerals-en\/potassium-iodide-200-%ce%bcg-120tabs\/","url":"https:\/\/fit360.ee\/en\/pood\/product-groups\/vitamins-and-minerals-en\/potassium-iodide-200-%ce%bcg-120tabs\/","name":"Jood (kaaliumist) Iodine 200 \u03bcg (120tabs) - Joodi tabletid - Parim Hind - Fit360","isPartOf":{"@id":"https:\/\/fit360.ee\/en\/#website"},"primaryImageOfPage":{"@id":"https:\/\/fit360.ee\/en\/pood\/product-groups\/vitamins-and-minerals-en\/potassium-iodide-200-%ce%bcg-120tabs\/#primaryimage"},"image":{"@id":"https:\/\/fit360.ee\/en\/pood\/product-groups\/vitamins-and-minerals-en\/potassium-iodide-200-%ce%bcg-120tabs\/#primaryimage"},"thumbnailUrl":"https:\/\/fit360.ee\/wp-content\/uploads\/2024\/12\/jood-joodi-tabletid-fit360.ee-1.png","datePublished":"2024-12-14T09:22:43+00:00","dateModified":"2025-08-13T05:36:44+00:00","description":"OstroVit Jood (Kaaliumjodiinist) 200 \u03bcg on kvaliteetne toidulisand, mis on kaaliumjodiidi kujul joodi allikas. Jood\u00a0aitab s\u00e4ilitada \u00f5igeid kognitiivsei...","breadcrumb":{"@id":"https:\/\/fit360.ee\/en\/pood\/product-groups\/vitamins-and-minerals-en\/potassium-iodide-200-%ce%bcg-120tabs\/#breadcrumb"},"inLanguage":"en-US","potentialAction":[{"@type":"ReadAction","target":["https:\/\/fit360.ee\/en\/pood\/product-groups\/vitamins-and-minerals-en\/potassium-iodide-200-%ce%bcg-120tabs\/"]}]},{"@type":"ImageObject","inLanguage":"en-US","@id":"https:\/\/fit360.ee\/en\/pood\/product-groups\/vitamins-and-minerals-en\/potassium-iodide-200-%ce%bcg-120tabs\/#primaryimage","url":"https:\/\/fit360.ee\/wp-content\/uploads\/2024\/12\/jood-joodi-tabletid-fit360.ee-1.png","contentUrl":"https:\/\/fit360.ee\/wp-content\/uploads\/2024\/12\/jood-joodi-tabletid-fit360.ee-1.png","width":450,"height":450,"caption":"jood joodi tabletid - fit360.ee"},{"@type":"BreadcrumbList","@id":"https:\/\/fit360.ee\/en\/pood\/product-groups\/vitamins-and-minerals-en\/potassium-iodide-200-%ce%bcg-120tabs\/#breadcrumb","itemListElement":[{"@type":"ListItem","position":1,"name":"Home","item":"https:\/\/fit360.ee\/en\/"},{"@type":"ListItem","position":2,"name":"Shop","item":"https:\/\/fit360.ee\/en\/shop\/"},{"@type":"ListItem","position":3,"name":"Jood (kaaliumist) Iodine 200 \u03bcg (120tabs)"}]},{"@type":"WebSite","@id":"https:\/\/fit360.ee\/en\/#website","url":"https:\/\/fit360.ee\/en\/","name":"Fit360","description":"","publisher":{"@id":"https:\/\/fit360.ee\/en\/#organization"},"potentialAction":[{"@type":"SearchAction","target":{"@type":"EntryPoint","urlTemplate":"https:\/\/fit360.ee\/en\/?s={search_term_string}"},"query-input":{"@type":"PropertyValueSpecification","valueRequired":true,"valueName":"search_term_string"}}],"inLanguage":"en-US"},{"@type":"Organization","@id":"https:\/\/fit360.ee\/en\/#organization","name":"Fit360","url":"https:\/\/fit360.ee\/en\/","logo":{"@type":"ImageObject","inLanguage":"en-US","@id":"https:\/\/fit360.ee\/en\/#\/schema\/logo\/image\/","url":"https:\/\/fit360.ee\/wp-content\/uploads\/2017\/01\/logo-fit360.png","contentUrl":"https:\/\/fit360.ee\/wp-content\/uploads\/2017\/01\/logo-fit360.png","width":180,"height":66,"caption":"Fit360"},"image":{"@id":"https:\/\/fit360.ee\/en\/#\/schema\/logo\/image\/"}}]}},"_links":{"self":[{"href":"https:\/\/fit360.ee\/en\/wp-json\/wp\/v2\/product\/85140","targetHints":{"allow":["GET"]}}],"collection":[{"href":"https:\/\/fit360.ee\/en\/wp-json\/wp\/v2\/product"}],"about":[{"href":"https:\/\/fit360.ee\/en\/wp-json\/wp\/v2\/types\/product"}],"replies":[{"embeddable":true,"href":"https:\/\/fit360.ee\/en\/wp-json\/wp\/v2\/comments?post=85140"}],"wp:featuredmedia":[{"embeddable":true,"href":"https:\/\/fit360.ee\/en\/wp-json\/wp\/v2\/media\/85139"}],"wp:attachment":[{"href":"https:\/\/fit360.ee\/en\/wp-json\/wp\/v2\/media?parent=85140"}],"wp:term":[{"taxonomy":"product_brand","embeddable":true,"href":"https:\/\/fit360.ee\/en\/wp-json\/wp\/v2\/product_brand?post=85140"},{"taxonomy":"product_cat","embeddable":true,"href":"https:\/\/fit360.ee\/en\/wp-json\/wp\/v2\/product_cat?post=85140"},{"taxonomy":"product_tag","embeddable":true,"href":"https:\/\/fit360.ee\/en\/wp-json\/wp\/v2\/product_tag?post=85140"},{"taxonomy":"giftcard-category","embeddable":true,"href":"https:\/\/fit360.ee\/en\/wp-json\/wp\/v2\/giftcard-category?post=85140"}],"curies":[{"name":"wp","href":"https:\/\/api.w.org\/{rel}","templated":true}]}}