{"id":85144,"date":"2024-12-14T11:22:43","date_gmt":"2024-12-14T09:22:43","guid":{"rendered":"https:\/\/fit360.ee\/pood\/uncategorized\/berberis-extract-vege-100g\/"},"modified":"2026-04-10T14:42:33","modified_gmt":"2026-04-10T12:42:33","slug":"berberis-extract-vege-100g","status":"publish","type":"product","link":"https:\/\/fit360.ee\/en\/pood\/product-groups\/superfoods-health-foods-en\/berberine-en\/berberis-extract-vege-100g\/","title":{"rendered":"Berberis Extract vege (100g)"},"content":{"rendered":"<h2><strong>Berberis Extract<\/strong><\/h2>\n<p>OstroVit Berberis Extract on kvaliteetne toidulisand, mis sisaldab lodjapuu juureekstrakti, mis on standarditud 2% berberiinini. Tegemist on lihtsa koostisega preparaadiga, mis ei sisalda tarbetuid lisa- ja t\u00e4iteaineid. See on pulbri kujul toode, mis on loodud inimestele, kes soovivad t\u00e4iendada oma igap\u00e4evast toitumist v\u00e4\u00e4rtuslike koostisosadega.<\/p>\n<ul class=\"cm__list\">\n<li>\u00dcks toidulisandi portsjon annab kehale\u00a0<strong>500 mg lodjapuujuure ekstrakti, mis on standardiseeritud 2% berberiiniga<\/strong>\u00a0.<\/li>\n<li><strong>Lihtne koostis<\/strong>\u00a0\u2013 toode sisaldab ainult lodjapuu ekstrakti, ilma tarbetute lisandite ja t\u00e4iteaineteta.<\/li>\n<li><strong>1 portsjon = 2 kulbit\u00e4it<\/strong>\u00a0.<\/li>\n<li><strong>T\u00f5husus<\/strong>\u00a0&#8211; tootepakendis on 200 portsjonit preparaati, millest piisab \u00fcle poole aasta regulaarseks toidulisandiks.<\/li>\n<li><strong>Mugav vorm<\/strong>\u00a0&#8211; pulbrina saadaval olev preparaat tagab toidulisandi t\u00f5rgeteta tarnimise ja sobib suurep\u00e4raselt inimestele, kellel on raskusi tablettide neelamisega.<\/li>\n<li><strong>Sobib taimetoitlastele ja veganitele<\/strong>\u00a0\u2013 toode ei sisalda loomset p\u00e4ritolu koostisosi.<\/li>\n<\/ul>\n<h4 class=\"cm__heading\"><strong>OstroVit Barberry Extract \u2013 v\u00e4\u00e4rtuslik toidulisand<\/strong><\/h4>\n<p><strong>Lodjapuu<\/strong>\u00a0, mida nimetatakse lodjapuuks, on lodjapuu perekonnast p\u00e4rit p\u00f5\u00f5sas, mis kasvab looduslikult Euroopas, aga ka P\u00f5hja-Aafrikas ja Aasia l\u00e4\u00e4neosas, kuigi r\u00e4nde t\u00f5ttu v\u00f5ib taime kohata ka mujal maailmas. Lodjapuup\u00f5\u00f5sas v\u00f5ib ulatuda kuni 3 meetri k\u00f5rguseks ning selle kobaratesse kogunenud kuldkollastele \u00f5itele on iseloomulik intensiivne l\u00f5hn. Taime juur sisaldab ainet nimega berberiin, keemiline \u00fchend isokinoliini alkaloidide r\u00fchmast, mida kasutatakse toidulisandite v\u00e4\u00e4rtusliku koostisosana.<\/p>\n<p>OstroVit preparaadis kasutatakse lodjapuu ekstrakti, mis on standardiseeritud 2% <a href=\"https:\/\/fit360.ee\/en\/product-category\/product-groups\/superfoods-health-foods-en\/berberine-en\/\"><strong>berberiiniga<\/strong><\/a>, mis m\u00f5jutab positiivselt toidulisandi kvaliteeti ja tagab soovitud aine k\u00f5rge sisalduse igas toote portsjonis.<\/p>\n<p><strong>Koostisosad<\/strong>: Lodjapuu juure ekstrakt (<em>Berberis aristata DC<\/em>.) standardiseeritud 2% berberiiniga.<\/p>\n<p>Toode v\u00f5ib sisaldada piima (sh laktoosi), soja, maap\u00e4hkleid, muid p\u00e4hkleid, seesamiseemneid, gluteeni sisaldavaid teravilju, mune, v\u00e4hilaadseid, kala<\/p>\n<p><strong>Kasutamine<\/strong>: V\u00f5tke 1 portsjon \u2013 500 mg (2 lusikat\u00e4it) p\u00e4evas koos toiduga, joogiveega. Palun kasutage pakendis olevat m\u00f5\u00f5tetopsi (0,5 ml).<\/p>\n<p>\u00c4rge \u00fcletage soovitatavat \u00f6\u00f6p\u00e4evast kogust. Toidulisandit ei saa kasutada mitmek\u00fclgse toitumise asendajana. Soovitatav on tasakaalustatud toitumine ja tervislik eluviis. \u00c4rge tarbige, kui olete m\u00f5ne toote koostisosa suhtes allergiline. Toodet ei tohi kasutada lapsed, rasedad ja imetavad emad. Hoida v\u00e4ikelastele k\u00e4ttesaamatus kohas.<\/p>\n<p><strong>Suurus<\/strong>: 100g<\/p>\n<section class=\"projector__description--nutritional row\" data-selector=\".--nutritional\">\n<div class=\"col-12 col-md-10 col-lg-8\">\n<div class=\"--nutrit\">\n<div class=\"nutrition_table_wrapper\">\n<div class=\"table_wrapper\">\n<table>\n<tbody>\n<tr>\n<th>Aktiivsed koostisained<\/th>\n<th>Portsjoni kohta<\/th>\n<\/tr>\n<tr>\n<td>Lodjapuu juure ekstrakt:<\/td>\n<td>500 mg<\/td>\n<\/tr>\n<tr class=\"sub\">\n<td>&#8211; sealhulgas berberiin (2%)<\/td>\n<td>10 mg<\/td>\n<\/tr>\n<\/tbody>\n<\/table>\n<p>Vaata ka meie teisi Berberiine <a href=\"https:\/\/fit360.ee\/en\/product-category\/product-groups\/superfoods-health-foods-en\/berberine-en\/\"><strong>SIIT<\/strong><\/a> v\u00f5i Supertoite <a href=\"https:\/\/fit360.ee\/en\/product-category\/product-groups\/superfoods-health-foods-en\/\"><strong>SIIT<\/strong><\/a>!<\/p>\n<p>Soovid kaupa osta suuremas koguses? Vaata antud toodet ka meie HULGI poest\u00a0<a href=\"https:\/\/toidulisandidhulgi.ee\/tooted\/berberis-extract-vege-100g\/\"><strong>SIIT<\/strong><\/a>!<\/p>\n<\/div>\n<\/div>\n<\/div>\n<\/div>\n<\/section>\n","protected":false},"excerpt":{"rendered":"<ul>\n<li>Lihtne koostis ilma tarbetute lisaaineteta<\/li>\n<li>Mugav vorm<\/li>\n<li>T\u00f5hus<\/li>\n<li>Berberiini allikas<\/li>\n<\/ul>\n","protected":false},"featured_media":85143,"comment_status":"open","ping_status":"closed","template":"","meta":[],"product_brand":[],"product_cat":[5350,2485,1329,1454,1201],"product_tag":[2756,5416,1924],"giftcard-category":[],"class_list":{"0":"post-85144","1":"product","2":"type-product","3":"status-publish","4":"has-post-thumbnail","6":"product_cat-berberine-en","7":"product_cat-brain-support-nootropics-en","8":"product_cat-ostrovit-en","9":"product_cat-superfoods-health-foods-en","10":"product_cat-1201","11":"product_tag-berberiin-en","12":"product_tag-berberis-extract-en","13":"product_tag-ostrovit-en","14":"pa_kogus-100g-en","15":"pa_toidulisand-branddd-ostrovit","16":"pa_tootegruppp-aju-tegevus-nootropics-en","17":"pa_tootegruppp-berberiin-en","18":"pa_tootegruppp-supertoit-tervisetoit-en","19":"pa_tootegruppp-vegan-en","21":"first","22":"instock","23":"sale","24":"taxable","25":"shipping-taxable","26":"purchasable","27":"product-type-simple"},"yoast_head":"<!-- This site is optimized with the Yoast SEO plugin v27.3 - https:\/\/yoast.com\/product\/yoast-seo-wordpress\/ -->\n<title>Berberis Extract vege (100g) - Berberiini ekstrakt - Parim Hind - Fit360<\/title>\n<meta name=\"description\" content=\"Berberis Extract on kvaliteetne toidulisand, mis sisaldab lodjapuu juureekstrakti, mis on standarditud 2% berberiinini. Tegemist on lihtsa koostisega prep..\" \/>\n<meta name=\"robots\" content=\"index, follow, max-snippet:-1, max-image-preview:large, max-video-preview:-1\" \/>\n<link rel=\"canonical\" href=\"https:\/\/fit360.ee\/en\/pood\/product-groups\/superfoods-health-foods-en\/berberine-en\/berberis-extract-vege-100g\/\" \/>\n<meta property=\"og:locale\" content=\"en_US\" \/>\n<meta property=\"og:type\" content=\"article\" \/>\n<meta property=\"og:title\" content=\"Berberis Extract vege (100g) - Berberiini ekstrakt - Parim Hind - Fit360\" \/>\n<meta property=\"og:description\" content=\"Berberis Extract on kvaliteetne toidulisand, mis sisaldab lodjapuu juureekstrakti, mis on standarditud 2% berberiinini. Tegemist on lihtsa koostisega prep..\" \/>\n<meta property=\"og:url\" content=\"https:\/\/fit360.ee\/en\/pood\/product-groups\/superfoods-health-foods-en\/berberine-en\/berberis-extract-vege-100g\/\" \/>\n<meta property=\"og:site_name\" content=\"Fit360\" \/>\n<meta property=\"article:modified_time\" content=\"2026-04-10T12:42:33+00:00\" \/>\n<meta property=\"og:image\" content=\"https:\/\/fit360.ee\/wp-content\/uploads\/2024\/12\/berberis-extract-berberiin-fit360.ee-1.png\" \/>\n\t<meta property=\"og:image:width\" content=\"450\" \/>\n\t<meta property=\"og:image:height\" content=\"450\" \/>\n\t<meta property=\"og:image:type\" content=\"image\/png\" \/>\n<meta name=\"twitter:card\" content=\"summary_large_image\" \/>\n<meta name=\"twitter:label1\" content=\"Est. reading time\" \/>\n\t<meta name=\"twitter:data1\" content=\"2 minutes\" \/>\n<script type=\"application\/ld+json\" class=\"yoast-schema-graph\">{\"@context\":\"https:\\\/\\\/schema.org\",\"@graph\":[{\"@type\":\"WebPage\",\"@id\":\"https:\\\/\\\/fit360.ee\\\/en\\\/pood\\\/product-groups\\\/superfoods-health-foods-en\\\/berberine-en\\\/berberis-extract-vege-100g\\\/\",\"url\":\"https:\\\/\\\/fit360.ee\\\/en\\\/pood\\\/product-groups\\\/superfoods-health-foods-en\\\/berberine-en\\\/berberis-extract-vege-100g\\\/\",\"name\":\"Berberis Extract vege (100g) - Berberiini ekstrakt - Parim Hind - Fit360\",\"isPartOf\":{\"@id\":\"https:\\\/\\\/fit360.ee\\\/en\\\/#website\"},\"primaryImageOfPage\":{\"@id\":\"https:\\\/\\\/fit360.ee\\\/en\\\/pood\\\/product-groups\\\/superfoods-health-foods-en\\\/berberine-en\\\/berberis-extract-vege-100g\\\/#primaryimage\"},\"image\":{\"@id\":\"https:\\\/\\\/fit360.ee\\\/en\\\/pood\\\/product-groups\\\/superfoods-health-foods-en\\\/berberine-en\\\/berberis-extract-vege-100g\\\/#primaryimage\"},\"thumbnailUrl\":\"https:\\\/\\\/fit360.ee\\\/wp-content\\\/uploads\\\/2024\\\/12\\\/berberis-extract-berberiin-fit360.ee-1.png\",\"datePublished\":\"2024-12-14T09:22:43+00:00\",\"dateModified\":\"2026-04-10T12:42:33+00:00\",\"description\":\"Berberis Extract on kvaliteetne toidulisand, mis sisaldab lodjapuu juureekstrakti, mis on standarditud 2% berberiinini. Tegemist on lihtsa koostisega prep..\",\"breadcrumb\":{\"@id\":\"https:\\\/\\\/fit360.ee\\\/en\\\/pood\\\/product-groups\\\/superfoods-health-foods-en\\\/berberine-en\\\/berberis-extract-vege-100g\\\/#breadcrumb\"},\"inLanguage\":\"en-US\",\"potentialAction\":[{\"@type\":\"ReadAction\",\"target\":[\"https:\\\/\\\/fit360.ee\\\/en\\\/pood\\\/product-groups\\\/superfoods-health-foods-en\\\/berberine-en\\\/berberis-extract-vege-100g\\\/\"]}]},{\"@type\":\"ImageObject\",\"inLanguage\":\"en-US\",\"@id\":\"https:\\\/\\\/fit360.ee\\\/en\\\/pood\\\/product-groups\\\/superfoods-health-foods-en\\\/berberine-en\\\/berberis-extract-vege-100g\\\/#primaryimage\",\"url\":\"https:\\\/\\\/fit360.ee\\\/wp-content\\\/uploads\\\/2024\\\/12\\\/berberis-extract-berberiin-fit360.ee-1.png\",\"contentUrl\":\"https:\\\/\\\/fit360.ee\\\/wp-content\\\/uploads\\\/2024\\\/12\\\/berberis-extract-berberiin-fit360.ee-1.png\",\"width\":450,\"height\":450,\"caption\":\"berberis extract berberiin - fit360.ee\"},{\"@type\":\"BreadcrumbList\",\"@id\":\"https:\\\/\\\/fit360.ee\\\/en\\\/pood\\\/product-groups\\\/superfoods-health-foods-en\\\/berberine-en\\\/berberis-extract-vege-100g\\\/#breadcrumb\",\"itemListElement\":[{\"@type\":\"ListItem\",\"position\":1,\"name\":\"Home\",\"item\":\"https:\\\/\\\/fit360.ee\\\/en\\\/\"},{\"@type\":\"ListItem\",\"position\":2,\"name\":\"Shop\",\"item\":\"https:\\\/\\\/fit360.ee\\\/en\\\/shop\\\/\"},{\"@type\":\"ListItem\",\"position\":3,\"name\":\"Berberis Extract vege (100g)\"}]},{\"@type\":\"WebSite\",\"@id\":\"https:\\\/\\\/fit360.ee\\\/en\\\/#website\",\"url\":\"https:\\\/\\\/fit360.ee\\\/en\\\/\",\"name\":\"Fit360\",\"description\":\"\",\"publisher\":{\"@id\":\"https:\\\/\\\/fit360.ee\\\/en\\\/#organization\"},\"potentialAction\":[{\"@type\":\"SearchAction\",\"target\":{\"@type\":\"EntryPoint\",\"urlTemplate\":\"https:\\\/\\\/fit360.ee\\\/en\\\/?s={search_term_string}\"},\"query-input\":{\"@type\":\"PropertyValueSpecification\",\"valueRequired\":true,\"valueName\":\"search_term_string\"}}],\"inLanguage\":\"en-US\"},{\"@type\":\"Organization\",\"@id\":\"https:\\\/\\\/fit360.ee\\\/en\\\/#organization\",\"name\":\"Fit360\",\"url\":\"https:\\\/\\\/fit360.ee\\\/en\\\/\",\"logo\":{\"@type\":\"ImageObject\",\"inLanguage\":\"en-US\",\"@id\":\"https:\\\/\\\/fit360.ee\\\/en\\\/#\\\/schema\\\/logo\\\/image\\\/\",\"url\":\"https:\\\/\\\/fit360.ee\\\/wp-content\\\/uploads\\\/2017\\\/01\\\/logo-fit360.png\",\"contentUrl\":\"https:\\\/\\\/fit360.ee\\\/wp-content\\\/uploads\\\/2017\\\/01\\\/logo-fit360.png\",\"width\":180,\"height\":66,\"caption\":\"Fit360\"},\"image\":{\"@id\":\"https:\\\/\\\/fit360.ee\\\/en\\\/#\\\/schema\\\/logo\\\/image\\\/\"}}]}<\/script>\n<!-- \/ Yoast SEO plugin. -->","yoast_head_json":{"title":"Berberis Extract vege (100g) - Berberiini ekstrakt - Parim Hind - Fit360","description":"Berberis Extract on kvaliteetne toidulisand, mis sisaldab lodjapuu juureekstrakti, mis on standarditud 2% berberiinini. Tegemist on lihtsa koostisega prep..","robots":{"index":"index","follow":"follow","max-snippet":"max-snippet:-1","max-image-preview":"max-image-preview:large","max-video-preview":"max-video-preview:-1"},"canonical":"https:\/\/fit360.ee\/en\/pood\/product-groups\/superfoods-health-foods-en\/berberine-en\/berberis-extract-vege-100g\/","og_locale":"en_US","og_type":"article","og_title":"Berberis Extract vege (100g) - Berberiini ekstrakt - Parim Hind - Fit360","og_description":"Berberis Extract on kvaliteetne toidulisand, mis sisaldab lodjapuu juureekstrakti, mis on standarditud 2% berberiinini. Tegemist on lihtsa koostisega prep..","og_url":"https:\/\/fit360.ee\/en\/pood\/product-groups\/superfoods-health-foods-en\/berberine-en\/berberis-extract-vege-100g\/","og_site_name":"Fit360","article_modified_time":"2026-04-10T12:42:33+00:00","og_image":[{"width":450,"height":450,"url":"https:\/\/fit360.ee\/wp-content\/uploads\/2024\/12\/berberis-extract-berberiin-fit360.ee-1.png","type":"image\/png"}],"twitter_card":"summary_large_image","twitter_misc":{"Est. reading time":"2 minutes"},"schema":{"@context":"https:\/\/schema.org","@graph":[{"@type":"WebPage","@id":"https:\/\/fit360.ee\/en\/pood\/product-groups\/superfoods-health-foods-en\/berberine-en\/berberis-extract-vege-100g\/","url":"https:\/\/fit360.ee\/en\/pood\/product-groups\/superfoods-health-foods-en\/berberine-en\/berberis-extract-vege-100g\/","name":"Berberis Extract vege (100g) - Berberiini ekstrakt - Parim Hind - Fit360","isPartOf":{"@id":"https:\/\/fit360.ee\/en\/#website"},"primaryImageOfPage":{"@id":"https:\/\/fit360.ee\/en\/pood\/product-groups\/superfoods-health-foods-en\/berberine-en\/berberis-extract-vege-100g\/#primaryimage"},"image":{"@id":"https:\/\/fit360.ee\/en\/pood\/product-groups\/superfoods-health-foods-en\/berberine-en\/berberis-extract-vege-100g\/#primaryimage"},"thumbnailUrl":"https:\/\/fit360.ee\/wp-content\/uploads\/2024\/12\/berberis-extract-berberiin-fit360.ee-1.png","datePublished":"2024-12-14T09:22:43+00:00","dateModified":"2026-04-10T12:42:33+00:00","description":"Berberis Extract on kvaliteetne toidulisand, mis sisaldab lodjapuu juureekstrakti, mis on standarditud 2% berberiinini. Tegemist on lihtsa koostisega prep..","breadcrumb":{"@id":"https:\/\/fit360.ee\/en\/pood\/product-groups\/superfoods-health-foods-en\/berberine-en\/berberis-extract-vege-100g\/#breadcrumb"},"inLanguage":"en-US","potentialAction":[{"@type":"ReadAction","target":["https:\/\/fit360.ee\/en\/pood\/product-groups\/superfoods-health-foods-en\/berberine-en\/berberis-extract-vege-100g\/"]}]},{"@type":"ImageObject","inLanguage":"en-US","@id":"https:\/\/fit360.ee\/en\/pood\/product-groups\/superfoods-health-foods-en\/berberine-en\/berberis-extract-vege-100g\/#primaryimage","url":"https:\/\/fit360.ee\/wp-content\/uploads\/2024\/12\/berberis-extract-berberiin-fit360.ee-1.png","contentUrl":"https:\/\/fit360.ee\/wp-content\/uploads\/2024\/12\/berberis-extract-berberiin-fit360.ee-1.png","width":450,"height":450,"caption":"berberis extract berberiin - fit360.ee"},{"@type":"BreadcrumbList","@id":"https:\/\/fit360.ee\/en\/pood\/product-groups\/superfoods-health-foods-en\/berberine-en\/berberis-extract-vege-100g\/#breadcrumb","itemListElement":[{"@type":"ListItem","position":1,"name":"Home","item":"https:\/\/fit360.ee\/en\/"},{"@type":"ListItem","position":2,"name":"Shop","item":"https:\/\/fit360.ee\/en\/shop\/"},{"@type":"ListItem","position":3,"name":"Berberis Extract vege (100g)"}]},{"@type":"WebSite","@id":"https:\/\/fit360.ee\/en\/#website","url":"https:\/\/fit360.ee\/en\/","name":"Fit360","description":"","publisher":{"@id":"https:\/\/fit360.ee\/en\/#organization"},"potentialAction":[{"@type":"SearchAction","target":{"@type":"EntryPoint","urlTemplate":"https:\/\/fit360.ee\/en\/?s={search_term_string}"},"query-input":{"@type":"PropertyValueSpecification","valueRequired":true,"valueName":"search_term_string"}}],"inLanguage":"en-US"},{"@type":"Organization","@id":"https:\/\/fit360.ee\/en\/#organization","name":"Fit360","url":"https:\/\/fit360.ee\/en\/","logo":{"@type":"ImageObject","inLanguage":"en-US","@id":"https:\/\/fit360.ee\/en\/#\/schema\/logo\/image\/","url":"https:\/\/fit360.ee\/wp-content\/uploads\/2017\/01\/logo-fit360.png","contentUrl":"https:\/\/fit360.ee\/wp-content\/uploads\/2017\/01\/logo-fit360.png","width":180,"height":66,"caption":"Fit360"},"image":{"@id":"https:\/\/fit360.ee\/en\/#\/schema\/logo\/image\/"}}]}},"_links":{"self":[{"href":"https:\/\/fit360.ee\/en\/wp-json\/wp\/v2\/product\/85144","targetHints":{"allow":["GET"]}}],"collection":[{"href":"https:\/\/fit360.ee\/en\/wp-json\/wp\/v2\/product"}],"about":[{"href":"https:\/\/fit360.ee\/en\/wp-json\/wp\/v2\/types\/product"}],"replies":[{"embeddable":true,"href":"https:\/\/fit360.ee\/en\/wp-json\/wp\/v2\/comments?post=85144"}],"wp:featuredmedia":[{"embeddable":true,"href":"https:\/\/fit360.ee\/en\/wp-json\/wp\/v2\/media\/85143"}],"wp:attachment":[{"href":"https:\/\/fit360.ee\/en\/wp-json\/wp\/v2\/media?parent=85144"}],"wp:term":[{"taxonomy":"product_brand","embeddable":true,"href":"https:\/\/fit360.ee\/en\/wp-json\/wp\/v2\/product_brand?post=85144"},{"taxonomy":"product_cat","embeddable":true,"href":"https:\/\/fit360.ee\/en\/wp-json\/wp\/v2\/product_cat?post=85144"},{"taxonomy":"product_tag","embeddable":true,"href":"https:\/\/fit360.ee\/en\/wp-json\/wp\/v2\/product_tag?post=85144"},{"taxonomy":"giftcard-category","embeddable":true,"href":"https:\/\/fit360.ee\/en\/wp-json\/wp\/v2\/giftcard-category?post=85144"}],"curies":[{"name":"wp","href":"https:\/\/api.w.org\/{rel}","templated":true}]}}