{"id":85514,"date":"2025-01-03T14:51:02","date_gmt":"2025-01-03T12:51:02","guid":{"rendered":"https:\/\/fit360.ee\/pood\/uncategorized\/vitamin-d3-4000-iu-drops-30ml\/"},"modified":"2026-04-09T14:27:30","modified_gmt":"2026-04-09T12:27:30","slug":"vitamin-d3-4000-iu-drops-30ml","status":"publish","type":"product","link":"https:\/\/fit360.ee\/en\/pood\/product-groups\/vitamins-and-minerals-en\/d-vitamin-en\/vitamin-d3-4000-iu-drops-30ml\/","title":{"rendered":"Vitamin D3 4000 IU drops (30ml)"},"content":{"rendered":"<h2><strong>Vitamiin D tilgad<\/strong><\/h2>\n<p>OstroVit Pharma Vitamiin D tilgad 4000 IU on toidulisand, mis on D3-vitamiini allikas. See on OstroVit Pharma eliitsarja preparaat, mis on samuti rikastatud E-vitamiiniga, saadaval tilkade kujul, tagades toidulisandi h\u00e4ireteta manustamise. See on toode, mis on loodud teadlikule tarbijale, kes soovib oma igap\u00e4evast toitumist v\u00e4\u00e4rtuslike koostisosadega t\u00e4iendada.<\/p>\n<section class=\"cm__section\">\n<ul class=\"cm__list\">\n<li><strong>D3-vitamiini allikas<\/strong>\u00a0\u2013 \u00fcks tilk toidulisandit sisaldab 2000 R\u00dc kolekaltsiferooli.<\/li>\n<li><strong>Sisaldab E-vitamiini<\/strong>\u00a0\u2013 tilk preparaati varustab inimorganismi 1,8 mg D-alfa-tokofer\u00fc\u00fclatsetaatiga.<\/li>\n<li><strong>Rikastatud MCT \u00f5liga<\/strong>\u00a0\u2013 rasva lisamine toidulisandisse avaldab positiivset m\u00f5ju selles sisalduvate vitamiinide imendumisele.<\/li>\n<li><strong>1 portsjon = 1 v\u00f5i 2 tilka<\/strong>\u00a0.<\/li>\n<li><strong>T\u00f5husus<\/strong>\u00a0\u2013 toote pakend sisaldab olenevalt portsjonitest 1140 v\u00f5i 570 portsjonit toidulisandit.<\/li>\n<li><strong>Mugav vorm<\/strong>\u00a0&#8211; tilkade kujul olev preparaat tagab toidulisandi probleemideta manustamise ja sobib suurep\u00e4raselt inimestele, kellel on raskusi tablettide neelamisega.<\/li>\n<\/ul>\n<h2 class=\"cm__heading\"><strong>OstroVit Pharma vitamiin D3 4000 R\u00dc tilkadena \u2013 rikkalikult v\u00e4\u00e4rtuslikke mikroelemente<\/strong><\/h2>\n<p class=\"cm__text\"><strong>Vitamiin D tilgad<\/strong>, tuntud ka kui kolekaltsiferool, on steroidne orgaaniline keemiline \u00fchend, mis kuulub rasvlahustuvate vitamiinide r\u00fchma. Seega on koostisosa imendumine tihedalt seotud rasvade olemasoluga igap\u00e4evases toidus. D3-vitamiin on aine, mis tarnitakse organismi toiduga (seda leidub muuhulgas rasvases merekalas) ja ka naha s\u00fcnteesi teel. Seda s\u00e4ilitatakse aga peamiselt rasvkoes ja maksas.<\/p>\n<p><a href=\"https:\/\/fit360.ee\/en\/product-category\/product-groups\/vitamins-and-minerals-en\/e-vitamin-en\/\"><strong>E-vitamiin<\/strong><\/a>\u00a0on r\u00fchm orgaanilisi keemilisi \u00fchendeid, mis on klassifitseeritud rasvlahustuvateks vitamiinideks. See on \u00fchend, mis inimorganismis ladestub peamiselt rasvkoes ja ka neerupealistes. E-vitamiini toiduallikad h\u00f5lmavad taime\u00f5lisid, sealhulgas: oliivi\u00f5li ja p\u00e4evalille\u00f5li, samuti p\u00e4hklid ja teravilja idud.<\/p>\n<p>Preparaat OstroVit sisaldab D3-vitamiini ja E-vitamiini, mis t\u00e4iendavad selle toimet. Lisaks sisaldab toidulisand ka\u00a0\u00f5lipalmi seemnetest saadud\u00a0<strong><a href=\"https:\/\/fit360.ee\/en\/product-category\/product-groups\/superfoods-health-foods-en\/mct-oil-en\/\" target=\"_blank\" rel=\"noopener\">MCT-\u00f5li<\/a><\/strong><strong>\u00a0<\/strong>ehk keskmise ahelaga rasvhappeid, millel on kasulik m\u00f5ju \u00fchendite imendumisele. tootes olemas. T\u00e4nu preparaadi vedelal kujul kasutamisele saavad v\u00e4\u00e4rtuslikud ained vereringes\u00fcsteemi veelgi kiiremini tungida, mis avaldab positiivset m\u00f5ju toidulisandi efektiivsusele ja toimekiirusele.<\/p>\n<p>Kombinatsioon kolmest koostisosast, mis toetab Teie organismi igap\u00e4evast toimimist. K\u00f5rge D Vitamiini sisaldus kolekaltsiferooli kujul lanoliinist v\u00f5imaldab Teil end edukalt kaitsta nakkuste eest ja v\u00f5ib olla oluline tegur selliste haiguste nagu diabeet, h\u00fcpertensioon ja kasvaja ennetamisel.<\/p>\n<p>T\u00e4iendav koostisosa on E-vitamiin D-alfa-tokoferoolatsetaadi kujul. Sellel koostisosal on tugevad antioks\u00fcdantsed omadused, t\u00e4nu millele v\u00f5ib see kaitsta Teie organismi vabade radikaalide p\u00f5hjustatud haiguste eest. Toidulisandi aluseks on energiat andev MCT \u00f5li, mis on toode, mida soovitatakse eelk\u00f5ige f\u00fc\u00fcsiliselt aktiivsetele inimestele.<\/p>\n<ul>\n<li>Paranda immuunsust<\/li>\n<li>Aitab vh\u00e4endada diabeedi, h\u00fcpertensiooni ja kasvajate t\u00f5en\u00e4osust<\/li>\n<li>Aitab edendada veresoonkonna t\u00f6\u00f6d<\/li>\n<li>Aitab hoolitseda luude ja hammaste eest<\/li>\n<li>Aitab hoida oma keha eluj\u00f5udu<\/li>\n<\/ul>\n<h4 class=\"cm__heading\"><strong>OstroVit Pharma Vitamiin D3 4000 R\u00dc sisalduvate koostisosade omadused<\/strong><\/h4>\n<p class=\"cm__text\">Tootes sisalduv\u00a0<strong><a href=\"https:\/\/fit360.ee\/en\/product-category\/product-groups\/vitamins-and-minerals-en\/d-vitamin-en\/\" target=\"_blank\" rel=\"noopener\">D-vitamiin<\/a><\/strong>\u00a0aitab s\u00e4ilitada terveid luid ja hambaid ning lihaste korralikku talitlust ning veelgi enam \u2013 see toetab immuuns\u00fcsteemi n\u00f5uetekohast toimimist. \u00dchend aitab ka kaltsiumi ja fosfori \u00f5igel imendumisel ja kasutamisel ning kaltsiumi \u00f5ige taseme s\u00e4ilitamisel veres. Aine osaleb ka rakkude jagunemise protsessis.<\/p>\n<p><strong>Preparaadis kasutatav E-vitamiin<\/strong>\u00a0omakorda\u00a0toetab rakkude kaitset oks\u00fcdatiivse stressi eest.<\/p>\n<\/section>\n<section class=\"cm__section\">\n<h4 class=\"cm__heading\"><strong>Laboratoorselt kinnitatud kvaliteet<\/strong><\/h4>\n<p class=\"cm__text --bold\">Oma klientide tervise p\u00e4rast muretsedes testitakse meie toodetud tooteid regulaarselt s\u00f5ltumatus akrediteeritud laboris, et tagada ja s\u00e4ilitada k\u00f5rgeim kvaliteet.<\/p>\n<div class=\"--composition mb-4\">\n<p><strong>Koostisosad<\/strong>: MCT \u00f5li, mis sisaldab eeterlikest \u00f5lidest saadud keskmise ahelaga rasvhappeid, D-alfa-tokofer\u00fc\u00fclatsetaati (E-vitamiin), lanoliinist kolekaltsiferooli (D-vitamiin).<\/p>\n<p>Toode v\u00f5ib sisaldada piima (sh laktoosi), soja, maap\u00e4hkleid, muid p\u00e4hkleid, seesamiseemneid, gluteeni sisaldavaid teravilju, mune, v\u00e4hilaadseid, kala.<\/p>\n<p><strong>Kasutamine<\/strong>: Terved t\u00e4iskasvanud kuni 75-aastased &#8211; 1 tilk p\u00e4evas koos toiduga; terved \u00fcle 75-aastased t\u00e4iskasvanud &#8211; 2 tilka p\u00e4evas koos toiduga.<\/p>\n<p><strong>Enne kasutamist on soovitav teha 25-(OH)D vereanal\u00fc\u00fcs ja testi tulemusega konsulteerida arsti v\u00f5i apteekriga.<\/strong><\/p>\n<p>\u00c4rge \u00fcletage soovitatavat \u00f6\u00f6p\u00e4evast kogust. Toidulisandit ei saa kasutada mitmek\u00fclgse toitumise asendajana. Soovitatav on tasakaalustatud toitumine ja tervislik eluviis. \u00c4rge tarbige, kui olete m\u00f5ne toote koostisosa suhtes allergiline. Toodet ei tohi kasutada lapsed, rasedad ja imetavad emad. Hoida v\u00e4ikelastele k\u00e4ttesaamatus kohas.<\/p>\n<\/div>\n<div class=\"--nutrit\">\n<h3 class=\"--sublabel\"><strong>Toitev\u00e4\u00e4rtus<\/strong><\/h3>\n<div class=\"nutrition_table_wrapper\">\n<div class=\"top_info\"><label>Toote maht: 30 ml<\/label><\/div>\n<div class=\"top_info\"><label>Portsjonite arv pakendis: 1140 \/ 570<\/label><\/div>\n<div class=\"top_info\"><label>Portsjoni suurus: 1 tilk \/ 2 tilka<\/label><\/div>\n<div><\/div>\n<div class=\"table_wrapper\">\n<table>\n<tbody>\n<tr>\n<td width=\"117\"><strong>Aktiivsed toimeained<\/strong><\/td>\n<td width=\"120\"><strong>Serveeringu kohta (1tilk)<\/strong><\/td>\n<td width=\"150\"><strong>%SPK<\/strong><\/td>\n<td width=\"126\"><strong>2 serveeringu kohta ( 2 tilka)<\/strong><\/td>\n<td width=\"126\"><strong>%SPK<\/strong><\/td>\n<\/tr>\n<tr>\n<td width=\"117\">Vitamiin D3<\/td>\n<td width=\"120\">50 \u00b5g \/ 2000IU<\/td>\n<td width=\"150\">1000%<\/td>\n<td width=\"126\">100 \u00b5g \/ 4000 IU<\/td>\n<td width=\"126\">2000%<\/td>\n<\/tr>\n<tr>\n<td width=\"117\">Vitamiin E<\/td>\n<td width=\"120\">1,8 mg<\/td>\n<td width=\"150\">15%<\/td>\n<td width=\"126\">3,6 mg<\/td>\n<td width=\"126\">30%<\/td>\n<\/tr>\n<\/tbody>\n<\/table>\n<p>SPK &#8211; soovitatud p\u00e4evane kogus &#8211; pole kindlaks tehtud<\/p>\n<p>*SPK \u2013 Soovituslik p\u00e4evane kogus.<\/p>\n<p>Vaata ka meie teisi D Vitamiine <a href=\"https:\/\/fit360.ee\/en\/product-category\/product-groups\/vitamins-and-minerals-en\/d-vitamin-en\/\"><strong>SIIT<\/strong><\/a> v\u00f5i k\u00f5iki Vitamiine <a href=\"https:\/\/fit360.ee\/en\/product-category\/product-groups\/vitamins-and-minerals-en\/\"><strong>SIIT<\/strong><\/a>!<\/p>\n<p>Soovid kaupa osta suuremas koguses? Vaata antud toodet ka meie HULGI poest\u00a0<a href=\"https:\/\/toidulisandidhulgi.ee\/tooted\/vitamin-d3-4000-iu-drops-30ml\/\"><strong>SIIT<\/strong><\/a>!<\/p>\n<\/div>\n<\/div>\n<\/div>\n<\/section>\n","protected":false},"excerpt":{"rendered":"<ul>\n<li>D3 Vitamiini allikas<\/li>\n<li>E Vitamiini allikas<\/li>\n<li>MCT \u00f5li baasil<\/li>\n<li>Mugav tarbida<\/li>\n<\/ul>\n","protected":false},"featured_media":85513,"comment_status":"open","ping_status":"closed","template":"","meta":[],"product_brand":[],"product_cat":[1913,2283,5320,527,1329,536],"product_tag":[1958,1924,1931,5460],"giftcard-category":[],"class_list":{"0":"post-85514","1":"product","2":"type-product","3":"status-publish","4":"has-post-thumbnail","6":"product_cat-d-vitamin-en","7":"product_cat-e-vitamin-en","8":"product_cat-for-immunity-en","9":"product_cat-joint-support-en","10":"product_cat-ostrovit-en","11":"product_cat-vitamins-and-minerals-en","12":"product_tag-d-vitamiin-en","13":"product_tag-ostrovit-en","14":"product_tag-vitamiin-d-en","15":"product_tag-vitamiin-d-tilgad-en","16":"pa_kogus-30ml-en","17":"pa_toidulisand-branddd-ostrovit","18":"pa_tootegruppp-d-vitamiin-en","19":"pa_tootegruppp-e-vitamiin-en","20":"pa_tootegruppp-for-joints","21":"pa_tootegruppp-immuunsusteem-en","22":"pa_tootegruppp-vitamins-and-minerals","24":"first","25":"outofstock","26":"sale","27":"taxable","28":"shipping-taxable","29":"purchasable","30":"product-type-simple"},"yoast_head":"<!-- This site is optimized with the Yoast SEO plugin v27.3 - https:\/\/yoast.com\/product\/yoast-seo-wordpress\/ -->\n<title>Vitamin D3 4000 IU drops (30ml) - Vitamiin D tilgad - Kiire Tarne - Fit360<\/title>\n<meta name=\"description\" content=\"Vitamiin D tilgad, tuntud ka kui kolekaltsiferool, on steroidne orgaaniline keemiline \u00fchend, mis kuulub rasvlahustuvate vitamiinide r\u00fchma. Seega on koosti\" \/>\n<meta name=\"robots\" content=\"index, follow, max-snippet:-1, max-image-preview:large, max-video-preview:-1\" \/>\n<link rel=\"canonical\" href=\"https:\/\/fit360.ee\/en\/pood\/product-groups\/vitamins-and-minerals-en\/d-vitamin-en\/vitamin-d3-4000-iu-drops-30ml\/\" \/>\n<meta property=\"og:locale\" content=\"en_US\" \/>\n<meta property=\"og:type\" content=\"article\" \/>\n<meta property=\"og:title\" content=\"Vitamin D3 4000 IU drops (30ml) - Vitamiin D tilgad - Kiire Tarne - Fit360\" \/>\n<meta property=\"og:description\" content=\"Vitamiin D tilgad, tuntud ka kui kolekaltsiferool, on steroidne orgaaniline keemiline \u00fchend, mis kuulub rasvlahustuvate vitamiinide r\u00fchma. Seega on koosti\" \/>\n<meta property=\"og:url\" content=\"https:\/\/fit360.ee\/en\/pood\/product-groups\/vitamins-and-minerals-en\/d-vitamin-en\/vitamin-d3-4000-iu-drops-30ml\/\" \/>\n<meta property=\"og:site_name\" content=\"Fit360\" \/>\n<meta property=\"article:modified_time\" content=\"2026-04-09T12:27:30+00:00\" \/>\n<meta property=\"og:image\" content=\"https:\/\/fit360.ee\/wp-content\/uploads\/2025\/01\/vitamiin-d-tilgad-fit360.ee_.png\" \/>\n\t<meta property=\"og:image:width\" content=\"450\" \/>\n\t<meta property=\"og:image:height\" content=\"450\" \/>\n\t<meta property=\"og:image:type\" content=\"image\/png\" \/>\n<meta name=\"twitter:card\" content=\"summary_large_image\" \/>\n<meta name=\"twitter:label1\" content=\"Est. reading time\" \/>\n\t<meta name=\"twitter:data1\" content=\"4 minutes\" \/>\n<script type=\"application\/ld+json\" class=\"yoast-schema-graph\">{\"@context\":\"https:\\\/\\\/schema.org\",\"@graph\":[{\"@type\":\"WebPage\",\"@id\":\"https:\\\/\\\/fit360.ee\\\/en\\\/pood\\\/product-groups\\\/vitamins-and-minerals-en\\\/d-vitamin-en\\\/vitamin-d3-4000-iu-drops-30ml\\\/\",\"url\":\"https:\\\/\\\/fit360.ee\\\/en\\\/pood\\\/product-groups\\\/vitamins-and-minerals-en\\\/d-vitamin-en\\\/vitamin-d3-4000-iu-drops-30ml\\\/\",\"name\":\"Vitamin D3 4000 IU drops (30ml) - Vitamiin D tilgad - Kiire Tarne - Fit360\",\"isPartOf\":{\"@id\":\"https:\\\/\\\/fit360.ee\\\/en\\\/#website\"},\"primaryImageOfPage\":{\"@id\":\"https:\\\/\\\/fit360.ee\\\/en\\\/pood\\\/product-groups\\\/vitamins-and-minerals-en\\\/d-vitamin-en\\\/vitamin-d3-4000-iu-drops-30ml\\\/#primaryimage\"},\"image\":{\"@id\":\"https:\\\/\\\/fit360.ee\\\/en\\\/pood\\\/product-groups\\\/vitamins-and-minerals-en\\\/d-vitamin-en\\\/vitamin-d3-4000-iu-drops-30ml\\\/#primaryimage\"},\"thumbnailUrl\":\"https:\\\/\\\/fit360.ee\\\/wp-content\\\/uploads\\\/2025\\\/01\\\/vitamiin-d-tilgad-fit360.ee_.png\",\"datePublished\":\"2025-01-03T12:51:02+00:00\",\"dateModified\":\"2026-04-09T12:27:30+00:00\",\"description\":\"Vitamiin D tilgad, tuntud ka kui kolekaltsiferool, on steroidne orgaaniline keemiline \u00fchend, mis kuulub rasvlahustuvate vitamiinide r\u00fchma. Seega on koosti\",\"breadcrumb\":{\"@id\":\"https:\\\/\\\/fit360.ee\\\/en\\\/pood\\\/product-groups\\\/vitamins-and-minerals-en\\\/d-vitamin-en\\\/vitamin-d3-4000-iu-drops-30ml\\\/#breadcrumb\"},\"inLanguage\":\"en-US\",\"potentialAction\":[{\"@type\":\"ReadAction\",\"target\":[\"https:\\\/\\\/fit360.ee\\\/en\\\/pood\\\/product-groups\\\/vitamins-and-minerals-en\\\/d-vitamin-en\\\/vitamin-d3-4000-iu-drops-30ml\\\/\"]}]},{\"@type\":\"ImageObject\",\"inLanguage\":\"en-US\",\"@id\":\"https:\\\/\\\/fit360.ee\\\/en\\\/pood\\\/product-groups\\\/vitamins-and-minerals-en\\\/d-vitamin-en\\\/vitamin-d3-4000-iu-drops-30ml\\\/#primaryimage\",\"url\":\"https:\\\/\\\/fit360.ee\\\/wp-content\\\/uploads\\\/2025\\\/01\\\/vitamiin-d-tilgad-fit360.ee_.png\",\"contentUrl\":\"https:\\\/\\\/fit360.ee\\\/wp-content\\\/uploads\\\/2025\\\/01\\\/vitamiin-d-tilgad-fit360.ee_.png\",\"width\":450,\"height\":450,\"caption\":\"vitamiin d tilgad - fit360.ee\"},{\"@type\":\"BreadcrumbList\",\"@id\":\"https:\\\/\\\/fit360.ee\\\/en\\\/pood\\\/product-groups\\\/vitamins-and-minerals-en\\\/d-vitamin-en\\\/vitamin-d3-4000-iu-drops-30ml\\\/#breadcrumb\",\"itemListElement\":[{\"@type\":\"ListItem\",\"position\":1,\"name\":\"Home\",\"item\":\"https:\\\/\\\/fit360.ee\\\/en\\\/\"},{\"@type\":\"ListItem\",\"position\":2,\"name\":\"Shop\",\"item\":\"https:\\\/\\\/fit360.ee\\\/en\\\/shop\\\/\"},{\"@type\":\"ListItem\",\"position\":3,\"name\":\"Vitamin D3 4000 IU drops (30ml)\"}]},{\"@type\":\"WebSite\",\"@id\":\"https:\\\/\\\/fit360.ee\\\/en\\\/#website\",\"url\":\"https:\\\/\\\/fit360.ee\\\/en\\\/\",\"name\":\"Fit360\",\"description\":\"\",\"publisher\":{\"@id\":\"https:\\\/\\\/fit360.ee\\\/en\\\/#organization\"},\"potentialAction\":[{\"@type\":\"SearchAction\",\"target\":{\"@type\":\"EntryPoint\",\"urlTemplate\":\"https:\\\/\\\/fit360.ee\\\/en\\\/?s={search_term_string}\"},\"query-input\":{\"@type\":\"PropertyValueSpecification\",\"valueRequired\":true,\"valueName\":\"search_term_string\"}}],\"inLanguage\":\"en-US\"},{\"@type\":\"Organization\",\"@id\":\"https:\\\/\\\/fit360.ee\\\/en\\\/#organization\",\"name\":\"Fit360\",\"url\":\"https:\\\/\\\/fit360.ee\\\/en\\\/\",\"logo\":{\"@type\":\"ImageObject\",\"inLanguage\":\"en-US\",\"@id\":\"https:\\\/\\\/fit360.ee\\\/en\\\/#\\\/schema\\\/logo\\\/image\\\/\",\"url\":\"https:\\\/\\\/fit360.ee\\\/wp-content\\\/uploads\\\/2017\\\/01\\\/logo-fit360.png\",\"contentUrl\":\"https:\\\/\\\/fit360.ee\\\/wp-content\\\/uploads\\\/2017\\\/01\\\/logo-fit360.png\",\"width\":180,\"height\":66,\"caption\":\"Fit360\"},\"image\":{\"@id\":\"https:\\\/\\\/fit360.ee\\\/en\\\/#\\\/schema\\\/logo\\\/image\\\/\"}}]}<\/script>\n<!-- \/ Yoast SEO plugin. -->","yoast_head_json":{"title":"Vitamin D3 4000 IU drops (30ml) - Vitamiin D tilgad - Kiire Tarne - Fit360","description":"Vitamiin D tilgad, tuntud ka kui kolekaltsiferool, on steroidne orgaaniline keemiline \u00fchend, mis kuulub rasvlahustuvate vitamiinide r\u00fchma. Seega on koosti","robots":{"index":"index","follow":"follow","max-snippet":"max-snippet:-1","max-image-preview":"max-image-preview:large","max-video-preview":"max-video-preview:-1"},"canonical":"https:\/\/fit360.ee\/en\/pood\/product-groups\/vitamins-and-minerals-en\/d-vitamin-en\/vitamin-d3-4000-iu-drops-30ml\/","og_locale":"en_US","og_type":"article","og_title":"Vitamin D3 4000 IU drops (30ml) - Vitamiin D tilgad - Kiire Tarne - Fit360","og_description":"Vitamiin D tilgad, tuntud ka kui kolekaltsiferool, on steroidne orgaaniline keemiline \u00fchend, mis kuulub rasvlahustuvate vitamiinide r\u00fchma. Seega on koosti","og_url":"https:\/\/fit360.ee\/en\/pood\/product-groups\/vitamins-and-minerals-en\/d-vitamin-en\/vitamin-d3-4000-iu-drops-30ml\/","og_site_name":"Fit360","article_modified_time":"2026-04-09T12:27:30+00:00","og_image":[{"width":450,"height":450,"url":"https:\/\/fit360.ee\/wp-content\/uploads\/2025\/01\/vitamiin-d-tilgad-fit360.ee_.png","type":"image\/png"}],"twitter_card":"summary_large_image","twitter_misc":{"Est. reading time":"4 minutes"},"schema":{"@context":"https:\/\/schema.org","@graph":[{"@type":"WebPage","@id":"https:\/\/fit360.ee\/en\/pood\/product-groups\/vitamins-and-minerals-en\/d-vitamin-en\/vitamin-d3-4000-iu-drops-30ml\/","url":"https:\/\/fit360.ee\/en\/pood\/product-groups\/vitamins-and-minerals-en\/d-vitamin-en\/vitamin-d3-4000-iu-drops-30ml\/","name":"Vitamin D3 4000 IU drops (30ml) - Vitamiin D tilgad - Kiire Tarne - Fit360","isPartOf":{"@id":"https:\/\/fit360.ee\/en\/#website"},"primaryImageOfPage":{"@id":"https:\/\/fit360.ee\/en\/pood\/product-groups\/vitamins-and-minerals-en\/d-vitamin-en\/vitamin-d3-4000-iu-drops-30ml\/#primaryimage"},"image":{"@id":"https:\/\/fit360.ee\/en\/pood\/product-groups\/vitamins-and-minerals-en\/d-vitamin-en\/vitamin-d3-4000-iu-drops-30ml\/#primaryimage"},"thumbnailUrl":"https:\/\/fit360.ee\/wp-content\/uploads\/2025\/01\/vitamiin-d-tilgad-fit360.ee_.png","datePublished":"2025-01-03T12:51:02+00:00","dateModified":"2026-04-09T12:27:30+00:00","description":"Vitamiin D tilgad, tuntud ka kui kolekaltsiferool, on steroidne orgaaniline keemiline \u00fchend, mis kuulub rasvlahustuvate vitamiinide r\u00fchma. Seega on koosti","breadcrumb":{"@id":"https:\/\/fit360.ee\/en\/pood\/product-groups\/vitamins-and-minerals-en\/d-vitamin-en\/vitamin-d3-4000-iu-drops-30ml\/#breadcrumb"},"inLanguage":"en-US","potentialAction":[{"@type":"ReadAction","target":["https:\/\/fit360.ee\/en\/pood\/product-groups\/vitamins-and-minerals-en\/d-vitamin-en\/vitamin-d3-4000-iu-drops-30ml\/"]}]},{"@type":"ImageObject","inLanguage":"en-US","@id":"https:\/\/fit360.ee\/en\/pood\/product-groups\/vitamins-and-minerals-en\/d-vitamin-en\/vitamin-d3-4000-iu-drops-30ml\/#primaryimage","url":"https:\/\/fit360.ee\/wp-content\/uploads\/2025\/01\/vitamiin-d-tilgad-fit360.ee_.png","contentUrl":"https:\/\/fit360.ee\/wp-content\/uploads\/2025\/01\/vitamiin-d-tilgad-fit360.ee_.png","width":450,"height":450,"caption":"vitamiin d tilgad - fit360.ee"},{"@type":"BreadcrumbList","@id":"https:\/\/fit360.ee\/en\/pood\/product-groups\/vitamins-and-minerals-en\/d-vitamin-en\/vitamin-d3-4000-iu-drops-30ml\/#breadcrumb","itemListElement":[{"@type":"ListItem","position":1,"name":"Home","item":"https:\/\/fit360.ee\/en\/"},{"@type":"ListItem","position":2,"name":"Shop","item":"https:\/\/fit360.ee\/en\/shop\/"},{"@type":"ListItem","position":3,"name":"Vitamin D3 4000 IU drops (30ml)"}]},{"@type":"WebSite","@id":"https:\/\/fit360.ee\/en\/#website","url":"https:\/\/fit360.ee\/en\/","name":"Fit360","description":"","publisher":{"@id":"https:\/\/fit360.ee\/en\/#organization"},"potentialAction":[{"@type":"SearchAction","target":{"@type":"EntryPoint","urlTemplate":"https:\/\/fit360.ee\/en\/?s={search_term_string}"},"query-input":{"@type":"PropertyValueSpecification","valueRequired":true,"valueName":"search_term_string"}}],"inLanguage":"en-US"},{"@type":"Organization","@id":"https:\/\/fit360.ee\/en\/#organization","name":"Fit360","url":"https:\/\/fit360.ee\/en\/","logo":{"@type":"ImageObject","inLanguage":"en-US","@id":"https:\/\/fit360.ee\/en\/#\/schema\/logo\/image\/","url":"https:\/\/fit360.ee\/wp-content\/uploads\/2017\/01\/logo-fit360.png","contentUrl":"https:\/\/fit360.ee\/wp-content\/uploads\/2017\/01\/logo-fit360.png","width":180,"height":66,"caption":"Fit360"},"image":{"@id":"https:\/\/fit360.ee\/en\/#\/schema\/logo\/image\/"}}]}},"_links":{"self":[{"href":"https:\/\/fit360.ee\/en\/wp-json\/wp\/v2\/product\/85514","targetHints":{"allow":["GET"]}}],"collection":[{"href":"https:\/\/fit360.ee\/en\/wp-json\/wp\/v2\/product"}],"about":[{"href":"https:\/\/fit360.ee\/en\/wp-json\/wp\/v2\/types\/product"}],"replies":[{"embeddable":true,"href":"https:\/\/fit360.ee\/en\/wp-json\/wp\/v2\/comments?post=85514"}],"wp:featuredmedia":[{"embeddable":true,"href":"https:\/\/fit360.ee\/en\/wp-json\/wp\/v2\/media\/85513"}],"wp:attachment":[{"href":"https:\/\/fit360.ee\/en\/wp-json\/wp\/v2\/media?parent=85514"}],"wp:term":[{"taxonomy":"product_brand","embeddable":true,"href":"https:\/\/fit360.ee\/en\/wp-json\/wp\/v2\/product_brand?post=85514"},{"taxonomy":"product_cat","embeddable":true,"href":"https:\/\/fit360.ee\/en\/wp-json\/wp\/v2\/product_cat?post=85514"},{"taxonomy":"product_tag","embeddable":true,"href":"https:\/\/fit360.ee\/en\/wp-json\/wp\/v2\/product_tag?post=85514"},{"taxonomy":"giftcard-category","embeddable":true,"href":"https:\/\/fit360.ee\/en\/wp-json\/wp\/v2\/giftcard-category?post=85514"}],"curies":[{"name":"wp","href":"https:\/\/api.w.org\/{rel}","templated":true}]}}