{"id":85524,"date":"2025-01-03T18:51:02","date_gmt":"2025-01-03T16:51:02","guid":{"rendered":"https:\/\/fit360.ee\/pood\/uncategorized\/quicky-proteiinibatoon-35g\/"},"modified":"2025-08-13T07:37:06","modified_gmt":"2025-08-13T05:37:06","slug":"quicky-proteiinibatoon-35g","status":"publish","type":"product","link":"https:\/\/fit360.ee\/en\/pood\/product-groups\/protein-poweders-en\/whey-protein-en\/quicky-proteiinibatoon-35g\/","title":{"rendered":"Quicky proteiinibatoon (35g)"},"content":{"rendered":"<h2 class=\"product-title\"><strong>QUICKY Proteiinibatoon<\/strong><\/h2>\n<p><strong>ICONFIT QUICKY proteiinibatoon &#8211; maitsvad, tervislikud ja kiired valguallikad! <\/strong>Suurep\u00e4rane maitse, meeldiv tekstuur ja kvaliteetsed koostisosad teevad QUICKY-st ideaalse vahepala aktiivse eluviisiga inimestele, kes hindavad tervislikku toitumist, ilma et loobuksid maitsest.<\/p>\n<ul>\n<li><strong>Ideaalne aktiivse eluviisi jaoks.<\/strong>\u00a0QUICKY batoonid on valmis koheseks nautimiseks, olenemata sellest, kas vajad valgurikast vahepala v\u00f5i lihtsalt tervislikumat magusat maiustust<strong>.<\/strong><\/li>\n<li><b>K\u00f5rge valgu- ja kiudainesisaldusega.<\/b>\u00a0Iga batoon sisaldab 33% valku ja \u00fcle 8% kiudaineid. S\u00f5ltuvalt maitsest sisaldab \u00fcks batoon 135 v\u00f5i 136 kcal<\/li>\n<li><b>Vali kahe suurep\u00e4rase maitse vahel.<\/b>\u00a0\u0160okolaad ja maap\u00e4hkel. Kas on raske otsustada? Miks mitte proovida m\u00f5lemat?<\/li>\n<\/ul>\n<p>QUICKY proteiinibaaton pakub tipptasemel maitset, kvaliteetseid koostisosi ja magusa isu rahuldamist tervislikul viisil. Iga batoon on m\u00f5\u00f5duka rasvasisaldusega, kuid sisaldab rohkelt valku ja kiudaineid.<\/p>\n<p>Kiudained toetavad seedimist, aitavad kaasa normaalsele soolestiku toimimisele ja s\u00e4ilitavad t\u00e4isk\u00f5hutunde. Valgud aitavad kaasa lihasmassi s\u00e4ilitamisele ja kasvule ning hoiavad luud normaalseks. QUICKY batoonid pakuvad mugavat v\u00f5imalust lisada oma igap\u00e4evasesse toitumisse rohkem kasulikke valke ja kiudaineid.<\/p>\n<p>QUICKY proteiinibatoonid on valmis koheseks nautimiseks! Need sobivad ideaalselt kiire ja aktiivse elustiili jaoks &#8211; olgu siis sportlane, kes vajab valgurikast vahepala v\u00f5i lihtsalt keegi, kes otsib tervislikumat alternatiivi maiustustele. Need on toitvad suupisted, mida saab h\u00f5lpsasti kotti v\u00f5i taskusse pista, valmis saatma sind j\u00f5usaali, t\u00f6\u00f6le, kooli v\u00f5i kuhu iganes su teekond sind viib.<\/p>\n<h4><strong>Quicky Protein Bite<\/strong><\/h4>\n<p><strong>\u0160okolaadi proteiinibatoon<\/strong>\u00a0magusainetega. KOOSTISOSAD:\u00a0<strong>Piimavalgud<\/strong>\u00a021%, piima\u0161okolaad magusainega 16% (magusaine maltitool, kakaov\u00f5i,\u00a0<strong>t\u00e4ispiimapulber<\/strong>, kakaomass, emulgaator rapsi letsitiin, l\u00f5hna- ja maitseained. Kakaomass v\u00e4hemalt 36%), niisutav gl\u00fctserool, magusaine maltitool, oligofruktoos, veise kollageen, kookos\u00f5li,\u00a0<strong>sojavalk<\/strong>\u00a06,2%, kakaopulber, v\u00e4hendatud rasvasisaldusega kakaopulber,\u00a0<strong>sojakr\u00f5psud<\/strong>\u00a0kakaoga<strong>(sojavalk<\/strong>, riisimanna, kakaopulber, sool),\u00a0<strong>koorepulber<\/strong>, emulgaator letsitiin, looduslikud l\u00f5hna- ja maitseained. V\u00f5ib sisaldada j\u00e4lgi\u00a0<strong>munast, gluteenist, maap\u00e4hklitest<\/strong>\u00a0ja muudest\u00a0<strong>p\u00e4hklitest<\/strong>.<\/p>\n<p><strong>Maap\u00e4hkli proteiinibatoon<b>\u00a0<\/b><\/strong>magusainetega. KOOSTISOSAD:\u00a0<strong>Piimavalk<\/strong>\u00a021%,\u00a0<strong>piima\u0161okolaad<\/strong>\u00a0magusainega 16% (magusaine maltitool, kakaov\u00f5i, t\u00e4ispiimapulber, kakaomass, emulgaator rapsi letsitiin, l\u00f5hna- ja maitseained. Kakaomass v\u00e4hemalt 36%), niisutav gl\u00fctserool, magusaine maltitool, oligofruktoos, veise kollageen, maap\u00e4hkliv\u00f5i,\u00a0<strong>sojavalk<\/strong>\u00a06,2%, kookos\u00f5li, k\u00fclmkuivatatud banaanipulber,\u00a0<strong>sojakr\u00f5psud<\/strong>\u00a0kakaoga<strong>(sojavalk<\/strong>, riisimanna, kakaopulber, sool),\u00a0<strong>koorepulber<\/strong>, emulgaator letsitiin, looduslikud l\u00f5hna- ja maitseained. V\u00f5ib sisaldada j\u00e4lgi\u00a0<strong>munast, gluteenist, maap\u00e4hklitest<\/strong>\u00a0ja muudest\u00a0<strong>p\u00e4hklitest<\/strong>.<\/p>\n<p><strong>Kasutamine<\/strong>: Naudi maitsva vahepalana, kui on vaja rahuldada n\u00e4lga v\u00f5i suurendada oma valgu- ja energiataset. Seda on suurep\u00e4rane kasutada ka koos meie Diet Shake kokteilidega toidukorra asendajana, kui soovid kiiret vahepala. Hoiatus: Liigne tarbimine v\u00f5ib olla lahtistava toimega.<\/p>\n<p><strong>Suurus:<\/strong> 35g<\/p>\n<table width=\"100%\">\n<thead>\n<tr>\n<th align=\"left\"><strong>Toitumisalane teave:<\/strong><\/th>\n<th align=\"left\"><strong>\u0160okolaad \/ 35 g<\/strong><\/th>\n<th align=\"left\"><strong>Maap\u00e4hkel \/ 35 g<\/strong><\/th>\n<th align=\"left\"><strong>\u0160okolaad \/ 100 g<\/strong><\/th>\n<th align=\"left\"><strong>Maap\u00e4hkel \/ 100 g<\/strong><\/th>\n<\/tr>\n<\/thead>\n<tbody>\n<tr>\n<td align=\"left\">Energia (kJ\/kcal)<\/td>\n<td align=\"left\">565\/136<\/td>\n<td align=\"left\">562\/135<\/td>\n<td align=\"left\">1616\/388<\/td>\n<td align=\"left\">1606\/385<\/td>\n<\/tr>\n<tr>\n<td align=\"left\">Valgud (g)<\/td>\n<td align=\"left\">12<\/td>\n<td align=\"left\">12<\/td>\n<td align=\"left\">33<\/td>\n<td align=\"left\">33<\/td>\n<\/tr>\n<tr>\n<td align=\"left\">S\u00fcsivesikud (g)<\/td>\n<td align=\"left\">11<\/td>\n<td align=\"left\">12<\/td>\n<td align=\"left\">31<\/td>\n<td align=\"left\">33<\/td>\n<\/tr>\n<tr>\n<td align=\"left\">millest suhkrud (g)<\/td>\n<td align=\"left\">0.9<\/td>\n<td align=\"left\">1.2<\/td>\n<td align=\"left\">2.5<\/td>\n<td align=\"left\">3,4<\/td>\n<\/tr>\n<tr>\n<td align=\"left\">Rasvad (g)<\/td>\n<td align=\"left\">6.1<\/td>\n<td align=\"left\">5.8<\/td>\n<td align=\"left\">17<\/td>\n<td align=\"left\">17<\/td>\n<\/tr>\n<tr>\n<td align=\"left\">millest k\u00fcllastunud (g)<\/td>\n<td align=\"left\">3.9<\/td>\n<td align=\"left\">3.0<\/td>\n<td align=\"left\">11<\/td>\n<td align=\"left\">8.6<\/td>\n<\/tr>\n<tr>\n<td align=\"left\">Kiudained (g)<\/td>\n<td align=\"left\">3.3<\/td>\n<td align=\"left\">2.9<\/td>\n<td align=\"left\">9.4<\/td>\n<td align=\"left\">8.3<\/td>\n<\/tr>\n<tr>\n<td align=\"left\">Sool (g)<\/td>\n<td align=\"left\">0.09<\/td>\n<td align=\"left\">0.08<\/td>\n<td align=\"left\">0.26<\/td>\n<td align=\"left\">0.23<\/td>\n<\/tr>\n<\/tbody>\n<\/table>\n<p>Vaata ka meie Teisi Proteiinibatoone <a href=\"https:\/\/fit360.ee\/en\/product-category\/product-groups\/protein-bars-and-snacks\/\"><strong>SIIT<\/strong><\/a>!<\/p>\n","protected":false},"excerpt":{"rendered":"<ul>\n<li><strong>Ideaalne aktiivse eluviisi jaoks.<\/strong>\u00a0QUICKY batoonid on valmis koheseks nautimiseks, olenemata sellest, kas vajad valgurikast vahepala v\u00f5i lihtsalt tervislikumat magusat maiustust<strong>.<\/strong><\/li>\n<li><b>K\u00f5rge valgu- ja kiudainesisaldusega.<\/b>\u00a0Iga batoon sisaldab 33% valku ja \u00fcle 8% kiudaineid. S\u00f5ltuvalt maitsest sisaldab \u00fcks batoon 135 v\u00f5i 136 kcal<\/li>\n<li><b>Vali kahe suurep\u00e4rase maitse vahel.<\/b>\u00a0\u0160okolaad ja maap\u00e4hkel. Kas on raske otsustada? Miks mitte proovida m\u00f5lemat?<\/li>\n<\/ul>\n","protected":false},"featured_media":85521,"comment_status":"open","ping_status":"closed","template":"","meta":[],"product_brand":[],"product_cat":[1318,534,535,2420],"product_tag":[1681,5463,5464],"giftcard-category":[],"class_list":{"0":"post-85524","1":"product","2":"type-product","3":"status-publish","4":"has-post-thumbnail","6":"product_cat-iconfit-en","7":"product_cat-protein-bars-and-snacks","8":"product_cat-protein-poweders-en","9":"product_cat-whey-protein-en","10":"product_tag-iconfit-en","11":"product_tag-quicky-proteiinibatoon-en","12":"product_tag-quicky-protein-bite-en","13":"pa_kogus-35g-en","14":"pa_maitse-chocolate","15":"pa_maitse-peanut","16":"pa_toidulisand-branddd-iconfit","17":"pa_tootegruppp-protein","18":"pa_tootegruppp-snacks","19":"pa_tootegruppp-vadakuvalk-en","21":"first","22":"instock","23":"sale","24":"taxable","25":"shipping-taxable","26":"purchasable","27":"product-type-variable"},"yoast_head":"<!-- This site is optimized with the Yoast SEO plugin v27.3 - https:\/\/yoast.com\/product\/yoast-seo-wordpress\/ -->\n<title>Quicky proteiinibatoon (35g) - Kiire valgubatoon - Parim Hind - Fit360<\/title>\n<meta name=\"description\" content=\"QUICKY proteiinibatoon - maitsvad, tervislikud ja kiired valguallikad! Suurep\u00e4rane maitse, meeldiv tekstuur ja kvaliteetsed koostisosad teevad Quickyst id..\" \/>\n<meta name=\"robots\" content=\"index, follow, max-snippet:-1, max-image-preview:large, max-video-preview:-1\" \/>\n<link rel=\"canonical\" href=\"https:\/\/fit360.ee\/en\/pood\/product-groups\/protein-poweders-en\/whey-protein-en\/quicky-proteiinibatoon-35g\/\" \/>\n<meta property=\"og:locale\" content=\"en_US\" \/>\n<meta property=\"og:type\" content=\"article\" \/>\n<meta property=\"og:title\" content=\"Quicky proteiinibatoon (35g) - Kiire valgubatoon - Parim Hind - Fit360\" \/>\n<meta property=\"og:description\" content=\"QUICKY proteiinibatoon - maitsvad, tervislikud ja kiired valguallikad! Suurep\u00e4rane maitse, meeldiv tekstuur ja kvaliteetsed koostisosad teevad Quickyst id..\" \/>\n<meta property=\"og:url\" content=\"https:\/\/fit360.ee\/en\/pood\/product-groups\/protein-poweders-en\/whey-protein-en\/quicky-proteiinibatoon-35g\/\" \/>\n<meta property=\"og:site_name\" content=\"Fit360\" \/>\n<meta property=\"article:modified_time\" content=\"2025-08-13T05:37:06+00:00\" \/>\n<meta property=\"og:image\" content=\"https:\/\/fit360.ee\/wp-content\/uploads\/2025\/01\/quicky-proteiinibatoon-fit360.ee_.jpg\" \/>\n\t<meta property=\"og:image:width\" content=\"695\" \/>\n\t<meta property=\"og:image:height\" content=\"695\" \/>\n\t<meta property=\"og:image:type\" content=\"image\/jpeg\" \/>\n<meta name=\"twitter:card\" content=\"summary_large_image\" \/>\n<meta name=\"twitter:label1\" content=\"Est. reading time\" \/>\n\t<meta name=\"twitter:data1\" content=\"3 minutes\" \/>\n<script type=\"application\/ld+json\" class=\"yoast-schema-graph\">{\"@context\":\"https:\\\/\\\/schema.org\",\"@graph\":[{\"@type\":\"WebPage\",\"@id\":\"https:\\\/\\\/fit360.ee\\\/en\\\/pood\\\/product-groups\\\/protein-poweders-en\\\/whey-protein-en\\\/quicky-proteiinibatoon-35g\\\/\",\"url\":\"https:\\\/\\\/fit360.ee\\\/en\\\/pood\\\/product-groups\\\/protein-poweders-en\\\/whey-protein-en\\\/quicky-proteiinibatoon-35g\\\/\",\"name\":\"Quicky proteiinibatoon (35g) - Kiire valgubatoon - Parim Hind - Fit360\",\"isPartOf\":{\"@id\":\"https:\\\/\\\/fit360.ee\\\/en\\\/#website\"},\"primaryImageOfPage\":{\"@id\":\"https:\\\/\\\/fit360.ee\\\/en\\\/pood\\\/product-groups\\\/protein-poweders-en\\\/whey-protein-en\\\/quicky-proteiinibatoon-35g\\\/#primaryimage\"},\"image\":{\"@id\":\"https:\\\/\\\/fit360.ee\\\/en\\\/pood\\\/product-groups\\\/protein-poweders-en\\\/whey-protein-en\\\/quicky-proteiinibatoon-35g\\\/#primaryimage\"},\"thumbnailUrl\":\"https:\\\/\\\/fit360.ee\\\/wp-content\\\/uploads\\\/2025\\\/01\\\/quicky-proteiinibatoon-fit360.ee_.jpg\",\"datePublished\":\"2025-01-03T16:51:02+00:00\",\"dateModified\":\"2025-08-13T05:37:06+00:00\",\"description\":\"QUICKY proteiinibatoon - maitsvad, tervislikud ja kiired valguallikad! Suurep\u00e4rane maitse, meeldiv tekstuur ja kvaliteetsed koostisosad teevad Quickyst id..\",\"breadcrumb\":{\"@id\":\"https:\\\/\\\/fit360.ee\\\/en\\\/pood\\\/product-groups\\\/protein-poweders-en\\\/whey-protein-en\\\/quicky-proteiinibatoon-35g\\\/#breadcrumb\"},\"inLanguage\":\"en-US\",\"potentialAction\":[{\"@type\":\"ReadAction\",\"target\":[\"https:\\\/\\\/fit360.ee\\\/en\\\/pood\\\/product-groups\\\/protein-poweders-en\\\/whey-protein-en\\\/quicky-proteiinibatoon-35g\\\/\"]}]},{\"@type\":\"ImageObject\",\"inLanguage\":\"en-US\",\"@id\":\"https:\\\/\\\/fit360.ee\\\/en\\\/pood\\\/product-groups\\\/protein-poweders-en\\\/whey-protein-en\\\/quicky-proteiinibatoon-35g\\\/#primaryimage\",\"url\":\"https:\\\/\\\/fit360.ee\\\/wp-content\\\/uploads\\\/2025\\\/01\\\/quicky-proteiinibatoon-fit360.ee_.jpg\",\"contentUrl\":\"https:\\\/\\\/fit360.ee\\\/wp-content\\\/uploads\\\/2025\\\/01\\\/quicky-proteiinibatoon-fit360.ee_.jpg\",\"width\":695,\"height\":695,\"caption\":\"quicky proteiinibatoon - fit360.ee\"},{\"@type\":\"BreadcrumbList\",\"@id\":\"https:\\\/\\\/fit360.ee\\\/en\\\/pood\\\/product-groups\\\/protein-poweders-en\\\/whey-protein-en\\\/quicky-proteiinibatoon-35g\\\/#breadcrumb\",\"itemListElement\":[{\"@type\":\"ListItem\",\"position\":1,\"name\":\"Home\",\"item\":\"https:\\\/\\\/fit360.ee\\\/en\\\/\"},{\"@type\":\"ListItem\",\"position\":2,\"name\":\"Shop\",\"item\":\"https:\\\/\\\/fit360.ee\\\/en\\\/shop\\\/\"},{\"@type\":\"ListItem\",\"position\":3,\"name\":\"Quicky proteiinibatoon (35g)\"}]},{\"@type\":\"WebSite\",\"@id\":\"https:\\\/\\\/fit360.ee\\\/en\\\/#website\",\"url\":\"https:\\\/\\\/fit360.ee\\\/en\\\/\",\"name\":\"Fit360\",\"description\":\"\",\"publisher\":{\"@id\":\"https:\\\/\\\/fit360.ee\\\/en\\\/#organization\"},\"potentialAction\":[{\"@type\":\"SearchAction\",\"target\":{\"@type\":\"EntryPoint\",\"urlTemplate\":\"https:\\\/\\\/fit360.ee\\\/en\\\/?s={search_term_string}\"},\"query-input\":{\"@type\":\"PropertyValueSpecification\",\"valueRequired\":true,\"valueName\":\"search_term_string\"}}],\"inLanguage\":\"en-US\"},{\"@type\":\"Organization\",\"@id\":\"https:\\\/\\\/fit360.ee\\\/en\\\/#organization\",\"name\":\"Fit360\",\"url\":\"https:\\\/\\\/fit360.ee\\\/en\\\/\",\"logo\":{\"@type\":\"ImageObject\",\"inLanguage\":\"en-US\",\"@id\":\"https:\\\/\\\/fit360.ee\\\/en\\\/#\\\/schema\\\/logo\\\/image\\\/\",\"url\":\"https:\\\/\\\/fit360.ee\\\/wp-content\\\/uploads\\\/2017\\\/01\\\/logo-fit360.png\",\"contentUrl\":\"https:\\\/\\\/fit360.ee\\\/wp-content\\\/uploads\\\/2017\\\/01\\\/logo-fit360.png\",\"width\":180,\"height\":66,\"caption\":\"Fit360\"},\"image\":{\"@id\":\"https:\\\/\\\/fit360.ee\\\/en\\\/#\\\/schema\\\/logo\\\/image\\\/\"}}]}<\/script>\n<!-- \/ Yoast SEO plugin. -->","yoast_head_json":{"title":"Quicky proteiinibatoon (35g) - Kiire valgubatoon - Parim Hind - Fit360","description":"QUICKY proteiinibatoon - maitsvad, tervislikud ja kiired valguallikad! Suurep\u00e4rane maitse, meeldiv tekstuur ja kvaliteetsed koostisosad teevad Quickyst id..","robots":{"index":"index","follow":"follow","max-snippet":"max-snippet:-1","max-image-preview":"max-image-preview:large","max-video-preview":"max-video-preview:-1"},"canonical":"https:\/\/fit360.ee\/en\/pood\/product-groups\/protein-poweders-en\/whey-protein-en\/quicky-proteiinibatoon-35g\/","og_locale":"en_US","og_type":"article","og_title":"Quicky proteiinibatoon (35g) - Kiire valgubatoon - Parim Hind - Fit360","og_description":"QUICKY proteiinibatoon - maitsvad, tervislikud ja kiired valguallikad! Suurep\u00e4rane maitse, meeldiv tekstuur ja kvaliteetsed koostisosad teevad Quickyst id..","og_url":"https:\/\/fit360.ee\/en\/pood\/product-groups\/protein-poweders-en\/whey-protein-en\/quicky-proteiinibatoon-35g\/","og_site_name":"Fit360","article_modified_time":"2025-08-13T05:37:06+00:00","og_image":[{"width":695,"height":695,"url":"https:\/\/fit360.ee\/wp-content\/uploads\/2025\/01\/quicky-proteiinibatoon-fit360.ee_.jpg","type":"image\/jpeg"}],"twitter_card":"summary_large_image","twitter_misc":{"Est. reading time":"3 minutes"},"schema":{"@context":"https:\/\/schema.org","@graph":[{"@type":"WebPage","@id":"https:\/\/fit360.ee\/en\/pood\/product-groups\/protein-poweders-en\/whey-protein-en\/quicky-proteiinibatoon-35g\/","url":"https:\/\/fit360.ee\/en\/pood\/product-groups\/protein-poweders-en\/whey-protein-en\/quicky-proteiinibatoon-35g\/","name":"Quicky proteiinibatoon (35g) - Kiire valgubatoon - Parim Hind - Fit360","isPartOf":{"@id":"https:\/\/fit360.ee\/en\/#website"},"primaryImageOfPage":{"@id":"https:\/\/fit360.ee\/en\/pood\/product-groups\/protein-poweders-en\/whey-protein-en\/quicky-proteiinibatoon-35g\/#primaryimage"},"image":{"@id":"https:\/\/fit360.ee\/en\/pood\/product-groups\/protein-poweders-en\/whey-protein-en\/quicky-proteiinibatoon-35g\/#primaryimage"},"thumbnailUrl":"https:\/\/fit360.ee\/wp-content\/uploads\/2025\/01\/quicky-proteiinibatoon-fit360.ee_.jpg","datePublished":"2025-01-03T16:51:02+00:00","dateModified":"2025-08-13T05:37:06+00:00","description":"QUICKY proteiinibatoon - maitsvad, tervislikud ja kiired valguallikad! Suurep\u00e4rane maitse, meeldiv tekstuur ja kvaliteetsed koostisosad teevad Quickyst id..","breadcrumb":{"@id":"https:\/\/fit360.ee\/en\/pood\/product-groups\/protein-poweders-en\/whey-protein-en\/quicky-proteiinibatoon-35g\/#breadcrumb"},"inLanguage":"en-US","potentialAction":[{"@type":"ReadAction","target":["https:\/\/fit360.ee\/en\/pood\/product-groups\/protein-poweders-en\/whey-protein-en\/quicky-proteiinibatoon-35g\/"]}]},{"@type":"ImageObject","inLanguage":"en-US","@id":"https:\/\/fit360.ee\/en\/pood\/product-groups\/protein-poweders-en\/whey-protein-en\/quicky-proteiinibatoon-35g\/#primaryimage","url":"https:\/\/fit360.ee\/wp-content\/uploads\/2025\/01\/quicky-proteiinibatoon-fit360.ee_.jpg","contentUrl":"https:\/\/fit360.ee\/wp-content\/uploads\/2025\/01\/quicky-proteiinibatoon-fit360.ee_.jpg","width":695,"height":695,"caption":"quicky proteiinibatoon - fit360.ee"},{"@type":"BreadcrumbList","@id":"https:\/\/fit360.ee\/en\/pood\/product-groups\/protein-poweders-en\/whey-protein-en\/quicky-proteiinibatoon-35g\/#breadcrumb","itemListElement":[{"@type":"ListItem","position":1,"name":"Home","item":"https:\/\/fit360.ee\/en\/"},{"@type":"ListItem","position":2,"name":"Shop","item":"https:\/\/fit360.ee\/en\/shop\/"},{"@type":"ListItem","position":3,"name":"Quicky proteiinibatoon (35g)"}]},{"@type":"WebSite","@id":"https:\/\/fit360.ee\/en\/#website","url":"https:\/\/fit360.ee\/en\/","name":"Fit360","description":"","publisher":{"@id":"https:\/\/fit360.ee\/en\/#organization"},"potentialAction":[{"@type":"SearchAction","target":{"@type":"EntryPoint","urlTemplate":"https:\/\/fit360.ee\/en\/?s={search_term_string}"},"query-input":{"@type":"PropertyValueSpecification","valueRequired":true,"valueName":"search_term_string"}}],"inLanguage":"en-US"},{"@type":"Organization","@id":"https:\/\/fit360.ee\/en\/#organization","name":"Fit360","url":"https:\/\/fit360.ee\/en\/","logo":{"@type":"ImageObject","inLanguage":"en-US","@id":"https:\/\/fit360.ee\/en\/#\/schema\/logo\/image\/","url":"https:\/\/fit360.ee\/wp-content\/uploads\/2017\/01\/logo-fit360.png","contentUrl":"https:\/\/fit360.ee\/wp-content\/uploads\/2017\/01\/logo-fit360.png","width":180,"height":66,"caption":"Fit360"},"image":{"@id":"https:\/\/fit360.ee\/en\/#\/schema\/logo\/image\/"}}]}},"_links":{"self":[{"href":"https:\/\/fit360.ee\/en\/wp-json\/wp\/v2\/product\/85524","targetHints":{"allow":["GET"]}}],"collection":[{"href":"https:\/\/fit360.ee\/en\/wp-json\/wp\/v2\/product"}],"about":[{"href":"https:\/\/fit360.ee\/en\/wp-json\/wp\/v2\/types\/product"}],"replies":[{"embeddable":true,"href":"https:\/\/fit360.ee\/en\/wp-json\/wp\/v2\/comments?post=85524"}],"wp:featuredmedia":[{"embeddable":true,"href":"https:\/\/fit360.ee\/en\/wp-json\/wp\/v2\/media\/85521"}],"wp:attachment":[{"href":"https:\/\/fit360.ee\/en\/wp-json\/wp\/v2\/media?parent=85524"}],"wp:term":[{"taxonomy":"product_brand","embeddable":true,"href":"https:\/\/fit360.ee\/en\/wp-json\/wp\/v2\/product_brand?post=85524"},{"taxonomy":"product_cat","embeddable":true,"href":"https:\/\/fit360.ee\/en\/wp-json\/wp\/v2\/product_cat?post=85524"},{"taxonomy":"product_tag","embeddable":true,"href":"https:\/\/fit360.ee\/en\/wp-json\/wp\/v2\/product_tag?post=85524"},{"taxonomy":"giftcard-category","embeddable":true,"href":"https:\/\/fit360.ee\/en\/wp-json\/wp\/v2\/giftcard-category?post=85524"}],"curies":[{"name":"wp","href":"https:\/\/api.w.org\/{rel}","templated":true}]}}