{"id":85712,"date":"2025-01-09T19:36:05","date_gmt":"2025-01-09T17:36:05","guid":{"rendered":"https:\/\/fit360.ee\/pood\/uncategorized\/abe-shaker-700ml\/"},"modified":"2026-04-09T15:12:42","modified_gmt":"2026-04-09T13:12:42","slug":"abe-shaker-700ml","status":"publish","type":"product","link":"https:\/\/fit360.ee\/en\/pood\/training-equipment-en\/drinking-bottles-en\/abe-shaker-700ml\/","title":{"rendered":"ABE Shaker (700ml)"},"content":{"rendered":"<p><strong>ABE Shaker<\/strong><\/p>\n<ul>\n<li>700 ml mahutavus<\/li>\n<li>Lihtne ja ergonoomiline<\/li>\n<li>N\u00f5udepesumasinas pestav<\/li>\n<\/ul>\n<p>ABE shaker sobib suurep\u00e4raselt ABE &amp; Applied Nutrition toidulisandite segamiseks!<\/p>\n<p>Meie ABE Shaker on 600 ml mahutavusega ja meie ikoonilisel mustal kaubam\u00e4rgil on valge ABE All Black Everything logo. \u0160eiker on komplektis v\u00f5rgust grilli, keeratava \u00fclaosa, klambrikorgi ja lekkekindla disainiga. \u0160eikeri disain on lihtne ja ergonoomiline ning kerge konstruktsioon muudab selle ideaalseks spordikotis kaasaskandmiseks. Kaanel on suur tila, mis v\u00f5imaldab segatud toodet lihtsalt ja kiiresti tarbida.<\/p>\n<p>Applied Nutrition shaker sobib suurep\u00e4raselt \u00fchtlase loksutamise loomiseks ja t\u00fckkide eemaldamiseks. Sellel on ka mugavad m\u00f5\u00f5tmised loksuti k\u00fcljel, t\u00e4psuse tagamiseks 100\u2013600 ml 100 ml sammuga.<\/p>\n<p><strong>Hoiatus:<\/strong> \u00c4rge kasutage shakerit kuumade v\u00f5i soojade vedelikega. Kuumade vedelike raputamine suletud anumas v\u00f5ib p\u00f5hjustada r\u00f5hu suurenemist, mille tulemusena t\u00f5mbub sisu avamisel kaanest v\u00e4lja.<\/p>\n<p>Vaata ka meie teisi Shakereid <a href=\"https:\/\/fit360.ee\/en\/product-category\/training-equipment-en\/shakers-en\/\"><strong>SIIT<\/strong><\/a>!<\/p>\n<p>Soovid kaupa osta suuremas koguses? Vaata antud toodet ka meie HULGI poest\u00a0<a href=\"https:\/\/toidulisandidhulgi.ee\/tooted\/abe-shaker-700ml\/\"><strong>SIIT<\/strong><\/a>!<\/p>\n","protected":false},"excerpt":{"rendered":"<ul>\n<li>700 ml mahutavus<\/li>\n<li>Lihtne ja ergonoomiline<\/li>\n<li>Nodepesumasins pestav<\/li>\n<\/ul>\n","protected":false},"featured_media":85711,"comment_status":"open","ping_status":"closed","template":"","meta":[],"product_brand":[],"product_cat":[3727,540,551],"product_tag":[3881,3730,1865],"giftcard-category":[],"class_list":{"0":"post-85712","1":"product","2":"type-product","3":"status-publish","4":"has-post-thumbnail","6":"product_cat-applied-nutrition-en","7":"product_cat-drinking-bottles-en","8":"product_cat-shakers-en","9":"product_tag-abe-shaker-en","10":"product_tag-applied-nutrition-en","11":"product_tag-shaker-en","12":"pa_brand-applied-nutrition-en","13":"pa_varustus-drinking-bottles","14":"pa_varustus-shakers","15":"pa_varvus-black","17":"first","18":"outofstock","19":"sale","20":"taxable","21":"shipping-taxable","22":"purchasable","23":"product-type-simple"},"yoast_head":"<!-- This site is optimized with the Yoast SEO plugin v27.3 - https:\/\/yoast.com\/product\/yoast-seo-wordpress\/ -->\n<title>ABE Shaker (700ml) - Fit360<\/title>\n<meta name=\"description\" content=\"Meie ABE Shaker on 700 ml mahutavusega ja meie ikoonilisel mustal kaubam\u00e4rgil on valge ABE All Black Everything logo. M\u00f5nus kasutada ning v\u00f5ib pesta ka...\" \/>\n<meta name=\"robots\" content=\"index, follow, max-snippet:-1, max-image-preview:large, max-video-preview:-1\" \/>\n<link rel=\"canonical\" href=\"https:\/\/fit360.ee\/en\/pood\/training-equipment-en\/drinking-bottles-en\/abe-shaker-700ml\/\" \/>\n<meta property=\"og:locale\" content=\"en_US\" \/>\n<meta property=\"og:type\" content=\"article\" \/>\n<meta property=\"og:title\" content=\"ABE Shaker (700ml) - Fit360\" \/>\n<meta property=\"og:description\" content=\"Meie ABE Shaker on 700 ml mahutavusega ja meie ikoonilisel mustal kaubam\u00e4rgil on valge ABE All Black Everything logo. M\u00f5nus kasutada ning v\u00f5ib pesta ka...\" \/>\n<meta property=\"og:url\" content=\"https:\/\/fit360.ee\/en\/pood\/training-equipment-en\/drinking-bottles-en\/abe-shaker-700ml\/\" \/>\n<meta property=\"og:site_name\" content=\"Fit360\" \/>\n<meta property=\"article:modified_time\" content=\"2026-04-09T13:12:42+00:00\" \/>\n<meta property=\"og:image\" content=\"https:\/\/fit360.ee\/wp-content\/uploads\/2025\/01\/abe-shaker-700ml-fit360.ee_.jpg\" \/>\n\t<meta property=\"og:image:width\" content=\"2500\" \/>\n\t<meta property=\"og:image:height\" content=\"2500\" \/>\n\t<meta property=\"og:image:type\" content=\"image\/jpeg\" \/>\n<meta name=\"twitter:card\" content=\"summary_large_image\" \/>\n<meta name=\"twitter:label1\" content=\"Est. reading time\" \/>\n\t<meta name=\"twitter:data1\" content=\"1 minute\" \/>\n<script type=\"application\/ld+json\" class=\"yoast-schema-graph\">{\"@context\":\"https:\\\/\\\/schema.org\",\"@graph\":[{\"@type\":\"WebPage\",\"@id\":\"https:\\\/\\\/fit360.ee\\\/en\\\/pood\\\/training-equipment-en\\\/drinking-bottles-en\\\/abe-shaker-700ml\\\/\",\"url\":\"https:\\\/\\\/fit360.ee\\\/en\\\/pood\\\/training-equipment-en\\\/drinking-bottles-en\\\/abe-shaker-700ml\\\/\",\"name\":\"ABE Shaker (700ml) - Fit360\",\"isPartOf\":{\"@id\":\"https:\\\/\\\/fit360.ee\\\/en\\\/#website\"},\"primaryImageOfPage\":{\"@id\":\"https:\\\/\\\/fit360.ee\\\/en\\\/pood\\\/training-equipment-en\\\/drinking-bottles-en\\\/abe-shaker-700ml\\\/#primaryimage\"},\"image\":{\"@id\":\"https:\\\/\\\/fit360.ee\\\/en\\\/pood\\\/training-equipment-en\\\/drinking-bottles-en\\\/abe-shaker-700ml\\\/#primaryimage\"},\"thumbnailUrl\":\"https:\\\/\\\/fit360.ee\\\/wp-content\\\/uploads\\\/2025\\\/01\\\/abe-shaker-700ml-fit360.ee_.jpg\",\"datePublished\":\"2025-01-09T17:36:05+00:00\",\"dateModified\":\"2026-04-09T13:12:42+00:00\",\"description\":\"Meie ABE Shaker on 700 ml mahutavusega ja meie ikoonilisel mustal kaubam\u00e4rgil on valge ABE All Black Everything logo. M\u00f5nus kasutada ning v\u00f5ib pesta ka...\",\"breadcrumb\":{\"@id\":\"https:\\\/\\\/fit360.ee\\\/en\\\/pood\\\/training-equipment-en\\\/drinking-bottles-en\\\/abe-shaker-700ml\\\/#breadcrumb\"},\"inLanguage\":\"en-US\",\"potentialAction\":[{\"@type\":\"ReadAction\",\"target\":[\"https:\\\/\\\/fit360.ee\\\/en\\\/pood\\\/training-equipment-en\\\/drinking-bottles-en\\\/abe-shaker-700ml\\\/\"]}]},{\"@type\":\"ImageObject\",\"inLanguage\":\"en-US\",\"@id\":\"https:\\\/\\\/fit360.ee\\\/en\\\/pood\\\/training-equipment-en\\\/drinking-bottles-en\\\/abe-shaker-700ml\\\/#primaryimage\",\"url\":\"https:\\\/\\\/fit360.ee\\\/wp-content\\\/uploads\\\/2025\\\/01\\\/abe-shaker-700ml-fit360.ee_.jpg\",\"contentUrl\":\"https:\\\/\\\/fit360.ee\\\/wp-content\\\/uploads\\\/2025\\\/01\\\/abe-shaker-700ml-fit360.ee_.jpg\",\"width\":2500,\"height\":2500,\"caption\":\"abe shaker 700ml - fit360.ee\"},{\"@type\":\"BreadcrumbList\",\"@id\":\"https:\\\/\\\/fit360.ee\\\/en\\\/pood\\\/training-equipment-en\\\/drinking-bottles-en\\\/abe-shaker-700ml\\\/#breadcrumb\",\"itemListElement\":[{\"@type\":\"ListItem\",\"position\":1,\"name\":\"Home\",\"item\":\"https:\\\/\\\/fit360.ee\\\/en\\\/\"},{\"@type\":\"ListItem\",\"position\":2,\"name\":\"Shop\",\"item\":\"https:\\\/\\\/fit360.ee\\\/en\\\/shop\\\/\"},{\"@type\":\"ListItem\",\"position\":3,\"name\":\"ABE Shaker (700ml)\"}]},{\"@type\":\"WebSite\",\"@id\":\"https:\\\/\\\/fit360.ee\\\/en\\\/#website\",\"url\":\"https:\\\/\\\/fit360.ee\\\/en\\\/\",\"name\":\"Fit360\",\"description\":\"\",\"publisher\":{\"@id\":\"https:\\\/\\\/fit360.ee\\\/en\\\/#organization\"},\"potentialAction\":[{\"@type\":\"SearchAction\",\"target\":{\"@type\":\"EntryPoint\",\"urlTemplate\":\"https:\\\/\\\/fit360.ee\\\/en\\\/?s={search_term_string}\"},\"query-input\":{\"@type\":\"PropertyValueSpecification\",\"valueRequired\":true,\"valueName\":\"search_term_string\"}}],\"inLanguage\":\"en-US\"},{\"@type\":\"Organization\",\"@id\":\"https:\\\/\\\/fit360.ee\\\/en\\\/#organization\",\"name\":\"Fit360\",\"url\":\"https:\\\/\\\/fit360.ee\\\/en\\\/\",\"logo\":{\"@type\":\"ImageObject\",\"inLanguage\":\"en-US\",\"@id\":\"https:\\\/\\\/fit360.ee\\\/en\\\/#\\\/schema\\\/logo\\\/image\\\/\",\"url\":\"https:\\\/\\\/fit360.ee\\\/wp-content\\\/uploads\\\/2017\\\/01\\\/logo-fit360.png\",\"contentUrl\":\"https:\\\/\\\/fit360.ee\\\/wp-content\\\/uploads\\\/2017\\\/01\\\/logo-fit360.png\",\"width\":180,\"height\":66,\"caption\":\"Fit360\"},\"image\":{\"@id\":\"https:\\\/\\\/fit360.ee\\\/en\\\/#\\\/schema\\\/logo\\\/image\\\/\"}}]}<\/script>\n<!-- \/ Yoast SEO plugin. -->","yoast_head_json":{"title":"ABE Shaker (700ml) - Fit360","description":"Meie ABE Shaker on 700 ml mahutavusega ja meie ikoonilisel mustal kaubam\u00e4rgil on valge ABE All Black Everything logo. M\u00f5nus kasutada ning v\u00f5ib pesta ka...","robots":{"index":"index","follow":"follow","max-snippet":"max-snippet:-1","max-image-preview":"max-image-preview:large","max-video-preview":"max-video-preview:-1"},"canonical":"https:\/\/fit360.ee\/en\/pood\/training-equipment-en\/drinking-bottles-en\/abe-shaker-700ml\/","og_locale":"en_US","og_type":"article","og_title":"ABE Shaker (700ml) - Fit360","og_description":"Meie ABE Shaker on 700 ml mahutavusega ja meie ikoonilisel mustal kaubam\u00e4rgil on valge ABE All Black Everything logo. M\u00f5nus kasutada ning v\u00f5ib pesta ka...","og_url":"https:\/\/fit360.ee\/en\/pood\/training-equipment-en\/drinking-bottles-en\/abe-shaker-700ml\/","og_site_name":"Fit360","article_modified_time":"2026-04-09T13:12:42+00:00","og_image":[{"width":2500,"height":2500,"url":"https:\/\/fit360.ee\/wp-content\/uploads\/2025\/01\/abe-shaker-700ml-fit360.ee_.jpg","type":"image\/jpeg"}],"twitter_card":"summary_large_image","twitter_misc":{"Est. reading time":"1 minute"},"schema":{"@context":"https:\/\/schema.org","@graph":[{"@type":"WebPage","@id":"https:\/\/fit360.ee\/en\/pood\/training-equipment-en\/drinking-bottles-en\/abe-shaker-700ml\/","url":"https:\/\/fit360.ee\/en\/pood\/training-equipment-en\/drinking-bottles-en\/abe-shaker-700ml\/","name":"ABE Shaker (700ml) - Fit360","isPartOf":{"@id":"https:\/\/fit360.ee\/en\/#website"},"primaryImageOfPage":{"@id":"https:\/\/fit360.ee\/en\/pood\/training-equipment-en\/drinking-bottles-en\/abe-shaker-700ml\/#primaryimage"},"image":{"@id":"https:\/\/fit360.ee\/en\/pood\/training-equipment-en\/drinking-bottles-en\/abe-shaker-700ml\/#primaryimage"},"thumbnailUrl":"https:\/\/fit360.ee\/wp-content\/uploads\/2025\/01\/abe-shaker-700ml-fit360.ee_.jpg","datePublished":"2025-01-09T17:36:05+00:00","dateModified":"2026-04-09T13:12:42+00:00","description":"Meie ABE Shaker on 700 ml mahutavusega ja meie ikoonilisel mustal kaubam\u00e4rgil on valge ABE All Black Everything logo. M\u00f5nus kasutada ning v\u00f5ib pesta ka...","breadcrumb":{"@id":"https:\/\/fit360.ee\/en\/pood\/training-equipment-en\/drinking-bottles-en\/abe-shaker-700ml\/#breadcrumb"},"inLanguage":"en-US","potentialAction":[{"@type":"ReadAction","target":["https:\/\/fit360.ee\/en\/pood\/training-equipment-en\/drinking-bottles-en\/abe-shaker-700ml\/"]}]},{"@type":"ImageObject","inLanguage":"en-US","@id":"https:\/\/fit360.ee\/en\/pood\/training-equipment-en\/drinking-bottles-en\/abe-shaker-700ml\/#primaryimage","url":"https:\/\/fit360.ee\/wp-content\/uploads\/2025\/01\/abe-shaker-700ml-fit360.ee_.jpg","contentUrl":"https:\/\/fit360.ee\/wp-content\/uploads\/2025\/01\/abe-shaker-700ml-fit360.ee_.jpg","width":2500,"height":2500,"caption":"abe shaker 700ml - fit360.ee"},{"@type":"BreadcrumbList","@id":"https:\/\/fit360.ee\/en\/pood\/training-equipment-en\/drinking-bottles-en\/abe-shaker-700ml\/#breadcrumb","itemListElement":[{"@type":"ListItem","position":1,"name":"Home","item":"https:\/\/fit360.ee\/en\/"},{"@type":"ListItem","position":2,"name":"Shop","item":"https:\/\/fit360.ee\/en\/shop\/"},{"@type":"ListItem","position":3,"name":"ABE Shaker (700ml)"}]},{"@type":"WebSite","@id":"https:\/\/fit360.ee\/en\/#website","url":"https:\/\/fit360.ee\/en\/","name":"Fit360","description":"","publisher":{"@id":"https:\/\/fit360.ee\/en\/#organization"},"potentialAction":[{"@type":"SearchAction","target":{"@type":"EntryPoint","urlTemplate":"https:\/\/fit360.ee\/en\/?s={search_term_string}"},"query-input":{"@type":"PropertyValueSpecification","valueRequired":true,"valueName":"search_term_string"}}],"inLanguage":"en-US"},{"@type":"Organization","@id":"https:\/\/fit360.ee\/en\/#organization","name":"Fit360","url":"https:\/\/fit360.ee\/en\/","logo":{"@type":"ImageObject","inLanguage":"en-US","@id":"https:\/\/fit360.ee\/en\/#\/schema\/logo\/image\/","url":"https:\/\/fit360.ee\/wp-content\/uploads\/2017\/01\/logo-fit360.png","contentUrl":"https:\/\/fit360.ee\/wp-content\/uploads\/2017\/01\/logo-fit360.png","width":180,"height":66,"caption":"Fit360"},"image":{"@id":"https:\/\/fit360.ee\/en\/#\/schema\/logo\/image\/"}}]}},"_links":{"self":[{"href":"https:\/\/fit360.ee\/en\/wp-json\/wp\/v2\/product\/85712","targetHints":{"allow":["GET"]}}],"collection":[{"href":"https:\/\/fit360.ee\/en\/wp-json\/wp\/v2\/product"}],"about":[{"href":"https:\/\/fit360.ee\/en\/wp-json\/wp\/v2\/types\/product"}],"replies":[{"embeddable":true,"href":"https:\/\/fit360.ee\/en\/wp-json\/wp\/v2\/comments?post=85712"}],"wp:featuredmedia":[{"embeddable":true,"href":"https:\/\/fit360.ee\/en\/wp-json\/wp\/v2\/media\/85711"}],"wp:attachment":[{"href":"https:\/\/fit360.ee\/en\/wp-json\/wp\/v2\/media?parent=85712"}],"wp:term":[{"taxonomy":"product_brand","embeddable":true,"href":"https:\/\/fit360.ee\/en\/wp-json\/wp\/v2\/product_brand?post=85712"},{"taxonomy":"product_cat","embeddable":true,"href":"https:\/\/fit360.ee\/en\/wp-json\/wp\/v2\/product_cat?post=85712"},{"taxonomy":"product_tag","embeddable":true,"href":"https:\/\/fit360.ee\/en\/wp-json\/wp\/v2\/product_tag?post=85712"},{"taxonomy":"giftcard-category","embeddable":true,"href":"https:\/\/fit360.ee\/en\/wp-json\/wp\/v2\/giftcard-category?post=85712"}],"curies":[{"name":"wp","href":"https:\/\/api.w.org\/{rel}","templated":true}]}}