{"id":85845,"date":"2025-01-14T18:27:02","date_gmt":"2025-01-14T16:27:02","guid":{"rendered":"https:\/\/fit360.ee\/pood\/uncategorized\/nano-hype-pump-15g\/"},"modified":"2025-08-13T07:36:01","modified_gmt":"2025-08-13T05:36:01","slug":"nano-hype-pump-15g","status":"publish","type":"product","link":"https:\/\/fit360.ee\/en\/pood\/product-groups\/superfoods-health-foods-en\/nac-en\/nano-hype-pump-15g\/","title":{"rendered":"Nano Hype Pump (15g)"},"content":{"rendered":"<h2><strong>Hype Pump<\/strong><\/h2>\n<p><b>Hype Pump \u00fclima lihaspumba jaoks!<\/b><\/p>\n<p>Kas otsite pre-workouti ilma kofeiinita? Hype Pump on t\u00f5hus l\u00e4mmastikoksiidi v\u00f5imendaja, mis pakub ainulaadset toitainemaatriksit lihaste kasvatamiseks ja veelgi suuremaks pump-efektiks.<\/p>\n<p>Meie Hype Pump Pre-Workout ei tee j\u00e4releandmisi: see sisaldab uuenduslikke koostisosi nagu <a href=\"https:\/\/fit360.ee\/en\/product-category\/product-groups\/amino-acids-bcaa\/l-arginine-en\/\"><strong>arginiin AAKG<\/strong><\/a>, <a href=\"https:\/\/fit360.ee\/en\/product-category\/product-groups\/amino-acids-bcaa\/citrulline-en\/\"><strong>L-tsitrulliinmalaat<\/strong><\/a> ja ainulaadne NanoSigineBlend\u2122 teaduslikult p\u00f5hjendatud annuses. Kuna oleme kofeiini lisamisest loobunud, sobib HYPE PUMP eriti h\u00e4sti k\u00f5ikidele hilistele treenijatele. Kasutage seda h\u00f5lpsalt hilis\u00f5htustel treeningutel ilma t\u00fc\u00fcpilise \u00e4ratusefektita, mis v\u00f5ib teie unemustrit segada.<\/p>\n<ul>\n<li>L-tsitruliin 7g<\/li>\n<li>Arginiin 3g<\/li>\n<li>Stimulaatorivaba<\/li>\n<li>Kreatiinivaba<\/li>\n<li>\u00c4\u00e4rmiselt tugev<\/li>\n<li>K\u00f5rge kvaliteet<\/li>\n<\/ul>\n<p><strong>Koostisosad<\/strong>: L-Tsitrlliin DL Malaat 2:1, Arginiini AKKG, NANOSIGINEBLEND\u2122 (Arginine-HCLL, Inositool, R\u00e4nid\u00fcoksiid), Tauriin, Peedijuureekstrakt, N-atts\u00fc\u00fclliin-L-Ts\u00fcsteiin, L\u00f5hna- ja maitseained (suhkruviinasool), Must pipraekstrakt (<em>Piper Negrum<\/em>).<\/p>\n<p><b>ALLERGIATEAVE:<\/b>\u00a0 Valmistatud soja-, muna- ja p\u00e4hklites kasutatavas tootmisliinil.<br \/>\n<b><\/b><\/p>\n<p><b>Kasutamine:<\/b>\u00a0 Sega 1 m\u00f5\u00f5telusikat\u00e4is kuhjaga 250-350 ml k\u00fclma veega ja tarbi 20 minutit enne treeningut v\u00f5i v\u00f5istlust. <strong>S\u00c4LITAMISE TINGIMUSE<\/strong><span style=\"font-size: 14.4px;\"><strong>D<\/strong>: HOIDA PUDELI TUGELT SULETUD 5-25\u00b0C. HOIDKE EEMAL OTSESE KUUMUSE, NIISKUSE JA P\u00c4IKESE VALGUSE KOHTA.<\/span><\/p>\n<p><strong>Suurus<\/strong>: 15g &#8211; 1 serveering<\/p>\n<table id=\"t_1\">\n<tbody>\n<tr>\n<td><strong>Toiteainete v\u00e4\u00e4rtus<\/strong><\/td>\n<td><strong>100 g toote kohta<\/strong><\/td>\n<td><strong>portsjoni kohta 15 g<\/strong><\/td>\n<td><strong>*SPK% (portsjoni kohta)<\/strong><\/td>\n<\/tr>\n<tr>\n<td>Energia<\/td>\n<td>0 KJ \/ 0 KCAL<\/td>\n<td>0 KJ \/ 40 KCAL<\/td>\n<td>0 KJ \/ 0 KCAL<\/td>\n<\/tr>\n<tr>\n<td>Rasvad<\/td>\n<td>0 g<\/td>\n<td>0 g<\/td>\n<td>0 %<\/td>\n<\/tr>\n<tr>\n<td><em>millest<\/em> k\u00fcllastunud rasvhapped<\/td>\n<td>0 g<\/td>\n<td>0 g<\/td>\n<td>0 %<\/td>\n<\/tr>\n<tr>\n<td>S\u00fcsivesikud<\/td>\n<td>0 g<\/td>\n<td>0 g<\/td>\n<td>0 %<\/td>\n<\/tr>\n<tr>\n<td>&#8211; <em>millest<\/em> suhkur<\/td>\n<td>0 g<\/td>\n<td>0 g<\/td>\n<td>0 %<\/td>\n<\/tr>\n<tr>\n<td>Valgud<\/td>\n<td>0 g<\/td>\n<td>0 g<\/td>\n<td>0 %<\/td>\n<\/tr>\n<tr>\n<td>Sool<\/td>\n<td>3 g<\/td>\n<td>0 g<\/td>\n<td>0 %<\/td>\n<\/tr>\n<tr>\n<td colspan=\"4\">*SPK% v\u00f5rdluskogus keskmise t\u00e4iskasvanu kohta (8400 KJ\/2000 kcal)<\/td>\n<\/tr>\n<\/tbody>\n<\/table>\n<p>&nbsp;<\/p>\n<table>\n<tbody>\n<tr>\n<td><strong><b>Toimeained<\/b><\/strong><\/td>\n<td width=\"86\"><strong><b>100g kohta\u00a0<\/b><\/strong><\/td>\n<td width=\"118\"><strong><b>1 serveering &#8211; 15g<\/b><\/strong><\/td>\n<\/tr>\n<tr>\n<td>L-tsitrulliin DL malaat 2:1<\/td>\n<td width=\"86\">46666 mg<\/td>\n<td width=\"118\">7000 mg<\/td>\n<\/tr>\n<tr>\n<td>Arginiin AKG<\/td>\n<td width=\"86\">20000 mg<\/td>\n<td width=\"118\">3000 mg<\/td>\n<\/tr>\n<tr>\n<td>NanoSigineBlend\u2122<\/td>\n<td width=\"86\">18866 mg<\/td>\n<td width=\"118\">2830 mg<\/td>\n<\/tr>\n<tr>\n<td>Sitkus<\/td>\n<td width=\"86\">6666 mg<\/td>\n<td width=\"118\">1000 mg<\/td>\n<\/tr>\n<tr>\n<td>N-atset\u00fc\u00fcl-L-ts\u00fcsteiin<\/td>\n<td width=\"86\">1887 mg<\/td>\n<td width=\"118\">200 mg<\/td>\n<\/tr>\n<tr>\n<td>Peedi juure ekstrakt<\/td>\n<td width=\"86\">3333 mg<\/td>\n<td width=\"118\">500 mg<\/td>\n<\/tr>\n<tr>\n<td>Nikotiinhape<\/td>\n<td width=\"86\">533 mg<\/td>\n<td width=\"118\">80 mg<\/td>\n<\/tr>\n<tr>\n<td>Musta pipra ekstrakt (<em>piper negrum<\/em>)<\/td>\n<td width=\"86\">94 mg<\/td>\n<td width=\"118\">10 mg<\/td>\n<\/tr>\n<\/tbody>\n<\/table>\n<p>Vaata ka meie Teisi Pre-Workoute <a href=\"https:\/\/fit360.ee\/en\/product-category\/product-groups\/pre-workout-en\/\"><strong>SIIT<\/strong><\/a>!<\/p>\n","protected":false},"excerpt":{"rendered":"<ul>\n<li>L-tsitruliin 7g<\/li>\n<li>Arginiin 3g<\/li>\n<li>Stimulaatorivaba<\/li>\n<li>Kreatiinivaba<\/li>\n<li>\u00c4\u00e4rmiselt tugev<\/li>\n<li>K\u00f5rge kvaliteet<\/li>\n<li>1 pakk = 1 serveering<\/li>\n<\/ul>\n","protected":false},"featured_media":81573,"comment_status":"open","ping_status":"closed","template":"","meta":[],"product_brand":[],"product_cat":[520,2314,2311,5308,5059,533],"product_tag":[5105,5106,5067],"giftcard-category":[],"class_list":{"0":"post-85845","1":"product","2":"type-product","3":"status-publish","4":"has-post-thumbnail","6":"product_cat-amino-acids-bcaa","7":"product_cat-citrulline-en","8":"product_cat-l-arginine-en","9":"product_cat-nac-en","10":"product_cat-nano-supps-en","11":"product_cat-pre-workout-en","12":"product_tag-hype-pump-en","13":"product_tag-nano-hype-pump-en","14":"product_tag-nano-supps-en","15":"pa_kogus-15g-en","16":"pa_maitse-maasika-kiivi-en","17":"pa_maitse-peach-mango","18":"pa_maitse-rohelise-ouna-en","19":"pa_toidulisand-branddd-nano-supps","20":"pa_tootegruppp-amino-acidsbcaa","21":"pa_tootegruppp-l-arginiin-en","22":"pa_tootegruppp-nac-en","23":"pa_tootegruppp-pre-workout","24":"pa_tootegruppp-tsitrulliin-en","26":"first","27":"instock","28":"sale","29":"taxable","30":"shipping-taxable","31":"purchasable","32":"product-type-variable"},"yoast_head":"<!-- This site is optimized with the Yoast SEO plugin v27.3 - https:\/\/yoast.com\/product\/yoast-seo-wordpress\/ -->\n<title>Nano Hype Pump (15g) - \u00dclit\u00f5hus Pre-Workout - Kofeiinivaba - Fit360<\/title>\n<meta name=\"description\" content=\"Hype Pump Pre-Workout ei tee j\u00e4releandmisi: see sisaldab uuenduslikke koostisosi nagu arginiin AAKG, L-tsitrulliinmalaat ja ainulaadne NanoSigineBlend\u2122\" \/>\n<meta name=\"robots\" content=\"index, follow, max-snippet:-1, max-image-preview:large, max-video-preview:-1\" \/>\n<link rel=\"canonical\" href=\"https:\/\/fit360.ee\/en\/pood\/product-groups\/superfoods-health-foods-en\/nac-en\/nano-hype-pump-15g\/\" \/>\n<meta property=\"og:locale\" content=\"en_US\" \/>\n<meta property=\"og:type\" content=\"article\" \/>\n<meta property=\"og:title\" content=\"Nano Hype Pump (15g) - \u00dclit\u00f5hus Pre-Workout - Kofeiinivaba - Fit360\" \/>\n<meta property=\"og:description\" content=\"Hype Pump Pre-Workout ei tee j\u00e4releandmisi: see sisaldab uuenduslikke koostisosi nagu arginiin AAKG, L-tsitrulliinmalaat ja ainulaadne NanoSigineBlend\u2122\" \/>\n<meta property=\"og:url\" content=\"https:\/\/fit360.ee\/en\/pood\/product-groups\/superfoods-health-foods-en\/nac-en\/nano-hype-pump-15g\/\" \/>\n<meta property=\"og:site_name\" content=\"Fit360\" \/>\n<meta property=\"article:modified_time\" content=\"2025-08-13T05:36:01+00:00\" \/>\n<meta property=\"og:image\" content=\"https:\/\/fit360.ee\/wp-content\/uploads\/2024\/07\/nano-hype-pump-fit360.ee-1.png\" \/>\n\t<meta property=\"og:image:width\" content=\"700\" \/>\n\t<meta property=\"og:image:height\" content=\"500\" \/>\n\t<meta property=\"og:image:type\" content=\"image\/png\" \/>\n<meta name=\"twitter:card\" content=\"summary_large_image\" \/>\n<meta name=\"twitter:label1\" content=\"Est. reading time\" \/>\n\t<meta name=\"twitter:data1\" content=\"2 minutes\" \/>\n<script type=\"application\/ld+json\" class=\"yoast-schema-graph\">{\"@context\":\"https:\\\/\\\/schema.org\",\"@graph\":[{\"@type\":\"WebPage\",\"@id\":\"https:\\\/\\\/fit360.ee\\\/en\\\/pood\\\/product-groups\\\/superfoods-health-foods-en\\\/nac-en\\\/nano-hype-pump-15g\\\/\",\"url\":\"https:\\\/\\\/fit360.ee\\\/en\\\/pood\\\/product-groups\\\/superfoods-health-foods-en\\\/nac-en\\\/nano-hype-pump-15g\\\/\",\"name\":\"Nano Hype Pump (15g) - \u00dclit\u00f5hus Pre-Workout - Kofeiinivaba - Fit360\",\"isPartOf\":{\"@id\":\"https:\\\/\\\/fit360.ee\\\/en\\\/#website\"},\"primaryImageOfPage\":{\"@id\":\"https:\\\/\\\/fit360.ee\\\/en\\\/pood\\\/product-groups\\\/superfoods-health-foods-en\\\/nac-en\\\/nano-hype-pump-15g\\\/#primaryimage\"},\"image\":{\"@id\":\"https:\\\/\\\/fit360.ee\\\/en\\\/pood\\\/product-groups\\\/superfoods-health-foods-en\\\/nac-en\\\/nano-hype-pump-15g\\\/#primaryimage\"},\"thumbnailUrl\":\"https:\\\/\\\/fit360.ee\\\/wp-content\\\/uploads\\\/2024\\\/07\\\/nano-hype-pump-fit360.ee-1.png\",\"datePublished\":\"2025-01-14T16:27:02+00:00\",\"dateModified\":\"2025-08-13T05:36:01+00:00\",\"description\":\"Hype Pump Pre-Workout ei tee j\u00e4releandmisi: see sisaldab uuenduslikke koostisosi nagu arginiin AAKG, L-tsitrulliinmalaat ja ainulaadne NanoSigineBlend\u2122\",\"breadcrumb\":{\"@id\":\"https:\\\/\\\/fit360.ee\\\/en\\\/pood\\\/product-groups\\\/superfoods-health-foods-en\\\/nac-en\\\/nano-hype-pump-15g\\\/#breadcrumb\"},\"inLanguage\":\"en-US\",\"potentialAction\":[{\"@type\":\"ReadAction\",\"target\":[\"https:\\\/\\\/fit360.ee\\\/en\\\/pood\\\/product-groups\\\/superfoods-health-foods-en\\\/nac-en\\\/nano-hype-pump-15g\\\/\"]}]},{\"@type\":\"ImageObject\",\"inLanguage\":\"en-US\",\"@id\":\"https:\\\/\\\/fit360.ee\\\/en\\\/pood\\\/product-groups\\\/superfoods-health-foods-en\\\/nac-en\\\/nano-hype-pump-15g\\\/#primaryimage\",\"url\":\"https:\\\/\\\/fit360.ee\\\/wp-content\\\/uploads\\\/2024\\\/07\\\/nano-hype-pump-fit360.ee-1.png\",\"contentUrl\":\"https:\\\/\\\/fit360.ee\\\/wp-content\\\/uploads\\\/2024\\\/07\\\/nano-hype-pump-fit360.ee-1.png\",\"width\":700,\"height\":500,\"caption\":\"nano hype pump - fit360.ee\"},{\"@type\":\"BreadcrumbList\",\"@id\":\"https:\\\/\\\/fit360.ee\\\/en\\\/pood\\\/product-groups\\\/superfoods-health-foods-en\\\/nac-en\\\/nano-hype-pump-15g\\\/#breadcrumb\",\"itemListElement\":[{\"@type\":\"ListItem\",\"position\":1,\"name\":\"Home\",\"item\":\"https:\\\/\\\/fit360.ee\\\/en\\\/\"},{\"@type\":\"ListItem\",\"position\":2,\"name\":\"Shop\",\"item\":\"https:\\\/\\\/fit360.ee\\\/en\\\/shop\\\/\"},{\"@type\":\"ListItem\",\"position\":3,\"name\":\"Nano Hype Pump (15g)\"}]},{\"@type\":\"WebSite\",\"@id\":\"https:\\\/\\\/fit360.ee\\\/en\\\/#website\",\"url\":\"https:\\\/\\\/fit360.ee\\\/en\\\/\",\"name\":\"Fit360\",\"description\":\"\",\"publisher\":{\"@id\":\"https:\\\/\\\/fit360.ee\\\/en\\\/#organization\"},\"potentialAction\":[{\"@type\":\"SearchAction\",\"target\":{\"@type\":\"EntryPoint\",\"urlTemplate\":\"https:\\\/\\\/fit360.ee\\\/en\\\/?s={search_term_string}\"},\"query-input\":{\"@type\":\"PropertyValueSpecification\",\"valueRequired\":true,\"valueName\":\"search_term_string\"}}],\"inLanguage\":\"en-US\"},{\"@type\":\"Organization\",\"@id\":\"https:\\\/\\\/fit360.ee\\\/en\\\/#organization\",\"name\":\"Fit360\",\"url\":\"https:\\\/\\\/fit360.ee\\\/en\\\/\",\"logo\":{\"@type\":\"ImageObject\",\"inLanguage\":\"en-US\",\"@id\":\"https:\\\/\\\/fit360.ee\\\/en\\\/#\\\/schema\\\/logo\\\/image\\\/\",\"url\":\"https:\\\/\\\/fit360.ee\\\/wp-content\\\/uploads\\\/2017\\\/01\\\/logo-fit360.png\",\"contentUrl\":\"https:\\\/\\\/fit360.ee\\\/wp-content\\\/uploads\\\/2017\\\/01\\\/logo-fit360.png\",\"width\":180,\"height\":66,\"caption\":\"Fit360\"},\"image\":{\"@id\":\"https:\\\/\\\/fit360.ee\\\/en\\\/#\\\/schema\\\/logo\\\/image\\\/\"}}]}<\/script>\n<!-- \/ Yoast SEO plugin. -->","yoast_head_json":{"title":"Nano Hype Pump (15g) - \u00dclit\u00f5hus Pre-Workout - Kofeiinivaba - Fit360","description":"Hype Pump Pre-Workout ei tee j\u00e4releandmisi: see sisaldab uuenduslikke koostisosi nagu arginiin AAKG, L-tsitrulliinmalaat ja ainulaadne NanoSigineBlend\u2122","robots":{"index":"index","follow":"follow","max-snippet":"max-snippet:-1","max-image-preview":"max-image-preview:large","max-video-preview":"max-video-preview:-1"},"canonical":"https:\/\/fit360.ee\/en\/pood\/product-groups\/superfoods-health-foods-en\/nac-en\/nano-hype-pump-15g\/","og_locale":"en_US","og_type":"article","og_title":"Nano Hype Pump (15g) - \u00dclit\u00f5hus Pre-Workout - Kofeiinivaba - Fit360","og_description":"Hype Pump Pre-Workout ei tee j\u00e4releandmisi: see sisaldab uuenduslikke koostisosi nagu arginiin AAKG, L-tsitrulliinmalaat ja ainulaadne NanoSigineBlend\u2122","og_url":"https:\/\/fit360.ee\/en\/pood\/product-groups\/superfoods-health-foods-en\/nac-en\/nano-hype-pump-15g\/","og_site_name":"Fit360","article_modified_time":"2025-08-13T05:36:01+00:00","og_image":[{"width":700,"height":500,"url":"https:\/\/fit360.ee\/wp-content\/uploads\/2024\/07\/nano-hype-pump-fit360.ee-1.png","type":"image\/png"}],"twitter_card":"summary_large_image","twitter_misc":{"Est. reading time":"2 minutes"},"schema":{"@context":"https:\/\/schema.org","@graph":[{"@type":"WebPage","@id":"https:\/\/fit360.ee\/en\/pood\/product-groups\/superfoods-health-foods-en\/nac-en\/nano-hype-pump-15g\/","url":"https:\/\/fit360.ee\/en\/pood\/product-groups\/superfoods-health-foods-en\/nac-en\/nano-hype-pump-15g\/","name":"Nano Hype Pump (15g) - \u00dclit\u00f5hus Pre-Workout - Kofeiinivaba - Fit360","isPartOf":{"@id":"https:\/\/fit360.ee\/en\/#website"},"primaryImageOfPage":{"@id":"https:\/\/fit360.ee\/en\/pood\/product-groups\/superfoods-health-foods-en\/nac-en\/nano-hype-pump-15g\/#primaryimage"},"image":{"@id":"https:\/\/fit360.ee\/en\/pood\/product-groups\/superfoods-health-foods-en\/nac-en\/nano-hype-pump-15g\/#primaryimage"},"thumbnailUrl":"https:\/\/fit360.ee\/wp-content\/uploads\/2024\/07\/nano-hype-pump-fit360.ee-1.png","datePublished":"2025-01-14T16:27:02+00:00","dateModified":"2025-08-13T05:36:01+00:00","description":"Hype Pump Pre-Workout ei tee j\u00e4releandmisi: see sisaldab uuenduslikke koostisosi nagu arginiin AAKG, L-tsitrulliinmalaat ja ainulaadne NanoSigineBlend\u2122","breadcrumb":{"@id":"https:\/\/fit360.ee\/en\/pood\/product-groups\/superfoods-health-foods-en\/nac-en\/nano-hype-pump-15g\/#breadcrumb"},"inLanguage":"en-US","potentialAction":[{"@type":"ReadAction","target":["https:\/\/fit360.ee\/en\/pood\/product-groups\/superfoods-health-foods-en\/nac-en\/nano-hype-pump-15g\/"]}]},{"@type":"ImageObject","inLanguage":"en-US","@id":"https:\/\/fit360.ee\/en\/pood\/product-groups\/superfoods-health-foods-en\/nac-en\/nano-hype-pump-15g\/#primaryimage","url":"https:\/\/fit360.ee\/wp-content\/uploads\/2024\/07\/nano-hype-pump-fit360.ee-1.png","contentUrl":"https:\/\/fit360.ee\/wp-content\/uploads\/2024\/07\/nano-hype-pump-fit360.ee-1.png","width":700,"height":500,"caption":"nano hype pump - fit360.ee"},{"@type":"BreadcrumbList","@id":"https:\/\/fit360.ee\/en\/pood\/product-groups\/superfoods-health-foods-en\/nac-en\/nano-hype-pump-15g\/#breadcrumb","itemListElement":[{"@type":"ListItem","position":1,"name":"Home","item":"https:\/\/fit360.ee\/en\/"},{"@type":"ListItem","position":2,"name":"Shop","item":"https:\/\/fit360.ee\/en\/shop\/"},{"@type":"ListItem","position":3,"name":"Nano Hype Pump (15g)"}]},{"@type":"WebSite","@id":"https:\/\/fit360.ee\/en\/#website","url":"https:\/\/fit360.ee\/en\/","name":"Fit360","description":"","publisher":{"@id":"https:\/\/fit360.ee\/en\/#organization"},"potentialAction":[{"@type":"SearchAction","target":{"@type":"EntryPoint","urlTemplate":"https:\/\/fit360.ee\/en\/?s={search_term_string}"},"query-input":{"@type":"PropertyValueSpecification","valueRequired":true,"valueName":"search_term_string"}}],"inLanguage":"en-US"},{"@type":"Organization","@id":"https:\/\/fit360.ee\/en\/#organization","name":"Fit360","url":"https:\/\/fit360.ee\/en\/","logo":{"@type":"ImageObject","inLanguage":"en-US","@id":"https:\/\/fit360.ee\/en\/#\/schema\/logo\/image\/","url":"https:\/\/fit360.ee\/wp-content\/uploads\/2017\/01\/logo-fit360.png","contentUrl":"https:\/\/fit360.ee\/wp-content\/uploads\/2017\/01\/logo-fit360.png","width":180,"height":66,"caption":"Fit360"},"image":{"@id":"https:\/\/fit360.ee\/en\/#\/schema\/logo\/image\/"}}]}},"_links":{"self":[{"href":"https:\/\/fit360.ee\/en\/wp-json\/wp\/v2\/product\/85845","targetHints":{"allow":["GET"]}}],"collection":[{"href":"https:\/\/fit360.ee\/en\/wp-json\/wp\/v2\/product"}],"about":[{"href":"https:\/\/fit360.ee\/en\/wp-json\/wp\/v2\/types\/product"}],"replies":[{"embeddable":true,"href":"https:\/\/fit360.ee\/en\/wp-json\/wp\/v2\/comments?post=85845"}],"wp:featuredmedia":[{"embeddable":true,"href":"https:\/\/fit360.ee\/en\/wp-json\/wp\/v2\/media\/81573"}],"wp:attachment":[{"href":"https:\/\/fit360.ee\/en\/wp-json\/wp\/v2\/media?parent=85845"}],"wp:term":[{"taxonomy":"product_brand","embeddable":true,"href":"https:\/\/fit360.ee\/en\/wp-json\/wp\/v2\/product_brand?post=85845"},{"taxonomy":"product_cat","embeddable":true,"href":"https:\/\/fit360.ee\/en\/wp-json\/wp\/v2\/product_cat?post=85845"},{"taxonomy":"product_tag","embeddable":true,"href":"https:\/\/fit360.ee\/en\/wp-json\/wp\/v2\/product_tag?post=85845"},{"taxonomy":"giftcard-category","embeddable":true,"href":"https:\/\/fit360.ee\/en\/wp-json\/wp\/v2\/giftcard-category?post=85845"}],"curies":[{"name":"wp","href":"https:\/\/api.w.org\/{rel}","templated":true}]}}