{"id":85897,"date":"2025-01-16T12:36:08","date_gmt":"2025-01-16T10:36:08","guid":{"rendered":"https:\/\/fit360.ee\/pood\/uncategorized\/17-antioxidants-60-caps\/"},"modified":"2026-04-09T14:42:06","modified_gmt":"2026-04-09T12:42:06","slug":"17-antioxidants-60-caps","status":"publish","type":"product","link":"https:\/\/fit360.ee\/en\/pood\/product-groups\/superfoods-health-foods-en\/green-tea-extract-en\/17-antioxidants-60-caps\/","title":{"rendered":"17 Antioxidants (60 caps)"},"content":{"rendered":"<h2><strong>17 Antioxidants<\/strong><\/h2>\n<p class=\"cm__text --bold\">OstroVit 17 Antioxidants on toidulisand, mis on v\u00e4\u00e4rtuslike toimeainete allikas, n\u00e4iteks: l\u00fckopeen, vitamiin B6, koens\u00fc\u00fcm Q10 ja alfa-lipoehape. See on kvaliteetne preparaat, mis on saadaval kergesti neelatavate kapslite kujul, mis sobib suurep\u00e4raselt v\u00e4\u00e4rtuslike \u00fchenditega igap\u00e4evase toidulisandina.<\/p>\n<ul class=\"cm__list\">\n<li><strong>V\u00e4\u00e4rtuslike toimeainete allikas<\/strong>\u00a0\u2013 toidulisand sisaldab hulgaliselt bioloogiliselt aktiivseid \u00fchendeid, sealhulgas: kurkumi risoomi ekstrakt, mis sisaldab 95% kurkuminoide, kibuvitsamarja ekstrakt, mis sisaldab 70% C-vitamiini, rohelise tee lehtede ekstrakt, mis on standarditud 50% pol\u00fcfenoolide v\u00f5i l\u00fckopeeni, koens\u00fc\u00fcmi Q10 ja vitamiini B6 suhtes.<\/li>\n<li><strong>1 portsjon = 2 kapslit<\/strong>\u00a0.<\/li>\n<li><strong>T\u00f5husus<\/strong>\u00a0\u2013 toote pakendist piisab kuuks regulaarseks toidulisandiks.<\/li>\n<li><strong>Mugav vorm<\/strong>\u00a0&#8211; kergesti neelatavate kapslitena saadaval olev preparaat tagab toidulisandi t\u00f5rgeteta manustamise.<\/li>\n<\/ul>\n<h4><strong>OstroVit 17 Antioxidants \u2013 igak\u00fclgne igap\u00e4evamen\u00fc\u00fc tugi<\/strong><\/h4>\n<p><a href=\"https:\/\/fit360.ee\/en\/product-category\/antioxidants-en\/\"><strong>Antioks\u00fcdandid<\/strong><\/a>\u00a0on r\u00fchm keemilisi \u00fchendeid, millel on v\u00f5ime p\u00e4rssida v\u00f5i edasi l\u00fckata oks\u00fcdatsiooniprotsesse inimkehas. Need on ained, mille \u00fclesanne on v\u00e4hendada oks\u00fcdatiivset stressi ning neutraliseerida vabu radikaale ja reaktiivseid hapniku liike.<\/p>\n<p>Osa antioks\u00fcdante esineb inimkehas looduslikult ja neid nimetatakse endogeenseteks antioks\u00fcdantideks ning osa tuleb organismi varustada v\u00e4ljastpoolt \u2013 toidu v\u00f5i toidulisanditega, mist\u00f5ttu neid nimetatakse eksogeenseteks antioks\u00fcdantideks.<\/p>\n<p>Antioks\u00fcdante leidub toidus, eelk\u00f5ige v\u00e4rsketes puu- ja k\u00f6\u00f6giviljades, aga ka sellistes toodetes nagu roheline tee, teravilja idud ja kuivatatud kaunviljade seemned. Nende ainete hulka kuuluvad sellised \u00fchendid nagu kvertsetiin, koens\u00fc\u00fcm Q10, l\u00fckopeen,\u00a0<strong><a href=\"https:\/\/fit360.ee\/en\/product-category\/product-groups\/vitamins-and-minerals-en\/c-vitamin-en\/\" target=\"_blank\" rel=\"noopener\">C-vitamiin<\/a><\/strong>\u00a0ja beetakaroteen.<\/p>\n<p>OstroVit 17 antioxidants preparaat on rikas bioloogiliselt aktiivsete \u00fchendite poolest. Toode sisaldab arvukalt ekstrakte, mis on standardiseeritud vastavalt konkreetsele toimeainesisaldusele, mis garanteerib v\u00e4\u00e4rtuslike \u00fchendite k\u00f5rge sisalduse toote igas portsjonis ja m\u00f5jutab positiivselt toidulisandi kvaliteeti. OstroVit 17 antioks\u00fcdandid sisaldavad:<\/p>\n<ul>\n<li>Kurkumi risoomi ekstrakt, mis on standardiseeritud 95% kurkuminoididega,<\/li>\n<li>Jaapani k\u00fc\u00fcliku juure ekstrakt, mis on standardiseeritud 50% trans-resveratrooliga,<\/li>\n<li>Viinamarjaseemneekstrakt, mis on standardiseeritud 95% proantots\u00fcaniidide (PAC),<\/li>\n<li>M\u00f5ruapelsini puuviljaekstrakt, mis on standarditud 60% hesperidiinini,<\/li>\n<li>Rohelise tee lehtede ekstrakt, mis on standardiseeritud 50% pol\u00fcfenoolidega,<\/li>\n<li>leedrimarja ekstrakt, mis on standardiseeritud 40% pol\u00fcfenoolide ja 5% antots\u00fcaanidega,<\/li>\n<li>Kibuvitsamarja ekstrakt, mis sisaldab 70% C-vitamiini,<\/li>\n<li>Rhodiola rosea juure ekstrakt, mis on standarditud 1% salidrosiidideni,<\/li>\n<li>Ingveri juure ekstrakt, mis on standarditud 5% gingeroolini,<\/li>\n<li>Musta pipra puuviljaekstrakt, mis on standardiseeritud 95% piperiiniga,<\/li>\n<\/ul>\n<p>samuti muid v\u00e4\u00e4rtuslikke \u00fchendeid, nimelt:<\/p>\n<ul>\n<li>Spermidiin,<\/li>\n<li>L-glutatioon v\u00e4henenud,<\/li>\n<li>kvertsetiin dih\u00fcdraat,<\/li>\n<li>alfa-lipoehape,<\/li>\n<li>koens\u00fc\u00fcm Q10,<\/li>\n<li>beetakaroteen,<\/li>\n<li>l\u00fckopeen,<\/li>\n<li>vitamiin B6,<\/li>\n<li>Niatsiin inositoolheksanikotinaadi kujul.<\/li>\n<\/ul>\n<h4><strong>OstroVit 17 antioks\u00fcdantides sisalduvate koostisosade omadused<\/strong><\/h4>\n<p><strong>C-vitamiin<\/strong>\u00a0aitab s\u00e4ilitada immuuns\u00fcsteemi n\u00f5uetekohast toimimist intensiivse f\u00fc\u00fcsilise koormuse ajal ja p\u00e4rast seda. Lisaks toetab L-askorbiinhape kollageeni n\u00f5uetekohast tootmist, et tagada veresoonte, luude, k\u00f5hrede ja igemete, aga ka hammaste ja naha optimaalne funktsioneerimine. Aine aitab kaasa ka korraliku energiavahetuse ja n\u00e4rvis\u00fcsteemi n\u00f5uetekohase toimimise s\u00e4ilitamisele. C-vitamiin aitab v\u00e4hendada ka v\u00e4simus- ja kurnatustunnet ning veelgi enam, see aitab s\u00e4ilitada \u00f5igeid ps\u00fchholoogilisi funktsioone ja kaitsta rakke oks\u00fcdatiivse stressi eest.<\/p>\n<p><strong>Niatsiin<\/strong>\u00a0aitab s\u00e4ilitada \u00f5iget energiavahetust ja aitab kaasa n\u00e4rvis\u00fcsteemi n\u00f5uetekohasele toimimisele. Lisaks toetab \u00fchend \u00f5igete ps\u00fchholoogiliste funktsioonide s\u00e4ilimist ja aitab s\u00e4ilitada limaskestade optimaalset seisundit. Niatsiin aitab ka v\u00e4hendada v\u00e4simust ja kurnatust ning aitab s\u00e4ilitada terve naha.<\/p>\n<p><strong>B6-vitamiin<\/strong>\u00a0aitab s\u00e4ilitada \u00f5iget energiavahetust ja toetab n\u00e4rvis\u00fcsteemi n\u00f5uetekohast talitlust. See on \u00fchend, mis aitab kaasa valkude ja gl\u00fckogeeni \u00f5ige metabolismi s\u00e4ilitamisele ning lisaks aitab see kaasa punaste vereliblede \u00f5igele tootmisele ning v\u00e4hendab v\u00e4simus- ja kurnatustunnet. Lisaks toetab aine ts\u00fcsteiini \u00f5iget s\u00fcnteesi ja aitab s\u00e4ilitada \u00f5iget homots\u00fcsteiini metabolismi. B6-vitamiin toetab ka \u00f5igete ps\u00fchholoogiliste funktsioonide s\u00e4ilitamist ja aitab kaasa hormonaalse aktiivsuse reguleerimisele ning aitab kaasa immuuns\u00fcsteemi korralikule toimimisele.<\/p>\n<p><strong>Koostisosad<\/strong>: Kurkumi risoomi ekstrakt &#8211; 95% kurkuminoide, mahuaine: h\u00fcdroks\u00fcprop\u00fc\u00fclmet\u00fc\u00fcltselluloos; kibuvitsamarja ekstrakt &#8211; 70% C-vitamiini, jaapani k\u00fc\u00fcliku juure ekstrakt &#8211; 50% trans-resveratrooli, viinamarjaseemne ekstrakt (<em>Vitis vinifera L.<\/em>) standardiseeritud 95% proantots\u00fcaniidide (PAC), v\u00e4hendatud L-glutatioon, puuviljaekstrakt m\u00f5ru apelsini &#8211; 60% hesperidiini , rohelise tee lehe ekstrakt &#8211; 50% pol\u00fcfenoole, dih\u00fcdraat kvertsetiin (<em>Sophora japonica L<\/em>. viljadest), beetakaroteen, leedrimarja ekstrakt &#8211; 40% pol\u00fcfenoole ja 5% antots\u00fcaniine, Rhodiola rosea juure ekstrakt &#8211; 1% salidrosiidid, ingveri juure ekstrakt &#8211; 5% gingeroolid, alfa lipoehape (ALA) , l\u00fckopeen, spermidiinirikas nisuiduekstrakt (<em>Triticum aestevium<\/em>), ubikinoon (koens\u00fc\u00fcm Q10), inositoolheksanikotinaat (niatsiin), paakumisvastane aine: rasvhapete magneesiumisoolad; musta pipra puuviljaekstrakt &#8211; 95% piperiin, p\u00fcridoksaal-5&#8242;-fosfaat (vitamiin B6).<\/p>\n<p>Toode v\u00f5ib sisaldada piima (sh laktoosi), soja, maap\u00e4hkleid, muid p\u00e4hkleid, seesamiseemneid, gluteeni sisaldavaid teravilju, mune, v\u00e4hilaadseid, kala.<\/p>\n<p><strong>Kasutamine<\/strong>: Tarbi 1 portsjon (2 kapslit) p\u00e4evas. Mitte kasutada inimestel, kellel on eelsoodumus neerukivide tekkeks v\u00f5i kellel on neerukivid. Toode on m\u00f5eldud t\u00e4iskasvanutele.<\/p>\n<p><strong>Suurus<\/strong>: 60 kapslit &#8211; 30 serveeringut.<\/p>\n<table>\n<tbody>\n<tr>\n<th>Aktiivsed koostisained<\/th>\n<th>Portsjoni kohta<\/th>\n<th>% SPK*<\/th>\n<\/tr>\n<tr>\n<td>Kurkumi risoomi ekstrakt:<\/td>\n<td>250 mg<\/td>\n<td>&#8211;<\/td>\n<\/tr>\n<tr class=\"sub\">\n<td>&#8211; sealhulgas kurkuminoidid (95%)<\/td>\n<td>237,5 mg<\/td>\n<td>&#8211;<\/td>\n<\/tr>\n<tr>\n<td>Jaapani knotweed juure ekstrakt:<\/td>\n<td>125 mg<\/td>\n<td>&#8211;<\/td>\n<\/tr>\n<tr class=\"sub\">\n<td>&#8211; sealhulgas trans-resveratrool (50%)<\/td>\n<td>62,5 mg<\/td>\n<td>&#8211;<\/td>\n<\/tr>\n<tr>\n<td>Viinamarjaseemne ekstrakt:<\/td>\n<td>120 mg<\/td>\n<td>&#8211;<\/td>\n<\/tr>\n<tr class=\"sub\">\n<td>&#8211; sealhulgas proantots\u00fcaniidid PAC (95%)<\/td>\n<td>114 mg<\/td>\n<td>&#8211;<\/td>\n<\/tr>\n<tr>\n<td>L-glutatioon v\u00e4henenud<\/td>\n<td>110 mg<\/td>\n<td>&#8211;<\/td>\n<\/tr>\n<tr>\n<td>M\u00f5ru apelsini puuviljaekstrakt:<\/td>\n<td>100 mg<\/td>\n<td>&#8211;<\/td>\n<\/tr>\n<tr class=\"sub\">\n<td>&#8211; sealhulgas hesperidiin (60%)<\/td>\n<td>60 mg<\/td>\n<td>&#8211;<\/td>\n<\/tr>\n<tr>\n<td>Rohelise tee lehtede ekstrakt:<\/td>\n<td>100 mg<\/td>\n<td>&#8211;<\/td>\n<\/tr>\n<tr class=\"sub\">\n<td>&#8211; sealhulgas pol\u00fcfenoolid (50%)<\/td>\n<td>50 mg<\/td>\n<td>&#8211;<\/td>\n<\/tr>\n<tr>\n<td>Kvertsetiin dih\u00fcdraat<\/td>\n<td>100 mg<\/td>\n<td>&#8211;<\/td>\n<\/tr>\n<tr>\n<td>Leedri ekstrakt:<\/td>\n<td>60 mg<\/td>\n<td>&#8211;<\/td>\n<\/tr>\n<tr class=\"sub\">\n<td>&#8211; sealhulgas pol\u00fcfenoolid (40%)<\/td>\n<td>24 mg<\/td>\n<td>&#8211;<\/td>\n<\/tr>\n<tr class=\"sub\">\n<td>&#8211; sealhulgas antots\u00fcaanid (5%)<\/td>\n<td>3 mg<\/td>\n<td>&#8211;<\/td>\n<\/tr>\n<tr>\n<td>Spermidiin<\/td>\n<td>0,3 mg<\/td>\n<td>&#8211;<\/td>\n<\/tr>\n<tr>\n<td>Rhodiola rosea juure ekstrakt:<\/td>\n<td>50 mg<\/td>\n<td>&#8211;<\/td>\n<\/tr>\n<tr class=\"sub\">\n<td>&#8211; sealhulgas salidrosiidid (1%)<\/td>\n<td>0,5 mg<\/td>\n<td>&#8211;<\/td>\n<\/tr>\n<tr>\n<td>Ingveri juure ekstrakt:<\/td>\n<td>50 mg<\/td>\n<td>&#8211;<\/td>\n<\/tr>\n<tr class=\"sub\">\n<td>&#8211; sealhulgas gingeroolid (5%)<\/td>\n<td>2,5 mg<\/td>\n<td>&#8211;<\/td>\n<\/tr>\n<tr>\n<td>Alfa lipoehape (ALA)<\/td>\n<td>50 mg<\/td>\n<td>&#8211;<\/td>\n<\/tr>\n<tr>\n<td>Koens\u00fc\u00fcm Q10<\/td>\n<td>30 mg<\/td>\n<td>&#8211;<\/td>\n<\/tr>\n<tr>\n<td>Beetakaroteen<\/td>\n<td>3,5 mg<\/td>\n<td>&#8211;<\/td>\n<\/tr>\n<tr>\n<td>L\u00fckopeen<\/td>\n<td>2 mg<\/td>\n<td>&#8211;<\/td>\n<\/tr>\n<tr>\n<td>Musta pipra puuviljaekstrakt:<\/td>\n<td>2 mg<\/td>\n<td>&#8211;<\/td>\n<\/tr>\n<tr class=\"sub\">\n<td>&#8211; sealhulgas piperiin (95%)<\/td>\n<td>1,9 mg<\/td>\n<td>&#8211;<\/td>\n<\/tr>\n<tr>\n<td>Vitamiin B6<\/td>\n<td>1,4 mg<\/td>\n<td>100%<\/td>\n<\/tr>\n<tr>\n<td>Kibuvitsamarja ekstrakt:<\/td>\n<td>120 mg<\/td>\n<td>&#8211;<\/td>\n<\/tr>\n<tr class=\"sub\">\n<td>&#8211; sealhulgas C-vitamiini<\/td>\n<td>84 mg<\/td>\n<td>105%<\/td>\n<\/tr>\n<tr>\n<td>Niatsiin<\/td>\n<td>16 mg<\/td>\n<td>100%<\/td>\n<\/tr>\n<\/tbody>\n<\/table>\n<p>*SPK\u2013\u00a0 Soovitatud p\u00e4evane kogus.<\/p>\n<p>Vaata ka meie Teisi Antioks\u00fcdante <a href=\"https:\/\/fit360.ee\/en\/product-category\/antioxidants-en\/\"><strong>SIIT<\/strong><\/a> v\u00f5i Supertoite <a href=\"https:\/\/fit360.ee\/en\/product-category\/product-groups\/superfoods-health-foods-en\/\"><strong>SIIT<\/strong><\/a>!<\/p>\n<p>Soovid kaupa osta suuremas koguses? Vaata antud toodet ka meie HULGI poest\u00a0<a href=\"https:\/\/toidulisandidhulgi.ee\/tooted\/17-antioxidants-60-caps\/\"><strong>SIIT<\/strong><\/a>!<\/p>\n","protected":false},"excerpt":{"rendered":"<ul>\n<li>17 v\u00e4ga t\u00f5husat Antioks\u00fcdanti<\/li>\n<li>Mugav vorm<\/li>\n<li>T\u00f5hus<\/li>\n<li>1 kuu varu<\/li>\n<li>Hea imendumine<\/li>\n<\/ul>\n","protected":false},"featured_media":85896,"comment_status":"open","ping_status":"closed","template":"","meta":[],"product_brand":[],"product_cat":[5311,2251,1911,2279,530,5320,2371,1329,2291,2408,1454,536],"product_tag":[5471,5472,5473,1924],"giftcard-category":[],"class_list":{"0":"post-85897","1":"product","2":"type-product","3":"status-publish","4":"has-post-thumbnail","6":"product_cat-antioxidants-en","7":"product_cat-b-vitamin-en","8":"product_cat-c-vitamin-en","9":"product_cat-coenzyme-q10-en","10":"product_cat-fat-burners-en","11":"product_cat-for-immunity-en","12":"product_cat-green-tea-extract-en","13":"product_cat-ostrovit-en","14":"product_cat-rhodiola-rosea-en","15":"product_cat-stimulant-free-fat-burners-en","16":"product_cat-superfoods-health-foods-en","17":"product_cat-vitamins-and-minerals-en","18":"product_tag-17-antioxidants-en","19":"product_tag-antioksudandid-en","20":"product_tag-antioxidants-en","21":"product_tag-ostrovit-en","22":"pa_kogus-60-capsules","23":"pa_toidulisand-branddd-ostrovit","24":"pa_tootegruppp-antioksudandid-en","25":"pa_tootegruppp-b-vitamiin-en","26":"pa_tootegruppp-c-vitamiin-en","27":"pa_tootegruppp-immuunsusteem-en","28":"pa_tootegruppp-koensuum-q10-en","29":"pa_tootegruppp-rhodiola-rosea-en","30":"pa_tootegruppp-rohelise-tee-ekstrakt-en","31":"pa_tootegruppp-stimulandivaba-en","32":"pa_tootegruppp-supertoit-tervisetoit-en","33":"pa_tootegruppp-vitamins-and-minerals","34":"pa_tootegruppp-weight-loss","36":"first","37":"outofstock","38":"sale","39":"taxable","40":"shipping-taxable","41":"purchasable","42":"product-type-simple"},"yoast_head":"<!-- This site is optimized with the Yoast SEO plugin v27.3 - https:\/\/yoast.com\/product\/yoast-seo-wordpress\/ -->\n<title>17 Antioxidants (60 caps) - T\u00f5husad Antioks\u00fcdandid - Kiire Tarne - Fit360<\/title>\n<meta name=\"description\" content=\"OstroVit 17 Antioxidants preparaat on rikas bioloogiliselt aktiivsete \u00fchendite poolest. Toode sisaldab arvukalt ekstrakte, mis on standardiseeritud va...\" \/>\n<meta name=\"robots\" content=\"index, follow, max-snippet:-1, max-image-preview:large, max-video-preview:-1\" \/>\n<link rel=\"canonical\" href=\"https:\/\/fit360.ee\/en\/pood\/product-groups\/superfoods-health-foods-en\/green-tea-extract-en\/17-antioxidants-60-caps\/\" \/>\n<meta property=\"og:locale\" content=\"en_US\" \/>\n<meta property=\"og:type\" content=\"article\" \/>\n<meta property=\"og:title\" content=\"17 Antioxidants (60 caps) - T\u00f5husad Antioks\u00fcdandid - Kiire Tarne - Fit360\" \/>\n<meta property=\"og:description\" content=\"OstroVit 17 Antioxidants preparaat on rikas bioloogiliselt aktiivsete \u00fchendite poolest. Toode sisaldab arvukalt ekstrakte, mis on standardiseeritud va...\" \/>\n<meta property=\"og:url\" content=\"https:\/\/fit360.ee\/en\/pood\/product-groups\/superfoods-health-foods-en\/green-tea-extract-en\/17-antioxidants-60-caps\/\" \/>\n<meta property=\"og:site_name\" content=\"Fit360\" \/>\n<meta property=\"article:modified_time\" content=\"2026-04-09T12:42:06+00:00\" \/>\n<meta property=\"og:image\" content=\"https:\/\/fit360.ee\/wp-content\/uploads\/2025\/01\/17-antioxidants-antioksudandid-fit360.ee-1.png\" \/>\n\t<meta property=\"og:image:width\" content=\"450\" \/>\n\t<meta property=\"og:image:height\" content=\"450\" \/>\n\t<meta property=\"og:image:type\" content=\"image\/png\" \/>\n<meta name=\"twitter:card\" content=\"summary_large_image\" \/>\n<meta name=\"twitter:label1\" content=\"Est. reading time\" \/>\n\t<meta name=\"twitter:data1\" content=\"5 minutes\" \/>\n<script type=\"application\/ld+json\" class=\"yoast-schema-graph\">{\"@context\":\"https:\\\/\\\/schema.org\",\"@graph\":[{\"@type\":\"WebPage\",\"@id\":\"https:\\\/\\\/fit360.ee\\\/en\\\/pood\\\/product-groups\\\/superfoods-health-foods-en\\\/green-tea-extract-en\\\/17-antioxidants-60-caps\\\/\",\"url\":\"https:\\\/\\\/fit360.ee\\\/en\\\/pood\\\/product-groups\\\/superfoods-health-foods-en\\\/green-tea-extract-en\\\/17-antioxidants-60-caps\\\/\",\"name\":\"17 Antioxidants (60 caps) - T\u00f5husad Antioks\u00fcdandid - Kiire Tarne - Fit360\",\"isPartOf\":{\"@id\":\"https:\\\/\\\/fit360.ee\\\/en\\\/#website\"},\"primaryImageOfPage\":{\"@id\":\"https:\\\/\\\/fit360.ee\\\/en\\\/pood\\\/product-groups\\\/superfoods-health-foods-en\\\/green-tea-extract-en\\\/17-antioxidants-60-caps\\\/#primaryimage\"},\"image\":{\"@id\":\"https:\\\/\\\/fit360.ee\\\/en\\\/pood\\\/product-groups\\\/superfoods-health-foods-en\\\/green-tea-extract-en\\\/17-antioxidants-60-caps\\\/#primaryimage\"},\"thumbnailUrl\":\"https:\\\/\\\/fit360.ee\\\/wp-content\\\/uploads\\\/2025\\\/01\\\/17-antioxidants-antioksudandid-fit360.ee-1.png\",\"datePublished\":\"2025-01-16T10:36:08+00:00\",\"dateModified\":\"2026-04-09T12:42:06+00:00\",\"description\":\"OstroVit 17 Antioxidants preparaat on rikas bioloogiliselt aktiivsete \u00fchendite poolest. Toode sisaldab arvukalt ekstrakte, mis on standardiseeritud va...\",\"breadcrumb\":{\"@id\":\"https:\\\/\\\/fit360.ee\\\/en\\\/pood\\\/product-groups\\\/superfoods-health-foods-en\\\/green-tea-extract-en\\\/17-antioxidants-60-caps\\\/#breadcrumb\"},\"inLanguage\":\"en-US\",\"potentialAction\":[{\"@type\":\"ReadAction\",\"target\":[\"https:\\\/\\\/fit360.ee\\\/en\\\/pood\\\/product-groups\\\/superfoods-health-foods-en\\\/green-tea-extract-en\\\/17-antioxidants-60-caps\\\/\"]}]},{\"@type\":\"ImageObject\",\"inLanguage\":\"en-US\",\"@id\":\"https:\\\/\\\/fit360.ee\\\/en\\\/pood\\\/product-groups\\\/superfoods-health-foods-en\\\/green-tea-extract-en\\\/17-antioxidants-60-caps\\\/#primaryimage\",\"url\":\"https:\\\/\\\/fit360.ee\\\/wp-content\\\/uploads\\\/2025\\\/01\\\/17-antioxidants-antioksudandid-fit360.ee-1.png\",\"contentUrl\":\"https:\\\/\\\/fit360.ee\\\/wp-content\\\/uploads\\\/2025\\\/01\\\/17-antioxidants-antioksudandid-fit360.ee-1.png\",\"width\":450,\"height\":450,\"caption\":\"17 antioxidants antioks\u00fcdandid - fit360.ee\"},{\"@type\":\"BreadcrumbList\",\"@id\":\"https:\\\/\\\/fit360.ee\\\/en\\\/pood\\\/product-groups\\\/superfoods-health-foods-en\\\/green-tea-extract-en\\\/17-antioxidants-60-caps\\\/#breadcrumb\",\"itemListElement\":[{\"@type\":\"ListItem\",\"position\":1,\"name\":\"Home\",\"item\":\"https:\\\/\\\/fit360.ee\\\/en\\\/\"},{\"@type\":\"ListItem\",\"position\":2,\"name\":\"Shop\",\"item\":\"https:\\\/\\\/fit360.ee\\\/en\\\/shop\\\/\"},{\"@type\":\"ListItem\",\"position\":3,\"name\":\"17 Antioxidants (60 caps)\"}]},{\"@type\":\"WebSite\",\"@id\":\"https:\\\/\\\/fit360.ee\\\/en\\\/#website\",\"url\":\"https:\\\/\\\/fit360.ee\\\/en\\\/\",\"name\":\"Fit360\",\"description\":\"\",\"publisher\":{\"@id\":\"https:\\\/\\\/fit360.ee\\\/en\\\/#organization\"},\"potentialAction\":[{\"@type\":\"SearchAction\",\"target\":{\"@type\":\"EntryPoint\",\"urlTemplate\":\"https:\\\/\\\/fit360.ee\\\/en\\\/?s={search_term_string}\"},\"query-input\":{\"@type\":\"PropertyValueSpecification\",\"valueRequired\":true,\"valueName\":\"search_term_string\"}}],\"inLanguage\":\"en-US\"},{\"@type\":\"Organization\",\"@id\":\"https:\\\/\\\/fit360.ee\\\/en\\\/#organization\",\"name\":\"Fit360\",\"url\":\"https:\\\/\\\/fit360.ee\\\/en\\\/\",\"logo\":{\"@type\":\"ImageObject\",\"inLanguage\":\"en-US\",\"@id\":\"https:\\\/\\\/fit360.ee\\\/en\\\/#\\\/schema\\\/logo\\\/image\\\/\",\"url\":\"https:\\\/\\\/fit360.ee\\\/wp-content\\\/uploads\\\/2017\\\/01\\\/logo-fit360.png\",\"contentUrl\":\"https:\\\/\\\/fit360.ee\\\/wp-content\\\/uploads\\\/2017\\\/01\\\/logo-fit360.png\",\"width\":180,\"height\":66,\"caption\":\"Fit360\"},\"image\":{\"@id\":\"https:\\\/\\\/fit360.ee\\\/en\\\/#\\\/schema\\\/logo\\\/image\\\/\"}}]}<\/script>\n<!-- \/ Yoast SEO plugin. -->","yoast_head_json":{"title":"17 Antioxidants (60 caps) - T\u00f5husad Antioks\u00fcdandid - Kiire Tarne - Fit360","description":"OstroVit 17 Antioxidants preparaat on rikas bioloogiliselt aktiivsete \u00fchendite poolest. Toode sisaldab arvukalt ekstrakte, mis on standardiseeritud va...","robots":{"index":"index","follow":"follow","max-snippet":"max-snippet:-1","max-image-preview":"max-image-preview:large","max-video-preview":"max-video-preview:-1"},"canonical":"https:\/\/fit360.ee\/en\/pood\/product-groups\/superfoods-health-foods-en\/green-tea-extract-en\/17-antioxidants-60-caps\/","og_locale":"en_US","og_type":"article","og_title":"17 Antioxidants (60 caps) - T\u00f5husad Antioks\u00fcdandid - Kiire Tarne - Fit360","og_description":"OstroVit 17 Antioxidants preparaat on rikas bioloogiliselt aktiivsete \u00fchendite poolest. Toode sisaldab arvukalt ekstrakte, mis on standardiseeritud va...","og_url":"https:\/\/fit360.ee\/en\/pood\/product-groups\/superfoods-health-foods-en\/green-tea-extract-en\/17-antioxidants-60-caps\/","og_site_name":"Fit360","article_modified_time":"2026-04-09T12:42:06+00:00","og_image":[{"width":450,"height":450,"url":"https:\/\/fit360.ee\/wp-content\/uploads\/2025\/01\/17-antioxidants-antioksudandid-fit360.ee-1.png","type":"image\/png"}],"twitter_card":"summary_large_image","twitter_misc":{"Est. reading time":"5 minutes"},"schema":{"@context":"https:\/\/schema.org","@graph":[{"@type":"WebPage","@id":"https:\/\/fit360.ee\/en\/pood\/product-groups\/superfoods-health-foods-en\/green-tea-extract-en\/17-antioxidants-60-caps\/","url":"https:\/\/fit360.ee\/en\/pood\/product-groups\/superfoods-health-foods-en\/green-tea-extract-en\/17-antioxidants-60-caps\/","name":"17 Antioxidants (60 caps) - T\u00f5husad Antioks\u00fcdandid - Kiire Tarne - Fit360","isPartOf":{"@id":"https:\/\/fit360.ee\/en\/#website"},"primaryImageOfPage":{"@id":"https:\/\/fit360.ee\/en\/pood\/product-groups\/superfoods-health-foods-en\/green-tea-extract-en\/17-antioxidants-60-caps\/#primaryimage"},"image":{"@id":"https:\/\/fit360.ee\/en\/pood\/product-groups\/superfoods-health-foods-en\/green-tea-extract-en\/17-antioxidants-60-caps\/#primaryimage"},"thumbnailUrl":"https:\/\/fit360.ee\/wp-content\/uploads\/2025\/01\/17-antioxidants-antioksudandid-fit360.ee-1.png","datePublished":"2025-01-16T10:36:08+00:00","dateModified":"2026-04-09T12:42:06+00:00","description":"OstroVit 17 Antioxidants preparaat on rikas bioloogiliselt aktiivsete \u00fchendite poolest. Toode sisaldab arvukalt ekstrakte, mis on standardiseeritud va...","breadcrumb":{"@id":"https:\/\/fit360.ee\/en\/pood\/product-groups\/superfoods-health-foods-en\/green-tea-extract-en\/17-antioxidants-60-caps\/#breadcrumb"},"inLanguage":"en-US","potentialAction":[{"@type":"ReadAction","target":["https:\/\/fit360.ee\/en\/pood\/product-groups\/superfoods-health-foods-en\/green-tea-extract-en\/17-antioxidants-60-caps\/"]}]},{"@type":"ImageObject","inLanguage":"en-US","@id":"https:\/\/fit360.ee\/en\/pood\/product-groups\/superfoods-health-foods-en\/green-tea-extract-en\/17-antioxidants-60-caps\/#primaryimage","url":"https:\/\/fit360.ee\/wp-content\/uploads\/2025\/01\/17-antioxidants-antioksudandid-fit360.ee-1.png","contentUrl":"https:\/\/fit360.ee\/wp-content\/uploads\/2025\/01\/17-antioxidants-antioksudandid-fit360.ee-1.png","width":450,"height":450,"caption":"17 antioxidants antioks\u00fcdandid - fit360.ee"},{"@type":"BreadcrumbList","@id":"https:\/\/fit360.ee\/en\/pood\/product-groups\/superfoods-health-foods-en\/green-tea-extract-en\/17-antioxidants-60-caps\/#breadcrumb","itemListElement":[{"@type":"ListItem","position":1,"name":"Home","item":"https:\/\/fit360.ee\/en\/"},{"@type":"ListItem","position":2,"name":"Shop","item":"https:\/\/fit360.ee\/en\/shop\/"},{"@type":"ListItem","position":3,"name":"17 Antioxidants (60 caps)"}]},{"@type":"WebSite","@id":"https:\/\/fit360.ee\/en\/#website","url":"https:\/\/fit360.ee\/en\/","name":"Fit360","description":"","publisher":{"@id":"https:\/\/fit360.ee\/en\/#organization"},"potentialAction":[{"@type":"SearchAction","target":{"@type":"EntryPoint","urlTemplate":"https:\/\/fit360.ee\/en\/?s={search_term_string}"},"query-input":{"@type":"PropertyValueSpecification","valueRequired":true,"valueName":"search_term_string"}}],"inLanguage":"en-US"},{"@type":"Organization","@id":"https:\/\/fit360.ee\/en\/#organization","name":"Fit360","url":"https:\/\/fit360.ee\/en\/","logo":{"@type":"ImageObject","inLanguage":"en-US","@id":"https:\/\/fit360.ee\/en\/#\/schema\/logo\/image\/","url":"https:\/\/fit360.ee\/wp-content\/uploads\/2017\/01\/logo-fit360.png","contentUrl":"https:\/\/fit360.ee\/wp-content\/uploads\/2017\/01\/logo-fit360.png","width":180,"height":66,"caption":"Fit360"},"image":{"@id":"https:\/\/fit360.ee\/en\/#\/schema\/logo\/image\/"}}]}},"_links":{"self":[{"href":"https:\/\/fit360.ee\/en\/wp-json\/wp\/v2\/product\/85897","targetHints":{"allow":["GET"]}}],"collection":[{"href":"https:\/\/fit360.ee\/en\/wp-json\/wp\/v2\/product"}],"about":[{"href":"https:\/\/fit360.ee\/en\/wp-json\/wp\/v2\/types\/product"}],"replies":[{"embeddable":true,"href":"https:\/\/fit360.ee\/en\/wp-json\/wp\/v2\/comments?post=85897"}],"wp:featuredmedia":[{"embeddable":true,"href":"https:\/\/fit360.ee\/en\/wp-json\/wp\/v2\/media\/85896"}],"wp:attachment":[{"href":"https:\/\/fit360.ee\/en\/wp-json\/wp\/v2\/media?parent=85897"}],"wp:term":[{"taxonomy":"product_brand","embeddable":true,"href":"https:\/\/fit360.ee\/en\/wp-json\/wp\/v2\/product_brand?post=85897"},{"taxonomy":"product_cat","embeddable":true,"href":"https:\/\/fit360.ee\/en\/wp-json\/wp\/v2\/product_cat?post=85897"},{"taxonomy":"product_tag","embeddable":true,"href":"https:\/\/fit360.ee\/en\/wp-json\/wp\/v2\/product_tag?post=85897"},{"taxonomy":"giftcard-category","embeddable":true,"href":"https:\/\/fit360.ee\/en\/wp-json\/wp\/v2\/giftcard-category?post=85897"}],"curies":[{"name":"wp","href":"https:\/\/api.w.org\/{rel}","templated":true}]}}