{"id":85901,"date":"2025-01-16T12:36:08","date_gmt":"2025-01-16T10:36:08","guid":{"rendered":"https:\/\/fit360.ee\/pood\/uncategorized\/glutathione-vege-90vcaps\/"},"modified":"2026-04-11T12:42:11","modified_gmt":"2026-04-11T10:42:11","slug":"glutathione-vege-90vcaps","status":"publish","type":"product","link":"https:\/\/fit360.ee\/en\/pood\/product-groups\/%d0%b2%d0%b5%d0%b3%d0%b0%d0%bd\/vegan-capsules-en\/glutathione-vege-90vcaps\/","title":{"rendered":"Glutathione (90vcaps)"},"content":{"rendered":"<h2><strong>Glutathione<\/strong><\/h2>\n<section class=\"cm__section\">\n<p class=\"cm__text --bold\">OstroVit Glutathione on kvaliteetne toidulisand, mis sisaldab puhtal kujul L-glutatiooni. See on veganpreparaat, mis on saadaval kergesti neelatavate kapslite kujul. See on toode, mis on loodud inimestele, kes soovivad t\u00e4iendada oma igap\u00e4evast toitumist v\u00e4\u00e4rtusliku \u00fchendiga.<\/p>\n<ul class=\"cm__list\">\n<li><strong>V\u00e4hendatud L-glutatiooni allikas<\/strong>\u00a0\u2013 \u00fcks toidulisandi portsjon annab kehale 200 mg \u00fchendit.<\/li>\n<li><strong>Sobib taimetoitlastele ja veganitele<\/strong>\u00a0\u2013 toode ei sisalda loomset p\u00e4ritolu koostisosi.<\/li>\n<li><strong>1 portsjon = 1 kapsel<\/strong>\u00a0.<\/li>\n<li><strong>T\u00f5husus<\/strong>\u00a0\u2013 tootepakendis on 90 portsjonit preparaati, millest piisab kolmeks kuuks regulaarseks toidulisandiks.<\/li>\n<li><strong>Mugav vorm<\/strong>\u00a0&#8211; kergesti neelatavate kapslitena saadaval olev preparaat tagab toidulisandi t\u00f5rgeteta manustamise.<\/li>\n<\/ul>\n<h4 class=\"cm__heading\"><strong>OstroVit Glutatioon &#8211; v\u00e4\u00e4rtuslik v\u00e4\u00e4rtusliku koostisosa allikas<\/strong><\/h4>\n<p><strong>L-glutatioon<\/strong> &#8211; orgaaniline keemiline \u00fchend, mis looduslikult esineb inimkeha rakkudes ja mille s\u00fcnteesi peamine koht on maks. See on tripeptiid, mis koosneb kolmest valgu aminohappest &#8211; L-glutamiinhape, L-ts\u00fcsteiin ja L-gl\u00fctsiin, millel on antioks\u00fcdantne potentsiaal. Vanusega ja selliste tegurite m\u00f5jul nagu stress, saaste v\u00f5i infektsioonid glutatiooni tase inimorganismis langeb, mist\u00f5ttu v\u00f5ib abi olla seda v\u00e4\u00e4rtuslikku \u00fchendit sisaldavate toidulisandite kasutamisest.<\/p>\n<p>L-glutatiooni v\u00e4hendatud, v\u00e4hendatud glutatioon on oluline taimede, loomade, seente ja m\u00f5nede bakterite ja arheede antioks\u00fcdant.\u00a0L-glutatiooni v\u00e4hendatud, v\u00e4hendatud glutatioon on v\u00f5imeline ennetama oluliste rakuliste komponentide kahjustusi reaktsiooniv\u00f5imeliste hapniku\u00fchendite LIKE vabade radikaalide, peroksiidide, lipiidide peroksiidide ja raskmetallide poolt.\u00a0L-glutatiooni redutseeritud glutatsiini redutseerimine on glutamaadi k\u00f5rvalahela karboks\u00fc\u00fclr\u00fchma ja ts\u00fcsteiini amiini r\u00fchmaga gamma-peptiidi sidemega tripeptiid ja ts\u00fcsteiini aminor\u00fchm on karboks\u00fc\u00fclr\u00fchmaga \u00fchendatud tavalise peptiidi sidemega gl\u00fctsiiniga.<\/p>\n<p>L-glutathione tioolr\u00fchmad Redutseeritud glutatiooni redutseerivad ained, mis eksisteerivad loomsetes rakkudes kontsentratsiooniga umbes 5 mM. Glutatioon v\u00e4hendab ts\u00fctoplasmaatilistes valkudes tekkinud disulfiidsidemeid ts\u00fcsteiinide toimel elektrondoonorina. Selle protsessi k\u00e4igus muundatakse glutatioon selle oks\u00fcdeeritud kujul, glutatiooni disulfiidi, mida nimetatakse ka L &#8211; (-) &#8211; glutatiooniks.<\/p>\n<h4><strong>V\u00e4hendatud L-Glutatioon<\/strong><\/h4>\n<p>L-Glutathione redutseeritud, v\u00e4hendatud glutatioon on antioks\u00fcdant, mis sisaldab sulf\u00fcdr\u00fc\u00fcli, mis on v\u00f5imeline k\u00f5rvaldama inimeste tervist m\u00f5jutavad radikaalid. Kaasaegne arstiteadus leiab, et radikaal on vananemise ja haiguste \u00fcheks peamiseks p\u00f5hjuseks. K\u00f5ige rahuldavam ja olulisem L-glutatiooni v\u00e4hendatud, v\u00e4hendatud glutatioon m\u00e4ngib olulist rolli teadlaste rakkude antioks\u00fcdatsioonis\u00fcsteemi radikaalide k\u00f5rvaldamisel, mida teadlased nimetavad &#8220;kapteniteks antioks\u00fcdandiks&#8221; ja &#8220;GSH kaitses\u00fcsteemiks&#8221;. Lisaks radikaalide eemaldamisele otseselt osalemisel v\u00e4hendab L-glutatiooni redutseeritud glutatsioon ka k\u00f5rvaliste antioks\u00fcdantide nagu C ja E vitamiine, s\u00e4ilitades aktiivse (v\u00e4hendatud) oleku.<\/p>\n<p>Radikaal on rakulise ainevahetuse k\u00e4igus tekkinud k\u00f5rge keemilise aktiivsusega vahepealne liik, v\u00f5ib rakumembraanil r\u00fcnnata proteiini, DNA-d ja lipiidide makromolekuli ning kahjustada nende makromolekulide f\u00fcsioloogilist funktsiooni, muutes raku membraanid oma funktsionaalsuse ja l\u00fchendades rakkude eluiga.\u00a0See suudab p\u00f5hjustada rakumembraani t\u00fchiku nii, et tungivad mikroobe ja viirusi, mis veelgi kahjustavad kar\u00fcootka, paljastavad, kahjustavad geneetilisi materjale ja p\u00f5hjustavad isegi mutatsiooni.\u00a0Seet\u00f5ttu p\u00f5hjustavad halvasti kahjustatud immuunrakud madala immuunsuse ja haigused.\u00a0Aastal 1956 tegi professor Haman ettepaneku radikaalse teooria kohta, leidis, et tugeva p\u00e4ikesevalgusega t\u00f6\u00f6tava kaluri elu on l\u00fchem ja veelgi t\u00f5estanud, et ultraviolett v\u00f5ib organismi eksitada teadusuuringute kaudu radikaale toota, samas kui radikaalid v\u00f5ivad soodustada f\u00fcsioloogilise ts\u00fckli ja kiiruse vananemist \u00fcles surma tulekut.<\/p>\n<p>Tavalises seisundis v\u00f5ib L-glutatiooni v\u00e4hendatud, v\u00e4hendatud glutatiooni rakus \u00f5igeaegselt kombineerida ainevahetuses tekkivate radikaalidega ja muutuda madalateks aktiivaineteks, et k\u00f5rvaldada radikaali kehasse kahjustumine.\u00a0Kuid vanusest tingib L-glutatiooni v\u00e4hendatud, v\u00e4hendatud glutatiooni tekitamise v\u00f5ime inimese kehas endiselt n\u00f5rgaks ja toodab v\u00e4hem L-glutatiooni redutseeritud, v\u00e4hendatud glutatiooni kui \u00f5igeaegselt k\u00f5rvaldades radikaale.\u00a0Liigne radikaalid kahjustavad rakkude bioloogilisi makromolekule ja m\u00f5jutavad rakkude funktsiooni.\u00a0Seet\u00f5ttu ilmneb inimkehasse vananemine ja haigused.\u00a0Peale selle v\u00f5ivad m\u00f5ned v\u00e4lised tegurid, nagu UV-kiirgus, joomine, suits, keskkonnasaaste ja m\u00f5ned uimastid, p\u00f5hjustada ka radikaale rohkem ja suurendada L-glutatiooni v\u00e4hendatud, v\u00e4hendatud glutatiooni n\u00f5udmisi.\u00a0Kui L-glutatiooni redutseeritakse, on v\u00e4henenud glutatiooni toidust v\u00e4hene, p\u00f5hjustavad \u00fcleliigsed radikaalid inimeste tervist ja m\u00f5jutavad elu.<\/p>\n<p class=\"cm__text\"><strong>VEGE CAPSULES sarja tooted on v\u00e4lja t\u00f6\u00f6tatud ainult vegan koostisosi kasutades. Tulenevalt ettev\u00f5tte k\u00f5rgest ohutuspoliitikast ja asjaolust, et tootmisprotsessis kasutatakse allergeenseid koostisosi, sisaldab etikett teavet ristallergeenide v\u00f5imalikkuse kohta. Lisateabe saamiseks v\u00f5tke meiega \u00fchendust e-posti teel.<\/strong><\/p>\n<\/section>\n<section class=\"cm__section\">\n<h4 class=\"cm__heading\"><strong>Laboratoorselt kinnitatud kvaliteet<\/strong><\/h4>\n<p class=\"cm__text --bold\">Klientide tervise p\u00e4rast muretsedes testitakse meie toodetud tooteid regulaarselt s\u00f5ltumatus akrediteeritud laboris, et tagada ja s\u00e4ilitada k\u00f5rgeim kvaliteet.<\/p>\n<p><strong>Koostisosad<\/strong>: V\u00e4hendatud L-glutatioon, maltodekstriin, kapsli kest (t\u00e4iteaine: h\u00fcdroks\u00fcprop\u00fc\u00fclmet\u00fc\u00fcltselluloos).<\/p>\n<p>Toode v\u00f5ib sisaldada piima (sh laktoosi), soja, maap\u00e4hkleid, muid p\u00e4hkleid, seesamiseemneid, gluteeni sisaldavaid teravilju, mune, v\u00e4hilaadseid, kala.<\/p>\n<p><strong>Kasutamine<\/strong>: V\u00f5tke 1 portsjon (1 kapsel) p\u00e4evas koos toiduga. Toode on m\u00f5eldud t\u00e4iskasvanutele.<\/p>\n<p><strong>Suurus:<\/strong> 90 kapslit<\/p>\n<section class=\"projector__description--nutritional row\" data-selector=\".--nutritional\">\n<div class=\"col-12 col-md-10 col-lg-8\">\n<div class=\"--nutrit\">\n<div class=\"nutrition_table_wrapper\">\n<div class=\"table_wrapper\">\n<table>\n<tbody>\n<tr>\n<th>Aktiivsed koostisained<\/th>\n<th>Portsjoni kohta<\/th>\n<\/tr>\n<tr>\n<td>L-glutatioon v\u00e4henenud<\/td>\n<td>200 mg<\/td>\n<\/tr>\n<\/tbody>\n<\/table>\n<p>Vaata ka meie Teisi Aminohappeid <a href=\"https:\/\/fit360.ee\/en\/product-category\/product-groups\/amino-acids-bcaa\/\"><strong>SIIT<\/strong><\/a> v\u00f5i Antioks\u00fcdante <strong><a href=\"https:\/\/fit360.ee\/en\/product-category\/antioxidants-en\/\">SIIT<\/a><\/strong>!<\/p>\n<\/div>\n<\/div>\n<\/div>\n<\/div>\n<\/section>\n<section class=\"projector__comments comments row\" data-selector=\".--comments\">\n<div class=\"--label col-12\">Soovid kaupa osta suuremas koguses? Vaata antud toodet ka meie HULGI poest\u00a0<a href=\"https:\/\/toidulisandidhulgi.ee\/tooted\/glutathione-90vcaps\/\"><strong>SIIT<\/strong><\/a>!<\/div>\n<\/section>\n<\/section>\n","protected":false},"excerpt":{"rendered":"<ul>\n<li>V\u00e4hendatud L-Glutatiooni allikas<\/li>\n<li>T\u00f5hus<\/li>\n<li>Mugav vorm<\/li>\n<li>V\u00e4ga palju kasulikke Antioks\u00fcdantseid omadusi<\/li>\n<\/ul>\n","protected":false},"featured_media":85900,"comment_status":"open","ping_status":"closed","template":"","meta":[],"product_brand":[],"product_cat":[520,5311,5320,1329,2664,536,1201],"product_tag":[5477,5478,5479,1924],"giftcard-category":[],"class_list":{"0":"post-85901","1":"product","2":"type-product","3":"status-publish","4":"has-post-thumbnail","6":"product_cat-amino-acids-bcaa","7":"product_cat-antioxidants-en","8":"product_cat-for-immunity-en","9":"product_cat-ostrovit-en","10":"product_cat-vegan-capsules-en","11":"product_cat-vitamins-and-minerals-en","12":"product_cat-1201","13":"product_tag-glutathione-en","14":"product_tag-glutatioon-en","15":"product_tag-l-glutatioon-en","16":"product_tag-ostrovit-en","17":"pa_kogus-90-vcaps-en","18":"pa_toidulisand-branddd-ostrovit","19":"pa_tootegruppp-amino-acidsbcaa","20":"pa_tootegruppp-antioksudandid-en","21":"pa_tootegruppp-immuunsusteem-en","22":"pa_tootegruppp-vcaps-vegan-kapslid-en","23":"pa_tootegruppp-vegan-en","24":"pa_tootegruppp-vitamins-and-minerals","26":"first","27":"instock","28":"sale","29":"taxable","30":"shipping-taxable","31":"purchasable","32":"product-type-simple"},"yoast_head":"<!-- This site is optimized with the Yoast SEO plugin v27.3 - https:\/\/yoast.com\/product\/yoast-seo-wordpress\/ -->\n<title>Glutathione (90vcaps) - T\u00f5hus Glutatioon - Puhas vorm - Fit360<\/title>\n<meta name=\"description\" content=\"Glutathione on kvaliteetne toidulisand, mis sisaldab puhtal kujul L-glutatiooni. See on tripeptiid, mis koosneb kolmest valgu aminohappest - L-glutamii...\" \/>\n<meta name=\"robots\" content=\"index, follow, max-snippet:-1, max-image-preview:large, max-video-preview:-1\" \/>\n<link rel=\"canonical\" href=\"https:\/\/fit360.ee\/en\/pood\/product-groups\/\u0432\u0435\u0433\u0430\u043d\/vegan-capsules-en\/glutathione-vege-90vcaps\/\" \/>\n<meta property=\"og:locale\" content=\"en_US\" \/>\n<meta property=\"og:type\" content=\"article\" \/>\n<meta property=\"og:title\" content=\"Glutathione (90vcaps) - T\u00f5hus Glutatioon - Puhas vorm - Fit360\" \/>\n<meta property=\"og:description\" content=\"Glutathione on kvaliteetne toidulisand, mis sisaldab puhtal kujul L-glutatiooni. See on tripeptiid, mis koosneb kolmest valgu aminohappest - L-glutamii...\" \/>\n<meta property=\"og:url\" content=\"https:\/\/fit360.ee\/en\/pood\/product-groups\/\u0432\u0435\u0433\u0430\u043d\/vegan-capsules-en\/glutathione-vege-90vcaps\/\" \/>\n<meta property=\"og:site_name\" content=\"Fit360\" \/>\n<meta property=\"article:modified_time\" content=\"2026-04-11T10:42:11+00:00\" \/>\n<meta property=\"og:image\" content=\"https:\/\/fit360.ee\/wp-content\/uploads\/2025\/01\/glutathione-L-glutatatioon-fit360.ee-1.png\" \/>\n\t<meta property=\"og:image:width\" content=\"450\" \/>\n\t<meta property=\"og:image:height\" content=\"450\" \/>\n\t<meta property=\"og:image:type\" content=\"image\/png\" \/>\n<meta name=\"twitter:card\" content=\"summary_large_image\" \/>\n<meta name=\"twitter:label1\" content=\"Est. reading time\" \/>\n\t<meta name=\"twitter:data1\" content=\"4 minutes\" \/>\n<script type=\"application\/ld+json\" class=\"yoast-schema-graph\">{\"@context\":\"https:\\\/\\\/schema.org\",\"@graph\":[{\"@type\":\"WebPage\",\"@id\":\"https:\\\/\\\/fit360.ee\\\/en\\\/pood\\\/product-groups\\\/%d0%b2%d0%b5%d0%b3%d0%b0%d0%bd\\\/vegan-capsules-en\\\/glutathione-vege-90vcaps\\\/\",\"url\":\"https:\\\/\\\/fit360.ee\\\/en\\\/pood\\\/product-groups\\\/%d0%b2%d0%b5%d0%b3%d0%b0%d0%bd\\\/vegan-capsules-en\\\/glutathione-vege-90vcaps\\\/\",\"name\":\"Glutathione (90vcaps) - T\u00f5hus Glutatioon - Puhas vorm - Fit360\",\"isPartOf\":{\"@id\":\"https:\\\/\\\/fit360.ee\\\/en\\\/#website\"},\"primaryImageOfPage\":{\"@id\":\"https:\\\/\\\/fit360.ee\\\/en\\\/pood\\\/product-groups\\\/%d0%b2%d0%b5%d0%b3%d0%b0%d0%bd\\\/vegan-capsules-en\\\/glutathione-vege-90vcaps\\\/#primaryimage\"},\"image\":{\"@id\":\"https:\\\/\\\/fit360.ee\\\/en\\\/pood\\\/product-groups\\\/%d0%b2%d0%b5%d0%b3%d0%b0%d0%bd\\\/vegan-capsules-en\\\/glutathione-vege-90vcaps\\\/#primaryimage\"},\"thumbnailUrl\":\"https:\\\/\\\/fit360.ee\\\/wp-content\\\/uploads\\\/2025\\\/01\\\/glutathione-L-glutatatioon-fit360.ee-1.png\",\"datePublished\":\"2025-01-16T10:36:08+00:00\",\"dateModified\":\"2026-04-11T10:42:11+00:00\",\"description\":\"Glutathione on kvaliteetne toidulisand, mis sisaldab puhtal kujul L-glutatiooni. See on tripeptiid, mis koosneb kolmest valgu aminohappest - L-glutamii...\",\"breadcrumb\":{\"@id\":\"https:\\\/\\\/fit360.ee\\\/en\\\/pood\\\/product-groups\\\/%d0%b2%d0%b5%d0%b3%d0%b0%d0%bd\\\/vegan-capsules-en\\\/glutathione-vege-90vcaps\\\/#breadcrumb\"},\"inLanguage\":\"en-US\",\"potentialAction\":[{\"@type\":\"ReadAction\",\"target\":[\"https:\\\/\\\/fit360.ee\\\/en\\\/pood\\\/product-groups\\\/%d0%b2%d0%b5%d0%b3%d0%b0%d0%bd\\\/vegan-capsules-en\\\/glutathione-vege-90vcaps\\\/\"]}]},{\"@type\":\"ImageObject\",\"inLanguage\":\"en-US\",\"@id\":\"https:\\\/\\\/fit360.ee\\\/en\\\/pood\\\/product-groups\\\/%d0%b2%d0%b5%d0%b3%d0%b0%d0%bd\\\/vegan-capsules-en\\\/glutathione-vege-90vcaps\\\/#primaryimage\",\"url\":\"https:\\\/\\\/fit360.ee\\\/wp-content\\\/uploads\\\/2025\\\/01\\\/glutathione-L-glutatatioon-fit360.ee-1.png\",\"contentUrl\":\"https:\\\/\\\/fit360.ee\\\/wp-content\\\/uploads\\\/2025\\\/01\\\/glutathione-L-glutatatioon-fit360.ee-1.png\",\"width\":450,\"height\":450,\"caption\":\"glutathione L-glutatatioon - fit360.ee\"},{\"@type\":\"BreadcrumbList\",\"@id\":\"https:\\\/\\\/fit360.ee\\\/en\\\/pood\\\/product-groups\\\/%d0%b2%d0%b5%d0%b3%d0%b0%d0%bd\\\/vegan-capsules-en\\\/glutathione-vege-90vcaps\\\/#breadcrumb\",\"itemListElement\":[{\"@type\":\"ListItem\",\"position\":1,\"name\":\"Home\",\"item\":\"https:\\\/\\\/fit360.ee\\\/en\\\/\"},{\"@type\":\"ListItem\",\"position\":2,\"name\":\"Shop\",\"item\":\"https:\\\/\\\/fit360.ee\\\/en\\\/shop\\\/\"},{\"@type\":\"ListItem\",\"position\":3,\"name\":\"Glutathione (90vcaps)\"}]},{\"@type\":\"WebSite\",\"@id\":\"https:\\\/\\\/fit360.ee\\\/en\\\/#website\",\"url\":\"https:\\\/\\\/fit360.ee\\\/en\\\/\",\"name\":\"Fit360\",\"description\":\"\",\"publisher\":{\"@id\":\"https:\\\/\\\/fit360.ee\\\/en\\\/#organization\"},\"potentialAction\":[{\"@type\":\"SearchAction\",\"target\":{\"@type\":\"EntryPoint\",\"urlTemplate\":\"https:\\\/\\\/fit360.ee\\\/en\\\/?s={search_term_string}\"},\"query-input\":{\"@type\":\"PropertyValueSpecification\",\"valueRequired\":true,\"valueName\":\"search_term_string\"}}],\"inLanguage\":\"en-US\"},{\"@type\":\"Organization\",\"@id\":\"https:\\\/\\\/fit360.ee\\\/en\\\/#organization\",\"name\":\"Fit360\",\"url\":\"https:\\\/\\\/fit360.ee\\\/en\\\/\",\"logo\":{\"@type\":\"ImageObject\",\"inLanguage\":\"en-US\",\"@id\":\"https:\\\/\\\/fit360.ee\\\/en\\\/#\\\/schema\\\/logo\\\/image\\\/\",\"url\":\"https:\\\/\\\/fit360.ee\\\/wp-content\\\/uploads\\\/2017\\\/01\\\/logo-fit360.png\",\"contentUrl\":\"https:\\\/\\\/fit360.ee\\\/wp-content\\\/uploads\\\/2017\\\/01\\\/logo-fit360.png\",\"width\":180,\"height\":66,\"caption\":\"Fit360\"},\"image\":{\"@id\":\"https:\\\/\\\/fit360.ee\\\/en\\\/#\\\/schema\\\/logo\\\/image\\\/\"}}]}<\/script>\n<!-- \/ Yoast SEO plugin. -->","yoast_head_json":{"title":"Glutathione (90vcaps) - T\u00f5hus Glutatioon - Puhas vorm - Fit360","description":"Glutathione on kvaliteetne toidulisand, mis sisaldab puhtal kujul L-glutatiooni. See on tripeptiid, mis koosneb kolmest valgu aminohappest - L-glutamii...","robots":{"index":"index","follow":"follow","max-snippet":"max-snippet:-1","max-image-preview":"max-image-preview:large","max-video-preview":"max-video-preview:-1"},"canonical":"https:\/\/fit360.ee\/en\/pood\/product-groups\/\u0432\u0435\u0433\u0430\u043d\/vegan-capsules-en\/glutathione-vege-90vcaps\/","og_locale":"en_US","og_type":"article","og_title":"Glutathione (90vcaps) - T\u00f5hus Glutatioon - Puhas vorm - Fit360","og_description":"Glutathione on kvaliteetne toidulisand, mis sisaldab puhtal kujul L-glutatiooni. See on tripeptiid, mis koosneb kolmest valgu aminohappest - L-glutamii...","og_url":"https:\/\/fit360.ee\/en\/pood\/product-groups\/\u0432\u0435\u0433\u0430\u043d\/vegan-capsules-en\/glutathione-vege-90vcaps\/","og_site_name":"Fit360","article_modified_time":"2026-04-11T10:42:11+00:00","og_image":[{"width":450,"height":450,"url":"https:\/\/fit360.ee\/wp-content\/uploads\/2025\/01\/glutathione-L-glutatatioon-fit360.ee-1.png","type":"image\/png"}],"twitter_card":"summary_large_image","twitter_misc":{"Est. reading time":"4 minutes"},"schema":{"@context":"https:\/\/schema.org","@graph":[{"@type":"WebPage","@id":"https:\/\/fit360.ee\/en\/pood\/product-groups\/%d0%b2%d0%b5%d0%b3%d0%b0%d0%bd\/vegan-capsules-en\/glutathione-vege-90vcaps\/","url":"https:\/\/fit360.ee\/en\/pood\/product-groups\/%d0%b2%d0%b5%d0%b3%d0%b0%d0%bd\/vegan-capsules-en\/glutathione-vege-90vcaps\/","name":"Glutathione (90vcaps) - T\u00f5hus Glutatioon - Puhas vorm - Fit360","isPartOf":{"@id":"https:\/\/fit360.ee\/en\/#website"},"primaryImageOfPage":{"@id":"https:\/\/fit360.ee\/en\/pood\/product-groups\/%d0%b2%d0%b5%d0%b3%d0%b0%d0%bd\/vegan-capsules-en\/glutathione-vege-90vcaps\/#primaryimage"},"image":{"@id":"https:\/\/fit360.ee\/en\/pood\/product-groups\/%d0%b2%d0%b5%d0%b3%d0%b0%d0%bd\/vegan-capsules-en\/glutathione-vege-90vcaps\/#primaryimage"},"thumbnailUrl":"https:\/\/fit360.ee\/wp-content\/uploads\/2025\/01\/glutathione-L-glutatatioon-fit360.ee-1.png","datePublished":"2025-01-16T10:36:08+00:00","dateModified":"2026-04-11T10:42:11+00:00","description":"Glutathione on kvaliteetne toidulisand, mis sisaldab puhtal kujul L-glutatiooni. See on tripeptiid, mis koosneb kolmest valgu aminohappest - L-glutamii...","breadcrumb":{"@id":"https:\/\/fit360.ee\/en\/pood\/product-groups\/%d0%b2%d0%b5%d0%b3%d0%b0%d0%bd\/vegan-capsules-en\/glutathione-vege-90vcaps\/#breadcrumb"},"inLanguage":"en-US","potentialAction":[{"@type":"ReadAction","target":["https:\/\/fit360.ee\/en\/pood\/product-groups\/%d0%b2%d0%b5%d0%b3%d0%b0%d0%bd\/vegan-capsules-en\/glutathione-vege-90vcaps\/"]}]},{"@type":"ImageObject","inLanguage":"en-US","@id":"https:\/\/fit360.ee\/en\/pood\/product-groups\/%d0%b2%d0%b5%d0%b3%d0%b0%d0%bd\/vegan-capsules-en\/glutathione-vege-90vcaps\/#primaryimage","url":"https:\/\/fit360.ee\/wp-content\/uploads\/2025\/01\/glutathione-L-glutatatioon-fit360.ee-1.png","contentUrl":"https:\/\/fit360.ee\/wp-content\/uploads\/2025\/01\/glutathione-L-glutatatioon-fit360.ee-1.png","width":450,"height":450,"caption":"glutathione L-glutatatioon - fit360.ee"},{"@type":"BreadcrumbList","@id":"https:\/\/fit360.ee\/en\/pood\/product-groups\/%d0%b2%d0%b5%d0%b3%d0%b0%d0%bd\/vegan-capsules-en\/glutathione-vege-90vcaps\/#breadcrumb","itemListElement":[{"@type":"ListItem","position":1,"name":"Home","item":"https:\/\/fit360.ee\/en\/"},{"@type":"ListItem","position":2,"name":"Shop","item":"https:\/\/fit360.ee\/en\/shop\/"},{"@type":"ListItem","position":3,"name":"Glutathione (90vcaps)"}]},{"@type":"WebSite","@id":"https:\/\/fit360.ee\/en\/#website","url":"https:\/\/fit360.ee\/en\/","name":"Fit360","description":"","publisher":{"@id":"https:\/\/fit360.ee\/en\/#organization"},"potentialAction":[{"@type":"SearchAction","target":{"@type":"EntryPoint","urlTemplate":"https:\/\/fit360.ee\/en\/?s={search_term_string}"},"query-input":{"@type":"PropertyValueSpecification","valueRequired":true,"valueName":"search_term_string"}}],"inLanguage":"en-US"},{"@type":"Organization","@id":"https:\/\/fit360.ee\/en\/#organization","name":"Fit360","url":"https:\/\/fit360.ee\/en\/","logo":{"@type":"ImageObject","inLanguage":"en-US","@id":"https:\/\/fit360.ee\/en\/#\/schema\/logo\/image\/","url":"https:\/\/fit360.ee\/wp-content\/uploads\/2017\/01\/logo-fit360.png","contentUrl":"https:\/\/fit360.ee\/wp-content\/uploads\/2017\/01\/logo-fit360.png","width":180,"height":66,"caption":"Fit360"},"image":{"@id":"https:\/\/fit360.ee\/en\/#\/schema\/logo\/image\/"}}]}},"_links":{"self":[{"href":"https:\/\/fit360.ee\/en\/wp-json\/wp\/v2\/product\/85901","targetHints":{"allow":["GET"]}}],"collection":[{"href":"https:\/\/fit360.ee\/en\/wp-json\/wp\/v2\/product"}],"about":[{"href":"https:\/\/fit360.ee\/en\/wp-json\/wp\/v2\/types\/product"}],"replies":[{"embeddable":true,"href":"https:\/\/fit360.ee\/en\/wp-json\/wp\/v2\/comments?post=85901"}],"wp:featuredmedia":[{"embeddable":true,"href":"https:\/\/fit360.ee\/en\/wp-json\/wp\/v2\/media\/85900"}],"wp:attachment":[{"href":"https:\/\/fit360.ee\/en\/wp-json\/wp\/v2\/media?parent=85901"}],"wp:term":[{"taxonomy":"product_brand","embeddable":true,"href":"https:\/\/fit360.ee\/en\/wp-json\/wp\/v2\/product_brand?post=85901"},{"taxonomy":"product_cat","embeddable":true,"href":"https:\/\/fit360.ee\/en\/wp-json\/wp\/v2\/product_cat?post=85901"},{"taxonomy":"product_tag","embeddable":true,"href":"https:\/\/fit360.ee\/en\/wp-json\/wp\/v2\/product_tag?post=85901"},{"taxonomy":"giftcard-category","embeddable":true,"href":"https:\/\/fit360.ee\/en\/wp-json\/wp\/v2\/giftcard-category?post=85901"}],"curies":[{"name":"wp","href":"https:\/\/api.w.org\/{rel}","templated":true}]}}