{"id":85905,"date":"2025-01-16T12:36:08","date_gmt":"2025-01-16T10:36:08","guid":{"rendered":"https:\/\/fit360.ee\/pood\/uncategorized\/betaine-hcl-vege-90-vcaps\/"},"modified":"2025-08-13T07:35:45","modified_gmt":"2025-08-13T05:35:45","slug":"betaine-hcl-vege-90-vcaps","status":"publish","type":"product","link":"https:\/\/fit360.ee\/en\/pood\/product-groups\/%d0%b2%d0%b5%d0%b3%d0%b0%d0%bd\/vegan-capsules-en\/betaine-hcl-vege-90-vcaps\/","title":{"rendered":"Betaine HCl (90 vcaps)"},"content":{"rendered":"<h2><strong>Betaine HCl\u00a0<\/strong><\/h2>\n<p class=\"cm__text --bold\">OstroVit Betaine HCl VEGE on kvaliteetne toidulisand, mis on betaiinvesinikkloriidi allikas. Tegemist on kergesti neelatavate kapslitena saadaval oleva veganpreparaadiga, mis on loodud teadlikule tarbijale, kes soovib oma keha v\u00e4\u00e4rtusliku koostisosaga varustada.<\/p>\n<ul class=\"cm__list\">\n<li><strong>Betaiini HCl allikas<\/strong>\u00a0\u2013 \u00fcks toidulisandi portsjon annab kehale 650 mg betaiinvesinikkloriidi.<\/li>\n<li><strong>Sobib taimetoitlastele ja veganitele<\/strong>\u00a0\u2013 toode ei sisalda loomset p\u00e4ritolu koostisosi.<\/li>\n<li><strong>1 portsjon = 1 kapsel.<\/strong><\/li>\n<li><strong>T\u00f5husus<\/strong>\u00a0\u2013 tootepakendis on 90 portsjonit preparaati, millest piisab kolmeks kuuks regulaarseks toidulisandiks.<\/li>\n<li><strong>Mugav vorm<\/strong>\u00a0&#8211; kapslitena saadaval olev preparaat tagab toidulisandi t\u00f5rgeteta manustamise.<\/li>\n<\/ul>\n<h4><strong>OstroVit Betaiin HCl \u2013 v\u00e4\u00e4rtuslik betaiinvesinikkloriidi allikas<\/strong><\/h4>\n<p><strong>Betaine HCl<\/strong>\u00a0\u2013 Betaiin on aminohape, tuntud ka kui trimet\u00fc\u00fclgl\u00fctsiin. See on orgaaniline keemiline \u00fchend, mis s\u00fcnteesitakse osaliselt inimkehas, kuid toodetakse organismis ebapiisavas koguses, mist\u00f5ttu tasub ainega organismi varustada ka v\u00e4ljastpoolt \u2013 betaiini allikate hulka kuuluvad muuhulgas peet, aga ka spinat, teravili ja mereannid. Koos vesinikkloriidhappega moodustab betaiin v\u00e4\u00e4rtusliku \u00fchendi nimega betaiin HCl, mida iseloomustab hea lahustuvus.<\/p>\n<h4><strong>Mis on Betaiin HCL?<\/strong><\/h4>\n<p>K\u00f5rgem iga ja stress v\u00f5ivad sageli v\u00e4hendada loomulikku maohappe tootmist, mis v\u00f5ib p\u00f5hjustada seedeprobleeme, sealhulgas <strong>halba seedimist, gaase ja puhitust<\/strong>. Kui maohapet on v\u00e4he, v\u00f5ib Betaiin HCl pakkuda t\u00e4iendavat happesust, et maksimeerida seedimist.<\/p>\n<ul>\n<li>Ostrovit h\u00f5lpsasti neelatavates kapslites Betaine HCl aktiveerub maos, aidates taastada maohappe taset ja soodustab t\u00f5husamat valkude seedimist, samuti s\u00fcsivesikute lagunemist ja rasvade imendumist.<\/li>\n<li>Optimaalne maohappe tase on vajalik ka mineraalainete nagu kaltsium, magneesium ja raud korralikuks imendumiseks.<\/li>\n<li>Maohappel on oluline osa ka immuunkaitses mikroobide, p\u00e4rmide, viiruste ja teiste kahjulike sissetungijate vastu.<\/li>\n<li>Madal (ebapiisav) maohappesus v\u00f5ib p\u00f5hjustada isegi s\u00fcmptomeid, mida sageli ekslikult peetakse maohappe \u00fcletootmiseks, nagu happe refluks ja k\u00f5rvetised, eriti vanematel inimestel.&#8217;<\/li>\n<\/ul>\n<p><strong>Koostisosad<\/strong>: Betaiinvesinikkloriid, kapsli kest (t\u00e4iteaine: h\u00fcdroks\u00fcprop\u00fc\u00fclmet\u00fc\u00fcltselluloos), paakumisvastane aine: r\u00e4nidioksiid.<\/p>\n<p>Toode v\u00f5ib sisaldada piima (sh laktoosi), soja, maap\u00e4hkleid, muid p\u00e4hkleid, seesamiseemneid, gluteeni sisaldavaid teravilju, mune, v\u00e4hilaadseid, kala.<\/p>\n<p><strong>Kasutamine<\/strong>: V\u00f5tke 1 portsjon (1 kapsel) koos toiduga.<\/p>\n<p>\u00c4rge \u00fcletage soovitatavat \u00f6\u00f6p\u00e4evast kogust. Toidulisandit ei saa kasutada mitmek\u00fclgse toitumise asendajana. Soovitatav on tasakaalustatud toitumine ja tervislik eluviis. \u00c4rge tarbige, kui olete m\u00f5ne toote koostisosa suhtes allergiline. Toodet ei tohi kasutada lapsed, rasedad ja imetavad emad. Hoida v\u00e4ikelastele k\u00e4ttesaamatus kohas.<\/p>\n<p><strong>Suurus<\/strong>: 90 kapslit<\/p>\n<section class=\"projector__description--nutritional row\" data-selector=\".--nutritional\">\n<div class=\"col-12 col-md-10 col-lg-8\">\n<div class=\"--nutrit\">\n<div class=\"nutrition_table_wrapper\">\n<div class=\"table_wrapper\">\n<table>\n<tbody>\n<tr>\n<th>Aktiivsed koostisained<\/th>\n<th>Portsjoni kohta<\/th>\n<\/tr>\n<tr>\n<td>Betaiinvesinikkloriid<\/td>\n<td>650 mg<\/td>\n<\/tr>\n<\/tbody>\n<\/table>\n<p>Vaata ka meie Teisi tooteid Immuuns\u00fcsteemile <a href=\"https:\/\/fit360.ee\/en\/product-category\/for-immunity-en\/\"><strong>SIIT<\/strong><\/a> v\u00f5i Vitamiine\/Mineraale <a href=\"https:\/\/fit360.ee\/en\/product-category\/product-groups\/vitamins-and-minerals-en\/\"><strong>SIIT<\/strong><\/a>!<\/p>\n<p>Soovid kaupa osta suuremas koguses? Vaata antud toodet ka meie HULGI poest\u00a0<a href=\"https:\/\/toidulisandidhulgi.ee\/tooted\/betaine-hcl-vege-90-vcaps\/\"><strong>SIIT<\/strong><\/a>!<\/p>\n<\/div>\n<\/div>\n<\/div>\n<\/div>\n<\/section>\n","protected":false},"excerpt":{"rendered":"<ul>\n<li>T\u00f5hus<\/li>\n<li>Mugav vorm<\/li>\n<li>Betaiini allikas<\/li>\n<li>Kasulik seedimisele<\/li>\n<\/ul>\n","protected":false},"featured_media":85904,"comment_status":"open","ping_status":"closed","template":"","meta":[],"product_brand":[],"product_cat":[520,530,5320,1329,2408,2664,536,1201],"product_tag":[5483,5484,5485,1924],"giftcard-category":[],"class_list":{"0":"post-85905","1":"product","2":"type-product","3":"status-publish","4":"has-post-thumbnail","6":"product_cat-amino-acids-bcaa","7":"product_cat-fat-burners-en","8":"product_cat-for-immunity-en","9":"product_cat-ostrovit-en","10":"product_cat-stimulant-free-fat-burners-en","11":"product_cat-vegan-capsules-en","12":"product_cat-vitamins-and-minerals-en","13":"product_cat-1201","14":"product_tag-betaiin-en","15":"product_tag-betaine-en","16":"product_tag-betaine-hcl-en","17":"product_tag-ostrovit-en","18":"pa_kogus-90-vcaps-en","19":"pa_toidulisand-branddd-ostrovit","20":"pa_tootegruppp-amino-acidsbcaa","21":"pa_tootegruppp-immuunsusteem-en","22":"pa_tootegruppp-stimulandivaba-en","23":"pa_tootegruppp-vcaps-vegan-kapslid-en","24":"pa_tootegruppp-vegan-en","25":"pa_tootegruppp-weight-loss","27":"first","28":"instock","29":"sale","30":"taxable","31":"shipping-taxable","32":"purchasable","33":"product-type-simple"},"yoast_head":"<!-- This site is optimized with the Yoast SEO plugin v27.3 - https:\/\/yoast.com\/product\/yoast-seo-wordpress\/ -->\n<title>Betaine HCl (90 vcaps) - Betaiin - Kasulik seedimisele - Fit360<\/title>\n<meta name=\"description\" content=\"Betaine HCl\u00a0\u2013 Betaiin on aminohape, tuntud ka kui trimet\u00fc\u00fclgl\u00fctsiin. See on orgaaniline keemiline \u00fchend, mis s\u00fcnteesitakse osaaliselt inimkehas...\" \/>\n<meta name=\"robots\" content=\"index, follow, max-snippet:-1, max-image-preview:large, max-video-preview:-1\" \/>\n<link rel=\"canonical\" href=\"https:\/\/fit360.ee\/en\/pood\/product-groups\/\u0432\u0435\u0433\u0430\u043d\/vegan-capsules-en\/betaine-hcl-vege-90-vcaps\/\" \/>\n<meta property=\"og:locale\" content=\"en_US\" \/>\n<meta property=\"og:type\" content=\"article\" \/>\n<meta property=\"og:title\" content=\"Betaine HCl (90 vcaps) - Betaiin - Kasulik seedimisele - Fit360\" \/>\n<meta property=\"og:description\" content=\"Betaine HCl\u00a0\u2013 Betaiin on aminohape, tuntud ka kui trimet\u00fc\u00fclgl\u00fctsiin. See on orgaaniline keemiline \u00fchend, mis s\u00fcnteesitakse osaaliselt inimkehas...\" \/>\n<meta property=\"og:url\" content=\"https:\/\/fit360.ee\/en\/pood\/product-groups\/\u0432\u0435\u0433\u0430\u043d\/vegan-capsules-en\/betaine-hcl-vege-90-vcaps\/\" \/>\n<meta property=\"og:site_name\" content=\"Fit360\" \/>\n<meta property=\"article:modified_time\" content=\"2025-08-13T05:35:45+00:00\" \/>\n<meta property=\"og:image\" content=\"https:\/\/fit360.ee\/wp-content\/uploads\/2025\/01\/Betaine-HCL-betaiin-fit360.ee-1.png\" \/>\n\t<meta property=\"og:image:width\" content=\"450\" \/>\n\t<meta property=\"og:image:height\" content=\"450\" \/>\n\t<meta property=\"og:image:type\" content=\"image\/png\" \/>\n<meta name=\"twitter:card\" content=\"summary_large_image\" \/>\n<meta name=\"twitter:label1\" content=\"Est. reading time\" \/>\n\t<meta name=\"twitter:data1\" content=\"3 minutes\" \/>\n<script type=\"application\/ld+json\" class=\"yoast-schema-graph\">{\"@context\":\"https:\\\/\\\/schema.org\",\"@graph\":[{\"@type\":\"WebPage\",\"@id\":\"https:\\\/\\\/fit360.ee\\\/en\\\/pood\\\/product-groups\\\/%d0%b2%d0%b5%d0%b3%d0%b0%d0%bd\\\/vegan-capsules-en\\\/betaine-hcl-vege-90-vcaps\\\/\",\"url\":\"https:\\\/\\\/fit360.ee\\\/en\\\/pood\\\/product-groups\\\/%d0%b2%d0%b5%d0%b3%d0%b0%d0%bd\\\/vegan-capsules-en\\\/betaine-hcl-vege-90-vcaps\\\/\",\"name\":\"Betaine HCl (90 vcaps) - Betaiin - Kasulik seedimisele - Fit360\",\"isPartOf\":{\"@id\":\"https:\\\/\\\/fit360.ee\\\/en\\\/#website\"},\"primaryImageOfPage\":{\"@id\":\"https:\\\/\\\/fit360.ee\\\/en\\\/pood\\\/product-groups\\\/%d0%b2%d0%b5%d0%b3%d0%b0%d0%bd\\\/vegan-capsules-en\\\/betaine-hcl-vege-90-vcaps\\\/#primaryimage\"},\"image\":{\"@id\":\"https:\\\/\\\/fit360.ee\\\/en\\\/pood\\\/product-groups\\\/%d0%b2%d0%b5%d0%b3%d0%b0%d0%bd\\\/vegan-capsules-en\\\/betaine-hcl-vege-90-vcaps\\\/#primaryimage\"},\"thumbnailUrl\":\"https:\\\/\\\/fit360.ee\\\/wp-content\\\/uploads\\\/2025\\\/01\\\/Betaine-HCL-betaiin-fit360.ee-1.png\",\"datePublished\":\"2025-01-16T10:36:08+00:00\",\"dateModified\":\"2025-08-13T05:35:45+00:00\",\"description\":\"Betaine HCl\u00a0\u2013 Betaiin on aminohape, tuntud ka kui trimet\u00fc\u00fclgl\u00fctsiin. See on orgaaniline keemiline \u00fchend, mis s\u00fcnteesitakse osaaliselt inimkehas...\",\"breadcrumb\":{\"@id\":\"https:\\\/\\\/fit360.ee\\\/en\\\/pood\\\/product-groups\\\/%d0%b2%d0%b5%d0%b3%d0%b0%d0%bd\\\/vegan-capsules-en\\\/betaine-hcl-vege-90-vcaps\\\/#breadcrumb\"},\"inLanguage\":\"en-US\",\"potentialAction\":[{\"@type\":\"ReadAction\",\"target\":[\"https:\\\/\\\/fit360.ee\\\/en\\\/pood\\\/product-groups\\\/%d0%b2%d0%b5%d0%b3%d0%b0%d0%bd\\\/vegan-capsules-en\\\/betaine-hcl-vege-90-vcaps\\\/\"]}]},{\"@type\":\"ImageObject\",\"inLanguage\":\"en-US\",\"@id\":\"https:\\\/\\\/fit360.ee\\\/en\\\/pood\\\/product-groups\\\/%d0%b2%d0%b5%d0%b3%d0%b0%d0%bd\\\/vegan-capsules-en\\\/betaine-hcl-vege-90-vcaps\\\/#primaryimage\",\"url\":\"https:\\\/\\\/fit360.ee\\\/wp-content\\\/uploads\\\/2025\\\/01\\\/Betaine-HCL-betaiin-fit360.ee-1.png\",\"contentUrl\":\"https:\\\/\\\/fit360.ee\\\/wp-content\\\/uploads\\\/2025\\\/01\\\/Betaine-HCL-betaiin-fit360.ee-1.png\",\"width\":450,\"height\":450,\"caption\":\"Betaine HCL betaiin - fit360.ee\"},{\"@type\":\"BreadcrumbList\",\"@id\":\"https:\\\/\\\/fit360.ee\\\/en\\\/pood\\\/product-groups\\\/%d0%b2%d0%b5%d0%b3%d0%b0%d0%bd\\\/vegan-capsules-en\\\/betaine-hcl-vege-90-vcaps\\\/#breadcrumb\",\"itemListElement\":[{\"@type\":\"ListItem\",\"position\":1,\"name\":\"Home\",\"item\":\"https:\\\/\\\/fit360.ee\\\/en\\\/\"},{\"@type\":\"ListItem\",\"position\":2,\"name\":\"Shop\",\"item\":\"https:\\\/\\\/fit360.ee\\\/en\\\/shop\\\/\"},{\"@type\":\"ListItem\",\"position\":3,\"name\":\"Betaine HCl (90 vcaps)\"}]},{\"@type\":\"WebSite\",\"@id\":\"https:\\\/\\\/fit360.ee\\\/en\\\/#website\",\"url\":\"https:\\\/\\\/fit360.ee\\\/en\\\/\",\"name\":\"Fit360\",\"description\":\"\",\"publisher\":{\"@id\":\"https:\\\/\\\/fit360.ee\\\/en\\\/#organization\"},\"potentialAction\":[{\"@type\":\"SearchAction\",\"target\":{\"@type\":\"EntryPoint\",\"urlTemplate\":\"https:\\\/\\\/fit360.ee\\\/en\\\/?s={search_term_string}\"},\"query-input\":{\"@type\":\"PropertyValueSpecification\",\"valueRequired\":true,\"valueName\":\"search_term_string\"}}],\"inLanguage\":\"en-US\"},{\"@type\":\"Organization\",\"@id\":\"https:\\\/\\\/fit360.ee\\\/en\\\/#organization\",\"name\":\"Fit360\",\"url\":\"https:\\\/\\\/fit360.ee\\\/en\\\/\",\"logo\":{\"@type\":\"ImageObject\",\"inLanguage\":\"en-US\",\"@id\":\"https:\\\/\\\/fit360.ee\\\/en\\\/#\\\/schema\\\/logo\\\/image\\\/\",\"url\":\"https:\\\/\\\/fit360.ee\\\/wp-content\\\/uploads\\\/2017\\\/01\\\/logo-fit360.png\",\"contentUrl\":\"https:\\\/\\\/fit360.ee\\\/wp-content\\\/uploads\\\/2017\\\/01\\\/logo-fit360.png\",\"width\":180,\"height\":66,\"caption\":\"Fit360\"},\"image\":{\"@id\":\"https:\\\/\\\/fit360.ee\\\/en\\\/#\\\/schema\\\/logo\\\/image\\\/\"}}]}<\/script>\n<!-- \/ Yoast SEO plugin. -->","yoast_head_json":{"title":"Betaine HCl (90 vcaps) - Betaiin - Kasulik seedimisele - Fit360","description":"Betaine HCl\u00a0\u2013 Betaiin on aminohape, tuntud ka kui trimet\u00fc\u00fclgl\u00fctsiin. See on orgaaniline keemiline \u00fchend, mis s\u00fcnteesitakse osaaliselt inimkehas...","robots":{"index":"index","follow":"follow","max-snippet":"max-snippet:-1","max-image-preview":"max-image-preview:large","max-video-preview":"max-video-preview:-1"},"canonical":"https:\/\/fit360.ee\/en\/pood\/product-groups\/\u0432\u0435\u0433\u0430\u043d\/vegan-capsules-en\/betaine-hcl-vege-90-vcaps\/","og_locale":"en_US","og_type":"article","og_title":"Betaine HCl (90 vcaps) - Betaiin - Kasulik seedimisele - Fit360","og_description":"Betaine HCl\u00a0\u2013 Betaiin on aminohape, tuntud ka kui trimet\u00fc\u00fclgl\u00fctsiin. See on orgaaniline keemiline \u00fchend, mis s\u00fcnteesitakse osaaliselt inimkehas...","og_url":"https:\/\/fit360.ee\/en\/pood\/product-groups\/\u0432\u0435\u0433\u0430\u043d\/vegan-capsules-en\/betaine-hcl-vege-90-vcaps\/","og_site_name":"Fit360","article_modified_time":"2025-08-13T05:35:45+00:00","og_image":[{"width":450,"height":450,"url":"https:\/\/fit360.ee\/wp-content\/uploads\/2025\/01\/Betaine-HCL-betaiin-fit360.ee-1.png","type":"image\/png"}],"twitter_card":"summary_large_image","twitter_misc":{"Est. reading time":"3 minutes"},"schema":{"@context":"https:\/\/schema.org","@graph":[{"@type":"WebPage","@id":"https:\/\/fit360.ee\/en\/pood\/product-groups\/%d0%b2%d0%b5%d0%b3%d0%b0%d0%bd\/vegan-capsules-en\/betaine-hcl-vege-90-vcaps\/","url":"https:\/\/fit360.ee\/en\/pood\/product-groups\/%d0%b2%d0%b5%d0%b3%d0%b0%d0%bd\/vegan-capsules-en\/betaine-hcl-vege-90-vcaps\/","name":"Betaine HCl (90 vcaps) - Betaiin - Kasulik seedimisele - Fit360","isPartOf":{"@id":"https:\/\/fit360.ee\/en\/#website"},"primaryImageOfPage":{"@id":"https:\/\/fit360.ee\/en\/pood\/product-groups\/%d0%b2%d0%b5%d0%b3%d0%b0%d0%bd\/vegan-capsules-en\/betaine-hcl-vege-90-vcaps\/#primaryimage"},"image":{"@id":"https:\/\/fit360.ee\/en\/pood\/product-groups\/%d0%b2%d0%b5%d0%b3%d0%b0%d0%bd\/vegan-capsules-en\/betaine-hcl-vege-90-vcaps\/#primaryimage"},"thumbnailUrl":"https:\/\/fit360.ee\/wp-content\/uploads\/2025\/01\/Betaine-HCL-betaiin-fit360.ee-1.png","datePublished":"2025-01-16T10:36:08+00:00","dateModified":"2025-08-13T05:35:45+00:00","description":"Betaine HCl\u00a0\u2013 Betaiin on aminohape, tuntud ka kui trimet\u00fc\u00fclgl\u00fctsiin. See on orgaaniline keemiline \u00fchend, mis s\u00fcnteesitakse osaaliselt inimkehas...","breadcrumb":{"@id":"https:\/\/fit360.ee\/en\/pood\/product-groups\/%d0%b2%d0%b5%d0%b3%d0%b0%d0%bd\/vegan-capsules-en\/betaine-hcl-vege-90-vcaps\/#breadcrumb"},"inLanguage":"en-US","potentialAction":[{"@type":"ReadAction","target":["https:\/\/fit360.ee\/en\/pood\/product-groups\/%d0%b2%d0%b5%d0%b3%d0%b0%d0%bd\/vegan-capsules-en\/betaine-hcl-vege-90-vcaps\/"]}]},{"@type":"ImageObject","inLanguage":"en-US","@id":"https:\/\/fit360.ee\/en\/pood\/product-groups\/%d0%b2%d0%b5%d0%b3%d0%b0%d0%bd\/vegan-capsules-en\/betaine-hcl-vege-90-vcaps\/#primaryimage","url":"https:\/\/fit360.ee\/wp-content\/uploads\/2025\/01\/Betaine-HCL-betaiin-fit360.ee-1.png","contentUrl":"https:\/\/fit360.ee\/wp-content\/uploads\/2025\/01\/Betaine-HCL-betaiin-fit360.ee-1.png","width":450,"height":450,"caption":"Betaine HCL betaiin - fit360.ee"},{"@type":"BreadcrumbList","@id":"https:\/\/fit360.ee\/en\/pood\/product-groups\/%d0%b2%d0%b5%d0%b3%d0%b0%d0%bd\/vegan-capsules-en\/betaine-hcl-vege-90-vcaps\/#breadcrumb","itemListElement":[{"@type":"ListItem","position":1,"name":"Home","item":"https:\/\/fit360.ee\/en\/"},{"@type":"ListItem","position":2,"name":"Shop","item":"https:\/\/fit360.ee\/en\/shop\/"},{"@type":"ListItem","position":3,"name":"Betaine HCl (90 vcaps)"}]},{"@type":"WebSite","@id":"https:\/\/fit360.ee\/en\/#website","url":"https:\/\/fit360.ee\/en\/","name":"Fit360","description":"","publisher":{"@id":"https:\/\/fit360.ee\/en\/#organization"},"potentialAction":[{"@type":"SearchAction","target":{"@type":"EntryPoint","urlTemplate":"https:\/\/fit360.ee\/en\/?s={search_term_string}"},"query-input":{"@type":"PropertyValueSpecification","valueRequired":true,"valueName":"search_term_string"}}],"inLanguage":"en-US"},{"@type":"Organization","@id":"https:\/\/fit360.ee\/en\/#organization","name":"Fit360","url":"https:\/\/fit360.ee\/en\/","logo":{"@type":"ImageObject","inLanguage":"en-US","@id":"https:\/\/fit360.ee\/en\/#\/schema\/logo\/image\/","url":"https:\/\/fit360.ee\/wp-content\/uploads\/2017\/01\/logo-fit360.png","contentUrl":"https:\/\/fit360.ee\/wp-content\/uploads\/2017\/01\/logo-fit360.png","width":180,"height":66,"caption":"Fit360"},"image":{"@id":"https:\/\/fit360.ee\/en\/#\/schema\/logo\/image\/"}}]}},"_links":{"self":[{"href":"https:\/\/fit360.ee\/en\/wp-json\/wp\/v2\/product\/85905","targetHints":{"allow":["GET"]}}],"collection":[{"href":"https:\/\/fit360.ee\/en\/wp-json\/wp\/v2\/product"}],"about":[{"href":"https:\/\/fit360.ee\/en\/wp-json\/wp\/v2\/types\/product"}],"replies":[{"embeddable":true,"href":"https:\/\/fit360.ee\/en\/wp-json\/wp\/v2\/comments?post=85905"}],"wp:featuredmedia":[{"embeddable":true,"href":"https:\/\/fit360.ee\/en\/wp-json\/wp\/v2\/media\/85904"}],"wp:attachment":[{"href":"https:\/\/fit360.ee\/en\/wp-json\/wp\/v2\/media?parent=85905"}],"wp:term":[{"taxonomy":"product_brand","embeddable":true,"href":"https:\/\/fit360.ee\/en\/wp-json\/wp\/v2\/product_brand?post=85905"},{"taxonomy":"product_cat","embeddable":true,"href":"https:\/\/fit360.ee\/en\/wp-json\/wp\/v2\/product_cat?post=85905"},{"taxonomy":"product_tag","embeddable":true,"href":"https:\/\/fit360.ee\/en\/wp-json\/wp\/v2\/product_tag?post=85905"},{"taxonomy":"giftcard-category","embeddable":true,"href":"https:\/\/fit360.ee\/en\/wp-json\/wp\/v2\/giftcard-category?post=85905"}],"curies":[{"name":"wp","href":"https:\/\/api.w.org\/{rel}","templated":true}]}}