{"id":85909,"date":"2025-01-16T13:06:03","date_gmt":"2025-01-16T11:06:03","guid":{"rendered":"https:\/\/fit360.ee\/pood\/uncategorized\/citrulline-400g\/"},"modified":"2025-08-13T07:39:38","modified_gmt":"2025-08-13T05:39:38","slug":"citrulline-400g","status":"publish","type":"product","link":"https:\/\/fit360.ee\/en\/pood\/product-groups\/amino-acids-bcaa\/citrulline-en\/citrulline-400g\/","title":{"rendered":"Citrulline (400g)"},"content":{"rendered":"<section class=\"cm__section\">\n<h2><strong>Citrulline<\/strong><\/h2>\n<p class=\"cm__text --bold\">OstroVit Citrulline on kvaliteetne toidulisand, mis sisaldab tsitrulliinmalaati, samuti tauriini ja vitamiini B6. See preparaat on saadaval eksootilise mango maitsega pulbrina, mis ei sisalda lisatud suhkrut. See on toode, mis on loodud sportlastele ja f\u00fc\u00fcsiliselt aktiivsetele inimestele, kes soovivad t\u00e4iendada oma dieeti v\u00e4\u00e4rtuslike \u00fchenditega.<\/p>\n<ul class=\"cm__list\">\n<li><strong>Tsitrulliini allikas<\/strong>\u00a0\u2013 \u00fcks toidulisandi portsjon annab organismile 2790 mg tsitrulliinmalaati.<\/li>\n<li><strong>Rikastatud tauriini ja B6-vitamiiniga<\/strong>\u00a0\u2013 \u00fcks osa preparaadist sisaldab 30 mg tauriini ja 3 mg B6-vitamiini.<\/li>\n<li><strong>Maitsev maitsevariant<\/strong>\u00a0&#8211; eksootilise mangomaitsega toidulisand r\u00f5\u00f5mustab suulagi.<\/li>\n<li><strong>Ei ole lisatud suhkrut<\/strong>\u00a0\u2013 toode sisaldab madala energiasisaldusega magusaineid, mis aitab v\u00e4hendada dieedi kalorsust.<\/li>\n<li><strong>1 portsjon = \u00bd lusikat\u00e4it = 3 g<\/strong>\u00a0.<\/li>\n<li><strong>T\u00f5husus<\/strong>\u00a0\u2013 tootepakendis on 133 portsjonit preparaati.<\/li>\n<li><strong>Mugav vorm<\/strong>\u00a0&#8211; pulbrina saadaval olev preparaat tagab toidulisandi t\u00f5rgeteta tarnimise ja sobib suurep\u00e4raselt inimestele, kellel on raskusi tablettide neelamisega.<\/li>\n<\/ul>\n<h4 class=\"cm__heading\"><strong>OstroVit Citrulline \u2013 eksootiline v\u00e4\u00e4rtuslike \u00fchendite allikas<\/strong><\/h4>\n<p class=\"cm__text\"><strong><a href=\"https:\/\/fit360.ee\/en\/product-category\/product-groups\/amino-acids-bcaa\/citrulline-en\/\" target=\"_blank\" rel=\"noopener\">Tsitrulliin<\/a><\/strong>\u00a0on orgaaniline keemiline \u00fchend, mis on klassifitseeritud mittevalguliseks aminohappeks, mis on ornitiini derivaat. See on aine, mis koos L-arginiini ja L-ornitiiniga osaleb uurea ts\u00fcklis, mida tuntakse ka Krebsi ts\u00fcklina. Tsitrulliini peetakse endogeenseks aminohappeks, mida inimkehas saab toota loodusliku s\u00fcnteesi tulemusena. \u00dchendi nimetus tuleneb ladinakeelsest s\u00f5nast &#8220;citrullus&#8221; ja t\u00e4hendab arbuusi, mis tuleneb sellest, et esimene toiduaine, millest aminohape eraldati, oli arbuus, mis on inimese toidulaual p\u00f5hiliseks \u00fchendi allikaks. Lisaks v\u00f5ib tsitrulliini leida ka melonist, k\u00f5rvitsast ja kurgist.<\/p>\n<p>OstroVit preparaadis kasutatakse tsitrulliinmalaati, \u00fchendi vormi, mida iseloomustab suurep\u00e4rane biosaadavus ja ergogeensus, mis m\u00f5jutab positiivselt preparaadi kvaliteeti ja toidulisandite efektiivsust.<\/p>\n<p class=\"cm__text\"><strong>Tauriin<\/strong>\u00a0\u2013 orgaaniline keemiline \u00fchend, mis on mittevalguline biogeenne aminohape. See on aine, mida saab organismis s\u00fcnteesida v\u00e4\u00e4vli aminohapetest \u2013 ts\u00fcsteiinist ja metioniinist, kuid selle endogeensest tootmisest ei piisa organismi vajaduste rahuldamiseks. Seet\u00f5ttu on soovitatav koos igap\u00e4evase toiduga varustada organismi tauriiniga ka v\u00e4ljastpoolt \u2013 \u00fchendit v\u00f5ib muuhulgas leida: kalas, mereandides, kuivatatud merevetikates v\u00f5i lihas v\u00f5i toidulisandite kujul.<\/p>\n<p class=\"cm__text\"><strong>B6-vitamiin<\/strong>\u00a0\u2013 p\u00fcridoksiin \u2013 B-vitamiinide hulka kuuluv vees lahustuv koostisaine \u00dchendit leidub eelk\u00f5ige t\u00e4istera teraviljatoodetes, aga ka rupsis ja kuivatatud kaunviljade seemnetes.<\/p>\n<h4 class=\"cm__heading\"><strong>Tsitrulliini sisalduvate koostisosade omadused<\/strong><\/h4>\n<p class=\"cm__text\"><strong>B6-vitamiin<\/strong>\u00a0aitab s\u00e4ilitada \u00f5iget energiavahetust ja toetab n\u00e4rvis\u00fcsteemi n\u00f5uetekohast talitlust. See on \u00fchend, mis aitab s\u00e4ilitada optimaalset valkude ja gl\u00fckogeeni ainevahetust ning mis veelgi enam, see aitab kaasa punaste vereliblede \u00f5igele tootmisele ning v\u00e4hendab v\u00e4simus- ja kurnatustunnet. \u00dchend aitab kaasa ka ts\u00fcsteiini \u00f5igele s\u00fcnteesile ja toetab homots\u00fcsteiini \u00f5ige metabolismi s\u00e4ilitamist ning toetab immuuns\u00fcsteemi optimaalset talitlust.<\/p>\n<p><strong>Toode on tugevate h\u00fcgroskoopsete omadustega (neelab tugevalt niiskust). T\u00fckkide teke v\u00f5i \u00fchtlane (kompaktne) konsistents ei ole m\u00e4rk toote omaduste kadumisest. Sel juhul tuleks toode uuesti purustada.<\/strong><\/p>\n<\/section>\n<section class=\"cm__section\">\n<h4 class=\"cm__heading\"><strong>Laboratoorselt kinnitatud kvaliteet<\/strong><\/h4>\n<p class=\"cm__text --bold\">Klientide tervise p\u00e4rast muretsedes testitakse meie toodetud tooteid regulaarselt s\u00f5ltumatus akrediteeritud laboris, et tagada ja s\u00e4ilitada k\u00f5rgeim kvaliteet.<\/p>\n<p><strong>Koostisosad<\/strong>: Tsitrulliinmalaat, aroom, tauriin, magusained: sukraloos, atsesulfaam K; p\u00fcridoksiinvesinikkloriid (vitamiin B6)\u00a0.<\/p>\n<p>Toode v\u00f5ib sisaldada piima (sh laktoosi), soja, maap\u00e4hkleid, muid p\u00e4hkleid, seesamiseemneid, gluteeni sisaldavaid teravilju, mune, v\u00e4hilaadseid, kala.<\/p>\n<p><strong>Kasutamine<\/strong>: Sega 3 g portsjon (1\/2 m\u00f5\u00f5tetopsi) 100-150 ml vees v\u00f5i mahlas. Treeningp\u00e4evadel tarbi \u00fcks portsjon p\u00e4evas 30 minutit enne treeningut.<\/p>\n<p>\u00c4rge \u00fcletage soovitatavat \u00f6\u00f6p\u00e4evast kogust. Toidulisandit ei saa kasutada mitmek\u00fclgse toitumise asendajana. Soovitatav on tasakaalustatud toitumine ja tervislik eluviis. \u00c4rge tarbige, kui olete m\u00f5ne toote koostisosa suhtes allergiline. Toodet ei tohi kasutada lapsed, rasedad ja imetavad emad. Hoida v\u00e4ikelastele k\u00e4ttesaamatus kohas.<\/p>\n<p><strong>Suurus<\/strong>: 400g<\/p>\n<table>\n<tbody>\n<tr>\n<th><span>Aktiivsed koostisained<\/span><\/th>\n<th><span>Portsjoni kohta<\/span><\/th>\n<th><span>% SPK*<\/span><\/th>\n<th><span>100 g kohta<\/span><\/th>\n<\/tr>\n<tr>\n<td><span>Tsitrulliinmalaat:<\/span><\/td>\n<td><span>2790 mg<\/span><\/td>\n<td><span>&#8211;<\/span><\/td>\n<td><span>93 g<\/span><\/td>\n<\/tr>\n<tr class=\"sub\">\n<td><span>&#8211; sealhulgas L-tsitrulliin<\/span><\/td>\n<td><span>1815 mg<\/span><\/td>\n<td><span>&#8211;<\/span><\/td>\n<td><span>60,5 g<\/span><\/td>\n<\/tr>\n<tr>\n<td><span>Tauriin<\/span><\/td>\n<td><span>30 mg<\/span><\/td>\n<td><span>&#8211;<\/span><\/td>\n<td><span>1 g<\/span><\/td>\n<\/tr>\n<tr>\n<td><span>Vitamiin B6<\/span><\/td>\n<td><span>3 mg<\/span><\/td>\n<td><span>214%<\/span><\/td>\n<td><span>100 mg<\/span><\/td>\n<\/tr>\n<\/tbody>\n<\/table>\n<p><span>*SPK \u2013 Soovitatud P\u00e4evane kogus.<\/span><\/p>\n<p>Vaata ka meie Teisi Tsitrulliine <a href=\"https:\/\/fit360.ee\/en\/product-category\/product-groups\/amino-acids-bcaa\/citrulline-en\/\"><strong>SIIT<\/strong><\/a> v\u00f5i Aminohappeid <a href=\"https:\/\/fit360.ee\/en\/product-category\/product-groups\/amino-acids-bcaa\/\"><strong>SIIT<\/strong><\/a>!<\/p>\n<p>Soovid kaupa osta suuremas koguses? Vaata antud toodet ka meie HULGI poest\u00a0<a href=\"https:\/\/toidulisandidhulgi.ee\/tooted\/citrulline-400g\/\"><strong>SIIT<\/strong><\/a>!<\/p>\n<\/section>\n","protected":false},"excerpt":{"rendered":"<ul class=\"cm__list\">\n<li>V\u00e4hendab v\u00e4simustunnet f\u00fc\u00fcsilise koormuse ajal<\/li>\n<li>Taastub suurep\u00e4raselt ja v\u00e4hendab lihasvalu isegi paar p\u00e4eva p\u00e4rast treeningut<\/li>\n<li>Suurendab lihaste pumpamist t\u00e4nu l\u00e4mmastikoksiidi s\u00fcnteesi intensiivistumisele<\/li>\n<li>See on ideaalne keharasva v\u00e4hendamiseks, toimides antikataboolsena (v\u00e4hendab lihaskoe lagunemist)<\/li>\n<li>Parandab verevoolu.<\/li>\n<li>See parandab meeste seksuaalset v\u00f5imekust, toetades erektsiooniefekti.<\/li>\n<\/ul>\n","protected":false},"featured_media":85908,"comment_status":"open","ping_status":"closed","template":"","meta":[],"product_brand":[],"product_cat":[520,2314,1329,533],"product_tag":[4100,1924,3715],"giftcard-category":[],"class_list":{"0":"post-85909","1":"product","2":"type-product","3":"status-publish","4":"has-post-thumbnail","6":"product_cat-amino-acids-bcaa","7":"product_cat-citrulline-en","8":"product_cat-ostrovit-en","9":"product_cat-pre-workout-en","10":"product_tag-citrulline-en","11":"product_tag-ostrovit-en","12":"product_tag-tsitrulliin-en","13":"pa_kogus-400g-en","14":"pa_maitse-mango-en","15":"pa_toidulisand-branddd-ostrovit","16":"pa_tootegruppp-amino-acidsbcaa","17":"pa_tootegruppp-pre-workout","18":"pa_tootegruppp-tsitrulliin-en","20":"first","21":"outofstock","22":"sale","23":"taxable","24":"shipping-taxable","25":"purchasable","26":"product-type-variable"},"yoast_head":"<!-- This site is optimized with the Yoast SEO plugin v27.3 - https:\/\/yoast.com\/product\/yoast-seo-wordpress\/ -->\n<title>Citrulline (400g) - Puhas Tsitrulliin - Parim Hind - Kiire Tarne - Fit360<\/title>\n<meta name=\"description\" content=\"Citrulline on kvaliteetne toidulisand, mis sisaldab tsitrulliinmalaati, samuti tauriini ja vitamiini B6. See preparaat on saadaval eksootiliste maitsete...\" \/>\n<meta name=\"robots\" content=\"index, follow, max-snippet:-1, max-image-preview:large, max-video-preview:-1\" \/>\n<link rel=\"canonical\" href=\"https:\/\/fit360.ee\/en\/pood\/product-groups\/amino-acids-bcaa\/citrulline-en\/citrulline-400g\/\" \/>\n<meta property=\"og:locale\" content=\"en_US\" \/>\n<meta property=\"og:type\" content=\"article\" \/>\n<meta property=\"og:title\" content=\"Citrulline (400g) - Puhas Tsitrulliin - Parim Hind - Kiire Tarne - Fit360\" \/>\n<meta property=\"og:description\" content=\"Citrulline on kvaliteetne toidulisand, mis sisaldab tsitrulliinmalaati, samuti tauriini ja vitamiini B6. See preparaat on saadaval eksootiliste maitsete...\" \/>\n<meta property=\"og:url\" content=\"https:\/\/fit360.ee\/en\/pood\/product-groups\/amino-acids-bcaa\/citrulline-en\/citrulline-400g\/\" \/>\n<meta property=\"og:site_name\" content=\"Fit360\" \/>\n<meta property=\"article:modified_time\" content=\"2025-08-13T05:39:38+00:00\" \/>\n<meta property=\"og:image\" content=\"https:\/\/fit360.ee\/wp-content\/uploads\/2025\/01\/ostrovit-citrulline-tsitrulliin-fit360.ee-1.png\" \/>\n\t<meta property=\"og:image:width\" content=\"450\" \/>\n\t<meta property=\"og:image:height\" content=\"450\" \/>\n\t<meta property=\"og:image:type\" content=\"image\/png\" \/>\n<meta name=\"twitter:card\" content=\"summary_large_image\" \/>\n<meta name=\"twitter:label1\" content=\"Est. reading time\" \/>\n\t<meta name=\"twitter:data1\" content=\"3 minutes\" \/>\n<script type=\"application\/ld+json\" class=\"yoast-schema-graph\">{\"@context\":\"https:\\\/\\\/schema.org\",\"@graph\":[{\"@type\":\"WebPage\",\"@id\":\"https:\\\/\\\/fit360.ee\\\/en\\\/pood\\\/product-groups\\\/amino-acids-bcaa\\\/citrulline-en\\\/citrulline-400g\\\/\",\"url\":\"https:\\\/\\\/fit360.ee\\\/en\\\/pood\\\/product-groups\\\/amino-acids-bcaa\\\/citrulline-en\\\/citrulline-400g\\\/\",\"name\":\"Citrulline (400g) - Puhas Tsitrulliin - Parim Hind - Kiire Tarne - Fit360\",\"isPartOf\":{\"@id\":\"https:\\\/\\\/fit360.ee\\\/en\\\/#website\"},\"primaryImageOfPage\":{\"@id\":\"https:\\\/\\\/fit360.ee\\\/en\\\/pood\\\/product-groups\\\/amino-acids-bcaa\\\/citrulline-en\\\/citrulline-400g\\\/#primaryimage\"},\"image\":{\"@id\":\"https:\\\/\\\/fit360.ee\\\/en\\\/pood\\\/product-groups\\\/amino-acids-bcaa\\\/citrulline-en\\\/citrulline-400g\\\/#primaryimage\"},\"thumbnailUrl\":\"https:\\\/\\\/fit360.ee\\\/wp-content\\\/uploads\\\/2025\\\/01\\\/ostrovit-citrulline-tsitrulliin-fit360.ee-1.png\",\"datePublished\":\"2025-01-16T11:06:03+00:00\",\"dateModified\":\"2025-08-13T05:39:38+00:00\",\"description\":\"Citrulline on kvaliteetne toidulisand, mis sisaldab tsitrulliinmalaati, samuti tauriini ja vitamiini B6. See preparaat on saadaval eksootiliste maitsete...\",\"breadcrumb\":{\"@id\":\"https:\\\/\\\/fit360.ee\\\/en\\\/pood\\\/product-groups\\\/amino-acids-bcaa\\\/citrulline-en\\\/citrulline-400g\\\/#breadcrumb\"},\"inLanguage\":\"en-US\",\"potentialAction\":[{\"@type\":\"ReadAction\",\"target\":[\"https:\\\/\\\/fit360.ee\\\/en\\\/pood\\\/product-groups\\\/amino-acids-bcaa\\\/citrulline-en\\\/citrulline-400g\\\/\"]}]},{\"@type\":\"ImageObject\",\"inLanguage\":\"en-US\",\"@id\":\"https:\\\/\\\/fit360.ee\\\/en\\\/pood\\\/product-groups\\\/amino-acids-bcaa\\\/citrulline-en\\\/citrulline-400g\\\/#primaryimage\",\"url\":\"https:\\\/\\\/fit360.ee\\\/wp-content\\\/uploads\\\/2025\\\/01\\\/ostrovit-citrulline-tsitrulliin-fit360.ee-1.png\",\"contentUrl\":\"https:\\\/\\\/fit360.ee\\\/wp-content\\\/uploads\\\/2025\\\/01\\\/ostrovit-citrulline-tsitrulliin-fit360.ee-1.png\",\"width\":450,\"height\":450,\"caption\":\"ostrovit citrulline tsitrulliin - fit360.ee\"},{\"@type\":\"BreadcrumbList\",\"@id\":\"https:\\\/\\\/fit360.ee\\\/en\\\/pood\\\/product-groups\\\/amino-acids-bcaa\\\/citrulline-en\\\/citrulline-400g\\\/#breadcrumb\",\"itemListElement\":[{\"@type\":\"ListItem\",\"position\":1,\"name\":\"Home\",\"item\":\"https:\\\/\\\/fit360.ee\\\/en\\\/\"},{\"@type\":\"ListItem\",\"position\":2,\"name\":\"Shop\",\"item\":\"https:\\\/\\\/fit360.ee\\\/en\\\/shop\\\/\"},{\"@type\":\"ListItem\",\"position\":3,\"name\":\"Citrulline (400g)\"}]},{\"@type\":\"WebSite\",\"@id\":\"https:\\\/\\\/fit360.ee\\\/en\\\/#website\",\"url\":\"https:\\\/\\\/fit360.ee\\\/en\\\/\",\"name\":\"Fit360\",\"description\":\"\",\"publisher\":{\"@id\":\"https:\\\/\\\/fit360.ee\\\/en\\\/#organization\"},\"potentialAction\":[{\"@type\":\"SearchAction\",\"target\":{\"@type\":\"EntryPoint\",\"urlTemplate\":\"https:\\\/\\\/fit360.ee\\\/en\\\/?s={search_term_string}\"},\"query-input\":{\"@type\":\"PropertyValueSpecification\",\"valueRequired\":true,\"valueName\":\"search_term_string\"}}],\"inLanguage\":\"en-US\"},{\"@type\":\"Organization\",\"@id\":\"https:\\\/\\\/fit360.ee\\\/en\\\/#organization\",\"name\":\"Fit360\",\"url\":\"https:\\\/\\\/fit360.ee\\\/en\\\/\",\"logo\":{\"@type\":\"ImageObject\",\"inLanguage\":\"en-US\",\"@id\":\"https:\\\/\\\/fit360.ee\\\/en\\\/#\\\/schema\\\/logo\\\/image\\\/\",\"url\":\"https:\\\/\\\/fit360.ee\\\/wp-content\\\/uploads\\\/2017\\\/01\\\/logo-fit360.png\",\"contentUrl\":\"https:\\\/\\\/fit360.ee\\\/wp-content\\\/uploads\\\/2017\\\/01\\\/logo-fit360.png\",\"width\":180,\"height\":66,\"caption\":\"Fit360\"},\"image\":{\"@id\":\"https:\\\/\\\/fit360.ee\\\/en\\\/#\\\/schema\\\/logo\\\/image\\\/\"}}]}<\/script>\n<!-- \/ Yoast SEO plugin. -->","yoast_head_json":{"title":"Citrulline (400g) - Puhas Tsitrulliin - Parim Hind - Kiire Tarne - Fit360","description":"Citrulline on kvaliteetne toidulisand, mis sisaldab tsitrulliinmalaati, samuti tauriini ja vitamiini B6. See preparaat on saadaval eksootiliste maitsete...","robots":{"index":"index","follow":"follow","max-snippet":"max-snippet:-1","max-image-preview":"max-image-preview:large","max-video-preview":"max-video-preview:-1"},"canonical":"https:\/\/fit360.ee\/en\/pood\/product-groups\/amino-acids-bcaa\/citrulline-en\/citrulline-400g\/","og_locale":"en_US","og_type":"article","og_title":"Citrulline (400g) - Puhas Tsitrulliin - Parim Hind - Kiire Tarne - Fit360","og_description":"Citrulline on kvaliteetne toidulisand, mis sisaldab tsitrulliinmalaati, samuti tauriini ja vitamiini B6. See preparaat on saadaval eksootiliste maitsete...","og_url":"https:\/\/fit360.ee\/en\/pood\/product-groups\/amino-acids-bcaa\/citrulline-en\/citrulline-400g\/","og_site_name":"Fit360","article_modified_time":"2025-08-13T05:39:38+00:00","og_image":[{"width":450,"height":450,"url":"https:\/\/fit360.ee\/wp-content\/uploads\/2025\/01\/ostrovit-citrulline-tsitrulliin-fit360.ee-1.png","type":"image\/png"}],"twitter_card":"summary_large_image","twitter_misc":{"Est. reading time":"3 minutes"},"schema":{"@context":"https:\/\/schema.org","@graph":[{"@type":"WebPage","@id":"https:\/\/fit360.ee\/en\/pood\/product-groups\/amino-acids-bcaa\/citrulline-en\/citrulline-400g\/","url":"https:\/\/fit360.ee\/en\/pood\/product-groups\/amino-acids-bcaa\/citrulline-en\/citrulline-400g\/","name":"Citrulline (400g) - Puhas Tsitrulliin - Parim Hind - Kiire Tarne - Fit360","isPartOf":{"@id":"https:\/\/fit360.ee\/en\/#website"},"primaryImageOfPage":{"@id":"https:\/\/fit360.ee\/en\/pood\/product-groups\/amino-acids-bcaa\/citrulline-en\/citrulline-400g\/#primaryimage"},"image":{"@id":"https:\/\/fit360.ee\/en\/pood\/product-groups\/amino-acids-bcaa\/citrulline-en\/citrulline-400g\/#primaryimage"},"thumbnailUrl":"https:\/\/fit360.ee\/wp-content\/uploads\/2025\/01\/ostrovit-citrulline-tsitrulliin-fit360.ee-1.png","datePublished":"2025-01-16T11:06:03+00:00","dateModified":"2025-08-13T05:39:38+00:00","description":"Citrulline on kvaliteetne toidulisand, mis sisaldab tsitrulliinmalaati, samuti tauriini ja vitamiini B6. See preparaat on saadaval eksootiliste maitsete...","breadcrumb":{"@id":"https:\/\/fit360.ee\/en\/pood\/product-groups\/amino-acids-bcaa\/citrulline-en\/citrulline-400g\/#breadcrumb"},"inLanguage":"en-US","potentialAction":[{"@type":"ReadAction","target":["https:\/\/fit360.ee\/en\/pood\/product-groups\/amino-acids-bcaa\/citrulline-en\/citrulline-400g\/"]}]},{"@type":"ImageObject","inLanguage":"en-US","@id":"https:\/\/fit360.ee\/en\/pood\/product-groups\/amino-acids-bcaa\/citrulline-en\/citrulline-400g\/#primaryimage","url":"https:\/\/fit360.ee\/wp-content\/uploads\/2025\/01\/ostrovit-citrulline-tsitrulliin-fit360.ee-1.png","contentUrl":"https:\/\/fit360.ee\/wp-content\/uploads\/2025\/01\/ostrovit-citrulline-tsitrulliin-fit360.ee-1.png","width":450,"height":450,"caption":"ostrovit citrulline tsitrulliin - fit360.ee"},{"@type":"BreadcrumbList","@id":"https:\/\/fit360.ee\/en\/pood\/product-groups\/amino-acids-bcaa\/citrulline-en\/citrulline-400g\/#breadcrumb","itemListElement":[{"@type":"ListItem","position":1,"name":"Home","item":"https:\/\/fit360.ee\/en\/"},{"@type":"ListItem","position":2,"name":"Shop","item":"https:\/\/fit360.ee\/en\/shop\/"},{"@type":"ListItem","position":3,"name":"Citrulline (400g)"}]},{"@type":"WebSite","@id":"https:\/\/fit360.ee\/en\/#website","url":"https:\/\/fit360.ee\/en\/","name":"Fit360","description":"","publisher":{"@id":"https:\/\/fit360.ee\/en\/#organization"},"potentialAction":[{"@type":"SearchAction","target":{"@type":"EntryPoint","urlTemplate":"https:\/\/fit360.ee\/en\/?s={search_term_string}"},"query-input":{"@type":"PropertyValueSpecification","valueRequired":true,"valueName":"search_term_string"}}],"inLanguage":"en-US"},{"@type":"Organization","@id":"https:\/\/fit360.ee\/en\/#organization","name":"Fit360","url":"https:\/\/fit360.ee\/en\/","logo":{"@type":"ImageObject","inLanguage":"en-US","@id":"https:\/\/fit360.ee\/en\/#\/schema\/logo\/image\/","url":"https:\/\/fit360.ee\/wp-content\/uploads\/2017\/01\/logo-fit360.png","contentUrl":"https:\/\/fit360.ee\/wp-content\/uploads\/2017\/01\/logo-fit360.png","width":180,"height":66,"caption":"Fit360"},"image":{"@id":"https:\/\/fit360.ee\/en\/#\/schema\/logo\/image\/"}}]}},"_links":{"self":[{"href":"https:\/\/fit360.ee\/en\/wp-json\/wp\/v2\/product\/85909","targetHints":{"allow":["GET"]}}],"collection":[{"href":"https:\/\/fit360.ee\/en\/wp-json\/wp\/v2\/product"}],"about":[{"href":"https:\/\/fit360.ee\/en\/wp-json\/wp\/v2\/types\/product"}],"replies":[{"embeddable":true,"href":"https:\/\/fit360.ee\/en\/wp-json\/wp\/v2\/comments?post=85909"}],"wp:featuredmedia":[{"embeddable":true,"href":"https:\/\/fit360.ee\/en\/wp-json\/wp\/v2\/media\/85908"}],"wp:attachment":[{"href":"https:\/\/fit360.ee\/en\/wp-json\/wp\/v2\/media?parent=85909"}],"wp:term":[{"taxonomy":"product_brand","embeddable":true,"href":"https:\/\/fit360.ee\/en\/wp-json\/wp\/v2\/product_brand?post=85909"},{"taxonomy":"product_cat","embeddable":true,"href":"https:\/\/fit360.ee\/en\/wp-json\/wp\/v2\/product_cat?post=85909"},{"taxonomy":"product_tag","embeddable":true,"href":"https:\/\/fit360.ee\/en\/wp-json\/wp\/v2\/product_tag?post=85909"},{"taxonomy":"giftcard-category","embeddable":true,"href":"https:\/\/fit360.ee\/en\/wp-json\/wp\/v2\/giftcard-category?post=85909"}],"curies":[{"name":"wp","href":"https:\/\/api.w.org\/{rel}","templated":true}]}}