{"id":86004,"date":"2025-01-19T11:51:04","date_gmt":"2025-01-19T09:51:04","guid":{"rendered":"https:\/\/fit360.ee\/pood\/uncategorized\/resveratrol-200mg-100-caps\/"},"modified":"2025-08-13T07:36:11","modified_gmt":"2025-08-13T05:36:11","slug":"resveratrol-200mg-100-caps","status":"publish","type":"product","link":"https:\/\/fit360.ee\/en\/pood\/product-groups\/%d0%b2%d0%b5%d0%b3%d0%b0%d0%bd\/vegan-capsules-en\/resveratrol-200mg-100-caps\/","title":{"rendered":"Resveratrol 200mg (100caps)"},"content":{"rendered":"<h2><strong>Resveratrool<\/strong><\/h2>\n<p>Evolite Resveratrool on looduse j\u00f5ud \u00fches kapslis, pakkudes sulle iga p\u00e4ev t\u00f5husat tuge tervisele. \u00dcks purk sisaldab <strong>100 kapslit<\/strong>, millest iga\u00fcks sisaldab <strong>200 mg puhast resveratrooli<\/strong> \u2013 t\u00e4iuslik kontsentratsioon tervise ja heaolu edendamiseks.<\/p>\n<h4><strong>Mis on Resveratrool?<\/strong><\/h4>\n<p>Resveratrool on v\u00f5imas pol\u00fcfenool, mida leidub looduslikult punases viinamarjanahas, mustikates, maap\u00e4hklites ja m\u00f5nedes teistes taimedes. See on tuntud oma tugevate <strong><a href=\"https:\/\/fit360.ee\/en\/product-category\/antioxidants-en\/\">antioks\u00fcdantsete<\/a><\/strong> omaduste poolest, mis aitavad kaitsta rakke oks\u00fcdatiivse stressi eest ja toetavad organismi loomulikku vananemisprotsessi. Resveratrooli peetakse \u00fcheks olulisemaks \u00fchendiks s\u00fcdame-veresoonkonna tervise toetamisel, kuna see aitab s\u00e4ilitada normaalset vereringet ja soodustab veresoonte l\u00f5\u00f5gastumist.<\/p>\n<h4><strong>Evolite Resveratrooli Kasutegurid<\/strong><\/h4>\n<ul>\n<li><strong>Tugev antioks\u00fcdantne toime<\/strong>: Aitab neutraliseerida vabu radikaale ja v\u00e4hendada oks\u00fcdatiivset stressi, mis on seotud vananemise ja krooniliste haigustega.<\/li>\n<li><strong>Toetus s\u00fcdame-veresoonkonna tervisele<\/strong>: Resveratrool toetab tervet s\u00fcdamefunktsiooni, aidates s\u00e4ilitada normaalset verer\u00f5hku ja parandades vereringet.<\/li>\n<li><strong>Parem raku tervis ja ainevahetus<\/strong>: See bioaktiivne \u00fchend toetab rakumembraanide terviklikkust ja soodustab tervet ainevahetust.<\/li>\n<\/ul>\n<h4><strong>Kellele Sobib Evolite Resveratrool?<\/strong><\/h4>\n<p>See toidulisand sobib inimestele, kes soovivad:<\/p>\n<ul>\n<li>Parandada oma \u00fcldist tervist ja pikaealisust,<\/li>\n<li>V\u00e4hendada oks\u00fcdatiivse stressi m\u00f5ju oma kehale,<\/li>\n<li>Lisada oma igap\u00e4evasesse rutiini loodusliku pol\u00fcfenooli tuge.<\/li>\n<\/ul>\n<h4><strong>Evolite \u2013 Kvaliteet, Millele V\u00f5id Kindel Olla<\/strong><\/h4>\n<p>Evolite Resveratrool on toodetud k\u00f5rgeimate kvaliteedistandardite j\u00e4rgi, kasutades hoolikalt valitud looduslikke koostisosi. Meie eesm\u00e4rk on pakkuda parimat toidulisandit, mis toetab sinu tervist ja heaolu igal sammul.<\/p>\n<p><strong>Koostisosad<\/strong>: jaapani k\u00fc\u00fcliku (Polygonum Cuspidatum; sealhulgas 30% resveratrooli) ekstrakt; Kapsli koostisained: h\u00fcpromelloos, v\u00e4rvained: kollane raudoksiid, must raudoksiid, lakksinine V.<\/p>\n<p><strong>Kasutamine<\/strong>: Soovitatav p\u00e4evane annus on 1 kapsel koos veega v\u00f5i vastavalt tervishoiuspetsialisti soovitustele. \u00dcks kapsel sisaldab 200 mg resveratrooli \u2013 ideaalne kogus igap\u00e4evaseks kasutamiseks.<\/p>\n<p><strong>NB! Toidulisandid ei asenda mitmek\u00fclgset toitumist. Hoida lastele k\u00e4ttesaamatus kohas.<\/strong><\/p>\n<p><strong>Suurus:<\/strong> 100 <a href=\"https:\/\/fit360.ee\/en\/product-category\/product-groups\/vegan-en\/vegan-capsules-en\/\"><strong>vCaps &#8211; Vegan kapslit<\/strong><\/a><\/p>\n<table>\n<tbody>\n<tr>\n<td width=\"284\"><strong><b>Toimeaine<\/b><\/strong><\/td>\n<td width=\"284\"><strong><b>1 kapsel &#8211; 1 serveering<\/b><\/strong><\/td>\n<\/tr>\n<tr>\n<td width=\"284\">(Polygonum cuspidatum) ekstrakt<\/td>\n<td width=\"284\">200 mg<\/td>\n<\/tr>\n<tr>\n<td width=\"284\"><em><i>millest<\/i><\/em>\u00a0Reveratrool<\/td>\n<td width=\"284\">60 mg<\/td>\n<\/tr>\n<\/tbody>\n<\/table>\n<p>Vaata ka meie teisi Supertoite <a href=\"https:\/\/fit360.ee\/en\/product-category\/product-groups\/superfoods-health-foods-en\/\"><strong>SIIT<\/strong><\/a> v\u00f5i Antioks\u00fcdante <a href=\"https:\/\/fit360.ee\/en\/product-category\/antioxidants-en\/\"><strong>SIIT<\/strong><\/a>!<\/p>\n<p>Soovid kaupa osta suuremas koguses? Vaata antud toodet ka meie HULGI poest\u00a0<a href=\"https:\/\/toidulisandidhulgi.ee\/tooted\/resveratrol-200mg-100-caps\/\"><strong>SIIT<\/strong><\/a>!<\/p>\n","protected":false},"excerpt":{"rendered":"<ul>\n<li>Tugev antioks\u00fcdantne toime<\/li>\n<li>Toetus s\u00fcdame-veresoonkonna tervisele<\/li>\n<li>Parem raku tervis ja ainevahetus<\/li>\n<\/ul>\n","protected":false},"featured_media":86003,"comment_status":"open","ping_status":"closed","template":"","meta":[],"product_brand":[],"product_cat":[5311,1618,530,2408,1454,2664,536,1201],"product_tag":[1773,4253,5499],"giftcard-category":[],"class_list":{"0":"post-86004","1":"product","2":"type-product","3":"status-publish","4":"has-post-thumbnail","6":"product_cat-antioxidants-en","7":"product_cat-evolite-en","8":"product_cat-fat-burners-en","9":"product_cat-stimulant-free-fat-burners-en","10":"product_cat-superfoods-health-foods-en","11":"product_cat-vegan-capsules-en","12":"product_cat-vitamins-and-minerals-en","13":"product_cat-1201","14":"product_tag-evolite-en","15":"product_tag-resveratrol-en","16":"product_tag-reveratrool-en","17":"pa_kogus-100-vcaps-en","18":"pa_toidulisand-branddd-evolite","19":"pa_tootegruppp-antioksudandid-en","20":"pa_tootegruppp-stimulandivaba-en","21":"pa_tootegruppp-supertoit-tervisetoit-en","22":"pa_tootegruppp-vcaps-vegan-kapslid-en","23":"pa_tootegruppp-vegan-en","24":"pa_tootegruppp-vitamins-and-minerals","25":"pa_tootegruppp-weight-loss","27":"first","28":"instock","29":"sale","30":"taxable","31":"shipping-taxable","32":"purchasable","33":"product-type-simple"},"yoast_head":"<!-- This site is optimized with the Yoast SEO plugin v27.3 - https:\/\/yoast.com\/product\/yoast-seo-wordpress\/ -->\n<title>Resveratrol 200mg (100caps) - Reveratrool - T\u00f5hus toime - Parim Hind - Fit360<\/title>\n<meta name=\"description\" content=\"Resveratrool toetab tervet s\u00fcdamefunktsiooni, aidates s\u00e4ilitada normaalset verer\u00f5hku ja parandades vereringet. Samuti aitab see kaasa parema raku tervis...\" \/>\n<meta name=\"robots\" content=\"index, follow, max-snippet:-1, max-image-preview:large, max-video-preview:-1\" \/>\n<link rel=\"canonical\" href=\"https:\/\/fit360.ee\/en\/pood\/product-groups\/\u0432\u0435\u0433\u0430\u043d\/vegan-capsules-en\/resveratrol-200mg-100-caps\/\" \/>\n<meta property=\"og:locale\" content=\"en_US\" \/>\n<meta property=\"og:type\" content=\"article\" \/>\n<meta property=\"og:title\" content=\"Resveratrol 200mg (100caps) - Reveratrool - T\u00f5hus toime - Parim Hind - Fit360\" \/>\n<meta property=\"og:description\" content=\"Resveratrool toetab tervet s\u00fcdamefunktsiooni, aidates s\u00e4ilitada normaalset verer\u00f5hku ja parandades vereringet. Samuti aitab see kaasa parema raku tervis...\" \/>\n<meta property=\"og:url\" content=\"https:\/\/fit360.ee\/en\/pood\/product-groups\/\u0432\u0435\u0433\u0430\u043d\/vegan-capsules-en\/resveratrol-200mg-100-caps\/\" \/>\n<meta property=\"og:site_name\" content=\"Fit360\" \/>\n<meta property=\"article:modified_time\" content=\"2025-08-13T05:36:11+00:00\" \/>\n<meta property=\"og:image\" content=\"https:\/\/fit360.ee\/wp-content\/uploads\/2025\/01\/evolite-resveratrool-fit360.ee_.jpg\" \/>\n\t<meta property=\"og:image:width\" content=\"432\" \/>\n\t<meta property=\"og:image:height\" content=\"432\" \/>\n\t<meta property=\"og:image:type\" content=\"image\/jpeg\" \/>\n<meta name=\"twitter:card\" content=\"summary_large_image\" \/>\n<meta name=\"twitter:label1\" content=\"Est. reading time\" \/>\n\t<meta name=\"twitter:data1\" content=\"2 minutes\" \/>\n<script type=\"application\/ld+json\" class=\"yoast-schema-graph\">{\"@context\":\"https:\\\/\\\/schema.org\",\"@graph\":[{\"@type\":\"WebPage\",\"@id\":\"https:\\\/\\\/fit360.ee\\\/en\\\/pood\\\/product-groups\\\/%d0%b2%d0%b5%d0%b3%d0%b0%d0%bd\\\/vegan-capsules-en\\\/resveratrol-200mg-100-caps\\\/\",\"url\":\"https:\\\/\\\/fit360.ee\\\/en\\\/pood\\\/product-groups\\\/%d0%b2%d0%b5%d0%b3%d0%b0%d0%bd\\\/vegan-capsules-en\\\/resveratrol-200mg-100-caps\\\/\",\"name\":\"Resveratrol 200mg (100caps) - Reveratrool - T\u00f5hus toime - Parim Hind - Fit360\",\"isPartOf\":{\"@id\":\"https:\\\/\\\/fit360.ee\\\/en\\\/#website\"},\"primaryImageOfPage\":{\"@id\":\"https:\\\/\\\/fit360.ee\\\/en\\\/pood\\\/product-groups\\\/%d0%b2%d0%b5%d0%b3%d0%b0%d0%bd\\\/vegan-capsules-en\\\/resveratrol-200mg-100-caps\\\/#primaryimage\"},\"image\":{\"@id\":\"https:\\\/\\\/fit360.ee\\\/en\\\/pood\\\/product-groups\\\/%d0%b2%d0%b5%d0%b3%d0%b0%d0%bd\\\/vegan-capsules-en\\\/resveratrol-200mg-100-caps\\\/#primaryimage\"},\"thumbnailUrl\":\"https:\\\/\\\/fit360.ee\\\/wp-content\\\/uploads\\\/2025\\\/01\\\/evolite-resveratrool-fit360.ee_.jpg\",\"datePublished\":\"2025-01-19T09:51:04+00:00\",\"dateModified\":\"2025-08-13T05:36:11+00:00\",\"description\":\"Resveratrool toetab tervet s\u00fcdamefunktsiooni, aidates s\u00e4ilitada normaalset verer\u00f5hku ja parandades vereringet. Samuti aitab see kaasa parema raku tervis...\",\"breadcrumb\":{\"@id\":\"https:\\\/\\\/fit360.ee\\\/en\\\/pood\\\/product-groups\\\/%d0%b2%d0%b5%d0%b3%d0%b0%d0%bd\\\/vegan-capsules-en\\\/resveratrol-200mg-100-caps\\\/#breadcrumb\"},\"inLanguage\":\"en-US\",\"potentialAction\":[{\"@type\":\"ReadAction\",\"target\":[\"https:\\\/\\\/fit360.ee\\\/en\\\/pood\\\/product-groups\\\/%d0%b2%d0%b5%d0%b3%d0%b0%d0%bd\\\/vegan-capsules-en\\\/resveratrol-200mg-100-caps\\\/\"]}]},{\"@type\":\"ImageObject\",\"inLanguage\":\"en-US\",\"@id\":\"https:\\\/\\\/fit360.ee\\\/en\\\/pood\\\/product-groups\\\/%d0%b2%d0%b5%d0%b3%d0%b0%d0%bd\\\/vegan-capsules-en\\\/resveratrol-200mg-100-caps\\\/#primaryimage\",\"url\":\"https:\\\/\\\/fit360.ee\\\/wp-content\\\/uploads\\\/2025\\\/01\\\/evolite-resveratrool-fit360.ee_.jpg\",\"contentUrl\":\"https:\\\/\\\/fit360.ee\\\/wp-content\\\/uploads\\\/2025\\\/01\\\/evolite-resveratrool-fit360.ee_.jpg\",\"width\":432,\"height\":432,\"caption\":\"evolite resveratrool - fit360.ee\"},{\"@type\":\"BreadcrumbList\",\"@id\":\"https:\\\/\\\/fit360.ee\\\/en\\\/pood\\\/product-groups\\\/%d0%b2%d0%b5%d0%b3%d0%b0%d0%bd\\\/vegan-capsules-en\\\/resveratrol-200mg-100-caps\\\/#breadcrumb\",\"itemListElement\":[{\"@type\":\"ListItem\",\"position\":1,\"name\":\"Home\",\"item\":\"https:\\\/\\\/fit360.ee\\\/en\\\/\"},{\"@type\":\"ListItem\",\"position\":2,\"name\":\"Shop\",\"item\":\"https:\\\/\\\/fit360.ee\\\/en\\\/shop\\\/\"},{\"@type\":\"ListItem\",\"position\":3,\"name\":\"Resveratrol 200mg (100caps)\"}]},{\"@type\":\"WebSite\",\"@id\":\"https:\\\/\\\/fit360.ee\\\/en\\\/#website\",\"url\":\"https:\\\/\\\/fit360.ee\\\/en\\\/\",\"name\":\"Fit360\",\"description\":\"\",\"publisher\":{\"@id\":\"https:\\\/\\\/fit360.ee\\\/en\\\/#organization\"},\"potentialAction\":[{\"@type\":\"SearchAction\",\"target\":{\"@type\":\"EntryPoint\",\"urlTemplate\":\"https:\\\/\\\/fit360.ee\\\/en\\\/?s={search_term_string}\"},\"query-input\":{\"@type\":\"PropertyValueSpecification\",\"valueRequired\":true,\"valueName\":\"search_term_string\"}}],\"inLanguage\":\"en-US\"},{\"@type\":\"Organization\",\"@id\":\"https:\\\/\\\/fit360.ee\\\/en\\\/#organization\",\"name\":\"Fit360\",\"url\":\"https:\\\/\\\/fit360.ee\\\/en\\\/\",\"logo\":{\"@type\":\"ImageObject\",\"inLanguage\":\"en-US\",\"@id\":\"https:\\\/\\\/fit360.ee\\\/en\\\/#\\\/schema\\\/logo\\\/image\\\/\",\"url\":\"https:\\\/\\\/fit360.ee\\\/wp-content\\\/uploads\\\/2017\\\/01\\\/logo-fit360.png\",\"contentUrl\":\"https:\\\/\\\/fit360.ee\\\/wp-content\\\/uploads\\\/2017\\\/01\\\/logo-fit360.png\",\"width\":180,\"height\":66,\"caption\":\"Fit360\"},\"image\":{\"@id\":\"https:\\\/\\\/fit360.ee\\\/en\\\/#\\\/schema\\\/logo\\\/image\\\/\"}}]}<\/script>\n<!-- \/ Yoast SEO plugin. -->","yoast_head_json":{"title":"Resveratrol 200mg (100caps) - Reveratrool - T\u00f5hus toime - Parim Hind - Fit360","description":"Resveratrool toetab tervet s\u00fcdamefunktsiooni, aidates s\u00e4ilitada normaalset verer\u00f5hku ja parandades vereringet. Samuti aitab see kaasa parema raku tervis...","robots":{"index":"index","follow":"follow","max-snippet":"max-snippet:-1","max-image-preview":"max-image-preview:large","max-video-preview":"max-video-preview:-1"},"canonical":"https:\/\/fit360.ee\/en\/pood\/product-groups\/\u0432\u0435\u0433\u0430\u043d\/vegan-capsules-en\/resveratrol-200mg-100-caps\/","og_locale":"en_US","og_type":"article","og_title":"Resveratrol 200mg (100caps) - Reveratrool - T\u00f5hus toime - Parim Hind - Fit360","og_description":"Resveratrool toetab tervet s\u00fcdamefunktsiooni, aidates s\u00e4ilitada normaalset verer\u00f5hku ja parandades vereringet. Samuti aitab see kaasa parema raku tervis...","og_url":"https:\/\/fit360.ee\/en\/pood\/product-groups\/\u0432\u0435\u0433\u0430\u043d\/vegan-capsules-en\/resveratrol-200mg-100-caps\/","og_site_name":"Fit360","article_modified_time":"2025-08-13T05:36:11+00:00","og_image":[{"width":432,"height":432,"url":"https:\/\/fit360.ee\/wp-content\/uploads\/2025\/01\/evolite-resveratrool-fit360.ee_.jpg","type":"image\/jpeg"}],"twitter_card":"summary_large_image","twitter_misc":{"Est. reading time":"2 minutes"},"schema":{"@context":"https:\/\/schema.org","@graph":[{"@type":"WebPage","@id":"https:\/\/fit360.ee\/en\/pood\/product-groups\/%d0%b2%d0%b5%d0%b3%d0%b0%d0%bd\/vegan-capsules-en\/resveratrol-200mg-100-caps\/","url":"https:\/\/fit360.ee\/en\/pood\/product-groups\/%d0%b2%d0%b5%d0%b3%d0%b0%d0%bd\/vegan-capsules-en\/resveratrol-200mg-100-caps\/","name":"Resveratrol 200mg (100caps) - Reveratrool - T\u00f5hus toime - Parim Hind - Fit360","isPartOf":{"@id":"https:\/\/fit360.ee\/en\/#website"},"primaryImageOfPage":{"@id":"https:\/\/fit360.ee\/en\/pood\/product-groups\/%d0%b2%d0%b5%d0%b3%d0%b0%d0%bd\/vegan-capsules-en\/resveratrol-200mg-100-caps\/#primaryimage"},"image":{"@id":"https:\/\/fit360.ee\/en\/pood\/product-groups\/%d0%b2%d0%b5%d0%b3%d0%b0%d0%bd\/vegan-capsules-en\/resveratrol-200mg-100-caps\/#primaryimage"},"thumbnailUrl":"https:\/\/fit360.ee\/wp-content\/uploads\/2025\/01\/evolite-resveratrool-fit360.ee_.jpg","datePublished":"2025-01-19T09:51:04+00:00","dateModified":"2025-08-13T05:36:11+00:00","description":"Resveratrool toetab tervet s\u00fcdamefunktsiooni, aidates s\u00e4ilitada normaalset verer\u00f5hku ja parandades vereringet. Samuti aitab see kaasa parema raku tervis...","breadcrumb":{"@id":"https:\/\/fit360.ee\/en\/pood\/product-groups\/%d0%b2%d0%b5%d0%b3%d0%b0%d0%bd\/vegan-capsules-en\/resveratrol-200mg-100-caps\/#breadcrumb"},"inLanguage":"en-US","potentialAction":[{"@type":"ReadAction","target":["https:\/\/fit360.ee\/en\/pood\/product-groups\/%d0%b2%d0%b5%d0%b3%d0%b0%d0%bd\/vegan-capsules-en\/resveratrol-200mg-100-caps\/"]}]},{"@type":"ImageObject","inLanguage":"en-US","@id":"https:\/\/fit360.ee\/en\/pood\/product-groups\/%d0%b2%d0%b5%d0%b3%d0%b0%d0%bd\/vegan-capsules-en\/resveratrol-200mg-100-caps\/#primaryimage","url":"https:\/\/fit360.ee\/wp-content\/uploads\/2025\/01\/evolite-resveratrool-fit360.ee_.jpg","contentUrl":"https:\/\/fit360.ee\/wp-content\/uploads\/2025\/01\/evolite-resveratrool-fit360.ee_.jpg","width":432,"height":432,"caption":"evolite resveratrool - fit360.ee"},{"@type":"BreadcrumbList","@id":"https:\/\/fit360.ee\/en\/pood\/product-groups\/%d0%b2%d0%b5%d0%b3%d0%b0%d0%bd\/vegan-capsules-en\/resveratrol-200mg-100-caps\/#breadcrumb","itemListElement":[{"@type":"ListItem","position":1,"name":"Home","item":"https:\/\/fit360.ee\/en\/"},{"@type":"ListItem","position":2,"name":"Shop","item":"https:\/\/fit360.ee\/en\/shop\/"},{"@type":"ListItem","position":3,"name":"Resveratrol 200mg (100caps)"}]},{"@type":"WebSite","@id":"https:\/\/fit360.ee\/en\/#website","url":"https:\/\/fit360.ee\/en\/","name":"Fit360","description":"","publisher":{"@id":"https:\/\/fit360.ee\/en\/#organization"},"potentialAction":[{"@type":"SearchAction","target":{"@type":"EntryPoint","urlTemplate":"https:\/\/fit360.ee\/en\/?s={search_term_string}"},"query-input":{"@type":"PropertyValueSpecification","valueRequired":true,"valueName":"search_term_string"}}],"inLanguage":"en-US"},{"@type":"Organization","@id":"https:\/\/fit360.ee\/en\/#organization","name":"Fit360","url":"https:\/\/fit360.ee\/en\/","logo":{"@type":"ImageObject","inLanguage":"en-US","@id":"https:\/\/fit360.ee\/en\/#\/schema\/logo\/image\/","url":"https:\/\/fit360.ee\/wp-content\/uploads\/2017\/01\/logo-fit360.png","contentUrl":"https:\/\/fit360.ee\/wp-content\/uploads\/2017\/01\/logo-fit360.png","width":180,"height":66,"caption":"Fit360"},"image":{"@id":"https:\/\/fit360.ee\/en\/#\/schema\/logo\/image\/"}}]}},"_links":{"self":[{"href":"https:\/\/fit360.ee\/en\/wp-json\/wp\/v2\/product\/86004","targetHints":{"allow":["GET"]}}],"collection":[{"href":"https:\/\/fit360.ee\/en\/wp-json\/wp\/v2\/product"}],"about":[{"href":"https:\/\/fit360.ee\/en\/wp-json\/wp\/v2\/types\/product"}],"replies":[{"embeddable":true,"href":"https:\/\/fit360.ee\/en\/wp-json\/wp\/v2\/comments?post=86004"}],"wp:featuredmedia":[{"embeddable":true,"href":"https:\/\/fit360.ee\/en\/wp-json\/wp\/v2\/media\/86003"}],"wp:attachment":[{"href":"https:\/\/fit360.ee\/en\/wp-json\/wp\/v2\/media?parent=86004"}],"wp:term":[{"taxonomy":"product_brand","embeddable":true,"href":"https:\/\/fit360.ee\/en\/wp-json\/wp\/v2\/product_brand?post=86004"},{"taxonomy":"product_cat","embeddable":true,"href":"https:\/\/fit360.ee\/en\/wp-json\/wp\/v2\/product_cat?post=86004"},{"taxonomy":"product_tag","embeddable":true,"href":"https:\/\/fit360.ee\/en\/wp-json\/wp\/v2\/product_tag?post=86004"},{"taxonomy":"giftcard-category","embeddable":true,"href":"https:\/\/fit360.ee\/en\/wp-json\/wp\/v2\/giftcard-category?post=86004"}],"curies":[{"name":"wp","href":"https:\/\/api.w.org\/{rel}","templated":true}]}}