{"id":86010,"date":"2025-01-19T12:21:05","date_gmt":"2025-01-19T10:21:05","guid":{"rendered":"https:\/\/fit360.ee\/pood\/uncategorized\/shaker-300ml\/"},"modified":"2025-09-23T17:07:50","modified_gmt":"2025-09-23T15:07:50","slug":"shaker-300ml","status":"publish","type":"product","link":"https:\/\/fit360.ee\/en\/pood\/training-equipment-en\/drinking-bottles-en\/shaker-300ml\/","title":{"rendered":"Shaker (300ml)"},"content":{"rendered":"<h2><strong>Evolite Shaker<\/strong><\/h2>\n<p><strong>Evolite 300ml Shaker \u2013 Kompaktne ja mugav kaaslane<\/strong><br \/>\nEvolite 300ml shaker on ideaalne lahendus k\u00f5igile, kes hindavad praktilisust ja kvaliteeti. See kompaktne shaker on loodud tagama sujuva ja \u00fchtlase segunemise, olgu tegemist valgupulbri, BCAA, kreatiini v\u00f5i m\u00f5ne muu toidulisandiga. Kerge ja vastupidav disain muudab selle t\u00e4iuslikuks kaaslaseks treeningule, kontorisse v\u00f5i reisile.<\/p>\n<p>Shakeril on tugev sulguriga kork, mis v\u00e4listab lekked, ning segamise h\u00f5lbustamiseks varustatud s\u00f5elaga. See mahutab kuni 300 ml vedelikku \u2013 ideaalne kogus kiireks ja lihtsaks toidulisandite valmistamiseks igal ajal ja igas kohas.<\/p>\n<p><strong>Omadused:<\/strong><\/p>\n<ul>\n<li>Kompaktne ja kerge disain, mahutavus 300 ml<\/li>\n<li>Lekkevaba kork<\/li>\n<li>Integreeritud s\u00f5el \u00fchtlaseks ja t\u00fckivabaks segamiseks<\/li>\n<li>Vastupidav ja BPA-vaba plastik<\/li>\n<li>Sobib igap\u00e4evaseks kasutamiseks ja lihtsasti kaasaskantav<\/li>\n<li>Mugav puhastada ja sobib n\u00f5udepesumasinas pesemiseks<\/li>\n<li>Praktiline lahendus erinevate toidulisandite segamiseks<\/li>\n<li>Ideaalne treeningutele, reisidele ja kontorisse<\/li>\n<\/ul>\n<p><strong>Mahutavus<\/strong>: 300ml<\/p>\n<p><strong>V\u00e4rvus<\/strong>: Sinine; Roheline<\/p>\n<p>Vaata ka meie Teisi Joogipudeleid <a href=\"https:\/\/fit360.ee\/en\/product-category\/training-equipment-en\/drinking-bottles-en\/\"><strong>SIIT<\/strong><\/a> v\u00f5i Shakereid <a href=\"https:\/\/fit360.ee\/en\/product-category\/training-equipment-en\/shakers-en\/\"><strong>SIIT<\/strong><\/a>!<\/p>\n<p>Soovid kaupa osta suuremas koguses? Vaata antud toodet ka meie HULGI poest\u00a0<a href=\"https:\/\/toidulisandidhulgi.ee\/tooted\/shaker-300ml\/\"><strong>SIIT<\/strong><\/a>!<\/p>\n","protected":false},"excerpt":{"rendered":"<ul>\n<li>Kompaktne ja kerge disain, mahutavus 300 ml<\/li>\n<li>Lekkevaba kork<\/li>\n<li>Integreeritud s\u00f5el \u00fchtlaseks ja t\u00fckivabaks segamiseks<\/li>\n<li>Vastupidav ja BPA-vaba plastik<\/li>\n<li>Sobib igap\u00e4evaseks kasutamiseks ja lihtsasti kaasaskantav<\/li>\n<li>Mugav puhastada ja sobib n\u00f5udepesumasinas pesemiseks<\/li>\n<li>Praktiline lahendus erinevate toidulisandite segamiseks<\/li>\n<li>Ideaalne treeningutele, reisidele ja kontorisse<\/li>\n<\/ul>\n","protected":false},"featured_media":86007,"comment_status":"open","ping_status":"closed","template":"","meta":[],"product_brand":[],"product_cat":[540,551],"product_tag":[5502,1865,5503],"giftcard-category":[],"class_list":{"0":"post-86010","1":"product","2":"type-product","3":"status-publish","4":"has-post-thumbnail","6":"product_cat-drinking-bottles-en","7":"product_cat-shakers-en","8":"product_tag-evolite-shaker-en","9":"product_tag-shaker-en","10":"product_tag-shaker-300ml-en","11":"pa_toidulisand-branddd-evolite","12":"pa_varustus-drinking-bottles","13":"pa_varustus-shakers","14":"pa_varvus-blue","15":"pa_varvus-green","17":"first","18":"outofstock","19":"sale","20":"taxable","21":"shipping-taxable","22":"purchasable","23":"product-type-variable"},"yoast_head":"<!-- This site is optimized with the Yoast SEO plugin v27.3 - https:\/\/yoast.com\/product\/yoast-seo-wordpress\/ -->\n<title>Shaker (300ml) - Korgiga \u0160eiker\/joogipudel - Suurep\u00e4rane Hind - Fit360<\/title>\n<meta name=\"description\" content=\"Evolite 300ml shaker on ideaalne lahendus k\u00f5igile, kes hindavad praktilisust ja kvaliteeti. See kompaktne shaker on loodud tagama sujuva ja \u00fchtlase segun...\" \/>\n<meta name=\"robots\" content=\"index, follow, max-snippet:-1, max-image-preview:large, max-video-preview:-1\" \/>\n<link rel=\"canonical\" href=\"https:\/\/fit360.ee\/en\/pood\/training-equipment-en\/drinking-bottles-en\/shaker-300ml\/\" \/>\n<meta property=\"og:locale\" content=\"en_US\" \/>\n<meta property=\"og:type\" content=\"article\" \/>\n<meta property=\"og:title\" content=\"Shaker (300ml) - Korgiga \u0160eiker\/joogipudel - Suurep\u00e4rane Hind - Fit360\" \/>\n<meta property=\"og:description\" content=\"Evolite 300ml shaker on ideaalne lahendus k\u00f5igile, kes hindavad praktilisust ja kvaliteeti. See kompaktne shaker on loodud tagama sujuva ja \u00fchtlase segun...\" \/>\n<meta property=\"og:url\" content=\"https:\/\/fit360.ee\/en\/pood\/training-equipment-en\/drinking-bottles-en\/shaker-300ml\/\" \/>\n<meta property=\"og:site_name\" content=\"Fit360\" \/>\n<meta property=\"article:modified_time\" content=\"2025-09-23T15:07:50+00:00\" \/>\n<meta property=\"og:image\" content=\"https:\/\/fit360.ee\/wp-content\/uploads\/2025\/01\/shaker-300ml-fit360.ee_.jpg\" \/>\n\t<meta property=\"og:image:width\" content=\"500\" \/>\n\t<meta property=\"og:image:height\" content=\"500\" \/>\n\t<meta property=\"og:image:type\" content=\"image\/jpeg\" \/>\n<meta name=\"twitter:card\" content=\"summary_large_image\" \/>\n<meta name=\"twitter:label1\" content=\"Est. reading time\" \/>\n\t<meta name=\"twitter:data1\" content=\"1 minute\" \/>\n<script type=\"application\/ld+json\" class=\"yoast-schema-graph\">{\"@context\":\"https:\\\/\\\/schema.org\",\"@graph\":[{\"@type\":\"WebPage\",\"@id\":\"https:\\\/\\\/fit360.ee\\\/en\\\/pood\\\/training-equipment-en\\\/drinking-bottles-en\\\/shaker-300ml\\\/\",\"url\":\"https:\\\/\\\/fit360.ee\\\/en\\\/pood\\\/training-equipment-en\\\/drinking-bottles-en\\\/shaker-300ml\\\/\",\"name\":\"Shaker (300ml) - Korgiga \u0160eiker\\\/joogipudel - Suurep\u00e4rane Hind - Fit360\",\"isPartOf\":{\"@id\":\"https:\\\/\\\/fit360.ee\\\/en\\\/#website\"},\"primaryImageOfPage\":{\"@id\":\"https:\\\/\\\/fit360.ee\\\/en\\\/pood\\\/training-equipment-en\\\/drinking-bottles-en\\\/shaker-300ml\\\/#primaryimage\"},\"image\":{\"@id\":\"https:\\\/\\\/fit360.ee\\\/en\\\/pood\\\/training-equipment-en\\\/drinking-bottles-en\\\/shaker-300ml\\\/#primaryimage\"},\"thumbnailUrl\":\"https:\\\/\\\/fit360.ee\\\/wp-content\\\/uploads\\\/2025\\\/01\\\/shaker-300ml-fit360.ee_.jpg\",\"datePublished\":\"2025-01-19T10:21:05+00:00\",\"dateModified\":\"2025-09-23T15:07:50+00:00\",\"description\":\"Evolite 300ml shaker on ideaalne lahendus k\u00f5igile, kes hindavad praktilisust ja kvaliteeti. See kompaktne shaker on loodud tagama sujuva ja \u00fchtlase segun...\",\"breadcrumb\":{\"@id\":\"https:\\\/\\\/fit360.ee\\\/en\\\/pood\\\/training-equipment-en\\\/drinking-bottles-en\\\/shaker-300ml\\\/#breadcrumb\"},\"inLanguage\":\"en-US\",\"potentialAction\":[{\"@type\":\"ReadAction\",\"target\":[\"https:\\\/\\\/fit360.ee\\\/en\\\/pood\\\/training-equipment-en\\\/drinking-bottles-en\\\/shaker-300ml\\\/\"]}]},{\"@type\":\"ImageObject\",\"inLanguage\":\"en-US\",\"@id\":\"https:\\\/\\\/fit360.ee\\\/en\\\/pood\\\/training-equipment-en\\\/drinking-bottles-en\\\/shaker-300ml\\\/#primaryimage\",\"url\":\"https:\\\/\\\/fit360.ee\\\/wp-content\\\/uploads\\\/2025\\\/01\\\/shaker-300ml-fit360.ee_.jpg\",\"contentUrl\":\"https:\\\/\\\/fit360.ee\\\/wp-content\\\/uploads\\\/2025\\\/01\\\/shaker-300ml-fit360.ee_.jpg\",\"width\":500,\"height\":500,\"caption\":\"shaker 300ml - fit360.ee\"},{\"@type\":\"BreadcrumbList\",\"@id\":\"https:\\\/\\\/fit360.ee\\\/en\\\/pood\\\/training-equipment-en\\\/drinking-bottles-en\\\/shaker-300ml\\\/#breadcrumb\",\"itemListElement\":[{\"@type\":\"ListItem\",\"position\":1,\"name\":\"Home\",\"item\":\"https:\\\/\\\/fit360.ee\\\/en\\\/\"},{\"@type\":\"ListItem\",\"position\":2,\"name\":\"Shop\",\"item\":\"https:\\\/\\\/fit360.ee\\\/en\\\/shop\\\/\"},{\"@type\":\"ListItem\",\"position\":3,\"name\":\"Shaker (300ml)\"}]},{\"@type\":\"WebSite\",\"@id\":\"https:\\\/\\\/fit360.ee\\\/en\\\/#website\",\"url\":\"https:\\\/\\\/fit360.ee\\\/en\\\/\",\"name\":\"Fit360\",\"description\":\"\",\"publisher\":{\"@id\":\"https:\\\/\\\/fit360.ee\\\/en\\\/#organization\"},\"potentialAction\":[{\"@type\":\"SearchAction\",\"target\":{\"@type\":\"EntryPoint\",\"urlTemplate\":\"https:\\\/\\\/fit360.ee\\\/en\\\/?s={search_term_string}\"},\"query-input\":{\"@type\":\"PropertyValueSpecification\",\"valueRequired\":true,\"valueName\":\"search_term_string\"}}],\"inLanguage\":\"en-US\"},{\"@type\":\"Organization\",\"@id\":\"https:\\\/\\\/fit360.ee\\\/en\\\/#organization\",\"name\":\"Fit360\",\"url\":\"https:\\\/\\\/fit360.ee\\\/en\\\/\",\"logo\":{\"@type\":\"ImageObject\",\"inLanguage\":\"en-US\",\"@id\":\"https:\\\/\\\/fit360.ee\\\/en\\\/#\\\/schema\\\/logo\\\/image\\\/\",\"url\":\"https:\\\/\\\/fit360.ee\\\/wp-content\\\/uploads\\\/2017\\\/01\\\/logo-fit360.png\",\"contentUrl\":\"https:\\\/\\\/fit360.ee\\\/wp-content\\\/uploads\\\/2017\\\/01\\\/logo-fit360.png\",\"width\":180,\"height\":66,\"caption\":\"Fit360\"},\"image\":{\"@id\":\"https:\\\/\\\/fit360.ee\\\/en\\\/#\\\/schema\\\/logo\\\/image\\\/\"}}]}<\/script>\n<!-- \/ Yoast SEO plugin. -->","yoast_head_json":{"title":"Shaker (300ml) - Korgiga \u0160eiker\/joogipudel - Suurep\u00e4rane Hind - Fit360","description":"Evolite 300ml shaker on ideaalne lahendus k\u00f5igile, kes hindavad praktilisust ja kvaliteeti. See kompaktne shaker on loodud tagama sujuva ja \u00fchtlase segun...","robots":{"index":"index","follow":"follow","max-snippet":"max-snippet:-1","max-image-preview":"max-image-preview:large","max-video-preview":"max-video-preview:-1"},"canonical":"https:\/\/fit360.ee\/en\/pood\/training-equipment-en\/drinking-bottles-en\/shaker-300ml\/","og_locale":"en_US","og_type":"article","og_title":"Shaker (300ml) - Korgiga \u0160eiker\/joogipudel - Suurep\u00e4rane Hind - Fit360","og_description":"Evolite 300ml shaker on ideaalne lahendus k\u00f5igile, kes hindavad praktilisust ja kvaliteeti. See kompaktne shaker on loodud tagama sujuva ja \u00fchtlase segun...","og_url":"https:\/\/fit360.ee\/en\/pood\/training-equipment-en\/drinking-bottles-en\/shaker-300ml\/","og_site_name":"Fit360","article_modified_time":"2025-09-23T15:07:50+00:00","og_image":[{"width":500,"height":500,"url":"https:\/\/fit360.ee\/wp-content\/uploads\/2025\/01\/shaker-300ml-fit360.ee_.jpg","type":"image\/jpeg"}],"twitter_card":"summary_large_image","twitter_misc":{"Est. reading time":"1 minute"},"schema":{"@context":"https:\/\/schema.org","@graph":[{"@type":"WebPage","@id":"https:\/\/fit360.ee\/en\/pood\/training-equipment-en\/drinking-bottles-en\/shaker-300ml\/","url":"https:\/\/fit360.ee\/en\/pood\/training-equipment-en\/drinking-bottles-en\/shaker-300ml\/","name":"Shaker (300ml) - Korgiga \u0160eiker\/joogipudel - Suurep\u00e4rane Hind - Fit360","isPartOf":{"@id":"https:\/\/fit360.ee\/en\/#website"},"primaryImageOfPage":{"@id":"https:\/\/fit360.ee\/en\/pood\/training-equipment-en\/drinking-bottles-en\/shaker-300ml\/#primaryimage"},"image":{"@id":"https:\/\/fit360.ee\/en\/pood\/training-equipment-en\/drinking-bottles-en\/shaker-300ml\/#primaryimage"},"thumbnailUrl":"https:\/\/fit360.ee\/wp-content\/uploads\/2025\/01\/shaker-300ml-fit360.ee_.jpg","datePublished":"2025-01-19T10:21:05+00:00","dateModified":"2025-09-23T15:07:50+00:00","description":"Evolite 300ml shaker on ideaalne lahendus k\u00f5igile, kes hindavad praktilisust ja kvaliteeti. See kompaktne shaker on loodud tagama sujuva ja \u00fchtlase segun...","breadcrumb":{"@id":"https:\/\/fit360.ee\/en\/pood\/training-equipment-en\/drinking-bottles-en\/shaker-300ml\/#breadcrumb"},"inLanguage":"en-US","potentialAction":[{"@type":"ReadAction","target":["https:\/\/fit360.ee\/en\/pood\/training-equipment-en\/drinking-bottles-en\/shaker-300ml\/"]}]},{"@type":"ImageObject","inLanguage":"en-US","@id":"https:\/\/fit360.ee\/en\/pood\/training-equipment-en\/drinking-bottles-en\/shaker-300ml\/#primaryimage","url":"https:\/\/fit360.ee\/wp-content\/uploads\/2025\/01\/shaker-300ml-fit360.ee_.jpg","contentUrl":"https:\/\/fit360.ee\/wp-content\/uploads\/2025\/01\/shaker-300ml-fit360.ee_.jpg","width":500,"height":500,"caption":"shaker 300ml - fit360.ee"},{"@type":"BreadcrumbList","@id":"https:\/\/fit360.ee\/en\/pood\/training-equipment-en\/drinking-bottles-en\/shaker-300ml\/#breadcrumb","itemListElement":[{"@type":"ListItem","position":1,"name":"Home","item":"https:\/\/fit360.ee\/en\/"},{"@type":"ListItem","position":2,"name":"Shop","item":"https:\/\/fit360.ee\/en\/shop\/"},{"@type":"ListItem","position":3,"name":"Shaker (300ml)"}]},{"@type":"WebSite","@id":"https:\/\/fit360.ee\/en\/#website","url":"https:\/\/fit360.ee\/en\/","name":"Fit360","description":"","publisher":{"@id":"https:\/\/fit360.ee\/en\/#organization"},"potentialAction":[{"@type":"SearchAction","target":{"@type":"EntryPoint","urlTemplate":"https:\/\/fit360.ee\/en\/?s={search_term_string}"},"query-input":{"@type":"PropertyValueSpecification","valueRequired":true,"valueName":"search_term_string"}}],"inLanguage":"en-US"},{"@type":"Organization","@id":"https:\/\/fit360.ee\/en\/#organization","name":"Fit360","url":"https:\/\/fit360.ee\/en\/","logo":{"@type":"ImageObject","inLanguage":"en-US","@id":"https:\/\/fit360.ee\/en\/#\/schema\/logo\/image\/","url":"https:\/\/fit360.ee\/wp-content\/uploads\/2017\/01\/logo-fit360.png","contentUrl":"https:\/\/fit360.ee\/wp-content\/uploads\/2017\/01\/logo-fit360.png","width":180,"height":66,"caption":"Fit360"},"image":{"@id":"https:\/\/fit360.ee\/en\/#\/schema\/logo\/image\/"}}]}},"_links":{"self":[{"href":"https:\/\/fit360.ee\/en\/wp-json\/wp\/v2\/product\/86010","targetHints":{"allow":["GET"]}}],"collection":[{"href":"https:\/\/fit360.ee\/en\/wp-json\/wp\/v2\/product"}],"about":[{"href":"https:\/\/fit360.ee\/en\/wp-json\/wp\/v2\/types\/product"}],"replies":[{"embeddable":true,"href":"https:\/\/fit360.ee\/en\/wp-json\/wp\/v2\/comments?post=86010"}],"wp:featuredmedia":[{"embeddable":true,"href":"https:\/\/fit360.ee\/en\/wp-json\/wp\/v2\/media\/86007"}],"wp:attachment":[{"href":"https:\/\/fit360.ee\/en\/wp-json\/wp\/v2\/media?parent=86010"}],"wp:term":[{"taxonomy":"product_brand","embeddable":true,"href":"https:\/\/fit360.ee\/en\/wp-json\/wp\/v2\/product_brand?post=86010"},{"taxonomy":"product_cat","embeddable":true,"href":"https:\/\/fit360.ee\/en\/wp-json\/wp\/v2\/product_cat?post=86010"},{"taxonomy":"product_tag","embeddable":true,"href":"https:\/\/fit360.ee\/en\/wp-json\/wp\/v2\/product_tag?post=86010"},{"taxonomy":"giftcard-category","embeddable":true,"href":"https:\/\/fit360.ee\/en\/wp-json\/wp\/v2\/giftcard-category?post=86010"}],"curies":[{"name":"wp","href":"https:\/\/api.w.org\/{rel}","templated":true}]}}