{"id":86125,"date":"2025-01-24T13:21:16","date_gmt":"2025-01-24T11:21:16","guid":{"rendered":"https:\/\/fit360.ee\/pood\/uncategorized\/smelling-salts-strongest\/"},"modified":"2025-08-13T07:37:17","modified_gmt":"2025-08-13T05:37:17","slug":"smelling-salts-strongest","status":"publish","type":"product","link":"https:\/\/fit360.ee\/en\/pood\/training-equipment-en\/other-products-en\/smelling-salts-strongest\/","title":{"rendered":"Smelling Salts &#8211; Strongest"},"content":{"rendered":"<h2><strong>Smelling Salts Strongest<\/strong><\/h2>\n<p>Muutke oma treeningud v\u00f5imasamaks ja purustage uusi rekordeid \u00fche meie metsikult l\u00f5hnava soola abil &#8211; <strong>Smelling Salts Strongest<\/strong>.<\/p>\n<p>Meie maailma tugevaima l\u00f5hnaga soolad, mis on k\u00f5rgeima taseme valem. Neid <strong>\u00a0EI\u00a0<\/strong><strong>TOHI<\/strong>\u00a0kasutada algajad! Iga\u00fcks\u00a0peaks alustama meie\u00a0<a title=\"Eddie Hall Beast Strong Smelling Salts\" href=\"https:\/\/fit360.ee\/en\/pood\/training-equipment-en\/other-products-en\/alpha-beast-smelling-salts-stronger\/\">tugeva l\u00f5hnaga sooladest,<\/a> et hinnata oma taluvust ja seej\u00e4rel liikuda edasi tugevama l\u00f5hnaga soolade toote juurde, kui oled enesekindel. Alles siis olete valmis maailma tugevaima l\u00f5hnaga soolade jaoks!<\/p>\n<p>Pikaealisuse Soola l\u00f5hna s\u00e4ilimise pikendamiseks keerake kaas kohe p\u00e4rast kasutamist tagasi peale<\/p>\n<p>Hoida temperatuuril 8\u201320 kraadi Celsiuse j\u00e4rgi.<\/p>\n<p>Olge ettevaatlik, need on V\u00c4GA tugevad. <strong>KASUTAGE HOOLSALT!<\/strong><\/p>\n<p>Pange t\u00e4hele &#8211; ammoniaak v\u00f5ib m\u00f5nikord purgist aeglaselt v\u00e4lja imbuda, see ei anna p\u00f5hjust muretsemiseks On oluline, et purgid oleksid valmistatud nii, et v\u00e4ltida \u00fcler\u00f5hu tekkimist mahuti sees. Arvestage seda nende ladustamiskoha valimisel ja hoidke neid alati p\u00fcstises asendis.<\/p>\n<p><a href=\"https:\/\/fit360.ee\/wp-content\/uploads\/2025\/01\/smelling-salts-strongest-fit360.ee-1-800x800.jpg\"><img loading=\"lazy\" decoding=\"async\" class=\"size-medium wp-image-86121\" src=\"https:\/\/fit360.ee\/wp-content\/uploads\/2025\/01\/smelling-salts-strongest-fit360.ee-1-800x800.jpg\" alt=\"smelling salts strongest - fit360.ee\" width=\"800\" height=\"800\" srcset=\"https:\/\/fit360.ee\/wp-content\/uploads\/2025\/01\/smelling-salts-strongest-fit360.ee-1-800x800.jpg 800w, https:\/\/fit360.ee\/wp-content\/uploads\/2025\/01\/smelling-salts-strongest-fit360.ee-1-1600x1600.jpg 1600w, https:\/\/fit360.ee\/wp-content\/uploads\/2025\/01\/smelling-salts-strongest-fit360.ee-1-340x340.jpg 340w, https:\/\/fit360.ee\/wp-content\/uploads\/2025\/01\/smelling-salts-strongest-fit360.ee-1-768x768.jpg 768w, https:\/\/fit360.ee\/wp-content\/uploads\/2025\/01\/smelling-salts-strongest-fit360.ee-1-1536x1536.jpg 1536w, https:\/\/fit360.ee\/wp-content\/uploads\/2025\/01\/smelling-salts-strongest-fit360.ee-1-247x247.jpg 247w, https:\/\/fit360.ee\/wp-content\/uploads\/2025\/01\/smelling-salts-strongest-fit360.ee-1-510x510.jpg 510w, https:\/\/fit360.ee\/wp-content\/uploads\/2025\/01\/smelling-salts-strongest-fit360.ee-1-100x100.jpg 100w, https:\/\/fit360.ee\/wp-content\/uploads\/2025\/01\/smelling-salts-strongest-fit360.ee-1.jpg 2000w\" sizes=\"auto, (max-width: 800px) 100vw, 800px\" \/><\/a><\/p>\n<p>&nbsp;<\/p>\n<p>Vaata ka meie teisi Treeningvarustuse tooteid <a href=\"https:\/\/fit360.ee\/en\/product-category\/training-equipment-en\/\"><strong>SIIT<\/strong><\/a>!<\/p>\n<p>Soovid osta suuremas koguses? Vaata antud toodet ka meie HULGI lehelt\u00a0<a href=\"https:\/\/toidulisandidhulgi.ee\/tooted\/smelling-salts-strongest\/\"><strong>SIIT<\/strong><\/a>!<\/p>\n","protected":false},"excerpt":{"rendered":"<p><strong>Olge ettevaatlik, toode on V\u00c4GA TUGEVA TOIMEGA. KASUTAGE SUURE HOOLSUSEGA! Kasutamine toimub omal vastutusel!<\/strong><\/p>\n","protected":false},"featured_media":86124,"comment_status":"open","ping_status":"closed","template":"","meta":[],"product_brand":[],"product_cat":[1204,538],"product_tag":[5510,4951,5511],"giftcard-category":[],"class_list":{"0":"post-86125","1":"product","2":"type-product","3":"status-publish","4":"has-post-thumbnail","6":"product_cat-other-products-en","7":"product_cat-training-equipment-en","8":"product_tag-alpha-deisgn-en","9":"product_tag-smelling-salts-en","10":"product_tag-smelling-salts-strongest-en","11":"pa_brand-fit360-ee-en","12":"pa_varustus-muu-en","13":"pa_varustus-muud-en","15":"first","16":"outofstock","17":"sale","18":"taxable","19":"shipping-taxable","20":"purchasable","21":"product-type-simple"},"yoast_head":"<!-- This site is optimized with the Yoast SEO plugin v27.3 - https:\/\/yoast.com\/product\/yoast-seo-wordpress\/ -->\n<title>Smelling Salts - Strongest - \u00dclikange l\u00f5hnasool - Tarbida ettevaatlikult - Fit360<\/title>\n<meta name=\"description\" content=\"Smelling Salts strongest on maailma tugevaima l\u00f5hnaga soolad, mis on meie k\u00f5rgeima taseme valem ja neid\u00a0\u00a0EI\u00a0TOHI\u00a0kasutada algajad! Iga\u00fcks\u00a0peaks alustama...\" \/>\n<meta name=\"robots\" content=\"index, follow, max-snippet:-1, max-image-preview:large, max-video-preview:-1\" \/>\n<link rel=\"canonical\" href=\"https:\/\/fit360.ee\/en\/pood\/training-equipment-en\/other-products-en\/smelling-salts-strongest\/\" \/>\n<meta property=\"og:locale\" content=\"en_US\" \/>\n<meta property=\"og:type\" content=\"article\" \/>\n<meta property=\"og:title\" content=\"Smelling Salts - Strongest - \u00dclikange l\u00f5hnasool - Tarbida ettevaatlikult - Fit360\" \/>\n<meta property=\"og:description\" content=\"Smelling Salts strongest on maailma tugevaima l\u00f5hnaga soolad, mis on meie k\u00f5rgeima taseme valem ja neid\u00a0\u00a0EI\u00a0TOHI\u00a0kasutada algajad! Iga\u00fcks\u00a0peaks alustama...\" \/>\n<meta property=\"og:url\" content=\"https:\/\/fit360.ee\/en\/pood\/training-equipment-en\/other-products-en\/smelling-salts-strongest\/\" \/>\n<meta property=\"og:site_name\" content=\"Fit360\" \/>\n<meta property=\"article:modified_time\" content=\"2025-08-13T05:37:17+00:00\" \/>\n<meta property=\"og:image\" content=\"https:\/\/fit360.ee\/wp-content\/uploads\/2025\/01\/alpha-smelling-salts-strongest-fit360.ee_.jpg\" \/>\n\t<meta property=\"og:image:width\" content=\"960\" \/>\n\t<meta property=\"og:image:height\" content=\"960\" \/>\n\t<meta property=\"og:image:type\" content=\"image\/jpeg\" \/>\n<meta name=\"twitter:card\" content=\"summary_large_image\" \/>\n<meta name=\"twitter:label1\" content=\"Est. reading time\" \/>\n\t<meta name=\"twitter:data1\" content=\"2 minutes\" \/>\n<script type=\"application\/ld+json\" class=\"yoast-schema-graph\">{\"@context\":\"https:\\\/\\\/schema.org\",\"@graph\":[{\"@type\":\"WebPage\",\"@id\":\"https:\\\/\\\/fit360.ee\\\/en\\\/pood\\\/training-equipment-en\\\/other-products-en\\\/smelling-salts-strongest\\\/\",\"url\":\"https:\\\/\\\/fit360.ee\\\/en\\\/pood\\\/training-equipment-en\\\/other-products-en\\\/smelling-salts-strongest\\\/\",\"name\":\"Smelling Salts - Strongest - \u00dclikange l\u00f5hnasool - Tarbida ettevaatlikult - Fit360\",\"isPartOf\":{\"@id\":\"https:\\\/\\\/fit360.ee\\\/en\\\/#website\"},\"primaryImageOfPage\":{\"@id\":\"https:\\\/\\\/fit360.ee\\\/en\\\/pood\\\/training-equipment-en\\\/other-products-en\\\/smelling-salts-strongest\\\/#primaryimage\"},\"image\":{\"@id\":\"https:\\\/\\\/fit360.ee\\\/en\\\/pood\\\/training-equipment-en\\\/other-products-en\\\/smelling-salts-strongest\\\/#primaryimage\"},\"thumbnailUrl\":\"https:\\\/\\\/fit360.ee\\\/wp-content\\\/uploads\\\/2025\\\/01\\\/alpha-smelling-salts-strongest-fit360.ee_.jpg\",\"datePublished\":\"2025-01-24T11:21:16+00:00\",\"dateModified\":\"2025-08-13T05:37:17+00:00\",\"description\":\"Smelling Salts strongest on maailma tugevaima l\u00f5hnaga soolad, mis on meie k\u00f5rgeima taseme valem ja neid\u00a0\u00a0EI\u00a0TOHI\u00a0kasutada algajad! Iga\u00fcks\u00a0peaks alustama...\",\"breadcrumb\":{\"@id\":\"https:\\\/\\\/fit360.ee\\\/en\\\/pood\\\/training-equipment-en\\\/other-products-en\\\/smelling-salts-strongest\\\/#breadcrumb\"},\"inLanguage\":\"en-US\",\"potentialAction\":[{\"@type\":\"ReadAction\",\"target\":[\"https:\\\/\\\/fit360.ee\\\/en\\\/pood\\\/training-equipment-en\\\/other-products-en\\\/smelling-salts-strongest\\\/\"]}]},{\"@type\":\"ImageObject\",\"inLanguage\":\"en-US\",\"@id\":\"https:\\\/\\\/fit360.ee\\\/en\\\/pood\\\/training-equipment-en\\\/other-products-en\\\/smelling-salts-strongest\\\/#primaryimage\",\"url\":\"https:\\\/\\\/fit360.ee\\\/wp-content\\\/uploads\\\/2025\\\/01\\\/alpha-smelling-salts-strongest-fit360.ee_.jpg\",\"contentUrl\":\"https:\\\/\\\/fit360.ee\\\/wp-content\\\/uploads\\\/2025\\\/01\\\/alpha-smelling-salts-strongest-fit360.ee_.jpg\",\"width\":960,\"height\":960,\"caption\":\"alpha smelling salts strongest - fit360.ee\"},{\"@type\":\"BreadcrumbList\",\"@id\":\"https:\\\/\\\/fit360.ee\\\/en\\\/pood\\\/training-equipment-en\\\/other-products-en\\\/smelling-salts-strongest\\\/#breadcrumb\",\"itemListElement\":[{\"@type\":\"ListItem\",\"position\":1,\"name\":\"Home\",\"item\":\"https:\\\/\\\/fit360.ee\\\/en\\\/\"},{\"@type\":\"ListItem\",\"position\":2,\"name\":\"Shop\",\"item\":\"https:\\\/\\\/fit360.ee\\\/en\\\/shop\\\/\"},{\"@type\":\"ListItem\",\"position\":3,\"name\":\"Smelling Salts &#8211; Strongest\"}]},{\"@type\":\"WebSite\",\"@id\":\"https:\\\/\\\/fit360.ee\\\/en\\\/#website\",\"url\":\"https:\\\/\\\/fit360.ee\\\/en\\\/\",\"name\":\"Fit360\",\"description\":\"\",\"publisher\":{\"@id\":\"https:\\\/\\\/fit360.ee\\\/en\\\/#organization\"},\"potentialAction\":[{\"@type\":\"SearchAction\",\"target\":{\"@type\":\"EntryPoint\",\"urlTemplate\":\"https:\\\/\\\/fit360.ee\\\/en\\\/?s={search_term_string}\"},\"query-input\":{\"@type\":\"PropertyValueSpecification\",\"valueRequired\":true,\"valueName\":\"search_term_string\"}}],\"inLanguage\":\"en-US\"},{\"@type\":\"Organization\",\"@id\":\"https:\\\/\\\/fit360.ee\\\/en\\\/#organization\",\"name\":\"Fit360\",\"url\":\"https:\\\/\\\/fit360.ee\\\/en\\\/\",\"logo\":{\"@type\":\"ImageObject\",\"inLanguage\":\"en-US\",\"@id\":\"https:\\\/\\\/fit360.ee\\\/en\\\/#\\\/schema\\\/logo\\\/image\\\/\",\"url\":\"https:\\\/\\\/fit360.ee\\\/wp-content\\\/uploads\\\/2017\\\/01\\\/logo-fit360.png\",\"contentUrl\":\"https:\\\/\\\/fit360.ee\\\/wp-content\\\/uploads\\\/2017\\\/01\\\/logo-fit360.png\",\"width\":180,\"height\":66,\"caption\":\"Fit360\"},\"image\":{\"@id\":\"https:\\\/\\\/fit360.ee\\\/en\\\/#\\\/schema\\\/logo\\\/image\\\/\"}}]}<\/script>\n<!-- \/ Yoast SEO plugin. -->","yoast_head_json":{"title":"Smelling Salts - Strongest - \u00dclikange l\u00f5hnasool - Tarbida ettevaatlikult - Fit360","description":"Smelling Salts strongest on maailma tugevaima l\u00f5hnaga soolad, mis on meie k\u00f5rgeima taseme valem ja neid\u00a0\u00a0EI\u00a0TOHI\u00a0kasutada algajad! Iga\u00fcks\u00a0peaks alustama...","robots":{"index":"index","follow":"follow","max-snippet":"max-snippet:-1","max-image-preview":"max-image-preview:large","max-video-preview":"max-video-preview:-1"},"canonical":"https:\/\/fit360.ee\/en\/pood\/training-equipment-en\/other-products-en\/smelling-salts-strongest\/","og_locale":"en_US","og_type":"article","og_title":"Smelling Salts - Strongest - \u00dclikange l\u00f5hnasool - Tarbida ettevaatlikult - Fit360","og_description":"Smelling Salts strongest on maailma tugevaima l\u00f5hnaga soolad, mis on meie k\u00f5rgeima taseme valem ja neid\u00a0\u00a0EI\u00a0TOHI\u00a0kasutada algajad! Iga\u00fcks\u00a0peaks alustama...","og_url":"https:\/\/fit360.ee\/en\/pood\/training-equipment-en\/other-products-en\/smelling-salts-strongest\/","og_site_name":"Fit360","article_modified_time":"2025-08-13T05:37:17+00:00","og_image":[{"width":960,"height":960,"url":"https:\/\/fit360.ee\/wp-content\/uploads\/2025\/01\/alpha-smelling-salts-strongest-fit360.ee_.jpg","type":"image\/jpeg"}],"twitter_card":"summary_large_image","twitter_misc":{"Est. reading time":"2 minutes"},"schema":{"@context":"https:\/\/schema.org","@graph":[{"@type":"WebPage","@id":"https:\/\/fit360.ee\/en\/pood\/training-equipment-en\/other-products-en\/smelling-salts-strongest\/","url":"https:\/\/fit360.ee\/en\/pood\/training-equipment-en\/other-products-en\/smelling-salts-strongest\/","name":"Smelling Salts - Strongest - \u00dclikange l\u00f5hnasool - Tarbida ettevaatlikult - Fit360","isPartOf":{"@id":"https:\/\/fit360.ee\/en\/#website"},"primaryImageOfPage":{"@id":"https:\/\/fit360.ee\/en\/pood\/training-equipment-en\/other-products-en\/smelling-salts-strongest\/#primaryimage"},"image":{"@id":"https:\/\/fit360.ee\/en\/pood\/training-equipment-en\/other-products-en\/smelling-salts-strongest\/#primaryimage"},"thumbnailUrl":"https:\/\/fit360.ee\/wp-content\/uploads\/2025\/01\/alpha-smelling-salts-strongest-fit360.ee_.jpg","datePublished":"2025-01-24T11:21:16+00:00","dateModified":"2025-08-13T05:37:17+00:00","description":"Smelling Salts strongest on maailma tugevaima l\u00f5hnaga soolad, mis on meie k\u00f5rgeima taseme valem ja neid\u00a0\u00a0EI\u00a0TOHI\u00a0kasutada algajad! Iga\u00fcks\u00a0peaks alustama...","breadcrumb":{"@id":"https:\/\/fit360.ee\/en\/pood\/training-equipment-en\/other-products-en\/smelling-salts-strongest\/#breadcrumb"},"inLanguage":"en-US","potentialAction":[{"@type":"ReadAction","target":["https:\/\/fit360.ee\/en\/pood\/training-equipment-en\/other-products-en\/smelling-salts-strongest\/"]}]},{"@type":"ImageObject","inLanguage":"en-US","@id":"https:\/\/fit360.ee\/en\/pood\/training-equipment-en\/other-products-en\/smelling-salts-strongest\/#primaryimage","url":"https:\/\/fit360.ee\/wp-content\/uploads\/2025\/01\/alpha-smelling-salts-strongest-fit360.ee_.jpg","contentUrl":"https:\/\/fit360.ee\/wp-content\/uploads\/2025\/01\/alpha-smelling-salts-strongest-fit360.ee_.jpg","width":960,"height":960,"caption":"alpha smelling salts strongest - fit360.ee"},{"@type":"BreadcrumbList","@id":"https:\/\/fit360.ee\/en\/pood\/training-equipment-en\/other-products-en\/smelling-salts-strongest\/#breadcrumb","itemListElement":[{"@type":"ListItem","position":1,"name":"Home","item":"https:\/\/fit360.ee\/en\/"},{"@type":"ListItem","position":2,"name":"Shop","item":"https:\/\/fit360.ee\/en\/shop\/"},{"@type":"ListItem","position":3,"name":"Smelling Salts &#8211; Strongest"}]},{"@type":"WebSite","@id":"https:\/\/fit360.ee\/en\/#website","url":"https:\/\/fit360.ee\/en\/","name":"Fit360","description":"","publisher":{"@id":"https:\/\/fit360.ee\/en\/#organization"},"potentialAction":[{"@type":"SearchAction","target":{"@type":"EntryPoint","urlTemplate":"https:\/\/fit360.ee\/en\/?s={search_term_string}"},"query-input":{"@type":"PropertyValueSpecification","valueRequired":true,"valueName":"search_term_string"}}],"inLanguage":"en-US"},{"@type":"Organization","@id":"https:\/\/fit360.ee\/en\/#organization","name":"Fit360","url":"https:\/\/fit360.ee\/en\/","logo":{"@type":"ImageObject","inLanguage":"en-US","@id":"https:\/\/fit360.ee\/en\/#\/schema\/logo\/image\/","url":"https:\/\/fit360.ee\/wp-content\/uploads\/2017\/01\/logo-fit360.png","contentUrl":"https:\/\/fit360.ee\/wp-content\/uploads\/2017\/01\/logo-fit360.png","width":180,"height":66,"caption":"Fit360"},"image":{"@id":"https:\/\/fit360.ee\/en\/#\/schema\/logo\/image\/"}}]}},"_links":{"self":[{"href":"https:\/\/fit360.ee\/en\/wp-json\/wp\/v2\/product\/86125","targetHints":{"allow":["GET"]}}],"collection":[{"href":"https:\/\/fit360.ee\/en\/wp-json\/wp\/v2\/product"}],"about":[{"href":"https:\/\/fit360.ee\/en\/wp-json\/wp\/v2\/types\/product"}],"replies":[{"embeddable":true,"href":"https:\/\/fit360.ee\/en\/wp-json\/wp\/v2\/comments?post=86125"}],"wp:featuredmedia":[{"embeddable":true,"href":"https:\/\/fit360.ee\/en\/wp-json\/wp\/v2\/media\/86124"}],"wp:attachment":[{"href":"https:\/\/fit360.ee\/en\/wp-json\/wp\/v2\/media?parent=86125"}],"wp:term":[{"taxonomy":"product_brand","embeddable":true,"href":"https:\/\/fit360.ee\/en\/wp-json\/wp\/v2\/product_brand?post=86125"},{"taxonomy":"product_cat","embeddable":true,"href":"https:\/\/fit360.ee\/en\/wp-json\/wp\/v2\/product_cat?post=86125"},{"taxonomy":"product_tag","embeddable":true,"href":"https:\/\/fit360.ee\/en\/wp-json\/wp\/v2\/product_tag?post=86125"},{"taxonomy":"giftcard-category","embeddable":true,"href":"https:\/\/fit360.ee\/en\/wp-json\/wp\/v2\/giftcard-category?post=86125"}],"curies":[{"name":"wp","href":"https:\/\/api.w.org\/{rel}","templated":true}]}}